{"id":258740,"date":"2025-10-28T17:18:17","date_gmt":"2025-10-28T16:18:17","guid":{"rendered":"https:\/\/www.csj-emballages.com\/produit\/asiento-inodoro-ecoline\/"},"modified":"2026-05-01T02:10:30","modified_gmt":"2026-05-01T00:10:30","slug":"asiento-inodoro-ecoline","status":"publish","type":"product","link":"https:\/\/www.csj-emballages.com\/es\/produit\/asiento-inodoro-ecoline\/","title":{"rendered":"Asiento inodoro Ecoline"},"content":{"rendered":"<h2>Asiento del inodoro<\/h2>\n<hr>\n<h3>Descripci\u00f3n de nuestro asiento de inodoro ecoline<\/h3>\n<p><!--more--><\/p>\n<p data-start=\"195\" data-end=\"579\">El<strong>asiento de inodoro<\/strong> <strong data-start=\"209\" data-end=\"220\">Ecoline<\/strong> va directo al grano: es pr\u00e1ctico, s\u00f3lido y f\u00e1cil de usar a diario. Con su <g id=\"gid_2\">dise\u00f1o blanco<\/g>, sobrio y atemporal, se adapta f\u00e1cilmente a cualquier tipo de aseo, ya sea dom\u00e9stico o profesional. Discreto y funcional, es el tipo de equipamiento que puede instalar una vez y en el que puede confiar.  <\/p>\n<p data-start=\"581\" data-end=\"906\">Fabricado en <strong data-start=\"593\" data-end=\"630\">pl\u00e1stico de alta resistencia<\/strong>, soporta el uso regular con facilidad. Su estructura garantiza que resistir\u00e1 la prueba del tiempo, sin deformarse ni volverse quebradiza, incluso en lavabos que se utilizan con frecuencia. Durante su uso, permanece estable y confortable, proporcionando una verdadera tranquilidad en el d\u00eda a d\u00eda.  <\/p>\n<p data-start=\"908\" data-end=\"1256\">Cuando se trata de mantenimiento, el<strong>asiento Ecoline<\/strong> ha sido dise\u00f1ado para hacerle la vida m\u00e1s f\u00e1cil. Gracias a su <strong data-start=\"988\" data-end=\"1011\">estructura desmontable<\/strong>, podr\u00e1 retirar f\u00e1cilmente el asiento para acceder a las zonas que suelen ser dif\u00edciles de limpiar. El resultado: una limpieza m\u00e1s r\u00e1pida, eficaz y, sobre todo, higi\u00e9nica. Una aut\u00e9ntica ventaja tanto para los particulares como para las administraciones p\u00fablicas.   <\/p>\n<p data-start=\"1258\" data-end=\"1544\">La instalaci\u00f3n es r\u00e1pida y sencilla, gracias a las <strong>fijaciones suministradas<\/strong>. No se necesitan herramientas complicadas ni conocimientos especiales: todo est\u00e1 dise\u00f1ado para una instalaci\u00f3n sencilla y eficaz. Por eso es una soluci\u00f3n ideal para sustituir un asiento desgastado o equipar r\u00e1pidamente un lavabo.  <\/p>\n<p data-start=\"1546\" data-end=\"1748\">En resumen, el<strong>asiento de inodoro Ecoline<\/strong> combina solidez, sencillez y facilidad de mantenimiento. Una elecci\u00f3n inteligente para quienes desean un producto fiable, sin florituras y perfectamente adaptado al uso diario. <\/p>\n<p data-start=\"1546\" data-end=\"1748\">\n<p><!--more--><\/p>\n<h4>Ventajas :<\/h4>\n<ul>\n<li data-start=\"1776\" data-end=\"1802\">Pl\u00e1stico muy resistente.<\/li>\n<li data-start=\"1805\" data-end=\"1851\">Cabezal <strong>desmontable<\/strong> para facilitar la limpieza.<\/li>\n<li data-start=\"1854\" data-end=\"1881\">Dise\u00f1o sencillo y universal.<\/li>\n<li data-start=\"1884\" data-end=\"1929\">Instalaci\u00f3n r\u00e1pida con <strong>fijaciones incluidas.<\/strong><\/li>\n<li data-start=\"1932\" data-end=\"1959\">Buena estabilidad de uso.<\/li>\n<li data-start=\"1962\" data-end=\"1994\">Excelente relaci\u00f3n calidad-precio.<\/li>\n<\/ul>\n<p>&nbsp;<\/p>\n<p><!--more--><\/p>\n<h4>Informaci\u00f3n adicional :<\/h4>\n<ul>\n<li><strong>Embalaje<\/strong>: Por unidad<\/li>\n<li><strong>Dimensiones<\/strong>: 440 x 370 x 21 mm<\/li>\n<li><strong>Material<\/strong>: Polipropileno<\/li>\n<li><strong>Color<\/strong>: blanco<\/li>\n<\/ul>\n<p>&nbsp;<\/p>\n<p><!--more--><\/p>\n<p><a href=\"https:\/\/www.csj-emballages.com\/es\/categorie-produit\/envasado-de-alimentos\/catering-es\/ollas-cuencos-portavasos\/portavasos\/\">Ver el resto de nuestra gama de portavasos<\/a><\/p>\n","protected":false},"excerpt":{"rendered":"<p>Asiento del inodoro Descripci\u00f3n de nuestro asiento de inodoro ecoline<\/p>\n","protected":false},"featured_media":258735,"template":"","meta":{"_acf_changed":false},"product_brand":[],"product_cat":[1226,1716],"product_tag":[],"class_list":{"0":"post-258740","1":"product","2":"type-product","3":"status-publish","4":"has-post-thumbnail","6":"product_cat-higiene-y-mantenimiento","7":"product_cat-accesorios","9":"first","10":"instock","11":"taxable","12":"shipping-taxable","13":"purchasable","14":"product-type-simple"},"acf":[],"yoast_head":"<!-- This site is optimized with the Yoast SEO Premium plugin v26.6 (Yoast SEO v26.6) - https:\/\/yoast.com\/wordpress\/plugins\/seo\/ -->\n<title>Asiento inodoro Ecoline<\/title>\n<meta name=\"description\" content=\"Asiento de inodoro Ecoline de pl\u00e1stico resistente con marco extra\u00edble. F\u00e1cil de instalar, sencillo de limpiar e ideal para el uso diario.\" \/>\n<meta name=\"robots\" content=\"index, follow, max-snippet:-1, max-image-preview:large, max-video-preview:-1\" \/>\n<link rel=\"canonical\" href=\"https:\/\/www.csj-emballages.com\/es\/produit\/asiento-inodoro-ecoline\/\" \/>\n<meta property=\"og:locale\" content=\"es_ES\" \/>\n<meta property=\"og:type\" content=\"article\" \/>\n<meta property=\"og:title\" content=\"Asiento inodoro Ecoline\" \/>\n<meta property=\"og:description\" content=\"Asiento de inodoro Ecoline de pl\u00e1stico resistente con marco extra\u00edble. F\u00e1cil de instalar, sencillo de limpiar e ideal para el uso diario.\" \/>\n<meta property=\"og:url\" content=\"https:\/\/www.csj-emballages.com\/es\/produit\/asiento-inodoro-ecoline\/\" \/>\n<meta property=\"og:site_name\" content=\"CSJ Emballages\" \/>\n<meta property=\"article:publisher\" content=\"https:\/\/www.facebook.com\/csjemballages\" \/>\n<meta property=\"article:modified_time\" content=\"2026-05-01T00:10:30+00:00\" \/>\n<meta property=\"og:image\" content=\"https:\/\/www.csj-emballages.com\/wp-content\/uploads\/2025\/10\/129639.webp\" \/>\n\t<meta property=\"og:image:width\" content=\"800\" \/>\n\t<meta property=\"og:image:height\" content=\"800\" \/>\n\t<meta property=\"og:image:type\" content=\"image\/webp\" \/>\n<meta name=\"twitter:card\" content=\"summary_large_image\" \/>\n<meta name=\"twitter:label1\" content=\"Tiempo de lectura\" \/>\n\t<meta name=\"twitter:data1\" content=\"2 minutos\" \/>\n<script type=\"application\/ld+json\" class=\"yoast-schema-graph\">{\"@context\":\"https:\/\/schema.org\",\"@graph\":[{\"@type\":\"WebPage\",\"@id\":\"https:\/\/www.csj-emballages.com\/es\/produit\/asiento-inodoro-ecoline\/\",\"url\":\"https:\/\/www.csj-emballages.com\/es\/produit\/asiento-inodoro-ecoline\/\",\"name\":\"Asiento inodoro Ecoline\",\"isPartOf\":{\"@id\":\"https:\/\/www.csj-emballages.com\/es\/#website\"},\"primaryImageOfPage\":{\"@id\":\"https:\/\/www.csj-emballages.com\/es\/produit\/asiento-inodoro-ecoline\/#primaryimage\"},\"image\":{\"@id\":\"https:\/\/www.csj-emballages.com\/es\/produit\/asiento-inodoro-ecoline\/#primaryimage\"},\"thumbnailUrl\":\"https:\/\/www.csj-emballages.com\/wp-content\/uploads\/2025\/10\/129639.webp\",\"datePublished\":\"2025-10-28T16:18:17+00:00\",\"dateModified\":\"2026-05-01T00:10:30+00:00\",\"description\":\"Asiento de inodoro Ecoline de pl\u00e1stico resistente con marco extra\u00edble. F\u00e1cil de instalar, sencillo de limpiar e ideal para el uso diario.\",\"breadcrumb\":{\"@id\":\"https:\/\/www.csj-emballages.com\/es\/produit\/asiento-inodoro-ecoline\/#breadcrumb\"},\"inLanguage\":\"es\",\"potentialAction\":[{\"@type\":\"ReadAction\",\"target\":[\"https:\/\/www.csj-emballages.com\/es\/produit\/asiento-inodoro-ecoline\/\"]}]},{\"@type\":\"ImageObject\",\"inLanguage\":\"es\",\"@id\":\"https:\/\/www.csj-emballages.com\/es\/produit\/asiento-inodoro-ecoline\/#primaryimage\",\"url\":\"https:\/\/www.csj-emballages.com\/wp-content\/uploads\/2025\/10\/129639.webp\",\"contentUrl\":\"https:\/\/www.csj-emballages.com\/wp-content\/uploads\/2025\/10\/129639.webp\",\"width\":800,\"height\":800,\"caption\":\"Abattant WC \u00e9coline\"},{\"@type\":\"BreadcrumbList\",\"@id\":\"https:\/\/www.csj-emballages.com\/es\/produit\/asiento-inodoro-ecoline\/#breadcrumb\",\"itemListElement\":[{\"@type\":\"ListItem\",\"position\":1,\"name\":\"Accueil\",\"item\":\"https:\/\/www.csj-emballages.com\/es\/universo-del-envasado-alimentario\/\"},{\"@type\":\"ListItem\",\"position\":2,\"name\":\"Tienda\",\"item\":\"https:\/\/www.csj-emballages.com\/tienda\/\"},{\"@type\":\"ListItem\",\"position\":3,\"name\":\"Asiento inodoro Ecoline\"}]},{\"@type\":\"WebSite\",\"@id\":\"https:\/\/www.csj-emballages.com\/es\/#website\",\"url\":\"https:\/\/www.csj-emballages.com\/es\/\",\"name\":\"CSJ Emballages\",\"description\":\"\",\"publisher\":{\"@id\":\"https:\/\/www.csj-emballages.com\/es\/#organization\"},\"potentialAction\":[{\"@type\":\"SearchAction\",\"target\":{\"@type\":\"EntryPoint\",\"urlTemplate\":\"https:\/\/www.csj-emballages.com\/es\/?s={search_term_string}\"},\"query-input\":{\"@type\":\"PropertyValueSpecification\",\"valueRequired\":true,\"valueName\":\"search_term_string\"}}],\"inLanguage\":\"es\"},{\"@type\":\"Organization\",\"@id\":\"https:\/\/www.csj-emballages.com\/es\/#Organization\/\",\"name\":\"CSJ Emballages\",\"url\":\"https:\/\/www.csj-emballages.com\/es\/\",\"logo\":{\"@type\":\"ImageObject\",\"inLanguage\":\"es\",\"@id\":\"https:\/\/www.csj-emballages.com\/es\/#\/schema\/logo\/image\/\",\"url\":\"https:\/\/www.csj-emballages.com\/wp-content\/uploads\/2023\/10\/logo_csj.webp\",\"contentUrl\":\"https:\/\/www.csj-emballages.com\/wp-content\/uploads\/2023\/10\/logo_csj.webp\",\"width\":250,\"height\":95,\"caption\":\"CSJ Emballages\"},\"image\":{\"@id\":\"https:\/\/www.csj-emballages.com\/es\/#\/schema\/logo\/image\/\"},\"sameAs\":[\"https:\/\/www.facebook.com\/csjemballages\"],\"address\":{\"@type\":\"PostalAddress\",\"streetAddress\":\"ZI La Lechere\",\"addressLocality\":\"Patornay\",\"postalCode\":\"39130\",\"addressCountry\":\"FR\"},\"contactPoint\":[{\"@type\":\"ContactPoint\",\"contactType\":\"Service client\",\"telephone\":\"0384254272\",\"email\":\"contact@csj-emballages.com\"}]}]}<\/script>\n<!-- \/ Yoast SEO Premium plugin. -->","yoast_head_json":{"title":"Asiento inodoro Ecoline","description":"Asiento de inodoro Ecoline de pl\u00e1stico resistente con marco extra\u00edble. F\u00e1cil de instalar, sencillo de limpiar e ideal para el uso diario.","robots":{"index":"index","follow":"follow","max-snippet":"max-snippet:-1","max-image-preview":"max-image-preview:large","max-video-preview":"max-video-preview:-1"},"canonical":"https:\/\/www.csj-emballages.com\/es\/produit\/asiento-inodoro-ecoline\/","og_locale":"es_ES","og_type":"article","og_title":"Asiento inodoro Ecoline","og_description":"Asiento de inodoro Ecoline de pl\u00e1stico resistente con marco extra\u00edble. F\u00e1cil de instalar, sencillo de limpiar e ideal para el uso diario.","og_url":"https:\/\/www.csj-emballages.com\/es\/produit\/asiento-inodoro-ecoline\/","og_site_name":"CSJ Emballages","article_publisher":"https:\/\/www.facebook.com\/csjemballages","article_modified_time":"2026-05-01T00:10:30+00:00","og_image":[{"width":800,"height":800,"url":"https:\/\/www.csj-emballages.com\/wp-content\/uploads\/2025\/10\/129639.webp","type":"image\/webp"}],"twitter_card":"summary_large_image","twitter_misc":{"Tiempo de lectura":"2 minutos"},"schema":{"@context":"https:\/\/schema.org","@graph":[{"@type":"WebPage","@id":"https:\/\/www.csj-emballages.com\/es\/produit\/asiento-inodoro-ecoline\/","url":"https:\/\/www.csj-emballages.com\/es\/produit\/asiento-inodoro-ecoline\/","name":"Asiento inodoro Ecoline","isPartOf":{"@id":"https:\/\/www.csj-emballages.com\/es\/#website"},"primaryImageOfPage":{"@id":"https:\/\/www.csj-emballages.com\/es\/produit\/asiento-inodoro-ecoline\/#primaryimage"},"image":{"@id":"https:\/\/www.csj-emballages.com\/es\/produit\/asiento-inodoro-ecoline\/#primaryimage"},"thumbnailUrl":"https:\/\/www.csj-emballages.com\/wp-content\/uploads\/2025\/10\/129639.webp","datePublished":"2025-10-28T16:18:17+00:00","dateModified":"2026-05-01T00:10:30+00:00","description":"Asiento de inodoro Ecoline de pl\u00e1stico resistente con marco extra\u00edble. F\u00e1cil de instalar, sencillo de limpiar e ideal para el uso diario.","breadcrumb":{"@id":"https:\/\/www.csj-emballages.com\/es\/produit\/asiento-inodoro-ecoline\/#breadcrumb"},"inLanguage":"es","potentialAction":[{"@type":"ReadAction","target":["https:\/\/www.csj-emballages.com\/es\/produit\/asiento-inodoro-ecoline\/"]}]},{"@type":"ImageObject","inLanguage":"es","@id":"https:\/\/www.csj-emballages.com\/es\/produit\/asiento-inodoro-ecoline\/#primaryimage","url":"https:\/\/www.csj-emballages.com\/wp-content\/uploads\/2025\/10\/129639.webp","contentUrl":"https:\/\/www.csj-emballages.com\/wp-content\/uploads\/2025\/10\/129639.webp","width":800,"height":800,"caption":"Abattant WC \u00e9coline"},{"@type":"BreadcrumbList","@id":"https:\/\/www.csj-emballages.com\/es\/produit\/asiento-inodoro-ecoline\/#breadcrumb","itemListElement":[{"@type":"ListItem","position":1,"name":"Accueil","item":"https:\/\/www.csj-emballages.com\/es\/universo-del-envasado-alimentario\/"},{"@type":"ListItem","position":2,"name":"Tienda","item":"https:\/\/www.csj-emballages.com\/tienda\/"},{"@type":"ListItem","position":3,"name":"Asiento inodoro Ecoline"}]},{"@type":"WebSite","@id":"https:\/\/www.csj-emballages.com\/es\/#website","url":"https:\/\/www.csj-emballages.com\/es\/","name":"CSJ Emballages","description":"","publisher":{"@id":"https:\/\/www.csj-emballages.com\/es\/#organization"},"potentialAction":[{"@type":"SearchAction","target":{"@type":"EntryPoint","urlTemplate":"https:\/\/www.csj-emballages.com\/es\/?s={search_term_string}"},"query-input":{"@type":"PropertyValueSpecification","valueRequired":true,"valueName":"search_term_string"}}],"inLanguage":"es"},{"@type":"Organization","@id":"https:\/\/www.csj-emballages.com\/es\/#Organization\/","name":"CSJ Emballages","url":"https:\/\/www.csj-emballages.com\/es\/","logo":{"@type":"ImageObject","inLanguage":"es","@id":"https:\/\/www.csj-emballages.com\/es\/#\/schema\/logo\/image\/","url":"https:\/\/www.csj-emballages.com\/wp-content\/uploads\/2023\/10\/logo_csj.webp","contentUrl":"https:\/\/www.csj-emballages.com\/wp-content\/uploads\/2023\/10\/logo_csj.webp","width":250,"height":95,"caption":"CSJ Emballages"},"image":{"@id":"https:\/\/www.csj-emballages.com\/es\/#\/schema\/logo\/image\/"},"sameAs":["https:\/\/www.facebook.com\/csjemballages"],"address":{"@type":"PostalAddress","streetAddress":"ZI La Lechere","addressLocality":"Patornay","postalCode":"39130","addressCountry":"FR"},"contactPoint":[{"@type":"ContactPoint","contactType":"Service client","telephone":"0384254272","email":"contact@csj-emballages.com"}]}]}},"df_price":15.28,"df_sale_price":"","df_regular_price":15.28,"df_image_link":"https:\/\/www.csj-emballages.com\/wp-content\/uploads\/2025\/10\/129639-300x300.webp","tiered_pricing_type":"fixed","tiered_pricing_fixed_rules":[],"tiered_pricing_percentage_rules":[],"tiered_pricing_minimum":1,"tiered_pricing_roles_data":[],"_links":{"self":[{"href":"https:\/\/www.csj-emballages.com\/es\/wp-json\/wp\/v2\/product\/258740","targetHints":{"allow":["GET"]}}],"collection":[{"href":"https:\/\/www.csj-emballages.com\/es\/wp-json\/wp\/v2\/product"}],"about":[{"href":"https:\/\/www.csj-emballages.com\/es\/wp-json\/wp\/v2\/types\/product"}],"wp:featuredmedia":[{"embeddable":true,"href":"https:\/\/www.csj-emballages.com\/es\/wp-json\/wp\/v2\/media\/258735"}],"wp:attachment":[{"href":"https:\/\/www.csj-emballages.com\/es\/wp-json\/wp\/v2\/media?parent=258740"}],"wp:term":[{"taxonomy":"product_brand","embeddable":true,"href":"https:\/\/www.csj-emballages.com\/es\/wp-json\/wp\/v2\/product_brand?post=258740"},{"taxonomy":"product_cat","embeddable":true,"href":"https:\/\/www.csj-emballages.com\/es\/wp-json\/wp\/v2\/product_cat?post=258740"},{"taxonomy":"product_tag","embeddable":true,"href":"https:\/\/www.csj-emballages.com\/es\/wp-json\/wp\/v2\/product_tag?post=258740"}],"curies":[{"name":"wp","href":"https:\/\/api.w.org\/{rel}","templated":true}]}}