{"id":258639,"date":"2025-11-25T16:18:16","date_gmt":"2025-11-25T15:18:16","guid":{"rendered":"https:\/\/www.csj-emballages.com\/produit\/cepillo-de-mano-azul-12-cm\/"},"modified":"2026-04-14T02:11:10","modified_gmt":"2026-04-14T00:11:10","slug":"cepillo-de-mano-azul-12-cm","status":"publish","type":"product","link":"https:\/\/www.csj-emballages.com\/es\/produit\/cepillo-de-mano-azul-12-cm\/","title":{"rendered":"Cepillo de mano azul 12 cm"},"content":{"rendered":"<h2>Cepillo de mano<\/h2>\n<hr>\n<h3>Descubra nuestro cepillo azul de 12 cm<\/h3>\n<p><!--more--><\/p>\n<p data-start=\"259\" data-end=\"571\">Este <strong>cepillo de mano<\/strong> es el tipo de herramienta sencilla que se coge sin pensar&#8230; y se adopta enseguida. Gracias a su forma compacta y a su <g id=\"gid_2\">c\u00f3modo agarre<\/g>, limpia eficazmente sin forzarte. Es f\u00e1cil de sujetar, no resbala y, sobre todo, hace el trabajo de forma r\u00e1pida y limpia.  <\/p>\n<p data-start=\"573\" data-end=\"946\">Sus <strong data-start=\"577\" data-end=\"600\">r\u00edgidas cerdas azules<\/strong> recogen f\u00e1cilmente incluso la suciedad m\u00e1s dif\u00edcil. Tanto si friega una superficie como si limpia una encimera, equipos, cubos o equipamiento profesional, ofrece una limpieza precisa y controlada. Al mismo tiempo, sigue siendo lo suficientemente flexible como para no da\u00f1ar las superficies, por lo que es un placer utilizarla a diario.  <\/p>\n<p data-start=\"948\" data-end=\"1241\">Su <strong data-start=\"961\" data-end=\"983\">empu\u00f1adura ergon\u00f3mica<\/strong> tambi\u00e9n alivia la mano. Es f\u00e1cil controlar los movimientos, por lo que no tienes que esforzarte innecesariamente. El <strong>peque\u00f1o orificio incorporado<\/strong> tambi\u00e9n facilita <strong>colgarla<\/strong> despu\u00e9s de usarla, para tenerla siempre a mano y secarla f\u00e1cilmente.  <\/p>\n<p data-start=\"1243\" data-end=\"1477\">Este <strong>cepillo es<\/strong> tan adecuado para entornos profesionales como dom\u00e9sticos. Es ideal para cocinas, talleres, zonas de preparaci\u00f3n o cualquier espacio donde se requiera una limpieza regular y eficaz. <\/p>\n<p data-start=\"1479\" data-end=\"1673\">En resumen, es un <strong>cepillo de manos<\/strong> fiable, pr\u00e1ctico y duradero, dise\u00f1ado para simplificar la limpieza sin complicaciones. Es una herramienta discreta pero indispensable que contribuye eficazmente a la vida cotidiana. <\/p>\n<p data-start=\"1479\" data-end=\"1673\"><!--more--><\/p>\n<h4 data-start=\"1479\" data-end=\"1673\">Ventajas :<\/h4>\n<ul>\n<li data-start=\"1701\" data-end=\"1746\">Buen agarre, c\u00f3modo de usar.<\/li>\n<li data-start=\"1749\" data-end=\"1794\">Cerdas resistentes para una limpieza eficaz.<\/li>\n<li data-start=\"1797\" data-end=\"1846\">Adecuado para uso profesional y dom\u00e9stico.<\/li>\n<li data-start=\"1849\" data-end=\"1881\">F\u00e1cil de colgar y guardar.<\/li>\n<li data-start=\"1884\" data-end=\"1923\">Limpieza precisa sin excesivo esfuerzo.<\/li>\n<\/ul>\n<p>&nbsp;<\/p>\n<p><!--more--><\/p>\n<h4>Informaci\u00f3n adicional :<\/h4>\n<ul>\n<li><strong>Embalaje<\/strong>: Por unidad<\/li>\n<li><strong>Longitud<\/strong>: 12 x 45 mm<\/li>\n<li><strong>Color<\/strong>: Blanco \/ Azul<\/li>\n<\/ul>\n<p>&nbsp;<\/p>\n<p><!--more--><\/p>\n<p><a href=\"https:\/\/www.csj-emballages.com\/es\/categorie-produit\/higiene-y-mantenimiento\/cepillos-y-escobas\/escoba-cepillo-plumero\/escobas-barredoras-plumeros\/\">Ver el resto de nuestra gama de escobas \/ recogedores \/ plumeros<\/a><\/p>\n","protected":false},"excerpt":{"rendered":"<p>Cepillo de mano Descubra nuestro cepillo azul de 12 cm<\/p>\n","protected":false},"featured_media":258634,"template":"","meta":{"_acf_changed":false},"product_brand":[],"product_cat":[1226,1420,1832,1835],"product_tag":[],"class_list":{"0":"post-258639","1":"product","2":"type-product","3":"status-publish","4":"has-post-thumbnail","6":"product_cat-higiene-y-mantenimiento","7":"product_cat-cepillos-y-escobas","8":"product_cat-escoba-cepillo-plumero","9":"product_cat-escobas-barredoras-plumeros","11":"first","12":"instock","13":"taxable","14":"shipping-taxable","15":"purchasable","16":"product-type-simple"},"acf":[],"yoast_head":"<!-- This site is optimized with the Yoast SEO Premium plugin v26.6 (Yoast SEO v26.6) - https:\/\/yoast.com\/wordpress\/plugins\/seo\/ -->\n<title>Cepillo azul 12 cm<\/title>\n<meta name=\"description\" content=\"Cepillo de mano ergon\u00f3mico con cerdas r\u00edgidas de color azul, ideal para la limpieza diaria. Pr\u00e1ctico, resistente y f\u00e1cil de sujetar.\" \/>\n<meta name=\"robots\" content=\"index, follow, max-snippet:-1, max-image-preview:large, max-video-preview:-1\" \/>\n<link rel=\"canonical\" href=\"https:\/\/www.csj-emballages.com\/es\/produit\/cepillo-de-mano-azul-12-cm\/\" \/>\n<meta property=\"og:locale\" content=\"es_ES\" \/>\n<meta property=\"og:type\" content=\"article\" \/>\n<meta property=\"og:title\" content=\"Cepillo de mano azul 12 cm\" \/>\n<meta property=\"og:description\" content=\"Cepillo de mano ergon\u00f3mico con cerdas r\u00edgidas de color azul, ideal para la limpieza diaria. Pr\u00e1ctico, resistente y f\u00e1cil de sujetar.\" \/>\n<meta property=\"og:url\" content=\"https:\/\/www.csj-emballages.com\/es\/produit\/cepillo-de-mano-azul-12-cm\/\" \/>\n<meta property=\"og:site_name\" content=\"CSJ Emballages\" \/>\n<meta property=\"article:publisher\" content=\"https:\/\/www.facebook.com\/csjemballages\" \/>\n<meta property=\"article:modified_time\" content=\"2026-04-14T00:11:10+00:00\" \/>\n<meta property=\"og:image\" content=\"https:\/\/www.csj-emballages.com\/wp-content\/uploads\/2025\/11\/123637.webp\" \/>\n\t<meta property=\"og:image:width\" content=\"800\" \/>\n\t<meta property=\"og:image:height\" content=\"800\" \/>\n\t<meta property=\"og:image:type\" content=\"image\/webp\" \/>\n<meta name=\"twitter:card\" content=\"summary_large_image\" \/>\n<meta name=\"twitter:label1\" content=\"Tiempo de lectura\" \/>\n\t<meta name=\"twitter:data1\" content=\"1 minuto\" \/>\n<script type=\"application\/ld+json\" class=\"yoast-schema-graph\">{\"@context\":\"https:\/\/schema.org\",\"@graph\":[{\"@type\":\"WebPage\",\"@id\":\"https:\/\/www.csj-emballages.com\/es\/produit\/cepillo-de-mano-azul-12-cm\/\",\"url\":\"https:\/\/www.csj-emballages.com\/es\/produit\/cepillo-de-mano-azul-12-cm\/\",\"name\":\"Cepillo azul 12 cm\",\"isPartOf\":{\"@id\":\"https:\/\/www.csj-emballages.com\/es\/#website\"},\"primaryImageOfPage\":{\"@id\":\"https:\/\/www.csj-emballages.com\/es\/produit\/cepillo-de-mano-azul-12-cm\/#primaryimage\"},\"image\":{\"@id\":\"https:\/\/www.csj-emballages.com\/es\/produit\/cepillo-de-mano-azul-12-cm\/#primaryimage\"},\"thumbnailUrl\":\"https:\/\/www.csj-emballages.com\/wp-content\/uploads\/2025\/11\/123637.webp\",\"datePublished\":\"2025-11-25T15:18:16+00:00\",\"dateModified\":\"2026-04-14T00:11:10+00:00\",\"description\":\"Cepillo de mano ergon\u00f3mico con cerdas r\u00edgidas de color azul, ideal para la limpieza diaria. Pr\u00e1ctico, resistente y f\u00e1cil de sujetar.\",\"breadcrumb\":{\"@id\":\"https:\/\/www.csj-emballages.com\/es\/produit\/cepillo-de-mano-azul-12-cm\/#breadcrumb\"},\"inLanguage\":\"es\",\"potentialAction\":[{\"@type\":\"ReadAction\",\"target\":[\"https:\/\/www.csj-emballages.com\/es\/produit\/cepillo-de-mano-azul-12-cm\/\"]}]},{\"@type\":\"ImageObject\",\"inLanguage\":\"es\",\"@id\":\"https:\/\/www.csj-emballages.com\/es\/produit\/cepillo-de-mano-azul-12-cm\/#primaryimage\",\"url\":\"https:\/\/www.csj-emballages.com\/wp-content\/uploads\/2025\/11\/123637.webp\",\"contentUrl\":\"https:\/\/www.csj-emballages.com\/wp-content\/uploads\/2025\/11\/123637.webp\",\"width\":800,\"height\":800,\"caption\":\"Brosse \u00e0 main\"},{\"@type\":\"BreadcrumbList\",\"@id\":\"https:\/\/www.csj-emballages.com\/es\/produit\/cepillo-de-mano-azul-12-cm\/#breadcrumb\",\"itemListElement\":[{\"@type\":\"ListItem\",\"position\":1,\"name\":\"Accueil\",\"item\":\"https:\/\/www.csj-emballages.com\/es\/universo-del-envasado-alimentario\/\"},{\"@type\":\"ListItem\",\"position\":2,\"name\":\"Tienda\",\"item\":\"https:\/\/www.csj-emballages.com\/tienda\/\"},{\"@type\":\"ListItem\",\"position\":3,\"name\":\"Cepillo de mano azul 12 cm\"}]},{\"@type\":\"WebSite\",\"@id\":\"https:\/\/www.csj-emballages.com\/es\/#website\",\"url\":\"https:\/\/www.csj-emballages.com\/es\/\",\"name\":\"CSJ Emballages\",\"description\":\"\",\"publisher\":{\"@id\":\"https:\/\/www.csj-emballages.com\/es\/#organization\"},\"potentialAction\":[{\"@type\":\"SearchAction\",\"target\":{\"@type\":\"EntryPoint\",\"urlTemplate\":\"https:\/\/www.csj-emballages.com\/es\/?s={search_term_string}\"},\"query-input\":{\"@type\":\"PropertyValueSpecification\",\"valueRequired\":true,\"valueName\":\"search_term_string\"}}],\"inLanguage\":\"es\"},{\"@type\":\"Organization\",\"@id\":\"https:\/\/www.csj-emballages.com\/es\/#Organization\/\",\"name\":\"CSJ Emballages\",\"url\":\"https:\/\/www.csj-emballages.com\/es\/\",\"logo\":{\"@type\":\"ImageObject\",\"inLanguage\":\"es\",\"@id\":\"https:\/\/www.csj-emballages.com\/es\/#\/schema\/logo\/image\/\",\"url\":\"https:\/\/www.csj-emballages.com\/wp-content\/uploads\/2023\/10\/logo_csj.webp\",\"contentUrl\":\"https:\/\/www.csj-emballages.com\/wp-content\/uploads\/2023\/10\/logo_csj.webp\",\"width\":250,\"height\":95,\"caption\":\"CSJ Emballages\"},\"image\":{\"@id\":\"https:\/\/www.csj-emballages.com\/es\/#\/schema\/logo\/image\/\"},\"sameAs\":[\"https:\/\/www.facebook.com\/csjemballages\"],\"address\":{\"@type\":\"PostalAddress\",\"streetAddress\":\"ZI La Lechere\",\"addressLocality\":\"Patornay\",\"postalCode\":\"39130\",\"addressCountry\":\"FR\"},\"contactPoint\":[{\"@type\":\"ContactPoint\",\"contactType\":\"Service client\",\"telephone\":\"0384254272\",\"email\":\"contact@csj-emballages.com\"}]}]}<\/script>\n<!-- \/ Yoast SEO Premium plugin. -->","yoast_head_json":{"title":"Cepillo azul 12 cm","description":"Cepillo de mano ergon\u00f3mico con cerdas r\u00edgidas de color azul, ideal para la limpieza diaria. Pr\u00e1ctico, resistente y f\u00e1cil de sujetar.","robots":{"index":"index","follow":"follow","max-snippet":"max-snippet:-1","max-image-preview":"max-image-preview:large","max-video-preview":"max-video-preview:-1"},"canonical":"https:\/\/www.csj-emballages.com\/es\/produit\/cepillo-de-mano-azul-12-cm\/","og_locale":"es_ES","og_type":"article","og_title":"Cepillo de mano azul 12 cm","og_description":"Cepillo de mano ergon\u00f3mico con cerdas r\u00edgidas de color azul, ideal para la limpieza diaria. Pr\u00e1ctico, resistente y f\u00e1cil de sujetar.","og_url":"https:\/\/www.csj-emballages.com\/es\/produit\/cepillo-de-mano-azul-12-cm\/","og_site_name":"CSJ Emballages","article_publisher":"https:\/\/www.facebook.com\/csjemballages","article_modified_time":"2026-04-14T00:11:10+00:00","og_image":[{"width":800,"height":800,"url":"https:\/\/www.csj-emballages.com\/wp-content\/uploads\/2025\/11\/123637.webp","type":"image\/webp"}],"twitter_card":"summary_large_image","twitter_misc":{"Tiempo de lectura":"1 minuto"},"schema":{"@context":"https:\/\/schema.org","@graph":[{"@type":"WebPage","@id":"https:\/\/www.csj-emballages.com\/es\/produit\/cepillo-de-mano-azul-12-cm\/","url":"https:\/\/www.csj-emballages.com\/es\/produit\/cepillo-de-mano-azul-12-cm\/","name":"Cepillo azul 12 cm","isPartOf":{"@id":"https:\/\/www.csj-emballages.com\/es\/#website"},"primaryImageOfPage":{"@id":"https:\/\/www.csj-emballages.com\/es\/produit\/cepillo-de-mano-azul-12-cm\/#primaryimage"},"image":{"@id":"https:\/\/www.csj-emballages.com\/es\/produit\/cepillo-de-mano-azul-12-cm\/#primaryimage"},"thumbnailUrl":"https:\/\/www.csj-emballages.com\/wp-content\/uploads\/2025\/11\/123637.webp","datePublished":"2025-11-25T15:18:16+00:00","dateModified":"2026-04-14T00:11:10+00:00","description":"Cepillo de mano ergon\u00f3mico con cerdas r\u00edgidas de color azul, ideal para la limpieza diaria. Pr\u00e1ctico, resistente y f\u00e1cil de sujetar.","breadcrumb":{"@id":"https:\/\/www.csj-emballages.com\/es\/produit\/cepillo-de-mano-azul-12-cm\/#breadcrumb"},"inLanguage":"es","potentialAction":[{"@type":"ReadAction","target":["https:\/\/www.csj-emballages.com\/es\/produit\/cepillo-de-mano-azul-12-cm\/"]}]},{"@type":"ImageObject","inLanguage":"es","@id":"https:\/\/www.csj-emballages.com\/es\/produit\/cepillo-de-mano-azul-12-cm\/#primaryimage","url":"https:\/\/www.csj-emballages.com\/wp-content\/uploads\/2025\/11\/123637.webp","contentUrl":"https:\/\/www.csj-emballages.com\/wp-content\/uploads\/2025\/11\/123637.webp","width":800,"height":800,"caption":"Brosse \u00e0 main"},{"@type":"BreadcrumbList","@id":"https:\/\/www.csj-emballages.com\/es\/produit\/cepillo-de-mano-azul-12-cm\/#breadcrumb","itemListElement":[{"@type":"ListItem","position":1,"name":"Accueil","item":"https:\/\/www.csj-emballages.com\/es\/universo-del-envasado-alimentario\/"},{"@type":"ListItem","position":2,"name":"Tienda","item":"https:\/\/www.csj-emballages.com\/tienda\/"},{"@type":"ListItem","position":3,"name":"Cepillo de mano azul 12 cm"}]},{"@type":"WebSite","@id":"https:\/\/www.csj-emballages.com\/es\/#website","url":"https:\/\/www.csj-emballages.com\/es\/","name":"CSJ Emballages","description":"","publisher":{"@id":"https:\/\/www.csj-emballages.com\/es\/#organization"},"potentialAction":[{"@type":"SearchAction","target":{"@type":"EntryPoint","urlTemplate":"https:\/\/www.csj-emballages.com\/es\/?s={search_term_string}"},"query-input":{"@type":"PropertyValueSpecification","valueRequired":true,"valueName":"search_term_string"}}],"inLanguage":"es"},{"@type":"Organization","@id":"https:\/\/www.csj-emballages.com\/es\/#Organization\/","name":"CSJ Emballages","url":"https:\/\/www.csj-emballages.com\/es\/","logo":{"@type":"ImageObject","inLanguage":"es","@id":"https:\/\/www.csj-emballages.com\/es\/#\/schema\/logo\/image\/","url":"https:\/\/www.csj-emballages.com\/wp-content\/uploads\/2023\/10\/logo_csj.webp","contentUrl":"https:\/\/www.csj-emballages.com\/wp-content\/uploads\/2023\/10\/logo_csj.webp","width":250,"height":95,"caption":"CSJ Emballages"},"image":{"@id":"https:\/\/www.csj-emballages.com\/es\/#\/schema\/logo\/image\/"},"sameAs":["https:\/\/www.facebook.com\/csjemballages"],"address":{"@type":"PostalAddress","streetAddress":"ZI La Lechere","addressLocality":"Patornay","postalCode":"39130","addressCountry":"FR"},"contactPoint":[{"@type":"ContactPoint","contactType":"Service client","telephone":"0384254272","email":"contact@csj-emballages.com"}]}]}},"df_price":6.37,"df_sale_price":"","df_regular_price":6.37,"df_image_link":"https:\/\/www.csj-emballages.com\/wp-content\/uploads\/2025\/11\/123637-300x300.webp","tiered_pricing_type":"fixed","tiered_pricing_fixed_rules":[],"tiered_pricing_percentage_rules":[],"tiered_pricing_minimum":1,"tiered_pricing_roles_data":[],"_links":{"self":[{"href":"https:\/\/www.csj-emballages.com\/es\/wp-json\/wp\/v2\/product\/258639","targetHints":{"allow":["GET"]}}],"collection":[{"href":"https:\/\/www.csj-emballages.com\/es\/wp-json\/wp\/v2\/product"}],"about":[{"href":"https:\/\/www.csj-emballages.com\/es\/wp-json\/wp\/v2\/types\/product"}],"wp:featuredmedia":[{"embeddable":true,"href":"https:\/\/www.csj-emballages.com\/es\/wp-json\/wp\/v2\/media\/258634"}],"wp:attachment":[{"href":"https:\/\/www.csj-emballages.com\/es\/wp-json\/wp\/v2\/media?parent=258639"}],"wp:term":[{"taxonomy":"product_brand","embeddable":true,"href":"https:\/\/www.csj-emballages.com\/es\/wp-json\/wp\/v2\/product_brand?post=258639"},{"taxonomy":"product_cat","embeddable":true,"href":"https:\/\/www.csj-emballages.com\/es\/wp-json\/wp\/v2\/product_cat?post=258639"},{"taxonomy":"product_tag","embeddable":true,"href":"https:\/\/www.csj-emballages.com\/es\/wp-json\/wp\/v2\/product_tag?post=258639"}],"curies":[{"name":"wp","href":"https:\/\/api.w.org\/{rel}","templated":true}]}}