{"id":258119,"date":"2025-11-14T14:18:26","date_gmt":"2025-11-14T13:18:26","guid":{"rendered":"https:\/\/www.csj-emballages.com\/produit\/estuche-de-pasteleria-moment-gourmand-33-x-8-cm-25-por-caja\/"},"modified":"2026-05-14T02:12:32","modified_gmt":"2026-05-14T00:12:32","slug":"estuche-de-pasteleria-moment-gourmand-33-x-8-cm-25-por-caja","status":"publish","type":"product","link":"https:\/\/www.csj-emballages.com\/es\/produit\/estuche-de-pasteleria-moment-gourmand-33-x-8-cm-25-por-caja\/","title":{"rendered":"Estuche de pasteler\u00eda Moment Gourmand 33 x 8 cm, 25 por caja"},"content":{"rendered":"<h2>Caja para pasteles<\/h2>\n<hr>\n<h3>Descubra nuestra caja de pasteler\u00eda Moment Gourmand, cart\u00f3n 33 x 8 cm, paquete de 50<\/h3>\n<p><!--more--><\/p>\n<p data-start=\"244\" data-end=\"613\">Cuando los postres se alargan un poco, el envase tiene que seguirles. La <strong>caja de pasteler\u00eda<\/strong> <strong data-start=\"342\" data-end=\"376\">\u00abMoment Gourmand\u00bb de 33 x 8 cm<\/strong> se ha dise\u00f1ado especialmente para dar cabida a creaciones m\u00e1s generosas, manteniendo al mismo tiempo una presentaci\u00f3n ordenada. Es perfecta para \u00e9clairs XL, milhojas, b\u00fbchettes, pasteles individuales o surtidos dulces para llevar.  <\/p>\n<p data-start=\"615\" data-end=\"970\">Su <strong>elegante dise\u00f1o blanco<\/strong>, realzado por una <strong>moderna banda azul<\/strong>, transmite inmediatamente una impresi\u00f3n de calidad. En cuanto se entrega al cliente, la <strong>caja de pasteler\u00eda<\/strong> realza el trabajo realizado en el escaparate. Inspira confianza, hace que el cliente quiera abrirlo y prolonga el placer mucho antes de la degustaci\u00f3n. Este tipo de detalle refuerza naturalmente su imagen, sin exagerar.   <\/p>\n<p data-start=\"972\" data-end=\"1308\">Su uso es sencillo y eficaz. El <strong>cart\u00f3n<\/strong> <strong>r\u00edgido<\/strong> garantiza la estabilidad durante el transporte, incluso para pasteles fr\u00e1giles o alargados. Se cierra r\u00e1pidamente, para que pueda servir con facilidad, incluso en periodos de mucho trabajo. Se embala ordenadamente, sin complicadas manipulaciones.   <\/p>\n<p data-start=\"1310\" data-end=\"1574\">Ofrecida <strong data-start=\"1319\" data-end=\"1336\">en lotes de 50<\/strong>, esta <strong>caja de pasteler\u00eda<\/strong> es ideal para artesanos pasteleros, panader\u00edas, empresas de catering y salones de t\u00e9 que deseen combinar practicidad y est\u00e9tica. Ofrece un buen equilibrio entre capacidad, facilidad de almacenamiento y regularidad de presentaci\u00f3n.<\/p>\n<p data-start=\"1576\" data-end=\"1791\">En resumen, el <strong>pastelero<\/strong> <strong>\u00abMoment Gourmand\u00bb de 29 x 8 cm<\/strong> acompa\u00f1a sus postres m\u00e1s refinados con elegancia. Protege, realza y transforma cada venta en una aut\u00e9ntica experiencia gourmet. <\/p>\n<p data-start=\"1511\" data-end=\"1801\"><!--more--><\/p>\n<h4 style=\"text-align: left;\"><strong>Ventajas :<\/strong><\/h4>\n<ul>\n<li data-start=\"1819\" data-end=\"1866\">Formato largo adecuado para pasteles largos.<\/li>\n<li data-start=\"1869\" data-end=\"1900\">Dise\u00f1o elegante y llamativo.<\/li>\n<li data-start=\"1903\" data-end=\"1946\"><strong>Cart\u00f3n<\/strong> s\u00f3lido para un transporte seguro.<\/li>\n<li data-start=\"1949\" data-end=\"1988\">R\u00e1pido de instalar y f\u00e1cil de usar.<\/li>\n<li data-start=\"1991\" data-end=\"2036\">Paquete de <strong>50<\/strong>, ideal para uso profesional.<\/li>\n<\/ul>\n<p>&nbsp;<\/p>\n<p><!--more--><\/p>\n<h4>Informaci\u00f3n adicional :<\/h4>\n<ul>\n<li><strong>Envase<\/strong>: Paquete de 50<\/li>\n<li><strong>Dimensiones<\/strong>: 33 x 8 (L x A x A en cm)<\/li>\n<li><b>Color <\/b>: Blanco \/ Azul<\/li>\n<li><strong>Material<\/strong>: Cart\u00f3n<\/li>\n<li><strong>Modelo<\/strong>: Moment Gourmand<\/li>\n<\/ul>\n<p>&nbsp;<\/p>\n<p><!--more--><\/p>\n<p>Esta caja para pasteles \u00abMoment Gourmand\u00bb est\u00e1 disponible en diferentes tama\u00f1os: <span style=\"color: #d12727;\"><a style=\"color: #d12727;\" href=\"https:\/\/www.csj-emballages.com\/es\/produit\/estuche-de-pasteleria-moment-gourmand-carton-20-x-8-cm-paquete-de-50\/\">20 x 8 cm<\/a><\/span> \/ <span style=\"color: #d12727;\"><a style=\"color: #d12727;\" href=\"https:\/\/www.csj-emballages.com\/es\/produit\/estuche-de-pasteleria-moment-gourmand-carton-23-x-8-cm-paquete-de-50\/\">23 x 8 cm<\/a><\/span> \/ <span style=\"color: #d12727;\"><a style=\"color: #d12727;\" href=\"https:\/\/www.csj-emballages.com\/es\/produit\/caja-para-pasteles-moment-gourmand-carton-26-x-8-cm-paquete-de-50\/\">26 x 8 cm<\/a><\/span> \/ <span style=\"color: #d12727;\"><a style=\"color: #d12727;\" href=\"https:\/\/www.csj-emballages.com\/es\/produit\/estuche-de-pasteleria-moment-gourmand-carton-29-x-8-cm-paquete-de-50\/\">29 x 8 cm<\/a><\/span><\/p>\n<p>&nbsp;<\/p>\n<p><!--more--><\/p>\n<p><a href=\"https:\/\/www.csj-emballages.com\/es\/categorie-produit\/envasado-de-alimentos\/panaderia-y-pasteleria\/cajas-y-estuches\/cajas-para-pasteles\/cajas-de-pasteles-de-colores\/cajas-de-pasteleria-moment-gourmand\/\">Consulte el resto de nuestra gama de cajas de pasteler\u00eda Moment Gourmand<\/a><\/p>\n","protected":false},"excerpt":{"rendered":"<p>Caja para pasteles Descubra nuestra caja de pasteler\u00eda Moment Gourmand, cart\u00f3n 33 x 8 cm, paquete de 50<\/p>\n","protected":false},"featured_media":258062,"template":"","meta":{"_acf_changed":false},"product_brand":[],"product_cat":[1150,1145,3868,1259,1266,10173],"product_tag":[],"class_list":{"0":"post-258119","1":"product","2":"type-product","3":"status-publish","4":"has-post-thumbnail","6":"product_cat-envasado-de-alimentos","7":"product_cat-panaderia-y-pasteleria","8":"product_cat-cajas-y-estuches","9":"product_cat-cajas-para-pasteles","10":"product_cat-cajas-de-pasteles-de-colores","11":"product_cat-cajas-de-pasteleria-moment-gourmand","13":"first","14":"instock","15":"taxable","16":"shipping-taxable","17":"purchasable","18":"product-type-simple"},"acf":[],"yoast_head":"<!-- This site is optimized with the Yoast SEO Premium plugin v26.6 (Yoast SEO v26.6) - https:\/\/yoast.com\/wordpress\/plugins\/seo\/ -->\n<title>Caja de cart\u00f3n Moment Gourmand 33 x 8 cm, paquete de 25<\/title>\n<meta name=\"description\" content=\"Caja de pasteler\u00eda de cart\u00f3n &quot;Moment Gourmand&quot; de 33x8 cm, vendida en paquetes de 50 unidades. Elegante y resistente, perfecta para postres largos y reposter\u00eda fina.\" \/>\n<meta name=\"robots\" content=\"index, follow, max-snippet:-1, max-image-preview:large, max-video-preview:-1\" \/>\n<link rel=\"canonical\" href=\"https:\/\/www.csj-emballages.com\/es\/produit\/estuche-de-pasteleria-moment-gourmand-33-x-8-cm-25-por-caja\/\" \/>\n<meta property=\"og:locale\" content=\"es_ES\" \/>\n<meta property=\"og:type\" content=\"article\" \/>\n<meta property=\"og:title\" content=\"Estuche de pasteler\u00eda Moment Gourmand 33 x 8 cm, 25 por caja\" \/>\n<meta property=\"og:description\" content=\"Caja de pasteler\u00eda de cart\u00f3n &quot;Moment Gourmand&quot; de 33x8 cm, vendida en paquetes de 50 unidades. Elegante y resistente, perfecta para postres largos y reposter\u00eda fina.\" \/>\n<meta property=\"og:url\" content=\"https:\/\/www.csj-emballages.com\/es\/produit\/estuche-de-pasteleria-moment-gourmand-33-x-8-cm-25-por-caja\/\" \/>\n<meta property=\"og:site_name\" content=\"CSJ Emballages\" \/>\n<meta property=\"article:publisher\" content=\"https:\/\/www.facebook.com\/csjemballages\" \/>\n<meta property=\"article:modified_time\" content=\"2026-05-14T00:12:32+00:00\" \/>\n<meta property=\"og:image\" content=\"https:\/\/www.csj-emballages.com\/wp-content\/uploads\/2025\/11\/BTP208GOUR.webp\" \/>\n\t<meta property=\"og:image:width\" content=\"800\" \/>\n\t<meta property=\"og:image:height\" content=\"800\" \/>\n\t<meta property=\"og:image:type\" content=\"image\/webp\" \/>\n<meta name=\"twitter:card\" content=\"summary_large_image\" \/>\n<meta name=\"twitter:label1\" content=\"Tiempo de lectura\" \/>\n\t<meta name=\"twitter:data1\" content=\"2 minutos\" \/>\n<script type=\"application\/ld+json\" class=\"yoast-schema-graph\">{\"@context\":\"https:\/\/schema.org\",\"@graph\":[{\"@type\":\"WebPage\",\"@id\":\"https:\/\/www.csj-emballages.com\/es\/produit\/estuche-de-pasteleria-moment-gourmand-33-x-8-cm-25-por-caja\/\",\"url\":\"https:\/\/www.csj-emballages.com\/es\/produit\/estuche-de-pasteleria-moment-gourmand-33-x-8-cm-25-por-caja\/\",\"name\":\"Caja de cart\u00f3n Moment Gourmand 33 x 8 cm, paquete de 25\",\"isPartOf\":{\"@id\":\"https:\/\/www.csj-emballages.com\/es\/#website\"},\"primaryImageOfPage\":{\"@id\":\"https:\/\/www.csj-emballages.com\/es\/produit\/estuche-de-pasteleria-moment-gourmand-33-x-8-cm-25-por-caja\/#primaryimage\"},\"image\":{\"@id\":\"https:\/\/www.csj-emballages.com\/es\/produit\/estuche-de-pasteleria-moment-gourmand-33-x-8-cm-25-por-caja\/#primaryimage\"},\"thumbnailUrl\":\"https:\/\/www.csj-emballages.com\/wp-content\/uploads\/2025\/11\/BTP208GOUR.webp\",\"datePublished\":\"2025-11-14T13:18:26+00:00\",\"dateModified\":\"2026-05-14T00:12:32+00:00\",\"description\":\"Caja de pasteler\u00eda de cart\u00f3n \\\"Moment Gourmand\\\" de 33x8 cm, vendida en paquetes de 50 unidades. Elegante y resistente, perfecta para postres largos y reposter\u00eda fina.\",\"breadcrumb\":{\"@id\":\"https:\/\/www.csj-emballages.com\/es\/produit\/estuche-de-pasteleria-moment-gourmand-33-x-8-cm-25-por-caja\/#breadcrumb\"},\"inLanguage\":\"es\",\"potentialAction\":[{\"@type\":\"ReadAction\",\"target\":[\"https:\/\/www.csj-emballages.com\/es\/produit\/estuche-de-pasteleria-moment-gourmand-33-x-8-cm-25-por-caja\/\"]}]},{\"@type\":\"ImageObject\",\"inLanguage\":\"es\",\"@id\":\"https:\/\/www.csj-emballages.com\/es\/produit\/estuche-de-pasteleria-moment-gourmand-33-x-8-cm-25-por-caja\/#primaryimage\",\"url\":\"https:\/\/www.csj-emballages.com\/wp-content\/uploads\/2025\/11\/BTP208GOUR.webp\",\"contentUrl\":\"https:\/\/www.csj-emballages.com\/wp-content\/uploads\/2025\/11\/BTP208GOUR.webp\",\"width\":800,\"height\":800,\"caption\":\"Boite p\u00e2tissi\u00e8re\"},{\"@type\":\"BreadcrumbList\",\"@id\":\"https:\/\/www.csj-emballages.com\/es\/produit\/estuche-de-pasteleria-moment-gourmand-33-x-8-cm-25-por-caja\/#breadcrumb\",\"itemListElement\":[{\"@type\":\"ListItem\",\"position\":1,\"name\":\"Accueil\",\"item\":\"https:\/\/www.csj-emballages.com\/es\/universo-del-envasado-alimentario\/\"},{\"@type\":\"ListItem\",\"position\":2,\"name\":\"Tienda\",\"item\":\"https:\/\/www.csj-emballages.com\/tienda\/\"},{\"@type\":\"ListItem\",\"position\":3,\"name\":\"Estuche de pasteler\u00eda Moment Gourmand 33 x 8 cm, 25 por caja\"}]},{\"@type\":\"WebSite\",\"@id\":\"https:\/\/www.csj-emballages.com\/es\/#website\",\"url\":\"https:\/\/www.csj-emballages.com\/es\/\",\"name\":\"CSJ Emballages\",\"description\":\"\",\"publisher\":{\"@id\":\"https:\/\/www.csj-emballages.com\/es\/#organization\"},\"potentialAction\":[{\"@type\":\"SearchAction\",\"target\":{\"@type\":\"EntryPoint\",\"urlTemplate\":\"https:\/\/www.csj-emballages.com\/es\/?s={search_term_string}\"},\"query-input\":{\"@type\":\"PropertyValueSpecification\",\"valueRequired\":true,\"valueName\":\"search_term_string\"}}],\"inLanguage\":\"es\"},{\"@type\":\"Organization\",\"@id\":\"https:\/\/www.csj-emballages.com\/es\/#Organization\/\",\"name\":\"CSJ Emballages\",\"url\":\"https:\/\/www.csj-emballages.com\/es\/\",\"logo\":{\"@type\":\"ImageObject\",\"inLanguage\":\"es\",\"@id\":\"https:\/\/www.csj-emballages.com\/es\/#\/schema\/logo\/image\/\",\"url\":\"https:\/\/www.csj-emballages.com\/wp-content\/uploads\/2023\/10\/logo_csj.webp\",\"contentUrl\":\"https:\/\/www.csj-emballages.com\/wp-content\/uploads\/2023\/10\/logo_csj.webp\",\"width\":250,\"height\":95,\"caption\":\"CSJ Emballages\"},\"image\":{\"@id\":\"https:\/\/www.csj-emballages.com\/es\/#\/schema\/logo\/image\/\"},\"sameAs\":[\"https:\/\/www.facebook.com\/csjemballages\"],\"address\":{\"@type\":\"PostalAddress\",\"streetAddress\":\"ZI La Lechere\",\"addressLocality\":\"Patornay\",\"postalCode\":\"39130\",\"addressCountry\":\"FR\"},\"contactPoint\":[{\"@type\":\"ContactPoint\",\"contactType\":\"Service client\",\"telephone\":\"0384254272\",\"email\":\"contact@csj-emballages.com\"}]}]}<\/script>\n<!-- \/ Yoast SEO Premium plugin. -->","yoast_head_json":{"title":"Caja de cart\u00f3n Moment Gourmand 33 x 8 cm, paquete de 25","description":"Caja de pasteler\u00eda de cart\u00f3n \"Moment Gourmand\" de 33x8 cm, vendida en paquetes de 50 unidades. Elegante y resistente, perfecta para postres largos y reposter\u00eda fina.","robots":{"index":"index","follow":"follow","max-snippet":"max-snippet:-1","max-image-preview":"max-image-preview:large","max-video-preview":"max-video-preview:-1"},"canonical":"https:\/\/www.csj-emballages.com\/es\/produit\/estuche-de-pasteleria-moment-gourmand-33-x-8-cm-25-por-caja\/","og_locale":"es_ES","og_type":"article","og_title":"Estuche de pasteler\u00eda Moment Gourmand 33 x 8 cm, 25 por caja","og_description":"Caja de pasteler\u00eda de cart\u00f3n \"Moment Gourmand\" de 33x8 cm, vendida en paquetes de 50 unidades. Elegante y resistente, perfecta para postres largos y reposter\u00eda fina.","og_url":"https:\/\/www.csj-emballages.com\/es\/produit\/estuche-de-pasteleria-moment-gourmand-33-x-8-cm-25-por-caja\/","og_site_name":"CSJ Emballages","article_publisher":"https:\/\/www.facebook.com\/csjemballages","article_modified_time":"2026-05-14T00:12:32+00:00","og_image":[{"width":800,"height":800,"url":"https:\/\/www.csj-emballages.com\/wp-content\/uploads\/2025\/11\/BTP208GOUR.webp","type":"image\/webp"}],"twitter_card":"summary_large_image","twitter_misc":{"Tiempo de lectura":"2 minutos"},"schema":{"@context":"https:\/\/schema.org","@graph":[{"@type":"WebPage","@id":"https:\/\/www.csj-emballages.com\/es\/produit\/estuche-de-pasteleria-moment-gourmand-33-x-8-cm-25-por-caja\/","url":"https:\/\/www.csj-emballages.com\/es\/produit\/estuche-de-pasteleria-moment-gourmand-33-x-8-cm-25-por-caja\/","name":"Caja de cart\u00f3n Moment Gourmand 33 x 8 cm, paquete de 25","isPartOf":{"@id":"https:\/\/www.csj-emballages.com\/es\/#website"},"primaryImageOfPage":{"@id":"https:\/\/www.csj-emballages.com\/es\/produit\/estuche-de-pasteleria-moment-gourmand-33-x-8-cm-25-por-caja\/#primaryimage"},"image":{"@id":"https:\/\/www.csj-emballages.com\/es\/produit\/estuche-de-pasteleria-moment-gourmand-33-x-8-cm-25-por-caja\/#primaryimage"},"thumbnailUrl":"https:\/\/www.csj-emballages.com\/wp-content\/uploads\/2025\/11\/BTP208GOUR.webp","datePublished":"2025-11-14T13:18:26+00:00","dateModified":"2026-05-14T00:12:32+00:00","description":"Caja de pasteler\u00eda de cart\u00f3n \"Moment Gourmand\" de 33x8 cm, vendida en paquetes de 50 unidades. Elegante y resistente, perfecta para postres largos y reposter\u00eda fina.","breadcrumb":{"@id":"https:\/\/www.csj-emballages.com\/es\/produit\/estuche-de-pasteleria-moment-gourmand-33-x-8-cm-25-por-caja\/#breadcrumb"},"inLanguage":"es","potentialAction":[{"@type":"ReadAction","target":["https:\/\/www.csj-emballages.com\/es\/produit\/estuche-de-pasteleria-moment-gourmand-33-x-8-cm-25-por-caja\/"]}]},{"@type":"ImageObject","inLanguage":"es","@id":"https:\/\/www.csj-emballages.com\/es\/produit\/estuche-de-pasteleria-moment-gourmand-33-x-8-cm-25-por-caja\/#primaryimage","url":"https:\/\/www.csj-emballages.com\/wp-content\/uploads\/2025\/11\/BTP208GOUR.webp","contentUrl":"https:\/\/www.csj-emballages.com\/wp-content\/uploads\/2025\/11\/BTP208GOUR.webp","width":800,"height":800,"caption":"Boite p\u00e2tissi\u00e8re"},{"@type":"BreadcrumbList","@id":"https:\/\/www.csj-emballages.com\/es\/produit\/estuche-de-pasteleria-moment-gourmand-33-x-8-cm-25-por-caja\/#breadcrumb","itemListElement":[{"@type":"ListItem","position":1,"name":"Accueil","item":"https:\/\/www.csj-emballages.com\/es\/universo-del-envasado-alimentario\/"},{"@type":"ListItem","position":2,"name":"Tienda","item":"https:\/\/www.csj-emballages.com\/tienda\/"},{"@type":"ListItem","position":3,"name":"Estuche de pasteler\u00eda Moment Gourmand 33 x 8 cm, 25 por caja"}]},{"@type":"WebSite","@id":"https:\/\/www.csj-emballages.com\/es\/#website","url":"https:\/\/www.csj-emballages.com\/es\/","name":"CSJ Emballages","description":"","publisher":{"@id":"https:\/\/www.csj-emballages.com\/es\/#organization"},"potentialAction":[{"@type":"SearchAction","target":{"@type":"EntryPoint","urlTemplate":"https:\/\/www.csj-emballages.com\/es\/?s={search_term_string}"},"query-input":{"@type":"PropertyValueSpecification","valueRequired":true,"valueName":"search_term_string"}}],"inLanguage":"es"},{"@type":"Organization","@id":"https:\/\/www.csj-emballages.com\/es\/#Organization\/","name":"CSJ Emballages","url":"https:\/\/www.csj-emballages.com\/es\/","logo":{"@type":"ImageObject","inLanguage":"es","@id":"https:\/\/www.csj-emballages.com\/es\/#\/schema\/logo\/image\/","url":"https:\/\/www.csj-emballages.com\/wp-content\/uploads\/2023\/10\/logo_csj.webp","contentUrl":"https:\/\/www.csj-emballages.com\/wp-content\/uploads\/2023\/10\/logo_csj.webp","width":250,"height":95,"caption":"CSJ Emballages"},"image":{"@id":"https:\/\/www.csj-emballages.com\/es\/#\/schema\/logo\/image\/"},"sameAs":["https:\/\/www.facebook.com\/csjemballages"],"address":{"@type":"PostalAddress","streetAddress":"ZI La Lechere","addressLocality":"Patornay","postalCode":"39130","addressCountry":"FR"},"contactPoint":[{"@type":"ContactPoint","contactType":"Service client","telephone":"0384254272","email":"contact@csj-emballages.com"}]}]}},"df_price":26.96,"df_sale_price":"","df_regular_price":26.96,"df_image_link":"https:\/\/www.csj-emballages.com\/wp-content\/uploads\/2025\/11\/BTP208GOUR-300x300.webp","tiered_pricing_type":"fixed","tiered_pricing_fixed_rules":[],"tiered_pricing_percentage_rules":[],"tiered_pricing_minimum":1,"tiered_pricing_roles_data":[],"_links":{"self":[{"href":"https:\/\/www.csj-emballages.com\/es\/wp-json\/wp\/v2\/product\/258119","targetHints":{"allow":["GET"]}}],"collection":[{"href":"https:\/\/www.csj-emballages.com\/es\/wp-json\/wp\/v2\/product"}],"about":[{"href":"https:\/\/www.csj-emballages.com\/es\/wp-json\/wp\/v2\/types\/product"}],"wp:featuredmedia":[{"embeddable":true,"href":"https:\/\/www.csj-emballages.com\/es\/wp-json\/wp\/v2\/media\/258062"}],"wp:attachment":[{"href":"https:\/\/www.csj-emballages.com\/es\/wp-json\/wp\/v2\/media?parent=258119"}],"wp:term":[{"taxonomy":"product_brand","embeddable":true,"href":"https:\/\/www.csj-emballages.com\/es\/wp-json\/wp\/v2\/product_brand?post=258119"},{"taxonomy":"product_cat","embeddable":true,"href":"https:\/\/www.csj-emballages.com\/es\/wp-json\/wp\/v2\/product_cat?post=258119"},{"taxonomy":"product_tag","embeddable":true,"href":"https:\/\/www.csj-emballages.com\/es\/wp-json\/wp\/v2\/product_tag?post=258119"}],"curies":[{"name":"wp","href":"https:\/\/api.w.org\/{rel}","templated":true}]}}