{"id":258109,"date":"2025-11-14T14:18:24","date_gmt":"2025-11-14T13:18:24","guid":{"rendered":"https:\/\/www.csj-emballages.com\/produit\/caja-para-pasteles-moment-gourmand-carton-26-x-8-cm-paquete-de-50\/"},"modified":"2026-05-14T11:00:31","modified_gmt":"2026-05-14T09:00:31","slug":"caja-para-pasteles-moment-gourmand-carton-26-x-8-cm-paquete-de-50","status":"publish","type":"product","link":"https:\/\/www.csj-emballages.com\/es\/produit\/caja-para-pasteles-moment-gourmand-carton-26-x-8-cm-paquete-de-50\/","title":{"rendered":"Caja para pasteles Moment Gourmand, cart\u00f3n, 26 x 8 cm, paquete de 50"},"content":{"rendered":"<h2>Caja para pasteles<\/h2>\n<hr>\n<h3>Descubra nuestra caja de pasteler\u00eda Moment Gourmand, cart\u00f3n 26 x 8 cm, paquete de 50<\/h3>\n<p><!--more--><\/p>\n<p data-start=\"225\" data-end=\"569\">Porque un postre se saborea primero con los ojos, la <strong>caja de pasteler\u00eda<\/strong> <strong data-start=\"299\" data-end=\"320\">\u201cMomento Goloso\u201d<\/strong> ha sido dise\u00f1ada para realzar sus creaciones desde el primer segundo. Con su formato de <strong data-start=\"411\" data-end=\"424\">26 x 8 cm<\/strong>, es perfecta para tartaletas, dulces finos o peque\u00f1as composiciones dulces para llevar.<\/p>\n<p data-start=\"571\" data-end=\"922\">Su <strong>elegante dise\u00f1o blanco<\/strong>, realzado por una <strong>elegante banda azul<\/strong> y <strong>una discreta marca<\/strong>, inspira inmediatamente calidad y cuidado. No se trata de un envase al uso: aqu\u00ed, la <strong>caja<\/strong> es parte integrante de la experiencia. Dan ganas de abrirla, descubrirla y degustarla. Es precisamente este peque\u00f1o detalle el que marca la diferencia con los clientes.   <\/p>\n<p data-start=\"924\" data-end=\"1236\">En cuanto a practicidad, tambi\u00e9n cumple todos los requisitos. El <strong>cart\u00f3n r\u00edgido<\/strong> garantiza que se mantenga en su sitio durante el transporte, incluso cuando el postre es delicado. El cierre es sencillo y eficaz, ahorra tiempo en la tienda y asegura el contenido. Empaquetar\u00e1 de forma r\u00e1pida, limpia y sin estr\u00e9s.   <\/p>\n<p data-start=\"1238\" data-end=\"1509\">Vendida <strong data-start=\"1245\" data-end=\"1262\">en lotes de 50<\/strong>, esta <strong>caja de pasteler\u00eda<\/strong> se adapta tanto a los artesanos pasteleros como a los salones de t\u00e9, caterings o eventos puntuales. Permite gestionar los vol\u00famenes sin sobrecargar el espacio de almacenamiento, manteniendo al mismo tiempo una presentaci\u00f3n constante y profesional.<\/p>\n<p data-start=\"1511\" data-end=\"1801\">En resumen, la <strong>caja de pasteler\u00eda<\/strong> <strong>\u00abMoment Gourmand<\/strong> \u00bb hace algo m\u00e1s que proteger sus postres. Los realza, refuerza su imagen y transforma cada venta en un peque\u00f1o detalle. Un embalaje sencillo, elegante y eficaz, pensado para quienes les gusta dar placer hasta en el m\u00e1s m\u00ednimo detalle.  <\/p>\n<p data-start=\"1511\" data-end=\"1801\"><!--more--><\/p>\n<h4 style=\"text-align: left;\"><strong>Ventajas :<\/strong><\/h4>\n<ul>\n<li data-start=\"1829\" data-end=\"1875\">Elegante y moderno dise\u00f1o<strong>\u00abMoment Gourmand<\/strong>\u00ab.<\/li>\n<li data-start=\"1878\" data-end=\"1924\">Ideal para pasteles individuales.<\/li>\n<li data-start=\"1927\" data-end=\"1970\">Caja de cart\u00f3n r\u00edgido para un transporte seguro.<\/li>\n<li data-start=\"1973\" data-end=\"2004\">R\u00e1pido y f\u00e1cil de cerrar.<\/li>\n<li data-start=\"2007\" data-end=\"2054\">Paquete de <strong>50<\/strong>, perfecto para uso profesional.<\/li>\n<\/ul>\n<p>&nbsp;<\/p>\n<p><!--more--><\/p>\n<h4>Informaci\u00f3n adicional :<\/h4>\n<ul>\n<li><strong>Envase<\/strong>: Paquete de 50<\/li>\n<li><strong>Dimensiones<\/strong>: 26 x 8 (L x A x A en cm)<\/li>\n<li><b>Color <\/b>: Blanco \/ Azul<\/li>\n<li><strong>Material<\/strong>: Cart\u00f3n<\/li>\n<li><strong>Modelo<\/strong>: Moment Gourmand<\/li>\n<\/ul>\n<p>&nbsp;<\/p>\n<p><!--more--><\/p>\n<p>Esta caja para pasteles \u00abMoment Gourmand\u00bb est\u00e1 disponible en diferentes tama\u00f1os: <span style=\"color: #d12727;\"><a style=\"color: #d12727;\" href=\"https:\/\/www.csj-emballages.com\/pt-pt\/produit\/caixa-para-pastelaria-moment-gourmand-cartao-20-x-8-cm-50-unidades\/\">20 x 8 cm<\/a><\/span> \/ <span style=\"color: #d12727;\"><a style=\"color: #d12727;\" href=\"https:\/\/www.csj-emballages.com\/es\/produit\/estuche-de-pasteleria-moment-gourmand-carton-23-x-8-cm-paquete-de-50\/\">23 x 8 cm<\/a><\/span> \/ <span style=\"color: #d12727;\"><a style=\"color: #d12727;\" href=\"https:\/\/www.csj-emballages.com\/pt-pt\/produit\/caixa-para-pastelaria-moment-gourmand-cartao-29-x-8-cm-50-unidades\/\">29 x 8 cm<\/a><\/span> \/ <span style=\"color: #d12727;\"><a style=\"color: #d12727;\" href=\"https:\/\/www.csj-emballages.com\/pt-pt\/produit\/caixa-para-pastelaria-moment-gourmand-33-x-8-cm-25-por-caixa\/\">33 x 8 cm<\/a><\/span><\/p>\n<p>&nbsp;<\/p>\n<p><!--more--><\/p>\n<p><a href=\"https:\/\/www.csj-emballages.com\/es\/categorie-produit\/envasado-de-alimentos\/panaderia-y-pasteleria\/cajas-y-estuches\/cajas-para-pasteles\/cajas-de-pasteles-de-colores\/cajas-de-pasteleria-moment-gourmand\/\">Consulte el resto de nuestra gama de cajas de pasteler\u00eda Moment Gourmand<\/a><\/p>\n","protected":false},"excerpt":{"rendered":"<p>Caja para pasteles Descubra nuestra caja de pasteler\u00eda Moment Gourmand, cart\u00f3n 26 x 8 cm, paquete de 50<\/p>\n","protected":false},"featured_media":258062,"template":"","meta":{"_acf_changed":false},"product_brand":[],"product_cat":[1150,1145,3868,1259,1266,10173],"product_tag":[],"class_list":{"0":"post-258109","1":"product","2":"type-product","3":"status-publish","4":"has-post-thumbnail","6":"product_cat-envasado-de-alimentos","7":"product_cat-panaderia-y-pasteleria","8":"product_cat-cajas-y-estuches","9":"product_cat-cajas-para-pasteles","10":"product_cat-cajas-de-pasteles-de-colores","11":"product_cat-cajas-de-pasteleria-moment-gourmand","13":"first","14":"instock","15":"taxable","16":"shipping-taxable","17":"purchasable","18":"product-type-simple"},"acf":[],"yoast_head":"<!-- This site is optimized with the Yoast SEO Premium plugin v26.6 (Yoast SEO v26.6) - https:\/\/yoast.com\/wordpress\/plugins\/seo\/ -->\n<title>Moment Gourmand Caja de cart\u00f3n 26 x 8 cm por 50<\/title>\n<meta name=\"description\" content=\"Caja de cart\u00f3n para reposter\u00eda &quot;Moment Gourmand&quot; de 26x8 cm, se vende en paquetes de 50 unidades. Elegante y resistente, ideal para presentar y transportar sus postres.\" \/>\n<meta name=\"robots\" content=\"index, follow, max-snippet:-1, max-image-preview:large, max-video-preview:-1\" \/>\n<link rel=\"canonical\" href=\"https:\/\/www.csj-emballages.com\/es\/produit\/caja-para-pasteles-moment-gourmand-carton-26-x-8-cm-paquete-de-50\/\" \/>\n<meta property=\"og:locale\" content=\"es_ES\" \/>\n<meta property=\"og:type\" content=\"article\" \/>\n<meta property=\"og:title\" content=\"Caja para pasteles Moment Gourmand, cart\u00f3n, 26 x 8 cm, paquete de 50\" \/>\n<meta property=\"og:description\" content=\"Caja de cart\u00f3n para reposter\u00eda &quot;Moment Gourmand&quot; de 26x8 cm, se vende en paquetes de 50 unidades. Elegante y resistente, ideal para presentar y transportar sus postres.\" \/>\n<meta property=\"og:url\" content=\"https:\/\/www.csj-emballages.com\/es\/produit\/caja-para-pasteles-moment-gourmand-carton-26-x-8-cm-paquete-de-50\/\" \/>\n<meta property=\"og:site_name\" content=\"CSJ Emballages\" \/>\n<meta property=\"article:publisher\" content=\"https:\/\/www.facebook.com\/csjemballages\" \/>\n<meta property=\"article:modified_time\" content=\"2026-05-14T09:00:31+00:00\" \/>\n<meta property=\"og:image\" content=\"https:\/\/www.csj-emballages.com\/wp-content\/uploads\/2025\/11\/BTP208GOUR.webp\" \/>\n\t<meta property=\"og:image:width\" content=\"800\" \/>\n\t<meta property=\"og:image:height\" content=\"800\" \/>\n\t<meta property=\"og:image:type\" content=\"image\/webp\" \/>\n<meta name=\"twitter:card\" content=\"summary_large_image\" \/>\n<meta name=\"twitter:label1\" content=\"Tiempo de lectura\" \/>\n\t<meta name=\"twitter:data1\" content=\"2 minutos\" \/>\n<script type=\"application\/ld+json\" class=\"yoast-schema-graph\">{\"@context\":\"https:\/\/schema.org\",\"@graph\":[{\"@type\":\"WebPage\",\"@id\":\"https:\/\/www.csj-emballages.com\/es\/produit\/caja-para-pasteles-moment-gourmand-carton-26-x-8-cm-paquete-de-50\/\",\"url\":\"https:\/\/www.csj-emballages.com\/es\/produit\/caja-para-pasteles-moment-gourmand-carton-26-x-8-cm-paquete-de-50\/\",\"name\":\"Moment Gourmand Caja de cart\u00f3n 26 x 8 cm por 50\",\"isPartOf\":{\"@id\":\"https:\/\/www.csj-emballages.com\/es\/#website\"},\"primaryImageOfPage\":{\"@id\":\"https:\/\/www.csj-emballages.com\/es\/produit\/caja-para-pasteles-moment-gourmand-carton-26-x-8-cm-paquete-de-50\/#primaryimage\"},\"image\":{\"@id\":\"https:\/\/www.csj-emballages.com\/es\/produit\/caja-para-pasteles-moment-gourmand-carton-26-x-8-cm-paquete-de-50\/#primaryimage\"},\"thumbnailUrl\":\"https:\/\/www.csj-emballages.com\/wp-content\/uploads\/2025\/11\/BTP208GOUR.webp\",\"datePublished\":\"2025-11-14T13:18:24+00:00\",\"dateModified\":\"2026-05-14T09:00:31+00:00\",\"description\":\"Caja de cart\u00f3n para reposter\u00eda \\\"Moment Gourmand\\\" de 26x8 cm, se vende en paquetes de 50 unidades. Elegante y resistente, ideal para presentar y transportar sus postres.\",\"breadcrumb\":{\"@id\":\"https:\/\/www.csj-emballages.com\/es\/produit\/caja-para-pasteles-moment-gourmand-carton-26-x-8-cm-paquete-de-50\/#breadcrumb\"},\"inLanguage\":\"es\",\"potentialAction\":[{\"@type\":\"ReadAction\",\"target\":[\"https:\/\/www.csj-emballages.com\/es\/produit\/caja-para-pasteles-moment-gourmand-carton-26-x-8-cm-paquete-de-50\/\"]}]},{\"@type\":\"ImageObject\",\"inLanguage\":\"es\",\"@id\":\"https:\/\/www.csj-emballages.com\/es\/produit\/caja-para-pasteles-moment-gourmand-carton-26-x-8-cm-paquete-de-50\/#primaryimage\",\"url\":\"https:\/\/www.csj-emballages.com\/wp-content\/uploads\/2025\/11\/BTP208GOUR.webp\",\"contentUrl\":\"https:\/\/www.csj-emballages.com\/wp-content\/uploads\/2025\/11\/BTP208GOUR.webp\",\"width\":800,\"height\":800,\"caption\":\"Boite p\u00e2tissi\u00e8re\"},{\"@type\":\"BreadcrumbList\",\"@id\":\"https:\/\/www.csj-emballages.com\/es\/produit\/caja-para-pasteles-moment-gourmand-carton-26-x-8-cm-paquete-de-50\/#breadcrumb\",\"itemListElement\":[{\"@type\":\"ListItem\",\"position\":1,\"name\":\"Accueil\",\"item\":\"https:\/\/www.csj-emballages.com\/es\/universo-del-envasado-alimentario\/\"},{\"@type\":\"ListItem\",\"position\":2,\"name\":\"Tienda\",\"item\":\"https:\/\/www.csj-emballages.com\/tienda\/\"},{\"@type\":\"ListItem\",\"position\":3,\"name\":\"Caja para pasteles Moment Gourmand, cart\u00f3n, 26 x 8 cm, paquete de 50\"}]},{\"@type\":\"WebSite\",\"@id\":\"https:\/\/www.csj-emballages.com\/es\/#website\",\"url\":\"https:\/\/www.csj-emballages.com\/es\/\",\"name\":\"CSJ Emballages\",\"description\":\"\",\"publisher\":{\"@id\":\"https:\/\/www.csj-emballages.com\/es\/#organization\"},\"potentialAction\":[{\"@type\":\"SearchAction\",\"target\":{\"@type\":\"EntryPoint\",\"urlTemplate\":\"https:\/\/www.csj-emballages.com\/es\/?s={search_term_string}\"},\"query-input\":{\"@type\":\"PropertyValueSpecification\",\"valueRequired\":true,\"valueName\":\"search_term_string\"}}],\"inLanguage\":\"es\"},{\"@type\":\"Organization\",\"@id\":\"https:\/\/www.csj-emballages.com\/es\/#Organization\/\",\"name\":\"CSJ Emballages\",\"url\":\"https:\/\/www.csj-emballages.com\/es\/\",\"logo\":{\"@type\":\"ImageObject\",\"inLanguage\":\"es\",\"@id\":\"https:\/\/www.csj-emballages.com\/es\/#\/schema\/logo\/image\/\",\"url\":\"https:\/\/www.csj-emballages.com\/wp-content\/uploads\/2023\/10\/logo_csj.webp\",\"contentUrl\":\"https:\/\/www.csj-emballages.com\/wp-content\/uploads\/2023\/10\/logo_csj.webp\",\"width\":250,\"height\":95,\"caption\":\"CSJ Emballages\"},\"image\":{\"@id\":\"https:\/\/www.csj-emballages.com\/es\/#\/schema\/logo\/image\/\"},\"sameAs\":[\"https:\/\/www.facebook.com\/csjemballages\"],\"address\":{\"@type\":\"PostalAddress\",\"streetAddress\":\"ZI La Lechere\",\"addressLocality\":\"Patornay\",\"postalCode\":\"39130\",\"addressCountry\":\"FR\"},\"contactPoint\":[{\"@type\":\"ContactPoint\",\"contactType\":\"Service client\",\"telephone\":\"0384254272\",\"email\":\"contact@csj-emballages.com\"}]}]}<\/script>\n<!-- \/ Yoast SEO Premium plugin. -->","yoast_head_json":{"title":"Moment Gourmand Caja de cart\u00f3n 26 x 8 cm por 50","description":"Caja de cart\u00f3n para reposter\u00eda \"Moment Gourmand\" de 26x8 cm, se vende en paquetes de 50 unidades. Elegante y resistente, ideal para presentar y transportar sus postres.","robots":{"index":"index","follow":"follow","max-snippet":"max-snippet:-1","max-image-preview":"max-image-preview:large","max-video-preview":"max-video-preview:-1"},"canonical":"https:\/\/www.csj-emballages.com\/es\/produit\/caja-para-pasteles-moment-gourmand-carton-26-x-8-cm-paquete-de-50\/","og_locale":"es_ES","og_type":"article","og_title":"Caja para pasteles Moment Gourmand, cart\u00f3n, 26 x 8 cm, paquete de 50","og_description":"Caja de cart\u00f3n para reposter\u00eda \"Moment Gourmand\" de 26x8 cm, se vende en paquetes de 50 unidades. Elegante y resistente, ideal para presentar y transportar sus postres.","og_url":"https:\/\/www.csj-emballages.com\/es\/produit\/caja-para-pasteles-moment-gourmand-carton-26-x-8-cm-paquete-de-50\/","og_site_name":"CSJ Emballages","article_publisher":"https:\/\/www.facebook.com\/csjemballages","article_modified_time":"2026-05-14T09:00:31+00:00","og_image":[{"width":800,"height":800,"url":"https:\/\/www.csj-emballages.com\/wp-content\/uploads\/2025\/11\/BTP208GOUR.webp","type":"image\/webp"}],"twitter_card":"summary_large_image","twitter_misc":{"Tiempo de lectura":"2 minutos"},"schema":{"@context":"https:\/\/schema.org","@graph":[{"@type":"WebPage","@id":"https:\/\/www.csj-emballages.com\/es\/produit\/caja-para-pasteles-moment-gourmand-carton-26-x-8-cm-paquete-de-50\/","url":"https:\/\/www.csj-emballages.com\/es\/produit\/caja-para-pasteles-moment-gourmand-carton-26-x-8-cm-paquete-de-50\/","name":"Moment Gourmand Caja de cart\u00f3n 26 x 8 cm por 50","isPartOf":{"@id":"https:\/\/www.csj-emballages.com\/es\/#website"},"primaryImageOfPage":{"@id":"https:\/\/www.csj-emballages.com\/es\/produit\/caja-para-pasteles-moment-gourmand-carton-26-x-8-cm-paquete-de-50\/#primaryimage"},"image":{"@id":"https:\/\/www.csj-emballages.com\/es\/produit\/caja-para-pasteles-moment-gourmand-carton-26-x-8-cm-paquete-de-50\/#primaryimage"},"thumbnailUrl":"https:\/\/www.csj-emballages.com\/wp-content\/uploads\/2025\/11\/BTP208GOUR.webp","datePublished":"2025-11-14T13:18:24+00:00","dateModified":"2026-05-14T09:00:31+00:00","description":"Caja de cart\u00f3n para reposter\u00eda \"Moment Gourmand\" de 26x8 cm, se vende en paquetes de 50 unidades. Elegante y resistente, ideal para presentar y transportar sus postres.","breadcrumb":{"@id":"https:\/\/www.csj-emballages.com\/es\/produit\/caja-para-pasteles-moment-gourmand-carton-26-x-8-cm-paquete-de-50\/#breadcrumb"},"inLanguage":"es","potentialAction":[{"@type":"ReadAction","target":["https:\/\/www.csj-emballages.com\/es\/produit\/caja-para-pasteles-moment-gourmand-carton-26-x-8-cm-paquete-de-50\/"]}]},{"@type":"ImageObject","inLanguage":"es","@id":"https:\/\/www.csj-emballages.com\/es\/produit\/caja-para-pasteles-moment-gourmand-carton-26-x-8-cm-paquete-de-50\/#primaryimage","url":"https:\/\/www.csj-emballages.com\/wp-content\/uploads\/2025\/11\/BTP208GOUR.webp","contentUrl":"https:\/\/www.csj-emballages.com\/wp-content\/uploads\/2025\/11\/BTP208GOUR.webp","width":800,"height":800,"caption":"Boite p\u00e2tissi\u00e8re"},{"@type":"BreadcrumbList","@id":"https:\/\/www.csj-emballages.com\/es\/produit\/caja-para-pasteles-moment-gourmand-carton-26-x-8-cm-paquete-de-50\/#breadcrumb","itemListElement":[{"@type":"ListItem","position":1,"name":"Accueil","item":"https:\/\/www.csj-emballages.com\/es\/universo-del-envasado-alimentario\/"},{"@type":"ListItem","position":2,"name":"Tienda","item":"https:\/\/www.csj-emballages.com\/tienda\/"},{"@type":"ListItem","position":3,"name":"Caja para pasteles Moment Gourmand, cart\u00f3n, 26 x 8 cm, paquete de 50"}]},{"@type":"WebSite","@id":"https:\/\/www.csj-emballages.com\/es\/#website","url":"https:\/\/www.csj-emballages.com\/es\/","name":"CSJ Emballages","description":"","publisher":{"@id":"https:\/\/www.csj-emballages.com\/es\/#organization"},"potentialAction":[{"@type":"SearchAction","target":{"@type":"EntryPoint","urlTemplate":"https:\/\/www.csj-emballages.com\/es\/?s={search_term_string}"},"query-input":{"@type":"PropertyValueSpecification","valueRequired":true,"valueName":"search_term_string"}}],"inLanguage":"es"},{"@type":"Organization","@id":"https:\/\/www.csj-emballages.com\/es\/#Organization\/","name":"CSJ Emballages","url":"https:\/\/www.csj-emballages.com\/es\/","logo":{"@type":"ImageObject","inLanguage":"es","@id":"https:\/\/www.csj-emballages.com\/es\/#\/schema\/logo\/image\/","url":"https:\/\/www.csj-emballages.com\/wp-content\/uploads\/2023\/10\/logo_csj.webp","contentUrl":"https:\/\/www.csj-emballages.com\/wp-content\/uploads\/2023\/10\/logo_csj.webp","width":250,"height":95,"caption":"CSJ Emballages"},"image":{"@id":"https:\/\/www.csj-emballages.com\/es\/#\/schema\/logo\/image\/"},"sameAs":["https:\/\/www.facebook.com\/csjemballages"],"address":{"@type":"PostalAddress","streetAddress":"ZI La Lechere","addressLocality":"Patornay","postalCode":"39130","addressCountry":"FR"},"contactPoint":[{"@type":"ContactPoint","contactType":"Service client","telephone":"0384254272","email":"contact@csj-emballages.com"}]}]}},"df_price":17.62,"df_sale_price":"","df_regular_price":17.62,"df_image_link":"https:\/\/www.csj-emballages.com\/wp-content\/uploads\/2025\/11\/BTP208GOUR-300x300.webp","tiered_pricing_type":"fixed","tiered_pricing_fixed_rules":[],"tiered_pricing_percentage_rules":[],"tiered_pricing_minimum":1,"tiered_pricing_roles_data":[],"_links":{"self":[{"href":"https:\/\/www.csj-emballages.com\/es\/wp-json\/wp\/v2\/product\/258109","targetHints":{"allow":["GET"]}}],"collection":[{"href":"https:\/\/www.csj-emballages.com\/es\/wp-json\/wp\/v2\/product"}],"about":[{"href":"https:\/\/www.csj-emballages.com\/es\/wp-json\/wp\/v2\/types\/product"}],"wp:featuredmedia":[{"embeddable":true,"href":"https:\/\/www.csj-emballages.com\/es\/wp-json\/wp\/v2\/media\/258062"}],"wp:attachment":[{"href":"https:\/\/www.csj-emballages.com\/es\/wp-json\/wp\/v2\/media?parent=258109"}],"wp:term":[{"taxonomy":"product_brand","embeddable":true,"href":"https:\/\/www.csj-emballages.com\/es\/wp-json\/wp\/v2\/product_brand?post=258109"},{"taxonomy":"product_cat","embeddable":true,"href":"https:\/\/www.csj-emballages.com\/es\/wp-json\/wp\/v2\/product_cat?post=258109"},{"taxonomy":"product_tag","embeddable":true,"href":"https:\/\/www.csj-emballages.com\/es\/wp-json\/wp\/v2\/product_tag?post=258109"}],"curies":[{"name":"wp","href":"https:\/\/api.w.org\/{rel}","templated":true}]}}