{"id":257366,"date":"2025-11-19T14:18:16","date_gmt":"2025-11-19T13:18:16","guid":{"rendered":"https:\/\/www.csj-emballages.com\/produit\/bolsa-contenedor-1100-litros-30-%c2%b5-por-10\/"},"modified":"2026-03-12T16:41:58","modified_gmt":"2026-03-12T15:41:58","slug":"bolsa-contenedor-1100-litros-30-%c2%b5-por-10","status":"publish","type":"product","link":"https:\/\/www.csj-emballages.com\/es\/produit\/bolsa-contenedor-1100-litros-30-%c2%b5-por-10\/","title":{"rendered":"Bolsa contenedor 1100 litros 30 \u00b5 por 10"},"content":{"rendered":"<h2>Bolsa contenedora<\/h2>\n<hr>\n<h3>Descubra nuestra bolsa contenedor 1100 litros 30 \u00b5 por 10<\/h3>\n<p><!--more--><\/p>\n<p data-start=\"212\" data-end=\"666\">Cuando tiene que gestionar grandes vol\u00famenes de residuos, necesita una soluci\u00f3n sencilla, fiable y r\u00e1pida de instalar. Esta <strong data-start=\"342\" data-end=\"383\">bolsa de basura de 1100 litros<\/strong> se ha dise\u00f1ado precisamente para eso. Se desliza f\u00e1cilmente en el contenedor, se ajusta perfectamente a las paredes y se mantiene en su sitio incluso cuando el contenedor est\u00e1 lleno. No hay necesidad de luchar con una bolsa que se desliza o se rompe en el momento equivocado: aqu\u00ed, todo est\u00e1 hecho para hacer su vida diaria m\u00e1s f\u00e1cil.   <\/p>\n<p data-start=\"668\" data-end=\"1024\">Con un grosor de <strong data-start=\"690\" data-end=\"704\">30 micras<\/strong>, ofrece un buen compromiso entre resistencia y flexibilidad. Maneja f\u00e1cilmente los residuos cotidianos, ya sea en restaurantes, industrias, ayuntamientos o incluso comunidades de vecinos. Trabajar\u00e1 de forma limpia, sin fugas ni derrames y, sobre todo, sin sorpresas desagradables al retirar la bolsa.  <\/p>\n<p data-start=\"1026\" data-end=\"1281\">Adem\u00e1s, este formato <strong data-start=\"1045\" data-end=\"1055\">de 10 envases<\/strong> es muy pr\u00e1ctico: permite disponer de existencias compactas suficientes para varios d\u00edas. Sin desperdicios ni cajas que ocupen todo el espacio: la cantidad justa para trabajar con eficacia. <\/p>\n<p data-start=\"1283\" data-end=\"1578\">Este tipo de <strong>cubierta<\/strong> tambi\u00e9n mejora la higiene del contenedor. Al cubrir completamente las paredes interiores, limita la suciedad, reduce los olores y facilita enormemente la limpieza. El resultado: un espacio de trabajo m\u00e1s limpio y agradable y una gesti\u00f3n de residuos mucho m\u00e1s fluida.  <\/p>\n<p data-start=\"1580\" data-end=\"1779\">En resumen, esta <strong>bolsa contenedora de 1100 L<\/strong> es un aliado discreto pero esencial para quienes desean ahorrar tiempo, evitar manipulaciones complicadas y mantener un entorno de trabajo impecable.<\/p>\n<p data-start=\"1580\" data-end=\"1779\"><!--more--><\/p>\n<h4 data-start=\"1580\" data-end=\"1779\">Ventajas :<\/h4>\n<ul>\n<li data-start=\"1807\" data-end=\"1856\">Perfectamente adecuado para contenedores de 1100 litros.<\/li>\n<li data-start=\"1859\" data-end=\"1897\"><strong>30 \u00b5<\/strong> de grosor: resistente y f\u00e1cil de manejar.<\/li>\n<li data-start=\"1900\" data-end=\"1948\">R\u00e1pido de colocar, se mantiene bien en la bandeja.<\/li>\n<li data-start=\"1951\" data-end=\"1981\">Reduce la suciedad y los olores.<\/li>\n<li data-start=\"1984\" data-end=\"2012\">Pr\u00e1ctico envase de <strong>10 unidades<\/strong>.<\/li>\n<\/ul>\n<p>&nbsp;<\/p>\n<p><!--more--><\/p>\n<h4>Informaci\u00f3n adicional :<\/h4>\n<ul>\n<li><strong>Envase<\/strong>: Paquete de 10<\/li>\n<li><strong>Volumen<\/strong>: 1100 litros<\/li>\n<li><strong>Espesor<\/strong>: 30 \u00b5<\/li>\n<li><strong>Color<\/strong>: Negro<\/li>\n<li><strong>Material<\/strong>: pl\u00e1stico BD<\/li>\n<\/ul>\n<p>&nbsp;<\/p>\n<p><!--more--><\/p>\n<p>Esta bolsa funda contenedor de 1100 litros est\u00e1 disponible en diferentes tama\u00f1os: <span style=\"color: #d12727;\"><a style=\"color: #d12727;\" href=\"https:\/\/www.csj-emballages.com\/es\/produit\/10-bolsas-de-basura-negras-de-30-%c2%b5-y-240-litros\/\">240 litros<\/a><\/span> \/ <span style=\"color: #d12727;\"><a style=\"color: #d12727;\" href=\"https:\/\/www.csj-emballages.com\/es\/produit\/10-bolsas-de-basura-340-litros-35-%c2%b5\/\">340 litros<\/a><\/span><\/p>\n<p>&nbsp;<\/p>\n<p><!--more--><\/p>\n<p><a href=\"https:\/\/www.csj-emballages.com\/es\/categorie-produit\/higiene-y-mantenimiento\/bolsas-de-basura\/\">Ver el resto de nuestra gama de bolsas de basura<\/a><\/p>\n","protected":false},"excerpt":{"rendered":"<p>Bolsa contenedora Descubra nuestra bolsa contenedor 1100 litros 30 \u00b5 por 10<\/p>\n","protected":false},"featured_media":257016,"template":"","meta":{"_acf_changed":false},"product_brand":[],"product_cat":[1226,1871],"product_tag":[],"class_list":{"0":"post-257366","1":"product","2":"type-product","3":"status-publish","4":"has-post-thumbnail","6":"product_cat-higiene-y-mantenimiento","7":"product_cat-bolsas-de-basura","9":"first","10":"instock","11":"taxable","12":"shipping-taxable","13":"purchasable","14":"product-type-simple"},"acf":[],"yoast_head":"<!-- This site is optimized with the Yoast SEO Premium plugin v26.6 (Yoast SEO v26.6) - https:\/\/yoast.com\/wordpress\/plugins\/seo\/ -->\n<title>Bolsa Tapa Contenedor 1100 litros 30 \u00b5 por 10<\/title>\n<meta name=\"description\" content=\"Bolsa para contenedores de 1100 L, 30 \u00b5, se vende por 10. Resistente, f\u00e1cil de instalar e ideal para mantener limpios los contenedores y facilitar la gesti\u00f3n de residuos.\" \/>\n<meta name=\"robots\" content=\"index, follow, max-snippet:-1, max-image-preview:large, max-video-preview:-1\" \/>\n<link rel=\"canonical\" href=\"https:\/\/www.csj-emballages.com\/es\/produit\/bolsa-contenedor-1100-litros-30-%c2%b5-por-10\/\" \/>\n<meta property=\"og:locale\" content=\"es_ES\" \/>\n<meta property=\"og:type\" content=\"article\" \/>\n<meta property=\"og:title\" content=\"Bolsa contenedor 1100 litros 30 \u00b5 por 10\" \/>\n<meta property=\"og:description\" content=\"Bolsa para contenedores de 1100 L, 30 \u00b5, se vende por 10. Resistente, f\u00e1cil de instalar e ideal para mantener limpios los contenedores y facilitar la gesti\u00f3n de residuos.\" \/>\n<meta property=\"og:url\" content=\"https:\/\/www.csj-emballages.com\/es\/produit\/bolsa-contenedor-1100-litros-30-%c2%b5-por-10\/\" \/>\n<meta property=\"og:site_name\" content=\"CSJ Emballages\" \/>\n<meta property=\"article:publisher\" content=\"https:\/\/www.facebook.com\/csjemballages\" \/>\n<meta property=\"article:modified_time\" content=\"2026-03-12T15:41:58+00:00\" \/>\n<meta property=\"og:image\" content=\"https:\/\/www.csj-emballages.com\/wp-content\/uploads\/2025\/11\/SP110030.webp\" \/>\n\t<meta property=\"og:image:width\" content=\"800\" \/>\n\t<meta property=\"og:image:height\" content=\"800\" \/>\n\t<meta property=\"og:image:type\" content=\"image\/webp\" \/>\n<meta name=\"twitter:card\" content=\"summary_large_image\" \/>\n<meta name=\"twitter:label1\" content=\"Tiempo de lectura\" \/>\n\t<meta name=\"twitter:data1\" content=\"2 minutos\" \/>\n<script type=\"application\/ld+json\" class=\"yoast-schema-graph\">{\"@context\":\"https:\/\/schema.org\",\"@graph\":[{\"@type\":\"WebPage\",\"@id\":\"https:\/\/www.csj-emballages.com\/es\/produit\/bolsa-contenedor-1100-litros-30-%c2%b5-por-10\/\",\"url\":\"https:\/\/www.csj-emballages.com\/es\/produit\/bolsa-contenedor-1100-litros-30-%c2%b5-por-10\/\",\"name\":\"Bolsa Tapa Contenedor 1100 litros 30 \u00b5 por 10\",\"isPartOf\":{\"@id\":\"https:\/\/www.csj-emballages.com\/es\/#website\"},\"primaryImageOfPage\":{\"@id\":\"https:\/\/www.csj-emballages.com\/es\/produit\/bolsa-contenedor-1100-litros-30-%c2%b5-por-10\/#primaryimage\"},\"image\":{\"@id\":\"https:\/\/www.csj-emballages.com\/es\/produit\/bolsa-contenedor-1100-litros-30-%c2%b5-por-10\/#primaryimage\"},\"thumbnailUrl\":\"https:\/\/www.csj-emballages.com\/wp-content\/uploads\/2025\/11\/SP110030.webp\",\"datePublished\":\"2025-11-19T13:18:16+00:00\",\"dateModified\":\"2026-03-12T15:41:58+00:00\",\"description\":\"Bolsa para contenedores de 1100 L, 30 \u00b5, se vende por 10. Resistente, f\u00e1cil de instalar e ideal para mantener limpios los contenedores y facilitar la gesti\u00f3n de residuos.\",\"breadcrumb\":{\"@id\":\"https:\/\/www.csj-emballages.com\/es\/produit\/bolsa-contenedor-1100-litros-30-%c2%b5-por-10\/#breadcrumb\"},\"inLanguage\":\"es\",\"potentialAction\":[{\"@type\":\"ReadAction\",\"target\":[\"https:\/\/www.csj-emballages.com\/es\/produit\/bolsa-contenedor-1100-litros-30-%c2%b5-por-10\/\"]}]},{\"@type\":\"ImageObject\",\"inLanguage\":\"es\",\"@id\":\"https:\/\/www.csj-emballages.com\/es\/produit\/bolsa-contenedor-1100-litros-30-%c2%b5-por-10\/#primaryimage\",\"url\":\"https:\/\/www.csj-emballages.com\/wp-content\/uploads\/2025\/11\/SP110030.webp\",\"contentUrl\":\"https:\/\/www.csj-emballages.com\/wp-content\/uploads\/2025\/11\/SP110030.webp\",\"width\":800,\"height\":800,\"caption\":\"Sac housse conteneur\"},{\"@type\":\"BreadcrumbList\",\"@id\":\"https:\/\/www.csj-emballages.com\/es\/produit\/bolsa-contenedor-1100-litros-30-%c2%b5-por-10\/#breadcrumb\",\"itemListElement\":[{\"@type\":\"ListItem\",\"position\":1,\"name\":\"Accueil\",\"item\":\"https:\/\/www.csj-emballages.com\/es\/universo-del-envasado-alimentario\/\"},{\"@type\":\"ListItem\",\"position\":2,\"name\":\"Tienda\",\"item\":\"https:\/\/www.csj-emballages.com\/tienda\/\"},{\"@type\":\"ListItem\",\"position\":3,\"name\":\"Bolsa contenedor 1100 litros 30 \u00b5 por 10\"}]},{\"@type\":\"WebSite\",\"@id\":\"https:\/\/www.csj-emballages.com\/es\/#website\",\"url\":\"https:\/\/www.csj-emballages.com\/es\/\",\"name\":\"CSJ Emballages\",\"description\":\"\",\"publisher\":{\"@id\":\"https:\/\/www.csj-emballages.com\/es\/#organization\"},\"potentialAction\":[{\"@type\":\"SearchAction\",\"target\":{\"@type\":\"EntryPoint\",\"urlTemplate\":\"https:\/\/www.csj-emballages.com\/es\/?s={search_term_string}\"},\"query-input\":{\"@type\":\"PropertyValueSpecification\",\"valueRequired\":true,\"valueName\":\"search_term_string\"}}],\"inLanguage\":\"es\"},{\"@type\":\"Organization\",\"@id\":\"https:\/\/www.csj-emballages.com\/es\/#Organization\/\",\"name\":\"CSJ Emballages\",\"url\":\"https:\/\/www.csj-emballages.com\/es\/\",\"logo\":{\"@type\":\"ImageObject\",\"inLanguage\":\"es\",\"@id\":\"https:\/\/www.csj-emballages.com\/es\/#\/schema\/logo\/image\/\",\"url\":\"https:\/\/www.csj-emballages.com\/wp-content\/uploads\/2023\/10\/logo_csj.webp\",\"contentUrl\":\"https:\/\/www.csj-emballages.com\/wp-content\/uploads\/2023\/10\/logo_csj.webp\",\"width\":250,\"height\":95,\"caption\":\"CSJ Emballages\"},\"image\":{\"@id\":\"https:\/\/www.csj-emballages.com\/es\/#\/schema\/logo\/image\/\"},\"sameAs\":[\"https:\/\/www.facebook.com\/csjemballages\"],\"address\":{\"@type\":\"PostalAddress\",\"streetAddress\":\"ZI La Lechere\",\"addressLocality\":\"Patornay\",\"postalCode\":\"39130\",\"addressCountry\":\"FR\"},\"contactPoint\":[{\"@type\":\"ContactPoint\",\"contactType\":\"Service client\",\"telephone\":\"0384254272\",\"email\":\"contact@csj-emballages.com\"}]}]}<\/script>\n<!-- \/ Yoast SEO Premium plugin. -->","yoast_head_json":{"title":"Bolsa Tapa Contenedor 1100 litros 30 \u00b5 por 10","description":"Bolsa para contenedores de 1100 L, 30 \u00b5, se vende por 10. Resistente, f\u00e1cil de instalar e ideal para mantener limpios los contenedores y facilitar la gesti\u00f3n de residuos.","robots":{"index":"index","follow":"follow","max-snippet":"max-snippet:-1","max-image-preview":"max-image-preview:large","max-video-preview":"max-video-preview:-1"},"canonical":"https:\/\/www.csj-emballages.com\/es\/produit\/bolsa-contenedor-1100-litros-30-%c2%b5-por-10\/","og_locale":"es_ES","og_type":"article","og_title":"Bolsa contenedor 1100 litros 30 \u00b5 por 10","og_description":"Bolsa para contenedores de 1100 L, 30 \u00b5, se vende por 10. Resistente, f\u00e1cil de instalar e ideal para mantener limpios los contenedores y facilitar la gesti\u00f3n de residuos.","og_url":"https:\/\/www.csj-emballages.com\/es\/produit\/bolsa-contenedor-1100-litros-30-%c2%b5-por-10\/","og_site_name":"CSJ Emballages","article_publisher":"https:\/\/www.facebook.com\/csjemballages","article_modified_time":"2026-03-12T15:41:58+00:00","og_image":[{"width":800,"height":800,"url":"https:\/\/www.csj-emballages.com\/wp-content\/uploads\/2025\/11\/SP110030.webp","type":"image\/webp"}],"twitter_card":"summary_large_image","twitter_misc":{"Tiempo de lectura":"2 minutos"},"schema":{"@context":"https:\/\/schema.org","@graph":[{"@type":"WebPage","@id":"https:\/\/www.csj-emballages.com\/es\/produit\/bolsa-contenedor-1100-litros-30-%c2%b5-por-10\/","url":"https:\/\/www.csj-emballages.com\/es\/produit\/bolsa-contenedor-1100-litros-30-%c2%b5-por-10\/","name":"Bolsa Tapa Contenedor 1100 litros 30 \u00b5 por 10","isPartOf":{"@id":"https:\/\/www.csj-emballages.com\/es\/#website"},"primaryImageOfPage":{"@id":"https:\/\/www.csj-emballages.com\/es\/produit\/bolsa-contenedor-1100-litros-30-%c2%b5-por-10\/#primaryimage"},"image":{"@id":"https:\/\/www.csj-emballages.com\/es\/produit\/bolsa-contenedor-1100-litros-30-%c2%b5-por-10\/#primaryimage"},"thumbnailUrl":"https:\/\/www.csj-emballages.com\/wp-content\/uploads\/2025\/11\/SP110030.webp","datePublished":"2025-11-19T13:18:16+00:00","dateModified":"2026-03-12T15:41:58+00:00","description":"Bolsa para contenedores de 1100 L, 30 \u00b5, se vende por 10. Resistente, f\u00e1cil de instalar e ideal para mantener limpios los contenedores y facilitar la gesti\u00f3n de residuos.","breadcrumb":{"@id":"https:\/\/www.csj-emballages.com\/es\/produit\/bolsa-contenedor-1100-litros-30-%c2%b5-por-10\/#breadcrumb"},"inLanguage":"es","potentialAction":[{"@type":"ReadAction","target":["https:\/\/www.csj-emballages.com\/es\/produit\/bolsa-contenedor-1100-litros-30-%c2%b5-por-10\/"]}]},{"@type":"ImageObject","inLanguage":"es","@id":"https:\/\/www.csj-emballages.com\/es\/produit\/bolsa-contenedor-1100-litros-30-%c2%b5-por-10\/#primaryimage","url":"https:\/\/www.csj-emballages.com\/wp-content\/uploads\/2025\/11\/SP110030.webp","contentUrl":"https:\/\/www.csj-emballages.com\/wp-content\/uploads\/2025\/11\/SP110030.webp","width":800,"height":800,"caption":"Sac housse conteneur"},{"@type":"BreadcrumbList","@id":"https:\/\/www.csj-emballages.com\/es\/produit\/bolsa-contenedor-1100-litros-30-%c2%b5-por-10\/#breadcrumb","itemListElement":[{"@type":"ListItem","position":1,"name":"Accueil","item":"https:\/\/www.csj-emballages.com\/es\/universo-del-envasado-alimentario\/"},{"@type":"ListItem","position":2,"name":"Tienda","item":"https:\/\/www.csj-emballages.com\/tienda\/"},{"@type":"ListItem","position":3,"name":"Bolsa contenedor 1100 litros 30 \u00b5 por 10"}]},{"@type":"WebSite","@id":"https:\/\/www.csj-emballages.com\/es\/#website","url":"https:\/\/www.csj-emballages.com\/es\/","name":"CSJ Emballages","description":"","publisher":{"@id":"https:\/\/www.csj-emballages.com\/es\/#organization"},"potentialAction":[{"@type":"SearchAction","target":{"@type":"EntryPoint","urlTemplate":"https:\/\/www.csj-emballages.com\/es\/?s={search_term_string}"},"query-input":{"@type":"PropertyValueSpecification","valueRequired":true,"valueName":"search_term_string"}}],"inLanguage":"es"},{"@type":"Organization","@id":"https:\/\/www.csj-emballages.com\/es\/#Organization\/","name":"CSJ Emballages","url":"https:\/\/www.csj-emballages.com\/es\/","logo":{"@type":"ImageObject","inLanguage":"es","@id":"https:\/\/www.csj-emballages.com\/es\/#\/schema\/logo\/image\/","url":"https:\/\/www.csj-emballages.com\/wp-content\/uploads\/2023\/10\/logo_csj.webp","contentUrl":"https:\/\/www.csj-emballages.com\/wp-content\/uploads\/2023\/10\/logo_csj.webp","width":250,"height":95,"caption":"CSJ Emballages"},"image":{"@id":"https:\/\/www.csj-emballages.com\/es\/#\/schema\/logo\/image\/"},"sameAs":["https:\/\/www.facebook.com\/csjemballages"],"address":{"@type":"PostalAddress","streetAddress":"ZI La Lechere","addressLocality":"Patornay","postalCode":"39130","addressCountry":"FR"},"contactPoint":[{"@type":"ContactPoint","contactType":"Service client","telephone":"0384254272","email":"contact@csj-emballages.com"}]}]}},"df_price":7.46,"df_sale_price":"","df_regular_price":7.46,"df_image_link":"https:\/\/www.csj-emballages.com\/wp-content\/uploads\/2025\/11\/SP110030-300x300.webp","tiered_pricing_type":"fixed","tiered_pricing_fixed_rules":[],"tiered_pricing_percentage_rules":[],"tiered_pricing_minimum":1,"tiered_pricing_roles_data":[],"_links":{"self":[{"href":"https:\/\/www.csj-emballages.com\/es\/wp-json\/wp\/v2\/product\/257366","targetHints":{"allow":["GET"]}}],"collection":[{"href":"https:\/\/www.csj-emballages.com\/es\/wp-json\/wp\/v2\/product"}],"about":[{"href":"https:\/\/www.csj-emballages.com\/es\/wp-json\/wp\/v2\/types\/product"}],"wp:featuredmedia":[{"embeddable":true,"href":"https:\/\/www.csj-emballages.com\/es\/wp-json\/wp\/v2\/media\/257016"}],"wp:attachment":[{"href":"https:\/\/www.csj-emballages.com\/es\/wp-json\/wp\/v2\/media?parent=257366"}],"wp:term":[{"taxonomy":"product_brand","embeddable":true,"href":"https:\/\/www.csj-emballages.com\/es\/wp-json\/wp\/v2\/product_brand?post=257366"},{"taxonomy":"product_cat","embeddable":true,"href":"https:\/\/www.csj-emballages.com\/es\/wp-json\/wp\/v2\/product_cat?post=257366"},{"taxonomy":"product_tag","embeddable":true,"href":"https:\/\/www.csj-emballages.com\/es\/wp-json\/wp\/v2\/product_tag?post=257366"}],"curies":[{"name":"wp","href":"https:\/\/api.w.org\/{rel}","templated":true}]}}