{"id":257363,"date":"2025-11-19T15:18:16","date_gmt":"2025-11-19T14:18:16","guid":{"rendered":"https:\/\/www.csj-emballages.com\/produit\/molde-de-aluminio-288-mm-por-100\/"},"modified":"2026-03-26T02:18:22","modified_gmt":"2026-03-26T01:18:22","slug":"molde-de-aluminio-288-mm-por-100","status":"publish","type":"product","link":"https:\/\/www.csj-emballages.com\/es\/produit\/molde-de-aluminio-288-mm-por-100\/","title":{"rendered":"Molde de aluminio 288 mm por 100"},"content":{"rendered":"<h2>Molde Tourti\u00e8re<\/h2>\n<hr>\n<h3>Descubra nuestro molde de aluminio 288 mm por 100<\/h3>\n<p><!--more--><\/p>\n<p data-start=\"212\" data-end=\"654\">Si suele preparar <strong>tartas<\/strong>, quiches o pasteles generosos, este <strong>molde de aluminio de<\/strong> <strong data-start=\"302\" data-end=\"312\">288 mm<\/strong> se convertir\u00e1 r\u00e1pidamente en su mejor aliado. Su anchura ofrece espacio suficiente para <strong>recetas familiares<\/strong> o preparaciones m\u00e1s creativas, sin dejar de ser f\u00e1cil de manejar. Gracias a su material de <strong>aluminio<\/strong>, el calor se distribuye uniformemente: sus pasteles se doran sin quemarse y la cocci\u00f3n se controla desde el centro hacia los bordes.  <\/p>\n<p data-start=\"656\" data-end=\"1102\">En la cocina profesional, sabemos lo esencial que es ahorrar tiempo. Por eso, este <strong>molde de tourti\u00e8re<\/strong> est\u00e1 dise\u00f1ado para utilizarse directamente, sin engrasar en exceso, y para desecharse despu\u00e9s de su uso si es necesario. As\u00ed pasar\u00e1 menos tiempo fregando y m\u00e1s tiempo horneando. Es tan adecuado para panaderos artesanos como para restauradores, empresas de catering y organizadores de eventos que necesitan un equipo fiable y consistente.   <\/p>\n<p data-start=\"1104\" data-end=\"1393\">Con su <strong data-start=\"1113\" data-end=\"1134\">envase de 100 piezas<\/strong>, podr\u00e1 trabajar con total comodidad: se acabaron las roturas de stock en medio de un incendio y podr\u00e1 organizar mejor sus preparativos. Ya sea para la producci\u00f3n diaria o para grandes pedidos, este formato le da tranquilidad. <\/p>\n<p data-start=\"1395\" data-end=\"1684\">Adem\u00e1s, el <strong>molde de la tourti\u00e8re<\/strong> es lo suficientemente r\u00edgido como para contener rellenos generosos sin deformarse, lo que garantiza una bonita presentaci\u00f3n reci\u00e9n salida del horno. El aluminio, ligero pero resistente, tambi\u00e9n facilita su transporte y manipulaci\u00f3n, incluso cuando el <strong>molde<\/strong> est\u00e1 lleno. <\/p>\n<p data-start=\"1686\" data-end=\"1850\">En resumen, este <strong>molde de aluminio<\/strong> es pr\u00e1ctico, eficaz y fiable: justo lo que necesita para trabajar de forma r\u00e1pida, limpia y constante.<\/p>\n<p data-start=\"1686\" data-end=\"1850\">\n<p data-start=\"1686\" data-end=\"1850\"><!--more--><\/p>\n<h4 data-start=\"1686\" data-end=\"1850\">Ventajas :<\/h4>\n<ul>\n<li data-start=\"1878\" data-end=\"1917\">Cocci\u00f3n uniforme gracias al aluminio.<\/li>\n<li data-start=\"1920\" data-end=\"1973\"><strong>Formato de 288 mm<\/strong> ideal para pasteles y tartas grandes.<\/li>\n<li data-start=\"1976\" data-end=\"2021\">Uso pr\u00e1ctico: no necesita limpieza intensiva.<\/li>\n<li data-start=\"2024\" data-end=\"2055\">Paquete econ\u00f3mico de <strong>100 unidades<\/strong>.<\/li>\n<li data-start=\"2058\" data-end=\"2112\">Este molde de tourti\u00e8re es r\u00edgido y estable, incluso con rellenos generosos.<\/li>\n<\/ul>\n<p>&nbsp;<\/p>\n<p><!--more--><\/p>\n<h4>Informaci\u00f3n adicional :<\/h4>\n<ul>\n<li><strong>Embalaje<\/strong>: Paquete de 100<\/li>\n<li><strong>Di\u00e1metro superior<\/strong>: \u00d8288 mm<\/li>\n<li><strong>Di\u00e1metro inferior <\/strong>: \u00d8250 mm<\/li>\n<li><strong>Altura<\/strong>: 35 mm<\/li>\n<li><strong>Material<\/strong>: Aluminio<\/li>\n<\/ul>\n<p>&nbsp;<\/p>\n<p><!--more--><\/p>\n<p>Este producto est\u00e1 disponible en diferentes tama\u00f1os:  <span style=\"color: #d12727;\"><a style=\"color: #d12727;\" href=\"https:\/\/www.csj-emballages.com\/es\/produit\/100-moldes-tourtiere-desechables-de-aluminio-109-mm\/\">109 mm<\/a><\/span> \/ <span style=\"color: #d12727;\"><a style=\"color: #d12727;\" href=\"https:\/\/www.csj-emballages.com\/es\/produit\/100-moldes-tourtiere-desechables-de-aluminio-138-mm\/\">138 mm<\/a><\/span> \/ <span style=\"color: #d12727;\"><a style=\"color: #d12727;\" href=\"https:\/\/www.csj-emballages.com\/produit\/100-moules-a-tourtieres-jetables-aluminium-170-mm\/\">174 mm<\/a><\/span> \/ <span style=\"color: #d12727;\"><a style=\"color: #d12727;\" href=\"https:\/\/www.csj-emballages.com\/es\/produit\/100-moldes-tourtiere-desechables-de-aluminio-de-195-mm\/\">195 mm<\/a><\/span> \/ <span style=\"color: #d12727;\"><a style=\"color: #d12727;\" href=\"https:\/\/www.csj-emballages.com\/es\/produit\/moldes-de-aluminio-para-tourtiere-de-400-mm-desechables-de-200-mm\/\">200 mm<\/a><\/span> \/ <span style=\"color: #d12727;\"><a style=\"color: #d12727;\" href=\"https:\/\/www.csj-emballages.com\/es\/produit\/100-moldes-tourtiere-desechables-de-aluminio-214-mm\/\">214 mm<\/a><\/span> \/ <span style=\"color: #d12727;\"><a style=\"color: #d12727;\" href=\"https:\/\/www.csj-emballages.com\/produit\/100-moules-a-tourtieres-jetables-aluminium-230-mm\/\">230 mm<\/a><\/span> \/        <span style=\"color: #d12727;\"><a style=\"color: #d12727;\" href=\"https:\/\/www.csj-emballages.com\/es\/produit\/100-moldes-desechables-de-aluminio-para-tourtiere-247-mm\/\">247 mm<\/a> <\/span>\/  <span style=\"color: #d12727;\"><a style=\"color: #d12727;\" href=\"https:\/\/www.csj-emballages.com\/produit\/100-moules-a-tourtieres-jetables-aluminium-270-mm\/\">270 mm<\/a> <span style=\"color: #000000;\">\/<\/span> <a style=\"color: #d12727;\" href=\"https:\/\/www.csj-emballages.com\/es\/produit\/200-moldes-desechables-de-aluminio-para-tourtiere-327-mm\/\">327 mm<\/a><\/span><\/p>\n<p>&nbsp;<\/p>\n<p><!--more--><\/p>\n<p><a href=\"https:\/\/www.csj-emballages.com\/es\/categorie-produit\/envasado-de-alimentos\/carniceria-y-charcuteria\/bandejas-latas-y-tarros\/bandejas-platos-moldes-bandejas-de-comida-tazas-ramequines-pasteles-de-carne-de-aluminio\/moldes-tourtiere-es\/\">Ver el resto de nuestra gama de moldes para tourti\u00e8re<\/a><\/p>\n","protected":false},"excerpt":{"rendered":"<p>Molde Tourti\u00e8re Descubra nuestro molde de aluminio 288 mm por 100<\/p>\n","protected":false},"featured_media":256952,"template":"","meta":{"_acf_changed":false},"product_brand":[],"product_cat":[1150,1143,2296,2006,3602],"product_tag":[],"class_list":{"0":"post-257363","1":"product","2":"type-product","3":"status-publish","4":"has-post-thumbnail","6":"product_cat-envasado-de-alimentos","7":"product_cat-carniceria-y-charcuteria","8":"product_cat-bandejas-latas-y-tarros","9":"product_cat-bandejas-platos-moldes-bandejas-de-comida-tazas-ramequines-pasteles-de-carne-de-aluminio","10":"product_cat-moldes-tourtiere-es","12":"first","13":"instock","14":"taxable","15":"shipping-taxable","16":"purchasable","17":"product-type-simple"},"acf":[],"yoast_head":"<!-- This site is optimized with the Yoast SEO Premium plugin v26.6 (Yoast SEO v26.6) - https:\/\/yoast.com\/wordpress\/plugins\/seo\/ -->\n<title>Molde Tourti\u00e8re de aluminio 288 mm por 100<\/title>\n<meta name=\"description\" content=\"Molde tourti\u00e8re de aluminio de 288 mm vendido en paquetes de 100 unidades. Perfecto para una cocci\u00f3n uniforme, un uso r\u00e1pido y una producci\u00f3n profesional eficaz.\" \/>\n<meta name=\"robots\" content=\"index, follow, max-snippet:-1, max-image-preview:large, max-video-preview:-1\" \/>\n<link rel=\"canonical\" href=\"https:\/\/www.csj-emballages.com\/es\/produit\/molde-de-aluminio-288-mm-por-100\/\" \/>\n<meta property=\"og:locale\" content=\"es_ES\" \/>\n<meta property=\"og:type\" content=\"article\" \/>\n<meta property=\"og:title\" content=\"Molde de aluminio 288 mm por 100\" \/>\n<meta property=\"og:description\" content=\"Molde tourti\u00e8re de aluminio de 288 mm vendido en paquetes de 100 unidades. Perfecto para una cocci\u00f3n uniforme, un uso r\u00e1pido y una producci\u00f3n profesional eficaz.\" \/>\n<meta property=\"og:url\" content=\"https:\/\/www.csj-emballages.com\/es\/produit\/molde-de-aluminio-288-mm-por-100\/\" \/>\n<meta property=\"og:site_name\" content=\"CSJ Emballages\" \/>\n<meta property=\"article:publisher\" content=\"https:\/\/www.facebook.com\/csjemballages\" \/>\n<meta property=\"article:modified_time\" content=\"2026-03-26T01:18:22+00:00\" \/>\n<meta property=\"og:image\" content=\"https:\/\/www.csj-emballages.com\/wp-content\/uploads\/2025\/11\/TO-284-H.webp\" \/>\n\t<meta property=\"og:image:width\" content=\"800\" \/>\n\t<meta property=\"og:image:height\" content=\"800\" \/>\n\t<meta property=\"og:image:type\" content=\"image\/webp\" \/>\n<meta name=\"twitter:card\" content=\"summary_large_image\" \/>\n<meta name=\"twitter:label1\" content=\"Tiempo de lectura\" \/>\n\t<meta name=\"twitter:data1\" content=\"2 minutos\" \/>\n<script type=\"application\/ld+json\" class=\"yoast-schema-graph\">{\"@context\":\"https:\/\/schema.org\",\"@graph\":[{\"@type\":\"WebPage\",\"@id\":\"https:\/\/www.csj-emballages.com\/es\/produit\/molde-de-aluminio-288-mm-por-100\/\",\"url\":\"https:\/\/www.csj-emballages.com\/es\/produit\/molde-de-aluminio-288-mm-por-100\/\",\"name\":\"Molde Tourti\u00e8re de aluminio 288 mm por 100\",\"isPartOf\":{\"@id\":\"https:\/\/www.csj-emballages.com\/es\/#website\"},\"primaryImageOfPage\":{\"@id\":\"https:\/\/www.csj-emballages.com\/es\/produit\/molde-de-aluminio-288-mm-por-100\/#primaryimage\"},\"image\":{\"@id\":\"https:\/\/www.csj-emballages.com\/es\/produit\/molde-de-aluminio-288-mm-por-100\/#primaryimage\"},\"thumbnailUrl\":\"https:\/\/www.csj-emballages.com\/wp-content\/uploads\/2025\/11\/TO-284-H.webp\",\"datePublished\":\"2025-11-19T14:18:16+00:00\",\"dateModified\":\"2026-03-26T01:18:22+00:00\",\"description\":\"Molde tourti\u00e8re de aluminio de 288 mm vendido en paquetes de 100 unidades. Perfecto para una cocci\u00f3n uniforme, un uso r\u00e1pido y una producci\u00f3n profesional eficaz.\",\"breadcrumb\":{\"@id\":\"https:\/\/www.csj-emballages.com\/es\/produit\/molde-de-aluminio-288-mm-por-100\/#breadcrumb\"},\"inLanguage\":\"es\",\"potentialAction\":[{\"@type\":\"ReadAction\",\"target\":[\"https:\/\/www.csj-emballages.com\/es\/produit\/molde-de-aluminio-288-mm-por-100\/\"]}]},{\"@type\":\"ImageObject\",\"inLanguage\":\"es\",\"@id\":\"https:\/\/www.csj-emballages.com\/es\/produit\/molde-de-aluminio-288-mm-por-100\/#primaryimage\",\"url\":\"https:\/\/www.csj-emballages.com\/wp-content\/uploads\/2025\/11\/TO-284-H.webp\",\"contentUrl\":\"https:\/\/www.csj-emballages.com\/wp-content\/uploads\/2025\/11\/TO-284-H.webp\",\"width\":800,\"height\":800,\"caption\":\"Moule \u00e0 tourti\u00e8re\"},{\"@type\":\"BreadcrumbList\",\"@id\":\"https:\/\/www.csj-emballages.com\/es\/produit\/molde-de-aluminio-288-mm-por-100\/#breadcrumb\",\"itemListElement\":[{\"@type\":\"ListItem\",\"position\":1,\"name\":\"Accueil\",\"item\":\"https:\/\/www.csj-emballages.com\/es\/universo-del-envasado-alimentario\/\"},{\"@type\":\"ListItem\",\"position\":2,\"name\":\"Tienda\",\"item\":\"https:\/\/www.csj-emballages.com\/tienda\/\"},{\"@type\":\"ListItem\",\"position\":3,\"name\":\"Molde de aluminio 288 mm por 100\"}]},{\"@type\":\"WebSite\",\"@id\":\"https:\/\/www.csj-emballages.com\/es\/#website\",\"url\":\"https:\/\/www.csj-emballages.com\/es\/\",\"name\":\"CSJ Emballages\",\"description\":\"\",\"publisher\":{\"@id\":\"https:\/\/www.csj-emballages.com\/es\/#organization\"},\"potentialAction\":[{\"@type\":\"SearchAction\",\"target\":{\"@type\":\"EntryPoint\",\"urlTemplate\":\"https:\/\/www.csj-emballages.com\/es\/?s={search_term_string}\"},\"query-input\":{\"@type\":\"PropertyValueSpecification\",\"valueRequired\":true,\"valueName\":\"search_term_string\"}}],\"inLanguage\":\"es\"},{\"@type\":\"Organization\",\"@id\":\"https:\/\/www.csj-emballages.com\/es\/#Organization\/\",\"name\":\"CSJ Emballages\",\"url\":\"https:\/\/www.csj-emballages.com\/es\/\",\"logo\":{\"@type\":\"ImageObject\",\"inLanguage\":\"es\",\"@id\":\"https:\/\/www.csj-emballages.com\/es\/#\/schema\/logo\/image\/\",\"url\":\"https:\/\/www.csj-emballages.com\/wp-content\/uploads\/2023\/10\/logo_csj.webp\",\"contentUrl\":\"https:\/\/www.csj-emballages.com\/wp-content\/uploads\/2023\/10\/logo_csj.webp\",\"width\":250,\"height\":95,\"caption\":\"CSJ Emballages\"},\"image\":{\"@id\":\"https:\/\/www.csj-emballages.com\/es\/#\/schema\/logo\/image\/\"},\"sameAs\":[\"https:\/\/www.facebook.com\/csjemballages\"],\"address\":{\"@type\":\"PostalAddress\",\"streetAddress\":\"ZI La Lechere\",\"addressLocality\":\"Patornay\",\"postalCode\":\"39130\",\"addressCountry\":\"FR\"},\"contactPoint\":[{\"@type\":\"ContactPoint\",\"contactType\":\"Service client\",\"telephone\":\"0384254272\",\"email\":\"contact@csj-emballages.com\"}]}]}<\/script>\n<!-- \/ Yoast SEO Premium plugin. -->","yoast_head_json":{"title":"Molde Tourti\u00e8re de aluminio 288 mm por 100","description":"Molde tourti\u00e8re de aluminio de 288 mm vendido en paquetes de 100 unidades. Perfecto para una cocci\u00f3n uniforme, un uso r\u00e1pido y una producci\u00f3n profesional eficaz.","robots":{"index":"index","follow":"follow","max-snippet":"max-snippet:-1","max-image-preview":"max-image-preview:large","max-video-preview":"max-video-preview:-1"},"canonical":"https:\/\/www.csj-emballages.com\/es\/produit\/molde-de-aluminio-288-mm-por-100\/","og_locale":"es_ES","og_type":"article","og_title":"Molde de aluminio 288 mm por 100","og_description":"Molde tourti\u00e8re de aluminio de 288 mm vendido en paquetes de 100 unidades. Perfecto para una cocci\u00f3n uniforme, un uso r\u00e1pido y una producci\u00f3n profesional eficaz.","og_url":"https:\/\/www.csj-emballages.com\/es\/produit\/molde-de-aluminio-288-mm-por-100\/","og_site_name":"CSJ Emballages","article_publisher":"https:\/\/www.facebook.com\/csjemballages","article_modified_time":"2026-03-26T01:18:22+00:00","og_image":[{"width":800,"height":800,"url":"https:\/\/www.csj-emballages.com\/wp-content\/uploads\/2025\/11\/TO-284-H.webp","type":"image\/webp"}],"twitter_card":"summary_large_image","twitter_misc":{"Tiempo de lectura":"2 minutos"},"schema":{"@context":"https:\/\/schema.org","@graph":[{"@type":"WebPage","@id":"https:\/\/www.csj-emballages.com\/es\/produit\/molde-de-aluminio-288-mm-por-100\/","url":"https:\/\/www.csj-emballages.com\/es\/produit\/molde-de-aluminio-288-mm-por-100\/","name":"Molde Tourti\u00e8re de aluminio 288 mm por 100","isPartOf":{"@id":"https:\/\/www.csj-emballages.com\/es\/#website"},"primaryImageOfPage":{"@id":"https:\/\/www.csj-emballages.com\/es\/produit\/molde-de-aluminio-288-mm-por-100\/#primaryimage"},"image":{"@id":"https:\/\/www.csj-emballages.com\/es\/produit\/molde-de-aluminio-288-mm-por-100\/#primaryimage"},"thumbnailUrl":"https:\/\/www.csj-emballages.com\/wp-content\/uploads\/2025\/11\/TO-284-H.webp","datePublished":"2025-11-19T14:18:16+00:00","dateModified":"2026-03-26T01:18:22+00:00","description":"Molde tourti\u00e8re de aluminio de 288 mm vendido en paquetes de 100 unidades. Perfecto para una cocci\u00f3n uniforme, un uso r\u00e1pido y una producci\u00f3n profesional eficaz.","breadcrumb":{"@id":"https:\/\/www.csj-emballages.com\/es\/produit\/molde-de-aluminio-288-mm-por-100\/#breadcrumb"},"inLanguage":"es","potentialAction":[{"@type":"ReadAction","target":["https:\/\/www.csj-emballages.com\/es\/produit\/molde-de-aluminio-288-mm-por-100\/"]}]},{"@type":"ImageObject","inLanguage":"es","@id":"https:\/\/www.csj-emballages.com\/es\/produit\/molde-de-aluminio-288-mm-por-100\/#primaryimage","url":"https:\/\/www.csj-emballages.com\/wp-content\/uploads\/2025\/11\/TO-284-H.webp","contentUrl":"https:\/\/www.csj-emballages.com\/wp-content\/uploads\/2025\/11\/TO-284-H.webp","width":800,"height":800,"caption":"Moule \u00e0 tourti\u00e8re"},{"@type":"BreadcrumbList","@id":"https:\/\/www.csj-emballages.com\/es\/produit\/molde-de-aluminio-288-mm-por-100\/#breadcrumb","itemListElement":[{"@type":"ListItem","position":1,"name":"Accueil","item":"https:\/\/www.csj-emballages.com\/es\/universo-del-envasado-alimentario\/"},{"@type":"ListItem","position":2,"name":"Tienda","item":"https:\/\/www.csj-emballages.com\/tienda\/"},{"@type":"ListItem","position":3,"name":"Molde de aluminio 288 mm por 100"}]},{"@type":"WebSite","@id":"https:\/\/www.csj-emballages.com\/es\/#website","url":"https:\/\/www.csj-emballages.com\/es\/","name":"CSJ Emballages","description":"","publisher":{"@id":"https:\/\/www.csj-emballages.com\/es\/#organization"},"potentialAction":[{"@type":"SearchAction","target":{"@type":"EntryPoint","urlTemplate":"https:\/\/www.csj-emballages.com\/es\/?s={search_term_string}"},"query-input":{"@type":"PropertyValueSpecification","valueRequired":true,"valueName":"search_term_string"}}],"inLanguage":"es"},{"@type":"Organization","@id":"https:\/\/www.csj-emballages.com\/es\/#Organization\/","name":"CSJ Emballages","url":"https:\/\/www.csj-emballages.com\/es\/","logo":{"@type":"ImageObject","inLanguage":"es","@id":"https:\/\/www.csj-emballages.com\/es\/#\/schema\/logo\/image\/","url":"https:\/\/www.csj-emballages.com\/wp-content\/uploads\/2023\/10\/logo_csj.webp","contentUrl":"https:\/\/www.csj-emballages.com\/wp-content\/uploads\/2023\/10\/logo_csj.webp","width":250,"height":95,"caption":"CSJ Emballages"},"image":{"@id":"https:\/\/www.csj-emballages.com\/es\/#\/schema\/logo\/image\/"},"sameAs":["https:\/\/www.facebook.com\/csjemballages"],"address":{"@type":"PostalAddress","streetAddress":"ZI La Lechere","addressLocality":"Patornay","postalCode":"39130","addressCountry":"FR"},"contactPoint":[{"@type":"ContactPoint","contactType":"Service client","telephone":"0384254272","email":"contact@csj-emballages.com"}]}]}},"df_price":48.05,"df_sale_price":"","df_regular_price":48.05,"df_image_link":"https:\/\/www.csj-emballages.com\/wp-content\/uploads\/2025\/11\/TO-284-H-300x300.webp","tiered_pricing_type":"fixed","tiered_pricing_fixed_rules":[],"tiered_pricing_percentage_rules":[],"tiered_pricing_minimum":1,"tiered_pricing_roles_data":[],"_links":{"self":[{"href":"https:\/\/www.csj-emballages.com\/es\/wp-json\/wp\/v2\/product\/257363","targetHints":{"allow":["GET"]}}],"collection":[{"href":"https:\/\/www.csj-emballages.com\/es\/wp-json\/wp\/v2\/product"}],"about":[{"href":"https:\/\/www.csj-emballages.com\/es\/wp-json\/wp\/v2\/types\/product"}],"wp:featuredmedia":[{"embeddable":true,"href":"https:\/\/www.csj-emballages.com\/es\/wp-json\/wp\/v2\/media\/256952"}],"wp:attachment":[{"href":"https:\/\/www.csj-emballages.com\/es\/wp-json\/wp\/v2\/media?parent=257363"}],"wp:term":[{"taxonomy":"product_brand","embeddable":true,"href":"https:\/\/www.csj-emballages.com\/es\/wp-json\/wp\/v2\/product_brand?post=257363"},{"taxonomy":"product_cat","embeddable":true,"href":"https:\/\/www.csj-emballages.com\/es\/wp-json\/wp\/v2\/product_cat?post=257363"},{"taxonomy":"product_tag","embeddable":true,"href":"https:\/\/www.csj-emballages.com\/es\/wp-json\/wp\/v2\/product_tag?post=257363"}],"curies":[{"name":"wp","href":"https:\/\/api.w.org\/{rel}","templated":true}]}}