{"id":255728,"date":"2025-11-04T14:18:22","date_gmt":"2025-11-04T13:18:22","guid":{"rendered":"https:\/\/www.csj-emballages.com\/produit\/galette-des-rois-bolsa-26-3-x-32-cm-por-100\/"},"modified":"2026-03-12T16:37:45","modified_gmt":"2026-03-12T15:37:45","slug":"galette-des-rois-bolsa-26-3-x-32-cm-por-100","status":"publish","type":"product","link":"https:\/\/www.csj-emballages.com\/es\/produit\/galette-des-rois-bolsa-26-3-x-32-cm-por-100\/","title":{"rendered":"Bolsa de papel sulfurizado galette des rois 26 + 3 x 32 cm por 100"},"content":{"rendered":"<h2 class=\"p1\">Bolso Galette des rois<\/h2>\n<hr>\n<h3>Descripci\u00f3n de nuestra galette des rois bolsa 26 + 3 x 32 cm por 100<\/h3>\n<p><!--more--><\/p>\n<p data-start=\"203\" data-end=\"643\">Cuando llega el momento de preparar la<strong>Epifan\u00eda<\/strong>, cada detalle cuenta si quiere ofrecer una galette bien presentada. Esta <strong data-start=\"314\" data-end=\"353\">bolsa para galette des rois de 26 + 3 x 32 cm<\/strong> ha sido dise\u00f1ada para proteger y realzar sus creaciones sin complicarle la vida. Gracias a su pr\u00e1ctica anchura y a su fuelle <strong>de 3 cm<\/strong>, se adapta f\u00e1cilmente a una <strong>galette<\/strong> <strong>peque\u00f1a<\/strong>, dejando espacio suficiente para no aplastar el hojaldre.  <\/p>\n<p data-start=\"645\" data-end=\"1089\">De hecho, en cuanto la utiliza, aprecia lo r\u00e1pida y f\u00e1cil que es de abrir: no hay necesidad de forzar la bolsa ni de perder tiempo manipul\u00e1ndola. Permite deslizar la <strong>oblea<\/strong> en su sitio con un solo movimiento, lo que resulta perfecto cuando se trata de un pedido tras otro. <\/p>\n<p data-start=\"1091\" data-end=\"1391\">Y con el <strong data-start=\"1094\" data-end=\"1113\">paquete de 100 bolsas<\/strong> tendr\u00e1 existencias suficientes para toda la temporada, tanto si trabaja en una panader\u00eda, pasteler\u00eda, tienda de ultramarinos o establecimiento temporal. Y como casi no ocupan espacio, puedes guardarlas sin desordenar la superficie de trabajo. <\/p>\n<p data-start=\"1393\" data-end=\"1653\">En resumen, es el acompa\u00f1amiento perfecto para las fiestas, ya que le ayudar\u00e1 a servir sus galettes de forma eficaz y elegante, sin complicaciones.<\/p>\n<p><!--more--><\/p>\n<h4 style=\"text-align: left\"><strong>Ventajas :<\/strong><\/h4>\n<ul>\n<li data-start=\"1681\" data-end=\"1718\">Adecuado para <strong>pasteles<\/strong> peque\u00f1os.<\/li>\n<li data-start=\"1721\" data-end=\"1757\">Embolsado r\u00e1pido y c\u00f3modo.<\/li>\n<li data-start=\"1760\" data-end=\"1800\">Transparente para promocionar el producto.<\/li>\n<li data-start=\"1803\" data-end=\"1831\">Pr\u00e1ctico fuelle de<strong> 3 cm.<\/strong><\/li>\n<li data-start=\"1834\" data-end=\"1874\"><strong>Paquete de 100<\/strong> para toda la temporada.<\/li>\n<\/ul>\n<p>.<\/p>\n<p><!--more--><\/p>\n<h4>Informaci\u00f3n adicional :<\/h4>\n<ul>\n<li><strong>Embalaje<\/strong>: Paquete de 100<\/li>\n<li><strong>Dimensiones<\/strong>: 26 + 3 x 32 cm<\/li>\n<li><strong>Color<\/strong>: Blanco \/ Rojo \/ Negro<\/li>\n<li><strong>Material<\/strong>: Papel<\/li>\n<\/ul>\n<p>&nbsp;<\/p>\n<p><!--more--><\/p>\n<p>Haga clic aqu\u00ed para ver nuestra corona de oro: <span style=\"color: #d12727\"><a style=\"color: #d12727\" href=\"https:\/\/www.csj-emballages.com\/es\/produit\/100-coronas-de-oro-de-carton\/\">COUROR<\/a><\/span><\/p>\n<p>&nbsp;<\/p>\n<p><!--more--><\/p>\n<p>Esta manga pastelera est\u00e1 disponible en diferentes tama\u00f1os: <span style=\"color: #d12727\"><a style=\"color: #d12727\" href=\"https:\/\/www.csj-emballages.com\/es\/produit\/galette-des-rois-bolsa-23-3-x-30-cm-por-100\/\">23 + 3 x 30 cm<\/a><\/span> \/ <span style=\"color: #d12727\"><a style=\"color: #d12727\" href=\"https:\/\/www.csj-emballages.com\/es\/produit\/galette-des-rois-bolsa-29-3-x-36-cm-por-100\/\">29 + 3 x 36 cm<\/a> <\/span>\/ <span style=\"color: #d12727\"><a style=\"color: #d12727\" href=\"https:\/\/www.csj-emballages.com\/produit\/sac-galette-des-rois-36-3-x-42-cm-par-100\/\">36 + 3 x 42 cm<\/a><\/span><\/p>\n<p>&nbsp;<\/p>\n<p><!--more--><\/p>\n<p><a href=\"https:\/\/www.csj-emballages.com\/es\/categorie-produit\/envasado-de-alimentos\/panaderia-y-pasteleria\/bolsas-sobres-y-papel\/sacheries-es\/bolsas-para-tartas\/\">Ver el resto de nuestra gama de bolsas galette des rois<\/a><\/p>\n","protected":false},"excerpt":{"rendered":"<p>Bolso Galette des rois Descripci\u00f3n de nuestra galette des rois bolsa 26 + 3 x 32 cm por 100<\/p>\n","protected":false},"featured_media":255891,"template":"","meta":{"_acf_changed":false},"product_brand":[],"product_cat":[1150,1145,3871,1654,2390],"product_tag":[],"class_list":{"0":"post-255728","1":"product","2":"type-product","3":"status-publish","4":"has-post-thumbnail","6":"product_cat-envasado-de-alimentos","7":"product_cat-panaderia-y-pasteleria","8":"product_cat-bolsas-sobres-y-papel","9":"product_cat-sacheries-es","10":"product_cat-bolsas-para-tartas","12":"first","13":"instock","14":"taxable","15":"shipping-taxable","16":"purchasable","17":"product-type-simple"},"acf":[],"yoast_head":"<!-- This site is optimized with the Yoast SEO Premium plugin v26.6 (Yoast SEO v26.6) - https:\/\/yoast.com\/wordpress\/plugins\/seo\/ -->\n<title>Galette des Rois bolsa 26 + 3 x 32 cm por 100<\/title>\n<meta name=\"description\" content=\"Galette des rois bolsa 26 + 3 x 32 cm por 100. Pr\u00e1ctica, transparente e ideal para presentar sus galettes individuales durante la Epifan\u00eda.\" \/>\n<meta name=\"robots\" content=\"index, follow, max-snippet:-1, max-image-preview:large, max-video-preview:-1\" \/>\n<link rel=\"canonical\" href=\"https:\/\/www.csj-emballages.com\/es\/produit\/galette-des-rois-bolsa-26-3-x-32-cm-por-100\/\" \/>\n<meta property=\"og:locale\" content=\"es_ES\" \/>\n<meta property=\"og:type\" content=\"article\" \/>\n<meta property=\"og:title\" content=\"Bolsa de papel sulfurizado galette des rois 26 + 3 x 32 cm por 100\" \/>\n<meta property=\"og:description\" content=\"Galette des rois bolsa 26 + 3 x 32 cm por 100. Pr\u00e1ctica, transparente e ideal para presentar sus galettes individuales durante la Epifan\u00eda.\" \/>\n<meta property=\"og:url\" content=\"https:\/\/www.csj-emballages.com\/es\/produit\/galette-des-rois-bolsa-26-3-x-32-cm-por-100\/\" \/>\n<meta property=\"og:site_name\" content=\"CSJ Emballages\" \/>\n<meta property=\"article:publisher\" content=\"https:\/\/www.facebook.com\/csjemballages\" \/>\n<meta property=\"article:modified_time\" content=\"2026-03-12T15:37:45+00:00\" \/>\n<meta property=\"og:image\" content=\"https:\/\/www.csj-emballages.com\/wp-content\/uploads\/2025\/11\/SACGAL29-1.webp\" \/>\n\t<meta property=\"og:image:width\" content=\"800\" \/>\n\t<meta property=\"og:image:height\" content=\"800\" \/>\n\t<meta property=\"og:image:type\" content=\"image\/webp\" \/>\n<meta name=\"twitter:card\" content=\"summary_large_image\" \/>\n<meta name=\"twitter:label1\" content=\"Tiempo de lectura\" \/>\n\t<meta name=\"twitter:data1\" content=\"1 minuto\" \/>\n<script type=\"application\/ld+json\" class=\"yoast-schema-graph\">{\"@context\":\"https:\/\/schema.org\",\"@graph\":[{\"@type\":\"WebPage\",\"@id\":\"https:\/\/www.csj-emballages.com\/es\/produit\/galette-des-rois-bolsa-26-3-x-32-cm-por-100\/\",\"url\":\"https:\/\/www.csj-emballages.com\/es\/produit\/galette-des-rois-bolsa-26-3-x-32-cm-por-100\/\",\"name\":\"Galette des Rois bolsa 26 + 3 x 32 cm por 100\",\"isPartOf\":{\"@id\":\"https:\/\/www.csj-emballages.com\/es\/#website\"},\"primaryImageOfPage\":{\"@id\":\"https:\/\/www.csj-emballages.com\/es\/produit\/galette-des-rois-bolsa-26-3-x-32-cm-por-100\/#primaryimage\"},\"image\":{\"@id\":\"https:\/\/www.csj-emballages.com\/es\/produit\/galette-des-rois-bolsa-26-3-x-32-cm-por-100\/#primaryimage\"},\"thumbnailUrl\":\"https:\/\/www.csj-emballages.com\/wp-content\/uploads\/2025\/11\/SACGAL29-1.webp\",\"datePublished\":\"2025-11-04T13:18:22+00:00\",\"dateModified\":\"2026-03-12T15:37:45+00:00\",\"description\":\"Galette des rois bolsa 26 + 3 x 32 cm por 100. Pr\u00e1ctica, transparente e ideal para presentar sus galettes individuales durante la Epifan\u00eda.\",\"breadcrumb\":{\"@id\":\"https:\/\/www.csj-emballages.com\/es\/produit\/galette-des-rois-bolsa-26-3-x-32-cm-por-100\/#breadcrumb\"},\"inLanguage\":\"es\",\"potentialAction\":[{\"@type\":\"ReadAction\",\"target\":[\"https:\/\/www.csj-emballages.com\/es\/produit\/galette-des-rois-bolsa-26-3-x-32-cm-por-100\/\"]}]},{\"@type\":\"ImageObject\",\"inLanguage\":\"es\",\"@id\":\"https:\/\/www.csj-emballages.com\/es\/produit\/galette-des-rois-bolsa-26-3-x-32-cm-por-100\/#primaryimage\",\"url\":\"https:\/\/www.csj-emballages.com\/wp-content\/uploads\/2025\/11\/SACGAL29-1.webp\",\"contentUrl\":\"https:\/\/www.csj-emballages.com\/wp-content\/uploads\/2025\/11\/SACGAL29-1.webp\",\"width\":800,\"height\":800,\"caption\":\"Sac galette des rois\"},{\"@type\":\"BreadcrumbList\",\"@id\":\"https:\/\/www.csj-emballages.com\/es\/produit\/galette-des-rois-bolsa-26-3-x-32-cm-por-100\/#breadcrumb\",\"itemListElement\":[{\"@type\":\"ListItem\",\"position\":1,\"name\":\"Accueil\",\"item\":\"https:\/\/www.csj-emballages.com\/es\/universo-del-envasado-alimentario\/\"},{\"@type\":\"ListItem\",\"position\":2,\"name\":\"Tienda\",\"item\":\"https:\/\/www.csj-emballages.com\/tienda\/\"},{\"@type\":\"ListItem\",\"position\":3,\"name\":\"Bolsa de papel sulfurizado galette des rois 26 + 3 x 32 cm por 100\"}]},{\"@type\":\"WebSite\",\"@id\":\"https:\/\/www.csj-emballages.com\/es\/#website\",\"url\":\"https:\/\/www.csj-emballages.com\/es\/\",\"name\":\"CSJ Emballages\",\"description\":\"\",\"publisher\":{\"@id\":\"https:\/\/www.csj-emballages.com\/es\/#organization\"},\"potentialAction\":[{\"@type\":\"SearchAction\",\"target\":{\"@type\":\"EntryPoint\",\"urlTemplate\":\"https:\/\/www.csj-emballages.com\/es\/?s={search_term_string}\"},\"query-input\":{\"@type\":\"PropertyValueSpecification\",\"valueRequired\":true,\"valueName\":\"search_term_string\"}}],\"inLanguage\":\"es\"},{\"@type\":\"Organization\",\"@id\":\"https:\/\/www.csj-emballages.com\/es\/#Organization\/\",\"name\":\"CSJ Emballages\",\"url\":\"https:\/\/www.csj-emballages.com\/es\/\",\"logo\":{\"@type\":\"ImageObject\",\"inLanguage\":\"es\",\"@id\":\"https:\/\/www.csj-emballages.com\/es\/#\/schema\/logo\/image\/\",\"url\":\"https:\/\/www.csj-emballages.com\/wp-content\/uploads\/2023\/10\/logo_csj.webp\",\"contentUrl\":\"https:\/\/www.csj-emballages.com\/wp-content\/uploads\/2023\/10\/logo_csj.webp\",\"width\":250,\"height\":95,\"caption\":\"CSJ Emballages\"},\"image\":{\"@id\":\"https:\/\/www.csj-emballages.com\/es\/#\/schema\/logo\/image\/\"},\"sameAs\":[\"https:\/\/www.facebook.com\/csjemballages\"],\"address\":{\"@type\":\"PostalAddress\",\"streetAddress\":\"ZI La Lechere\",\"addressLocality\":\"Patornay\",\"postalCode\":\"39130\",\"addressCountry\":\"FR\"},\"contactPoint\":[{\"@type\":\"ContactPoint\",\"contactType\":\"Service client\",\"telephone\":\"0384254272\",\"email\":\"contact@csj-emballages.com\"}]}]}<\/script>\n<!-- \/ Yoast SEO Premium plugin. -->","yoast_head_json":{"title":"Galette des Rois bolsa 26 + 3 x 32 cm por 100","description":"Galette des rois bolsa 26 + 3 x 32 cm por 100. Pr\u00e1ctica, transparente e ideal para presentar sus galettes individuales durante la Epifan\u00eda.","robots":{"index":"index","follow":"follow","max-snippet":"max-snippet:-1","max-image-preview":"max-image-preview:large","max-video-preview":"max-video-preview:-1"},"canonical":"https:\/\/www.csj-emballages.com\/es\/produit\/galette-des-rois-bolsa-26-3-x-32-cm-por-100\/","og_locale":"es_ES","og_type":"article","og_title":"Bolsa de papel sulfurizado galette des rois 26 + 3 x 32 cm por 100","og_description":"Galette des rois bolsa 26 + 3 x 32 cm por 100. Pr\u00e1ctica, transparente e ideal para presentar sus galettes individuales durante la Epifan\u00eda.","og_url":"https:\/\/www.csj-emballages.com\/es\/produit\/galette-des-rois-bolsa-26-3-x-32-cm-por-100\/","og_site_name":"CSJ Emballages","article_publisher":"https:\/\/www.facebook.com\/csjemballages","article_modified_time":"2026-03-12T15:37:45+00:00","og_image":[{"width":800,"height":800,"url":"https:\/\/www.csj-emballages.com\/wp-content\/uploads\/2025\/11\/SACGAL29-1.webp","type":"image\/webp"}],"twitter_card":"summary_large_image","twitter_misc":{"Tiempo de lectura":"1 minuto"},"schema":{"@context":"https:\/\/schema.org","@graph":[{"@type":"WebPage","@id":"https:\/\/www.csj-emballages.com\/es\/produit\/galette-des-rois-bolsa-26-3-x-32-cm-por-100\/","url":"https:\/\/www.csj-emballages.com\/es\/produit\/galette-des-rois-bolsa-26-3-x-32-cm-por-100\/","name":"Galette des Rois bolsa 26 + 3 x 32 cm por 100","isPartOf":{"@id":"https:\/\/www.csj-emballages.com\/es\/#website"},"primaryImageOfPage":{"@id":"https:\/\/www.csj-emballages.com\/es\/produit\/galette-des-rois-bolsa-26-3-x-32-cm-por-100\/#primaryimage"},"image":{"@id":"https:\/\/www.csj-emballages.com\/es\/produit\/galette-des-rois-bolsa-26-3-x-32-cm-por-100\/#primaryimage"},"thumbnailUrl":"https:\/\/www.csj-emballages.com\/wp-content\/uploads\/2025\/11\/SACGAL29-1.webp","datePublished":"2025-11-04T13:18:22+00:00","dateModified":"2026-03-12T15:37:45+00:00","description":"Galette des rois bolsa 26 + 3 x 32 cm por 100. Pr\u00e1ctica, transparente e ideal para presentar sus galettes individuales durante la Epifan\u00eda.","breadcrumb":{"@id":"https:\/\/www.csj-emballages.com\/es\/produit\/galette-des-rois-bolsa-26-3-x-32-cm-por-100\/#breadcrumb"},"inLanguage":"es","potentialAction":[{"@type":"ReadAction","target":["https:\/\/www.csj-emballages.com\/es\/produit\/galette-des-rois-bolsa-26-3-x-32-cm-por-100\/"]}]},{"@type":"ImageObject","inLanguage":"es","@id":"https:\/\/www.csj-emballages.com\/es\/produit\/galette-des-rois-bolsa-26-3-x-32-cm-por-100\/#primaryimage","url":"https:\/\/www.csj-emballages.com\/wp-content\/uploads\/2025\/11\/SACGAL29-1.webp","contentUrl":"https:\/\/www.csj-emballages.com\/wp-content\/uploads\/2025\/11\/SACGAL29-1.webp","width":800,"height":800,"caption":"Sac galette des rois"},{"@type":"BreadcrumbList","@id":"https:\/\/www.csj-emballages.com\/es\/produit\/galette-des-rois-bolsa-26-3-x-32-cm-por-100\/#breadcrumb","itemListElement":[{"@type":"ListItem","position":1,"name":"Accueil","item":"https:\/\/www.csj-emballages.com\/es\/universo-del-envasado-alimentario\/"},{"@type":"ListItem","position":2,"name":"Tienda","item":"https:\/\/www.csj-emballages.com\/tienda\/"},{"@type":"ListItem","position":3,"name":"Bolsa de papel sulfurizado galette des rois 26 + 3 x 32 cm por 100"}]},{"@type":"WebSite","@id":"https:\/\/www.csj-emballages.com\/es\/#website","url":"https:\/\/www.csj-emballages.com\/es\/","name":"CSJ Emballages","description":"","publisher":{"@id":"https:\/\/www.csj-emballages.com\/es\/#organization"},"potentialAction":[{"@type":"SearchAction","target":{"@type":"EntryPoint","urlTemplate":"https:\/\/www.csj-emballages.com\/es\/?s={search_term_string}"},"query-input":{"@type":"PropertyValueSpecification","valueRequired":true,"valueName":"search_term_string"}}],"inLanguage":"es"},{"@type":"Organization","@id":"https:\/\/www.csj-emballages.com\/es\/#Organization\/","name":"CSJ Emballages","url":"https:\/\/www.csj-emballages.com\/es\/","logo":{"@type":"ImageObject","inLanguage":"es","@id":"https:\/\/www.csj-emballages.com\/es\/#\/schema\/logo\/image\/","url":"https:\/\/www.csj-emballages.com\/wp-content\/uploads\/2023\/10\/logo_csj.webp","contentUrl":"https:\/\/www.csj-emballages.com\/wp-content\/uploads\/2023\/10\/logo_csj.webp","width":250,"height":95,"caption":"CSJ Emballages"},"image":{"@id":"https:\/\/www.csj-emballages.com\/es\/#\/schema\/logo\/image\/"},"sameAs":["https:\/\/www.facebook.com\/csjemballages"],"address":{"@type":"PostalAddress","streetAddress":"ZI La Lechere","addressLocality":"Patornay","postalCode":"39130","addressCountry":"FR"},"contactPoint":[{"@type":"ContactPoint","contactType":"Service client","telephone":"0384254272","email":"contact@csj-emballages.com"}]}]}},"df_price":11.9,"df_sale_price":"","df_regular_price":11.9,"df_image_link":"https:\/\/www.csj-emballages.com\/wp-content\/uploads\/2025\/11\/SACGAL29-1-300x300.webp","tiered_pricing_type":"fixed","tiered_pricing_fixed_rules":[],"tiered_pricing_percentage_rules":[],"tiered_pricing_minimum":1,"tiered_pricing_roles_data":[],"_links":{"self":[{"href":"https:\/\/www.csj-emballages.com\/es\/wp-json\/wp\/v2\/product\/255728","targetHints":{"allow":["GET"]}}],"collection":[{"href":"https:\/\/www.csj-emballages.com\/es\/wp-json\/wp\/v2\/product"}],"about":[{"href":"https:\/\/www.csj-emballages.com\/es\/wp-json\/wp\/v2\/types\/product"}],"wp:featuredmedia":[{"embeddable":true,"href":"https:\/\/www.csj-emballages.com\/es\/wp-json\/wp\/v2\/media\/255891"}],"wp:attachment":[{"href":"https:\/\/www.csj-emballages.com\/es\/wp-json\/wp\/v2\/media?parent=255728"}],"wp:term":[{"taxonomy":"product_brand","embeddable":true,"href":"https:\/\/www.csj-emballages.com\/es\/wp-json\/wp\/v2\/product_brand?post=255728"},{"taxonomy":"product_cat","embeddable":true,"href":"https:\/\/www.csj-emballages.com\/es\/wp-json\/wp\/v2\/product_cat?post=255728"},{"taxonomy":"product_tag","embeddable":true,"href":"https:\/\/www.csj-emballages.com\/es\/wp-json\/wp\/v2\/product_tag?post=255728"}],"curies":[{"name":"wp","href":"https:\/\/api.w.org\/{rel}","templated":true}]}}