{"id":255654,"date":"2025-09-24T09:18:19","date_gmt":"2025-09-24T07:18:19","guid":{"rendered":"https:\/\/www.csj-emballages.com\/produit\/bolsa-de-vacio-conservacion-gofrada-25-x-70-cm-100-%c2%b5-por-100\/"},"modified":"2026-05-05T02:20:56","modified_gmt":"2026-05-05T00:20:56","slug":"bolsa-de-vacio-conservacion-gofrada-25-x-70-cm-100-%c2%b5-por-100","status":"publish","type":"product","link":"https:\/\/www.csj-emballages.com\/es\/produit\/bolsa-de-vacio-conservacion-gofrada-25-x-70-cm-100-%c2%b5-por-100\/","title":{"rendered":"Bolsa de vac\u00edo conservaci\u00f3n gofrada 25 x 70 cm 100 \u00b5 por 100"},"content":{"rendered":"<h2 class=\"p1\">Bolsa de vac\u00edo<\/h2>\n<hr>\n<h3>Descripci\u00f3n de nuestra bolsa de vac\u00edo conservaci\u00f3n en relieve 25 x 70 cm 100 \u00b5 por 100<\/h3>\n<p><!--more--><\/p>\n<p data-start=\"209\" data-end=\"693\">Si necesita un embalaje capaz de preservar sus productos durante m\u00e1s tiempo y que, a la vez, sea f\u00e1cil de usar, estas <strong data-start=\"332\" data-end=\"369\">bolsas de vac\u00edo gofradas de 25 x 70 cm<\/strong> son una soluci\u00f3n ganadora. Gracias a su gran longitud, son perfectas para alimentos voluminosos: piezas de <strong>carne<\/strong>, <strong>pescados<\/strong> enteros, <strong>embutidos<\/strong> largos, <strong>quesos<\/strong> generosos o incluso preparaciones familiares. De este modo, disfruta de un formato vers\u00e1til que se adapta a todo lo que desee conservar.<\/p>\n<p data-start=\"695\" data-end=\"1108\">El interior <strong>gofrado<\/strong> es m\u00e1s que un detalle: mejora considerablemente la succi\u00f3n del aire, para un envasado al vac\u00edo m\u00e1s eficaz. El resultado: sus productos se conservan durante m\u00e1s tiempo, mantienen su sabor original y est\u00e1n protegidos de las quemaduras por congelaci\u00f3n. Adem\u00e1s, su grosor <strong data-start=\"994\" data-end=\"1009\">de 100 micras<\/strong> le confiere una gran robustez, ideal para evitar roturas o fugas durante el almacenamiento.  <\/p>\n<p data-start=\"1110\" data-end=\"1417\">Puede utilizarlas tanto con una m\u00e1quina de vac\u00edo externa como con una envasadora al vac\u00edo profesional. La bolsa reacciona r\u00e1pidamente y sella limpiamente, ahorr\u00e1ndole tiempo sin comprometer la calidad. Para el uso diario, en la oficina o en casa, es una verdadera comodidad.  <\/p>\n<p data-start=\"1419\" data-end=\"1649\">El lote de <strong data-start=\"1429\" data-end=\"1443\">100 unidades<\/strong> ofrece una buena autonom\u00eda. Tiene suficiente para organizar sus reservas, anticipar sus preparaciones y optimizar sus espacios de almacenamiento, ya sea en la cocina, en el taller de transformaci\u00f3n o en el laboratorio.<\/p>\n<p data-start=\"1651\" data-end=\"1828\">En resumen, estas <strong>bolsas de vac\u00edo gofradas<\/strong> facilitan el almacenamiento, la protecci\u00f3n y la organizaci\u00f3n de sus alimentos, al tiempo que mejoran la calidad de sus preparaciones a largo plazo.<\/p>\n<p><!--more--><\/p>\n<h4 style=\"text-align: left;\"><strong>Sus ventajas:<\/strong><\/h4>\n<ul style=\"text-align: left;\">\n<li><strong>Vida \u00fatil prolongada<\/strong>: Prolonga la vida \u00fatil de los alimentos.<\/li>\n<li><strong>Textura en relieve<\/strong>: Facilita la evacuaci\u00f3n del aire, garantizando una estanqueidad \u00f3ptima.<\/li>\n<li><strong>Versatilidad<\/strong>: Compatible con la mayor\u00eda de <span style=\"color: #d12727;\"><a style=\"color: #d12727;\" href=\"https:\/\/www.csj-emballages.com\/produit\/machine-sous-vide-semi-pro\/\">aspiradoras<\/a><\/span> y aspiradoras profesionales.<\/li>\n<li><strong>Formato pr\u00e1ctico<\/strong>: Ideal para raciones peque\u00f1as o alimentos individuales.<\/li>\n<li><strong>Seguro para los alimentos<\/strong>: Materiales sin BPA, conformes con las normas alimentarias.<\/li>\n<\/ul>\n<p>.<\/p>\n<p><!--more--><\/p>\n<h4>Informaci\u00f3n adicional :<\/h4>\n<ul>\n<li><strong>Embalaje<\/strong>: Paquete de 100<\/li>\n<li><strong>Dimensiones<\/strong>: 25 x 70 cm<\/li>\n<li><strong>Termosellable<\/strong>: S\u00ed<\/li>\n<li><strong>Tipo<\/strong>: Gofre<\/li>\n<li><strong>Retr\u00e1ctil<\/strong>: No<\/li>\n<li><strong>Resistencia<\/strong>: 100 micras<\/li>\n<li><strong>Soldadura<\/strong>: 3 lados \/ abertura a lo ancho<\/li>\n<li><strong>Temperatura de funcionamiento<\/strong>: de -20\u00b0C a + 70\u00b0C<\/li>\n<\/ul>\n<p>&nbsp;<\/p>\n<p><!--more--><\/p>\n<h4>Art\u00edculos relacionados:<\/h4>\n<p>La  <span style=\"color: #d12727;\"><a style=\"color: #d12727;\" href=\"https:\/\/www.csj-emballages.com\/produit\/machine-sous-vide-semi-pro\/\">m\u00e1quina de vac\u00edo semiprofesional (MSV)<\/a><\/span><\/p>\n<p>&nbsp;<\/p>\n<p><!--more--><\/p>\n<p><a href=\"https:\/\/www.csj-emballages.com\/es\/categorie-produit\/envasado-de-alimentos\/carniceria-y-charcuteria\/bolsas-y-fundas\/bolsas-de-vacio\/bolsas-de-vacio-gofradas\/\">Ver el resto de nuestra gama de bolsas de vac\u00edo gofradas<\/a><\/p>\n<p>&nbsp;<\/p>\n","protected":false},"excerpt":{"rendered":"<p>Bolsa de vac\u00edo Descripci\u00f3n de nuestra bolsa de vac\u00edo conservaci\u00f3n en relieve 25 x 70 cm 100 \u00b5 por 100<\/p>\n","protected":false},"featured_media":227297,"template":"","meta":{"_acf_changed":false},"product_brand":[],"product_cat":[1150,1143,3866,1245,1643],"product_tag":[],"class_list":{"0":"post-255654","1":"product","2":"type-product","3":"status-publish","4":"has-post-thumbnail","6":"product_cat-envasado-de-alimentos","7":"product_cat-carniceria-y-charcuteria","8":"product_cat-bolsas-y-fundas","9":"product_cat-bolsas-de-vacio","10":"product_cat-bolsas-de-vacio-gofradas","12":"first","13":"instock","14":"taxable","15":"shipping-taxable","16":"purchasable","17":"product-type-simple"},"acf":[],"yoast_head":"<!-- This site is optimized with the Yoast SEO Premium plugin v26.6 (Yoast SEO v26.6) - https:\/\/yoast.com\/wordpress\/plugins\/seo\/ -->\n<title>Bolsa de vac\u00edo Conservaci\u00f3n Gofrada 25 x 70 cm 100 \u00b5 por 100<\/title>\n<meta name=\"description\" content=\"Bolsas de conservaci\u00f3n al vac\u00edo gofradas 25 x 70 cm, espesor 100 \u00b5. Paquete de 100 unidades. Perfecto para conservar carne, pescado y alimentos voluminosos a largo plazo.\" \/>\n<meta name=\"robots\" content=\"index, follow, max-snippet:-1, max-image-preview:large, max-video-preview:-1\" \/>\n<link rel=\"canonical\" href=\"https:\/\/www.csj-emballages.com\/es\/produit\/bolsa-de-vacio-conservacion-gofrada-25-x-70-cm-100-%c2%b5-por-100\/\" \/>\n<meta property=\"og:locale\" content=\"es_ES\" \/>\n<meta property=\"og:type\" content=\"article\" \/>\n<meta property=\"og:title\" content=\"Bolsa de vac\u00edo conservaci\u00f3n gofrada 25 x 70 cm 100 \u00b5 por 100\" \/>\n<meta property=\"og:description\" content=\"Bolsas de conservaci\u00f3n al vac\u00edo gofradas 25 x 70 cm, espesor 100 \u00b5. Paquete de 100 unidades. Perfecto para conservar carne, pescado y alimentos voluminosos a largo plazo.\" \/>\n<meta property=\"og:url\" content=\"https:\/\/www.csj-emballages.com\/es\/produit\/bolsa-de-vacio-conservacion-gofrada-25-x-70-cm-100-%c2%b5-por-100\/\" \/>\n<meta property=\"og:site_name\" content=\"CSJ Emballages\" \/>\n<meta property=\"article:publisher\" content=\"https:\/\/www.facebook.com\/csjemballages\" \/>\n<meta property=\"article:modified_time\" content=\"2026-05-05T00:20:56+00:00\" \/>\n<meta property=\"og:image\" content=\"https:\/\/www.csj-emballages.com\/wp-content\/uploads\/2024\/03\/sac-sous-vide-gaufre.webp\" \/>\n\t<meta property=\"og:image:width\" content=\"800\" \/>\n\t<meta property=\"og:image:height\" content=\"800\" \/>\n\t<meta property=\"og:image:type\" content=\"image\/webp\" \/>\n<meta name=\"twitter:card\" content=\"summary_large_image\" \/>\n<meta name=\"twitter:label1\" content=\"Tiempo de lectura\" \/>\n\t<meta name=\"twitter:data1\" content=\"2 minutos\" \/>\n<script type=\"application\/ld+json\" class=\"yoast-schema-graph\">{\"@context\":\"https:\/\/schema.org\",\"@graph\":[{\"@type\":\"WebPage\",\"@id\":\"https:\/\/www.csj-emballages.com\/es\/produit\/bolsa-de-vacio-conservacion-gofrada-25-x-70-cm-100-%c2%b5-por-100\/\",\"url\":\"https:\/\/www.csj-emballages.com\/es\/produit\/bolsa-de-vacio-conservacion-gofrada-25-x-70-cm-100-%c2%b5-por-100\/\",\"name\":\"Bolsa de vac\u00edo Conservaci\u00f3n Gofrada 25 x 70 cm 100 \u00b5 por 100\",\"isPartOf\":{\"@id\":\"https:\/\/www.csj-emballages.com\/es\/#website\"},\"primaryImageOfPage\":{\"@id\":\"https:\/\/www.csj-emballages.com\/es\/produit\/bolsa-de-vacio-conservacion-gofrada-25-x-70-cm-100-%c2%b5-por-100\/#primaryimage\"},\"image\":{\"@id\":\"https:\/\/www.csj-emballages.com\/es\/produit\/bolsa-de-vacio-conservacion-gofrada-25-x-70-cm-100-%c2%b5-por-100\/#primaryimage\"},\"thumbnailUrl\":\"https:\/\/www.csj-emballages.com\/wp-content\/uploads\/2024\/03\/sac-sous-vide-gaufre.webp\",\"datePublished\":\"2025-09-24T07:18:19+00:00\",\"dateModified\":\"2026-05-05T00:20:56+00:00\",\"description\":\"Bolsas de conservaci\u00f3n al vac\u00edo gofradas 25 x 70 cm, espesor 100 \u00b5. Paquete de 100 unidades. Perfecto para conservar carne, pescado y alimentos voluminosos a largo plazo.\",\"breadcrumb\":{\"@id\":\"https:\/\/www.csj-emballages.com\/es\/produit\/bolsa-de-vacio-conservacion-gofrada-25-x-70-cm-100-%c2%b5-por-100\/#breadcrumb\"},\"inLanguage\":\"es\",\"potentialAction\":[{\"@type\":\"ReadAction\",\"target\":[\"https:\/\/www.csj-emballages.com\/es\/produit\/bolsa-de-vacio-conservacion-gofrada-25-x-70-cm-100-%c2%b5-por-100\/\"]}]},{\"@type\":\"ImageObject\",\"inLanguage\":\"es\",\"@id\":\"https:\/\/www.csj-emballages.com\/es\/produit\/bolsa-de-vacio-conservacion-gofrada-25-x-70-cm-100-%c2%b5-por-100\/#primaryimage\",\"url\":\"https:\/\/www.csj-emballages.com\/wp-content\/uploads\/2024\/03\/sac-sous-vide-gaufre.webp\",\"contentUrl\":\"https:\/\/www.csj-emballages.com\/wp-content\/uploads\/2024\/03\/sac-sous-vide-gaufre.webp\",\"width\":800,\"height\":800,\"caption\":\"Sac sous vide\"},{\"@type\":\"BreadcrumbList\",\"@id\":\"https:\/\/www.csj-emballages.com\/es\/produit\/bolsa-de-vacio-conservacion-gofrada-25-x-70-cm-100-%c2%b5-por-100\/#breadcrumb\",\"itemListElement\":[{\"@type\":\"ListItem\",\"position\":1,\"name\":\"Accueil\",\"item\":\"https:\/\/www.csj-emballages.com\/es\/universo-del-envasado-alimentario\/\"},{\"@type\":\"ListItem\",\"position\":2,\"name\":\"Tienda\",\"item\":\"https:\/\/www.csj-emballages.com\/tienda\/\"},{\"@type\":\"ListItem\",\"position\":3,\"name\":\"Bolsa de vac\u00edo conservaci\u00f3n gofrada 25 x 70 cm 100 \u00b5 por 100\"}]},{\"@type\":\"WebSite\",\"@id\":\"https:\/\/www.csj-emballages.com\/es\/#website\",\"url\":\"https:\/\/www.csj-emballages.com\/es\/\",\"name\":\"CSJ Emballages\",\"description\":\"\",\"publisher\":{\"@id\":\"https:\/\/www.csj-emballages.com\/es\/#organization\"},\"potentialAction\":[{\"@type\":\"SearchAction\",\"target\":{\"@type\":\"EntryPoint\",\"urlTemplate\":\"https:\/\/www.csj-emballages.com\/es\/?s={search_term_string}\"},\"query-input\":{\"@type\":\"PropertyValueSpecification\",\"valueRequired\":true,\"valueName\":\"search_term_string\"}}],\"inLanguage\":\"es\"},{\"@type\":\"Organization\",\"@id\":\"https:\/\/www.csj-emballages.com\/es\/#Organization\/\",\"name\":\"CSJ Emballages\",\"url\":\"https:\/\/www.csj-emballages.com\/es\/\",\"logo\":{\"@type\":\"ImageObject\",\"inLanguage\":\"es\",\"@id\":\"https:\/\/www.csj-emballages.com\/es\/#\/schema\/logo\/image\/\",\"url\":\"https:\/\/www.csj-emballages.com\/wp-content\/uploads\/2023\/10\/logo_csj.webp\",\"contentUrl\":\"https:\/\/www.csj-emballages.com\/wp-content\/uploads\/2023\/10\/logo_csj.webp\",\"width\":250,\"height\":95,\"caption\":\"CSJ Emballages\"},\"image\":{\"@id\":\"https:\/\/www.csj-emballages.com\/es\/#\/schema\/logo\/image\/\"},\"sameAs\":[\"https:\/\/www.facebook.com\/csjemballages\"],\"address\":{\"@type\":\"PostalAddress\",\"streetAddress\":\"ZI La Lechere\",\"addressLocality\":\"Patornay\",\"postalCode\":\"39130\",\"addressCountry\":\"FR\"},\"contactPoint\":[{\"@type\":\"ContactPoint\",\"contactType\":\"Service client\",\"telephone\":\"0384254272\",\"email\":\"contact@csj-emballages.com\"}]}]}<\/script>\n<!-- \/ Yoast SEO Premium plugin. -->","yoast_head_json":{"title":"Bolsa de vac\u00edo Conservaci\u00f3n Gofrada 25 x 70 cm 100 \u00b5 por 100","description":"Bolsas de conservaci\u00f3n al vac\u00edo gofradas 25 x 70 cm, espesor 100 \u00b5. Paquete de 100 unidades. Perfecto para conservar carne, pescado y alimentos voluminosos a largo plazo.","robots":{"index":"index","follow":"follow","max-snippet":"max-snippet:-1","max-image-preview":"max-image-preview:large","max-video-preview":"max-video-preview:-1"},"canonical":"https:\/\/www.csj-emballages.com\/es\/produit\/bolsa-de-vacio-conservacion-gofrada-25-x-70-cm-100-%c2%b5-por-100\/","og_locale":"es_ES","og_type":"article","og_title":"Bolsa de vac\u00edo conservaci\u00f3n gofrada 25 x 70 cm 100 \u00b5 por 100","og_description":"Bolsas de conservaci\u00f3n al vac\u00edo gofradas 25 x 70 cm, espesor 100 \u00b5. Paquete de 100 unidades. Perfecto para conservar carne, pescado y alimentos voluminosos a largo plazo.","og_url":"https:\/\/www.csj-emballages.com\/es\/produit\/bolsa-de-vacio-conservacion-gofrada-25-x-70-cm-100-%c2%b5-por-100\/","og_site_name":"CSJ Emballages","article_publisher":"https:\/\/www.facebook.com\/csjemballages","article_modified_time":"2026-05-05T00:20:56+00:00","og_image":[{"width":800,"height":800,"url":"https:\/\/www.csj-emballages.com\/wp-content\/uploads\/2024\/03\/sac-sous-vide-gaufre.webp","type":"image\/webp"}],"twitter_card":"summary_large_image","twitter_misc":{"Tiempo de lectura":"2 minutos"},"schema":{"@context":"https:\/\/schema.org","@graph":[{"@type":"WebPage","@id":"https:\/\/www.csj-emballages.com\/es\/produit\/bolsa-de-vacio-conservacion-gofrada-25-x-70-cm-100-%c2%b5-por-100\/","url":"https:\/\/www.csj-emballages.com\/es\/produit\/bolsa-de-vacio-conservacion-gofrada-25-x-70-cm-100-%c2%b5-por-100\/","name":"Bolsa de vac\u00edo Conservaci\u00f3n Gofrada 25 x 70 cm 100 \u00b5 por 100","isPartOf":{"@id":"https:\/\/www.csj-emballages.com\/es\/#website"},"primaryImageOfPage":{"@id":"https:\/\/www.csj-emballages.com\/es\/produit\/bolsa-de-vacio-conservacion-gofrada-25-x-70-cm-100-%c2%b5-por-100\/#primaryimage"},"image":{"@id":"https:\/\/www.csj-emballages.com\/es\/produit\/bolsa-de-vacio-conservacion-gofrada-25-x-70-cm-100-%c2%b5-por-100\/#primaryimage"},"thumbnailUrl":"https:\/\/www.csj-emballages.com\/wp-content\/uploads\/2024\/03\/sac-sous-vide-gaufre.webp","datePublished":"2025-09-24T07:18:19+00:00","dateModified":"2026-05-05T00:20:56+00:00","description":"Bolsas de conservaci\u00f3n al vac\u00edo gofradas 25 x 70 cm, espesor 100 \u00b5. Paquete de 100 unidades. Perfecto para conservar carne, pescado y alimentos voluminosos a largo plazo.","breadcrumb":{"@id":"https:\/\/www.csj-emballages.com\/es\/produit\/bolsa-de-vacio-conservacion-gofrada-25-x-70-cm-100-%c2%b5-por-100\/#breadcrumb"},"inLanguage":"es","potentialAction":[{"@type":"ReadAction","target":["https:\/\/www.csj-emballages.com\/es\/produit\/bolsa-de-vacio-conservacion-gofrada-25-x-70-cm-100-%c2%b5-por-100\/"]}]},{"@type":"ImageObject","inLanguage":"es","@id":"https:\/\/www.csj-emballages.com\/es\/produit\/bolsa-de-vacio-conservacion-gofrada-25-x-70-cm-100-%c2%b5-por-100\/#primaryimage","url":"https:\/\/www.csj-emballages.com\/wp-content\/uploads\/2024\/03\/sac-sous-vide-gaufre.webp","contentUrl":"https:\/\/www.csj-emballages.com\/wp-content\/uploads\/2024\/03\/sac-sous-vide-gaufre.webp","width":800,"height":800,"caption":"Sac sous vide"},{"@type":"BreadcrumbList","@id":"https:\/\/www.csj-emballages.com\/es\/produit\/bolsa-de-vacio-conservacion-gofrada-25-x-70-cm-100-%c2%b5-por-100\/#breadcrumb","itemListElement":[{"@type":"ListItem","position":1,"name":"Accueil","item":"https:\/\/www.csj-emballages.com\/es\/universo-del-envasado-alimentario\/"},{"@type":"ListItem","position":2,"name":"Tienda","item":"https:\/\/www.csj-emballages.com\/tienda\/"},{"@type":"ListItem","position":3,"name":"Bolsa de vac\u00edo conservaci\u00f3n gofrada 25 x 70 cm 100 \u00b5 por 100"}]},{"@type":"WebSite","@id":"https:\/\/www.csj-emballages.com\/es\/#website","url":"https:\/\/www.csj-emballages.com\/es\/","name":"CSJ Emballages","description":"","publisher":{"@id":"https:\/\/www.csj-emballages.com\/es\/#organization"},"potentialAction":[{"@type":"SearchAction","target":{"@type":"EntryPoint","urlTemplate":"https:\/\/www.csj-emballages.com\/es\/?s={search_term_string}"},"query-input":{"@type":"PropertyValueSpecification","valueRequired":true,"valueName":"search_term_string"}}],"inLanguage":"es"},{"@type":"Organization","@id":"https:\/\/www.csj-emballages.com\/es\/#Organization\/","name":"CSJ Emballages","url":"https:\/\/www.csj-emballages.com\/es\/","logo":{"@type":"ImageObject","inLanguage":"es","@id":"https:\/\/www.csj-emballages.com\/es\/#\/schema\/logo\/image\/","url":"https:\/\/www.csj-emballages.com\/wp-content\/uploads\/2023\/10\/logo_csj.webp","contentUrl":"https:\/\/www.csj-emballages.com\/wp-content\/uploads\/2023\/10\/logo_csj.webp","width":250,"height":95,"caption":"CSJ Emballages"},"image":{"@id":"https:\/\/www.csj-emballages.com\/es\/#\/schema\/logo\/image\/"},"sameAs":["https:\/\/www.facebook.com\/csjemballages"],"address":{"@type":"PostalAddress","streetAddress":"ZI La Lechere","addressLocality":"Patornay","postalCode":"39130","addressCountry":"FR"},"contactPoint":[{"@type":"ContactPoint","contactType":"Service client","telephone":"0384254272","email":"contact@csj-emballages.com"}]}]}},"df_price":42.84,"df_sale_price":"","df_regular_price":42.84,"df_image_link":"https:\/\/www.csj-emballages.com\/wp-content\/uploads\/2024\/03\/sac-sous-vide-gaufre-300x300.webp","tiered_pricing_type":"fixed","tiered_pricing_fixed_rules":[],"tiered_pricing_percentage_rules":[],"tiered_pricing_minimum":1,"tiered_pricing_roles_data":[],"_links":{"self":[{"href":"https:\/\/www.csj-emballages.com\/es\/wp-json\/wp\/v2\/product\/255654","targetHints":{"allow":["GET"]}}],"collection":[{"href":"https:\/\/www.csj-emballages.com\/es\/wp-json\/wp\/v2\/product"}],"about":[{"href":"https:\/\/www.csj-emballages.com\/es\/wp-json\/wp\/v2\/types\/product"}],"wp:featuredmedia":[{"embeddable":true,"href":"https:\/\/www.csj-emballages.com\/es\/wp-json\/wp\/v2\/media\/227297"}],"wp:attachment":[{"href":"https:\/\/www.csj-emballages.com\/es\/wp-json\/wp\/v2\/media?parent=255654"}],"wp:term":[{"taxonomy":"product_brand","embeddable":true,"href":"https:\/\/www.csj-emballages.com\/es\/wp-json\/wp\/v2\/product_brand?post=255654"},{"taxonomy":"product_cat","embeddable":true,"href":"https:\/\/www.csj-emballages.com\/es\/wp-json\/wp\/v2\/product_cat?post=255654"},{"taxonomy":"product_tag","embeddable":true,"href":"https:\/\/www.csj-emballages.com\/es\/wp-json\/wp\/v2\/product_tag?post=255654"}],"curies":[{"name":"wp","href":"https:\/\/api.w.org\/{rel}","templated":true}]}}