{"id":255117,"date":"2025-10-22T14:18:17","date_gmt":"2025-10-22T12:18:17","guid":{"rendered":"https:\/\/www.csj-emballages.com\/produit\/papel-kraft-rizado-1-kg\/"},"modified":"2026-04-09T02:11:38","modified_gmt":"2026-04-09T00:11:38","slug":"papel-kraft-rizado-1-kg","status":"publish","type":"product","link":"https:\/\/www.csj-emballages.com\/es\/produit\/papel-kraft-rizado-1-kg\/","title":{"rendered":"Papel kraft rizado 1 kg"},"content":{"rendered":"<h2 class=\"p1\">Prensado de papel<\/h2>\n<hr>\n<h3>Descripci\u00f3n de nuestro papel kraft ondulado 1 kg<\/h3>\n<p><!--more--><\/p>\n<p data-start=\"143\" data-end=\"539\">La <strong data-start=\"146\" data-end=\"178\">viruta de papel kraft de 1 kg<\/strong> es un elemento indispensable para preparar paquetes bonitos sin complicarse la vida. Protege, amortigua y, sobre todo, confiere de inmediato a su embalaje un aspecto cuidado y c\u00e1lido. Tanto si env\u00eda productos fr\u00e1giles como si llena cestas gourmet o simplemente hace una bonita presentaci\u00f3n, realmente marca la diferencia.<\/p>\n<p data-start=\"541\" data-end=\"917\">Y su aspecto <strong>kraft<\/strong> va a todas partes. Encaja tanto en un entorno natural como en uno m\u00e1s moderno. Puede utilizarlo para manualidades, productos alimentarios, botellas o incluso objetos decorativos. Gracias a su ligereza y buena sujeci\u00f3n, absorbe los golpes sin aplastarse, ayudando a que sus productos lleguen en perfectas condiciones.   <\/p>\n<p data-start=\"919\" data-end=\"1304\">La otra ventaja es que es f\u00e1cil de usar: se coge, se coloca donde se quiere y listo. Llena bien el espacio y se mantiene en su sitio en cajas o cestas. Como est\u00e1 hecho de <strong>papel reciclable<\/strong>, tambi\u00e9n forma parte de un enfoque m\u00e1s responsable, algo que sus clientes sin duda notar\u00e1n.  <\/p>\n<p data-start=\"1306\" data-end=\"1530\">Y como un kilo es mucho, tienes suficiente para preparar bastantes paquetes antes de que se te acaben. Es ideal si tienes una tienda, un negocio online o si preparas regularmente lotes de regalo. <\/p>\n<p><!--more--><\/p>\n<p><strong>Ventajas :<\/strong><\/p>\n<ul>\n<li data-start=\"1557\" data-end=\"1594\">Proporciona un acabado c\u00e1lido y limpio.<\/li>\n<li data-start=\"1597\" data-end=\"1624\">Protege bien los productos.<\/li>\n<li data-start=\"1627\" data-end=\"1660\">F\u00e1cil de usar y extender.<\/li>\n<li data-start=\"1663\" data-end=\"1692\"><strong>Reciclable<\/strong>, as\u00ed que m\u00e1s ecol\u00f3gico.<\/li>\n<\/ul>\n<p>&nbsp;<\/p>\n<p><!--more--><\/p>\n<h4>Informaci\u00f3n adicional :<\/h4>\n<ul>\n<li><strong>Envase<\/strong>: Envase de 1 kg<\/li>\n<li><strong>Color<\/strong>: Marr\u00f3n<\/li>\n<li><strong>Material<\/strong>: Papel<\/li>\n<\/ul>\n<p>&nbsp;<\/p>\n<p><!--more--><\/p>\n<p>Descubra tambi\u00e9n nuestro engaste de madera : <span style=\"color: #d12727;\"><a style=\"color: #d12727;\" href=\"https:\/\/www.csj-emballages.com\/es\/produit\/virutas-de-madera-natural-5-kg\/\">80370<\/a><\/span><\/p>\n<p>&nbsp;<\/p>\n<p><!--more--><\/p>\n<p>Este engarce de papel en 1 kg tambi\u00e9n est\u00e1 disponible en 5 kg: <span style=\"color: #d12727;\"><a style=\"color: #d12727;\" href=\"https:\/\/www.csj-emballages.com\/es\/produit\/papel-kraft-rizado-5-kg\/\">80372<\/a><\/span><\/p>\n<p>&nbsp;<\/p>\n<p><!--more--><\/p>\n<p><a href=\"\/?product_cat=frisure\">Consulte el resto de nuestra gama de virutas<\/a><\/p>\n","protected":false},"excerpt":{"rendered":"<p>Prensado de papel Descripci\u00f3n de nuestro papel kraft ondulado 1 kg<\/p>\n","protected":false},"featured_media":255115,"template":"","meta":{"_acf_changed":false},"product_brand":[],"product_cat":[1150,1488,3874,9387],"product_tag":[],"class_list":{"0":"post-255117","1":"product","2":"type-product","3":"status-publish","4":"has-post-thumbnail","6":"product_cat-envasado-de-alimentos","7":"product_cat-tienda-y-almacen","8":"product_cat-accesorios-y-equipamiento-es","9":"product_cat-frizzled","11":"first","12":"instock","13":"taxable","14":"shipping-taxable","15":"purchasable","16":"product-type-simple"},"acf":[],"yoast_head":"<!-- This site is optimized with the Yoast SEO Premium plugin v26.6 (Yoast SEO v26.6) - https:\/\/yoast.com\/wordpress\/plugins\/seo\/ -->\n<title>Papel Kraft Rizado 1 kg<\/title>\n<meta name=\"description\" content=\"Papel kraft rizado de 1 kg: perfecto para proteger, acolchar y embellecer sus paquetes. Sencillo, natural e ideal tanto para profesionales como para dise\u00f1adores.\" \/>\n<meta name=\"robots\" content=\"index, follow, max-snippet:-1, max-image-preview:large, max-video-preview:-1\" \/>\n<link rel=\"canonical\" href=\"https:\/\/www.csj-emballages.com\/es\/produit\/papel-kraft-rizado-1-kg\/\" \/>\n<meta property=\"og:locale\" content=\"es_ES\" \/>\n<meta property=\"og:type\" content=\"article\" \/>\n<meta property=\"og:title\" content=\"Papel kraft rizado 1 kg\" \/>\n<meta property=\"og:description\" content=\"Papel kraft rizado de 1 kg: perfecto para proteger, acolchar y embellecer sus paquetes. Sencillo, natural e ideal tanto para profesionales como para dise\u00f1adores.\" \/>\n<meta property=\"og:url\" content=\"https:\/\/www.csj-emballages.com\/es\/produit\/papel-kraft-rizado-1-kg\/\" \/>\n<meta property=\"og:site_name\" content=\"CSJ Emballages\" \/>\n<meta property=\"article:publisher\" content=\"https:\/\/www.facebook.com\/csjemballages\" \/>\n<meta property=\"article:modified_time\" content=\"2026-04-09T00:11:38+00:00\" \/>\n<meta property=\"og:image\" content=\"https:\/\/www.csj-emballages.com\/wp-content\/uploads\/2025\/10\/80371-1.webp\" \/>\n\t<meta property=\"og:image:width\" content=\"800\" \/>\n\t<meta property=\"og:image:height\" content=\"800\" \/>\n\t<meta property=\"og:image:type\" content=\"image\/webp\" \/>\n<meta name=\"twitter:card\" content=\"summary_large_image\" \/>\n<meta name=\"twitter:label1\" content=\"Tiempo de lectura\" \/>\n\t<meta name=\"twitter:data1\" content=\"1 minuto\" \/>\n<script type=\"application\/ld+json\" class=\"yoast-schema-graph\">{\"@context\":\"https:\/\/schema.org\",\"@graph\":[{\"@type\":\"WebPage\",\"@id\":\"https:\/\/www.csj-emballages.com\/es\/produit\/papel-kraft-rizado-1-kg\/\",\"url\":\"https:\/\/www.csj-emballages.com\/es\/produit\/papel-kraft-rizado-1-kg\/\",\"name\":\"Papel Kraft Rizado 1 kg\",\"isPartOf\":{\"@id\":\"https:\/\/www.csj-emballages.com\/es\/#website\"},\"primaryImageOfPage\":{\"@id\":\"https:\/\/www.csj-emballages.com\/es\/produit\/papel-kraft-rizado-1-kg\/#primaryimage\"},\"image\":{\"@id\":\"https:\/\/www.csj-emballages.com\/es\/produit\/papel-kraft-rizado-1-kg\/#primaryimage\"},\"thumbnailUrl\":\"https:\/\/www.csj-emballages.com\/wp-content\/uploads\/2025\/10\/80371-1.webp\",\"datePublished\":\"2025-10-22T12:18:17+00:00\",\"dateModified\":\"2026-04-09T00:11:38+00:00\",\"description\":\"Papel kraft rizado de 1 kg: perfecto para proteger, acolchar y embellecer sus paquetes. Sencillo, natural e ideal tanto para profesionales como para dise\u00f1adores.\",\"breadcrumb\":{\"@id\":\"https:\/\/www.csj-emballages.com\/es\/produit\/papel-kraft-rizado-1-kg\/#breadcrumb\"},\"inLanguage\":\"es\",\"potentialAction\":[{\"@type\":\"ReadAction\",\"target\":[\"https:\/\/www.csj-emballages.com\/es\/produit\/papel-kraft-rizado-1-kg\/\"]}]},{\"@type\":\"ImageObject\",\"inLanguage\":\"es\",\"@id\":\"https:\/\/www.csj-emballages.com\/es\/produit\/papel-kraft-rizado-1-kg\/#primaryimage\",\"url\":\"https:\/\/www.csj-emballages.com\/wp-content\/uploads\/2025\/10\/80371-1.webp\",\"contentUrl\":\"https:\/\/www.csj-emballages.com\/wp-content\/uploads\/2025\/10\/80371-1.webp\",\"width\":800,\"height\":800,\"caption\":\"Frisure de papier\"},{\"@type\":\"BreadcrumbList\",\"@id\":\"https:\/\/www.csj-emballages.com\/es\/produit\/papel-kraft-rizado-1-kg\/#breadcrumb\",\"itemListElement\":[{\"@type\":\"ListItem\",\"position\":1,\"name\":\"Accueil\",\"item\":\"https:\/\/www.csj-emballages.com\/es\/universo-del-envasado-alimentario\/\"},{\"@type\":\"ListItem\",\"position\":2,\"name\":\"Tienda\",\"item\":\"https:\/\/www.csj-emballages.com\/tienda\/\"},{\"@type\":\"ListItem\",\"position\":3,\"name\":\"Papel kraft rizado 1 kg\"}]},{\"@type\":\"WebSite\",\"@id\":\"https:\/\/www.csj-emballages.com\/es\/#website\",\"url\":\"https:\/\/www.csj-emballages.com\/es\/\",\"name\":\"CSJ Emballages\",\"description\":\"\",\"publisher\":{\"@id\":\"https:\/\/www.csj-emballages.com\/es\/#organization\"},\"potentialAction\":[{\"@type\":\"SearchAction\",\"target\":{\"@type\":\"EntryPoint\",\"urlTemplate\":\"https:\/\/www.csj-emballages.com\/es\/?s={search_term_string}\"},\"query-input\":{\"@type\":\"PropertyValueSpecification\",\"valueRequired\":true,\"valueName\":\"search_term_string\"}}],\"inLanguage\":\"es\"},{\"@type\":\"Organization\",\"@id\":\"https:\/\/www.csj-emballages.com\/es\/#Organization\/\",\"name\":\"CSJ Emballages\",\"url\":\"https:\/\/www.csj-emballages.com\/es\/\",\"logo\":{\"@type\":\"ImageObject\",\"inLanguage\":\"es\",\"@id\":\"https:\/\/www.csj-emballages.com\/es\/#\/schema\/logo\/image\/\",\"url\":\"https:\/\/www.csj-emballages.com\/wp-content\/uploads\/2023\/10\/logo_csj.webp\",\"contentUrl\":\"https:\/\/www.csj-emballages.com\/wp-content\/uploads\/2023\/10\/logo_csj.webp\",\"width\":250,\"height\":95,\"caption\":\"CSJ Emballages\"},\"image\":{\"@id\":\"https:\/\/www.csj-emballages.com\/es\/#\/schema\/logo\/image\/\"},\"sameAs\":[\"https:\/\/www.facebook.com\/csjemballages\"],\"address\":{\"@type\":\"PostalAddress\",\"streetAddress\":\"ZI La Lechere\",\"addressLocality\":\"Patornay\",\"postalCode\":\"39130\",\"addressCountry\":\"FR\"},\"contactPoint\":[{\"@type\":\"ContactPoint\",\"contactType\":\"Service client\",\"telephone\":\"0384254272\",\"email\":\"contact@csj-emballages.com\"}]}]}<\/script>\n<!-- \/ Yoast SEO Premium plugin. -->","yoast_head_json":{"title":"Papel Kraft Rizado 1 kg","description":"Papel kraft rizado de 1 kg: perfecto para proteger, acolchar y embellecer sus paquetes. Sencillo, natural e ideal tanto para profesionales como para dise\u00f1adores.","robots":{"index":"index","follow":"follow","max-snippet":"max-snippet:-1","max-image-preview":"max-image-preview:large","max-video-preview":"max-video-preview:-1"},"canonical":"https:\/\/www.csj-emballages.com\/es\/produit\/papel-kraft-rizado-1-kg\/","og_locale":"es_ES","og_type":"article","og_title":"Papel kraft rizado 1 kg","og_description":"Papel kraft rizado de 1 kg: perfecto para proteger, acolchar y embellecer sus paquetes. Sencillo, natural e ideal tanto para profesionales como para dise\u00f1adores.","og_url":"https:\/\/www.csj-emballages.com\/es\/produit\/papel-kraft-rizado-1-kg\/","og_site_name":"CSJ Emballages","article_publisher":"https:\/\/www.facebook.com\/csjemballages","article_modified_time":"2026-04-09T00:11:38+00:00","og_image":[{"width":800,"height":800,"url":"https:\/\/www.csj-emballages.com\/wp-content\/uploads\/2025\/10\/80371-1.webp","type":"image\/webp"}],"twitter_card":"summary_large_image","twitter_misc":{"Tiempo de lectura":"1 minuto"},"schema":{"@context":"https:\/\/schema.org","@graph":[{"@type":"WebPage","@id":"https:\/\/www.csj-emballages.com\/es\/produit\/papel-kraft-rizado-1-kg\/","url":"https:\/\/www.csj-emballages.com\/es\/produit\/papel-kraft-rizado-1-kg\/","name":"Papel Kraft Rizado 1 kg","isPartOf":{"@id":"https:\/\/www.csj-emballages.com\/es\/#website"},"primaryImageOfPage":{"@id":"https:\/\/www.csj-emballages.com\/es\/produit\/papel-kraft-rizado-1-kg\/#primaryimage"},"image":{"@id":"https:\/\/www.csj-emballages.com\/es\/produit\/papel-kraft-rizado-1-kg\/#primaryimage"},"thumbnailUrl":"https:\/\/www.csj-emballages.com\/wp-content\/uploads\/2025\/10\/80371-1.webp","datePublished":"2025-10-22T12:18:17+00:00","dateModified":"2026-04-09T00:11:38+00:00","description":"Papel kraft rizado de 1 kg: perfecto para proteger, acolchar y embellecer sus paquetes. Sencillo, natural e ideal tanto para profesionales como para dise\u00f1adores.","breadcrumb":{"@id":"https:\/\/www.csj-emballages.com\/es\/produit\/papel-kraft-rizado-1-kg\/#breadcrumb"},"inLanguage":"es","potentialAction":[{"@type":"ReadAction","target":["https:\/\/www.csj-emballages.com\/es\/produit\/papel-kraft-rizado-1-kg\/"]}]},{"@type":"ImageObject","inLanguage":"es","@id":"https:\/\/www.csj-emballages.com\/es\/produit\/papel-kraft-rizado-1-kg\/#primaryimage","url":"https:\/\/www.csj-emballages.com\/wp-content\/uploads\/2025\/10\/80371-1.webp","contentUrl":"https:\/\/www.csj-emballages.com\/wp-content\/uploads\/2025\/10\/80371-1.webp","width":800,"height":800,"caption":"Frisure de papier"},{"@type":"BreadcrumbList","@id":"https:\/\/www.csj-emballages.com\/es\/produit\/papel-kraft-rizado-1-kg\/#breadcrumb","itemListElement":[{"@type":"ListItem","position":1,"name":"Accueil","item":"https:\/\/www.csj-emballages.com\/es\/universo-del-envasado-alimentario\/"},{"@type":"ListItem","position":2,"name":"Tienda","item":"https:\/\/www.csj-emballages.com\/tienda\/"},{"@type":"ListItem","position":3,"name":"Papel kraft rizado 1 kg"}]},{"@type":"WebSite","@id":"https:\/\/www.csj-emballages.com\/es\/#website","url":"https:\/\/www.csj-emballages.com\/es\/","name":"CSJ Emballages","description":"","publisher":{"@id":"https:\/\/www.csj-emballages.com\/es\/#organization"},"potentialAction":[{"@type":"SearchAction","target":{"@type":"EntryPoint","urlTemplate":"https:\/\/www.csj-emballages.com\/es\/?s={search_term_string}"},"query-input":{"@type":"PropertyValueSpecification","valueRequired":true,"valueName":"search_term_string"}}],"inLanguage":"es"},{"@type":"Organization","@id":"https:\/\/www.csj-emballages.com\/es\/#Organization\/","name":"CSJ Emballages","url":"https:\/\/www.csj-emballages.com\/es\/","logo":{"@type":"ImageObject","inLanguage":"es","@id":"https:\/\/www.csj-emballages.com\/es\/#\/schema\/logo\/image\/","url":"https:\/\/www.csj-emballages.com\/wp-content\/uploads\/2023\/10\/logo_csj.webp","contentUrl":"https:\/\/www.csj-emballages.com\/wp-content\/uploads\/2023\/10\/logo_csj.webp","width":250,"height":95,"caption":"CSJ Emballages"},"image":{"@id":"https:\/\/www.csj-emballages.com\/es\/#\/schema\/logo\/image\/"},"sameAs":["https:\/\/www.facebook.com\/csjemballages"],"address":{"@type":"PostalAddress","streetAddress":"ZI La Lechere","addressLocality":"Patornay","postalCode":"39130","addressCountry":"FR"},"contactPoint":[{"@type":"ContactPoint","contactType":"Service client","telephone":"0384254272","email":"contact@csj-emballages.com"}]}]}},"df_price":6.17,"df_sale_price":"","df_regular_price":6.17,"df_image_link":"https:\/\/www.csj-emballages.com\/wp-content\/uploads\/2025\/10\/80371-1-300x300.webp","tiered_pricing_type":"fixed","tiered_pricing_fixed_rules":[],"tiered_pricing_percentage_rules":[],"tiered_pricing_minimum":1,"tiered_pricing_roles_data":[],"_links":{"self":[{"href":"https:\/\/www.csj-emballages.com\/es\/wp-json\/wp\/v2\/product\/255117","targetHints":{"allow":["GET"]}}],"collection":[{"href":"https:\/\/www.csj-emballages.com\/es\/wp-json\/wp\/v2\/product"}],"about":[{"href":"https:\/\/www.csj-emballages.com\/es\/wp-json\/wp\/v2\/types\/product"}],"wp:featuredmedia":[{"embeddable":true,"href":"https:\/\/www.csj-emballages.com\/es\/wp-json\/wp\/v2\/media\/255115"}],"wp:attachment":[{"href":"https:\/\/www.csj-emballages.com\/es\/wp-json\/wp\/v2\/media?parent=255117"}],"wp:term":[{"taxonomy":"product_brand","embeddable":true,"href":"https:\/\/www.csj-emballages.com\/es\/wp-json\/wp\/v2\/product_brand?post=255117"},{"taxonomy":"product_cat","embeddable":true,"href":"https:\/\/www.csj-emballages.com\/es\/wp-json\/wp\/v2\/product_cat?post=255117"},{"taxonomy":"product_tag","embeddable":true,"href":"https:\/\/www.csj-emballages.com\/es\/wp-json\/wp\/v2\/product_tag?post=255117"}],"curies":[{"name":"wp","href":"https:\/\/api.w.org\/{rel}","templated":true}]}}