{"id":254565,"date":"2025-10-20T15:18:17","date_gmt":"2025-10-20T13:18:17","guid":{"rendered":"https:\/\/www.csj-emballages.com\/produit\/bolsa-kraft-doypack-80-x-140-50-mm-por-50\/"},"modified":"2026-04-01T17:47:50","modified_gmt":"2026-04-01T15:47:50","slug":"bolsa-kraft-doypack-80-x-140-50-mm-por-50","status":"publish","type":"product","link":"https:\/\/www.csj-emballages.com\/es\/produit\/bolsa-kraft-doypack-80-x-140-50-mm-por-50\/","title":{"rendered":"Bolsa kraft Doypack 80 x 140 + 50 mm por 50"},"content":{"rendered":"<h2 class=\"p1\">Bolsa Doypack<\/h2>\n<hr>\n<h3>Descripci\u00f3n de nuestra bolsa kraft Doypack 80 x 140 + 50 mm por 50<\/h3>\n<p><!--more--><\/p>\n<p data-start=\"255\" data-end=\"779\">La <strong data-start=\"258\" data-end=\"299\">bolsa Doypack kraft de 80 x 140 + 50 mm<\/strong> es exactamente el tipo de embalaje que nos gusta usar a diario: sencillo, pr\u00e1ctico y muy bonito. Gracias a su <strong data-start=\"418\" data-end=\"439\">papel kraft marr\u00f3n<\/strong>, aporta de inmediato un toque natural y aut\u00e9ntico a sus productos. Del mismo modo, como es <strong data-start=\"535\" data-end=\"549\">resellable<\/strong>, puede abrir y cerrar la bolsa tantas veces como quiera, sin da\u00f1ar su contenido. Esto no solo permite mantener la frescura durante m\u00e1s tiempo, sino tambi\u00e9n tranquilizar a sus clientes sobre la calidad de lo que ofrece.<\/p>\n<p data-start=\"781\" data-end=\"1116\">Y luego est\u00e1 su <strong data-start=\"800\" data-end=\"831\">gran ventana transparente<\/strong>. Realza el producto sin necesidad de abrir la bolsa, lo cual es particularmente \u00fatil para las especias, el t\u00e9, los frutos secos, los caramelos o incluso los cosm\u00e9ticos s\u00f3lidos. Dado que el aspecto visual es muy importante en la compra, esta <strong>peque\u00f1a ventana<\/strong> marca realmente la diferencia.<\/p>\n<p data-start=\"1118\" data-end=\"1419\">Adem\u00e1s, esta <strong>bolsa doypack<\/strong> es un <strong data-start=\"1157\" data-end=\"1169\">stand-up<\/strong>, lo que significa que se mantiene de pie por s\u00ed sola. As\u00ed, gana espacio y sus estanter\u00edas permanecen bien organizadas. Tambi\u00e9n es una excelente alternativa a los tarros de cristal o a las latas met\u00e1licas: m\u00e1s ligera, m\u00e1s flexible y, sobre todo, m\u00e1s econ\u00f3mica.<\/p>\n<p data-start=\"1421\" data-end=\"1764\">En la parte posterior, dispone de un buen espacio para pegar sus <strong data-start=\"1480\" data-end=\"1509\">etiquetas personalizadas<\/strong>. Ya sea su logotipo, los ingredientes, los valores nutricionales o la fecha de caducidad, todo encuentra su lugar de forma ordenada. Es perfecto para los artesanos, los productores o los comercios que quieren un embalaje serio sin complicarse la vida.<\/p>\n<p data-start=\"1766\" data-end=\"1921\">Por \u00faltimo, este paquete de <strong data-start=\"1788\" data-end=\"1802\">50 sobres<\/strong> le permite envasar una gran variedad de productos de forma r\u00e1pida y sencilla, manteniendo al mismo tiempo un aspecto profesional.<\/p>\n<p><!--more--><\/p>\n<p><strong>Ventajas :<\/strong><\/p>\n<ul>\n<li data-start=\"1947\" data-end=\"1974\">Aspecto natural y moderno.<\/li>\n<li data-start=\"1977\" data-end=\"2004\">Cierre pr\u00e1ctico.<\/li>\n<li data-start=\"2007\" data-end=\"2036\"><strong>Gran ventana <\/strong>transparente.<\/li>\n<li data-start=\"2039\" data-end=\"2063\">Se sostiene por s\u00ed solo.<\/li>\n<li data-start=\"2066\" data-end=\"2102\">Ideal para sus etiquetas y logotipos.<\/li>\n<\/ul>\n<p>&nbsp;<\/p>\n<p><!--more--><\/p>\n<h4>Informaci\u00f3n adicional :<\/h4>\n<ul>\n<li><strong>Envase<\/strong>: Paquete de 50<\/li>\n<li><strong>Dimensiones<\/strong>: 80 x 140 + 50 mm<\/li>\n<li><strong>Color<\/strong>: Marr\u00f3n<\/li>\n<li><strong>Volumen<\/strong>: 70 ml<\/li>\n<li><strong>Material<\/strong>: Papel \/ PP<\/li>\n<\/ul>\n<p>&nbsp;<\/p>\n<p><!--more--><\/p>\n<p>Estas bolsas Doypack est\u00e1n disponibles en diferentes tama\u00f1os: <span style=\"color: #d12727;\"><a style=\"color: #d12727;\" href=\"https:\/\/www.csj-emballages.com\/es\/produit\/bolsas-kraft-doypack-110-x-190-70-mm-paquete-de-50\/\">110 x 190 + 70 mm<\/a><\/span> \/ <span style=\"color: #d12727;\"><a style=\"color: #d12727;\" href=\"https:\/\/www.csj-emballages.com\/es\/produit\/bolsa-kraft-doypack-130-x-220-70-mm-paquete-de-50\/\">130 x 220 + 70 mm<\/a><\/span> \/ <span style=\"color: #d12727;\"><a style=\"color: #d12727;\" href=\"https:\/\/www.csj-emballages.com\/es\/produit\/bolsas-kraft-doypack-160-x-270-70-mm-paquete-de-50\/\">160 x 270 + 70 mm<\/a><\/span><\/p>\n<p>&nbsp;<\/p>\n<p><!--more--><\/p>\n<p><a href=\"https:\/\/www.csj-emballages.com\/es\/categorie-produit\/envasado-de-alimentos\/panaderia-y-pasteleria\/bolsas-sobres-y-papel\/bolsas-para-golosinas\/bolsas-doypack\/\">Consulte el resto de nuestra gama de bolsas doypack<\/a><\/p>\n","protected":false},"excerpt":{"rendered":"<p>Bolsa Doypack Descripci\u00f3n de nuestra bolsa kraft Doypack 80 x 140 + 50 mm por 50<\/p>\n","protected":false},"featured_media":254573,"template":"","meta":{"_acf_changed":false},"product_brand":[],"product_cat":[1150,1145,3871,1660,10106],"product_tag":[],"class_list":{"0":"post-254565","1":"product","2":"type-product","3":"status-publish","4":"has-post-thumbnail","6":"product_cat-envasado-de-alimentos","7":"product_cat-panaderia-y-pasteleria","8":"product_cat-bolsas-sobres-y-papel","9":"product_cat-bolsas-para-golosinas","10":"product_cat-bolsas-doypack","12":"first","13":"instock","14":"featured","15":"taxable","16":"shipping-taxable","17":"purchasable","18":"product-type-simple"},"acf":[],"yoast_head":"<!-- This site is optimized with the Yoast SEO Premium plugin v26.6 (Yoast SEO v26.6) - https:\/\/yoast.com\/wordpress\/plugins\/seo\/ -->\n<title>Bolsa kraft Doypack 80 x 140 + 50 mm por 50<\/title>\n<meta name=\"description\" content=\"Bolsa kraft Doypack 80 x 140 + 50 mm con ventana y cremallera. Paquete de 50 unidades. Ideal para productos alimenticios y artesanales.\" \/>\n<meta name=\"robots\" content=\"index, follow, max-snippet:-1, max-image-preview:large, max-video-preview:-1\" \/>\n<link rel=\"canonical\" href=\"https:\/\/www.csj-emballages.com\/es\/produit\/bolsa-kraft-doypack-80-x-140-50-mm-por-50\/\" \/>\n<meta property=\"og:locale\" content=\"es_ES\" \/>\n<meta property=\"og:type\" content=\"article\" \/>\n<meta property=\"og:title\" content=\"Bolsa kraft Doypack 80 x 140 + 50 mm por 50\" \/>\n<meta property=\"og:description\" content=\"Bolsa kraft Doypack 80 x 140 + 50 mm con ventana y cremallera. Paquete de 50 unidades. Ideal para productos alimenticios y artesanales.\" \/>\n<meta property=\"og:url\" content=\"https:\/\/www.csj-emballages.com\/es\/produit\/bolsa-kraft-doypack-80-x-140-50-mm-por-50\/\" \/>\n<meta property=\"og:site_name\" content=\"CSJ Emballages\" \/>\n<meta property=\"article:publisher\" content=\"https:\/\/www.facebook.com\/csjemballages\" \/>\n<meta property=\"article:modified_time\" content=\"2026-04-01T15:47:50+00:00\" \/>\n<meta property=\"og:image\" content=\"https:\/\/www.csj-emballages.com\/wp-content\/uploads\/2025\/10\/DOYPACK1-1.webp\" \/>\n\t<meta property=\"og:image:width\" content=\"800\" \/>\n\t<meta property=\"og:image:height\" content=\"800\" \/>\n\t<meta property=\"og:image:type\" content=\"image\/webp\" \/>\n<meta name=\"twitter:card\" content=\"summary_large_image\" \/>\n<meta name=\"twitter:label1\" content=\"Tiempo de lectura\" \/>\n\t<meta name=\"twitter:data1\" content=\"2 minutos\" \/>\n<script type=\"application\/ld+json\" class=\"yoast-schema-graph\">{\"@context\":\"https:\/\/schema.org\",\"@graph\":[{\"@type\":\"WebPage\",\"@id\":\"https:\/\/www.csj-emballages.com\/es\/produit\/bolsa-kraft-doypack-80-x-140-50-mm-por-50\/\",\"url\":\"https:\/\/www.csj-emballages.com\/es\/produit\/bolsa-kraft-doypack-80-x-140-50-mm-por-50\/\",\"name\":\"Bolsa kraft Doypack 80 x 140 + 50 mm por 50\",\"isPartOf\":{\"@id\":\"https:\/\/www.csj-emballages.com\/es\/#website\"},\"primaryImageOfPage\":{\"@id\":\"https:\/\/www.csj-emballages.com\/es\/produit\/bolsa-kraft-doypack-80-x-140-50-mm-por-50\/#primaryimage\"},\"image\":{\"@id\":\"https:\/\/www.csj-emballages.com\/es\/produit\/bolsa-kraft-doypack-80-x-140-50-mm-por-50\/#primaryimage\"},\"thumbnailUrl\":\"https:\/\/www.csj-emballages.com\/wp-content\/uploads\/2025\/10\/DOYPACK1-1.webp\",\"datePublished\":\"2025-10-20T13:18:17+00:00\",\"dateModified\":\"2026-04-01T15:47:50+00:00\",\"description\":\"Bolsa kraft Doypack 80 x 140 + 50 mm con ventana y cremallera. Paquete de 50 unidades. Ideal para productos alimenticios y artesanales.\",\"breadcrumb\":{\"@id\":\"https:\/\/www.csj-emballages.com\/es\/produit\/bolsa-kraft-doypack-80-x-140-50-mm-por-50\/#breadcrumb\"},\"inLanguage\":\"es\",\"potentialAction\":[{\"@type\":\"ReadAction\",\"target\":[\"https:\/\/www.csj-emballages.com\/es\/produit\/bolsa-kraft-doypack-80-x-140-50-mm-por-50\/\"]}]},{\"@type\":\"ImageObject\",\"inLanguage\":\"es\",\"@id\":\"https:\/\/www.csj-emballages.com\/es\/produit\/bolsa-kraft-doypack-80-x-140-50-mm-por-50\/#primaryimage\",\"url\":\"https:\/\/www.csj-emballages.com\/wp-content\/uploads\/2025\/10\/DOYPACK1-1.webp\",\"contentUrl\":\"https:\/\/www.csj-emballages.com\/wp-content\/uploads\/2025\/10\/DOYPACK1-1.webp\",\"width\":800,\"height\":800,\"caption\":\"Sachet Doypack\"},{\"@type\":\"BreadcrumbList\",\"@id\":\"https:\/\/www.csj-emballages.com\/es\/produit\/bolsa-kraft-doypack-80-x-140-50-mm-por-50\/#breadcrumb\",\"itemListElement\":[{\"@type\":\"ListItem\",\"position\":1,\"name\":\"Accueil\",\"item\":\"https:\/\/www.csj-emballages.com\/es\/universo-del-envasado-alimentario\/\"},{\"@type\":\"ListItem\",\"position\":2,\"name\":\"Tienda\",\"item\":\"https:\/\/www.csj-emballages.com\/tienda\/\"},{\"@type\":\"ListItem\",\"position\":3,\"name\":\"Bolsa kraft Doypack 80 x 140 + 50 mm por 50\"}]},{\"@type\":\"WebSite\",\"@id\":\"https:\/\/www.csj-emballages.com\/es\/#website\",\"url\":\"https:\/\/www.csj-emballages.com\/es\/\",\"name\":\"CSJ Emballages\",\"description\":\"\",\"publisher\":{\"@id\":\"https:\/\/www.csj-emballages.com\/es\/#organization\"},\"potentialAction\":[{\"@type\":\"SearchAction\",\"target\":{\"@type\":\"EntryPoint\",\"urlTemplate\":\"https:\/\/www.csj-emballages.com\/es\/?s={search_term_string}\"},\"query-input\":{\"@type\":\"PropertyValueSpecification\",\"valueRequired\":true,\"valueName\":\"search_term_string\"}}],\"inLanguage\":\"es\"},{\"@type\":\"Organization\",\"@id\":\"https:\/\/www.csj-emballages.com\/es\/#Organization\/\",\"name\":\"CSJ Emballages\",\"url\":\"https:\/\/www.csj-emballages.com\/es\/\",\"logo\":{\"@type\":\"ImageObject\",\"inLanguage\":\"es\",\"@id\":\"https:\/\/www.csj-emballages.com\/es\/#\/schema\/logo\/image\/\",\"url\":\"https:\/\/www.csj-emballages.com\/wp-content\/uploads\/2023\/10\/logo_csj.webp\",\"contentUrl\":\"https:\/\/www.csj-emballages.com\/wp-content\/uploads\/2023\/10\/logo_csj.webp\",\"width\":250,\"height\":95,\"caption\":\"CSJ Emballages\"},\"image\":{\"@id\":\"https:\/\/www.csj-emballages.com\/es\/#\/schema\/logo\/image\/\"},\"sameAs\":[\"https:\/\/www.facebook.com\/csjemballages\"],\"address\":{\"@type\":\"PostalAddress\",\"streetAddress\":\"ZI La Lechere\",\"addressLocality\":\"Patornay\",\"postalCode\":\"39130\",\"addressCountry\":\"FR\"},\"contactPoint\":[{\"@type\":\"ContactPoint\",\"contactType\":\"Service client\",\"telephone\":\"0384254272\",\"email\":\"contact@csj-emballages.com\"}]}]}<\/script>\n<!-- \/ Yoast SEO Premium plugin. -->","yoast_head_json":{"title":"Bolsa kraft Doypack 80 x 140 + 50 mm por 50","description":"Bolsa kraft Doypack 80 x 140 + 50 mm con ventana y cremallera. Paquete de 50 unidades. Ideal para productos alimenticios y artesanales.","robots":{"index":"index","follow":"follow","max-snippet":"max-snippet:-1","max-image-preview":"max-image-preview:large","max-video-preview":"max-video-preview:-1"},"canonical":"https:\/\/www.csj-emballages.com\/es\/produit\/bolsa-kraft-doypack-80-x-140-50-mm-por-50\/","og_locale":"es_ES","og_type":"article","og_title":"Bolsa kraft Doypack 80 x 140 + 50 mm por 50","og_description":"Bolsa kraft Doypack 80 x 140 + 50 mm con ventana y cremallera. Paquete de 50 unidades. Ideal para productos alimenticios y artesanales.","og_url":"https:\/\/www.csj-emballages.com\/es\/produit\/bolsa-kraft-doypack-80-x-140-50-mm-por-50\/","og_site_name":"CSJ Emballages","article_publisher":"https:\/\/www.facebook.com\/csjemballages","article_modified_time":"2026-04-01T15:47:50+00:00","og_image":[{"width":800,"height":800,"url":"https:\/\/www.csj-emballages.com\/wp-content\/uploads\/2025\/10\/DOYPACK1-1.webp","type":"image\/webp"}],"twitter_card":"summary_large_image","twitter_misc":{"Tiempo de lectura":"2 minutos"},"schema":{"@context":"https:\/\/schema.org","@graph":[{"@type":"WebPage","@id":"https:\/\/www.csj-emballages.com\/es\/produit\/bolsa-kraft-doypack-80-x-140-50-mm-por-50\/","url":"https:\/\/www.csj-emballages.com\/es\/produit\/bolsa-kraft-doypack-80-x-140-50-mm-por-50\/","name":"Bolsa kraft Doypack 80 x 140 + 50 mm por 50","isPartOf":{"@id":"https:\/\/www.csj-emballages.com\/es\/#website"},"primaryImageOfPage":{"@id":"https:\/\/www.csj-emballages.com\/es\/produit\/bolsa-kraft-doypack-80-x-140-50-mm-por-50\/#primaryimage"},"image":{"@id":"https:\/\/www.csj-emballages.com\/es\/produit\/bolsa-kraft-doypack-80-x-140-50-mm-por-50\/#primaryimage"},"thumbnailUrl":"https:\/\/www.csj-emballages.com\/wp-content\/uploads\/2025\/10\/DOYPACK1-1.webp","datePublished":"2025-10-20T13:18:17+00:00","dateModified":"2026-04-01T15:47:50+00:00","description":"Bolsa kraft Doypack 80 x 140 + 50 mm con ventana y cremallera. Paquete de 50 unidades. Ideal para productos alimenticios y artesanales.","breadcrumb":{"@id":"https:\/\/www.csj-emballages.com\/es\/produit\/bolsa-kraft-doypack-80-x-140-50-mm-por-50\/#breadcrumb"},"inLanguage":"es","potentialAction":[{"@type":"ReadAction","target":["https:\/\/www.csj-emballages.com\/es\/produit\/bolsa-kraft-doypack-80-x-140-50-mm-por-50\/"]}]},{"@type":"ImageObject","inLanguage":"es","@id":"https:\/\/www.csj-emballages.com\/es\/produit\/bolsa-kraft-doypack-80-x-140-50-mm-por-50\/#primaryimage","url":"https:\/\/www.csj-emballages.com\/wp-content\/uploads\/2025\/10\/DOYPACK1-1.webp","contentUrl":"https:\/\/www.csj-emballages.com\/wp-content\/uploads\/2025\/10\/DOYPACK1-1.webp","width":800,"height":800,"caption":"Sachet Doypack"},{"@type":"BreadcrumbList","@id":"https:\/\/www.csj-emballages.com\/es\/produit\/bolsa-kraft-doypack-80-x-140-50-mm-por-50\/#breadcrumb","itemListElement":[{"@type":"ListItem","position":1,"name":"Accueil","item":"https:\/\/www.csj-emballages.com\/es\/universo-del-envasado-alimentario\/"},{"@type":"ListItem","position":2,"name":"Tienda","item":"https:\/\/www.csj-emballages.com\/tienda\/"},{"@type":"ListItem","position":3,"name":"Bolsa kraft Doypack 80 x 140 + 50 mm por 50"}]},{"@type":"WebSite","@id":"https:\/\/www.csj-emballages.com\/es\/#website","url":"https:\/\/www.csj-emballages.com\/es\/","name":"CSJ Emballages","description":"","publisher":{"@id":"https:\/\/www.csj-emballages.com\/es\/#organization"},"potentialAction":[{"@type":"SearchAction","target":{"@type":"EntryPoint","urlTemplate":"https:\/\/www.csj-emballages.com\/es\/?s={search_term_string}"},"query-input":{"@type":"PropertyValueSpecification","valueRequired":true,"valueName":"search_term_string"}}],"inLanguage":"es"},{"@type":"Organization","@id":"https:\/\/www.csj-emballages.com\/es\/#Organization\/","name":"CSJ Emballages","url":"https:\/\/www.csj-emballages.com\/es\/","logo":{"@type":"ImageObject","inLanguage":"es","@id":"https:\/\/www.csj-emballages.com\/es\/#\/schema\/logo\/image\/","url":"https:\/\/www.csj-emballages.com\/wp-content\/uploads\/2023\/10\/logo_csj.webp","contentUrl":"https:\/\/www.csj-emballages.com\/wp-content\/uploads\/2023\/10\/logo_csj.webp","width":250,"height":95,"caption":"CSJ Emballages"},"image":{"@id":"https:\/\/www.csj-emballages.com\/es\/#\/schema\/logo\/image\/"},"sameAs":["https:\/\/www.facebook.com\/csjemballages"],"address":{"@type":"PostalAddress","streetAddress":"ZI La Lechere","addressLocality":"Patornay","postalCode":"39130","addressCountry":"FR"},"contactPoint":[{"@type":"ContactPoint","contactType":"Service client","telephone":"0384254272","email":"contact@csj-emballages.com"}]}]}},"df_price":4.69,"df_sale_price":"","df_regular_price":4.69,"df_image_link":"https:\/\/www.csj-emballages.com\/wp-content\/uploads\/2025\/10\/DOYPACK1-1-300x300.webp","tiered_pricing_type":"fixed","tiered_pricing_fixed_rules":[],"tiered_pricing_percentage_rules":[],"tiered_pricing_minimum":1,"tiered_pricing_roles_data":[],"_links":{"self":[{"href":"https:\/\/www.csj-emballages.com\/es\/wp-json\/wp\/v2\/product\/254565","targetHints":{"allow":["GET"]}}],"collection":[{"href":"https:\/\/www.csj-emballages.com\/es\/wp-json\/wp\/v2\/product"}],"about":[{"href":"https:\/\/www.csj-emballages.com\/es\/wp-json\/wp\/v2\/types\/product"}],"wp:featuredmedia":[{"embeddable":true,"href":"https:\/\/www.csj-emballages.com\/es\/wp-json\/wp\/v2\/media\/254573"}],"wp:attachment":[{"href":"https:\/\/www.csj-emballages.com\/es\/wp-json\/wp\/v2\/media?parent=254565"}],"wp:term":[{"taxonomy":"product_brand","embeddable":true,"href":"https:\/\/www.csj-emballages.com\/es\/wp-json\/wp\/v2\/product_brand?post=254565"},{"taxonomy":"product_cat","embeddable":true,"href":"https:\/\/www.csj-emballages.com\/es\/wp-json\/wp\/v2\/product_cat?post=254565"},{"taxonomy":"product_tag","embeddable":true,"href":"https:\/\/www.csj-emballages.com\/es\/wp-json\/wp\/v2\/product_tag?post=254565"}],"curies":[{"name":"wp","href":"https:\/\/api.w.org\/{rel}","templated":true}]}}