{"id":254478,"date":"2025-10-27T16:18:28","date_gmt":"2025-10-27T15:18:28","guid":{"rendered":"https:\/\/www.csj-emballages.com\/produit\/pae-jabon-negro-gel-labojal-spray-750ml\/"},"modified":"2026-03-12T16:06:00","modified_gmt":"2026-03-12T15:06:00","slug":"pae-jabon-negro-gel-labojal-spray-750ml","status":"publish","type":"product","link":"https:\/\/www.csj-emballages.com\/es\/produit\/pae-jabon-negro-gel-labojal-spray-750ml\/","title":{"rendered":"PAE jab\u00f3n negro gel LABOJAL spray 750ml"},"content":{"rendered":"<h2 class=\"p1\">Jab\u00f3n negro<\/h2>\n<hr>\n<h3>Descripci\u00f3n de nuestro jab\u00f3n negro en gel LABOJAL spray 750ml<\/h3>\n<p><!--more--><\/p>\n<p data-start=\"183\" data-end=\"631\"><strong data-start=\"186\" data-end=\"234\">LABOJAL PAE Gel Jab\u00f3n Negro 750ml Spray<\/strong> es exactamente el tipo de producto que hace que la limpieza diaria sea mucho m\u00e1s f\u00e1cil. Nada m\u00e1s utilizarlo, notar\u00e1 de inmediato su eficacia: <strong data-start=\"387\" data-end=\"405\">elimina r\u00e1pidamente la grasa<\/strong> y <strong data-start=\"410\" data-end=\"426\">el brillo<\/strong> y, sobre todo, deja las superficies limpias sin esfuerzo. Adem\u00e1s, gracias a su formato <strong>en spray<\/strong>, basta con pulverizar donde sea necesario, pasar un pa\u00f1o y listo. Es sencillo, r\u00e1pido y muy pr\u00e1ctico.   <\/p>\n<p data-start=\"633\" data-end=\"1149\">La fuerza de este <strong>jab\u00f3n negro<\/strong> reside en su <strong data-start=\"681\" data-end=\"696\">versatilidad<\/strong>. Funciona en suelos como baldosas, gres, revestimientos de pl\u00e1stico e incluso parqu\u00e9. Pero eso no es todo: tambi\u00e9n es perfecto para <strong data-start=\"854\" data-end=\"879\">superficies cotidianas<\/strong> como encimeras, mesas, puertas y peque\u00f1os equipos. Su <strong>textura en gel<\/strong> se adhiere mejor, facilitando la eliminaci\u00f3n de grasa y marcas dif\u00edciles. El resultado: todo vuelve a estar limpio y brillante en un abrir y cerrar de ojos.    <\/p>\n<p data-start=\"1151\" data-end=\"1477\">Tambi\u00e9n tiene una <strong>fragancia ligera<\/strong> y una composici\u00f3n m\u00e1s natural que un limpiador convencional. As\u00ed que puede utilizarlo regularmente sin preocuparse de da\u00f1ar sus superficies. Y como <strong>LABOJAL<\/strong> es una marca reconocida en la limpieza profesional, sabr\u00e1 que est\u00e1 utilizando un producto fiable y eficaz a largo plazo.  <\/p>\n<p data-start=\"1479\" data-end=\"1711\">Por \u00faltimo, su formato <strong data-start=\"1497\" data-end=\"1507\">de 750 ml<\/strong> significa que dura mucho tiempo y sigue siendo f\u00e1cil de manejar. Tanto si lo utiliza en casa como en el trabajo, este <strong data-start=\"186\" data-end=\"234\">jab\u00f3n en spray<\/strong> puede integrarse f\u00e1cilmente en su rutina de limpieza, ahorr\u00e1ndole tiempo. <\/p>\n<p data-start=\"1479\" data-end=\"1711\">\n<p><!--more--><\/p>\n<p><strong>Ventajas :<\/strong><\/p>\n<ul>\n<li data-start=\"1738\" data-end=\"1760\">Se desengrasa r\u00e1pidamente.<\/li>\n<li data-start=\"1763\" data-end=\"1798\">Adecuado para una amplia gama de superficies.<\/li>\n<li data-start=\"1801\" data-end=\"1830\"><strong>Textura gel<\/strong> que se fija mejor.<\/li>\n<li data-start=\"1833\" data-end=\"1868\">El <strong>spray<\/strong> facilita su uso.<\/li>\n<li data-start=\"1871\" data-end=\"1897\">Brilla sin esfuerzo.<\/li>\n<li data-start=\"1900\" data-end=\"1930\">Formato econ\u00f3mico y duradero.<\/li>\n<\/ul>\n<p>&nbsp;<\/p>\n<p><!--more--><\/p>\n<h4>Informaci\u00f3n adicional :<\/h4>\n<ul>\n<li><strong>Embalaje<\/strong>: Por unidad<\/li>\n<li><strong>Volumen<\/strong>: 750 ml<\/li>\n<li><strong>Color<\/strong>: \u00e1mbar<\/li>\n<li><strong>pH<\/strong>: 9,5 &#8211; 11,5<\/li>\n<li><strong>Densidad<\/strong>: 1,00 &#8211; 1,05<\/li>\n<\/ul>\n<p>&nbsp;<\/p>\n<p><!--more--><\/p>\n<p><a href=\"https:\/\/www.csj-emballages.com\/es\/categorie-produit\/higiene-y-mantenimiento\/productos-de-limpieza\/cocina\/\">Ver el resto de nuestra gama de productos de higiene para la cocina<\/a><\/p>\n","protected":false},"excerpt":{"rendered":"<p>Jab\u00f3n negro Descripci\u00f3n de nuestro jab\u00f3n negro en gel LABOJAL spray 750ml<\/p>\n","protected":false},"featured_media":254477,"template":"","meta":{"_acf_changed":false},"product_brand":[],"product_cat":[1226,1227,1379],"product_tag":[],"class_list":{"0":"post-254478","1":"product","2":"type-product","3":"status-publish","4":"has-post-thumbnail","6":"product_cat-higiene-y-mantenimiento","7":"product_cat-productos-de-limpieza","8":"product_cat-suelo","10":"first","11":"instock","12":"taxable","13":"shipping-taxable","14":"purchasable","15":"product-type-simple"},"acf":[],"yoast_head":"<!-- This site is optimized with the Yoast SEO Premium plugin v26.6 (Yoast SEO v26.6) - https:\/\/yoast.com\/wordpress\/plugins\/seo\/ -->\n<title>PAE Jab\u00f3n Negro Gel LABOJAL spray 750ml<\/title>\n<meta name=\"description\" content=\"PAE LABOJAL jab\u00f3n negro 750 ml: spray multisuperficies que desengrasa, limpia y abrillanta f\u00e1cilmente. Ideal para suelos y superficies.\" \/>\n<meta name=\"robots\" content=\"index, follow, max-snippet:-1, max-image-preview:large, max-video-preview:-1\" \/>\n<link rel=\"canonical\" href=\"https:\/\/www.csj-emballages.com\/es\/produit\/pae-jabon-negro-gel-labojal-spray-750ml\/\" \/>\n<meta property=\"og:locale\" content=\"es_ES\" \/>\n<meta property=\"og:type\" content=\"article\" \/>\n<meta property=\"og:title\" content=\"PAE jab\u00f3n negro gel LABOJAL spray 750ml\" \/>\n<meta property=\"og:description\" content=\"PAE LABOJAL jab\u00f3n negro 750 ml: spray multisuperficies que desengrasa, limpia y abrillanta f\u00e1cilmente. Ideal para suelos y superficies.\" \/>\n<meta property=\"og:url\" content=\"https:\/\/www.csj-emballages.com\/es\/produit\/pae-jabon-negro-gel-labojal-spray-750ml\/\" \/>\n<meta property=\"og:site_name\" content=\"CSJ Emballages\" \/>\n<meta property=\"article:publisher\" content=\"https:\/\/www.facebook.com\/csjemballages\" \/>\n<meta property=\"article:modified_time\" content=\"2026-03-12T15:06:00+00:00\" \/>\n<meta property=\"og:image\" content=\"https:\/\/www.csj-emballages.com\/wp-content\/uploads\/2025\/10\/132039.webp\" \/>\n\t<meta property=\"og:image:width\" content=\"800\" \/>\n\t<meta property=\"og:image:height\" content=\"800\" \/>\n\t<meta property=\"og:image:type\" content=\"image\/webp\" \/>\n<meta name=\"twitter:card\" content=\"summary_large_image\" \/>\n<meta name=\"twitter:label1\" content=\"Tiempo de lectura\" \/>\n\t<meta name=\"twitter:data1\" content=\"2 minutos\" \/>\n<script type=\"application\/ld+json\" class=\"yoast-schema-graph\">{\"@context\":\"https:\/\/schema.org\",\"@graph\":[{\"@type\":\"WebPage\",\"@id\":\"https:\/\/www.csj-emballages.com\/es\/produit\/pae-jabon-negro-gel-labojal-spray-750ml\/\",\"url\":\"https:\/\/www.csj-emballages.com\/es\/produit\/pae-jabon-negro-gel-labojal-spray-750ml\/\",\"name\":\"PAE Jab\u00f3n Negro Gel LABOJAL spray 750ml\",\"isPartOf\":{\"@id\":\"https:\/\/www.csj-emballages.com\/es\/#website\"},\"primaryImageOfPage\":{\"@id\":\"https:\/\/www.csj-emballages.com\/es\/produit\/pae-jabon-negro-gel-labojal-spray-750ml\/#primaryimage\"},\"image\":{\"@id\":\"https:\/\/www.csj-emballages.com\/es\/produit\/pae-jabon-negro-gel-labojal-spray-750ml\/#primaryimage\"},\"thumbnailUrl\":\"https:\/\/www.csj-emballages.com\/wp-content\/uploads\/2025\/10\/132039.webp\",\"datePublished\":\"2025-10-27T15:18:28+00:00\",\"dateModified\":\"2026-03-12T15:06:00+00:00\",\"description\":\"PAE LABOJAL jab\u00f3n negro 750 ml: spray multisuperficies que desengrasa, limpia y abrillanta f\u00e1cilmente. Ideal para suelos y superficies.\",\"breadcrumb\":{\"@id\":\"https:\/\/www.csj-emballages.com\/es\/produit\/pae-jabon-negro-gel-labojal-spray-750ml\/#breadcrumb\"},\"inLanguage\":\"es\",\"potentialAction\":[{\"@type\":\"ReadAction\",\"target\":[\"https:\/\/www.csj-emballages.com\/es\/produit\/pae-jabon-negro-gel-labojal-spray-750ml\/\"]}]},{\"@type\":\"ImageObject\",\"inLanguage\":\"es\",\"@id\":\"https:\/\/www.csj-emballages.com\/es\/produit\/pae-jabon-negro-gel-labojal-spray-750ml\/#primaryimage\",\"url\":\"https:\/\/www.csj-emballages.com\/wp-content\/uploads\/2025\/10\/132039.webp\",\"contentUrl\":\"https:\/\/www.csj-emballages.com\/wp-content\/uploads\/2025\/10\/132039.webp\",\"width\":800,\"height\":800,\"caption\":\"Savon noir\"},{\"@type\":\"BreadcrumbList\",\"@id\":\"https:\/\/www.csj-emballages.com\/es\/produit\/pae-jabon-negro-gel-labojal-spray-750ml\/#breadcrumb\",\"itemListElement\":[{\"@type\":\"ListItem\",\"position\":1,\"name\":\"Accueil\",\"item\":\"https:\/\/www.csj-emballages.com\/es\/universo-del-envasado-alimentario\/\"},{\"@type\":\"ListItem\",\"position\":2,\"name\":\"Tienda\",\"item\":\"https:\/\/www.csj-emballages.com\/tienda\/\"},{\"@type\":\"ListItem\",\"position\":3,\"name\":\"PAE jab\u00f3n negro gel LABOJAL spray 750ml\"}]},{\"@type\":\"WebSite\",\"@id\":\"https:\/\/www.csj-emballages.com\/es\/#website\",\"url\":\"https:\/\/www.csj-emballages.com\/es\/\",\"name\":\"CSJ Emballages\",\"description\":\"\",\"publisher\":{\"@id\":\"https:\/\/www.csj-emballages.com\/es\/#organization\"},\"potentialAction\":[{\"@type\":\"SearchAction\",\"target\":{\"@type\":\"EntryPoint\",\"urlTemplate\":\"https:\/\/www.csj-emballages.com\/es\/?s={search_term_string}\"},\"query-input\":{\"@type\":\"PropertyValueSpecification\",\"valueRequired\":true,\"valueName\":\"search_term_string\"}}],\"inLanguage\":\"es\"},{\"@type\":\"Organization\",\"@id\":\"https:\/\/www.csj-emballages.com\/es\/#Organization\/\",\"name\":\"CSJ Emballages\",\"url\":\"https:\/\/www.csj-emballages.com\/es\/\",\"logo\":{\"@type\":\"ImageObject\",\"inLanguage\":\"es\",\"@id\":\"https:\/\/www.csj-emballages.com\/es\/#\/schema\/logo\/image\/\",\"url\":\"https:\/\/www.csj-emballages.com\/wp-content\/uploads\/2023\/10\/logo_csj.webp\",\"contentUrl\":\"https:\/\/www.csj-emballages.com\/wp-content\/uploads\/2023\/10\/logo_csj.webp\",\"width\":250,\"height\":95,\"caption\":\"CSJ Emballages\"},\"image\":{\"@id\":\"https:\/\/www.csj-emballages.com\/es\/#\/schema\/logo\/image\/\"},\"sameAs\":[\"https:\/\/www.facebook.com\/csjemballages\"],\"address\":{\"@type\":\"PostalAddress\",\"streetAddress\":\"ZI La Lechere\",\"addressLocality\":\"Patornay\",\"postalCode\":\"39130\",\"addressCountry\":\"FR\"},\"contactPoint\":[{\"@type\":\"ContactPoint\",\"contactType\":\"Service client\",\"telephone\":\"0384254272\",\"email\":\"contact@csj-emballages.com\"}]}]}<\/script>\n<!-- \/ Yoast SEO Premium plugin. -->","yoast_head_json":{"title":"PAE Jab\u00f3n Negro Gel LABOJAL spray 750ml","description":"PAE LABOJAL jab\u00f3n negro 750 ml: spray multisuperficies que desengrasa, limpia y abrillanta f\u00e1cilmente. Ideal para suelos y superficies.","robots":{"index":"index","follow":"follow","max-snippet":"max-snippet:-1","max-image-preview":"max-image-preview:large","max-video-preview":"max-video-preview:-1"},"canonical":"https:\/\/www.csj-emballages.com\/es\/produit\/pae-jabon-negro-gel-labojal-spray-750ml\/","og_locale":"es_ES","og_type":"article","og_title":"PAE jab\u00f3n negro gel LABOJAL spray 750ml","og_description":"PAE LABOJAL jab\u00f3n negro 750 ml: spray multisuperficies que desengrasa, limpia y abrillanta f\u00e1cilmente. Ideal para suelos y superficies.","og_url":"https:\/\/www.csj-emballages.com\/es\/produit\/pae-jabon-negro-gel-labojal-spray-750ml\/","og_site_name":"CSJ Emballages","article_publisher":"https:\/\/www.facebook.com\/csjemballages","article_modified_time":"2026-03-12T15:06:00+00:00","og_image":[{"width":800,"height":800,"url":"https:\/\/www.csj-emballages.com\/wp-content\/uploads\/2025\/10\/132039.webp","type":"image\/webp"}],"twitter_card":"summary_large_image","twitter_misc":{"Tiempo de lectura":"2 minutos"},"schema":{"@context":"https:\/\/schema.org","@graph":[{"@type":"WebPage","@id":"https:\/\/www.csj-emballages.com\/es\/produit\/pae-jabon-negro-gel-labojal-spray-750ml\/","url":"https:\/\/www.csj-emballages.com\/es\/produit\/pae-jabon-negro-gel-labojal-spray-750ml\/","name":"PAE Jab\u00f3n Negro Gel LABOJAL spray 750ml","isPartOf":{"@id":"https:\/\/www.csj-emballages.com\/es\/#website"},"primaryImageOfPage":{"@id":"https:\/\/www.csj-emballages.com\/es\/produit\/pae-jabon-negro-gel-labojal-spray-750ml\/#primaryimage"},"image":{"@id":"https:\/\/www.csj-emballages.com\/es\/produit\/pae-jabon-negro-gel-labojal-spray-750ml\/#primaryimage"},"thumbnailUrl":"https:\/\/www.csj-emballages.com\/wp-content\/uploads\/2025\/10\/132039.webp","datePublished":"2025-10-27T15:18:28+00:00","dateModified":"2026-03-12T15:06:00+00:00","description":"PAE LABOJAL jab\u00f3n negro 750 ml: spray multisuperficies que desengrasa, limpia y abrillanta f\u00e1cilmente. Ideal para suelos y superficies.","breadcrumb":{"@id":"https:\/\/www.csj-emballages.com\/es\/produit\/pae-jabon-negro-gel-labojal-spray-750ml\/#breadcrumb"},"inLanguage":"es","potentialAction":[{"@type":"ReadAction","target":["https:\/\/www.csj-emballages.com\/es\/produit\/pae-jabon-negro-gel-labojal-spray-750ml\/"]}]},{"@type":"ImageObject","inLanguage":"es","@id":"https:\/\/www.csj-emballages.com\/es\/produit\/pae-jabon-negro-gel-labojal-spray-750ml\/#primaryimage","url":"https:\/\/www.csj-emballages.com\/wp-content\/uploads\/2025\/10\/132039.webp","contentUrl":"https:\/\/www.csj-emballages.com\/wp-content\/uploads\/2025\/10\/132039.webp","width":800,"height":800,"caption":"Savon noir"},{"@type":"BreadcrumbList","@id":"https:\/\/www.csj-emballages.com\/es\/produit\/pae-jabon-negro-gel-labojal-spray-750ml\/#breadcrumb","itemListElement":[{"@type":"ListItem","position":1,"name":"Accueil","item":"https:\/\/www.csj-emballages.com\/es\/universo-del-envasado-alimentario\/"},{"@type":"ListItem","position":2,"name":"Tienda","item":"https:\/\/www.csj-emballages.com\/tienda\/"},{"@type":"ListItem","position":3,"name":"PAE jab\u00f3n negro gel LABOJAL spray 750ml"}]},{"@type":"WebSite","@id":"https:\/\/www.csj-emballages.com\/es\/#website","url":"https:\/\/www.csj-emballages.com\/es\/","name":"CSJ Emballages","description":"","publisher":{"@id":"https:\/\/www.csj-emballages.com\/es\/#organization"},"potentialAction":[{"@type":"SearchAction","target":{"@type":"EntryPoint","urlTemplate":"https:\/\/www.csj-emballages.com\/es\/?s={search_term_string}"},"query-input":{"@type":"PropertyValueSpecification","valueRequired":true,"valueName":"search_term_string"}}],"inLanguage":"es"},{"@type":"Organization","@id":"https:\/\/www.csj-emballages.com\/es\/#Organization\/","name":"CSJ Emballages","url":"https:\/\/www.csj-emballages.com\/es\/","logo":{"@type":"ImageObject","inLanguage":"es","@id":"https:\/\/www.csj-emballages.com\/es\/#\/schema\/logo\/image\/","url":"https:\/\/www.csj-emballages.com\/wp-content\/uploads\/2023\/10\/logo_csj.webp","contentUrl":"https:\/\/www.csj-emballages.com\/wp-content\/uploads\/2023\/10\/logo_csj.webp","width":250,"height":95,"caption":"CSJ Emballages"},"image":{"@id":"https:\/\/www.csj-emballages.com\/es\/#\/schema\/logo\/image\/"},"sameAs":["https:\/\/www.facebook.com\/csjemballages"],"address":{"@type":"PostalAddress","streetAddress":"ZI La Lechere","addressLocality":"Patornay","postalCode":"39130","addressCountry":"FR"},"contactPoint":[{"@type":"ContactPoint","contactType":"Service client","telephone":"0384254272","email":"contact@csj-emballages.com"}]}]}},"df_price":4.84,"df_sale_price":"","df_regular_price":4.84,"df_image_link":"https:\/\/www.csj-emballages.com\/wp-content\/uploads\/2025\/10\/132039-300x300.webp","tiered_pricing_type":"fixed","tiered_pricing_fixed_rules":[],"tiered_pricing_percentage_rules":[],"tiered_pricing_minimum":1,"tiered_pricing_roles_data":[],"_links":{"self":[{"href":"https:\/\/www.csj-emballages.com\/es\/wp-json\/wp\/v2\/product\/254478","targetHints":{"allow":["GET"]}}],"collection":[{"href":"https:\/\/www.csj-emballages.com\/es\/wp-json\/wp\/v2\/product"}],"about":[{"href":"https:\/\/www.csj-emballages.com\/es\/wp-json\/wp\/v2\/types\/product"}],"wp:featuredmedia":[{"embeddable":true,"href":"https:\/\/www.csj-emballages.com\/es\/wp-json\/wp\/v2\/media\/254477"}],"wp:attachment":[{"href":"https:\/\/www.csj-emballages.com\/es\/wp-json\/wp\/v2\/media?parent=254478"}],"wp:term":[{"taxonomy":"product_brand","embeddable":true,"href":"https:\/\/www.csj-emballages.com\/es\/wp-json\/wp\/v2\/product_brand?post=254478"},{"taxonomy":"product_cat","embeddable":true,"href":"https:\/\/www.csj-emballages.com\/es\/wp-json\/wp\/v2\/product_cat?post=254478"},{"taxonomy":"product_tag","embeddable":true,"href":"https:\/\/www.csj-emballages.com\/es\/wp-json\/wp\/v2\/product_tag?post=254478"}],"curies":[{"name":"wp","href":"https:\/\/api.w.org\/{rel}","templated":true}]}}