{"id":254405,"date":"2025-10-27T16:18:38","date_gmt":"2025-10-27T15:18:38","guid":{"rendered":"https:\/\/www.csj-emballages.com\/produit\/gel-de-bicarbonato-first-clean-spray-750ml\/"},"modified":"2026-03-12T16:06:02","modified_gmt":"2026-03-12T15:06:02","slug":"gel-de-bicarbonato-first-clean-spray-750ml","status":"publish","type":"product","link":"https:\/\/www.csj-emballages.com\/es\/produit\/gel-de-bicarbonato-first-clean-spray-750ml\/","title":{"rendered":"Gel de bicarbonato FIRST CLEAN spray 750ml"},"content":{"rendered":"<h2 class=\"p1\">Bicarbonato de sodio<\/h2>\n<hr>\n<h3>Descripci\u00f3n de nuestro gel de bicarbonato de sodio FIRST CLEAN spray 750ml<\/h3>\n<p><!--more--><\/p>\n<p data-start=\"370\" data-end=\"774\"><strong data-start=\"373\" data-end=\"431\">FIRST CLEAN Baking Soda Gel Spray 750 ml<\/strong> es el producto que quieres tener a mano para ayudarte a realizar las tareas dom\u00e9sticas sin complicaciones. En cuanto lo utilices, sentir\u00e1s inmediatamente que ha sido dise\u00f1ado para simplificar la limpieza diaria. Como est\u00e1 listo para usar, todo lo que tiene que hacer es pulverizar, esperar un momento y limpiar. Eso es todo. Y lo mejor de todo es que funciona de verdad.    <\/p>\n<p data-start=\"776\" data-end=\"1252\">Gracias a su <strong>textura en gel<\/strong>, el producto mantiene las superficies mejor que los limpiadores l\u00edquidos convencionales, porque el bicarbonato tiene tiempo de actuar con mayor eficacia: afloja la suciedad, elimina la grasa de las zonas dif\u00edciles y desprende todo lo que haya decidido pegarse. Ya sea en suelos lavables, encimeras de cocina, fregaderos, placas de cocina, azulejos o incluso algunos muebles de pl\u00e1stico, hace su trabajo sin necesidad de fregar durante horas. <\/p>\n<p data-start=\"1254\" data-end=\"1660\">Lo que mucha gente aprecia tambi\u00e9n es su versatilidad. Una sola <strong>pulverizaci\u00f3n<\/strong> basta para limpiar varias habitaciones de la casa, lo que ahorra tiempo. Adem\u00e1s, al estar formulado para no da\u00f1ar las superficies, sigue siendo muy eficaz. Eso es exactamente lo que se busca en un buen producto para el hogar: que sea f\u00e1cil de usar, que huela a limpio y que ofrezca un resultado r\u00e1pido y limpio.   <\/p>\n<p data-start=\"1662\" data-end=\"1861\">Con su generoso tama\u00f1o <strong>de 750 ml<\/strong>, estar\u00e1 tranquilo durante mucho tiempo. Es imprescindible para una limpieza regular y sin complicaciones, con resultados perfectos en todo momento. <\/p>\n<p><!--more--><\/p>\n<p><strong>Ventajas :<\/strong><\/p>\n<ul>\n<li data-start=\"1888\" data-end=\"1926\">Limpieza r\u00e1pida, f\u00e1cil y eficaz.<\/li>\n<li data-start=\"1929\" data-end=\"1961\">Textura gel que se mantiene.<\/li>\n<li data-start=\"1964\" data-end=\"2009\">Desengrasa y elimina las manchas dif\u00edciles.<\/li>\n<li data-start=\"2012\" data-end=\"2056\">Para uso en todas las superficies lavables.<\/li>\n<li data-start=\"2059\" data-end=\"2089\">F\u00f3rmula suave y vers\u00e1til.<\/li>\n<li data-start=\"2092\" data-end=\"2118\">Formato econ\u00f3mico <strong>de 750 ml<\/strong>.<\/li>\n<\/ul>\n<p>&nbsp;<\/p>\n<p><!--more--><\/p>\n<h4>Informaci\u00f3n adicional :<\/h4>\n<ul>\n<li><strong>Embalaje<\/strong>: Por unidad<\/li>\n<li><strong>Volumen<\/strong>: 750 ml<\/li>\n<li><strong>Color<\/strong>: Incoloro<\/li>\n<li><strong>pH<\/strong>: 8-9<\/li>\n<\/ul>\n<p>&nbsp;<\/p>\n<p><!--more--><\/p>\n<p><a href=\"https:\/\/www.csj-emballages.com\/es\/categorie-produit\/higiene-y-mantenimiento\/productos-de-limpieza\/cocina\/\">Ver el resto de nuestra gama de productos de higiene para la cocina<\/a><\/p>\n","protected":false},"excerpt":{"rendered":"<p>Bicarbonato de sodio Descripci\u00f3n de nuestro gel de bicarbonato de sodio FIRST CLEAN spray 750ml<\/p>\n","protected":false},"featured_media":254402,"template":"","meta":{"_acf_changed":false},"product_brand":[],"product_cat":[1226,1227,1355,1295],"product_tag":[],"class_list":{"0":"post-254405","1":"product","2":"type-product","3":"status-publish","4":"has-post-thumbnail","6":"product_cat-higiene-y-mantenimiento","7":"product_cat-productos-de-limpieza","8":"product_cat-cocina","9":"product_cat-sanitario-es","11":"first","12":"instock","13":"taxable","14":"shipping-taxable","15":"purchasable","16":"product-type-simple"},"acf":[],"yoast_head":"<!-- This site is optimized with the Yoast SEO Premium plugin v26.6 (Yoast SEO v26.6) - https:\/\/yoast.com\/wordpress\/plugins\/seo\/ -->\n<title>Bicarbonato de Sodio - FIRST CLEAN Gel Spray 750ml<\/title>\n<meta name=\"description\" content=\"Descubra el Gel de Bicarbonato de 750 ml: un spray listo para usar que limpia, desengrasa y elimina f\u00e1cilmente las manchas de todas las superficies del hogar.\" \/>\n<meta name=\"robots\" content=\"index, follow, max-snippet:-1, max-image-preview:large, max-video-preview:-1\" \/>\n<link rel=\"canonical\" href=\"https:\/\/www.csj-emballages.com\/es\/produit\/gel-de-bicarbonato-first-clean-spray-750ml\/\" \/>\n<meta property=\"og:locale\" content=\"es_ES\" \/>\n<meta property=\"og:type\" content=\"article\" \/>\n<meta property=\"og:title\" content=\"Gel de bicarbonato FIRST CLEAN spray 750ml\" \/>\n<meta property=\"og:description\" content=\"Descubra el Gel de Bicarbonato de 750 ml: un spray listo para usar que limpia, desengrasa y elimina f\u00e1cilmente las manchas de todas las superficies del hogar.\" \/>\n<meta property=\"og:url\" content=\"https:\/\/www.csj-emballages.com\/es\/produit\/gel-de-bicarbonato-first-clean-spray-750ml\/\" \/>\n<meta property=\"og:site_name\" content=\"CSJ Emballages\" \/>\n<meta property=\"article:publisher\" content=\"https:\/\/www.facebook.com\/csjemballages\" \/>\n<meta property=\"article:modified_time\" content=\"2026-03-12T15:06:02+00:00\" \/>\n<meta property=\"og:image\" content=\"https:\/\/www.csj-emballages.com\/wp-content\/uploads\/2025\/10\/132153.webp\" \/>\n\t<meta property=\"og:image:width\" content=\"800\" \/>\n\t<meta property=\"og:image:height\" content=\"800\" \/>\n\t<meta property=\"og:image:type\" content=\"image\/webp\" \/>\n<meta name=\"twitter:card\" content=\"summary_large_image\" \/>\n<meta name=\"twitter:label1\" content=\"Tiempo de lectura\" \/>\n\t<meta name=\"twitter:data1\" content=\"2 minutos\" \/>\n<script type=\"application\/ld+json\" class=\"yoast-schema-graph\">{\"@context\":\"https:\/\/schema.org\",\"@graph\":[{\"@type\":\"WebPage\",\"@id\":\"https:\/\/www.csj-emballages.com\/es\/produit\/gel-de-bicarbonato-first-clean-spray-750ml\/\",\"url\":\"https:\/\/www.csj-emballages.com\/es\/produit\/gel-de-bicarbonato-first-clean-spray-750ml\/\",\"name\":\"Bicarbonato de Sodio - FIRST CLEAN Gel Spray 750ml\",\"isPartOf\":{\"@id\":\"https:\/\/www.csj-emballages.com\/es\/#website\"},\"primaryImageOfPage\":{\"@id\":\"https:\/\/www.csj-emballages.com\/es\/produit\/gel-de-bicarbonato-first-clean-spray-750ml\/#primaryimage\"},\"image\":{\"@id\":\"https:\/\/www.csj-emballages.com\/es\/produit\/gel-de-bicarbonato-first-clean-spray-750ml\/#primaryimage\"},\"thumbnailUrl\":\"https:\/\/www.csj-emballages.com\/wp-content\/uploads\/2025\/10\/132153.webp\",\"datePublished\":\"2025-10-27T15:18:38+00:00\",\"dateModified\":\"2026-03-12T15:06:02+00:00\",\"description\":\"Descubra el Gel de Bicarbonato de 750 ml: un spray listo para usar que limpia, desengrasa y elimina f\u00e1cilmente las manchas de todas las superficies del hogar.\",\"breadcrumb\":{\"@id\":\"https:\/\/www.csj-emballages.com\/es\/produit\/gel-de-bicarbonato-first-clean-spray-750ml\/#breadcrumb\"},\"inLanguage\":\"es\",\"potentialAction\":[{\"@type\":\"ReadAction\",\"target\":[\"https:\/\/www.csj-emballages.com\/es\/produit\/gel-de-bicarbonato-first-clean-spray-750ml\/\"]}]},{\"@type\":\"ImageObject\",\"inLanguage\":\"es\",\"@id\":\"https:\/\/www.csj-emballages.com\/es\/produit\/gel-de-bicarbonato-first-clean-spray-750ml\/#primaryimage\",\"url\":\"https:\/\/www.csj-emballages.com\/wp-content\/uploads\/2025\/10\/132153.webp\",\"contentUrl\":\"https:\/\/www.csj-emballages.com\/wp-content\/uploads\/2025\/10\/132153.webp\",\"width\":800,\"height\":800,\"caption\":\"Bicarbonate de soude\"},{\"@type\":\"BreadcrumbList\",\"@id\":\"https:\/\/www.csj-emballages.com\/es\/produit\/gel-de-bicarbonato-first-clean-spray-750ml\/#breadcrumb\",\"itemListElement\":[{\"@type\":\"ListItem\",\"position\":1,\"name\":\"Accueil\",\"item\":\"https:\/\/www.csj-emballages.com\/es\/universo-del-envasado-alimentario\/\"},{\"@type\":\"ListItem\",\"position\":2,\"name\":\"Tienda\",\"item\":\"https:\/\/www.csj-emballages.com\/tienda\/\"},{\"@type\":\"ListItem\",\"position\":3,\"name\":\"Gel de bicarbonato FIRST CLEAN spray 750ml\"}]},{\"@type\":\"WebSite\",\"@id\":\"https:\/\/www.csj-emballages.com\/es\/#website\",\"url\":\"https:\/\/www.csj-emballages.com\/es\/\",\"name\":\"CSJ Emballages\",\"description\":\"\",\"publisher\":{\"@id\":\"https:\/\/www.csj-emballages.com\/es\/#organization\"},\"potentialAction\":[{\"@type\":\"SearchAction\",\"target\":{\"@type\":\"EntryPoint\",\"urlTemplate\":\"https:\/\/www.csj-emballages.com\/es\/?s={search_term_string}\"},\"query-input\":{\"@type\":\"PropertyValueSpecification\",\"valueRequired\":true,\"valueName\":\"search_term_string\"}}],\"inLanguage\":\"es\"},{\"@type\":\"Organization\",\"@id\":\"https:\/\/www.csj-emballages.com\/es\/#Organization\/\",\"name\":\"CSJ Emballages\",\"url\":\"https:\/\/www.csj-emballages.com\/es\/\",\"logo\":{\"@type\":\"ImageObject\",\"inLanguage\":\"es\",\"@id\":\"https:\/\/www.csj-emballages.com\/es\/#\/schema\/logo\/image\/\",\"url\":\"https:\/\/www.csj-emballages.com\/wp-content\/uploads\/2023\/10\/logo_csj.webp\",\"contentUrl\":\"https:\/\/www.csj-emballages.com\/wp-content\/uploads\/2023\/10\/logo_csj.webp\",\"width\":250,\"height\":95,\"caption\":\"CSJ Emballages\"},\"image\":{\"@id\":\"https:\/\/www.csj-emballages.com\/es\/#\/schema\/logo\/image\/\"},\"sameAs\":[\"https:\/\/www.facebook.com\/csjemballages\"],\"address\":{\"@type\":\"PostalAddress\",\"streetAddress\":\"ZI La Lechere\",\"addressLocality\":\"Patornay\",\"postalCode\":\"39130\",\"addressCountry\":\"FR\"},\"contactPoint\":[{\"@type\":\"ContactPoint\",\"contactType\":\"Service client\",\"telephone\":\"0384254272\",\"email\":\"contact@csj-emballages.com\"}]}]}<\/script>\n<!-- \/ Yoast SEO Premium plugin. -->","yoast_head_json":{"title":"Bicarbonato de Sodio - FIRST CLEAN Gel Spray 750ml","description":"Descubra el Gel de Bicarbonato de 750 ml: un spray listo para usar que limpia, desengrasa y elimina f\u00e1cilmente las manchas de todas las superficies del hogar.","robots":{"index":"index","follow":"follow","max-snippet":"max-snippet:-1","max-image-preview":"max-image-preview:large","max-video-preview":"max-video-preview:-1"},"canonical":"https:\/\/www.csj-emballages.com\/es\/produit\/gel-de-bicarbonato-first-clean-spray-750ml\/","og_locale":"es_ES","og_type":"article","og_title":"Gel de bicarbonato FIRST CLEAN spray 750ml","og_description":"Descubra el Gel de Bicarbonato de 750 ml: un spray listo para usar que limpia, desengrasa y elimina f\u00e1cilmente las manchas de todas las superficies del hogar.","og_url":"https:\/\/www.csj-emballages.com\/es\/produit\/gel-de-bicarbonato-first-clean-spray-750ml\/","og_site_name":"CSJ Emballages","article_publisher":"https:\/\/www.facebook.com\/csjemballages","article_modified_time":"2026-03-12T15:06:02+00:00","og_image":[{"width":800,"height":800,"url":"https:\/\/www.csj-emballages.com\/wp-content\/uploads\/2025\/10\/132153.webp","type":"image\/webp"}],"twitter_card":"summary_large_image","twitter_misc":{"Tiempo de lectura":"2 minutos"},"schema":{"@context":"https:\/\/schema.org","@graph":[{"@type":"WebPage","@id":"https:\/\/www.csj-emballages.com\/es\/produit\/gel-de-bicarbonato-first-clean-spray-750ml\/","url":"https:\/\/www.csj-emballages.com\/es\/produit\/gel-de-bicarbonato-first-clean-spray-750ml\/","name":"Bicarbonato de Sodio - FIRST CLEAN Gel Spray 750ml","isPartOf":{"@id":"https:\/\/www.csj-emballages.com\/es\/#website"},"primaryImageOfPage":{"@id":"https:\/\/www.csj-emballages.com\/es\/produit\/gel-de-bicarbonato-first-clean-spray-750ml\/#primaryimage"},"image":{"@id":"https:\/\/www.csj-emballages.com\/es\/produit\/gel-de-bicarbonato-first-clean-spray-750ml\/#primaryimage"},"thumbnailUrl":"https:\/\/www.csj-emballages.com\/wp-content\/uploads\/2025\/10\/132153.webp","datePublished":"2025-10-27T15:18:38+00:00","dateModified":"2026-03-12T15:06:02+00:00","description":"Descubra el Gel de Bicarbonato de 750 ml: un spray listo para usar que limpia, desengrasa y elimina f\u00e1cilmente las manchas de todas las superficies del hogar.","breadcrumb":{"@id":"https:\/\/www.csj-emballages.com\/es\/produit\/gel-de-bicarbonato-first-clean-spray-750ml\/#breadcrumb"},"inLanguage":"es","potentialAction":[{"@type":"ReadAction","target":["https:\/\/www.csj-emballages.com\/es\/produit\/gel-de-bicarbonato-first-clean-spray-750ml\/"]}]},{"@type":"ImageObject","inLanguage":"es","@id":"https:\/\/www.csj-emballages.com\/es\/produit\/gel-de-bicarbonato-first-clean-spray-750ml\/#primaryimage","url":"https:\/\/www.csj-emballages.com\/wp-content\/uploads\/2025\/10\/132153.webp","contentUrl":"https:\/\/www.csj-emballages.com\/wp-content\/uploads\/2025\/10\/132153.webp","width":800,"height":800,"caption":"Bicarbonate de soude"},{"@type":"BreadcrumbList","@id":"https:\/\/www.csj-emballages.com\/es\/produit\/gel-de-bicarbonato-first-clean-spray-750ml\/#breadcrumb","itemListElement":[{"@type":"ListItem","position":1,"name":"Accueil","item":"https:\/\/www.csj-emballages.com\/es\/universo-del-envasado-alimentario\/"},{"@type":"ListItem","position":2,"name":"Tienda","item":"https:\/\/www.csj-emballages.com\/tienda\/"},{"@type":"ListItem","position":3,"name":"Gel de bicarbonato FIRST CLEAN spray 750ml"}]},{"@type":"WebSite","@id":"https:\/\/www.csj-emballages.com\/es\/#website","url":"https:\/\/www.csj-emballages.com\/es\/","name":"CSJ Emballages","description":"","publisher":{"@id":"https:\/\/www.csj-emballages.com\/es\/#organization"},"potentialAction":[{"@type":"SearchAction","target":{"@type":"EntryPoint","urlTemplate":"https:\/\/www.csj-emballages.com\/es\/?s={search_term_string}"},"query-input":{"@type":"PropertyValueSpecification","valueRequired":true,"valueName":"search_term_string"}}],"inLanguage":"es"},{"@type":"Organization","@id":"https:\/\/www.csj-emballages.com\/es\/#Organization\/","name":"CSJ Emballages","url":"https:\/\/www.csj-emballages.com\/es\/","logo":{"@type":"ImageObject","inLanguage":"es","@id":"https:\/\/www.csj-emballages.com\/es\/#\/schema\/logo\/image\/","url":"https:\/\/www.csj-emballages.com\/wp-content\/uploads\/2023\/10\/logo_csj.webp","contentUrl":"https:\/\/www.csj-emballages.com\/wp-content\/uploads\/2023\/10\/logo_csj.webp","width":250,"height":95,"caption":"CSJ Emballages"},"image":{"@id":"https:\/\/www.csj-emballages.com\/es\/#\/schema\/logo\/image\/"},"sameAs":["https:\/\/www.facebook.com\/csjemballages"],"address":{"@type":"PostalAddress","streetAddress":"ZI La Lechere","addressLocality":"Patornay","postalCode":"39130","addressCountry":"FR"},"contactPoint":[{"@type":"ContactPoint","contactType":"Service client","telephone":"0384254272","email":"contact@csj-emballages.com"}]}]}},"df_price":5.18,"df_sale_price":"","df_regular_price":5.18,"df_image_link":"https:\/\/www.csj-emballages.com\/wp-content\/uploads\/2025\/10\/132153-300x300.webp","tiered_pricing_type":"fixed","tiered_pricing_fixed_rules":[],"tiered_pricing_percentage_rules":[],"tiered_pricing_minimum":1,"tiered_pricing_roles_data":[],"_links":{"self":[{"href":"https:\/\/www.csj-emballages.com\/es\/wp-json\/wp\/v2\/product\/254405","targetHints":{"allow":["GET"]}}],"collection":[{"href":"https:\/\/www.csj-emballages.com\/es\/wp-json\/wp\/v2\/product"}],"about":[{"href":"https:\/\/www.csj-emballages.com\/es\/wp-json\/wp\/v2\/types\/product"}],"wp:featuredmedia":[{"embeddable":true,"href":"https:\/\/www.csj-emballages.com\/es\/wp-json\/wp\/v2\/media\/254402"}],"wp:attachment":[{"href":"https:\/\/www.csj-emballages.com\/es\/wp-json\/wp\/v2\/media?parent=254405"}],"wp:term":[{"taxonomy":"product_brand","embeddable":true,"href":"https:\/\/www.csj-emballages.com\/es\/wp-json\/wp\/v2\/product_brand?post=254405"},{"taxonomy":"product_cat","embeddable":true,"href":"https:\/\/www.csj-emballages.com\/es\/wp-json\/wp\/v2\/product_cat?post=254405"},{"taxonomy":"product_tag","embeddable":true,"href":"https:\/\/www.csj-emballages.com\/es\/wp-json\/wp\/v2\/product_tag?post=254405"}],"curies":[{"name":"wp","href":"https:\/\/api.w.org\/{rel}","templated":true}]}}