{"id":254390,"date":"2025-10-27T16:18:18","date_gmt":"2025-10-27T15:18:18","guid":{"rendered":"https:\/\/www.csj-emballages.com\/produit\/vinagre-cristal-8-botella-1l\/"},"modified":"2026-04-18T02:11:14","modified_gmt":"2026-04-18T00:11:14","slug":"vinagre-cristal-8-botella-1l","status":"publish","type":"product","link":"https:\/\/www.csj-emballages.com\/es\/produit\/vinagre-cristal-8-botella-1l\/","title":{"rendered":"Vinagre cristal 8% botella 1L"},"content":{"rendered":"<h2 class=\"p1\">Vinagre<\/h2>\n<hr>\n<h3>Descripci\u00f3n de nuestra botella de vinagre cristal 8% 1L<\/h3>\n<p><!--more--><\/p>\n<p data-start=\"301\" data-end=\"781\"><strong>El Vinagre Cristal al 8% en botellas de 1L<\/strong> es un producto indispensable para el cuidado sencillo, eficaz y natural del hogar. Gracias a su concentraci\u00f3n ideal, act\u00faa r\u00e1pidamente y le ayuda en todas las tareas dom\u00e9sticas. Desengrasa, desincrusta, limpia y desodoriza con facilidad. Utilizado desde hace generaciones, posee una eficacia probada, as\u00ed como una composici\u00f3n purificada que respeta el medio ambiente.   <\/p>\n<p data-start=\"783\" data-end=\"1208\">En primer lugar, <strong>el vinagre cristal al 8%<\/strong> destaca por su versatilidad. Tanto si lo necesita para abrillantar las superficies de la cocina, como para eliminar la cal del ba\u00f1o, dar brillo a las ventanas o mantener los electrodom\u00e9sticos, tiene lo que hace falta. Tambi\u00e9n es una gran alternativa a una gran cantidad de productos qu\u00edmicos, por lo que no s\u00f3lo ahorrar\u00e1 dinero, sino que tambi\u00e9n reducir\u00e1 su impacto medioambiental.  <\/p>\n<p data-start=\"1210\" data-end=\"1540\">En segundo lugar, el <strong>vinagre al 8%<\/strong> garantiza una limpieza r\u00e1pida y activa. Unas gotas bastan para disolver la grasa, neutralizar los malos olores o evitar la formaci\u00f3n de dep\u00f3sitos calc\u00e1reos. Adem\u00e1s, su forma l\u00edquida y manejable permite utilizarlo puro o diluido, seg\u00fan el grado de suciedad o la superficie a tratar.  <\/p>\n<p data-start=\"1542\" data-end=\"1785\">Por \u00faltimo, su <strong>botella de 1 L<\/strong> ofrece una excelente relaci\u00f3n calidad-precio y garantiza un uso duradero. Es f\u00e1cil de guardar y se adapta perfectamente a su rutina de limpieza, ya sea en casa, en la tienda o en el taller. <\/p>\n<p data-start=\"1787\" data-end=\"1977\">En resumen, <strong>el vinagre cristal al 8%<\/strong> es mucho m\u00e1s que un simple producto dom\u00e9stico: es un aliado cotidiano fiable, natural y econ\u00f3mico, que facilita el mantenimiento de todas sus superficies.<\/p>\n<p><!--more--><\/p>\n<p><strong>Ventajas :<\/strong><\/p>\n<ul>\n<li data-start=\"2008\" data-end=\"2074\"><strong>Producto polivalente<\/strong>: desengrasa, desincrusta, limpia y desodoriza.<\/li>\n<li data-start=\"2077\" data-end=\"2100\">Natural y econ\u00f3mico.<\/li>\n<li data-start=\"2103\" data-end=\"2143\">El vinagre sustituye a muchos productos dom\u00e9sticos.<\/li>\n<li data-start=\"2146\" data-end=\"2179\">C\u00f3modo formato de <strong>botella de 1L<\/strong>.<\/li>\n<li data-start=\"2182\" data-end=\"2244\">Acci\u00f3n r\u00e1pida y eficaz en todas las superficies cotidianas.<\/li>\n<\/ul>\n<p>&nbsp;<\/p>\n<p><!--more--><\/p>\n<h4>Informaci\u00f3n adicional :<\/h4>\n<ul>\n<li><strong>Embalaje<\/strong>: Por unidad<\/li>\n<li><strong>Volumen<\/strong>: 1 litro<\/li>\n<li><strong>Color<\/strong>: Incoloro<\/li>\n<li><strong>pH<\/strong>: 2.45<\/li>\n<\/ul>\n<p>&nbsp;<\/p>\n<p><!--more--><\/p>\n<p><a href=\"https:\/\/www.csj-emballages.com\/es\/categorie-produit\/higiene-y-mantenimiento\/productos-de-limpieza\/cocina\/\">Ver el resto de nuestra gama de productos de higiene para la cocina<\/a><\/p>\n","protected":false},"excerpt":{"rendered":"<p>Vinagre Descripci\u00f3n de nuestra botella de vinagre cristal 8% 1L<\/p>\n","protected":false},"featured_media":254386,"template":"","meta":{"_acf_changed":false},"product_brand":[],"product_cat":[1226,1227,1355,1295],"product_tag":[],"class_list":{"0":"post-254390","1":"product","2":"type-product","3":"status-publish","4":"has-post-thumbnail","6":"product_cat-higiene-y-mantenimiento","7":"product_cat-productos-de-limpieza","8":"product_cat-cocina","9":"product_cat-sanitario-es","11":"first","12":"instock","13":"taxable","14":"shipping-taxable","15":"purchasable","16":"product-type-simple"},"acf":[],"yoast_head":"<!-- This site is optimized with the Yoast SEO Premium plugin v26.6 (Yoast SEO v26.6) - https:\/\/yoast.com\/wordpress\/plugins\/seo\/ -->\n<title>Vinagre Cristal 8% Botella 1L<\/title>\n<meta name=\"description\" content=\"Descubra el vinagre al 8% en una botella de 1 litro, un producto natural esencial para desengrasar, desincrustar, limpiar y desodorizar eficazmente todas sus superficies.\" \/>\n<meta name=\"robots\" content=\"index, follow, max-snippet:-1, max-image-preview:large, max-video-preview:-1\" \/>\n<link rel=\"canonical\" href=\"https:\/\/www.csj-emballages.com\/es\/produit\/vinagre-cristal-8-botella-1l\/\" \/>\n<meta property=\"og:locale\" content=\"es_ES\" \/>\n<meta property=\"og:type\" content=\"article\" \/>\n<meta property=\"og:title\" content=\"Vinagre cristal 8% botella 1L\" \/>\n<meta property=\"og:description\" content=\"Descubra el vinagre al 8% en una botella de 1 litro, un producto natural esencial para desengrasar, desincrustar, limpiar y desodorizar eficazmente todas sus superficies.\" \/>\n<meta property=\"og:url\" content=\"https:\/\/www.csj-emballages.com\/es\/produit\/vinagre-cristal-8-botella-1l\/\" \/>\n<meta property=\"og:site_name\" content=\"CSJ Emballages\" \/>\n<meta property=\"article:publisher\" content=\"https:\/\/www.facebook.com\/csjemballages\" \/>\n<meta property=\"article:modified_time\" content=\"2026-04-18T00:11:14+00:00\" \/>\n<meta property=\"og:image\" content=\"https:\/\/www.csj-emballages.com\/wp-content\/uploads\/2025\/10\/127086.webp\" \/>\n\t<meta property=\"og:image:width\" content=\"800\" \/>\n\t<meta property=\"og:image:height\" content=\"800\" \/>\n\t<meta property=\"og:image:type\" content=\"image\/webp\" \/>\n<meta name=\"twitter:card\" content=\"summary_large_image\" \/>\n<meta name=\"twitter:label1\" content=\"Tiempo de lectura\" \/>\n\t<meta name=\"twitter:data1\" content=\"2 minutos\" \/>\n<script type=\"application\/ld+json\" class=\"yoast-schema-graph\">{\"@context\":\"https:\/\/schema.org\",\"@graph\":[{\"@type\":\"WebPage\",\"@id\":\"https:\/\/www.csj-emballages.com\/es\/produit\/vinagre-cristal-8-botella-1l\/\",\"url\":\"https:\/\/www.csj-emballages.com\/es\/produit\/vinagre-cristal-8-botella-1l\/\",\"name\":\"Vinagre Cristal 8% Botella 1L\",\"isPartOf\":{\"@id\":\"https:\/\/www.csj-emballages.com\/es\/#website\"},\"primaryImageOfPage\":{\"@id\":\"https:\/\/www.csj-emballages.com\/es\/produit\/vinagre-cristal-8-botella-1l\/#primaryimage\"},\"image\":{\"@id\":\"https:\/\/www.csj-emballages.com\/es\/produit\/vinagre-cristal-8-botella-1l\/#primaryimage\"},\"thumbnailUrl\":\"https:\/\/www.csj-emballages.com\/wp-content\/uploads\/2025\/10\/127086.webp\",\"datePublished\":\"2025-10-27T15:18:18+00:00\",\"dateModified\":\"2026-04-18T00:11:14+00:00\",\"description\":\"Descubra el vinagre al 8% en una botella de 1 litro, un producto natural esencial para desengrasar, desincrustar, limpiar y desodorizar eficazmente todas sus superficies.\",\"breadcrumb\":{\"@id\":\"https:\/\/www.csj-emballages.com\/es\/produit\/vinagre-cristal-8-botella-1l\/#breadcrumb\"},\"inLanguage\":\"es\",\"potentialAction\":[{\"@type\":\"ReadAction\",\"target\":[\"https:\/\/www.csj-emballages.com\/es\/produit\/vinagre-cristal-8-botella-1l\/\"]}]},{\"@type\":\"ImageObject\",\"inLanguage\":\"es\",\"@id\":\"https:\/\/www.csj-emballages.com\/es\/produit\/vinagre-cristal-8-botella-1l\/#primaryimage\",\"url\":\"https:\/\/www.csj-emballages.com\/wp-content\/uploads\/2025\/10\/127086.webp\",\"contentUrl\":\"https:\/\/www.csj-emballages.com\/wp-content\/uploads\/2025\/10\/127086.webp\",\"width\":800,\"height\":800,\"caption\":\"Vinaigre\"},{\"@type\":\"BreadcrumbList\",\"@id\":\"https:\/\/www.csj-emballages.com\/es\/produit\/vinagre-cristal-8-botella-1l\/#breadcrumb\",\"itemListElement\":[{\"@type\":\"ListItem\",\"position\":1,\"name\":\"Accueil\",\"item\":\"https:\/\/www.csj-emballages.com\/es\/universo-del-envasado-alimentario\/\"},{\"@type\":\"ListItem\",\"position\":2,\"name\":\"Tienda\",\"item\":\"https:\/\/www.csj-emballages.com\/tienda\/\"},{\"@type\":\"ListItem\",\"position\":3,\"name\":\"Vinagre cristal 8% botella 1L\"}]},{\"@type\":\"WebSite\",\"@id\":\"https:\/\/www.csj-emballages.com\/es\/#website\",\"url\":\"https:\/\/www.csj-emballages.com\/es\/\",\"name\":\"CSJ Emballages\",\"description\":\"\",\"publisher\":{\"@id\":\"https:\/\/www.csj-emballages.com\/es\/#organization\"},\"potentialAction\":[{\"@type\":\"SearchAction\",\"target\":{\"@type\":\"EntryPoint\",\"urlTemplate\":\"https:\/\/www.csj-emballages.com\/es\/?s={search_term_string}\"},\"query-input\":{\"@type\":\"PropertyValueSpecification\",\"valueRequired\":true,\"valueName\":\"search_term_string\"}}],\"inLanguage\":\"es\"},{\"@type\":\"Organization\",\"@id\":\"https:\/\/www.csj-emballages.com\/es\/#Organization\/\",\"name\":\"CSJ Emballages\",\"url\":\"https:\/\/www.csj-emballages.com\/es\/\",\"logo\":{\"@type\":\"ImageObject\",\"inLanguage\":\"es\",\"@id\":\"https:\/\/www.csj-emballages.com\/es\/#\/schema\/logo\/image\/\",\"url\":\"https:\/\/www.csj-emballages.com\/wp-content\/uploads\/2023\/10\/logo_csj.webp\",\"contentUrl\":\"https:\/\/www.csj-emballages.com\/wp-content\/uploads\/2023\/10\/logo_csj.webp\",\"width\":250,\"height\":95,\"caption\":\"CSJ Emballages\"},\"image\":{\"@id\":\"https:\/\/www.csj-emballages.com\/es\/#\/schema\/logo\/image\/\"},\"sameAs\":[\"https:\/\/www.facebook.com\/csjemballages\"],\"address\":{\"@type\":\"PostalAddress\",\"streetAddress\":\"ZI La Lechere\",\"addressLocality\":\"Patornay\",\"postalCode\":\"39130\",\"addressCountry\":\"FR\"},\"contactPoint\":[{\"@type\":\"ContactPoint\",\"contactType\":\"Service client\",\"telephone\":\"0384254272\",\"email\":\"contact@csj-emballages.com\"}]}]}<\/script>\n<!-- \/ Yoast SEO Premium plugin. -->","yoast_head_json":{"title":"Vinagre Cristal 8% Botella 1L","description":"Descubra el vinagre al 8% en una botella de 1 litro, un producto natural esencial para desengrasar, desincrustar, limpiar y desodorizar eficazmente todas sus superficies.","robots":{"index":"index","follow":"follow","max-snippet":"max-snippet:-1","max-image-preview":"max-image-preview:large","max-video-preview":"max-video-preview:-1"},"canonical":"https:\/\/www.csj-emballages.com\/es\/produit\/vinagre-cristal-8-botella-1l\/","og_locale":"es_ES","og_type":"article","og_title":"Vinagre cristal 8% botella 1L","og_description":"Descubra el vinagre al 8% en una botella de 1 litro, un producto natural esencial para desengrasar, desincrustar, limpiar y desodorizar eficazmente todas sus superficies.","og_url":"https:\/\/www.csj-emballages.com\/es\/produit\/vinagre-cristal-8-botella-1l\/","og_site_name":"CSJ Emballages","article_publisher":"https:\/\/www.facebook.com\/csjemballages","article_modified_time":"2026-04-18T00:11:14+00:00","og_image":[{"width":800,"height":800,"url":"https:\/\/www.csj-emballages.com\/wp-content\/uploads\/2025\/10\/127086.webp","type":"image\/webp"}],"twitter_card":"summary_large_image","twitter_misc":{"Tiempo de lectura":"2 minutos"},"schema":{"@context":"https:\/\/schema.org","@graph":[{"@type":"WebPage","@id":"https:\/\/www.csj-emballages.com\/es\/produit\/vinagre-cristal-8-botella-1l\/","url":"https:\/\/www.csj-emballages.com\/es\/produit\/vinagre-cristal-8-botella-1l\/","name":"Vinagre Cristal 8% Botella 1L","isPartOf":{"@id":"https:\/\/www.csj-emballages.com\/es\/#website"},"primaryImageOfPage":{"@id":"https:\/\/www.csj-emballages.com\/es\/produit\/vinagre-cristal-8-botella-1l\/#primaryimage"},"image":{"@id":"https:\/\/www.csj-emballages.com\/es\/produit\/vinagre-cristal-8-botella-1l\/#primaryimage"},"thumbnailUrl":"https:\/\/www.csj-emballages.com\/wp-content\/uploads\/2025\/10\/127086.webp","datePublished":"2025-10-27T15:18:18+00:00","dateModified":"2026-04-18T00:11:14+00:00","description":"Descubra el vinagre al 8% en una botella de 1 litro, un producto natural esencial para desengrasar, desincrustar, limpiar y desodorizar eficazmente todas sus superficies.","breadcrumb":{"@id":"https:\/\/www.csj-emballages.com\/es\/produit\/vinagre-cristal-8-botella-1l\/#breadcrumb"},"inLanguage":"es","potentialAction":[{"@type":"ReadAction","target":["https:\/\/www.csj-emballages.com\/es\/produit\/vinagre-cristal-8-botella-1l\/"]}]},{"@type":"ImageObject","inLanguage":"es","@id":"https:\/\/www.csj-emballages.com\/es\/produit\/vinagre-cristal-8-botella-1l\/#primaryimage","url":"https:\/\/www.csj-emballages.com\/wp-content\/uploads\/2025\/10\/127086.webp","contentUrl":"https:\/\/www.csj-emballages.com\/wp-content\/uploads\/2025\/10\/127086.webp","width":800,"height":800,"caption":"Vinaigre"},{"@type":"BreadcrumbList","@id":"https:\/\/www.csj-emballages.com\/es\/produit\/vinagre-cristal-8-botella-1l\/#breadcrumb","itemListElement":[{"@type":"ListItem","position":1,"name":"Accueil","item":"https:\/\/www.csj-emballages.com\/es\/universo-del-envasado-alimentario\/"},{"@type":"ListItem","position":2,"name":"Tienda","item":"https:\/\/www.csj-emballages.com\/tienda\/"},{"@type":"ListItem","position":3,"name":"Vinagre cristal 8% botella 1L"}]},{"@type":"WebSite","@id":"https:\/\/www.csj-emballages.com\/es\/#website","url":"https:\/\/www.csj-emballages.com\/es\/","name":"CSJ Emballages","description":"","publisher":{"@id":"https:\/\/www.csj-emballages.com\/es\/#organization"},"potentialAction":[{"@type":"SearchAction","target":{"@type":"EntryPoint","urlTemplate":"https:\/\/www.csj-emballages.com\/es\/?s={search_term_string}"},"query-input":{"@type":"PropertyValueSpecification","valueRequired":true,"valueName":"search_term_string"}}],"inLanguage":"es"},{"@type":"Organization","@id":"https:\/\/www.csj-emballages.com\/es\/#Organization\/","name":"CSJ Emballages","url":"https:\/\/www.csj-emballages.com\/es\/","logo":{"@type":"ImageObject","inLanguage":"es","@id":"https:\/\/www.csj-emballages.com\/es\/#\/schema\/logo\/image\/","url":"https:\/\/www.csj-emballages.com\/wp-content\/uploads\/2023\/10\/logo_csj.webp","contentUrl":"https:\/\/www.csj-emballages.com\/wp-content\/uploads\/2023\/10\/logo_csj.webp","width":250,"height":95,"caption":"CSJ Emballages"},"image":{"@id":"https:\/\/www.csj-emballages.com\/es\/#\/schema\/logo\/image\/"},"sameAs":["https:\/\/www.facebook.com\/csjemballages"],"address":{"@type":"PostalAddress","streetAddress":"ZI La Lechere","addressLocality":"Patornay","postalCode":"39130","addressCountry":"FR"},"contactPoint":[{"@type":"ContactPoint","contactType":"Service client","telephone":"0384254272","email":"contact@csj-emballages.com"}]}]}},"df_price":1.61,"df_sale_price":"","df_regular_price":1.61,"df_image_link":"https:\/\/www.csj-emballages.com\/wp-content\/uploads\/2025\/10\/127086-300x300.webp","tiered_pricing_type":"fixed","tiered_pricing_fixed_rules":[],"tiered_pricing_percentage_rules":[],"tiered_pricing_minimum":1,"tiered_pricing_roles_data":[],"_links":{"self":[{"href":"https:\/\/www.csj-emballages.com\/es\/wp-json\/wp\/v2\/product\/254390","targetHints":{"allow":["GET"]}}],"collection":[{"href":"https:\/\/www.csj-emballages.com\/es\/wp-json\/wp\/v2\/product"}],"about":[{"href":"https:\/\/www.csj-emballages.com\/es\/wp-json\/wp\/v2\/types\/product"}],"wp:featuredmedia":[{"embeddable":true,"href":"https:\/\/www.csj-emballages.com\/es\/wp-json\/wp\/v2\/media\/254386"}],"wp:attachment":[{"href":"https:\/\/www.csj-emballages.com\/es\/wp-json\/wp\/v2\/media?parent=254390"}],"wp:term":[{"taxonomy":"product_brand","embeddable":true,"href":"https:\/\/www.csj-emballages.com\/es\/wp-json\/wp\/v2\/product_brand?post=254390"},{"taxonomy":"product_cat","embeddable":true,"href":"https:\/\/www.csj-emballages.com\/es\/wp-json\/wp\/v2\/product_cat?post=254390"},{"taxonomy":"product_tag","embeddable":true,"href":"https:\/\/www.csj-emballages.com\/es\/wp-json\/wp\/v2\/product_tag?post=254390"}],"curies":[{"name":"wp","href":"https:\/\/api.w.org\/{rel}","templated":true}]}}