{"id":253681,"date":"2025-10-24T11:18:20","date_gmt":"2025-10-24T09:18:20","guid":{"rendered":"https:\/\/www.csj-emballages.com\/produit\/bolsa-azul-para-pan-de-molde-50-micras-16-x-5-5-x-45-cm-por-100\/"},"modified":"2026-03-12T16:42:28","modified_gmt":"2026-03-12T15:42:28","slug":"bolsa-azul-para-pan-de-molde-50-micras-16-x-5-5-x-45-cm-por-100","status":"publish","type":"product","link":"https:\/\/www.csj-emballages.com\/es\/produit\/bolsa-azul-para-pan-de-molde-50-micras-16-x-5-5-x-45-cm-por-100\/","title":{"rendered":"Bolsa azul para pan de molde 50 micras 16 x 5 + 5 x 45 cm por 100"},"content":{"rendered":"<h2 class=\"p1\">Bolsa de pan<\/h2>\n<hr>\n<h3>Descripci\u00f3n de nuestra bolsa azul para pan de molde 50 micras 16 x 5 + 5 x 45 cm por 100<\/h3>\n<p><!--more--><\/p>\n<p data-start=\"271\" data-end=\"776\">Dise\u00f1ada para panaderos artesanos, empresas de catering y profesionales de la comida para llevar, esta <strong data-start=\"369\" data-end=\"383\">bolsa para pan de<\/strong> <strong>LDPE azul<\/strong> es el envase ideal para mostrar su pan de molde. Fabricada en <g id=\"gid_2\">PEBD macroperforado<\/g>, garantiza una excelente ventilaci\u00f3n del pan, conservando su frescura durante m\u00e1s tiempo. Este dise\u00f1o tambi\u00e9n limita la condensaci\u00f3n, algo esencial cuando se trabaja con pan de molde.  <\/p>\n<p data-start=\"778\" data-end=\"1287\">Esta <strong data-start=\"781\" data-end=\"803\">bolsa para pan de molde<\/strong> se distingue por su <strong>moderno<\/strong> y f\u00e1cilmente identificable <strong>color azul<\/strong>, que aporta un toque visual muy cuidado a sus puestos. Adem\u00e1s, tiene un grosor <g id=\"gid_2\">de 50 micras<\/g>, por lo que es incre\u00edblemente resistente: aguanta bien la manipulaci\u00f3n repetida, al tiempo que protege eficazmente el contenido. Sus dimensiones de <strong data-start=\"1126\" data-end=\"1148\">16 x 5 + 5 x 45 cm<\/strong> han sido dise\u00f1adas para dar cabida a la mayor\u00eda de los panes de molde est\u00e1ndar, lo que la convierte en una opci\u00f3n vers\u00e1til para muchos profesionales.  <\/p>\n<p data-start=\"1289\" data-end=\"1715\">Adem\u00e1s, cumple todos los requisitos de un envase responsable. Es <strong data-start=\"1373\" data-end=\"1387\">reciclable<\/strong>, <strong data-start=\"1389\" data-end=\"1405\">reutilizable<\/strong> y est\u00e1 certificado <strong data-start=\"1418\" data-end=\"1441\">para el contacto con alimentos<\/strong>, lo que tranquiliza a sus clientes y refuerza su compromiso con la responsabilidad medioambiental. De este modo, podr\u00e1 combinar practicidad, calidad y durabilidad sin concesiones. Por \u00faltimo, al <strong>venderse en paquetes de 100<\/strong> unidades, es una soluci\u00f3n econ\u00f3mica para el envasado diario de su pan de molde.   <\/p>\n<p data-start=\"1717\" data-end=\"1895\">Con esta <strong>bolsa<\/strong>, le resultar\u00e1 m\u00e1s f\u00e1cil organizar su negocio, realzar\u00e1 el valor de sus productos y demostrar\u00e1 a sus clientes que concede tanta importancia a la presentaci\u00f3n como a la calidad.<\/p>\n<p>&nbsp;<\/p>\n<p><!--more--><\/p>\n<p><strong>Ventajas :<\/strong><\/p>\n<ul>\n<li data-start=\"1934\" data-end=\"2004\">Fabricado en <strong data-start=\"1949\" data-end=\"1973\">LDPE, macroperforado<\/strong> para una mejor ventilaci\u00f3n.<\/li>\n<li data-start=\"2007\" data-end=\"2072\"><strong data-start=\"2007\" data-end=\"2021\">Reciclable<\/strong> y <strong data-start=\"2025\" data-end=\"2041\">reutilizable<\/strong>: una elecci\u00f3n m\u00e1s responsable.<\/li>\n<li data-start=\"2075\" data-end=\"2137\">Certificado de <strong data-start=\"2084\" data-end=\"2107\">contacto con alimentos<\/strong> para una seguridad \u00f3ptima.<\/li>\n<li data-start=\"2140\" data-end=\"2192\">Resistente gracias a su grosor <strong data-start=\"2175\" data-end=\"2189\">de 50 micras<\/strong>.<\/li>\n<li data-start=\"2195\" data-end=\"2241\">Tama\u00f1o adecuado para pan de molde est\u00e1ndar.<\/li>\n<li data-start=\"2244\" data-end=\"2296\">Moderno color <strong>azul<\/strong> para mejorar la visibilidad.<\/li>\n<\/ul>\n<p>&nbsp;<\/p>\n<p><!--more--><\/p>\n<h4>Informaci\u00f3n adicional :<\/h4>\n<ul>\n<li><strong>Embalaje<\/strong>: Paquete de 100<\/li>\n<li><strong>Dimensiones<\/strong>: 16 x 5 + 5 x 45 cm<\/li>\n<li><strong>Resistencia<\/strong>: 50 micras<\/li>\n<li><strong>Material<\/strong>: LDPE<\/li>\n<li><strong>Color<\/strong>: Transparente \/ Azul<\/li>\n<\/ul>\n<p>&nbsp;<\/p>\n<p><!--more--><\/p>\n<p>Esta bolsa de pan est\u00e1 disponible en diferentes tama\u00f1os: <span style=\"color: #d12727;\"><a style=\"color: #d12727;\" href=\"https:\/\/www.csj-emballages.com\/es\/produit\/bolsa-amarilla-para-pan-de-molde-50-micras-12-x-5-5-x-35-cm-por-100\/\">12 x 5 + 5 x 35 cm<\/a><\/span> \/ <span style=\"color: #d12727;\"><a style=\"color: #d12727;\" href=\"https:\/\/www.csj-emballages.com\/es\/produit\/200-bolsas-verdes-para-pan-de-molde-20-micras-16-x-5-5-x-35-cm\/\">16 x 5 + 5 x 35 cm<\/a><\/span> \/ <span style=\"color: #d12727;\"><a style=\"color: #d12727;\" href=\"https:\/\/www.csj-emballages.com\/es\/produit\/bolsa-para-pan-de-molde-beige-50-micras-23-x-4-4-x-42-cm-por-100\/\">23 x 4 + 4 x 42 cm<\/a> <\/span>\/<span style=\"color: #d12727;\"> <a style=\"color: #d12727;\" href=\"https:\/\/www.csj-emballages.com\/es\/produit\/bolsa-roja-para-pan-de-molde-50-micras-16-x-5-5-x-60-cm-por-100\/\">16 x 5 + 5 x 60 cm<\/a> <span style=\"color: #000000;\">\/<\/span> <a style=\"color: #d12727;\" href=\"https:\/\/www.csj-emballages.com\/es\/produit\/bolsa-morada-para-pan-de-molde-50-micras-23-x-55-55-x-50-cm-por-100\/\">23 x 5,5 + 5,5 x 50 cm<\/a><\/span><\/p>\n<p>&nbsp;<\/p>\n<p><!--more--><\/p>\n<p><a href=\"\/?product_cat=sacs-pain-tranche\">Ver el resto de nuestra gama de bolsas para pan de molde<\/a><\/p>\n","protected":false},"excerpt":{"rendered":"<p>Bolsa de pan Descripci\u00f3n de nuestra bolsa azul para pan de molde 50 micras 16 x 5 + 5 x 45 cm por 100<\/p>\n","protected":false},"featured_media":253679,"template":"","meta":{"_acf_changed":false},"product_brand":[],"product_cat":[1150,1145,3871,1654,1662],"product_tag":[],"class_list":{"0":"post-253681","1":"product","2":"type-product","3":"status-publish","4":"has-post-thumbnail","6":"product_cat-envasado-de-alimentos","7":"product_cat-panaderia-y-pasteleria","8":"product_cat-bolsas-sobres-y-papel","9":"product_cat-sacheries-es","10":"product_cat-bolsas-de-pan-de-molde","12":"first","13":"instock","14":"taxable","15":"shipping-taxable","16":"purchasable","17":"product-type-simple"},"acf":[],"yoast_head":"<!-- This site is optimized with the Yoast SEO Premium plugin v26.6 (Yoast SEO v26.6) - https:\/\/yoast.com\/wordpress\/plugins\/seo\/ -->\n<title>Bolsa azul para pan de molde 50 micras 16 x 5 + 5 x 45 cm por 100<\/title>\n<meta name=\"description\" content=\"Bolsa azul de 50 micras para pan de molde, macroperforada, reciclable y apta para uso alimentario. Ideal para conservar y presentar su pan de molde.\" \/>\n<meta name=\"robots\" content=\"index, follow, max-snippet:-1, max-image-preview:large, max-video-preview:-1\" \/>\n<link rel=\"canonical\" href=\"https:\/\/www.csj-emballages.com\/es\/produit\/bolsa-azul-para-pan-de-molde-50-micras-16-x-5-5-x-45-cm-por-100\/\" \/>\n<meta property=\"og:locale\" content=\"es_ES\" \/>\n<meta property=\"og:type\" content=\"article\" \/>\n<meta property=\"og:title\" content=\"Bolsa azul para pan de molde 50 micras 16 x 5 + 5 x 45 cm por 100\" \/>\n<meta property=\"og:description\" content=\"Bolsa azul de 50 micras para pan de molde, macroperforada, reciclable y apta para uso alimentario. Ideal para conservar y presentar su pan de molde.\" \/>\n<meta property=\"og:url\" content=\"https:\/\/www.csj-emballages.com\/es\/produit\/bolsa-azul-para-pan-de-molde-50-micras-16-x-5-5-x-45-cm-por-100\/\" \/>\n<meta property=\"og:site_name\" content=\"CSJ Emballages\" \/>\n<meta property=\"article:publisher\" content=\"https:\/\/www.facebook.com\/csjemballages\" \/>\n<meta property=\"article:modified_time\" content=\"2026-03-12T15:42:28+00:00\" \/>\n<meta property=\"og:image\" content=\"https:\/\/www.csj-emballages.com\/wp-content\/uploads\/2025\/10\/SPBLEU50.webp\" \/>\n\t<meta property=\"og:image:width\" content=\"800\" \/>\n\t<meta property=\"og:image:height\" content=\"800\" \/>\n\t<meta property=\"og:image:type\" content=\"image\/jpeg\" \/>\n<meta name=\"twitter:card\" content=\"summary_large_image\" \/>\n<meta name=\"twitter:label1\" content=\"Tiempo de lectura\" \/>\n\t<meta name=\"twitter:data1\" content=\"2 minutos\" \/>\n<script type=\"application\/ld+json\" class=\"yoast-schema-graph\">{\"@context\":\"https:\/\/schema.org\",\"@graph\":[{\"@type\":\"WebPage\",\"@id\":\"https:\/\/www.csj-emballages.com\/es\/produit\/bolsa-azul-para-pan-de-molde-50-micras-16-x-5-5-x-45-cm-por-100\/\",\"url\":\"https:\/\/www.csj-emballages.com\/es\/produit\/bolsa-azul-para-pan-de-molde-50-micras-16-x-5-5-x-45-cm-por-100\/\",\"name\":\"Bolsa azul para pan de molde 50 micras 16 x 5 + 5 x 45 cm por 100\",\"isPartOf\":{\"@id\":\"https:\/\/www.csj-emballages.com\/es\/#website\"},\"primaryImageOfPage\":{\"@id\":\"https:\/\/www.csj-emballages.com\/es\/produit\/bolsa-azul-para-pan-de-molde-50-micras-16-x-5-5-x-45-cm-por-100\/#primaryimage\"},\"image\":{\"@id\":\"https:\/\/www.csj-emballages.com\/es\/produit\/bolsa-azul-para-pan-de-molde-50-micras-16-x-5-5-x-45-cm-por-100\/#primaryimage\"},\"thumbnailUrl\":\"https:\/\/www.csj-emballages.com\/wp-content\/uploads\/2025\/10\/SPBLEU50.webp\",\"datePublished\":\"2025-10-24T09:18:20+00:00\",\"dateModified\":\"2026-03-12T15:42:28+00:00\",\"description\":\"Bolsa azul de 50 micras para pan de molde, macroperforada, reciclable y apta para uso alimentario. Ideal para conservar y presentar su pan de molde.\",\"breadcrumb\":{\"@id\":\"https:\/\/www.csj-emballages.com\/es\/produit\/bolsa-azul-para-pan-de-molde-50-micras-16-x-5-5-x-45-cm-por-100\/#breadcrumb\"},\"inLanguage\":\"es\",\"potentialAction\":[{\"@type\":\"ReadAction\",\"target\":[\"https:\/\/www.csj-emballages.com\/es\/produit\/bolsa-azul-para-pan-de-molde-50-micras-16-x-5-5-x-45-cm-por-100\/\"]}]},{\"@type\":\"ImageObject\",\"inLanguage\":\"es\",\"@id\":\"https:\/\/www.csj-emballages.com\/es\/produit\/bolsa-azul-para-pan-de-molde-50-micras-16-x-5-5-x-45-cm-por-100\/#primaryimage\",\"url\":\"https:\/\/www.csj-emballages.com\/wp-content\/uploads\/2025\/10\/SPBLEU50.webp\",\"contentUrl\":\"https:\/\/www.csj-emballages.com\/wp-content\/uploads\/2025\/10\/SPBLEU50.webp\",\"width\":800,\"height\":800,\"caption\":\"Sac \u00e0 pain\"},{\"@type\":\"BreadcrumbList\",\"@id\":\"https:\/\/www.csj-emballages.com\/es\/produit\/bolsa-azul-para-pan-de-molde-50-micras-16-x-5-5-x-45-cm-por-100\/#breadcrumb\",\"itemListElement\":[{\"@type\":\"ListItem\",\"position\":1,\"name\":\"Accueil\",\"item\":\"https:\/\/www.csj-emballages.com\/es\/universo-del-envasado-alimentario\/\"},{\"@type\":\"ListItem\",\"position\":2,\"name\":\"Tienda\",\"item\":\"https:\/\/www.csj-emballages.com\/tienda\/\"},{\"@type\":\"ListItem\",\"position\":3,\"name\":\"Bolsa azul para pan de molde 50 micras 16 x 5 + 5 x 45 cm por 100\"}]},{\"@type\":\"WebSite\",\"@id\":\"https:\/\/www.csj-emballages.com\/es\/#website\",\"url\":\"https:\/\/www.csj-emballages.com\/es\/\",\"name\":\"CSJ Emballages\",\"description\":\"\",\"publisher\":{\"@id\":\"https:\/\/www.csj-emballages.com\/es\/#organization\"},\"potentialAction\":[{\"@type\":\"SearchAction\",\"target\":{\"@type\":\"EntryPoint\",\"urlTemplate\":\"https:\/\/www.csj-emballages.com\/es\/?s={search_term_string}\"},\"query-input\":{\"@type\":\"PropertyValueSpecification\",\"valueRequired\":true,\"valueName\":\"search_term_string\"}}],\"inLanguage\":\"es\"},{\"@type\":\"Organization\",\"@id\":\"https:\/\/www.csj-emballages.com\/es\/#Organization\/\",\"name\":\"CSJ Emballages\",\"url\":\"https:\/\/www.csj-emballages.com\/es\/\",\"logo\":{\"@type\":\"ImageObject\",\"inLanguage\":\"es\",\"@id\":\"https:\/\/www.csj-emballages.com\/es\/#\/schema\/logo\/image\/\",\"url\":\"https:\/\/www.csj-emballages.com\/wp-content\/uploads\/2023\/10\/logo_csj.webp\",\"contentUrl\":\"https:\/\/www.csj-emballages.com\/wp-content\/uploads\/2023\/10\/logo_csj.webp\",\"width\":250,\"height\":95,\"caption\":\"CSJ Emballages\"},\"image\":{\"@id\":\"https:\/\/www.csj-emballages.com\/es\/#\/schema\/logo\/image\/\"},\"sameAs\":[\"https:\/\/www.facebook.com\/csjemballages\"],\"address\":{\"@type\":\"PostalAddress\",\"streetAddress\":\"ZI La Lechere\",\"addressLocality\":\"Patornay\",\"postalCode\":\"39130\",\"addressCountry\":\"FR\"},\"contactPoint\":[{\"@type\":\"ContactPoint\",\"contactType\":\"Service client\",\"telephone\":\"0384254272\",\"email\":\"contact@csj-emballages.com\"}]}]}<\/script>\n<!-- \/ Yoast SEO Premium plugin. -->","yoast_head_json":{"title":"Bolsa azul para pan de molde 50 micras 16 x 5 + 5 x 45 cm por 100","description":"Bolsa azul de 50 micras para pan de molde, macroperforada, reciclable y apta para uso alimentario. Ideal para conservar y presentar su pan de molde.","robots":{"index":"index","follow":"follow","max-snippet":"max-snippet:-1","max-image-preview":"max-image-preview:large","max-video-preview":"max-video-preview:-1"},"canonical":"https:\/\/www.csj-emballages.com\/es\/produit\/bolsa-azul-para-pan-de-molde-50-micras-16-x-5-5-x-45-cm-por-100\/","og_locale":"es_ES","og_type":"article","og_title":"Bolsa azul para pan de molde 50 micras 16 x 5 + 5 x 45 cm por 100","og_description":"Bolsa azul de 50 micras para pan de molde, macroperforada, reciclable y apta para uso alimentario. Ideal para conservar y presentar su pan de molde.","og_url":"https:\/\/www.csj-emballages.com\/es\/produit\/bolsa-azul-para-pan-de-molde-50-micras-16-x-5-5-x-45-cm-por-100\/","og_site_name":"CSJ Emballages","article_publisher":"https:\/\/www.facebook.com\/csjemballages","article_modified_time":"2026-03-12T15:42:28+00:00","og_image":[{"width":800,"height":800,"url":"https:\/\/www.csj-emballages.com\/wp-content\/uploads\/2025\/10\/SPBLEU50.webp","type":"image\/jpeg"}],"twitter_card":"summary_large_image","twitter_misc":{"Tiempo de lectura":"2 minutos"},"schema":{"@context":"https:\/\/schema.org","@graph":[{"@type":"WebPage","@id":"https:\/\/www.csj-emballages.com\/es\/produit\/bolsa-azul-para-pan-de-molde-50-micras-16-x-5-5-x-45-cm-por-100\/","url":"https:\/\/www.csj-emballages.com\/es\/produit\/bolsa-azul-para-pan-de-molde-50-micras-16-x-5-5-x-45-cm-por-100\/","name":"Bolsa azul para pan de molde 50 micras 16 x 5 + 5 x 45 cm por 100","isPartOf":{"@id":"https:\/\/www.csj-emballages.com\/es\/#website"},"primaryImageOfPage":{"@id":"https:\/\/www.csj-emballages.com\/es\/produit\/bolsa-azul-para-pan-de-molde-50-micras-16-x-5-5-x-45-cm-por-100\/#primaryimage"},"image":{"@id":"https:\/\/www.csj-emballages.com\/es\/produit\/bolsa-azul-para-pan-de-molde-50-micras-16-x-5-5-x-45-cm-por-100\/#primaryimage"},"thumbnailUrl":"https:\/\/www.csj-emballages.com\/wp-content\/uploads\/2025\/10\/SPBLEU50.webp","datePublished":"2025-10-24T09:18:20+00:00","dateModified":"2026-03-12T15:42:28+00:00","description":"Bolsa azul de 50 micras para pan de molde, macroperforada, reciclable y apta para uso alimentario. Ideal para conservar y presentar su pan de molde.","breadcrumb":{"@id":"https:\/\/www.csj-emballages.com\/es\/produit\/bolsa-azul-para-pan-de-molde-50-micras-16-x-5-5-x-45-cm-por-100\/#breadcrumb"},"inLanguage":"es","potentialAction":[{"@type":"ReadAction","target":["https:\/\/www.csj-emballages.com\/es\/produit\/bolsa-azul-para-pan-de-molde-50-micras-16-x-5-5-x-45-cm-por-100\/"]}]},{"@type":"ImageObject","inLanguage":"es","@id":"https:\/\/www.csj-emballages.com\/es\/produit\/bolsa-azul-para-pan-de-molde-50-micras-16-x-5-5-x-45-cm-por-100\/#primaryimage","url":"https:\/\/www.csj-emballages.com\/wp-content\/uploads\/2025\/10\/SPBLEU50.webp","contentUrl":"https:\/\/www.csj-emballages.com\/wp-content\/uploads\/2025\/10\/SPBLEU50.webp","width":800,"height":800,"caption":"Sac \u00e0 pain"},{"@type":"BreadcrumbList","@id":"https:\/\/www.csj-emballages.com\/es\/produit\/bolsa-azul-para-pan-de-molde-50-micras-16-x-5-5-x-45-cm-por-100\/#breadcrumb","itemListElement":[{"@type":"ListItem","position":1,"name":"Accueil","item":"https:\/\/www.csj-emballages.com\/es\/universo-del-envasado-alimentario\/"},{"@type":"ListItem","position":2,"name":"Tienda","item":"https:\/\/www.csj-emballages.com\/tienda\/"},{"@type":"ListItem","position":3,"name":"Bolsa azul para pan de molde 50 micras 16 x 5 + 5 x 45 cm por 100"}]},{"@type":"WebSite","@id":"https:\/\/www.csj-emballages.com\/es\/#website","url":"https:\/\/www.csj-emballages.com\/es\/","name":"CSJ Emballages","description":"","publisher":{"@id":"https:\/\/www.csj-emballages.com\/es\/#organization"},"potentialAction":[{"@type":"SearchAction","target":{"@type":"EntryPoint","urlTemplate":"https:\/\/www.csj-emballages.com\/es\/?s={search_term_string}"},"query-input":{"@type":"PropertyValueSpecification","valueRequired":true,"valueName":"search_term_string"}}],"inLanguage":"es"},{"@type":"Organization","@id":"https:\/\/www.csj-emballages.com\/es\/#Organization\/","name":"CSJ Emballages","url":"https:\/\/www.csj-emballages.com\/es\/","logo":{"@type":"ImageObject","inLanguage":"es","@id":"https:\/\/www.csj-emballages.com\/es\/#\/schema\/logo\/image\/","url":"https:\/\/www.csj-emballages.com\/wp-content\/uploads\/2023\/10\/logo_csj.webp","contentUrl":"https:\/\/www.csj-emballages.com\/wp-content\/uploads\/2023\/10\/logo_csj.webp","width":250,"height":95,"caption":"CSJ Emballages"},"image":{"@id":"https:\/\/www.csj-emballages.com\/es\/#\/schema\/logo\/image\/"},"sameAs":["https:\/\/www.facebook.com\/csjemballages"],"address":{"@type":"PostalAddress","streetAddress":"ZI La Lechere","addressLocality":"Patornay","postalCode":"39130","addressCountry":"FR"},"contactPoint":[{"@type":"ContactPoint","contactType":"Service client","telephone":"0384254272","email":"contact@csj-emballages.com"}]}]}},"df_price":4.5,"df_sale_price":"","df_regular_price":4.5,"df_image_link":"https:\/\/www.csj-emballages.com\/wp-content\/uploads\/2025\/10\/SPBLEU50-300x300.webp","tiered_pricing_type":"fixed","tiered_pricing_fixed_rules":[],"tiered_pricing_percentage_rules":[],"tiered_pricing_minimum":1,"tiered_pricing_roles_data":[],"_links":{"self":[{"href":"https:\/\/www.csj-emballages.com\/es\/wp-json\/wp\/v2\/product\/253681","targetHints":{"allow":["GET"]}}],"collection":[{"href":"https:\/\/www.csj-emballages.com\/es\/wp-json\/wp\/v2\/product"}],"about":[{"href":"https:\/\/www.csj-emballages.com\/es\/wp-json\/wp\/v2\/types\/product"}],"wp:featuredmedia":[{"embeddable":true,"href":"https:\/\/www.csj-emballages.com\/es\/wp-json\/wp\/v2\/media\/253679"}],"wp:attachment":[{"href":"https:\/\/www.csj-emballages.com\/es\/wp-json\/wp\/v2\/media?parent=253681"}],"wp:term":[{"taxonomy":"product_brand","embeddable":true,"href":"https:\/\/www.csj-emballages.com\/es\/wp-json\/wp\/v2\/product_brand?post=253681"},{"taxonomy":"product_cat","embeddable":true,"href":"https:\/\/www.csj-emballages.com\/es\/wp-json\/wp\/v2\/product_cat?post=253681"},{"taxonomy":"product_tag","embeddable":true,"href":"https:\/\/www.csj-emballages.com\/es\/wp-json\/wp\/v2\/product_tag?post=253681"}],"curies":[{"name":"wp","href":"https:\/\/api.w.org\/{rel}","templated":true}]}}