{"id":253664,"date":"2025-10-24T11:18:23","date_gmt":"2025-10-24T09:18:23","guid":{"rendered":"https:\/\/www.csj-emballages.com\/produit\/bolsa-amarilla-para-pan-de-molde-50-micras-12-x-5-5-x-35-cm-por-100\/"},"modified":"2026-04-03T02:21:04","modified_gmt":"2026-04-03T00:21:04","slug":"bolsa-amarilla-para-pan-de-molde-50-micras-12-x-5-5-x-35-cm-por-100","status":"publish","type":"product","link":"https:\/\/www.csj-emballages.com\/es\/produit\/bolsa-amarilla-para-pan-de-molde-50-micras-12-x-5-5-x-35-cm-por-100\/","title":{"rendered":"Bolsa amarilla para pan de molde 50 micras 12 x 5 + 5 x 35 cm por 100"},"content":{"rendered":"<h2>Bolsa de pan<\/h2>\n<hr>\n<h3>Descripci\u00f3n de nuestra bolsa amarilla para pan de molde 50 micras 12 x 5 + 5 x 35 cm por 100<\/h3>\n<p><!--more--><\/p>\n<p data-start=\"149\" data-end=\"428\">Cuando se trabaja en la industria panadera o alimentaria, se sabe que una buena <strong data-start=\"229\" data-end=\"243\">bolsa para pan<\/strong> puede hacer la vida m\u00e1s f\u00e1cil. Este es exactamente el caso de nuestra <strong data-start=\"312\" data-end=\"334\">bolsa<\/strong> <strong>amarilla de 50 micras<\/strong> <strong data-start=\"312\" data-end=\"334\">para pan de molde<\/strong>, de <strong data-start=\"356\" data-end=\"380\">polietileno de baja densidad macroperforado<\/strong>, de tama\u00f1o 12 x 5 + 5 x 35 cm, que se vende en paquetes de 100 unidades. <\/p>\n<p data-start=\"430\" data-end=\"766\">Para empezar, su color <strong>amarillo<\/strong> aporta inmediatamente un toque c\u00e1lido y profesional. Destaca su <g id=\"gid_1\">pan de molde<\/g> nada m\u00e1s envasarlo, y sus clientes notar\u00e1n de inmediato el cuidado que pone en la presentaci\u00f3n. No es s\u00f3lo una bolsa: es una forma real de destacar sus productos.  <\/p>\n<p data-start=\"768\" data-end=\"1244\">Adem\u00e1s, gracias a su material <strong data-start=\"799\" data-end=\"807\">LDPE<\/strong>, ofrece una verdadera flexibilidad y una excelente resistencia al uso diario. Con un grosor de 50 micras, puede confiar en \u00e9l: sin desgarros, sin que se escapen las migas, incluso cuando el pan es generoso o est\u00e1 ligeramente h\u00famedo. Adem\u00e1s, el <g id=\"gid_1\">macroperforado<\/g> permite que el pan respire mejor, evitando la condensaci\u00f3n y manteni\u00e9ndolo fresco. Es el compromiso ideal entre higiene, conservaci\u00f3n y calidad.   <\/p>\n<p data-start=\"1246\" data-end=\"1518\">El formato de <strong>12 x 5 + 5 x 35 cm<\/strong> se adapta perfectamente al pan de molde: pan de molde, panes especiales, panes artesanos, etc. Esta <strong>bolsa para pan<\/strong> es f\u00e1cil de adaptar gracias a sus fuelles, que le confieren una gran capacidad. El envasado es r\u00e1pido, limpio y ahorra tiempo. <\/p>\n<p data-start=\"1520\" data-end=\"1794\">Vendida en paquetes de <strong>100 unidades<\/strong>, esta <strong data-start=\"1552\" data-end=\"1574\">bolsa para pan de molde<\/strong> es una soluci\u00f3n econ\u00f3mica para los profesionales. Ya sea panadero, restaurador, mini-mercado o tienda de bocadillos, se adapta perfectamente a su organizaci\u00f3n diaria al tiempo que garantiza una higiene impecable. <\/p>\n<p data-start=\"1796\" data-end=\"1933\">En resumen, se trata de una <strong>bolsa<\/strong> pr\u00e1ctica, resistente y bien ventilada, dise\u00f1ada para presumir de pan de molde a la vez que te facilita el trabajo.<\/p>\n<p><!--more--><\/p>\n<h4>Ventajas :<\/h4>\n<ul>\n<li data-start=\"1987\" data-end=\"2016\"><strong>Bolsa<\/strong> gruesa y resistente <strong>para pan de molde<\/strong>.<\/li>\n<li data-start=\"2019\" data-end=\"2058\">Apto para todo tipo de pan de molde.<\/li>\n<li data-start=\"2061\" data-end=\"2106\">Atractiva presentaci\u00f3n gracias a su color <strong>amarillo<\/strong>.<\/li>\n<li data-start=\"2109\" data-end=\"2147\">Protege el pan y lo mantiene fresco.<\/li>\n<li data-start=\"2150\" data-end=\"2186\">Envasado econ\u00f3mico de <strong>100 unidades<\/strong>.<\/li>\n<\/ul>\n<p>&nbsp;<\/p>\n<p><!--more--><\/p>\n<h4>Informaci\u00f3n adicional :<\/h4>\n<ul>\n<li><strong>Embalaje<\/strong>: Paquete de 100<\/li>\n<li><strong>Dimensiones<\/strong>: 12 x 5 + 5 x 35 cm<\/li>\n<li><strong>Resistencia<\/strong>: 50 micras<\/li>\n<li><strong>Material<\/strong>: LDPE<\/li>\n<li><strong>Color<\/strong>: Transparente \/ Amarillo<\/li>\n<\/ul>\n<p>&nbsp;<\/p>\n<p><!--more--><\/p>\n<p>Esta bolsa de pan est\u00e1 disponible en diferentes tama\u00f1os: <span style=\"color: #d12727;\"><a style=\"color: #d12727;\" href=\"https:\/\/www.csj-emballages.com\/es\/produit\/200-bolsas-verdes-para-pan-de-molde-20-micras-16-x-5-5-x-35-cm\/\">16 x 5 + 5 x 35 cm<\/a><\/span> \/ <span style=\"color: #d12727;\"><a style=\"color: #d12727;\" href=\"https:\/\/www.csj-emballages.com\/es\/produit\/bolsa-azul-para-pan-de-molde-50-micras-16-x-5-5-x-45-cm-por-100\/\">16 x 5 + 5 x 45 cm<\/a><\/span> \/ <span style=\"color: #d12727;\"><a style=\"color: #d12727;\" href=\"https:\/\/www.csj-emballages.com\/es\/produit\/bolsa-para-pan-de-molde-beige-50-micras-23-x-4-4-x-42-cm-por-100\/\">23 x 4 + 4 x 42 cm<\/a> <\/span>\/<span style=\"color: #d12727;\"> <a style=\"color: #d12727;\" href=\"https:\/\/www.csj-emballages.com\/es\/produit\/bolsa-roja-para-pan-de-molde-50-micras-16-x-5-5-x-60-cm-por-100\/\">16 x 5 + 5 x 60 cm<\/a> <span style=\"color: #000000;\">\/<\/span> <a style=\"color: #d12727;\" href=\"https:\/\/www.csj-emballages.com\/es\/produit\/bolsa-morada-para-pan-de-molde-50-micras-23-x-55-55-x-50-cm-por-100\/\">23 x 5,5 + 5,5 x 50 cm<\/a><\/span><\/p>\n<p>&nbsp;<\/p>\n<p><!--more--><\/p>\n<p><a href=\"\/?product_cat=sacs-pain-tranche\">Ver el resto de nuestra gama de bolsas para pan de molde<\/a><\/p>\n","protected":false},"excerpt":{"rendered":"<p>Bolsa de pan Descripci\u00f3n de nuestra bolsa amarilla para pan de molde 50 micras 12 x 5 + 5 x 35 cm por 100<\/p>\n","protected":false},"featured_media":253641,"template":"","meta":{"_acf_changed":false},"product_brand":[],"product_cat":[1150,1145,3871,1654,1662],"product_tag":[],"class_list":{"0":"post-253664","1":"product","2":"type-product","3":"status-publish","4":"has-post-thumbnail","6":"product_cat-envasado-de-alimentos","7":"product_cat-panaderia-y-pasteleria","8":"product_cat-bolsas-sobres-y-papel","9":"product_cat-sacheries-es","10":"product_cat-bolsas-de-pan-de-molde","12":"first","13":"instock","14":"taxable","15":"shipping-taxable","16":"purchasable","17":"product-type-simple"},"acf":[],"yoast_head":"<!-- This site is optimized with the Yoast SEO Premium plugin v26.6 (Yoast SEO v26.6) - https:\/\/yoast.com\/wordpress\/plugins\/seo\/ -->\n<title>Saco de pan de molde amarillo 50 micras 12 x 5 + 5 x 35 cm por 100<\/title>\n<meta name=\"description\" content=\"Bolsa macroperforada de polietileno de baja densidad de 50 micras para pan de molde amarillo. Tama\u00f1o 12 x 5 + 5 x 35 cm. Resistente, pr\u00e1ctica y reutilizable. Paquete de 100 bolsas.\" \/>\n<meta name=\"robots\" content=\"index, follow, max-snippet:-1, max-image-preview:large, max-video-preview:-1\" \/>\n<link rel=\"canonical\" href=\"https:\/\/www.csj-emballages.com\/es\/produit\/bolsa-amarilla-para-pan-de-molde-50-micras-12-x-5-5-x-35-cm-por-100\/\" \/>\n<meta property=\"og:locale\" content=\"es_ES\" \/>\n<meta property=\"og:type\" content=\"article\" \/>\n<meta property=\"og:title\" content=\"Bolsa amarilla para pan de molde 50 micras 12 x 5 + 5 x 35 cm por 100\" \/>\n<meta property=\"og:description\" content=\"Bolsa macroperforada de polietileno de baja densidad de 50 micras para pan de molde amarillo. Tama\u00f1o 12 x 5 + 5 x 35 cm. Resistente, pr\u00e1ctica y reutilizable. Paquete de 100 bolsas.\" \/>\n<meta property=\"og:url\" content=\"https:\/\/www.csj-emballages.com\/es\/produit\/bolsa-amarilla-para-pan-de-molde-50-micras-12-x-5-5-x-35-cm-por-100\/\" \/>\n<meta property=\"og:site_name\" content=\"CSJ Emballages\" \/>\n<meta property=\"article:publisher\" content=\"https:\/\/www.facebook.com\/csjemballages\" \/>\n<meta property=\"article:modified_time\" content=\"2026-04-03T00:21:04+00:00\" \/>\n<meta property=\"og:image\" content=\"https:\/\/www.csj-emballages.com\/wp-content\/uploads\/2025\/10\/SPJAU50-1.webp\" \/>\n\t<meta property=\"og:image:width\" content=\"800\" \/>\n\t<meta property=\"og:image:height\" content=\"800\" \/>\n\t<meta property=\"og:image:type\" content=\"image\/webp\" \/>\n<meta name=\"twitter:card\" content=\"summary_large_image\" \/>\n<meta name=\"twitter:label1\" content=\"Tiempo de lectura\" \/>\n\t<meta name=\"twitter:data1\" content=\"2 minutos\" \/>\n<script type=\"application\/ld+json\" class=\"yoast-schema-graph\">{\"@context\":\"https:\/\/schema.org\",\"@graph\":[{\"@type\":\"WebPage\",\"@id\":\"https:\/\/www.csj-emballages.com\/es\/produit\/bolsa-amarilla-para-pan-de-molde-50-micras-12-x-5-5-x-35-cm-por-100\/\",\"url\":\"https:\/\/www.csj-emballages.com\/es\/produit\/bolsa-amarilla-para-pan-de-molde-50-micras-12-x-5-5-x-35-cm-por-100\/\",\"name\":\"Saco de pan de molde amarillo 50 micras 12 x 5 + 5 x 35 cm por 100\",\"isPartOf\":{\"@id\":\"https:\/\/www.csj-emballages.com\/es\/#website\"},\"primaryImageOfPage\":{\"@id\":\"https:\/\/www.csj-emballages.com\/es\/produit\/bolsa-amarilla-para-pan-de-molde-50-micras-12-x-5-5-x-35-cm-por-100\/#primaryimage\"},\"image\":{\"@id\":\"https:\/\/www.csj-emballages.com\/es\/produit\/bolsa-amarilla-para-pan-de-molde-50-micras-12-x-5-5-x-35-cm-por-100\/#primaryimage\"},\"thumbnailUrl\":\"https:\/\/www.csj-emballages.com\/wp-content\/uploads\/2025\/10\/SPJAU50-1.webp\",\"datePublished\":\"2025-10-24T09:18:23+00:00\",\"dateModified\":\"2026-04-03T00:21:04+00:00\",\"description\":\"Bolsa macroperforada de polietileno de baja densidad de 50 micras para pan de molde amarillo. Tama\u00f1o 12 x 5 + 5 x 35 cm. Resistente, pr\u00e1ctica y reutilizable. Paquete de 100 bolsas.\",\"breadcrumb\":{\"@id\":\"https:\/\/www.csj-emballages.com\/es\/produit\/bolsa-amarilla-para-pan-de-molde-50-micras-12-x-5-5-x-35-cm-por-100\/#breadcrumb\"},\"inLanguage\":\"es\",\"potentialAction\":[{\"@type\":\"ReadAction\",\"target\":[\"https:\/\/www.csj-emballages.com\/es\/produit\/bolsa-amarilla-para-pan-de-molde-50-micras-12-x-5-5-x-35-cm-por-100\/\"]}]},{\"@type\":\"ImageObject\",\"inLanguage\":\"es\",\"@id\":\"https:\/\/www.csj-emballages.com\/es\/produit\/bolsa-amarilla-para-pan-de-molde-50-micras-12-x-5-5-x-35-cm-por-100\/#primaryimage\",\"url\":\"https:\/\/www.csj-emballages.com\/wp-content\/uploads\/2025\/10\/SPJAU50-1.webp\",\"contentUrl\":\"https:\/\/www.csj-emballages.com\/wp-content\/uploads\/2025\/10\/SPJAU50-1.webp\",\"width\":800,\"height\":800,\"caption\":\"Sac \u00e0 pain\"},{\"@type\":\"BreadcrumbList\",\"@id\":\"https:\/\/www.csj-emballages.com\/es\/produit\/bolsa-amarilla-para-pan-de-molde-50-micras-12-x-5-5-x-35-cm-por-100\/#breadcrumb\",\"itemListElement\":[{\"@type\":\"ListItem\",\"position\":1,\"name\":\"Accueil\",\"item\":\"https:\/\/www.csj-emballages.com\/es\/universo-del-envasado-alimentario\/\"},{\"@type\":\"ListItem\",\"position\":2,\"name\":\"Tienda\",\"item\":\"https:\/\/www.csj-emballages.com\/tienda\/\"},{\"@type\":\"ListItem\",\"position\":3,\"name\":\"Bolsa amarilla para pan de molde 50 micras 12 x 5 + 5 x 35 cm por 100\"}]},{\"@type\":\"WebSite\",\"@id\":\"https:\/\/www.csj-emballages.com\/es\/#website\",\"url\":\"https:\/\/www.csj-emballages.com\/es\/\",\"name\":\"CSJ Emballages\",\"description\":\"\",\"publisher\":{\"@id\":\"https:\/\/www.csj-emballages.com\/es\/#organization\"},\"potentialAction\":[{\"@type\":\"SearchAction\",\"target\":{\"@type\":\"EntryPoint\",\"urlTemplate\":\"https:\/\/www.csj-emballages.com\/es\/?s={search_term_string}\"},\"query-input\":{\"@type\":\"PropertyValueSpecification\",\"valueRequired\":true,\"valueName\":\"search_term_string\"}}],\"inLanguage\":\"es\"},{\"@type\":\"Organization\",\"@id\":\"https:\/\/www.csj-emballages.com\/es\/#Organization\/\",\"name\":\"CSJ Emballages\",\"url\":\"https:\/\/www.csj-emballages.com\/es\/\",\"logo\":{\"@type\":\"ImageObject\",\"inLanguage\":\"es\",\"@id\":\"https:\/\/www.csj-emballages.com\/es\/#\/schema\/logo\/image\/\",\"url\":\"https:\/\/www.csj-emballages.com\/wp-content\/uploads\/2023\/10\/logo_csj.webp\",\"contentUrl\":\"https:\/\/www.csj-emballages.com\/wp-content\/uploads\/2023\/10\/logo_csj.webp\",\"width\":250,\"height\":95,\"caption\":\"CSJ Emballages\"},\"image\":{\"@id\":\"https:\/\/www.csj-emballages.com\/es\/#\/schema\/logo\/image\/\"},\"sameAs\":[\"https:\/\/www.facebook.com\/csjemballages\"],\"address\":{\"@type\":\"PostalAddress\",\"streetAddress\":\"ZI La Lechere\",\"addressLocality\":\"Patornay\",\"postalCode\":\"39130\",\"addressCountry\":\"FR\"},\"contactPoint\":[{\"@type\":\"ContactPoint\",\"contactType\":\"Service client\",\"telephone\":\"0384254272\",\"email\":\"contact@csj-emballages.com\"}]}]}<\/script>\n<!-- \/ Yoast SEO Premium plugin. -->","yoast_head_json":{"title":"Saco de pan de molde amarillo 50 micras 12 x 5 + 5 x 35 cm por 100","description":"Bolsa macroperforada de polietileno de baja densidad de 50 micras para pan de molde amarillo. Tama\u00f1o 12 x 5 + 5 x 35 cm. Resistente, pr\u00e1ctica y reutilizable. Paquete de 100 bolsas.","robots":{"index":"index","follow":"follow","max-snippet":"max-snippet:-1","max-image-preview":"max-image-preview:large","max-video-preview":"max-video-preview:-1"},"canonical":"https:\/\/www.csj-emballages.com\/es\/produit\/bolsa-amarilla-para-pan-de-molde-50-micras-12-x-5-5-x-35-cm-por-100\/","og_locale":"es_ES","og_type":"article","og_title":"Bolsa amarilla para pan de molde 50 micras 12 x 5 + 5 x 35 cm por 100","og_description":"Bolsa macroperforada de polietileno de baja densidad de 50 micras para pan de molde amarillo. Tama\u00f1o 12 x 5 + 5 x 35 cm. Resistente, pr\u00e1ctica y reutilizable. Paquete de 100 bolsas.","og_url":"https:\/\/www.csj-emballages.com\/es\/produit\/bolsa-amarilla-para-pan-de-molde-50-micras-12-x-5-5-x-35-cm-por-100\/","og_site_name":"CSJ Emballages","article_publisher":"https:\/\/www.facebook.com\/csjemballages","article_modified_time":"2026-04-03T00:21:04+00:00","og_image":[{"width":800,"height":800,"url":"https:\/\/www.csj-emballages.com\/wp-content\/uploads\/2025\/10\/SPJAU50-1.webp","type":"image\/webp"}],"twitter_card":"summary_large_image","twitter_misc":{"Tiempo de lectura":"2 minutos"},"schema":{"@context":"https:\/\/schema.org","@graph":[{"@type":"WebPage","@id":"https:\/\/www.csj-emballages.com\/es\/produit\/bolsa-amarilla-para-pan-de-molde-50-micras-12-x-5-5-x-35-cm-por-100\/","url":"https:\/\/www.csj-emballages.com\/es\/produit\/bolsa-amarilla-para-pan-de-molde-50-micras-12-x-5-5-x-35-cm-por-100\/","name":"Saco de pan de molde amarillo 50 micras 12 x 5 + 5 x 35 cm por 100","isPartOf":{"@id":"https:\/\/www.csj-emballages.com\/es\/#website"},"primaryImageOfPage":{"@id":"https:\/\/www.csj-emballages.com\/es\/produit\/bolsa-amarilla-para-pan-de-molde-50-micras-12-x-5-5-x-35-cm-por-100\/#primaryimage"},"image":{"@id":"https:\/\/www.csj-emballages.com\/es\/produit\/bolsa-amarilla-para-pan-de-molde-50-micras-12-x-5-5-x-35-cm-por-100\/#primaryimage"},"thumbnailUrl":"https:\/\/www.csj-emballages.com\/wp-content\/uploads\/2025\/10\/SPJAU50-1.webp","datePublished":"2025-10-24T09:18:23+00:00","dateModified":"2026-04-03T00:21:04+00:00","description":"Bolsa macroperforada de polietileno de baja densidad de 50 micras para pan de molde amarillo. Tama\u00f1o 12 x 5 + 5 x 35 cm. Resistente, pr\u00e1ctica y reutilizable. Paquete de 100 bolsas.","breadcrumb":{"@id":"https:\/\/www.csj-emballages.com\/es\/produit\/bolsa-amarilla-para-pan-de-molde-50-micras-12-x-5-5-x-35-cm-por-100\/#breadcrumb"},"inLanguage":"es","potentialAction":[{"@type":"ReadAction","target":["https:\/\/www.csj-emballages.com\/es\/produit\/bolsa-amarilla-para-pan-de-molde-50-micras-12-x-5-5-x-35-cm-por-100\/"]}]},{"@type":"ImageObject","inLanguage":"es","@id":"https:\/\/www.csj-emballages.com\/es\/produit\/bolsa-amarilla-para-pan-de-molde-50-micras-12-x-5-5-x-35-cm-por-100\/#primaryimage","url":"https:\/\/www.csj-emballages.com\/wp-content\/uploads\/2025\/10\/SPJAU50-1.webp","contentUrl":"https:\/\/www.csj-emballages.com\/wp-content\/uploads\/2025\/10\/SPJAU50-1.webp","width":800,"height":800,"caption":"Sac \u00e0 pain"},{"@type":"BreadcrumbList","@id":"https:\/\/www.csj-emballages.com\/es\/produit\/bolsa-amarilla-para-pan-de-molde-50-micras-12-x-5-5-x-35-cm-por-100\/#breadcrumb","itemListElement":[{"@type":"ListItem","position":1,"name":"Accueil","item":"https:\/\/www.csj-emballages.com\/es\/universo-del-envasado-alimentario\/"},{"@type":"ListItem","position":2,"name":"Tienda","item":"https:\/\/www.csj-emballages.com\/tienda\/"},{"@type":"ListItem","position":3,"name":"Bolsa amarilla para pan de molde 50 micras 12 x 5 + 5 x 35 cm por 100"}]},{"@type":"WebSite","@id":"https:\/\/www.csj-emballages.com\/es\/#website","url":"https:\/\/www.csj-emballages.com\/es\/","name":"CSJ Emballages","description":"","publisher":{"@id":"https:\/\/www.csj-emballages.com\/es\/#organization"},"potentialAction":[{"@type":"SearchAction","target":{"@type":"EntryPoint","urlTemplate":"https:\/\/www.csj-emballages.com\/es\/?s={search_term_string}"},"query-input":{"@type":"PropertyValueSpecification","valueRequired":true,"valueName":"search_term_string"}}],"inLanguage":"es"},{"@type":"Organization","@id":"https:\/\/www.csj-emballages.com\/es\/#Organization\/","name":"CSJ Emballages","url":"https:\/\/www.csj-emballages.com\/es\/","logo":{"@type":"ImageObject","inLanguage":"es","@id":"https:\/\/www.csj-emballages.com\/es\/#\/schema\/logo\/image\/","url":"https:\/\/www.csj-emballages.com\/wp-content\/uploads\/2023\/10\/logo_csj.webp","contentUrl":"https:\/\/www.csj-emballages.com\/wp-content\/uploads\/2023\/10\/logo_csj.webp","width":250,"height":95,"caption":"CSJ Emballages"},"image":{"@id":"https:\/\/www.csj-emballages.com\/es\/#\/schema\/logo\/image\/"},"sameAs":["https:\/\/www.facebook.com\/csjemballages"],"address":{"@type":"PostalAddress","streetAddress":"ZI La Lechere","addressLocality":"Patornay","postalCode":"39130","addressCountry":"FR"},"contactPoint":[{"@type":"ContactPoint","contactType":"Service client","telephone":"0384254272","email":"contact@csj-emballages.com"}]}]}},"df_price":2.98,"df_sale_price":"","df_regular_price":2.98,"df_image_link":"https:\/\/www.csj-emballages.com\/wp-content\/uploads\/2025\/10\/SPJAU50-1-300x300.webp","tiered_pricing_type":"fixed","tiered_pricing_fixed_rules":[],"tiered_pricing_percentage_rules":[],"tiered_pricing_minimum":1,"tiered_pricing_roles_data":[],"_links":{"self":[{"href":"https:\/\/www.csj-emballages.com\/es\/wp-json\/wp\/v2\/product\/253664","targetHints":{"allow":["GET"]}}],"collection":[{"href":"https:\/\/www.csj-emballages.com\/es\/wp-json\/wp\/v2\/product"}],"about":[{"href":"https:\/\/www.csj-emballages.com\/es\/wp-json\/wp\/v2\/types\/product"}],"wp:featuredmedia":[{"embeddable":true,"href":"https:\/\/www.csj-emballages.com\/es\/wp-json\/wp\/v2\/media\/253641"}],"wp:attachment":[{"href":"https:\/\/www.csj-emballages.com\/es\/wp-json\/wp\/v2\/media?parent=253664"}],"wp:term":[{"taxonomy":"product_brand","embeddable":true,"href":"https:\/\/www.csj-emballages.com\/es\/wp-json\/wp\/v2\/product_brand?post=253664"},{"taxonomy":"product_cat","embeddable":true,"href":"https:\/\/www.csj-emballages.com\/es\/wp-json\/wp\/v2\/product_cat?post=253664"},{"taxonomy":"product_tag","embeddable":true,"href":"https:\/\/www.csj-emballages.com\/es\/wp-json\/wp\/v2\/product_tag?post=253664"}],"curies":[{"name":"wp","href":"https:\/\/api.w.org\/{rel}","templated":true}]}}