{"id":253259,"date":"2025-10-22T15:18:19","date_gmt":"2025-10-22T13:18:19","guid":{"rendered":"https:\/\/www.csj-emballages.com\/produit\/soporte-redondo-para-tartas-de-carton-blanco-negro-o28-cm-por-100\/"},"modified":"2026-03-12T16:35:55","modified_gmt":"2026-03-12T15:35:55","slug":"soporte-redondo-para-tartas-de-carton-blanco-negro-o28-cm-por-100","status":"publish","type":"product","link":"https:\/\/www.csj-emballages.com\/es\/produit\/soporte-redondo-para-tartas-de-carton-blanco-negro-o28-cm-por-100\/","title":{"rendered":"Soporte redondo para tartas de cart\u00f3n blanco \/ negro \u00f828 cm por 100"},"content":{"rendered":"<div style=\"font-family: Roboto, sans-serif;\">\n<h2 class=\"p1\">Soporte para tartas<\/h2>\n<hr>\n<h3>Descripci\u00f3n de nuestro soporte redondo para tartas de cart\u00f3n blanco \/ negro \u00f828 cm por 100<\/h3>\n<p><!--more--><\/p>\n<p data-start=\"259\" data-end=\"555\">El <strong data-start=\"262\" data-end=\"312\">soporte para tartas redondo blanco\/negro de cart\u00f3n \u00f828 cm<\/strong> es un verdadero imprescindible para presentar sus tartas con clase y sencillez. En efecto, s\u00f3lido, elegante y pr\u00e1ctico, le acompa\u00f1a en todas sus preparaciones, ya sea para un escaparate de pasteler\u00eda, un buf\u00e9 o un simple postre casero.<\/p>\n<p data-start=\"557\" data-end=\"982\">Concebido en <strong data-start=\"566\" data-end=\"594\">cart\u00f3n r\u00edgido de calidad<\/strong>, ofrece una <strong data-start=\"609\" data-end=\"633\">excelente estabilidad<\/strong> y soporta sin problemas el peso de sus tartas, entremeses o tartaletas. Con su <strong data-start=\"712\" data-end=\"733\">di\u00e1metro de 28 cm<\/strong>, es perfecto para <strong data-start=\"764\" data-end=\"786\">tartas para compartir<\/strong>, <strong data-start=\"792\" data-end=\"817\">creaciones m\u00e1s grandes<\/strong> o <strong data-start=\"825\" data-end=\"843\">montajes<\/strong>. Adem\u00e1s, ya no tendr\u00e1 que temer que el fondo de una tarta se doble o se estropee durante el transporte: este soporte garantiza una base fiable y resistente.<\/p>\n<p data-start=\"984\" data-end=\"1342\">Lo que lo hace a\u00fan m\u00e1s pr\u00e1ctico es su lado <strong data-start=\"1036\" data-end=\"1051\">doble cara<\/strong>. Por un lado, una <strong data-start=\"1068\" data-end=\"1087\">superficie blanca<\/strong> para un resultado sobrio y luminoso, perfecto para las presentaciones cl\u00e1sicas. Por otro lado, una <strong data-start=\"1180\" data-end=\"1194\">cara negra<\/strong> que aporta un toque moderno y elegante a sus postres. En un gesto, elige el estilo que corresponde a su evento o a su escaparate.<\/p>\n<p data-start=\"1344\" data-end=\"1611\">Asimismo, vendido por <strong data-start=\"1354\" data-end=\"1368\">lote de 100<\/strong>, este soporte es ideal tanto para los <strong data-start=\"1400\" data-end=\"1418\">profesionales<\/strong> como para los <strong data-start=\"1434\" data-end=\"1448\">apasionados<\/strong> que quieren combinar <strong data-start=\"1468\" data-end=\"1517\">ahorro de tiempo, limpieza y una buena presentaci\u00f3n<\/strong>. Ligero, higi\u00e9nico y resistente a la humedad, es tan f\u00e1cil de manipular como de almacenar.<\/p>\n<p data-start=\"1613\" data-end=\"1816\">En resumen, el <strong data-start=\"1625\" data-end=\"1675\">soporte para tartas redondo de cart\u00f3n blanco\/negro de \u00f828 cm<\/strong> es el peque\u00f1o detalle que marca la diferencia: una base s\u00f3lida, limpia y elegante para lucir sus mejores creaciones.<\/p>\n<p data-start=\"1367\" data-end=\"1669\"><!--more--><\/p>\n<h4 data-start=\"1367\" data-end=\"1669\">Ventajas :<\/h4>\n<ul>\n<li data-start=\"1760\" data-end=\"1823\">Dos caras: <strong data-start=\"1773\" data-end=\"1790\">blanca y negra<\/strong>, para una gran variedad de presentaciones.<\/li>\n<li data-start=\"1826\" data-end=\"1887\"><strong data-start=\"1826\" data-end=\"1856\">Cart\u00f3n r\u00edgido, resistente a la<\/strong> humedad y la grasa.<\/li>\n<li data-start=\"1890\" data-end=\"1955\"><strong data-start=\"1890\" data-end=\"1908\">28 cm de di\u00e1metro<\/strong>, perfecto para una amplia gama de formatos de tarta.<\/li>\n<li data-start=\"1958\" data-end=\"2001\"><strong data-start=\"1958\" data-end=\"1977\">Ligero y estable<\/strong>, f\u00e1cil de manejar.<\/li>\n<li data-start=\"2004\" data-end=\"2063\"><strong data-start=\"2004\" data-end=\"2021\">Se venden en paquetes de 100<\/strong> unidades, son econ\u00f3micas y siempre est\u00e1n listas para usar.<\/li>\n<\/ul>\n<p>&nbsp;<\/p>\n<p><!--more--><\/p>\n<h4>Informaci\u00f3n adicional :<\/h4>\n<ul>\n<li><strong>Embalaje<\/strong>: Paquete de 100<\/li>\n<li><strong>Di\u00e1metro<\/strong>: 28 cm<\/li>\n<li><strong>Color<\/strong>: Blanco \/ Negro<\/li>\n<li><strong>Material<\/strong>: Cart\u00f3n<\/li>\n<\/ul>\n<\/div>\n<div style=\"font-family: Roboto, sans-serif;\">\n<p>&nbsp;<\/p>\n<p><!--more--><\/p>\n<\/div>\n<p>Este soporte para tartas est\u00e1 disponible en diferentes tama\u00f1os: <span style=\"color: #d12727;\"><a style=\"color: #d12727;\" href=\"https:\/\/www.csj-emballages.com\/en\/produit\/round-cake-stand-white-black-cardboard-o16-cm-per-100\/\">\u00d816 cm<\/a><\/span> \/ <span style=\"color: #d12727;\"><a style=\"color: #d12727;\" href=\"https:\/\/www.csj-emballages.com\/de\/produit\/kuchenstaender-rund-weiss-schwarz-karton-o18-cm-pro-100\/\">\u00d818 cm<\/a><\/span> \/ <span style=\"color: #d12727;\"><a style=\"color: #d12727;\" href=\"https:\/\/www.csj-emballages.com\/en\/produit\/round-cake-stand-white-black-cardboard-o20-cm-per-100\/\">\u00d820 cm<\/a><\/span> \/ <span style=\"color: #d12727;\"><a style=\"color: #d12727;\" href=\"https:\/\/www.csj-emballages.com\/en\/produit\/round-cake-stand-white-black-cardboard-o22-cm-per-100\/\">\u00d822 cm<\/a><\/span> \/ <span style=\"color: #d12727;\"><a style=\"color: #d12727;\" href=\"https:\/\/www.csj-emballages.com\/en\/produit\/round-cake-stand-white-black-cardboard-o26-cm-per-100\/\">\u00d826 cm<\/a><\/span><\/p>\n<p>&nbsp;<\/p>\n<div style=\"font-family: Roboto, sans-serif;\">\n<p><!--more--><\/p>\n<p><a href=\"https:\/\/www.csj-emballages.com\/es\/categorie-produit\/envasado-de-alimentos\/panaderia-y-pasteleria\/soportes-de-base-para-tartas\/soportes-redondos-para-tartas\/soportes-para-tartas-blanco-negro\/\">Ver el resto de nuestra gama de soportes para tartas blancos \/ negros<\/a><\/p>\n<\/div>\n","protected":false},"excerpt":{"rendered":"<p>Soporte para tartas Descripci\u00f3n de nuestro soporte redondo para tartas de cart\u00f3n blanco \/ negro \u00f828 cm por 100<\/p>\n","protected":false},"featured_media":253257,"template":"","meta":{"_acf_changed":false},"product_brand":[],"product_cat":[1150,1145,1911,10077,10078],"product_tag":[],"class_list":{"0":"post-253259","1":"product","2":"type-product","3":"status-publish","4":"has-post-thumbnail","6":"product_cat-envasado-de-alimentos","7":"product_cat-panaderia-y-pasteleria","8":"product_cat-soportes-de-base-para-tartas","9":"product_cat-soportes-redondos-para-tartas","10":"product_cat-soportes-para-tartas-blanco-negro","12":"first","13":"instock","14":"taxable","15":"shipping-taxable","16":"purchasable","17":"product-type-simple"},"acf":[],"yoast_head":"<!-- This site is optimized with the Yoast SEO Premium plugin v26.6 (Yoast SEO v26.6) - https:\/\/yoast.com\/wordpress\/plugins\/seo\/ -->\n<title>Soporte redondo para tartas Blanco \/ Negro Cart\u00f3n \u00f828 cm por 100<\/title>\n<meta name=\"description\" content=\"Soporte redondo para tartas blanco\/negro de \u00f828 cm. Robusta, pr\u00e1ctica y elegante: la base perfecta para exponer o transportar sus tartas con confianza.\" \/>\n<meta name=\"robots\" content=\"index, follow, max-snippet:-1, max-image-preview:large, max-video-preview:-1\" \/>\n<link rel=\"canonical\" href=\"https:\/\/www.csj-emballages.com\/es\/produit\/soporte-redondo-para-tartas-de-carton-blanco-negro-o28-cm-por-100\/\" \/>\n<meta property=\"og:locale\" content=\"es_ES\" \/>\n<meta property=\"og:type\" content=\"article\" \/>\n<meta property=\"og:title\" content=\"Soporte redondo para tartas de cart\u00f3n blanco \/ negro \u00f828 cm por 100\" \/>\n<meta property=\"og:description\" content=\"Soporte redondo para tartas blanco\/negro de \u00f828 cm. Robusta, pr\u00e1ctica y elegante: la base perfecta para exponer o transportar sus tartas con confianza.\" \/>\n<meta property=\"og:url\" content=\"https:\/\/www.csj-emballages.com\/es\/produit\/soporte-redondo-para-tartas-de-carton-blanco-negro-o28-cm-por-100\/\" \/>\n<meta property=\"og:site_name\" content=\"CSJ Emballages\" \/>\n<meta property=\"article:publisher\" content=\"https:\/\/www.facebook.com\/csjemballages\" \/>\n<meta property=\"article:modified_time\" content=\"2026-03-12T15:35:55+00:00\" \/>\n<meta property=\"og:image\" content=\"https:\/\/www.csj-emballages.com\/wp-content\/uploads\/2025\/10\/RBNF28.webp\" \/>\n\t<meta property=\"og:image:width\" content=\"800\" \/>\n\t<meta property=\"og:image:height\" content=\"800\" \/>\n\t<meta property=\"og:image:type\" content=\"image\/webp\" \/>\n<meta name=\"twitter:card\" content=\"summary_large_image\" \/>\n<meta name=\"twitter:label1\" content=\"Tiempo de lectura\" \/>\n\t<meta name=\"twitter:data1\" content=\"2 minutos\" \/>\n<script type=\"application\/ld+json\" class=\"yoast-schema-graph\">{\"@context\":\"https:\/\/schema.org\",\"@graph\":[{\"@type\":\"WebPage\",\"@id\":\"https:\/\/www.csj-emballages.com\/es\/produit\/soporte-redondo-para-tartas-de-carton-blanco-negro-o28-cm-por-100\/\",\"url\":\"https:\/\/www.csj-emballages.com\/es\/produit\/soporte-redondo-para-tartas-de-carton-blanco-negro-o28-cm-por-100\/\",\"name\":\"Soporte redondo para tartas Blanco \/ Negro Cart\u00f3n \u00f828 cm por 100\",\"isPartOf\":{\"@id\":\"https:\/\/www.csj-emballages.com\/es\/#website\"},\"primaryImageOfPage\":{\"@id\":\"https:\/\/www.csj-emballages.com\/es\/produit\/soporte-redondo-para-tartas-de-carton-blanco-negro-o28-cm-por-100\/#primaryimage\"},\"image\":{\"@id\":\"https:\/\/www.csj-emballages.com\/es\/produit\/soporte-redondo-para-tartas-de-carton-blanco-negro-o28-cm-por-100\/#primaryimage\"},\"thumbnailUrl\":\"https:\/\/www.csj-emballages.com\/wp-content\/uploads\/2025\/10\/RBNF28.webp\",\"datePublished\":\"2025-10-22T13:18:19+00:00\",\"dateModified\":\"2026-03-12T15:35:55+00:00\",\"description\":\"Soporte redondo para tartas blanco\/negro de \u00f828 cm. Robusta, pr\u00e1ctica y elegante: la base perfecta para exponer o transportar sus tartas con confianza.\",\"breadcrumb\":{\"@id\":\"https:\/\/www.csj-emballages.com\/es\/produit\/soporte-redondo-para-tartas-de-carton-blanco-negro-o28-cm-por-100\/#breadcrumb\"},\"inLanguage\":\"es\",\"potentialAction\":[{\"@type\":\"ReadAction\",\"target\":[\"https:\/\/www.csj-emballages.com\/es\/produit\/soporte-redondo-para-tartas-de-carton-blanco-negro-o28-cm-por-100\/\"]}]},{\"@type\":\"ImageObject\",\"inLanguage\":\"es\",\"@id\":\"https:\/\/www.csj-emballages.com\/es\/produit\/soporte-redondo-para-tartas-de-carton-blanco-negro-o28-cm-por-100\/#primaryimage\",\"url\":\"https:\/\/www.csj-emballages.com\/wp-content\/uploads\/2025\/10\/RBNF28.webp\",\"contentUrl\":\"https:\/\/www.csj-emballages.com\/wp-content\/uploads\/2025\/10\/RBNF28.webp\",\"width\":800,\"height\":800,\"caption\":\"Support g\u00e2teau\"},{\"@type\":\"BreadcrumbList\",\"@id\":\"https:\/\/www.csj-emballages.com\/es\/produit\/soporte-redondo-para-tartas-de-carton-blanco-negro-o28-cm-por-100\/#breadcrumb\",\"itemListElement\":[{\"@type\":\"ListItem\",\"position\":1,\"name\":\"Accueil\",\"item\":\"https:\/\/www.csj-emballages.com\/es\/universo-del-envasado-alimentario\/\"},{\"@type\":\"ListItem\",\"position\":2,\"name\":\"Tienda\",\"item\":\"https:\/\/www.csj-emballages.com\/tienda\/\"},{\"@type\":\"ListItem\",\"position\":3,\"name\":\"Soporte redondo para tartas de cart\u00f3n blanco \/ negro \u00f828 cm por 100\"}]},{\"@type\":\"WebSite\",\"@id\":\"https:\/\/www.csj-emballages.com\/es\/#website\",\"url\":\"https:\/\/www.csj-emballages.com\/es\/\",\"name\":\"CSJ Emballages\",\"description\":\"\",\"publisher\":{\"@id\":\"https:\/\/www.csj-emballages.com\/es\/#organization\"},\"potentialAction\":[{\"@type\":\"SearchAction\",\"target\":{\"@type\":\"EntryPoint\",\"urlTemplate\":\"https:\/\/www.csj-emballages.com\/es\/?s={search_term_string}\"},\"query-input\":{\"@type\":\"PropertyValueSpecification\",\"valueRequired\":true,\"valueName\":\"search_term_string\"}}],\"inLanguage\":\"es\"},{\"@type\":\"Organization\",\"@id\":\"https:\/\/www.csj-emballages.com\/es\/#Organization\/\",\"name\":\"CSJ Emballages\",\"url\":\"https:\/\/www.csj-emballages.com\/es\/\",\"logo\":{\"@type\":\"ImageObject\",\"inLanguage\":\"es\",\"@id\":\"https:\/\/www.csj-emballages.com\/es\/#\/schema\/logo\/image\/\",\"url\":\"https:\/\/www.csj-emballages.com\/wp-content\/uploads\/2023\/10\/logo_csj.webp\",\"contentUrl\":\"https:\/\/www.csj-emballages.com\/wp-content\/uploads\/2023\/10\/logo_csj.webp\",\"width\":250,\"height\":95,\"caption\":\"CSJ Emballages\"},\"image\":{\"@id\":\"https:\/\/www.csj-emballages.com\/es\/#\/schema\/logo\/image\/\"},\"sameAs\":[\"https:\/\/www.facebook.com\/csjemballages\"],\"address\":{\"@type\":\"PostalAddress\",\"streetAddress\":\"ZI La Lechere\",\"addressLocality\":\"Patornay\",\"postalCode\":\"39130\",\"addressCountry\":\"FR\"},\"contactPoint\":[{\"@type\":\"ContactPoint\",\"contactType\":\"Service client\",\"telephone\":\"0384254272\",\"email\":\"contact@csj-emballages.com\"}]}]}<\/script>\n<!-- \/ Yoast SEO Premium plugin. -->","yoast_head_json":{"title":"Soporte redondo para tartas Blanco \/ Negro Cart\u00f3n \u00f828 cm por 100","description":"Soporte redondo para tartas blanco\/negro de \u00f828 cm. Robusta, pr\u00e1ctica y elegante: la base perfecta para exponer o transportar sus tartas con confianza.","robots":{"index":"index","follow":"follow","max-snippet":"max-snippet:-1","max-image-preview":"max-image-preview:large","max-video-preview":"max-video-preview:-1"},"canonical":"https:\/\/www.csj-emballages.com\/es\/produit\/soporte-redondo-para-tartas-de-carton-blanco-negro-o28-cm-por-100\/","og_locale":"es_ES","og_type":"article","og_title":"Soporte redondo para tartas de cart\u00f3n blanco \/ negro \u00f828 cm por 100","og_description":"Soporte redondo para tartas blanco\/negro de \u00f828 cm. Robusta, pr\u00e1ctica y elegante: la base perfecta para exponer o transportar sus tartas con confianza.","og_url":"https:\/\/www.csj-emballages.com\/es\/produit\/soporte-redondo-para-tartas-de-carton-blanco-negro-o28-cm-por-100\/","og_site_name":"CSJ Emballages","article_publisher":"https:\/\/www.facebook.com\/csjemballages","article_modified_time":"2026-03-12T15:35:55+00:00","og_image":[{"width":800,"height":800,"url":"https:\/\/www.csj-emballages.com\/wp-content\/uploads\/2025\/10\/RBNF28.webp","type":"image\/webp"}],"twitter_card":"summary_large_image","twitter_misc":{"Tiempo de lectura":"2 minutos"},"schema":{"@context":"https:\/\/schema.org","@graph":[{"@type":"WebPage","@id":"https:\/\/www.csj-emballages.com\/es\/produit\/soporte-redondo-para-tartas-de-carton-blanco-negro-o28-cm-por-100\/","url":"https:\/\/www.csj-emballages.com\/es\/produit\/soporte-redondo-para-tartas-de-carton-blanco-negro-o28-cm-por-100\/","name":"Soporte redondo para tartas Blanco \/ Negro Cart\u00f3n \u00f828 cm por 100","isPartOf":{"@id":"https:\/\/www.csj-emballages.com\/es\/#website"},"primaryImageOfPage":{"@id":"https:\/\/www.csj-emballages.com\/es\/produit\/soporte-redondo-para-tartas-de-carton-blanco-negro-o28-cm-por-100\/#primaryimage"},"image":{"@id":"https:\/\/www.csj-emballages.com\/es\/produit\/soporte-redondo-para-tartas-de-carton-blanco-negro-o28-cm-por-100\/#primaryimage"},"thumbnailUrl":"https:\/\/www.csj-emballages.com\/wp-content\/uploads\/2025\/10\/RBNF28.webp","datePublished":"2025-10-22T13:18:19+00:00","dateModified":"2026-03-12T15:35:55+00:00","description":"Soporte redondo para tartas blanco\/negro de \u00f828 cm. Robusta, pr\u00e1ctica y elegante: la base perfecta para exponer o transportar sus tartas con confianza.","breadcrumb":{"@id":"https:\/\/www.csj-emballages.com\/es\/produit\/soporte-redondo-para-tartas-de-carton-blanco-negro-o28-cm-por-100\/#breadcrumb"},"inLanguage":"es","potentialAction":[{"@type":"ReadAction","target":["https:\/\/www.csj-emballages.com\/es\/produit\/soporte-redondo-para-tartas-de-carton-blanco-negro-o28-cm-por-100\/"]}]},{"@type":"ImageObject","inLanguage":"es","@id":"https:\/\/www.csj-emballages.com\/es\/produit\/soporte-redondo-para-tartas-de-carton-blanco-negro-o28-cm-por-100\/#primaryimage","url":"https:\/\/www.csj-emballages.com\/wp-content\/uploads\/2025\/10\/RBNF28.webp","contentUrl":"https:\/\/www.csj-emballages.com\/wp-content\/uploads\/2025\/10\/RBNF28.webp","width":800,"height":800,"caption":"Support g\u00e2teau"},{"@type":"BreadcrumbList","@id":"https:\/\/www.csj-emballages.com\/es\/produit\/soporte-redondo-para-tartas-de-carton-blanco-negro-o28-cm-por-100\/#breadcrumb","itemListElement":[{"@type":"ListItem","position":1,"name":"Accueil","item":"https:\/\/www.csj-emballages.com\/es\/universo-del-envasado-alimentario\/"},{"@type":"ListItem","position":2,"name":"Tienda","item":"https:\/\/www.csj-emballages.com\/tienda\/"},{"@type":"ListItem","position":3,"name":"Soporte redondo para tartas de cart\u00f3n blanco \/ negro \u00f828 cm por 100"}]},{"@type":"WebSite","@id":"https:\/\/www.csj-emballages.com\/es\/#website","url":"https:\/\/www.csj-emballages.com\/es\/","name":"CSJ Emballages","description":"","publisher":{"@id":"https:\/\/www.csj-emballages.com\/es\/#organization"},"potentialAction":[{"@type":"SearchAction","target":{"@type":"EntryPoint","urlTemplate":"https:\/\/www.csj-emballages.com\/es\/?s={search_term_string}"},"query-input":{"@type":"PropertyValueSpecification","valueRequired":true,"valueName":"search_term_string"}}],"inLanguage":"es"},{"@type":"Organization","@id":"https:\/\/www.csj-emballages.com\/es\/#Organization\/","name":"CSJ Emballages","url":"https:\/\/www.csj-emballages.com\/es\/","logo":{"@type":"ImageObject","inLanguage":"es","@id":"https:\/\/www.csj-emballages.com\/es\/#\/schema\/logo\/image\/","url":"https:\/\/www.csj-emballages.com\/wp-content\/uploads\/2023\/10\/logo_csj.webp","contentUrl":"https:\/\/www.csj-emballages.com\/wp-content\/uploads\/2023\/10\/logo_csj.webp","width":250,"height":95,"caption":"CSJ Emballages"},"image":{"@id":"https:\/\/www.csj-emballages.com\/es\/#\/schema\/logo\/image\/"},"sameAs":["https:\/\/www.facebook.com\/csjemballages"],"address":{"@type":"PostalAddress","streetAddress":"ZI La Lechere","addressLocality":"Patornay","postalCode":"39130","addressCountry":"FR"},"contactPoint":[{"@type":"ContactPoint","contactType":"Service client","telephone":"0384254272","email":"contact@csj-emballages.com"}]}]}},"df_price":26.86,"df_sale_price":"","df_regular_price":26.86,"df_image_link":"https:\/\/www.csj-emballages.com\/wp-content\/uploads\/2025\/10\/RBNF28-300x300.webp","tiered_pricing_type":"fixed","tiered_pricing_fixed_rules":[],"tiered_pricing_percentage_rules":[],"tiered_pricing_minimum":1,"tiered_pricing_roles_data":[],"_links":{"self":[{"href":"https:\/\/www.csj-emballages.com\/es\/wp-json\/wp\/v2\/product\/253259","targetHints":{"allow":["GET"]}}],"collection":[{"href":"https:\/\/www.csj-emballages.com\/es\/wp-json\/wp\/v2\/product"}],"about":[{"href":"https:\/\/www.csj-emballages.com\/es\/wp-json\/wp\/v2\/types\/product"}],"wp:featuredmedia":[{"embeddable":true,"href":"https:\/\/www.csj-emballages.com\/es\/wp-json\/wp\/v2\/media\/253257"}],"wp:attachment":[{"href":"https:\/\/www.csj-emballages.com\/es\/wp-json\/wp\/v2\/media?parent=253259"}],"wp:term":[{"taxonomy":"product_brand","embeddable":true,"href":"https:\/\/www.csj-emballages.com\/es\/wp-json\/wp\/v2\/product_brand?post=253259"},{"taxonomy":"product_cat","embeddable":true,"href":"https:\/\/www.csj-emballages.com\/es\/wp-json\/wp\/v2\/product_cat?post=253259"},{"taxonomy":"product_tag","embeddable":true,"href":"https:\/\/www.csj-emballages.com\/es\/wp-json\/wp\/v2\/product_tag?post=253259"}],"curies":[{"name":"wp","href":"https:\/\/api.w.org\/{rel}","templated":true}]}}