{"id":253216,"date":"2025-10-22T14:18:29","date_gmt":"2025-10-22T12:18:29","guid":{"rendered":"https:\/\/www.csj-emballages.com\/produit\/soporte-redondo-para-tartas-de-carton-blanco-negro-o22-cm-por-100\/"},"modified":"2026-03-27T02:15:51","modified_gmt":"2026-03-27T01:15:51","slug":"soporte-redondo-para-tartas-de-carton-blanco-negro-o22-cm-por-100","status":"publish","type":"product","link":"https:\/\/www.csj-emballages.com\/es\/produit\/soporte-redondo-para-tartas-de-carton-blanco-negro-o22-cm-por-100\/","title":{"rendered":"Soporte redondo para tartas de cart\u00f3n blanco \/ negro \u00f822 cm por 100"},"content":{"rendered":"<div style=\"font-family: Roboto, sans-serif;\">\n<h2 class=\"p1\">Soporte para tartas<\/h2>\n<hr>\n<h3>Descripci\u00f3n de nuestro soporte redondo para tartas de cart\u00f3n blanco \/ negro \u00f822 cm por 100<\/h3>\n<p><!--more--><\/p>\n<p data-start=\"253\" data-end=\"607\">El <strong data-start=\"256\" data-end=\"306\">soporte para tartas redondo de cart\u00f3n blanco\/negro de \u00f822 cm<\/strong> es imprescindible para quien desee presentar sus tartas de forma moderna. Fabricada en <strong data-start=\"415\" data-end=\"432\">cart\u00f3n r\u00edgido<\/strong>, es s\u00f3lida, pr\u00e1ctica y atractiva. Tanto si es pastelero como si se dedica al catering o a la restauraci\u00f3n, este medio le facilitar\u00e1 la vida al tiempo que realzar\u00e1 el valor de sus creaciones. \u00bfSu peque\u00f1o plus? \u00a1Es <strong data-start=\"633\" data-end=\"648\">de doble cara<\/strong>! Por un lado, <strong data-start=\"665\" data-end=\"681\">negro elegante<\/strong> para un aspecto refinado y moderno. Por otro, un <strong data-start=\"731\" data-end=\"746\">blanco sobrio<\/strong> que resalte la pureza y la exquisitez de sus postres. Dependiendo de sus deseos y del tipo de evento, puede elegir el lado que m\u00e1s le convenga. Simple, eficaz y siempre con clase.<\/p>\n<p data-start=\"937\" data-end=\"1280\">Con sus <strong data-start=\"946\" data-end=\"967\">22 cm de di\u00e1metro<\/strong>, es perfecto para <strong data-start=\"998\" data-end=\"1066\">tartas, entremeses o pasteles individuales para compartir<\/strong>. Su cart\u00f3n grueso y resistente evita cualquier deformaci\u00f3n, incluso con preparaciones pesadas o h\u00famedas. As\u00ed podr\u00e1 transportar sus tartas con confianza, sin preocuparse de que resbalen o se estropeen.<\/p>\n<p data-start=\"1282\" data-end=\"1522\">Este soporte, que se vende <strong data-start=\"1292\" data-end=\"1306\">en paquetes de 100<\/strong> unidades, es ideal para los <strong data-start=\"1338\" data-end=\"1356\">profesionales<\/strong> que desean <strong data-start=\"1380\" data-end=\"1433\">ahorrar tiempo, mejorar la higiene y presentar sus productos de forma impecable<\/strong>. Es una aut\u00e9ntica ventaja para escaparates, buffets o eventos en los que cada detalle cuenta.<\/p>\n<p data-start=\"1524\" data-end=\"1714\">En resumen, el <strong data-start=\"1538\" data-end=\"1588\">soporte para tartas redondo de cart\u00f3n blanco\/negro de \u00f822 cm<\/strong> combina <strong data-start=\"1595\" data-end=\"1630\">solidez, elegancia y practicidad<\/strong>. Una soluci\u00f3n sencilla pero eficaz para realzar sus postres sin complicaciones.<\/p>\n<p data-start=\"1367\" data-end=\"1669\"><!--more--><\/p>\n<h4 data-start=\"1367\" data-end=\"1669\">Ventajas :<\/h4>\n<ul>\n<li data-start=\"1760\" data-end=\"1823\">Dos caras: <strong data-start=\"1773\" data-end=\"1790\">blanca y negra<\/strong>, para una gran variedad de presentaciones.<\/li>\n<li data-start=\"1826\" data-end=\"1887\"><strong data-start=\"1826\" data-end=\"1856\">Cart\u00f3n r\u00edgido, resistente a la<\/strong> humedad y la grasa.<\/li>\n<li data-start=\"1890\" data-end=\"1955\"><strong data-start=\"1890\" data-end=\"1908\">22 cm de di\u00e1metro<\/strong>, perfecto para una amplia gama de formatos de tarta.<\/li>\n<li data-start=\"1958\" data-end=\"2001\"><strong data-start=\"1958\" data-end=\"1977\">Ligero y estable<\/strong>, f\u00e1cil de manejar.<\/li>\n<li data-start=\"2004\" data-end=\"2063\"><strong data-start=\"2004\" data-end=\"2021\">Se venden en paquetes de 100<\/strong> unidades, son econ\u00f3micas y siempre est\u00e1n listas para usar.<\/li>\n<\/ul>\n<p>&nbsp;<\/p>\n<p><!--more--><\/p>\n<h4>Informaci\u00f3n adicional :<\/h4>\n<ul>\n<li><strong>Embalaje<\/strong>: Paquete de 100<\/li>\n<li><strong>Di\u00e1metro<\/strong>: 22 cm<\/li>\n<li><strong>Color<\/strong>: Blanco \/ Negro<\/li>\n<li><strong>Material<\/strong>: Cart\u00f3n<\/li>\n<\/ul>\n<\/div>\n<div style=\"font-family: Roboto, sans-serif;\">\n<p>&nbsp;<\/p>\n<p><!--more--><\/p>\n<\/div>\n<p>Este soporte para tartas est\u00e1 disponible en diferentes tama\u00f1os: <span style=\"color: #d12727;\"><a style=\"color: #d12727;\" href=\"https:\/\/www.csj-emballages.com\/pt-pt\/produit\/suporte-para-bolos-redondo-em-cartao-branco-preto-o16-cm-por-100\/\">\u00d816 cm<\/a><\/span> \/ <span style=\"color: #d12727;\"><a style=\"color: #d12727;\" href=\"https:\/\/www.csj-emballages.com\/pt-pt\/produit\/suporte-para-bolos-redondo-em-cartao-branco-preto-o18-cm-por-100\/\">\u00d818 cm<\/a><\/span> \/ <span style=\"color: #d12727;\"><a style=\"color: #d12727;\" href=\"https:\/\/www.csj-emballages.com\/pt-pt\/produit\/suporte-para-bolos-redondo-em-cartao-branco-preto-o20-cm-por-100\/\">\u00d820 cm<\/a><\/span> \/ <span style=\"color: #d12727;\"><a style=\"color: #d12727;\" href=\"https:\/\/www.csj-emballages.com\/es\/produit\/soporte-redondo-para-tartas-de-carton-blanco-negro-o26-cm-por-100\/\">\u00d826 cm<\/a><\/span> \/ <span style=\"color: #d12727;\"><a style=\"color: #d12727;\" href=\"https:\/\/www.csj-emballages.com\/pt-pt\/produit\/suporte-para-bolos-redondo-em-cartao-branco-preto-o28-cm-por-100\/\">\u00d828 cm<\/a><\/span><\/p>\n<p>&nbsp;<\/p>\n<div style=\"font-family: Roboto, sans-serif;\">\n<p><!--more--><\/p>\n<p><a href=\"https:\/\/www.csj-emballages.com\/es\/categorie-produit\/envasado-de-alimentos\/panaderia-y-pasteleria\/soportes-de-base-para-tartas\/soportes-redondos-para-tartas\/soportes-para-tartas-blanco-negro\/\">Ver el resto de nuestra gama de soportes para tartas blancos \/ negros<\/a><\/p>\n<\/div>\n","protected":false},"excerpt":{"rendered":"<p>Soporte para tartas Descripci\u00f3n de nuestro soporte redondo para tartas de cart\u00f3n blanco \/ negro \u00f822 cm por 100<\/p>\n","protected":false},"featured_media":253210,"template":"","meta":{"_acf_changed":false},"product_brand":[],"product_cat":[1150,1145,1911,10077,10078],"product_tag":[],"class_list":{"0":"post-253216","1":"product","2":"type-product","3":"status-publish","4":"has-post-thumbnail","6":"product_cat-envasado-de-alimentos","7":"product_cat-panaderia-y-pasteleria","8":"product_cat-soportes-de-base-para-tartas","9":"product_cat-soportes-redondos-para-tartas","10":"product_cat-soportes-para-tartas-blanco-negro","12":"first","13":"instock","14":"taxable","15":"shipping-taxable","16":"purchasable","17":"product-type-simple"},"acf":[],"yoast_head":"<!-- This site is optimized with the Yoast SEO Premium plugin v26.6 (Yoast SEO v26.6) - https:\/\/yoast.com\/wordpress\/plugins\/seo\/ -->\n<title>Soporte redondo para tartas Blanco \/ Negro Cart\u00f3n \u00f822 cm por 100<\/title>\n<meta name=\"description\" content=\"Soporte redondo para tartas blanco\/negro de \u00f822 cm en cart\u00f3n r\u00edgido. Elegante, resistente y pr\u00e1ctico para presentar y transportar sus postres con facilidad.\" \/>\n<meta name=\"robots\" content=\"index, follow, max-snippet:-1, max-image-preview:large, max-video-preview:-1\" \/>\n<link rel=\"canonical\" href=\"https:\/\/www.csj-emballages.com\/es\/produit\/soporte-redondo-para-tartas-de-carton-blanco-negro-o22-cm-por-100\/\" \/>\n<meta property=\"og:locale\" content=\"es_ES\" \/>\n<meta property=\"og:type\" content=\"article\" \/>\n<meta property=\"og:title\" content=\"Soporte redondo para tartas de cart\u00f3n blanco \/ negro \u00f822 cm por 100\" \/>\n<meta property=\"og:description\" content=\"Soporte redondo para tartas blanco\/negro de \u00f822 cm en cart\u00f3n r\u00edgido. Elegante, resistente y pr\u00e1ctico para presentar y transportar sus postres con facilidad.\" \/>\n<meta property=\"og:url\" content=\"https:\/\/www.csj-emballages.com\/es\/produit\/soporte-redondo-para-tartas-de-carton-blanco-negro-o22-cm-por-100\/\" \/>\n<meta property=\"og:site_name\" content=\"CSJ Emballages\" \/>\n<meta property=\"article:publisher\" content=\"https:\/\/www.facebook.com\/csjemballages\" \/>\n<meta property=\"article:modified_time\" content=\"2026-03-27T01:15:51+00:00\" \/>\n<meta property=\"og:image\" content=\"https:\/\/www.csj-emballages.com\/wp-content\/uploads\/2025\/10\/RBNF22.webp\" \/>\n\t<meta property=\"og:image:width\" content=\"800\" \/>\n\t<meta property=\"og:image:height\" content=\"800\" \/>\n\t<meta property=\"og:image:type\" content=\"image\/webp\" \/>\n<meta name=\"twitter:card\" content=\"summary_large_image\" \/>\n<meta name=\"twitter:label1\" content=\"Tiempo de lectura\" \/>\n\t<meta name=\"twitter:data1\" content=\"2 minutos\" \/>\n<script type=\"application\/ld+json\" class=\"yoast-schema-graph\">{\"@context\":\"https:\/\/schema.org\",\"@graph\":[{\"@type\":\"WebPage\",\"@id\":\"https:\/\/www.csj-emballages.com\/es\/produit\/soporte-redondo-para-tartas-de-carton-blanco-negro-o22-cm-por-100\/\",\"url\":\"https:\/\/www.csj-emballages.com\/es\/produit\/soporte-redondo-para-tartas-de-carton-blanco-negro-o22-cm-por-100\/\",\"name\":\"Soporte redondo para tartas Blanco \/ Negro Cart\u00f3n \u00f822 cm por 100\",\"isPartOf\":{\"@id\":\"https:\/\/www.csj-emballages.com\/es\/#website\"},\"primaryImageOfPage\":{\"@id\":\"https:\/\/www.csj-emballages.com\/es\/produit\/soporte-redondo-para-tartas-de-carton-blanco-negro-o22-cm-por-100\/#primaryimage\"},\"image\":{\"@id\":\"https:\/\/www.csj-emballages.com\/es\/produit\/soporte-redondo-para-tartas-de-carton-blanco-negro-o22-cm-por-100\/#primaryimage\"},\"thumbnailUrl\":\"https:\/\/www.csj-emballages.com\/wp-content\/uploads\/2025\/10\/RBNF22.webp\",\"datePublished\":\"2025-10-22T12:18:29+00:00\",\"dateModified\":\"2026-03-27T01:15:51+00:00\",\"description\":\"Soporte redondo para tartas blanco\/negro de \u00f822 cm en cart\u00f3n r\u00edgido. Elegante, resistente y pr\u00e1ctico para presentar y transportar sus postres con facilidad.\",\"breadcrumb\":{\"@id\":\"https:\/\/www.csj-emballages.com\/es\/produit\/soporte-redondo-para-tartas-de-carton-blanco-negro-o22-cm-por-100\/#breadcrumb\"},\"inLanguage\":\"es\",\"potentialAction\":[{\"@type\":\"ReadAction\",\"target\":[\"https:\/\/www.csj-emballages.com\/es\/produit\/soporte-redondo-para-tartas-de-carton-blanco-negro-o22-cm-por-100\/\"]}]},{\"@type\":\"ImageObject\",\"inLanguage\":\"es\",\"@id\":\"https:\/\/www.csj-emballages.com\/es\/produit\/soporte-redondo-para-tartas-de-carton-blanco-negro-o22-cm-por-100\/#primaryimage\",\"url\":\"https:\/\/www.csj-emballages.com\/wp-content\/uploads\/2025\/10\/RBNF22.webp\",\"contentUrl\":\"https:\/\/www.csj-emballages.com\/wp-content\/uploads\/2025\/10\/RBNF22.webp\",\"width\":800,\"height\":800,\"caption\":\"Support g\u00e2teau\"},{\"@type\":\"BreadcrumbList\",\"@id\":\"https:\/\/www.csj-emballages.com\/es\/produit\/soporte-redondo-para-tartas-de-carton-blanco-negro-o22-cm-por-100\/#breadcrumb\",\"itemListElement\":[{\"@type\":\"ListItem\",\"position\":1,\"name\":\"Accueil\",\"item\":\"https:\/\/www.csj-emballages.com\/es\/universo-del-envasado-alimentario\/\"},{\"@type\":\"ListItem\",\"position\":2,\"name\":\"Tienda\",\"item\":\"https:\/\/www.csj-emballages.com\/tienda\/\"},{\"@type\":\"ListItem\",\"position\":3,\"name\":\"Soporte redondo para tartas de cart\u00f3n blanco \/ negro \u00f822 cm por 100\"}]},{\"@type\":\"WebSite\",\"@id\":\"https:\/\/www.csj-emballages.com\/es\/#website\",\"url\":\"https:\/\/www.csj-emballages.com\/es\/\",\"name\":\"CSJ Emballages\",\"description\":\"\",\"publisher\":{\"@id\":\"https:\/\/www.csj-emballages.com\/es\/#organization\"},\"potentialAction\":[{\"@type\":\"SearchAction\",\"target\":{\"@type\":\"EntryPoint\",\"urlTemplate\":\"https:\/\/www.csj-emballages.com\/es\/?s={search_term_string}\"},\"query-input\":{\"@type\":\"PropertyValueSpecification\",\"valueRequired\":true,\"valueName\":\"search_term_string\"}}],\"inLanguage\":\"es\"},{\"@type\":\"Organization\",\"@id\":\"https:\/\/www.csj-emballages.com\/es\/#Organization\/\",\"name\":\"CSJ Emballages\",\"url\":\"https:\/\/www.csj-emballages.com\/es\/\",\"logo\":{\"@type\":\"ImageObject\",\"inLanguage\":\"es\",\"@id\":\"https:\/\/www.csj-emballages.com\/es\/#\/schema\/logo\/image\/\",\"url\":\"https:\/\/www.csj-emballages.com\/wp-content\/uploads\/2023\/10\/logo_csj.webp\",\"contentUrl\":\"https:\/\/www.csj-emballages.com\/wp-content\/uploads\/2023\/10\/logo_csj.webp\",\"width\":250,\"height\":95,\"caption\":\"CSJ Emballages\"},\"image\":{\"@id\":\"https:\/\/www.csj-emballages.com\/es\/#\/schema\/logo\/image\/\"},\"sameAs\":[\"https:\/\/www.facebook.com\/csjemballages\"],\"address\":{\"@type\":\"PostalAddress\",\"streetAddress\":\"ZI La Lechere\",\"addressLocality\":\"Patornay\",\"postalCode\":\"39130\",\"addressCountry\":\"FR\"},\"contactPoint\":[{\"@type\":\"ContactPoint\",\"contactType\":\"Service client\",\"telephone\":\"0384254272\",\"email\":\"contact@csj-emballages.com\"}]}]}<\/script>\n<!-- \/ Yoast SEO Premium plugin. -->","yoast_head_json":{"title":"Soporte redondo para tartas Blanco \/ Negro Cart\u00f3n \u00f822 cm por 100","description":"Soporte redondo para tartas blanco\/negro de \u00f822 cm en cart\u00f3n r\u00edgido. Elegante, resistente y pr\u00e1ctico para presentar y transportar sus postres con facilidad.","robots":{"index":"index","follow":"follow","max-snippet":"max-snippet:-1","max-image-preview":"max-image-preview:large","max-video-preview":"max-video-preview:-1"},"canonical":"https:\/\/www.csj-emballages.com\/es\/produit\/soporte-redondo-para-tartas-de-carton-blanco-negro-o22-cm-por-100\/","og_locale":"es_ES","og_type":"article","og_title":"Soporte redondo para tartas de cart\u00f3n blanco \/ negro \u00f822 cm por 100","og_description":"Soporte redondo para tartas blanco\/negro de \u00f822 cm en cart\u00f3n r\u00edgido. Elegante, resistente y pr\u00e1ctico para presentar y transportar sus postres con facilidad.","og_url":"https:\/\/www.csj-emballages.com\/es\/produit\/soporte-redondo-para-tartas-de-carton-blanco-negro-o22-cm-por-100\/","og_site_name":"CSJ Emballages","article_publisher":"https:\/\/www.facebook.com\/csjemballages","article_modified_time":"2026-03-27T01:15:51+00:00","og_image":[{"width":800,"height":800,"url":"https:\/\/www.csj-emballages.com\/wp-content\/uploads\/2025\/10\/RBNF22.webp","type":"image\/webp"}],"twitter_card":"summary_large_image","twitter_misc":{"Tiempo de lectura":"2 minutos"},"schema":{"@context":"https:\/\/schema.org","@graph":[{"@type":"WebPage","@id":"https:\/\/www.csj-emballages.com\/es\/produit\/soporte-redondo-para-tartas-de-carton-blanco-negro-o22-cm-por-100\/","url":"https:\/\/www.csj-emballages.com\/es\/produit\/soporte-redondo-para-tartas-de-carton-blanco-negro-o22-cm-por-100\/","name":"Soporte redondo para tartas Blanco \/ Negro Cart\u00f3n \u00f822 cm por 100","isPartOf":{"@id":"https:\/\/www.csj-emballages.com\/es\/#website"},"primaryImageOfPage":{"@id":"https:\/\/www.csj-emballages.com\/es\/produit\/soporte-redondo-para-tartas-de-carton-blanco-negro-o22-cm-por-100\/#primaryimage"},"image":{"@id":"https:\/\/www.csj-emballages.com\/es\/produit\/soporte-redondo-para-tartas-de-carton-blanco-negro-o22-cm-por-100\/#primaryimage"},"thumbnailUrl":"https:\/\/www.csj-emballages.com\/wp-content\/uploads\/2025\/10\/RBNF22.webp","datePublished":"2025-10-22T12:18:29+00:00","dateModified":"2026-03-27T01:15:51+00:00","description":"Soporte redondo para tartas blanco\/negro de \u00f822 cm en cart\u00f3n r\u00edgido. Elegante, resistente y pr\u00e1ctico para presentar y transportar sus postres con facilidad.","breadcrumb":{"@id":"https:\/\/www.csj-emballages.com\/es\/produit\/soporte-redondo-para-tartas-de-carton-blanco-negro-o22-cm-por-100\/#breadcrumb"},"inLanguage":"es","potentialAction":[{"@type":"ReadAction","target":["https:\/\/www.csj-emballages.com\/es\/produit\/soporte-redondo-para-tartas-de-carton-blanco-negro-o22-cm-por-100\/"]}]},{"@type":"ImageObject","inLanguage":"es","@id":"https:\/\/www.csj-emballages.com\/es\/produit\/soporte-redondo-para-tartas-de-carton-blanco-negro-o22-cm-por-100\/#primaryimage","url":"https:\/\/www.csj-emballages.com\/wp-content\/uploads\/2025\/10\/RBNF22.webp","contentUrl":"https:\/\/www.csj-emballages.com\/wp-content\/uploads\/2025\/10\/RBNF22.webp","width":800,"height":800,"caption":"Support g\u00e2teau"},{"@type":"BreadcrumbList","@id":"https:\/\/www.csj-emballages.com\/es\/produit\/soporte-redondo-para-tartas-de-carton-blanco-negro-o22-cm-por-100\/#breadcrumb","itemListElement":[{"@type":"ListItem","position":1,"name":"Accueil","item":"https:\/\/www.csj-emballages.com\/es\/universo-del-envasado-alimentario\/"},{"@type":"ListItem","position":2,"name":"Tienda","item":"https:\/\/www.csj-emballages.com\/tienda\/"},{"@type":"ListItem","position":3,"name":"Soporte redondo para tartas de cart\u00f3n blanco \/ negro \u00f822 cm por 100"}]},{"@type":"WebSite","@id":"https:\/\/www.csj-emballages.com\/es\/#website","url":"https:\/\/www.csj-emballages.com\/es\/","name":"CSJ Emballages","description":"","publisher":{"@id":"https:\/\/www.csj-emballages.com\/es\/#organization"},"potentialAction":[{"@type":"SearchAction","target":{"@type":"EntryPoint","urlTemplate":"https:\/\/www.csj-emballages.com\/es\/?s={search_term_string}"},"query-input":{"@type":"PropertyValueSpecification","valueRequired":true,"valueName":"search_term_string"}}],"inLanguage":"es"},{"@type":"Organization","@id":"https:\/\/www.csj-emballages.com\/es\/#Organization\/","name":"CSJ Emballages","url":"https:\/\/www.csj-emballages.com\/es\/","logo":{"@type":"ImageObject","inLanguage":"es","@id":"https:\/\/www.csj-emballages.com\/es\/#\/schema\/logo\/image\/","url":"https:\/\/www.csj-emballages.com\/wp-content\/uploads\/2023\/10\/logo_csj.webp","contentUrl":"https:\/\/www.csj-emballages.com\/wp-content\/uploads\/2023\/10\/logo_csj.webp","width":250,"height":95,"caption":"CSJ Emballages"},"image":{"@id":"https:\/\/www.csj-emballages.com\/es\/#\/schema\/logo\/image\/"},"sameAs":["https:\/\/www.facebook.com\/csjemballages"],"address":{"@type":"PostalAddress","streetAddress":"ZI La Lechere","addressLocality":"Patornay","postalCode":"39130","addressCountry":"FR"},"contactPoint":[{"@type":"ContactPoint","contactType":"Service client","telephone":"0384254272","email":"contact@csj-emballages.com"}]}]}},"df_price":16.04,"df_sale_price":"","df_regular_price":16.04,"df_image_link":"https:\/\/www.csj-emballages.com\/wp-content\/uploads\/2025\/10\/RBNF22-300x300.webp","tiered_pricing_type":"fixed","tiered_pricing_fixed_rules":[],"tiered_pricing_percentage_rules":[],"tiered_pricing_minimum":1,"tiered_pricing_roles_data":[],"_links":{"self":[{"href":"https:\/\/www.csj-emballages.com\/es\/wp-json\/wp\/v2\/product\/253216","targetHints":{"allow":["GET"]}}],"collection":[{"href":"https:\/\/www.csj-emballages.com\/es\/wp-json\/wp\/v2\/product"}],"about":[{"href":"https:\/\/www.csj-emballages.com\/es\/wp-json\/wp\/v2\/types\/product"}],"wp:featuredmedia":[{"embeddable":true,"href":"https:\/\/www.csj-emballages.com\/es\/wp-json\/wp\/v2\/media\/253210"}],"wp:attachment":[{"href":"https:\/\/www.csj-emballages.com\/es\/wp-json\/wp\/v2\/media?parent=253216"}],"wp:term":[{"taxonomy":"product_brand","embeddable":true,"href":"https:\/\/www.csj-emballages.com\/es\/wp-json\/wp\/v2\/product_brand?post=253216"},{"taxonomy":"product_cat","embeddable":true,"href":"https:\/\/www.csj-emballages.com\/es\/wp-json\/wp\/v2\/product_cat?post=253216"},{"taxonomy":"product_tag","embeddable":true,"href":"https:\/\/www.csj-emballages.com\/es\/wp-json\/wp\/v2\/product_tag?post=253216"}],"curies":[{"name":"wp","href":"https:\/\/api.w.org\/{rel}","templated":true}]}}