{"id":252623,"date":"2025-09-15T09:52:07","date_gmt":"2025-09-15T07:52:07","guid":{"rendered":"https:\/\/www.csj-emballages.com\/produit\/suela-redonda-con-lengueta-dorada-negra-o4-cm-por-200\/"},"modified":"2026-04-15T02:16:34","modified_gmt":"2026-04-15T00:16:34","slug":"suela-redonda-con-lengueta-dorada-negra-o4-cm-por-200","status":"publish","type":"product","link":"https:\/\/www.csj-emballages.com\/es\/produit\/suela-redonda-con-lengueta-dorada-negra-o4-cm-por-200\/","title":{"rendered":"Base redonda con leng\u00fceta dorada\/negra \u00d84 cm por 200"},"content":{"rendered":"<h2>Suela redonda<\/h2>\n<div style=\"text-align: center;\">\n<hr>\n<h3 style=\"text-align: left;\">Descripci\u00f3n de nuestra base redonda con leng\u00fceta dorada\/negra \u00d84 cm por 200<\/h3>\n<p style=\"text-align: left;\"><!--more--><\/p>\n<p style=\"text-align: left;\" data-start=\"163\" data-end=\"627\">Aporte un toque de elegancia a todas sus presentaciones con la <strong data-start=\"232\" data-end=\"275\">base redonda con leng\u00fceta dorada\/negra \u00d84 cm<\/strong>. Ideal para realzar sus <strong data-start=\"302\" data-end=\"317\">dulces<\/strong>, <strong data-start=\"319\" data-end=\"337\">pasteles peque\u00f1os<\/strong>, <strong data-start=\"339\" data-end=\"352\">chocolates<\/strong> o <strong data-start=\"356\" data-end=\"386\">bocados dulces y salados<\/strong>, esta <strong>base redonda<\/strong> aporta est\u00e9tica y practicidad. Su di\u00e1metro de <strong>4 cm<\/strong> la convierte en el soporte perfecto para las creaciones individuales, ofreciendo una excelente estabilidad y una manipulaci\u00f3n f\u00e1cil gracias a su <strong data-start=\"604\" data-end=\"626\">leng\u00fceta integrada<\/strong>.  <\/p>\n<p style=\"text-align: left;\" data-start=\"629\" data-end=\"986\">Por un lado, su <strong data-start=\"644\" data-end=\"671\">revestimiento negro intenso<\/strong> realza su vajilla con sobriedad y refinamiento. Por otro, su <strong data-start=\"749\" data-end=\"763\">reverso dorado<\/strong> a\u00f1ade un toque chic y festivo a sus buffets, vitrinas o eventos. As\u00ed, podr\u00e1 elegir el lado que mejor se adapte a su presentaci\u00f3n, una gran ventaja para pasteleros y restauradores exigentes.  <\/p>\n<p style=\"text-align: left;\" data-start=\"988\" data-end=\"1361\">Fabricada con <strong data-start=\"1010\" data-end=\"1050\">cart\u00f3n r\u00edgido apto para uso alimentario<\/strong>, esta base es <strong data-start=\"1080\" data-end=\"1090\">fuerte<\/strong>, <strong data-start=\"1092\" data-end=\"1119\">resistente a la humedad<\/strong> y <strong data-start=\"1123\" data-end=\"1137\">reciclable<\/strong>. Garantiza una sujeci\u00f3n perfecta, incluso para preparaciones cremosas o ligeramente h\u00famedas. Y gracias a su <strong data-start=\"1243\" data-end=\"1276\">superficie lisa y antigrasa<\/strong>, sus postres permanecer\u00e1n impecables hasta el momento de comerlos, sin transferirse ni mancharse.  <\/p>\n<p style=\"text-align: left;\" data-start=\"1363\" data-end=\"1763\">Al elegir la <strong data-start=\"1381\" data-end=\"1424\">base redonda con leng\u00fceta dorada\/negra \u00d84 cm<\/strong>, opta por un producto profesional, dise\u00f1ado para valorizar sus creaciones facilitando su d\u00eda a d\u00eda. Ya sea para una <strong data-start=\"1560\" data-end=\"1585\">pasteler\u00eda artesanal<\/strong>, un <strong data-start=\"1590\" data-end=\"1615\">catering de eventos<\/strong> o una <strong data-start=\"1624\" data-end=\"1647\">panader\u00eda moderna<\/strong>, esta base es el detalle que marca la diferencia entre una bella presentaci\u00f3n y una presentaci\u00f3n inolvidable <\/p>\n<p style=\"text-align: left;\"><!--more--><\/p>\n<p style=\"text-align: left;\"><strong>Ventajas :<\/strong><\/p>\n<ul>\n<li style=\"text-align: left;\" data-start=\"1805\" data-end=\"1863\">Doble cara <strong data-start=\"1817\" data-end=\"1830\">dorada\/negra<\/strong> para una gran variedad de presentaciones.<\/li>\n<li style=\"text-align: left;\" data-start=\"1866\" data-end=\"1923\"><strong data-start=\"1866\" data-end=\"1885\">Pr\u00e1ctico formato<\/strong> de \u00d84 cm, ideal para mini postres.<\/li>\n<li style=\"text-align: left;\" data-start=\"1926\" data-end=\"1980\"><strong data-start=\"1926\" data-end=\"1948\">Leng\u00fceta integrada<\/strong> para facilitar el agarre.<\/li>\n<li style=\"text-align: left;\" data-start=\"1983\" data-end=\"2044\"><strong data-start=\"1983\" data-end=\"2000\">Cart\u00f3n r\u00edgido<\/strong> <strong data-start=\"2004\" data-end=\"2020\">antigrasa<\/strong> para mayor limpieza.<\/li>\n<li style=\"text-align: left;\" data-start=\"2047\" data-end=\"2097\"><strong data-start=\"2047\" data-end=\"2061\">Reciclable<\/strong> y respetuoso con el medio ambiente.<\/li>\n<li style=\"text-align: left;\" data-start=\"2100\" data-end=\"2167\">A\u00f1ada <strong data-start=\"2112\" data-end=\"2150\">un toque elegante y profesional<\/strong> a sus postres.<\/li>\n<\/ul>\n<\/div>\n<p>&nbsp;<\/p>\n<p><!--more--><\/p>\n<h4>Informaci\u00f3n adicional :<\/h4>\n<ul>\n<li><strong>Envase<\/strong>: Paquete de 200<\/li>\n<li><strong>Di\u00e1metro<\/strong>: 4 cm<\/li>\n<li><strong>Forma<\/strong>: Redonda<\/li>\n<li><strong>Material<\/strong>: Cart\u00f3n<\/li>\n<li><strong>Color<\/strong>: Oro \/ negro<\/li>\n<\/ul>\n<p>&nbsp;<\/p>\n<p><!--more--><\/p>\n<p>Esta plantilla de leng\u00fceta redonda est\u00e1 disponible en diferentes tama\u00f1os: <span style=\"color: #d12727;\"><a style=\"color: #d12727;\" href=\"https:\/\/www.csj-emballages.com\/es\/produit\/suela-redonda-con-lengueta-dorada-negra-o5-cm-por-200\/\">\u00d85 cm<\/a><\/span> \/ <span style=\"color: #d12727;\"><a style=\"color: #d12727;\" href=\"https:\/\/www.csj-emballages.com\/es\/produit\/suela-redonda-con-lengueta-dorada-negra-o6-cm-por-200\/\">\u00d86 cm<\/a><\/span> \/ <span style=\"color: #d12727;\"><a style=\"color: #d12727;\" href=\"https:\/\/www.csj-emballages.com\/es\/produit\/suela-redonda-con-lengueta-dorada-negra-o7-cm-por-200\/\">\u00d87 cm<\/a><\/span> \/ <span style=\"color: #d12727;\"><a style=\"color: #d12727;\" href=\"https:\/\/www.csj-emballages.com\/es\/produit\/200-suelas-redondas-doradas-negras-con-lenguetas-o-8-cm\/\">\u00d88 cm<\/a><\/span> \/ <span style=\"color: #d12727;\"><a style=\"color: #d12727;\" href=\"https:\/\/www.csj-emballages.com\/es\/produit\/suela-redonda-con-lengueta-dorada-negra-o9-cm-por-200\/\">\u00d89 cm<\/a><\/span><\/p>\n<p>&nbsp;<\/p>\n<p><!--more--><\/p>\n<p><a href=\"https:\/\/www.csj-emballages.com\/es\/categorie-produit\/envasado-de-alimentos\/panaderia-y-pasteleria\/soportes-de-base-para-tartas\/suelas-con-lengueta\/\">Ver el resto de nuestra gama de plantillas linguales<\/a><\/p>\n","protected":false},"excerpt":{"rendered":"<p>Suela redonda Descripci\u00f3n de nuestra base redonda con leng\u00fceta dorada\/negra \u00d84 cm por 200<\/p>\n","protected":false},"featured_media":252620,"template":"","meta":{"_acf_changed":false},"product_brand":[],"product_cat":[1150,1145,1911,3268],"product_tag":[],"class_list":{"0":"post-252623","1":"product","2":"type-product","3":"status-publish","4":"has-post-thumbnail","6":"product_cat-envasado-de-alimentos","7":"product_cat-panaderia-y-pasteleria","8":"product_cat-soportes-de-base-para-tartas","9":"product_cat-suelas-con-lengueta","11":"first","12":"instock","13":"taxable","14":"shipping-taxable","15":"purchasable","16":"product-type-simple"},"acf":[],"yoast_head":"<!-- This site is optimized with the Yoast SEO Premium plugin v26.6 (Yoast SEO v26.6) - https:\/\/yoast.com\/wordpress\/plugins\/seo\/ -->\n<title>Base Redonda con Leng\u00fceta Dorada\/Negra \u00d84 cm por 200<\/title>\n<meta name=\"description\" content=\"Elegante y pr\u00e1ctica, la base redonda con leng\u00fceta dorada\/negra \u00d84 cm realza sus dulces con estilo. Perfecta para pasteleros y empresas de catering.\" \/>\n<meta name=\"robots\" content=\"index, follow, max-snippet:-1, max-image-preview:large, max-video-preview:-1\" \/>\n<link rel=\"canonical\" href=\"https:\/\/www.csj-emballages.com\/es\/produit\/suela-redonda-con-lengueta-dorada-negra-o4-cm-por-200\/\" \/>\n<meta property=\"og:locale\" content=\"es_ES\" \/>\n<meta property=\"og:type\" content=\"article\" \/>\n<meta property=\"og:title\" content=\"Base redonda con leng\u00fceta dorada\/negra \u00d84 cm por 200\" \/>\n<meta property=\"og:description\" content=\"Elegante y pr\u00e1ctica, la base redonda con leng\u00fceta dorada\/negra \u00d84 cm realza sus dulces con estilo. Perfecta para pasteleros y empresas de catering.\" \/>\n<meta property=\"og:url\" content=\"https:\/\/www.csj-emballages.com\/es\/produit\/suela-redonda-con-lengueta-dorada-negra-o4-cm-por-200\/\" \/>\n<meta property=\"og:site_name\" content=\"CSJ Emballages\" \/>\n<meta property=\"article:publisher\" content=\"https:\/\/www.facebook.com\/csjemballages\" \/>\n<meta property=\"article:modified_time\" content=\"2026-04-15T00:16:34+00:00\" \/>\n<meta property=\"og:image\" content=\"https:\/\/www.csj-emballages.com\/wp-content\/uploads\/2025\/09\/RONF4LANG.webp\" \/>\n\t<meta property=\"og:image:width\" content=\"800\" \/>\n\t<meta property=\"og:image:height\" content=\"800\" \/>\n\t<meta property=\"og:image:type\" content=\"image\/webp\" \/>\n<meta name=\"twitter:card\" content=\"summary_large_image\" \/>\n<meta name=\"twitter:label1\" content=\"Tiempo de lectura\" \/>\n\t<meta name=\"twitter:data1\" content=\"2 minutos\" \/>\n<script type=\"application\/ld+json\" class=\"yoast-schema-graph\">{\"@context\":\"https:\/\/schema.org\",\"@graph\":[{\"@type\":\"WebPage\",\"@id\":\"https:\/\/www.csj-emballages.com\/es\/produit\/suela-redonda-con-lengueta-dorada-negra-o4-cm-por-200\/\",\"url\":\"https:\/\/www.csj-emballages.com\/es\/produit\/suela-redonda-con-lengueta-dorada-negra-o4-cm-por-200\/\",\"name\":\"Base Redonda con Leng\u00fceta Dorada\/Negra \u00d84 cm por 200\",\"isPartOf\":{\"@id\":\"https:\/\/www.csj-emballages.com\/es\/#website\"},\"primaryImageOfPage\":{\"@id\":\"https:\/\/www.csj-emballages.com\/es\/produit\/suela-redonda-con-lengueta-dorada-negra-o4-cm-por-200\/#primaryimage\"},\"image\":{\"@id\":\"https:\/\/www.csj-emballages.com\/es\/produit\/suela-redonda-con-lengueta-dorada-negra-o4-cm-por-200\/#primaryimage\"},\"thumbnailUrl\":\"https:\/\/www.csj-emballages.com\/wp-content\/uploads\/2025\/09\/RONF4LANG.webp\",\"datePublished\":\"2025-09-15T07:52:07+00:00\",\"dateModified\":\"2026-04-15T00:16:34+00:00\",\"description\":\"Elegante y pr\u00e1ctica, la base redonda con leng\u00fceta dorada\/negra \u00d84 cm realza sus dulces con estilo. Perfecta para pasteleros y empresas de catering.\",\"breadcrumb\":{\"@id\":\"https:\/\/www.csj-emballages.com\/es\/produit\/suela-redonda-con-lengueta-dorada-negra-o4-cm-por-200\/#breadcrumb\"},\"inLanguage\":\"es\",\"potentialAction\":[{\"@type\":\"ReadAction\",\"target\":[\"https:\/\/www.csj-emballages.com\/es\/produit\/suela-redonda-con-lengueta-dorada-negra-o4-cm-por-200\/\"]}]},{\"@type\":\"ImageObject\",\"inLanguage\":\"es\",\"@id\":\"https:\/\/www.csj-emballages.com\/es\/produit\/suela-redonda-con-lengueta-dorada-negra-o4-cm-por-200\/#primaryimage\",\"url\":\"https:\/\/www.csj-emballages.com\/wp-content\/uploads\/2025\/09\/RONF4LANG.webp\",\"contentUrl\":\"https:\/\/www.csj-emballages.com\/wp-content\/uploads\/2025\/09\/RONF4LANG.webp\",\"width\":800,\"height\":800,\"caption\":\"Semelle ronde\"},{\"@type\":\"BreadcrumbList\",\"@id\":\"https:\/\/www.csj-emballages.com\/es\/produit\/suela-redonda-con-lengueta-dorada-negra-o4-cm-por-200\/#breadcrumb\",\"itemListElement\":[{\"@type\":\"ListItem\",\"position\":1,\"name\":\"Accueil\",\"item\":\"https:\/\/www.csj-emballages.com\/es\/universo-del-envasado-alimentario\/\"},{\"@type\":\"ListItem\",\"position\":2,\"name\":\"Tienda\",\"item\":\"https:\/\/www.csj-emballages.com\/tienda\/\"},{\"@type\":\"ListItem\",\"position\":3,\"name\":\"Base redonda con leng\u00fceta dorada\/negra \u00d84 cm por 200\"}]},{\"@type\":\"WebSite\",\"@id\":\"https:\/\/www.csj-emballages.com\/es\/#website\",\"url\":\"https:\/\/www.csj-emballages.com\/es\/\",\"name\":\"CSJ Emballages\",\"description\":\"\",\"publisher\":{\"@id\":\"https:\/\/www.csj-emballages.com\/es\/#organization\"},\"potentialAction\":[{\"@type\":\"SearchAction\",\"target\":{\"@type\":\"EntryPoint\",\"urlTemplate\":\"https:\/\/www.csj-emballages.com\/es\/?s={search_term_string}\"},\"query-input\":{\"@type\":\"PropertyValueSpecification\",\"valueRequired\":true,\"valueName\":\"search_term_string\"}}],\"inLanguage\":\"es\"},{\"@type\":\"Organization\",\"@id\":\"https:\/\/www.csj-emballages.com\/es\/#Organization\/\",\"name\":\"CSJ Emballages\",\"url\":\"https:\/\/www.csj-emballages.com\/es\/\",\"logo\":{\"@type\":\"ImageObject\",\"inLanguage\":\"es\",\"@id\":\"https:\/\/www.csj-emballages.com\/es\/#\/schema\/logo\/image\/\",\"url\":\"https:\/\/www.csj-emballages.com\/wp-content\/uploads\/2023\/10\/logo_csj.webp\",\"contentUrl\":\"https:\/\/www.csj-emballages.com\/wp-content\/uploads\/2023\/10\/logo_csj.webp\",\"width\":250,\"height\":95,\"caption\":\"CSJ Emballages\"},\"image\":{\"@id\":\"https:\/\/www.csj-emballages.com\/es\/#\/schema\/logo\/image\/\"},\"sameAs\":[\"https:\/\/www.facebook.com\/csjemballages\"],\"address\":{\"@type\":\"PostalAddress\",\"streetAddress\":\"ZI La Lechere\",\"addressLocality\":\"Patornay\",\"postalCode\":\"39130\",\"addressCountry\":\"FR\"},\"contactPoint\":[{\"@type\":\"ContactPoint\",\"contactType\":\"Service client\",\"telephone\":\"0384254272\",\"email\":\"contact@csj-emballages.com\"}]}]}<\/script>\n<!-- \/ Yoast SEO Premium plugin. -->","yoast_head_json":{"title":"Base Redonda con Leng\u00fceta Dorada\/Negra \u00d84 cm por 200","description":"Elegante y pr\u00e1ctica, la base redonda con leng\u00fceta dorada\/negra \u00d84 cm realza sus dulces con estilo. Perfecta para pasteleros y empresas de catering.","robots":{"index":"index","follow":"follow","max-snippet":"max-snippet:-1","max-image-preview":"max-image-preview:large","max-video-preview":"max-video-preview:-1"},"canonical":"https:\/\/www.csj-emballages.com\/es\/produit\/suela-redonda-con-lengueta-dorada-negra-o4-cm-por-200\/","og_locale":"es_ES","og_type":"article","og_title":"Base redonda con leng\u00fceta dorada\/negra \u00d84 cm por 200","og_description":"Elegante y pr\u00e1ctica, la base redonda con leng\u00fceta dorada\/negra \u00d84 cm realza sus dulces con estilo. Perfecta para pasteleros y empresas de catering.","og_url":"https:\/\/www.csj-emballages.com\/es\/produit\/suela-redonda-con-lengueta-dorada-negra-o4-cm-por-200\/","og_site_name":"CSJ Emballages","article_publisher":"https:\/\/www.facebook.com\/csjemballages","article_modified_time":"2026-04-15T00:16:34+00:00","og_image":[{"width":800,"height":800,"url":"https:\/\/www.csj-emballages.com\/wp-content\/uploads\/2025\/09\/RONF4LANG.webp","type":"image\/webp"}],"twitter_card":"summary_large_image","twitter_misc":{"Tiempo de lectura":"2 minutos"},"schema":{"@context":"https:\/\/schema.org","@graph":[{"@type":"WebPage","@id":"https:\/\/www.csj-emballages.com\/es\/produit\/suela-redonda-con-lengueta-dorada-negra-o4-cm-por-200\/","url":"https:\/\/www.csj-emballages.com\/es\/produit\/suela-redonda-con-lengueta-dorada-negra-o4-cm-por-200\/","name":"Base Redonda con Leng\u00fceta Dorada\/Negra \u00d84 cm por 200","isPartOf":{"@id":"https:\/\/www.csj-emballages.com\/es\/#website"},"primaryImageOfPage":{"@id":"https:\/\/www.csj-emballages.com\/es\/produit\/suela-redonda-con-lengueta-dorada-negra-o4-cm-por-200\/#primaryimage"},"image":{"@id":"https:\/\/www.csj-emballages.com\/es\/produit\/suela-redonda-con-lengueta-dorada-negra-o4-cm-por-200\/#primaryimage"},"thumbnailUrl":"https:\/\/www.csj-emballages.com\/wp-content\/uploads\/2025\/09\/RONF4LANG.webp","datePublished":"2025-09-15T07:52:07+00:00","dateModified":"2026-04-15T00:16:34+00:00","description":"Elegante y pr\u00e1ctica, la base redonda con leng\u00fceta dorada\/negra \u00d84 cm realza sus dulces con estilo. Perfecta para pasteleros y empresas de catering.","breadcrumb":{"@id":"https:\/\/www.csj-emballages.com\/es\/produit\/suela-redonda-con-lengueta-dorada-negra-o4-cm-por-200\/#breadcrumb"},"inLanguage":"es","potentialAction":[{"@type":"ReadAction","target":["https:\/\/www.csj-emballages.com\/es\/produit\/suela-redonda-con-lengueta-dorada-negra-o4-cm-por-200\/"]}]},{"@type":"ImageObject","inLanguage":"es","@id":"https:\/\/www.csj-emballages.com\/es\/produit\/suela-redonda-con-lengueta-dorada-negra-o4-cm-por-200\/#primaryimage","url":"https:\/\/www.csj-emballages.com\/wp-content\/uploads\/2025\/09\/RONF4LANG.webp","contentUrl":"https:\/\/www.csj-emballages.com\/wp-content\/uploads\/2025\/09\/RONF4LANG.webp","width":800,"height":800,"caption":"Semelle ronde"},{"@type":"BreadcrumbList","@id":"https:\/\/www.csj-emballages.com\/es\/produit\/suela-redonda-con-lengueta-dorada-negra-o4-cm-por-200\/#breadcrumb","itemListElement":[{"@type":"ListItem","position":1,"name":"Accueil","item":"https:\/\/www.csj-emballages.com\/es\/universo-del-envasado-alimentario\/"},{"@type":"ListItem","position":2,"name":"Tienda","item":"https:\/\/www.csj-emballages.com\/tienda\/"},{"@type":"ListItem","position":3,"name":"Base redonda con leng\u00fceta dorada\/negra \u00d84 cm por 200"}]},{"@type":"WebSite","@id":"https:\/\/www.csj-emballages.com\/es\/#website","url":"https:\/\/www.csj-emballages.com\/es\/","name":"CSJ Emballages","description":"","publisher":{"@id":"https:\/\/www.csj-emballages.com\/es\/#organization"},"potentialAction":[{"@type":"SearchAction","target":{"@type":"EntryPoint","urlTemplate":"https:\/\/www.csj-emballages.com\/es\/?s={search_term_string}"},"query-input":{"@type":"PropertyValueSpecification","valueRequired":true,"valueName":"search_term_string"}}],"inLanguage":"es"},{"@type":"Organization","@id":"https:\/\/www.csj-emballages.com\/es\/#Organization\/","name":"CSJ Emballages","url":"https:\/\/www.csj-emballages.com\/es\/","logo":{"@type":"ImageObject","inLanguage":"es","@id":"https:\/\/www.csj-emballages.com\/es\/#\/schema\/logo\/image\/","url":"https:\/\/www.csj-emballages.com\/wp-content\/uploads\/2023\/10\/logo_csj.webp","contentUrl":"https:\/\/www.csj-emballages.com\/wp-content\/uploads\/2023\/10\/logo_csj.webp","width":250,"height":95,"caption":"CSJ Emballages"},"image":{"@id":"https:\/\/www.csj-emballages.com\/es\/#\/schema\/logo\/image\/"},"sameAs":["https:\/\/www.facebook.com\/csjemballages"],"address":{"@type":"PostalAddress","streetAddress":"ZI La Lechere","addressLocality":"Patornay","postalCode":"39130","addressCountry":"FR"},"contactPoint":[{"@type":"ContactPoint","contactType":"Service client","telephone":"0384254272","email":"contact@csj-emballages.com"}]}]}},"df_price":5.69,"df_sale_price":"","df_regular_price":5.69,"df_image_link":"https:\/\/www.csj-emballages.com\/wp-content\/uploads\/2025\/09\/RONF4LANG-300x300.webp","tiered_pricing_type":"fixed","tiered_pricing_fixed_rules":[],"tiered_pricing_percentage_rules":[],"tiered_pricing_minimum":1,"tiered_pricing_roles_data":[],"_links":{"self":[{"href":"https:\/\/www.csj-emballages.com\/es\/wp-json\/wp\/v2\/product\/252623","targetHints":{"allow":["GET"]}}],"collection":[{"href":"https:\/\/www.csj-emballages.com\/es\/wp-json\/wp\/v2\/product"}],"about":[{"href":"https:\/\/www.csj-emballages.com\/es\/wp-json\/wp\/v2\/types\/product"}],"wp:featuredmedia":[{"embeddable":true,"href":"https:\/\/www.csj-emballages.com\/es\/wp-json\/wp\/v2\/media\/252620"}],"wp:attachment":[{"href":"https:\/\/www.csj-emballages.com\/es\/wp-json\/wp\/v2\/media?parent=252623"}],"wp:term":[{"taxonomy":"product_brand","embeddable":true,"href":"https:\/\/www.csj-emballages.com\/es\/wp-json\/wp\/v2\/product_brand?post=252623"},{"taxonomy":"product_cat","embeddable":true,"href":"https:\/\/www.csj-emballages.com\/es\/wp-json\/wp\/v2\/product_cat?post=252623"},{"taxonomy":"product_tag","embeddable":true,"href":"https:\/\/www.csj-emballages.com\/es\/wp-json\/wp\/v2\/product_tag?post=252623"}],"curies":[{"name":"wp","href":"https:\/\/api.w.org\/{rel}","templated":true}]}}