{"id":251881,"date":"2025-09-15T09:50:57","date_gmt":"2025-09-15T07:50:57","guid":{"rendered":"https:\/\/www.csj-emballages.com\/produit\/suela-cuadrada-con-lengueta-dorada-negra-4-x-4-cm-por-200\/"},"modified":"2026-04-15T02:16:08","modified_gmt":"2026-04-15T00:16:08","slug":"suela-cuadrada-con-lengueta-dorada-negra-4-x-4-cm-por-200","status":"publish","type":"product","link":"https:\/\/www.csj-emballages.com\/es\/produit\/suela-cuadrada-con-lengueta-dorada-negra-4-x-4-cm-por-200\/","title":{"rendered":"Base cuadrada con leng\u00fceta oro \/ negro 4 x 4 cm, pack de 200"},"content":{"rendered":"<h2>Suela cuadrada<\/h2>\n<hr>\n<h3>Descripci\u00f3n de nuestra suela cuadrada con leng\u00fceta dorada \/ negra 4 x 4 cm por 200<\/h3>\n<p><!--more--><\/p>\n<p data-start=\"158\" data-end=\"488\">\u00a1Realce sus creaciones con la <strong data-start=\"189\" data-end=\"236\">base cuadrada con leng\u00fceta oro \/ negro 4 x 4 cm<\/strong>! Elegante y pr\u00e1ctica, esta <strong>peque\u00f1a base cuadrada<\/strong> resaltar\u00e1 sus mignardises, mini pasteles y otros dulces gourmet. Gracias a su <strong data-start=\"376\" data-end=\"405\">doble combinaci\u00f3n de colores dorado y negro<\/strong>, puede adaptarse a cualquier entorno, desde refinados salones de t\u00e9 hasta modernos servicios de catering.<\/p>\n<p data-start=\"490\" data-end=\"966\">Fabricada en <strong data-start=\"514\" data-end=\"554\">cart\u00f3n r\u00edgido alimentario<\/strong>, esta suela es <strong data-start=\"584\" data-end=\"594\">s\u00f3lida<\/strong> y <strong data-start=\"598\" data-end=\"612\">atractiva<\/strong>. Sujeta perfectamente sus postres, incluso los m\u00e1s generosos en crema o glaseado, sin deformarse. Su formato de <strong data-start=\"731\" data-end=\"743\">4 x 4 cm<\/strong> es ideal para presentar sus mini raciones con esmero y limpieza. Adem\u00e1s, su <strong data-start=\"822\" data-end=\"844\">pr\u00e1ctica leng\u00fceta<\/strong> permite una manipulaci\u00f3n f\u00e1cil e higi\u00e9nica, ya sea en un escaparate, durante un servicio o en un buf\u00e9.<\/p>\n<p data-start=\"968\" data-end=\"1328\">M\u00e1s all\u00e1 de su practicidad, esta <strong data-start=\"1004\" data-end=\"1032\">suela cuadrada dorada\/negra<\/strong> a\u00f1ade un <strong data-start=\"1045\" data-end=\"1079\">toque chic y profesional<\/strong> a sus presentaciones. La parte delantera dorada refleja la luz para ofrecer un aspecto lujoso, mientras que el reverso negro mate ofrece una alternativa m\u00e1s sobria y moderna. Es f\u00e1cil de integrar en su identidad corporativa, sea cual sea su estilo culinario.  <\/p>\n<p data-start=\"1330\" data-end=\"1562\">Por \u00faltimo, este envase <strong data-start=\"1360\" data-end=\"1374\">de 200 unidades<\/strong> se adapta perfectamente a los profesionales de la restauraci\u00f3n, pasteler\u00edas, servicios de catering y panader\u00edas que desean <strong data-start=\"1495\" data-end=\"1512\">ahorrar tiempo<\/strong>, <strong data-start=\"1514\" data-end=\"1528\">tener buen aspecto<\/strong> y <strong data-start=\"1532\" data-end=\"1546\">trabajar eficazmente<\/strong> todos los d\u00edas.<\/p>\n<p data-start=\"1330\" data-end=\"1562\">\n<p><!--more--><\/p>\n<h4><strong>Ventajas :<\/strong><\/h4>\n<ul>\n<li data-start=\"1667\" data-end=\"1732\">Elegante presentaci\u00f3n gracias a su <strong data-start=\"1701\" data-end=\"1730\">dise\u00f1o reversible oro\/negro.<\/strong><\/li>\n<li data-start=\"1735\" data-end=\"1802\"><strong data-start=\"1735\" data-end=\"1757\">Leng\u00fceta integrada<\/strong> para un manejo f\u00e1cil e higi\u00e9nico.<\/li>\n<li data-start=\"1805\" data-end=\"1850\"><strong data-start=\"1805\" data-end=\"1848\">Cart\u00f3n r\u00edgido resistente a la grasa.<\/strong><\/li>\n<li data-start=\"1853\" data-end=\"1913\">Tama\u00f1o ideal para <strong data-start=\"1872\" data-end=\"1911\">mignardises y postres individuales.<\/strong><\/li>\n<li data-start=\"1916\" data-end=\"1993\"><strong data-start=\"1916\" data-end=\"1948\">Paquete econ\u00f3mico de 200 piezas<\/strong>, perfecto para profesionales y usuarios dom\u00e9sticos.<\/li>\n<\/ul>\n<p>&nbsp;<\/p>\n<p><!--more--><\/p>\n<h4>Informaci\u00f3n adicional :<\/h4>\n<ul>\n<li><strong>Envase<\/strong>: Paquete de 200<\/li>\n<li><strong>Dimensiones<\/strong>: 4 x 4 cm<\/li>\n<li><strong>Material<\/strong>: Cart\u00f3n<\/li>\n<li><strong>Forma<\/strong>: Cuadrada<\/li>\n<li><strong>Color<\/strong>: Oro \/ Negro<\/li>\n<\/ul>\n<p>&nbsp;<\/p>\n<p><!--more--><\/p>\n<p>Estas plantillas de leng\u00fceta cuadrada est\u00e1n disponibles en varios tama\u00f1os: <span style=\"color: #d12727\"><a style=\"color: #d12727\" href=\"https:\/\/www.csj-emballages.com\/es\/produit\/suela-cuadrada-con-lengueta-dorada-negra-5-x-5-cm-por-200\/\">5 x 5 cm<\/a><\/span> \/ <span style=\"color: #d12727\"><a style=\"color: #d12727\" href=\"https:\/\/www.csj-emballages.com\/es\/produit\/suela-cuadrada-con-lengueta-dorada-negra-6-x-6-cm-por-200\/\">6 x 6 cm<\/a><\/span> \/ <span style=\"color: #d12727\"><a style=\"color: #d12727\" href=\"https:\/\/www.csj-emballages.com\/es\/produit\/suela-cuadrada-con-lengueta-dorada-negra-7-x-7-cm-por-200\/\">7 x 7 cm<\/a><\/span> \/ <span style=\"color: #d12727\"><a style=\"color: #d12727\" href=\"https:\/\/www.csj-emballages.com\/es\/produit\/suela-cuadrada-con-lengueta-dorada-negra-8-x-8-cm-por-200\/\">8 x 8 cm<\/a><\/span><\/p>\n<p>&nbsp;<\/p>\n<p><!--more--><\/p>\n<p><a href=\"https:\/\/www.csj-emballages.com\/es\/categorie-produit\/envasado-de-alimentos\/panaderia-y-pasteleria\/soportes-de-base-para-tartas\/suelas-con-lengueta\/\">Consulte aqu\u00ed el resto de nuestra gama de bases con leng\u00fceta<\/a><\/p>\n","protected":false},"excerpt":{"rendered":"<p>Suela cuadrada Descripci\u00f3n de nuestra suela cuadrada con leng\u00fceta dorada \/ negra 4 x 4 cm por 200<\/p>\n","protected":false},"featured_media":251877,"template":"","meta":{"_acf_changed":false},"product_brand":[],"product_cat":[1150,1145,1911,3268],"product_tag":[],"class_list":{"0":"post-251881","1":"product","2":"type-product","3":"status-publish","4":"has-post-thumbnail","6":"product_cat-envasado-de-alimentos","7":"product_cat-panaderia-y-pasteleria","8":"product_cat-soportes-de-base-para-tartas","9":"product_cat-suelas-con-lengueta","11":"first","12":"instock","13":"taxable","14":"shipping-taxable","15":"purchasable","16":"product-type-simple"},"acf":[],"yoast_head":"<!-- This site is optimized with the Yoast SEO Premium plugin v26.6 (Yoast SEO v26.6) - https:\/\/yoast.com\/wordpress\/plugins\/seo\/ -->\n<title>Suela cuadrada Leng\u00fceta Oro \/ Negro 4 x 4 cm por 200<\/title>\n<meta name=\"description\" content=\"A\u00f1ada un toque de elegancia a sus postres con la suela de leng\u00fceta cuadrada dorada\/negra de 4 x 4 cm. Har\u00e1 que tus creaciones de reposter\u00eda destaquen entre la multitud.\" \/>\n<meta name=\"robots\" content=\"index, follow, max-snippet:-1, max-image-preview:large, max-video-preview:-1\" \/>\n<link rel=\"canonical\" href=\"https:\/\/www.csj-emballages.com\/es\/produit\/suela-cuadrada-con-lengueta-dorada-negra-4-x-4-cm-por-200\/\" \/>\n<meta property=\"og:locale\" content=\"es_ES\" \/>\n<meta property=\"og:type\" content=\"article\" \/>\n<meta property=\"og:title\" content=\"Base cuadrada con leng\u00fceta oro \/ negro 4 x 4 cm, pack de 200\" \/>\n<meta property=\"og:description\" content=\"A\u00f1ada un toque de elegancia a sus postres con la suela de leng\u00fceta cuadrada dorada\/negra de 4 x 4 cm. Har\u00e1 que tus creaciones de reposter\u00eda destaquen entre la multitud.\" \/>\n<meta property=\"og:url\" content=\"https:\/\/www.csj-emballages.com\/es\/produit\/suela-cuadrada-con-lengueta-dorada-negra-4-x-4-cm-por-200\/\" \/>\n<meta property=\"og:site_name\" content=\"CSJ Emballages\" \/>\n<meta property=\"article:publisher\" content=\"https:\/\/www.facebook.com\/csjemballages\" \/>\n<meta property=\"article:modified_time\" content=\"2026-04-15T00:16:08+00:00\" \/>\n<meta property=\"og:image\" content=\"https:\/\/www.csj-emballages.com\/wp-content\/uploads\/2025\/09\/RC4LANG.webp\" \/>\n\t<meta property=\"og:image:width\" content=\"800\" \/>\n\t<meta property=\"og:image:height\" content=\"801\" \/>\n\t<meta property=\"og:image:type\" content=\"image\/webp\" \/>\n<meta name=\"twitter:card\" content=\"summary_large_image\" \/>\n<meta name=\"twitter:label1\" content=\"Tiempo de lectura\" \/>\n\t<meta name=\"twitter:data1\" content=\"2 minutos\" \/>\n<script type=\"application\/ld+json\" class=\"yoast-schema-graph\">{\"@context\":\"https:\/\/schema.org\",\"@graph\":[{\"@type\":\"WebPage\",\"@id\":\"https:\/\/www.csj-emballages.com\/es\/produit\/suela-cuadrada-con-lengueta-dorada-negra-4-x-4-cm-por-200\/\",\"url\":\"https:\/\/www.csj-emballages.com\/es\/produit\/suela-cuadrada-con-lengueta-dorada-negra-4-x-4-cm-por-200\/\",\"name\":\"Suela cuadrada Leng\u00fceta Oro \/ Negro 4 x 4 cm por 200\",\"isPartOf\":{\"@id\":\"https:\/\/www.csj-emballages.com\/es\/#website\"},\"primaryImageOfPage\":{\"@id\":\"https:\/\/www.csj-emballages.com\/es\/produit\/suela-cuadrada-con-lengueta-dorada-negra-4-x-4-cm-por-200\/#primaryimage\"},\"image\":{\"@id\":\"https:\/\/www.csj-emballages.com\/es\/produit\/suela-cuadrada-con-lengueta-dorada-negra-4-x-4-cm-por-200\/#primaryimage\"},\"thumbnailUrl\":\"https:\/\/www.csj-emballages.com\/wp-content\/uploads\/2025\/09\/RC4LANG.webp\",\"datePublished\":\"2025-09-15T07:50:57+00:00\",\"dateModified\":\"2026-04-15T00:16:08+00:00\",\"description\":\"A\u00f1ada un toque de elegancia a sus postres con la suela de leng\u00fceta cuadrada dorada\/negra de 4 x 4 cm. Har\u00e1 que tus creaciones de reposter\u00eda destaquen entre la multitud.\",\"breadcrumb\":{\"@id\":\"https:\/\/www.csj-emballages.com\/es\/produit\/suela-cuadrada-con-lengueta-dorada-negra-4-x-4-cm-por-200\/#breadcrumb\"},\"inLanguage\":\"es\",\"potentialAction\":[{\"@type\":\"ReadAction\",\"target\":[\"https:\/\/www.csj-emballages.com\/es\/produit\/suela-cuadrada-con-lengueta-dorada-negra-4-x-4-cm-por-200\/\"]}]},{\"@type\":\"ImageObject\",\"inLanguage\":\"es\",\"@id\":\"https:\/\/www.csj-emballages.com\/es\/produit\/suela-cuadrada-con-lengueta-dorada-negra-4-x-4-cm-por-200\/#primaryimage\",\"url\":\"https:\/\/www.csj-emballages.com\/wp-content\/uploads\/2025\/09\/RC4LANG.webp\",\"contentUrl\":\"https:\/\/www.csj-emballages.com\/wp-content\/uploads\/2025\/09\/RC4LANG.webp\",\"width\":800,\"height\":801,\"caption\":\"Semelle carr\u00e9e\"},{\"@type\":\"BreadcrumbList\",\"@id\":\"https:\/\/www.csj-emballages.com\/es\/produit\/suela-cuadrada-con-lengueta-dorada-negra-4-x-4-cm-por-200\/#breadcrumb\",\"itemListElement\":[{\"@type\":\"ListItem\",\"position\":1,\"name\":\"Accueil\",\"item\":\"https:\/\/www.csj-emballages.com\/es\/universo-del-envasado-alimentario\/\"},{\"@type\":\"ListItem\",\"position\":2,\"name\":\"Tienda\",\"item\":\"https:\/\/www.csj-emballages.com\/tienda\/\"},{\"@type\":\"ListItem\",\"position\":3,\"name\":\"Base cuadrada con leng\u00fceta oro \/ negro 4 x 4 cm, pack de 200\"}]},{\"@type\":\"WebSite\",\"@id\":\"https:\/\/www.csj-emballages.com\/es\/#website\",\"url\":\"https:\/\/www.csj-emballages.com\/es\/\",\"name\":\"CSJ Emballages\",\"description\":\"\",\"publisher\":{\"@id\":\"https:\/\/www.csj-emballages.com\/es\/#organization\"},\"potentialAction\":[{\"@type\":\"SearchAction\",\"target\":{\"@type\":\"EntryPoint\",\"urlTemplate\":\"https:\/\/www.csj-emballages.com\/es\/?s={search_term_string}\"},\"query-input\":{\"@type\":\"PropertyValueSpecification\",\"valueRequired\":true,\"valueName\":\"search_term_string\"}}],\"inLanguage\":\"es\"},{\"@type\":\"Organization\",\"@id\":\"https:\/\/www.csj-emballages.com\/es\/#Organization\/\",\"name\":\"CSJ Emballages\",\"url\":\"https:\/\/www.csj-emballages.com\/es\/\",\"logo\":{\"@type\":\"ImageObject\",\"inLanguage\":\"es\",\"@id\":\"https:\/\/www.csj-emballages.com\/es\/#\/schema\/logo\/image\/\",\"url\":\"https:\/\/www.csj-emballages.com\/wp-content\/uploads\/2023\/10\/logo_csj.webp\",\"contentUrl\":\"https:\/\/www.csj-emballages.com\/wp-content\/uploads\/2023\/10\/logo_csj.webp\",\"width\":250,\"height\":95,\"caption\":\"CSJ Emballages\"},\"image\":{\"@id\":\"https:\/\/www.csj-emballages.com\/es\/#\/schema\/logo\/image\/\"},\"sameAs\":[\"https:\/\/www.facebook.com\/csjemballages\"],\"address\":{\"@type\":\"PostalAddress\",\"streetAddress\":\"ZI La Lechere\",\"addressLocality\":\"Patornay\",\"postalCode\":\"39130\",\"addressCountry\":\"FR\"},\"contactPoint\":[{\"@type\":\"ContactPoint\",\"contactType\":\"Service client\",\"telephone\":\"0384254272\",\"email\":\"contact@csj-emballages.com\"}]}]}<\/script>\n<!-- \/ Yoast SEO Premium plugin. -->","yoast_head_json":{"title":"Suela cuadrada Leng\u00fceta Oro \/ Negro 4 x 4 cm por 200","description":"A\u00f1ada un toque de elegancia a sus postres con la suela de leng\u00fceta cuadrada dorada\/negra de 4 x 4 cm. Har\u00e1 que tus creaciones de reposter\u00eda destaquen entre la multitud.","robots":{"index":"index","follow":"follow","max-snippet":"max-snippet:-1","max-image-preview":"max-image-preview:large","max-video-preview":"max-video-preview:-1"},"canonical":"https:\/\/www.csj-emballages.com\/es\/produit\/suela-cuadrada-con-lengueta-dorada-negra-4-x-4-cm-por-200\/","og_locale":"es_ES","og_type":"article","og_title":"Base cuadrada con leng\u00fceta oro \/ negro 4 x 4 cm, pack de 200","og_description":"A\u00f1ada un toque de elegancia a sus postres con la suela de leng\u00fceta cuadrada dorada\/negra de 4 x 4 cm. Har\u00e1 que tus creaciones de reposter\u00eda destaquen entre la multitud.","og_url":"https:\/\/www.csj-emballages.com\/es\/produit\/suela-cuadrada-con-lengueta-dorada-negra-4-x-4-cm-por-200\/","og_site_name":"CSJ Emballages","article_publisher":"https:\/\/www.facebook.com\/csjemballages","article_modified_time":"2026-04-15T00:16:08+00:00","og_image":[{"width":800,"height":801,"url":"https:\/\/www.csj-emballages.com\/wp-content\/uploads\/2025\/09\/RC4LANG.webp","type":"image\/webp"}],"twitter_card":"summary_large_image","twitter_misc":{"Tiempo de lectura":"2 minutos"},"schema":{"@context":"https:\/\/schema.org","@graph":[{"@type":"WebPage","@id":"https:\/\/www.csj-emballages.com\/es\/produit\/suela-cuadrada-con-lengueta-dorada-negra-4-x-4-cm-por-200\/","url":"https:\/\/www.csj-emballages.com\/es\/produit\/suela-cuadrada-con-lengueta-dorada-negra-4-x-4-cm-por-200\/","name":"Suela cuadrada Leng\u00fceta Oro \/ Negro 4 x 4 cm por 200","isPartOf":{"@id":"https:\/\/www.csj-emballages.com\/es\/#website"},"primaryImageOfPage":{"@id":"https:\/\/www.csj-emballages.com\/es\/produit\/suela-cuadrada-con-lengueta-dorada-negra-4-x-4-cm-por-200\/#primaryimage"},"image":{"@id":"https:\/\/www.csj-emballages.com\/es\/produit\/suela-cuadrada-con-lengueta-dorada-negra-4-x-4-cm-por-200\/#primaryimage"},"thumbnailUrl":"https:\/\/www.csj-emballages.com\/wp-content\/uploads\/2025\/09\/RC4LANG.webp","datePublished":"2025-09-15T07:50:57+00:00","dateModified":"2026-04-15T00:16:08+00:00","description":"A\u00f1ada un toque de elegancia a sus postres con la suela de leng\u00fceta cuadrada dorada\/negra de 4 x 4 cm. Har\u00e1 que tus creaciones de reposter\u00eda destaquen entre la multitud.","breadcrumb":{"@id":"https:\/\/www.csj-emballages.com\/es\/produit\/suela-cuadrada-con-lengueta-dorada-negra-4-x-4-cm-por-200\/#breadcrumb"},"inLanguage":"es","potentialAction":[{"@type":"ReadAction","target":["https:\/\/www.csj-emballages.com\/es\/produit\/suela-cuadrada-con-lengueta-dorada-negra-4-x-4-cm-por-200\/"]}]},{"@type":"ImageObject","inLanguage":"es","@id":"https:\/\/www.csj-emballages.com\/es\/produit\/suela-cuadrada-con-lengueta-dorada-negra-4-x-4-cm-por-200\/#primaryimage","url":"https:\/\/www.csj-emballages.com\/wp-content\/uploads\/2025\/09\/RC4LANG.webp","contentUrl":"https:\/\/www.csj-emballages.com\/wp-content\/uploads\/2025\/09\/RC4LANG.webp","width":800,"height":801,"caption":"Semelle carr\u00e9e"},{"@type":"BreadcrumbList","@id":"https:\/\/www.csj-emballages.com\/es\/produit\/suela-cuadrada-con-lengueta-dorada-negra-4-x-4-cm-por-200\/#breadcrumb","itemListElement":[{"@type":"ListItem","position":1,"name":"Accueil","item":"https:\/\/www.csj-emballages.com\/es\/universo-del-envasado-alimentario\/"},{"@type":"ListItem","position":2,"name":"Tienda","item":"https:\/\/www.csj-emballages.com\/tienda\/"},{"@type":"ListItem","position":3,"name":"Base cuadrada con leng\u00fceta oro \/ negro 4 x 4 cm, pack de 200"}]},{"@type":"WebSite","@id":"https:\/\/www.csj-emballages.com\/es\/#website","url":"https:\/\/www.csj-emballages.com\/es\/","name":"CSJ Emballages","description":"","publisher":{"@id":"https:\/\/www.csj-emballages.com\/es\/#organization"},"potentialAction":[{"@type":"SearchAction","target":{"@type":"EntryPoint","urlTemplate":"https:\/\/www.csj-emballages.com\/es\/?s={search_term_string}"},"query-input":{"@type":"PropertyValueSpecification","valueRequired":true,"valueName":"search_term_string"}}],"inLanguage":"es"},{"@type":"Organization","@id":"https:\/\/www.csj-emballages.com\/es\/#Organization\/","name":"CSJ Emballages","url":"https:\/\/www.csj-emballages.com\/es\/","logo":{"@type":"ImageObject","inLanguage":"es","@id":"https:\/\/www.csj-emballages.com\/es\/#\/schema\/logo\/image\/","url":"https:\/\/www.csj-emballages.com\/wp-content\/uploads\/2023\/10\/logo_csj.webp","contentUrl":"https:\/\/www.csj-emballages.com\/wp-content\/uploads\/2023\/10\/logo_csj.webp","width":250,"height":95,"caption":"CSJ Emballages"},"image":{"@id":"https:\/\/www.csj-emballages.com\/es\/#\/schema\/logo\/image\/"},"sameAs":["https:\/\/www.facebook.com\/csjemballages"],"address":{"@type":"PostalAddress","streetAddress":"ZI La Lechere","addressLocality":"Patornay","postalCode":"39130","addressCountry":"FR"},"contactPoint":[{"@type":"ContactPoint","contactType":"Service client","telephone":"0384254272","email":"contact@csj-emballages.com"}]}]}},"df_price":5.69,"df_sale_price":"","df_regular_price":5.69,"df_image_link":"https:\/\/www.csj-emballages.com\/wp-content\/uploads\/2025\/09\/RC4LANG-300x300.webp","tiered_pricing_type":"fixed","tiered_pricing_fixed_rules":[],"tiered_pricing_percentage_rules":[],"tiered_pricing_minimum":1,"tiered_pricing_roles_data":[],"_links":{"self":[{"href":"https:\/\/www.csj-emballages.com\/es\/wp-json\/wp\/v2\/product\/251881","targetHints":{"allow":["GET"]}}],"collection":[{"href":"https:\/\/www.csj-emballages.com\/es\/wp-json\/wp\/v2\/product"}],"about":[{"href":"https:\/\/www.csj-emballages.com\/es\/wp-json\/wp\/v2\/types\/product"}],"wp:featuredmedia":[{"embeddable":true,"href":"https:\/\/www.csj-emballages.com\/es\/wp-json\/wp\/v2\/media\/251877"}],"wp:attachment":[{"href":"https:\/\/www.csj-emballages.com\/es\/wp-json\/wp\/v2\/media?parent=251881"}],"wp:term":[{"taxonomy":"product_brand","embeddable":true,"href":"https:\/\/www.csj-emballages.com\/es\/wp-json\/wp\/v2\/product_brand?post=251881"},{"taxonomy":"product_cat","embeddable":true,"href":"https:\/\/www.csj-emballages.com\/es\/wp-json\/wp\/v2\/product_cat?post=251881"},{"taxonomy":"product_tag","embeddable":true,"href":"https:\/\/www.csj-emballages.com\/es\/wp-json\/wp\/v2\/product_tag?post=251881"}],"curies":[{"name":"wp","href":"https:\/\/api.w.org\/{rel}","templated":true}]}}