{"id":251248,"date":"2025-10-13T16:18:18","date_gmt":"2025-10-13T14:18:18","guid":{"rendered":"https:\/\/www.csj-emballages.com\/produit\/tapa-de-papel-para-vaso-3712geb-paquete-de-50\/"},"modified":"2026-04-25T02:11:52","modified_gmt":"2026-04-25T00:11:52","slug":"tapa-de-papel-para-vaso-3712geb-paquete-de-50","status":"publish","type":"product","link":"https:\/\/www.csj-emballages.com\/es\/produit\/tapa-de-papel-para-vaso-3712geb-paquete-de-50\/","title":{"rendered":"Tapa de papel para vaso 3712GEB, paquete de 50"},"content":{"rendered":"<h2>Tapa de papel<\/h2>\n<hr>\n<h3>Descubra nuestra tapa de papel para vasos 3712GEB, paquete de 50<\/h3>\n<p><!--more--><\/p>\n<p data-start=\"157\" data-end=\"478\">Elija una soluci\u00f3n <strong data-start=\"181\" data-end=\"193\">pr\u00e1ctica<\/strong>, <strong data-start=\"195\" data-end=\"209\">ecol\u00f3gica<\/strong> y <strong data-start=\"213\" data-end=\"223\">fiable<\/strong> con nuestra <strong data-start=\"235\" data-end=\"279\">tapa para vasos de papel 3712GEB<\/strong>, que se vende en paquetes de <strong data-start=\"297\" data-end=\"310\">50 unidades<\/strong>. Ideal para profesionales de la restauraci\u00f3n, cafeter\u00edas de comida para llevar o eventos, esta <strong>tapa de papel<\/strong> combina <strong data-start=\"423\" data-end=\"441\">funcionalidad<\/strong> y <strong data-start=\"445\" data-end=\"475\">respeto por el medio ambiente<\/strong>. <\/p>\n<p data-start=\"480\" data-end=\"895\">Fabricada con <strong data-start=\"501\" data-end=\"539\">papel reciclable<\/strong>, es una excelente alternativa a las tapas de pl\u00e1stico. Su <strong data-start=\"613\" data-end=\"635\">robusto dise\u00f1o<\/strong> garantiza un cierre herm\u00e9tico y seguro, evitando cualquier riesgo de fuga o derrame. Gracias a su <strong data-start=\"743\" data-end=\"765\">perfecta adaptaci\u00f3n<\/strong> al <span style=\"color: #d12727;\"><a style=\"color: #d12727;\" href=\"https:\/\/www.csj-emballages.com\/es\/produit\/50-jarras-de-cerveza-de-carton-blanco-30-35-cl\/\"><strong>vaso 3712GEB<\/strong><\/a><\/span>sus bebidas se mantienen a la temperatura adecuada durante m\u00e1s tiempo, ya est\u00e9n <strong data-start=\"866\" data-end=\"877\">fr\u00edas<\/strong> o <strong data-start=\"881\" data-end=\"892\">calientes<\/strong>.  <\/p>\n<p data-start=\"897\" data-end=\"1268\">Adem\u00e1s, su textura suave y su <strong data-start=\"930\" data-end=\"946\">dise\u00f1o sobrio<\/strong> realzan sus tazas, al tiempo que subrayan su compromiso con un mundo m\u00e1s sostenible. Esta <strong>tapa de papel<\/strong> es <strong data-start=\"1060\" data-end=\"1069\">ligera<\/strong>, <strong data-start=\"1071\" data-end=\"1091\">f\u00e1cil de guardar<\/strong> y se instala en un solo paso. Perfecta para cafeter\u00edas, salones de t\u00e9, food trucks o m\u00e1quinas expendedoras, seguro que satisface todas sus necesidades.  <\/p>\n<p data-start=\"1270\" data-end=\"1475\">Al elegir este producto, est\u00e1 adoptando un enfoque <strong data-start=\"1323\" data-end=\"1341\">ecorresponsable<\/strong> sin renunciar a <strong data-start=\"1363\" data-end=\"1374\">la calidad<\/strong> ni a la <strong data-start=\"1381\" data-end=\"1394\">practicidad<\/strong>. Son esos peque\u00f1os detalles los que marcan la diferencia en la experiencia del cliente. <\/p>\n<p data-start=\"1477\" data-end=\"1670\">\n<p data-start=\"1477\" data-end=\"1670\"><!--more--><\/p>\n<p><span style=\"font-weight: bold; text-decoration: underline; color: #ff0000;\">*Tapa con paso para pajita<\/span><\/p>\n<p>&nbsp;<\/p>\n<p><!--more--><\/p>\n<h4>Ventajas :<\/h4>\n<ul>\n<li data-start=\"1713\" data-end=\"1773\"><strong data-start=\"1715\" data-end=\"1729\">Respetuoso con el medio ambiente<\/strong>: fabricado con papel reciclable.<\/li>\n<li data-start=\"1776\" data-end=\"1836\"><strong data-start=\"1778\" data-end=\"1788\">Adecuado<\/strong>: dise\u00f1ado espec\u00edficamente para la <span style=\"color: #d12727;\"><a style=\"color: #d12727;\" href=\"https:\/\/www.csj-emballages.com\/es\/produit\/50-jarras-de-cerveza-de-carton-blanco-30-35-cl\/\"><strong>taza 3712GEB<\/strong><\/a><\/span>.<\/li>\n<li data-start=\"1839\" data-end=\"1897\"><strong data-start=\"1841\" data-end=\"1854\">Resistente<\/strong>: evita fugas y salpicaduras.<\/li>\n<li data-start=\"1900\" data-end=\"1962\"><strong data-start=\"1902\" data-end=\"1916\">Vers\u00e1til<\/strong>: apto para bebidas fr\u00edas o calientes.<\/li>\n<li data-start=\"1965\" data-end=\"2018\"><strong data-start=\"1967\" data-end=\"1981\">Est\u00e9tica<\/strong>: dise\u00f1o natural y profesional.<\/li>\n<li data-start=\"2021\" data-end=\"2079\"><strong data-start=\"2023\" data-end=\"2037\">Higi\u00e9nico<\/strong>: protege la bebida durante el transporte<\/li>\n<\/ul>\n<p>&nbsp;<\/p>\n<p><!--more--><\/p>\n<h4>Informaci\u00f3n adicional :<\/h4>\n<ul>\n<li><strong>Envase<\/strong>: Paquete de 50<\/li>\n<li><strong>Dimensiones<\/strong>: 90 x 12 (\u00d8 x altura en mm)<\/li>\n<li><strong>Material<\/strong>: Papel<\/li>\n<li><strong>Color<\/strong>: blanco<\/li>\n<\/ul>\n<p>&nbsp;<\/p>\n<p><!--more--><\/p>\n<p>Haga clic aqu\u00ed para ver nuestro vaso compatible con esta tapa de papel: <span style=\"color: #d12727;\"><a style=\"color: #d12727;\" href=\"https:\/\/www.csj-emballages.com\/es\/produit\/50-jarras-de-cerveza-de-carton-blanco-30-35-cl\/\">3712GEB<\/a><\/span><\/p>\n<p>&nbsp;<\/p>\n<p><!--more--><\/p>\n<p><a href=\"https:\/\/www.csj-emballages.com\/es\/categorie-produit\/envasado-de-alimentos\/catering-es\/tazas-vasos-cubos-botellas\/vasos-de-carton\/tazas-blancas\/\"><span style=\"text-decoration: underline;\">Ver el resto de nuestra gama de vasos de papel<\/span><\/a><\/p>\n","protected":false},"excerpt":{"rendered":"<p>Tapa de papel Descubra nuestra tapa de papel para vasos 3712GEB, paquete de 50<\/p>\n","protected":false},"featured_media":251246,"template":"","meta":{"_acf_changed":false},"product_brand":[],"product_cat":[1150,1179,1462,9240,9241,3545],"product_tag":[],"class_list":{"0":"post-251248","1":"product","2":"type-product","3":"status-publish","4":"has-post-thumbnail","6":"product_cat-envasado-de-alimentos","7":"product_cat-catering-es","8":"product_cat-tazas-vasos-cubos-botellas","9":"product_cat-vasos-de-carton","10":"product_cat-tazas-blancas","11":"product_cat-accesorios-es","13":"first","14":"instock","15":"taxable","16":"shipping-taxable","17":"purchasable","18":"product-type-simple"},"acf":[],"yoast_head":"<!-- This site is optimized with the Yoast SEO Premium plugin v26.6 (Yoast SEO v26.6) - https:\/\/yoast.com\/wordpress\/plugins\/seo\/ -->\n<title>Tapa de papel para vaso 3712GEB 50 unid.<\/title>\n<meta name=\"description\" content=\"Tapa de papel reciclable para vaso 3712GEB - paquete de 50. Pr\u00e1ctica, ecol\u00f3gica y resistente, ideal para cafeter\u00edas y comida para llevar.\" \/>\n<meta name=\"robots\" content=\"index, follow, max-snippet:-1, max-image-preview:large, max-video-preview:-1\" \/>\n<link rel=\"canonical\" href=\"https:\/\/www.csj-emballages.com\/es\/produit\/tapa-de-papel-para-vaso-3712geb-paquete-de-50\/\" \/>\n<meta property=\"og:locale\" content=\"es_ES\" \/>\n<meta property=\"og:type\" content=\"article\" \/>\n<meta property=\"og:title\" content=\"Tapa de papel para vaso 3712GEB, paquete de 50\" \/>\n<meta property=\"og:description\" content=\"Tapa de papel reciclable para vaso 3712GEB - paquete de 50. Pr\u00e1ctica, ecol\u00f3gica y resistente, ideal para cafeter\u00edas y comida para llevar.\" \/>\n<meta property=\"og:url\" content=\"https:\/\/www.csj-emballages.com\/es\/produit\/tapa-de-papel-para-vaso-3712geb-paquete-de-50\/\" \/>\n<meta property=\"og:site_name\" content=\"CSJ Emballages\" \/>\n<meta property=\"article:publisher\" content=\"https:\/\/www.facebook.com\/csjemballages\" \/>\n<meta property=\"article:modified_time\" content=\"2026-04-25T00:11:52+00:00\" \/>\n<meta property=\"og:image\" content=\"https:\/\/www.csj-emballages.com\/wp-content\/uploads\/2025\/10\/C3712.webp\" \/>\n\t<meta property=\"og:image:width\" content=\"800\" \/>\n\t<meta property=\"og:image:height\" content=\"800\" \/>\n\t<meta property=\"og:image:type\" content=\"image\/webp\" \/>\n<meta name=\"twitter:card\" content=\"summary_large_image\" \/>\n<meta name=\"twitter:label1\" content=\"Tiempo de lectura\" \/>\n\t<meta name=\"twitter:data1\" content=\"2 minutos\" \/>\n<script type=\"application\/ld+json\" class=\"yoast-schema-graph\">{\"@context\":\"https:\/\/schema.org\",\"@graph\":[{\"@type\":\"WebPage\",\"@id\":\"https:\/\/www.csj-emballages.com\/es\/produit\/tapa-de-papel-para-vaso-3712geb-paquete-de-50\/\",\"url\":\"https:\/\/www.csj-emballages.com\/es\/produit\/tapa-de-papel-para-vaso-3712geb-paquete-de-50\/\",\"name\":\"Tapa de papel para vaso 3712GEB 50 unid.\",\"isPartOf\":{\"@id\":\"https:\/\/www.csj-emballages.com\/es\/#website\"},\"primaryImageOfPage\":{\"@id\":\"https:\/\/www.csj-emballages.com\/es\/produit\/tapa-de-papel-para-vaso-3712geb-paquete-de-50\/#primaryimage\"},\"image\":{\"@id\":\"https:\/\/www.csj-emballages.com\/es\/produit\/tapa-de-papel-para-vaso-3712geb-paquete-de-50\/#primaryimage\"},\"thumbnailUrl\":\"https:\/\/www.csj-emballages.com\/wp-content\/uploads\/2025\/10\/C3712.webp\",\"datePublished\":\"2025-10-13T14:18:18+00:00\",\"dateModified\":\"2026-04-25T00:11:52+00:00\",\"description\":\"Tapa de papel reciclable para vaso 3712GEB - paquete de 50. Pr\u00e1ctica, ecol\u00f3gica y resistente, ideal para cafeter\u00edas y comida para llevar.\",\"breadcrumb\":{\"@id\":\"https:\/\/www.csj-emballages.com\/es\/produit\/tapa-de-papel-para-vaso-3712geb-paquete-de-50\/#breadcrumb\"},\"inLanguage\":\"es\",\"potentialAction\":[{\"@type\":\"ReadAction\",\"target\":[\"https:\/\/www.csj-emballages.com\/es\/produit\/tapa-de-papel-para-vaso-3712geb-paquete-de-50\/\"]}]},{\"@type\":\"ImageObject\",\"inLanguage\":\"es\",\"@id\":\"https:\/\/www.csj-emballages.com\/es\/produit\/tapa-de-papel-para-vaso-3712geb-paquete-de-50\/#primaryimage\",\"url\":\"https:\/\/www.csj-emballages.com\/wp-content\/uploads\/2025\/10\/C3712.webp\",\"contentUrl\":\"https:\/\/www.csj-emballages.com\/wp-content\/uploads\/2025\/10\/C3712.webp\",\"width\":800,\"height\":800,\"caption\":\"Couvercle carton\"},{\"@type\":\"BreadcrumbList\",\"@id\":\"https:\/\/www.csj-emballages.com\/es\/produit\/tapa-de-papel-para-vaso-3712geb-paquete-de-50\/#breadcrumb\",\"itemListElement\":[{\"@type\":\"ListItem\",\"position\":1,\"name\":\"Accueil\",\"item\":\"https:\/\/www.csj-emballages.com\/es\/universo-del-envasado-alimentario\/\"},{\"@type\":\"ListItem\",\"position\":2,\"name\":\"Tienda\",\"item\":\"https:\/\/www.csj-emballages.com\/tienda\/\"},{\"@type\":\"ListItem\",\"position\":3,\"name\":\"Tapa de papel para vaso 3712GEB, paquete de 50\"}]},{\"@type\":\"WebSite\",\"@id\":\"https:\/\/www.csj-emballages.com\/es\/#website\",\"url\":\"https:\/\/www.csj-emballages.com\/es\/\",\"name\":\"CSJ Emballages\",\"description\":\"\",\"publisher\":{\"@id\":\"https:\/\/www.csj-emballages.com\/es\/#organization\"},\"potentialAction\":[{\"@type\":\"SearchAction\",\"target\":{\"@type\":\"EntryPoint\",\"urlTemplate\":\"https:\/\/www.csj-emballages.com\/es\/?s={search_term_string}\"},\"query-input\":{\"@type\":\"PropertyValueSpecification\",\"valueRequired\":true,\"valueName\":\"search_term_string\"}}],\"inLanguage\":\"es\"},{\"@type\":\"Organization\",\"@id\":\"https:\/\/www.csj-emballages.com\/es\/#Organization\/\",\"name\":\"CSJ Emballages\",\"url\":\"https:\/\/www.csj-emballages.com\/es\/\",\"logo\":{\"@type\":\"ImageObject\",\"inLanguage\":\"es\",\"@id\":\"https:\/\/www.csj-emballages.com\/es\/#\/schema\/logo\/image\/\",\"url\":\"https:\/\/www.csj-emballages.com\/wp-content\/uploads\/2023\/10\/logo_csj.webp\",\"contentUrl\":\"https:\/\/www.csj-emballages.com\/wp-content\/uploads\/2023\/10\/logo_csj.webp\",\"width\":250,\"height\":95,\"caption\":\"CSJ Emballages\"},\"image\":{\"@id\":\"https:\/\/www.csj-emballages.com\/es\/#\/schema\/logo\/image\/\"},\"sameAs\":[\"https:\/\/www.facebook.com\/csjemballages\"],\"address\":{\"@type\":\"PostalAddress\",\"streetAddress\":\"ZI La Lechere\",\"addressLocality\":\"Patornay\",\"postalCode\":\"39130\",\"addressCountry\":\"FR\"},\"contactPoint\":[{\"@type\":\"ContactPoint\",\"contactType\":\"Service client\",\"telephone\":\"0384254272\",\"email\":\"contact@csj-emballages.com\"}]}]}<\/script>\n<!-- \/ Yoast SEO Premium plugin. -->","yoast_head_json":{"title":"Tapa de papel para vaso 3712GEB 50 unid.","description":"Tapa de papel reciclable para vaso 3712GEB - paquete de 50. Pr\u00e1ctica, ecol\u00f3gica y resistente, ideal para cafeter\u00edas y comida para llevar.","robots":{"index":"index","follow":"follow","max-snippet":"max-snippet:-1","max-image-preview":"max-image-preview:large","max-video-preview":"max-video-preview:-1"},"canonical":"https:\/\/www.csj-emballages.com\/es\/produit\/tapa-de-papel-para-vaso-3712geb-paquete-de-50\/","og_locale":"es_ES","og_type":"article","og_title":"Tapa de papel para vaso 3712GEB, paquete de 50","og_description":"Tapa de papel reciclable para vaso 3712GEB - paquete de 50. Pr\u00e1ctica, ecol\u00f3gica y resistente, ideal para cafeter\u00edas y comida para llevar.","og_url":"https:\/\/www.csj-emballages.com\/es\/produit\/tapa-de-papel-para-vaso-3712geb-paquete-de-50\/","og_site_name":"CSJ Emballages","article_publisher":"https:\/\/www.facebook.com\/csjemballages","article_modified_time":"2026-04-25T00:11:52+00:00","og_image":[{"width":800,"height":800,"url":"https:\/\/www.csj-emballages.com\/wp-content\/uploads\/2025\/10\/C3712.webp","type":"image\/webp"}],"twitter_card":"summary_large_image","twitter_misc":{"Tiempo de lectura":"2 minutos"},"schema":{"@context":"https:\/\/schema.org","@graph":[{"@type":"WebPage","@id":"https:\/\/www.csj-emballages.com\/es\/produit\/tapa-de-papel-para-vaso-3712geb-paquete-de-50\/","url":"https:\/\/www.csj-emballages.com\/es\/produit\/tapa-de-papel-para-vaso-3712geb-paquete-de-50\/","name":"Tapa de papel para vaso 3712GEB 50 unid.","isPartOf":{"@id":"https:\/\/www.csj-emballages.com\/es\/#website"},"primaryImageOfPage":{"@id":"https:\/\/www.csj-emballages.com\/es\/produit\/tapa-de-papel-para-vaso-3712geb-paquete-de-50\/#primaryimage"},"image":{"@id":"https:\/\/www.csj-emballages.com\/es\/produit\/tapa-de-papel-para-vaso-3712geb-paquete-de-50\/#primaryimage"},"thumbnailUrl":"https:\/\/www.csj-emballages.com\/wp-content\/uploads\/2025\/10\/C3712.webp","datePublished":"2025-10-13T14:18:18+00:00","dateModified":"2026-04-25T00:11:52+00:00","description":"Tapa de papel reciclable para vaso 3712GEB - paquete de 50. Pr\u00e1ctica, ecol\u00f3gica y resistente, ideal para cafeter\u00edas y comida para llevar.","breadcrumb":{"@id":"https:\/\/www.csj-emballages.com\/es\/produit\/tapa-de-papel-para-vaso-3712geb-paquete-de-50\/#breadcrumb"},"inLanguage":"es","potentialAction":[{"@type":"ReadAction","target":["https:\/\/www.csj-emballages.com\/es\/produit\/tapa-de-papel-para-vaso-3712geb-paquete-de-50\/"]}]},{"@type":"ImageObject","inLanguage":"es","@id":"https:\/\/www.csj-emballages.com\/es\/produit\/tapa-de-papel-para-vaso-3712geb-paquete-de-50\/#primaryimage","url":"https:\/\/www.csj-emballages.com\/wp-content\/uploads\/2025\/10\/C3712.webp","contentUrl":"https:\/\/www.csj-emballages.com\/wp-content\/uploads\/2025\/10\/C3712.webp","width":800,"height":800,"caption":"Couvercle carton"},{"@type":"BreadcrumbList","@id":"https:\/\/www.csj-emballages.com\/es\/produit\/tapa-de-papel-para-vaso-3712geb-paquete-de-50\/#breadcrumb","itemListElement":[{"@type":"ListItem","position":1,"name":"Accueil","item":"https:\/\/www.csj-emballages.com\/es\/universo-del-envasado-alimentario\/"},{"@type":"ListItem","position":2,"name":"Tienda","item":"https:\/\/www.csj-emballages.com\/tienda\/"},{"@type":"ListItem","position":3,"name":"Tapa de papel para vaso 3712GEB, paquete de 50"}]},{"@type":"WebSite","@id":"https:\/\/www.csj-emballages.com\/es\/#website","url":"https:\/\/www.csj-emballages.com\/es\/","name":"CSJ Emballages","description":"","publisher":{"@id":"https:\/\/www.csj-emballages.com\/es\/#organization"},"potentialAction":[{"@type":"SearchAction","target":{"@type":"EntryPoint","urlTemplate":"https:\/\/www.csj-emballages.com\/es\/?s={search_term_string}"},"query-input":{"@type":"PropertyValueSpecification","valueRequired":true,"valueName":"search_term_string"}}],"inLanguage":"es"},{"@type":"Organization","@id":"https:\/\/www.csj-emballages.com\/es\/#Organization\/","name":"CSJ Emballages","url":"https:\/\/www.csj-emballages.com\/es\/","logo":{"@type":"ImageObject","inLanguage":"es","@id":"https:\/\/www.csj-emballages.com\/es\/#\/schema\/logo\/image\/","url":"https:\/\/www.csj-emballages.com\/wp-content\/uploads\/2023\/10\/logo_csj.webp","contentUrl":"https:\/\/www.csj-emballages.com\/wp-content\/uploads\/2023\/10\/logo_csj.webp","width":250,"height":95,"caption":"CSJ Emballages"},"image":{"@id":"https:\/\/www.csj-emballages.com\/es\/#\/schema\/logo\/image\/"},"sameAs":["https:\/\/www.facebook.com\/csjemballages"],"address":{"@type":"PostalAddress","streetAddress":"ZI La Lechere","addressLocality":"Patornay","postalCode":"39130","addressCountry":"FR"},"contactPoint":[{"@type":"ContactPoint","contactType":"Service client","telephone":"0384254272","email":"contact@csj-emballages.com"}]}]}},"df_price":3.22,"df_sale_price":"","df_regular_price":3.22,"df_image_link":"https:\/\/www.csj-emballages.com\/wp-content\/uploads\/2025\/10\/C3712-300x300.webp","tiered_pricing_type":"fixed","tiered_pricing_fixed_rules":[],"tiered_pricing_percentage_rules":[],"tiered_pricing_minimum":1,"tiered_pricing_roles_data":[],"_links":{"self":[{"href":"https:\/\/www.csj-emballages.com\/es\/wp-json\/wp\/v2\/product\/251248","targetHints":{"allow":["GET"]}}],"collection":[{"href":"https:\/\/www.csj-emballages.com\/es\/wp-json\/wp\/v2\/product"}],"about":[{"href":"https:\/\/www.csj-emballages.com\/es\/wp-json\/wp\/v2\/types\/product"}],"wp:featuredmedia":[{"embeddable":true,"href":"https:\/\/www.csj-emballages.com\/es\/wp-json\/wp\/v2\/media\/251246"}],"wp:attachment":[{"href":"https:\/\/www.csj-emballages.com\/es\/wp-json\/wp\/v2\/media?parent=251248"}],"wp:term":[{"taxonomy":"product_brand","embeddable":true,"href":"https:\/\/www.csj-emballages.com\/es\/wp-json\/wp\/v2\/product_brand?post=251248"},{"taxonomy":"product_cat","embeddable":true,"href":"https:\/\/www.csj-emballages.com\/es\/wp-json\/wp\/v2\/product_cat?post=251248"},{"taxonomy":"product_tag","embeddable":true,"href":"https:\/\/www.csj-emballages.com\/es\/wp-json\/wp\/v2\/product_tag?post=251248"}],"curies":[{"name":"wp","href":"https:\/\/api.w.org\/{rel}","templated":true}]}}