{"id":251235,"date":"2025-10-16T17:18:16","date_gmt":"2025-10-16T15:18:16","guid":{"rendered":"https:\/\/www.csj-emballages.com\/produit\/bolsa-de-la-compra-joyeux-noel-tejido-pp-reutilizable-43-20-x-38-cm\/"},"modified":"2026-03-12T16:37:59","modified_gmt":"2026-03-12T15:37:59","slug":"bolsa-de-la-compra-joyeux-noel-tejido-pp-reutilizable-43-20-x-38-cm","status":"publish","type":"product","link":"https:\/\/www.csj-emballages.com\/es\/produit\/bolsa-de-la-compra-joyeux-noel-tejido-pp-reutilizable-43-20-x-38-cm\/","title":{"rendered":"Bolsa de la compra \u00abJoyeux No\u00ebl\u00bb Tejido PP reutilizable 43 + 20 x 38 cm"},"content":{"rendered":"<h2 class=\"p1\">Bolsa de la compra<\/h2>\n<hr>\n<h3>Descripci\u00f3n de nuestra bolsa de la compra reutilizable de PP tejido \u00abFeliz Navidad\u00bb 43 + 20 x 38 cm<\/h3>\n<p><!--more--><\/p>\n<p data-start=\"125\" data-end=\"425\">Celebre la magia de las fiestas con nuestra <strong data-start=\"164\" data-end=\"232\">bolsa \u00abFeliz Navidad\u00bb de PP tejido reutilizable de 43 + 20 x 38 cm<\/strong>. Ideal para envolver sus regalos, transportar sus compras o dar un toque festivo a sus ventas de fin de a\u00f1o, esta <strong>bolsa<\/strong> combina <strong data-start=\"365\" data-end=\"377\">robustez<\/strong>, <strong data-start=\"379\" data-end=\"388\">estilo<\/strong> y <strong data-start=\"392\" data-end=\"422\">respeto por el medio ambiente<\/strong>.<\/p>\n<p data-start=\"427\" data-end=\"778\">Fabricado con <strong data-start=\"448\" data-end=\"471\">polipropileno tejido<\/strong>, es a la vez <strong data-start=\"490\" data-end=\"515\">resistente a la carga<\/strong> y <strong data-start=\"519\" data-end=\"540\">f\u00e1cil de limpiar<\/strong>, lo que lo convierte en el compa\u00f1ero perfecto para el uso diario. Gracias a su material robusto e impermeable, soporta f\u00e1cilmente el peso de productos alimenticios, botellas u objetos voluminosos sin romperse.<\/p>\n<p data-start=\"780\" data-end=\"1088\">Adem\u00e1s, su dise\u00f1o festivo \u00ab<strong>Joyeux No\u00ebl<\/strong>\u00bb aporta instant\u00e1neamente un <strong data-start=\"839\" data-end=\"877\">ambiente c\u00e1lido y acogedor<\/strong>, perfecto para seducir a sus clientes durante las fiestas navide\u00f1as. Esta bolsa de tela se puede utilizar como <strong data-start=\"984\" data-end=\"1004\">envoltorio de regalo<\/strong>, <strong data-start=\"1006\" data-end=\"1026\">bolsa promocional<\/strong> o incluso como <strong data-start=\"1041\" data-end=\"1085\">alternativa ecol\u00f3gica a las bolsas desechables<\/strong>.<\/p>\n<p data-start=\"1090\" data-end=\"1451\">Del mismo modo, sus <strong data-start=\"1103\" data-end=\"1123\">asas reforzadas<\/strong> garantizan una excelente comodidad durante el transporte, mientras que su gran formato (<strong>43 + 20 x 38 cm<\/strong>) ofrece <strong data-start=\"1223\" data-end=\"1245\">un volumen generoso<\/strong> para guardar f\u00e1cilmente todo tipo de art\u00edculos. Por lo tanto, representa una soluci\u00f3n pr\u00e1ctica y est\u00e9tica para los profesionales de la restauraci\u00f3n, las tiendas de comestibles, las pasteler\u00edas o las tiendas de regalos.<\/p>\n<p><!--more--><\/p>\n<h4><strong>Ventajas :<\/strong><\/h4>\n<ul>\n<li data-start=\"1789\" data-end=\"1870\"><strong data-start=\"1789\" data-end=\"1805\">Reutilizables<\/strong> y duraderas: reducen los residuos y sustituyen a las bolsas desechables.<\/li>\n<li data-start=\"1873\" data-end=\"1947\"><strong data-start=\"1873\" data-end=\"1894\">Material tejido de PP<\/strong>: \u00f3ptima resistencia a la carga y a la humedad.<\/li>\n<li data-start=\"1950\" data-end=\"2023\"><strong data-start=\"1950\" data-end=\"1967\">Dise\u00f1o festivo<\/strong> y atractivo: perfecto para las fiestas.<\/li>\n<li data-start=\"2026\" data-end=\"2092\"><strong data-start=\"2026\" data-end=\"2042\">Gran formato<\/strong>: capacidad ideal para productos voluminosos.<\/li>\n<li data-start=\"2095\" data-end=\"2148\"><strong data-start=\"2095\" data-end=\"2115\">Asas reforzadas<\/strong>: comodidad de transporte garantizada.<\/li>\n<\/ul>\n<p>&nbsp;<\/p>\n<p><!--more--><\/p>\n<h4>Informaci\u00f3n adicional :<\/h4>\n<ul>\n<li><strong>Embalaje<\/strong>: Por unidad<\/li>\n<li><strong>Dimensiones<\/strong>: 43 + 20 x 38 cm<\/li>\n<li><strong>Material<\/strong>: PP (polipropileno) tejido<\/li>\n<li><strong>Color<\/strong>: Oro \/ Blanco<\/li>\n<\/ul>\n<p>&nbsp;<\/p>\n<p><!--more--><\/p>\n<p><a href=\"https:\/\/www.csj-emballages.com\/es\/categorie-produit\/envasado-de-alimentos\/tienda-y-almacen\/bolsas-sobres\/bolsos-boutique\/\">\u00a1Consulta el resto de nuestra gama de bolsos boutique!<\/a><\/p>\n","protected":false},"excerpt":{"rendered":"<p>Bolsa de la compra Descripci\u00f3n de nuestra bolsa de la compra reutilizable de PP tejido \u00abFeliz Navidad\u00bb 43 + 20 x 38 cm<\/p>\n","protected":false},"featured_media":260666,"template":"","meta":{"_acf_changed":false},"product_brand":[],"product_cat":[1150,1488,3873,1844],"product_tag":[],"class_list":{"0":"post-251235","1":"product","2":"type-product","3":"status-publish","4":"has-post-thumbnail","6":"product_cat-envasado-de-alimentos","7":"product_cat-tienda-y-almacen","8":"product_cat-bolsas-sobres","9":"product_cat-bolsos-boutique","11":"first","12":"instock","13":"taxable","14":"shipping-taxable","15":"purchasable","16":"product-type-simple"},"acf":[],"yoast_head":"<!-- This site is optimized with the Yoast SEO Premium plugin v26.6 (Yoast SEO v26.6) - https:\/\/yoast.com\/wordpress\/plugins\/seo\/ -->\n<title>Bolsa de la compra &quot;Feliz Navidad&quot; PP Tejido Reutilizable 43 + 20 x 38 cm<\/title>\n<meta name=\"description\" content=\"Bolsa de la compra &quot;Joyeux No\u00ebl&quot; de PP tejido reutilizable 43 + 20 x 38 cm: resistente y ecol\u00f3gica, ideal para panader\u00edas, pasteler\u00edas y la compra diaria.\" \/>\n<meta name=\"robots\" content=\"index, follow, max-snippet:-1, max-image-preview:large, max-video-preview:-1\" \/>\n<link rel=\"canonical\" href=\"https:\/\/www.csj-emballages.com\/es\/produit\/bolsa-de-la-compra-joyeux-noel-tejido-pp-reutilizable-43-20-x-38-cm\/\" \/>\n<meta property=\"og:locale\" content=\"es_ES\" \/>\n<meta property=\"og:type\" content=\"article\" \/>\n<meta property=\"og:title\" content=\"Bolsa de la compra &quot;Joyeux No\u00ebl&quot; Tejido PP reutilizable 43 + 20 x 38 cm\" \/>\n<meta property=\"og:description\" content=\"Bolsa de la compra &quot;Joyeux No\u00ebl&quot; de PP tejido reutilizable 43 + 20 x 38 cm: resistente y ecol\u00f3gica, ideal para panader\u00edas, pasteler\u00edas y la compra diaria.\" \/>\n<meta property=\"og:url\" content=\"https:\/\/www.csj-emballages.com\/es\/produit\/bolsa-de-la-compra-joyeux-noel-tejido-pp-reutilizable-43-20-x-38-cm\/\" \/>\n<meta property=\"og:site_name\" content=\"CSJ Emballages\" \/>\n<meta property=\"article:publisher\" content=\"https:\/\/www.facebook.com\/csjemballages\" \/>\n<meta property=\"article:modified_time\" content=\"2026-03-12T15:37:59+00:00\" \/>\n<meta property=\"og:image\" content=\"https:\/\/www.csj-emballages.com\/wp-content\/uploads\/2025\/10\/SACPPNOEL2025.webp\" \/>\n\t<meta property=\"og:image:width\" content=\"800\" \/>\n\t<meta property=\"og:image:height\" content=\"800\" \/>\n\t<meta property=\"og:image:type\" content=\"image\/webp\" \/>\n<meta name=\"twitter:card\" content=\"summary_large_image\" \/>\n<meta name=\"twitter:label1\" content=\"Tiempo de lectura\" \/>\n\t<meta name=\"twitter:data1\" content=\"2 minutos\" \/>\n<script type=\"application\/ld+json\" class=\"yoast-schema-graph\">{\"@context\":\"https:\/\/schema.org\",\"@graph\":[{\"@type\":\"WebPage\",\"@id\":\"https:\/\/www.csj-emballages.com\/es\/produit\/bolsa-de-la-compra-joyeux-noel-tejido-pp-reutilizable-43-20-x-38-cm\/\",\"url\":\"https:\/\/www.csj-emballages.com\/es\/produit\/bolsa-de-la-compra-joyeux-noel-tejido-pp-reutilizable-43-20-x-38-cm\/\",\"name\":\"Bolsa de la compra \\\"Feliz Navidad\\\" PP Tejido Reutilizable 43 + 20 x 38 cm\",\"isPartOf\":{\"@id\":\"https:\/\/www.csj-emballages.com\/es\/#website\"},\"primaryImageOfPage\":{\"@id\":\"https:\/\/www.csj-emballages.com\/es\/produit\/bolsa-de-la-compra-joyeux-noel-tejido-pp-reutilizable-43-20-x-38-cm\/#primaryimage\"},\"image\":{\"@id\":\"https:\/\/www.csj-emballages.com\/es\/produit\/bolsa-de-la-compra-joyeux-noel-tejido-pp-reutilizable-43-20-x-38-cm\/#primaryimage\"},\"thumbnailUrl\":\"https:\/\/www.csj-emballages.com\/wp-content\/uploads\/2025\/10\/SACPPNOEL2025.webp\",\"datePublished\":\"2025-10-16T15:18:16+00:00\",\"dateModified\":\"2026-03-12T15:37:59+00:00\",\"description\":\"Bolsa de la compra \\\"Joyeux No\u00ebl\\\" de PP tejido reutilizable 43 + 20 x 38 cm: resistente y ecol\u00f3gica, ideal para panader\u00edas, pasteler\u00edas y la compra diaria.\",\"breadcrumb\":{\"@id\":\"https:\/\/www.csj-emballages.com\/es\/produit\/bolsa-de-la-compra-joyeux-noel-tejido-pp-reutilizable-43-20-x-38-cm\/#breadcrumb\"},\"inLanguage\":\"es\",\"potentialAction\":[{\"@type\":\"ReadAction\",\"target\":[\"https:\/\/www.csj-emballages.com\/es\/produit\/bolsa-de-la-compra-joyeux-noel-tejido-pp-reutilizable-43-20-x-38-cm\/\"]}]},{\"@type\":\"ImageObject\",\"inLanguage\":\"es\",\"@id\":\"https:\/\/www.csj-emballages.com\/es\/produit\/bolsa-de-la-compra-joyeux-noel-tejido-pp-reutilizable-43-20-x-38-cm\/#primaryimage\",\"url\":\"https:\/\/www.csj-emballages.com\/wp-content\/uploads\/2025\/10\/SACPPNOEL2025.webp\",\"contentUrl\":\"https:\/\/www.csj-emballages.com\/wp-content\/uploads\/2025\/10\/SACPPNOEL2025.webp\",\"width\":800,\"height\":800,\"caption\":\"SACPPNOEL2025\"},{\"@type\":\"BreadcrumbList\",\"@id\":\"https:\/\/www.csj-emballages.com\/es\/produit\/bolsa-de-la-compra-joyeux-noel-tejido-pp-reutilizable-43-20-x-38-cm\/#breadcrumb\",\"itemListElement\":[{\"@type\":\"ListItem\",\"position\":1,\"name\":\"Accueil\",\"item\":\"https:\/\/www.csj-emballages.com\/es\/universo-del-envasado-alimentario\/\"},{\"@type\":\"ListItem\",\"position\":2,\"name\":\"Tienda\",\"item\":\"https:\/\/www.csj-emballages.com\/tienda\/\"},{\"@type\":\"ListItem\",\"position\":3,\"name\":\"Bolsa de la compra \u00ab\u00a0Joyeux No\u00ebl\u00a0\u00bb Tejido PP reutilizable 43 + 20 x 38 cm\"}]},{\"@type\":\"WebSite\",\"@id\":\"https:\/\/www.csj-emballages.com\/es\/#website\",\"url\":\"https:\/\/www.csj-emballages.com\/es\/\",\"name\":\"CSJ Emballages\",\"description\":\"\",\"publisher\":{\"@id\":\"https:\/\/www.csj-emballages.com\/es\/#organization\"},\"potentialAction\":[{\"@type\":\"SearchAction\",\"target\":{\"@type\":\"EntryPoint\",\"urlTemplate\":\"https:\/\/www.csj-emballages.com\/es\/?s={search_term_string}\"},\"query-input\":{\"@type\":\"PropertyValueSpecification\",\"valueRequired\":true,\"valueName\":\"search_term_string\"}}],\"inLanguage\":\"es\"},{\"@type\":\"Organization\",\"@id\":\"https:\/\/www.csj-emballages.com\/es\/#Organization\/\",\"name\":\"CSJ Emballages\",\"url\":\"https:\/\/www.csj-emballages.com\/es\/\",\"logo\":{\"@type\":\"ImageObject\",\"inLanguage\":\"es\",\"@id\":\"https:\/\/www.csj-emballages.com\/es\/#\/schema\/logo\/image\/\",\"url\":\"https:\/\/www.csj-emballages.com\/wp-content\/uploads\/2023\/10\/logo_csj.webp\",\"contentUrl\":\"https:\/\/www.csj-emballages.com\/wp-content\/uploads\/2023\/10\/logo_csj.webp\",\"width\":250,\"height\":95,\"caption\":\"CSJ Emballages\"},\"image\":{\"@id\":\"https:\/\/www.csj-emballages.com\/es\/#\/schema\/logo\/image\/\"},\"sameAs\":[\"https:\/\/www.facebook.com\/csjemballages\"],\"address\":{\"@type\":\"PostalAddress\",\"streetAddress\":\"ZI La Lechere\",\"addressLocality\":\"Patornay\",\"postalCode\":\"39130\",\"addressCountry\":\"FR\"},\"contactPoint\":[{\"@type\":\"ContactPoint\",\"contactType\":\"Service client\",\"telephone\":\"0384254272\",\"email\":\"contact@csj-emballages.com\"}]}]}<\/script>\n<!-- \/ Yoast SEO Premium plugin. -->","yoast_head_json":{"title":"Bolsa de la compra \"Feliz Navidad\" PP Tejido Reutilizable 43 + 20 x 38 cm","description":"Bolsa de la compra \"Joyeux No\u00ebl\" de PP tejido reutilizable 43 + 20 x 38 cm: resistente y ecol\u00f3gica, ideal para panader\u00edas, pasteler\u00edas y la compra diaria.","robots":{"index":"index","follow":"follow","max-snippet":"max-snippet:-1","max-image-preview":"max-image-preview:large","max-video-preview":"max-video-preview:-1"},"canonical":"https:\/\/www.csj-emballages.com\/es\/produit\/bolsa-de-la-compra-joyeux-noel-tejido-pp-reutilizable-43-20-x-38-cm\/","og_locale":"es_ES","og_type":"article","og_title":"Bolsa de la compra \"Joyeux No\u00ebl\" Tejido PP reutilizable 43 + 20 x 38 cm","og_description":"Bolsa de la compra \"Joyeux No\u00ebl\" de PP tejido reutilizable 43 + 20 x 38 cm: resistente y ecol\u00f3gica, ideal para panader\u00edas, pasteler\u00edas y la compra diaria.","og_url":"https:\/\/www.csj-emballages.com\/es\/produit\/bolsa-de-la-compra-joyeux-noel-tejido-pp-reutilizable-43-20-x-38-cm\/","og_site_name":"CSJ Emballages","article_publisher":"https:\/\/www.facebook.com\/csjemballages","article_modified_time":"2026-03-12T15:37:59+00:00","og_image":[{"width":800,"height":800,"url":"https:\/\/www.csj-emballages.com\/wp-content\/uploads\/2025\/10\/SACPPNOEL2025.webp","type":"image\/webp"}],"twitter_card":"summary_large_image","twitter_misc":{"Tiempo de lectura":"2 minutos"},"schema":{"@context":"https:\/\/schema.org","@graph":[{"@type":"WebPage","@id":"https:\/\/www.csj-emballages.com\/es\/produit\/bolsa-de-la-compra-joyeux-noel-tejido-pp-reutilizable-43-20-x-38-cm\/","url":"https:\/\/www.csj-emballages.com\/es\/produit\/bolsa-de-la-compra-joyeux-noel-tejido-pp-reutilizable-43-20-x-38-cm\/","name":"Bolsa de la compra \"Feliz Navidad\" PP Tejido Reutilizable 43 + 20 x 38 cm","isPartOf":{"@id":"https:\/\/www.csj-emballages.com\/es\/#website"},"primaryImageOfPage":{"@id":"https:\/\/www.csj-emballages.com\/es\/produit\/bolsa-de-la-compra-joyeux-noel-tejido-pp-reutilizable-43-20-x-38-cm\/#primaryimage"},"image":{"@id":"https:\/\/www.csj-emballages.com\/es\/produit\/bolsa-de-la-compra-joyeux-noel-tejido-pp-reutilizable-43-20-x-38-cm\/#primaryimage"},"thumbnailUrl":"https:\/\/www.csj-emballages.com\/wp-content\/uploads\/2025\/10\/SACPPNOEL2025.webp","datePublished":"2025-10-16T15:18:16+00:00","dateModified":"2026-03-12T15:37:59+00:00","description":"Bolsa de la compra \"Joyeux No\u00ebl\" de PP tejido reutilizable 43 + 20 x 38 cm: resistente y ecol\u00f3gica, ideal para panader\u00edas, pasteler\u00edas y la compra diaria.","breadcrumb":{"@id":"https:\/\/www.csj-emballages.com\/es\/produit\/bolsa-de-la-compra-joyeux-noel-tejido-pp-reutilizable-43-20-x-38-cm\/#breadcrumb"},"inLanguage":"es","potentialAction":[{"@type":"ReadAction","target":["https:\/\/www.csj-emballages.com\/es\/produit\/bolsa-de-la-compra-joyeux-noel-tejido-pp-reutilizable-43-20-x-38-cm\/"]}]},{"@type":"ImageObject","inLanguage":"es","@id":"https:\/\/www.csj-emballages.com\/es\/produit\/bolsa-de-la-compra-joyeux-noel-tejido-pp-reutilizable-43-20-x-38-cm\/#primaryimage","url":"https:\/\/www.csj-emballages.com\/wp-content\/uploads\/2025\/10\/SACPPNOEL2025.webp","contentUrl":"https:\/\/www.csj-emballages.com\/wp-content\/uploads\/2025\/10\/SACPPNOEL2025.webp","width":800,"height":800,"caption":"SACPPNOEL2025"},{"@type":"BreadcrumbList","@id":"https:\/\/www.csj-emballages.com\/es\/produit\/bolsa-de-la-compra-joyeux-noel-tejido-pp-reutilizable-43-20-x-38-cm\/#breadcrumb","itemListElement":[{"@type":"ListItem","position":1,"name":"Accueil","item":"https:\/\/www.csj-emballages.com\/es\/universo-del-envasado-alimentario\/"},{"@type":"ListItem","position":2,"name":"Tienda","item":"https:\/\/www.csj-emballages.com\/tienda\/"},{"@type":"ListItem","position":3,"name":"Bolsa de la compra \u00ab\u00a0Joyeux No\u00ebl\u00a0\u00bb Tejido PP reutilizable 43 + 20 x 38 cm"}]},{"@type":"WebSite","@id":"https:\/\/www.csj-emballages.com\/es\/#website","url":"https:\/\/www.csj-emballages.com\/es\/","name":"CSJ Emballages","description":"","publisher":{"@id":"https:\/\/www.csj-emballages.com\/es\/#organization"},"potentialAction":[{"@type":"SearchAction","target":{"@type":"EntryPoint","urlTemplate":"https:\/\/www.csj-emballages.com\/es\/?s={search_term_string}"},"query-input":{"@type":"PropertyValueSpecification","valueRequired":true,"valueName":"search_term_string"}}],"inLanguage":"es"},{"@type":"Organization","@id":"https:\/\/www.csj-emballages.com\/es\/#Organization\/","name":"CSJ Emballages","url":"https:\/\/www.csj-emballages.com\/es\/","logo":{"@type":"ImageObject","inLanguage":"es","@id":"https:\/\/www.csj-emballages.com\/es\/#\/schema\/logo\/image\/","url":"https:\/\/www.csj-emballages.com\/wp-content\/uploads\/2023\/10\/logo_csj.webp","contentUrl":"https:\/\/www.csj-emballages.com\/wp-content\/uploads\/2023\/10\/logo_csj.webp","width":250,"height":95,"caption":"CSJ Emballages"},"image":{"@id":"https:\/\/www.csj-emballages.com\/es\/#\/schema\/logo\/image\/"},"sameAs":["https:\/\/www.facebook.com\/csjemballages"],"address":{"@type":"PostalAddress","streetAddress":"ZI La Lechere","addressLocality":"Patornay","postalCode":"39130","addressCountry":"FR"},"contactPoint":[{"@type":"ContactPoint","contactType":"Service client","telephone":"0384254272","email":"contact@csj-emballages.com"}]}]}},"df_price":1.26,"df_sale_price":"","df_regular_price":1.26,"df_image_link":"https:\/\/www.csj-emballages.com\/wp-content\/uploads\/2025\/10\/SACPPNOEL2025-300x300.webp","tiered_pricing_type":"fixed","tiered_pricing_fixed_rules":[],"tiered_pricing_percentage_rules":[],"tiered_pricing_minimum":1,"tiered_pricing_roles_data":[],"_links":{"self":[{"href":"https:\/\/www.csj-emballages.com\/es\/wp-json\/wp\/v2\/product\/251235","targetHints":{"allow":["GET"]}}],"collection":[{"href":"https:\/\/www.csj-emballages.com\/es\/wp-json\/wp\/v2\/product"}],"about":[{"href":"https:\/\/www.csj-emballages.com\/es\/wp-json\/wp\/v2\/types\/product"}],"wp:featuredmedia":[{"embeddable":true,"href":"https:\/\/www.csj-emballages.com\/es\/wp-json\/wp\/v2\/media\/260666"}],"wp:attachment":[{"href":"https:\/\/www.csj-emballages.com\/es\/wp-json\/wp\/v2\/media?parent=251235"}],"wp:term":[{"taxonomy":"product_brand","embeddable":true,"href":"https:\/\/www.csj-emballages.com\/es\/wp-json\/wp\/v2\/product_brand?post=251235"},{"taxonomy":"product_cat","embeddable":true,"href":"https:\/\/www.csj-emballages.com\/es\/wp-json\/wp\/v2\/product_cat?post=251235"},{"taxonomy":"product_tag","embeddable":true,"href":"https:\/\/www.csj-emballages.com\/es\/wp-json\/wp\/v2\/product_tag?post=251235"}],"curies":[{"name":"wp","href":"https:\/\/api.w.org\/{rel}","templated":true}]}}