{"id":251196,"date":"2025-10-17T15:18:24","date_gmt":"2025-10-17T13:18:24","guid":{"rendered":"https:\/\/www.csj-emballages.com\/produit\/botella-de-plastico-pet-translucido-con-tapon-negro-50-cl-150-unidades\/"},"modified":"2026-05-04T16:00:35","modified_gmt":"2026-05-04T14:00:35","slug":"botella-de-plastico-pet-translucido-con-tapon-negro-50-cl-150-unidades","status":"publish","type":"product","link":"https:\/\/www.csj-emballages.com\/es\/produit\/botella-de-plastico-pet-translucido-con-tapon-negro-50-cl-150-unidades\/","title":{"rendered":"Botella de pl\u00e1stico PET transl\u00facido con tap\u00f3n negro 50 cl 150 unidades"},"content":{"rendered":"<h2 class=\"p1\">Botella de pl\u00e1stico<\/h2>\n<hr>\n<h3>Descripci\u00f3n de nuestra botella de pl\u00e1stico PET transl\u00facido con tap\u00f3n negro 50 cl por 150<\/h3>\n<p><!--more--><\/p>\n<p data-start=\"217\" data-end=\"570\">Pr\u00e1ctica, resistente y elegante, la <strong>botella de pl\u00e1stico PET transl\u00facido de 50 cl con tap\u00f3n <\/strong>negro es la elecci\u00f3n ideal para todos los profesionales del sector de la restauraci\u00f3n, la comida para llevar y los eventos. Gracias a su dise\u00f1o moderno y aerodin\u00e1mico, muestra perfectamente el contenido al tiempo que garantiza una higiene \u00f3ptima. <\/p>\n<p data-start=\"572\" data-end=\"988\">Fabricada en <strong>PET<\/strong>, esta <strong>botella<\/strong> combina ligereza y resistencia. <strong>El pl\u00e1stico PET<\/strong> es famoso por su <strong>resistencia a los impactos, su transparencia cristalina y su capacidad de reciclaje<\/strong>, lo que lo convierte en una soluci\u00f3n pr\u00e1ctica y respetuosa con el medio ambiente. As\u00ed podr\u00e1 ofrecer sus <strong>bebidas, zumos naturales, batidos<\/strong> o salsas l\u00edquidas en un envase tan duradero como atractivo.  <\/p>\n<p data-start=\"990\" data-end=\"1273\">Su <strong>tap\u00f3n negro acoplado<\/strong> es una verdadera ventaja: no s\u00f3lo evita cualquier p\u00e9rdida del tap\u00f3n, sino que tambi\u00e9n garantiza un cierre herm\u00e9tico para preservar la frescura del contenido. Este sistema de fijaci\u00f3n tambi\u00e9n simplifica el llenado y el uso diario. <\/p>\n<p data-start=\"1275\" data-end=\"1599\">Envasada en <strong>150 unidades<\/strong>, esta <strong>botella<\/strong> es perfecta para los profesionales que buscan un envase econ\u00f3mico y eficiente. Su <strong>capacidad de 50 cl<\/strong> facilita la adaptaci\u00f3n a porciones individuales, por lo que es ideal para comida para llevar, bares de zumos, catering y eventos. <\/p>\n<p data-start=\"1601\" data-end=\"1749\">En resumen, esta <strong>botella de pl\u00e1stico<\/strong> combina dise\u00f1o, practicidad y ecolog\u00eda, al tiempo que satisface las exigencias de los profesionales de la alimentaci\u00f3n.<\/p>\n<p data-start=\"1378\" data-end=\"1605\"><!--more--><\/p>\n<h4 data-start=\"1378\" data-end=\"1605\">Ventajas :<\/h4>\n<ul>\n<li data-start=\"1795\" data-end=\"1858\"><strong data-start=\"1795\" data-end=\"1822\">Material PET reciclable<\/strong>: respetuoso con el medio ambiente.<\/li>\n<li data-start=\"1861\" data-end=\"1919\"><strong data-start=\"1861\" data-end=\"1885\">Tap\u00f3n negro incorporado<\/strong>: cierre seguro e higi\u00e9nico.<\/li>\n<li data-start=\"1922\" data-end=\"1970\"><strong data-start=\"1922\" data-end=\"1938\">Transparencia<\/strong>: destaca las bebidas.<\/li>\n<li data-start=\"1973\" data-end=\"2032\"><strong data-start=\"1973\" data-end=\"1989\">Formato de 50 cl<\/strong>: ideal para raciones individuales.<\/li>\n<li data-start=\"2035\" data-end=\"2102\">Envasado <strong data-start=\"2035\" data-end=\"2062\">en paquetes de 150<\/strong>: econ\u00f3mico para profesionales.<\/li>\n<\/ul>\n<p>&nbsp;<\/p>\n<p><!--more--><\/p>\n<h4>Informaci\u00f3n adicional :<\/h4>\n<ul>\n<li><strong>Envase<\/strong>: Paquete de 150<\/li>\n<li><strong>Dimensiones<\/strong>: 35 x 180 (\u00d8 x h en mm)<\/li>\n<li><strong>Material<\/strong>: PET<\/li>\n<li><strong>Capacidad<\/strong>: 50 cl<\/li>\n<li><strong>Color<\/strong>: Transparente \/ Negro<\/li>\n<\/ul>\n<p>&nbsp;<\/p>\n<p><!--more--><\/p>\n<p>Esta botella de pl\u00e1stico de 50 cl est\u00e1 disponible en diferentes tama\u00f1os: <span style=\"color: #d12727;\"><a style=\"color: #d12727;\" href=\"https:\/\/www.csj-emballages.com\/pt-pt\/produit\/frasco-de-plastico-pet-translucido-com-tampa-preta-25-cl-por-270\/\">25 cl<\/a><\/span> \/ <span style=\"color: #d12727;\"><a style=\"color: #d12727;\" href=\"https:\/\/www.csj-emballages.com\/es\/produit\/botella-de-plastico-pet-translucido-con-tapon-negro-33-cl-por-220\/\">33 cl<\/a> <\/span>\/ <span style=\"color: #d12727;\"><a style=\"color: #d12727;\" href=\"https:\/\/www.csj-emballages.com\/pt-pt\/produit\/frasco-de-plastico-pet-translucido-com-tampa-preta-100-cl-por-74\/\">100 cl<\/a><\/span><\/p>\n<p>&nbsp;<\/p>\n<p><!--more--><\/p>\n<p><a href=\"https:\/\/www.csj-emballages.com\/es\/categorie-produit\/envasado-de-alimentos\/catering-es\/tazas-vasos-cubos-botellas\/botellas-de-plastico\/\">Ver el resto de nuestra gama de botellas de pl\u00e1stico<\/a><\/p>\n","protected":false},"excerpt":{"rendered":"<p>Botella de pl\u00e1stico Descripci\u00f3n de nuestra botella de pl\u00e1stico PET transl\u00facido con tap\u00f3n negro 50 cl por 150<\/p>\n","protected":false},"featured_media":251194,"template":"","meta":{"_acf_changed":false},"product_brand":[],"product_cat":[1150,1179,1462,1986],"product_tag":[],"class_list":{"0":"post-251196","1":"product","2":"type-product","3":"status-publish","4":"has-post-thumbnail","6":"product_cat-envasado-de-alimentos","7":"product_cat-catering-es","8":"product_cat-tazas-vasos-cubos-botellas","9":"product_cat-botellas-de-plastico","10":"product_shipping_class-no-permitido-en-reles","12":"first","13":"outofstock","14":"taxable","15":"shipping-taxable","16":"purchasable","17":"product-type-simple"},"acf":[],"yoast_head":"<!-- This site is optimized with the Yoast SEO Premium plugin v26.6 (Yoast SEO v26.6) - https:\/\/yoast.com\/wordpress\/plugins\/seo\/ -->\n<title>Botella de pl\u00e1stico PET con tap\u00f3n negro 50 cl<\/title>\n<meta name=\"description\" content=\"Botella transl\u00facida de PET de 50 cl con tap\u00f3n negro, resistente, reciclable e ideal para bebidas para llevar. En paquetes de 150 unidades.\" \/>\n<meta name=\"robots\" content=\"index, follow, max-snippet:-1, max-image-preview:large, max-video-preview:-1\" \/>\n<link rel=\"canonical\" href=\"https:\/\/www.csj-emballages.com\/es\/produit\/botella-de-plastico-pet-translucido-con-tapon-negro-50-cl-150-unidades\/\" \/>\n<meta property=\"og:locale\" content=\"es_ES\" \/>\n<meta property=\"og:type\" content=\"article\" \/>\n<meta property=\"og:title\" content=\"Botella de pl\u00e1stico PET transl\u00facido con tap\u00f3n negro 50 cl 150 unidades\" \/>\n<meta property=\"og:description\" content=\"Botella transl\u00facida de PET de 50 cl con tap\u00f3n negro, resistente, reciclable e ideal para bebidas para llevar. En paquetes de 150 unidades.\" \/>\n<meta property=\"og:url\" content=\"https:\/\/www.csj-emballages.com\/es\/produit\/botella-de-plastico-pet-translucido-con-tapon-negro-50-cl-150-unidades\/\" \/>\n<meta property=\"og:site_name\" content=\"CSJ Emballages\" \/>\n<meta property=\"article:publisher\" content=\"https:\/\/www.facebook.com\/csjemballages\" \/>\n<meta property=\"article:modified_time\" content=\"2026-05-04T14:00:35+00:00\" \/>\n<meta property=\"og:image\" content=\"https:\/\/www.csj-emballages.com\/wp-content\/uploads\/2025\/10\/BOUT50.webp\" \/>\n\t<meta property=\"og:image:width\" content=\"800\" \/>\n\t<meta property=\"og:image:height\" content=\"800\" \/>\n\t<meta property=\"og:image:type\" content=\"image\/webp\" \/>\n<meta name=\"twitter:card\" content=\"summary_large_image\" \/>\n<meta name=\"twitter:label1\" content=\"Tiempo de lectura\" \/>\n\t<meta name=\"twitter:data1\" content=\"2 minutos\" \/>\n<script type=\"application\/ld+json\" class=\"yoast-schema-graph\">{\"@context\":\"https:\/\/schema.org\",\"@graph\":[{\"@type\":\"WebPage\",\"@id\":\"https:\/\/www.csj-emballages.com\/es\/produit\/botella-de-plastico-pet-translucido-con-tapon-negro-50-cl-150-unidades\/\",\"url\":\"https:\/\/www.csj-emballages.com\/es\/produit\/botella-de-plastico-pet-translucido-con-tapon-negro-50-cl-150-unidades\/\",\"name\":\"Botella de pl\u00e1stico PET con tap\u00f3n negro 50 cl\",\"isPartOf\":{\"@id\":\"https:\/\/www.csj-emballages.com\/es\/#website\"},\"primaryImageOfPage\":{\"@id\":\"https:\/\/www.csj-emballages.com\/es\/produit\/botella-de-plastico-pet-translucido-con-tapon-negro-50-cl-150-unidades\/#primaryimage\"},\"image\":{\"@id\":\"https:\/\/www.csj-emballages.com\/es\/produit\/botella-de-plastico-pet-translucido-con-tapon-negro-50-cl-150-unidades\/#primaryimage\"},\"thumbnailUrl\":\"https:\/\/www.csj-emballages.com\/wp-content\/uploads\/2025\/10\/BOUT50.webp\",\"datePublished\":\"2025-10-17T13:18:24+00:00\",\"dateModified\":\"2026-05-04T14:00:35+00:00\",\"description\":\"Botella transl\u00facida de PET de 50 cl con tap\u00f3n negro, resistente, reciclable e ideal para bebidas para llevar. En paquetes de 150 unidades.\",\"breadcrumb\":{\"@id\":\"https:\/\/www.csj-emballages.com\/es\/produit\/botella-de-plastico-pet-translucido-con-tapon-negro-50-cl-150-unidades\/#breadcrumb\"},\"inLanguage\":\"es\",\"potentialAction\":[{\"@type\":\"ReadAction\",\"target\":[\"https:\/\/www.csj-emballages.com\/es\/produit\/botella-de-plastico-pet-translucido-con-tapon-negro-50-cl-150-unidades\/\"]}]},{\"@type\":\"ImageObject\",\"inLanguage\":\"es\",\"@id\":\"https:\/\/www.csj-emballages.com\/es\/produit\/botella-de-plastico-pet-translucido-con-tapon-negro-50-cl-150-unidades\/#primaryimage\",\"url\":\"https:\/\/www.csj-emballages.com\/wp-content\/uploads\/2025\/10\/BOUT50.webp\",\"contentUrl\":\"https:\/\/www.csj-emballages.com\/wp-content\/uploads\/2025\/10\/BOUT50.webp\",\"width\":800,\"height\":800,\"caption\":\"Bouteille en plastique\"},{\"@type\":\"BreadcrumbList\",\"@id\":\"https:\/\/www.csj-emballages.com\/es\/produit\/botella-de-plastico-pet-translucido-con-tapon-negro-50-cl-150-unidades\/#breadcrumb\",\"itemListElement\":[{\"@type\":\"ListItem\",\"position\":1,\"name\":\"Accueil\",\"item\":\"https:\/\/www.csj-emballages.com\/es\/universo-del-envasado-alimentario\/\"},{\"@type\":\"ListItem\",\"position\":2,\"name\":\"Tienda\",\"item\":\"https:\/\/www.csj-emballages.com\/tienda\/\"},{\"@type\":\"ListItem\",\"position\":3,\"name\":\"Botella de pl\u00e1stico PET transl\u00facido con tap\u00f3n negro 50 cl 150 unidades\"}]},{\"@type\":\"WebSite\",\"@id\":\"https:\/\/www.csj-emballages.com\/es\/#website\",\"url\":\"https:\/\/www.csj-emballages.com\/es\/\",\"name\":\"CSJ Emballages\",\"description\":\"\",\"publisher\":{\"@id\":\"https:\/\/www.csj-emballages.com\/es\/#organization\"},\"potentialAction\":[{\"@type\":\"SearchAction\",\"target\":{\"@type\":\"EntryPoint\",\"urlTemplate\":\"https:\/\/www.csj-emballages.com\/es\/?s={search_term_string}\"},\"query-input\":{\"@type\":\"PropertyValueSpecification\",\"valueRequired\":true,\"valueName\":\"search_term_string\"}}],\"inLanguage\":\"es\"},{\"@type\":\"Organization\",\"@id\":\"https:\/\/www.csj-emballages.com\/es\/#Organization\/\",\"name\":\"CSJ Emballages\",\"url\":\"https:\/\/www.csj-emballages.com\/es\/\",\"logo\":{\"@type\":\"ImageObject\",\"inLanguage\":\"es\",\"@id\":\"https:\/\/www.csj-emballages.com\/es\/#\/schema\/logo\/image\/\",\"url\":\"https:\/\/www.csj-emballages.com\/wp-content\/uploads\/2023\/10\/logo_csj.webp\",\"contentUrl\":\"https:\/\/www.csj-emballages.com\/wp-content\/uploads\/2023\/10\/logo_csj.webp\",\"width\":250,\"height\":95,\"caption\":\"CSJ Emballages\"},\"image\":{\"@id\":\"https:\/\/www.csj-emballages.com\/es\/#\/schema\/logo\/image\/\"},\"sameAs\":[\"https:\/\/www.facebook.com\/csjemballages\"],\"address\":{\"@type\":\"PostalAddress\",\"streetAddress\":\"ZI La Lechere\",\"addressLocality\":\"Patornay\",\"postalCode\":\"39130\",\"addressCountry\":\"FR\"},\"contactPoint\":[{\"@type\":\"ContactPoint\",\"contactType\":\"Service client\",\"telephone\":\"0384254272\",\"email\":\"contact@csj-emballages.com\"}]}]}<\/script>\n<!-- \/ Yoast SEO Premium plugin. -->","yoast_head_json":{"title":"Botella de pl\u00e1stico PET con tap\u00f3n negro 50 cl","description":"Botella transl\u00facida de PET de 50 cl con tap\u00f3n negro, resistente, reciclable e ideal para bebidas para llevar. En paquetes de 150 unidades.","robots":{"index":"index","follow":"follow","max-snippet":"max-snippet:-1","max-image-preview":"max-image-preview:large","max-video-preview":"max-video-preview:-1"},"canonical":"https:\/\/www.csj-emballages.com\/es\/produit\/botella-de-plastico-pet-translucido-con-tapon-negro-50-cl-150-unidades\/","og_locale":"es_ES","og_type":"article","og_title":"Botella de pl\u00e1stico PET transl\u00facido con tap\u00f3n negro 50 cl 150 unidades","og_description":"Botella transl\u00facida de PET de 50 cl con tap\u00f3n negro, resistente, reciclable e ideal para bebidas para llevar. En paquetes de 150 unidades.","og_url":"https:\/\/www.csj-emballages.com\/es\/produit\/botella-de-plastico-pet-translucido-con-tapon-negro-50-cl-150-unidades\/","og_site_name":"CSJ Emballages","article_publisher":"https:\/\/www.facebook.com\/csjemballages","article_modified_time":"2026-05-04T14:00:35+00:00","og_image":[{"width":800,"height":800,"url":"https:\/\/www.csj-emballages.com\/wp-content\/uploads\/2025\/10\/BOUT50.webp","type":"image\/webp"}],"twitter_card":"summary_large_image","twitter_misc":{"Tiempo de lectura":"2 minutos"},"schema":{"@context":"https:\/\/schema.org","@graph":[{"@type":"WebPage","@id":"https:\/\/www.csj-emballages.com\/es\/produit\/botella-de-plastico-pet-translucido-con-tapon-negro-50-cl-150-unidades\/","url":"https:\/\/www.csj-emballages.com\/es\/produit\/botella-de-plastico-pet-translucido-con-tapon-negro-50-cl-150-unidades\/","name":"Botella de pl\u00e1stico PET con tap\u00f3n negro 50 cl","isPartOf":{"@id":"https:\/\/www.csj-emballages.com\/es\/#website"},"primaryImageOfPage":{"@id":"https:\/\/www.csj-emballages.com\/es\/produit\/botella-de-plastico-pet-translucido-con-tapon-negro-50-cl-150-unidades\/#primaryimage"},"image":{"@id":"https:\/\/www.csj-emballages.com\/es\/produit\/botella-de-plastico-pet-translucido-con-tapon-negro-50-cl-150-unidades\/#primaryimage"},"thumbnailUrl":"https:\/\/www.csj-emballages.com\/wp-content\/uploads\/2025\/10\/BOUT50.webp","datePublished":"2025-10-17T13:18:24+00:00","dateModified":"2026-05-04T14:00:35+00:00","description":"Botella transl\u00facida de PET de 50 cl con tap\u00f3n negro, resistente, reciclable e ideal para bebidas para llevar. En paquetes de 150 unidades.","breadcrumb":{"@id":"https:\/\/www.csj-emballages.com\/es\/produit\/botella-de-plastico-pet-translucido-con-tapon-negro-50-cl-150-unidades\/#breadcrumb"},"inLanguage":"es","potentialAction":[{"@type":"ReadAction","target":["https:\/\/www.csj-emballages.com\/es\/produit\/botella-de-plastico-pet-translucido-con-tapon-negro-50-cl-150-unidades\/"]}]},{"@type":"ImageObject","inLanguage":"es","@id":"https:\/\/www.csj-emballages.com\/es\/produit\/botella-de-plastico-pet-translucido-con-tapon-negro-50-cl-150-unidades\/#primaryimage","url":"https:\/\/www.csj-emballages.com\/wp-content\/uploads\/2025\/10\/BOUT50.webp","contentUrl":"https:\/\/www.csj-emballages.com\/wp-content\/uploads\/2025\/10\/BOUT50.webp","width":800,"height":800,"caption":"Bouteille en plastique"},{"@type":"BreadcrumbList","@id":"https:\/\/www.csj-emballages.com\/es\/produit\/botella-de-plastico-pet-translucido-con-tapon-negro-50-cl-150-unidades\/#breadcrumb","itemListElement":[{"@type":"ListItem","position":1,"name":"Accueil","item":"https:\/\/www.csj-emballages.com\/es\/universo-del-envasado-alimentario\/"},{"@type":"ListItem","position":2,"name":"Tienda","item":"https:\/\/www.csj-emballages.com\/tienda\/"},{"@type":"ListItem","position":3,"name":"Botella de pl\u00e1stico PET transl\u00facido con tap\u00f3n negro 50 cl 150 unidades"}]},{"@type":"WebSite","@id":"https:\/\/www.csj-emballages.com\/es\/#website","url":"https:\/\/www.csj-emballages.com\/es\/","name":"CSJ Emballages","description":"","publisher":{"@id":"https:\/\/www.csj-emballages.com\/es\/#organization"},"potentialAction":[{"@type":"SearchAction","target":{"@type":"EntryPoint","urlTemplate":"https:\/\/www.csj-emballages.com\/es\/?s={search_term_string}"},"query-input":{"@type":"PropertyValueSpecification","valueRequired":true,"valueName":"search_term_string"}}],"inLanguage":"es"},{"@type":"Organization","@id":"https:\/\/www.csj-emballages.com\/es\/#Organization\/","name":"CSJ Emballages","url":"https:\/\/www.csj-emballages.com\/es\/","logo":{"@type":"ImageObject","inLanguage":"es","@id":"https:\/\/www.csj-emballages.com\/es\/#\/schema\/logo\/image\/","url":"https:\/\/www.csj-emballages.com\/wp-content\/uploads\/2023\/10\/logo_csj.webp","contentUrl":"https:\/\/www.csj-emballages.com\/wp-content\/uploads\/2023\/10\/logo_csj.webp","width":250,"height":95,"caption":"CSJ Emballages"},"image":{"@id":"https:\/\/www.csj-emballages.com\/es\/#\/schema\/logo\/image\/"},"sameAs":["https:\/\/www.facebook.com\/csjemballages"],"address":{"@type":"PostalAddress","streetAddress":"ZI La Lechere","addressLocality":"Patornay","postalCode":"39130","addressCountry":"FR"},"contactPoint":[{"@type":"ContactPoint","contactType":"Service client","telephone":"0384254272","email":"contact@csj-emballages.com"}]}]}},"df_price":52.21,"df_sale_price":"","df_regular_price":52.21,"df_image_link":"https:\/\/www.csj-emballages.com\/wp-content\/uploads\/2025\/10\/BOUT50-300x300.webp","tiered_pricing_type":"fixed","tiered_pricing_fixed_rules":[],"tiered_pricing_percentage_rules":[],"tiered_pricing_minimum":1,"tiered_pricing_roles_data":[],"_links":{"self":[{"href":"https:\/\/www.csj-emballages.com\/es\/wp-json\/wp\/v2\/product\/251196","targetHints":{"allow":["GET"]}}],"collection":[{"href":"https:\/\/www.csj-emballages.com\/es\/wp-json\/wp\/v2\/product"}],"about":[{"href":"https:\/\/www.csj-emballages.com\/es\/wp-json\/wp\/v2\/types\/product"}],"wp:featuredmedia":[{"embeddable":true,"href":"https:\/\/www.csj-emballages.com\/es\/wp-json\/wp\/v2\/media\/251194"}],"wp:attachment":[{"href":"https:\/\/www.csj-emballages.com\/es\/wp-json\/wp\/v2\/media?parent=251196"}],"wp:term":[{"taxonomy":"product_brand","embeddable":true,"href":"https:\/\/www.csj-emballages.com\/es\/wp-json\/wp\/v2\/product_brand?post=251196"},{"taxonomy":"product_cat","embeddable":true,"href":"https:\/\/www.csj-emballages.com\/es\/wp-json\/wp\/v2\/product_cat?post=251196"},{"taxonomy":"product_tag","embeddable":true,"href":"https:\/\/www.csj-emballages.com\/es\/wp-json\/wp\/v2\/product_tag?post=251196"}],"curies":[{"name":"wp","href":"https:\/\/api.w.org\/{rel}","templated":true}]}}