{"id":249250,"date":"2025-09-19T17:18:48","date_gmt":"2025-09-19T15:18:48","guid":{"rendered":"https:\/\/www.csj-emballages.com\/produit\/estuche-de-carton-burdeos-de-2-botellas-con-asa-integrada-180-x-90-x-385-mm-paquete-de-5\/"},"modified":"2026-04-18T02:11:29","modified_gmt":"2026-04-18T00:11:29","slug":"estuche-de-carton-burdeos-de-2-botellas-con-asa-integrada-180-x-90-x-385-mm-paquete-de-5","status":"publish","type":"product","link":"https:\/\/www.csj-emballages.com\/es\/produit\/estuche-de-carton-burdeos-de-2-botellas-con-asa-integrada-180-x-90-x-385-mm-paquete-de-5\/","title":{"rendered":"Estuche de cart\u00f3n burdeos de 2 botellas con asa integrada 180 x 90 x 385 mm, paquete de 5"},"content":{"rendered":"<h2 class=\"p1\">Estuche para botellas bordelesas<\/h2>\n<hr>\n<h3>Descripci\u00f3n de nuestro estuche de cart\u00f3n Burdeos 2 botellas con asa integrada 180 x 90 x 385 mm, paquete de 5<\/h3>\n<p><!--more--><\/p>\n<p data-start=\"103\" data-end=\"557\">Ofrezca a sus botellas una presentaci\u00f3n elegante y profesional con este <strong data-start=\"181\" data-end=\"221\">estuche para 2 botellas burdeos de cart\u00f3n<\/strong>. Gracias a su <strong data-start=\"375\" data-end=\"409\">cart\u00f3n r\u00edgido<\/strong>, asegura una buena protecci\u00f3n durante el transporte a la vez que realza las botellas en sus estanter\u00edas o durante sus ventas para llevar.<\/p>\n<p data-start=\"559\" data-end=\"872\">Este <strong data-start=\"563\" data-end=\"593\">estuche con asa integrada<\/strong> es ideal para bodegueros, productores de vino o tiendas gourmet que deseen ofrecer a sus clientes un embalaje a la vez <strong data-start=\"730\" data-end=\"755\">funcional y cuidado<\/strong>. El <strong data-start=\"760\" data-end=\"780\">asa troquelada<\/strong> directamente en el cart\u00f3n facilita el agarre, haciendo que el transporte sea sencillo y seguro.<\/p>\n<p data-start=\"874\" data-end=\"1154\">Del mismo modo, las <strong data-start=\"887\" data-end=\"909\">ventanas troqueladas<\/strong> no son solo est\u00e9ticas: tambi\u00e9n sirven de <strong data-start=\"973\" data-end=\"988\">separadores<\/strong> entre las botellas, evitando cualquier golpe durante la manipulaci\u00f3n. As\u00ed, cada botella permanece bien en su sitio, para un resultado impecable hasta la degustaci\u00f3n.<\/p>\n<p data-start=\"1156\" data-end=\"1483\">Su <strong data-start=\"1159\" data-end=\"1188\">tono burdeos elegante<\/strong> <strong data-start=\"1159\" data-end=\"1188\">y c\u00e1lido<\/strong> realza el producto sin distraer la atenci\u00f3n, perfecto para cestas de regalo, ventas de eventos o mercados locales. El estuche se entrega <strong data-start=\"1347\" data-end=\"1363\">en lote de 5<\/strong>, pr\u00e1ctico para los profesionales que deseen gestionar eficazmente sus existencias sin sobrecargar su espacio de almacenamiento.<\/p>\n<p data-start=\"1485\" data-end=\"1738\">En resumen, este <strong data-start=\"1500\" data-end=\"1552\">estuche para 2 botellas burdeos con asa integrada<\/strong> es la soluci\u00f3n ideal para combinar protecci\u00f3n, presentaci\u00f3n y facilidad de transporte. Una elecci\u00f3n inteligente para aquellos que quieren combinar elegancia y practicidad en el d\u00eda a d\u00eda.<\/p>\n<p data-start=\"1378\" data-end=\"1605\"><!--more--><\/p>\n<h4 data-start=\"1378\" data-end=\"1605\">Ventajas :<\/h4>\n<ul>\n<li data-start=\"1782\" data-end=\"1852\"><strong data-start=\"1782\" data-end=\"1812\">Cart\u00f3n r\u00edgido y resistente<\/strong>, perfecto para proteger las botellas.<\/li>\n<li data-start=\"1855\" data-end=\"1914\"><strong data-start=\"1855\" data-end=\"1875\">Asa integrada<\/strong> para un transporte f\u00e1cil y seguro.<\/li>\n<li data-start=\"1917\" data-end=\"1985\"><strong data-start=\"1917\" data-end=\"1939\">Ventanas recortadas<\/strong> para separar las botellas.<\/li>\n<li data-start=\"1988\" data-end=\"2060\"><strong data-start=\"1988\" data-end=\"2015\">Dise\u00f1o c\u00e1lido y chic<\/strong>, ideal para regalo o venta directa.<\/li>\n<li data-start=\"2063\" data-end=\"2125\"><strong data-start=\"2063\" data-end=\"2080\">Adecuado para<\/strong> botellas de Burdeos y Borgo\u00f1a.<\/li>\n<li data-start=\"2128\" data-end=\"2185\"><strong data-start=\"2128\" data-end=\"2149\">En paquetes de 5<\/strong> unidades, ideal para profesionales.<\/li>\n<\/ul>\n<p>&nbsp;<\/p>\n<p><!--more--><\/p>\n<h4>Informaci\u00f3n adicional :<\/h4>\n<ul>\n<li><strong>Envase<\/strong>: Paquete de 5<\/li>\n<li><strong>Dimensiones<\/strong>: 180 x 90 x 385 mm<\/li>\n<li><strong>Material<\/strong>: Cart\u00f3n<\/li>\n<li><strong>Capacidad<\/strong>: 2 botellas<\/li>\n<li><strong>Color<\/strong>: Burdeos<\/li>\n<\/ul>\n<p>&nbsp;<\/p>\n<p><!--more--><\/p>\n<p>Este estuche burdeos para 2 botellas est\u00e1 disponible en varias versiones: <span style=\"color: #d12727;\"><a style=\"color: #d12727;\" href=\"https:\/\/www.csj-emballages.com\/produit\/etui-a-bouteille-bordeaux-carton-avec-poignee-90-x-90-x-384-mm-par-5\/\">1 botella<\/a><\/span> \/ <span style=\"color: #d12727;\"><a style=\"color: #d12727;\" href=\"https:\/\/www.csj-emballages.com\/es\/produit\/estuche-de-carton-burdeos-de-3-botellas-con-asa-integrada-270-x-90-x-385-mm-paquete-de-5\/\">3 botellas<\/a><\/span><\/p>\n<p>&nbsp;<\/p>\n<p><!--more--><\/p>\n<p>Ver todos los colores disponibles para este estuche de 2 botellas: <span style=\"color: #d12727;\"><a style=\"color: #d12727;\" href=\"https:\/\/www.csj-emballages.com\/es\/produit\/estuche-de-carton-negro-para-2-botellas-con-asa-integrada-180-x-90-x-385-mm-paquete-de-5\/\">Negro<\/a><\/span><span style=\"color: #d12727;\"> <\/span>\/ <span style=\"color: #d12727;\"><a style=\"color: #d12727;\" href=\"https:\/\/www.csj-emballages.com\/es\/produit\/estuche-de-carton-blanco-de-2-botellas-con-asa-integrada-180-x-90-x-385-mm-paquete-de-5\/\">Blanco<\/a> <\/span>\/ <span style=\"color: #d12727;\"><a style=\"color: #d12727;\" href=\"https:\/\/www.csj-emballages.com\/es\/produit\/estuche-de-carton-verde-oliva-de-2-botellas-con-asa-integrada-180-x-90-x-385-mm-paquete-de-5\/\">Verde oliva<\/a> <\/span>\/ <span style=\"color: #d12727;\"><a style=\"color: #d12727;\" href=\"https:\/\/www.csj-emballages.com\/es\/produit\/estuche-de-carton-para-2-botellas-con-asa\/\">Kraft<\/a><\/span><\/p>\n<p>&nbsp;<\/p>\n<p><!--more--><\/p>\n<p><a href=\"https:\/\/www.csj-emballages.com\/es\/categorie-produit\/envasado-de-alimentos\/tienda-y-almacen\/bolsas-sobres\/bolsas-para-botellas\/\">Consulte el resto de nuestra gama de bolsas\/fundas para botellas<\/a><\/p>\n","protected":false},"excerpt":{"rendered":"<p>Estuche para botellas bordelesas Descripci\u00f3n de nuestro estuche de cart\u00f3n Burdeos 2 botellas con asa integrada 180 x 90 x 385 mm, paquete de 5<\/p>\n","protected":false},"featured_media":249247,"template":"","meta":{"_acf_changed":false},"product_brand":[],"product_cat":[1150,1488,3873,3424],"product_tag":[],"class_list":{"0":"post-249250","1":"product","2":"type-product","3":"status-publish","4":"has-post-thumbnail","6":"product_cat-envasado-de-alimentos","7":"product_cat-tienda-y-almacen","8":"product_cat-bolsas-sobres","9":"product_cat-bolsas-para-botellas","11":"first","12":"instock","13":"taxable","14":"shipping-taxable","15":"purchasable","16":"product-type-simple"},"acf":[],"yoast_head":"<!-- This site is optimized with the Yoast SEO Premium plugin v26.6 (Yoast SEO v26.6) - https:\/\/yoast.com\/wordpress\/plugins\/seo\/ -->\n<title>Burdeos Estuche para 2 botellas con asa 180 x 90 x 385 mm<\/title>\n<meta name=\"description\" content=\"Estuche de cart\u00f3n burdeos para 2 botellas con asa integrada. Elegante, s\u00f3lido y reciclable, perfecto para botellas de Burdeos o Borgo\u00f1a.\" \/>\n<meta name=\"robots\" content=\"index, follow, max-snippet:-1, max-image-preview:large, max-video-preview:-1\" \/>\n<link rel=\"canonical\" href=\"https:\/\/www.csj-emballages.com\/es\/produit\/estuche-de-carton-burdeos-de-2-botellas-con-asa-integrada-180-x-90-x-385-mm-paquete-de-5\/\" \/>\n<meta property=\"og:locale\" content=\"es_ES\" \/>\n<meta property=\"og:type\" content=\"article\" \/>\n<meta property=\"og:title\" content=\"Estuche de cart\u00f3n burdeos de 2 botellas con asa integrada 180 x 90 x 385 mm, paquete de 5\" \/>\n<meta property=\"og:description\" content=\"Estuche de cart\u00f3n burdeos para 2 botellas con asa integrada. Elegante, s\u00f3lido y reciclable, perfecto para botellas de Burdeos o Borgo\u00f1a.\" \/>\n<meta property=\"og:url\" content=\"https:\/\/www.csj-emballages.com\/es\/produit\/estuche-de-carton-burdeos-de-2-botellas-con-asa-integrada-180-x-90-x-385-mm-paquete-de-5\/\" \/>\n<meta property=\"og:site_name\" content=\"CSJ Emballages\" \/>\n<meta property=\"article:publisher\" content=\"https:\/\/www.facebook.com\/csjemballages\" \/>\n<meta property=\"article:modified_time\" content=\"2026-04-18T00:11:29+00:00\" \/>\n<meta property=\"og:image\" content=\"https:\/\/www.csj-emballages.com\/wp-content\/uploads\/2025\/09\/136986.webp\" \/>\n\t<meta property=\"og:image:width\" content=\"800\" \/>\n\t<meta property=\"og:image:height\" content=\"800\" \/>\n\t<meta property=\"og:image:type\" content=\"image\/webp\" \/>\n<meta name=\"twitter:card\" content=\"summary_large_image\" \/>\n<meta name=\"twitter:label1\" content=\"Tiempo de lectura\" \/>\n\t<meta name=\"twitter:data1\" content=\"2 minutos\" \/>\n<script type=\"application\/ld+json\" class=\"yoast-schema-graph\">{\"@context\":\"https:\/\/schema.org\",\"@graph\":[{\"@type\":\"WebPage\",\"@id\":\"https:\/\/www.csj-emballages.com\/es\/produit\/estuche-de-carton-burdeos-de-2-botellas-con-asa-integrada-180-x-90-x-385-mm-paquete-de-5\/\",\"url\":\"https:\/\/www.csj-emballages.com\/es\/produit\/estuche-de-carton-burdeos-de-2-botellas-con-asa-integrada-180-x-90-x-385-mm-paquete-de-5\/\",\"name\":\"Burdeos Estuche para 2 botellas con asa 180 x 90 x 385 mm\",\"isPartOf\":{\"@id\":\"https:\/\/www.csj-emballages.com\/es\/#website\"},\"primaryImageOfPage\":{\"@id\":\"https:\/\/www.csj-emballages.com\/es\/produit\/estuche-de-carton-burdeos-de-2-botellas-con-asa-integrada-180-x-90-x-385-mm-paquete-de-5\/#primaryimage\"},\"image\":{\"@id\":\"https:\/\/www.csj-emballages.com\/es\/produit\/estuche-de-carton-burdeos-de-2-botellas-con-asa-integrada-180-x-90-x-385-mm-paquete-de-5\/#primaryimage\"},\"thumbnailUrl\":\"https:\/\/www.csj-emballages.com\/wp-content\/uploads\/2025\/09\/136986.webp\",\"datePublished\":\"2025-09-19T15:18:48+00:00\",\"dateModified\":\"2026-04-18T00:11:29+00:00\",\"description\":\"Estuche de cart\u00f3n burdeos para 2 botellas con asa integrada. Elegante, s\u00f3lido y reciclable, perfecto para botellas de Burdeos o Borgo\u00f1a.\",\"breadcrumb\":{\"@id\":\"https:\/\/www.csj-emballages.com\/es\/produit\/estuche-de-carton-burdeos-de-2-botellas-con-asa-integrada-180-x-90-x-385-mm-paquete-de-5\/#breadcrumb\"},\"inLanguage\":\"es\",\"potentialAction\":[{\"@type\":\"ReadAction\",\"target\":[\"https:\/\/www.csj-emballages.com\/es\/produit\/estuche-de-carton-burdeos-de-2-botellas-con-asa-integrada-180-x-90-x-385-mm-paquete-de-5\/\"]}]},{\"@type\":\"ImageObject\",\"inLanguage\":\"es\",\"@id\":\"https:\/\/www.csj-emballages.com\/es\/produit\/estuche-de-carton-burdeos-de-2-botellas-con-asa-integrada-180-x-90-x-385-mm-paquete-de-5\/#primaryimage\",\"url\":\"https:\/\/www.csj-emballages.com\/wp-content\/uploads\/2025\/09\/136986.webp\",\"contentUrl\":\"https:\/\/www.csj-emballages.com\/wp-content\/uploads\/2025\/09\/136986.webp\",\"width\":800,\"height\":800,\"caption\":\"\u00c9tui 2 bouteilles bordeaux\"},{\"@type\":\"BreadcrumbList\",\"@id\":\"https:\/\/www.csj-emballages.com\/es\/produit\/estuche-de-carton-burdeos-de-2-botellas-con-asa-integrada-180-x-90-x-385-mm-paquete-de-5\/#breadcrumb\",\"itemListElement\":[{\"@type\":\"ListItem\",\"position\":1,\"name\":\"Accueil\",\"item\":\"https:\/\/www.csj-emballages.com\/es\/universo-del-envasado-alimentario\/\"},{\"@type\":\"ListItem\",\"position\":2,\"name\":\"Tienda\",\"item\":\"https:\/\/www.csj-emballages.com\/tienda\/\"},{\"@type\":\"ListItem\",\"position\":3,\"name\":\"Estuche de cart\u00f3n burdeos de 2 botellas con asa integrada 180 x 90 x 385 mm, paquete de 5\"}]},{\"@type\":\"WebSite\",\"@id\":\"https:\/\/www.csj-emballages.com\/es\/#website\",\"url\":\"https:\/\/www.csj-emballages.com\/es\/\",\"name\":\"CSJ Emballages\",\"description\":\"\",\"publisher\":{\"@id\":\"https:\/\/www.csj-emballages.com\/es\/#organization\"},\"potentialAction\":[{\"@type\":\"SearchAction\",\"target\":{\"@type\":\"EntryPoint\",\"urlTemplate\":\"https:\/\/www.csj-emballages.com\/es\/?s={search_term_string}\"},\"query-input\":{\"@type\":\"PropertyValueSpecification\",\"valueRequired\":true,\"valueName\":\"search_term_string\"}}],\"inLanguage\":\"es\"},{\"@type\":\"Organization\",\"@id\":\"https:\/\/www.csj-emballages.com\/es\/#Organization\/\",\"name\":\"CSJ Emballages\",\"url\":\"https:\/\/www.csj-emballages.com\/es\/\",\"logo\":{\"@type\":\"ImageObject\",\"inLanguage\":\"es\",\"@id\":\"https:\/\/www.csj-emballages.com\/es\/#\/schema\/logo\/image\/\",\"url\":\"https:\/\/www.csj-emballages.com\/wp-content\/uploads\/2023\/10\/logo_csj.webp\",\"contentUrl\":\"https:\/\/www.csj-emballages.com\/wp-content\/uploads\/2023\/10\/logo_csj.webp\",\"width\":250,\"height\":95,\"caption\":\"CSJ Emballages\"},\"image\":{\"@id\":\"https:\/\/www.csj-emballages.com\/es\/#\/schema\/logo\/image\/\"},\"sameAs\":[\"https:\/\/www.facebook.com\/csjemballages\"],\"address\":{\"@type\":\"PostalAddress\",\"streetAddress\":\"ZI La Lechere\",\"addressLocality\":\"Patornay\",\"postalCode\":\"39130\",\"addressCountry\":\"FR\"},\"contactPoint\":[{\"@type\":\"ContactPoint\",\"contactType\":\"Service client\",\"telephone\":\"0384254272\",\"email\":\"contact@csj-emballages.com\"}]}]}<\/script>\n<!-- \/ Yoast SEO Premium plugin. -->","yoast_head_json":{"title":"Burdeos Estuche para 2 botellas con asa 180 x 90 x 385 mm","description":"Estuche de cart\u00f3n burdeos para 2 botellas con asa integrada. Elegante, s\u00f3lido y reciclable, perfecto para botellas de Burdeos o Borgo\u00f1a.","robots":{"index":"index","follow":"follow","max-snippet":"max-snippet:-1","max-image-preview":"max-image-preview:large","max-video-preview":"max-video-preview:-1"},"canonical":"https:\/\/www.csj-emballages.com\/es\/produit\/estuche-de-carton-burdeos-de-2-botellas-con-asa-integrada-180-x-90-x-385-mm-paquete-de-5\/","og_locale":"es_ES","og_type":"article","og_title":"Estuche de cart\u00f3n burdeos de 2 botellas con asa integrada 180 x 90 x 385 mm, paquete de 5","og_description":"Estuche de cart\u00f3n burdeos para 2 botellas con asa integrada. Elegante, s\u00f3lido y reciclable, perfecto para botellas de Burdeos o Borgo\u00f1a.","og_url":"https:\/\/www.csj-emballages.com\/es\/produit\/estuche-de-carton-burdeos-de-2-botellas-con-asa-integrada-180-x-90-x-385-mm-paquete-de-5\/","og_site_name":"CSJ Emballages","article_publisher":"https:\/\/www.facebook.com\/csjemballages","article_modified_time":"2026-04-18T00:11:29+00:00","og_image":[{"width":800,"height":800,"url":"https:\/\/www.csj-emballages.com\/wp-content\/uploads\/2025\/09\/136986.webp","type":"image\/webp"}],"twitter_card":"summary_large_image","twitter_misc":{"Tiempo de lectura":"2 minutos"},"schema":{"@context":"https:\/\/schema.org","@graph":[{"@type":"WebPage","@id":"https:\/\/www.csj-emballages.com\/es\/produit\/estuche-de-carton-burdeos-de-2-botellas-con-asa-integrada-180-x-90-x-385-mm-paquete-de-5\/","url":"https:\/\/www.csj-emballages.com\/es\/produit\/estuche-de-carton-burdeos-de-2-botellas-con-asa-integrada-180-x-90-x-385-mm-paquete-de-5\/","name":"Burdeos Estuche para 2 botellas con asa 180 x 90 x 385 mm","isPartOf":{"@id":"https:\/\/www.csj-emballages.com\/es\/#website"},"primaryImageOfPage":{"@id":"https:\/\/www.csj-emballages.com\/es\/produit\/estuche-de-carton-burdeos-de-2-botellas-con-asa-integrada-180-x-90-x-385-mm-paquete-de-5\/#primaryimage"},"image":{"@id":"https:\/\/www.csj-emballages.com\/es\/produit\/estuche-de-carton-burdeos-de-2-botellas-con-asa-integrada-180-x-90-x-385-mm-paquete-de-5\/#primaryimage"},"thumbnailUrl":"https:\/\/www.csj-emballages.com\/wp-content\/uploads\/2025\/09\/136986.webp","datePublished":"2025-09-19T15:18:48+00:00","dateModified":"2026-04-18T00:11:29+00:00","description":"Estuche de cart\u00f3n burdeos para 2 botellas con asa integrada. Elegante, s\u00f3lido y reciclable, perfecto para botellas de Burdeos o Borgo\u00f1a.","breadcrumb":{"@id":"https:\/\/www.csj-emballages.com\/es\/produit\/estuche-de-carton-burdeos-de-2-botellas-con-asa-integrada-180-x-90-x-385-mm-paquete-de-5\/#breadcrumb"},"inLanguage":"es","potentialAction":[{"@type":"ReadAction","target":["https:\/\/www.csj-emballages.com\/es\/produit\/estuche-de-carton-burdeos-de-2-botellas-con-asa-integrada-180-x-90-x-385-mm-paquete-de-5\/"]}]},{"@type":"ImageObject","inLanguage":"es","@id":"https:\/\/www.csj-emballages.com\/es\/produit\/estuche-de-carton-burdeos-de-2-botellas-con-asa-integrada-180-x-90-x-385-mm-paquete-de-5\/#primaryimage","url":"https:\/\/www.csj-emballages.com\/wp-content\/uploads\/2025\/09\/136986.webp","contentUrl":"https:\/\/www.csj-emballages.com\/wp-content\/uploads\/2025\/09\/136986.webp","width":800,"height":800,"caption":"\u00c9tui 2 bouteilles bordeaux"},{"@type":"BreadcrumbList","@id":"https:\/\/www.csj-emballages.com\/es\/produit\/estuche-de-carton-burdeos-de-2-botellas-con-asa-integrada-180-x-90-x-385-mm-paquete-de-5\/#breadcrumb","itemListElement":[{"@type":"ListItem","position":1,"name":"Accueil","item":"https:\/\/www.csj-emballages.com\/es\/universo-del-envasado-alimentario\/"},{"@type":"ListItem","position":2,"name":"Tienda","item":"https:\/\/www.csj-emballages.com\/tienda\/"},{"@type":"ListItem","position":3,"name":"Estuche de cart\u00f3n burdeos de 2 botellas con asa integrada 180 x 90 x 385 mm, paquete de 5"}]},{"@type":"WebSite","@id":"https:\/\/www.csj-emballages.com\/es\/#website","url":"https:\/\/www.csj-emballages.com\/es\/","name":"CSJ Emballages","description":"","publisher":{"@id":"https:\/\/www.csj-emballages.com\/es\/#organization"},"potentialAction":[{"@type":"SearchAction","target":{"@type":"EntryPoint","urlTemplate":"https:\/\/www.csj-emballages.com\/es\/?s={search_term_string}"},"query-input":{"@type":"PropertyValueSpecification","valueRequired":true,"valueName":"search_term_string"}}],"inLanguage":"es"},{"@type":"Organization","@id":"https:\/\/www.csj-emballages.com\/es\/#Organization\/","name":"CSJ Emballages","url":"https:\/\/www.csj-emballages.com\/es\/","logo":{"@type":"ImageObject","inLanguage":"es","@id":"https:\/\/www.csj-emballages.com\/es\/#\/schema\/logo\/image\/","url":"https:\/\/www.csj-emballages.com\/wp-content\/uploads\/2023\/10\/logo_csj.webp","contentUrl":"https:\/\/www.csj-emballages.com\/wp-content\/uploads\/2023\/10\/logo_csj.webp","width":250,"height":95,"caption":"CSJ Emballages"},"image":{"@id":"https:\/\/www.csj-emballages.com\/es\/#\/schema\/logo\/image\/"},"sameAs":["https:\/\/www.facebook.com\/csjemballages"],"address":{"@type":"PostalAddress","streetAddress":"ZI La Lechere","addressLocality":"Patornay","postalCode":"39130","addressCountry":"FR"},"contactPoint":[{"@type":"ContactPoint","contactType":"Service client","telephone":"0384254272","email":"contact@csj-emballages.com"}]}]}},"df_price":6.37,"df_sale_price":"","df_regular_price":6.37,"df_image_link":"https:\/\/www.csj-emballages.com\/wp-content\/uploads\/2025\/09\/136986-300x300.webp","tiered_pricing_type":"fixed","tiered_pricing_fixed_rules":[],"tiered_pricing_percentage_rules":[],"tiered_pricing_minimum":1,"tiered_pricing_roles_data":[],"_links":{"self":[{"href":"https:\/\/www.csj-emballages.com\/es\/wp-json\/wp\/v2\/product\/249250","targetHints":{"allow":["GET"]}}],"collection":[{"href":"https:\/\/www.csj-emballages.com\/es\/wp-json\/wp\/v2\/product"}],"about":[{"href":"https:\/\/www.csj-emballages.com\/es\/wp-json\/wp\/v2\/types\/product"}],"wp:featuredmedia":[{"embeddable":true,"href":"https:\/\/www.csj-emballages.com\/es\/wp-json\/wp\/v2\/media\/249247"}],"wp:attachment":[{"href":"https:\/\/www.csj-emballages.com\/es\/wp-json\/wp\/v2\/media?parent=249250"}],"wp:term":[{"taxonomy":"product_brand","embeddable":true,"href":"https:\/\/www.csj-emballages.com\/es\/wp-json\/wp\/v2\/product_brand?post=249250"},{"taxonomy":"product_cat","embeddable":true,"href":"https:\/\/www.csj-emballages.com\/es\/wp-json\/wp\/v2\/product_cat?post=249250"},{"taxonomy":"product_tag","embeddable":true,"href":"https:\/\/www.csj-emballages.com\/es\/wp-json\/wp\/v2\/product_tag?post=249250"}],"curies":[{"name":"wp","href":"https:\/\/api.w.org\/{rel}","templated":true}]}}