{"id":249239,"date":"2025-09-19T17:18:44","date_gmt":"2025-09-19T15:18:44","guid":{"rendered":"https:\/\/www.csj-emballages.com\/produit\/estuche-de-carton-para-botellas-bordeaux-con-asa-integrada-90-x-90-x-384-mm-paquete-de-5\/"},"modified":"2026-04-18T02:11:28","modified_gmt":"2026-04-18T00:11:28","slug":"estuche-de-carton-para-botellas-bordeaux-con-asa-integrada-90-x-90-x-384-mm-paquete-de-5","status":"publish","type":"product","link":"https:\/\/www.csj-emballages.com\/es\/produit\/estuche-de-carton-para-botellas-bordeaux-con-asa-integrada-90-x-90-x-384-mm-paquete-de-5\/","title":{"rendered":"Estuche para botellas de cart\u00f3n burdeos con asa integrada 90 x 90 x 385 mm, paquete de 10"},"content":{"rendered":"<h2 class=\"p1\">Estuche para botellas bordelesas<\/h2>\n<hr>\n<h3>Descripci\u00f3n de nuestro estuche para botellas de cart\u00f3n burdeos con asa integrada 90 x 90 x 385 mm, paquete de 10<\/h3>\n<p><!--more--><\/p>\n<p data-start=\"110\" data-end=\"560\">Descubra nuestro <strong data-start=\"126\" data-end=\"187\">estuche para botella burdeos de cart\u00f3n con asa integrada<\/strong>, un elemento indispensable para realzar la presentaci\u00f3n de sus vinos a la vez que facilita su transporte. Dise\u00f1ado en <strong data-start=\"297\" data-end=\"325\">cart\u00f3n r\u00edgido<\/strong>, este <strong>estuche<\/strong> ofrece elegancia y practicidad. Gracias a sus dimensiones de <strong data-start=\"405\" data-end=\"425\">90 x 90 x 385 mm<\/strong>, es perfectamente adecuado para botellas de <strong data-start=\"472\" data-end=\"500\">Burdeos o Borgo\u00f1a<\/strong>, asegurando una sujeci\u00f3n \u00f3ptima y una protecci\u00f3n eficaz.<\/p>\n<p data-start=\"562\" data-end=\"950\">Su <strong data-start=\"566\" data-end=\"594\">color burdeos intenso<\/strong> aporta un toque refinado, ideal para <strong data-start=\"640\" data-end=\"652\">vinotecas<\/strong>, <strong data-start=\"654\" data-end=\"676\">bodegas<\/strong>, <strong data-start=\"678\" data-end=\"697\">tiendas gourmet<\/strong> o incluso para <strong data-start=\"717\" data-end=\"741\">regalos de empresa<\/strong>. Con su <strong data-start=\"751\" data-end=\"771\">asa integrada<\/strong>, el transporte se vuelve sencillo y seguro, evitando cualquier riesgo de deslizamiento. Del mismo modo, su estructura r\u00edgida garantiza la <strong data-start=\"890\" data-end=\"903\">estabilidad<\/strong> de la botella, incluso durante los desplazamientos.<\/p>\n<p data-start=\"952\" data-end=\"1371\">Adem\u00e1s, este <strong>estuche para<\/strong> botellas es m\u00e1s que un simple embalaje: es un aut\u00e9ntico escaparate para su botella. Ya sea para venderla en una tienda, en una feria de vinos o para enviarla, ofrece una presentaci\u00f3n profesional y de alta gama. Y gracias a su dise\u00f1o en <strong data-start=\"1250\" data-end=\"1271\">cart\u00f3n reciclable<\/strong>, se inscribe en un enfoque m\u00e1s <strong data-start=\"1309\" data-end=\"1338\">ecol\u00f3gico y responsable<\/strong>, sin comprometer la calidad.  <\/p>\n<p data-start=\"1373\" data-end=\"1539\">Optar por este <strong>estuche para botellas<\/strong> significa elegir un envase pr\u00e1ctico, atractivo y duradero, dise\u00f1ado para satisfacer las necesidades de los profesionales del vino.<\/p>\n<p data-start=\"1378\" data-end=\"1605\"><!--more--><\/p>\n<h4 data-start=\"1378\" data-end=\"1605\">Ventajas :<\/h4>\n<ul>\n<li data-start=\"1584\" data-end=\"1646\"><strong data-start=\"1586\" data-end=\"1606\">Asa integrada<\/strong> para un transporte f\u00e1cil y seguro.<\/li>\n<li data-start=\"1649\" data-end=\"1720\"><strong data-start=\"1651\" data-end=\"1681\">Cart\u00f3n plastificado resistente<\/strong>: protege eficazmente la botella.<\/li>\n<li data-start=\"1723\" data-end=\"1793\"><strong data-start=\"1725\" data-end=\"1743\">Dise\u00f1o elegante<\/strong> para botellas de Burdeos y Borgo\u00f1a.<\/li>\n<li data-start=\"1796\" data-end=\"1860\">Un <strong data-start=\"1798\" data-end=\"1823\">elegante color burdeos<\/strong>, ideal para cajas de regalo.<\/li>\n<li data-start=\"1863\" data-end=\"1928\"><strong data-start=\"1865\" data-end=\"1884\">Eco-responsable<\/strong>: fabricado con cart\u00f3n reciclable.<\/li>\n<\/ul>\n<p>&nbsp;<\/p>\n<p><!--more--><\/p>\n<h4>Informaci\u00f3n adicional :<\/h4>\n<ul>\n<li><strong>Envase<\/strong>: Paquete de 10<\/li>\n<li><strong>Dimensiones<\/strong>: 90 x 90 x 384 mm<\/li>\n<li><strong>Material<\/strong>: Cart\u00f3n<\/li>\n<li><strong>Capacidad<\/strong>: 1 botella<\/li>\n<li><strong>Color<\/strong>: Burdeos<\/li>\n<\/ul>\n<p>&nbsp;<\/p>\n<p><!--more--><\/p>\n<p>Este estuche burdeos para 1 botella est\u00e1 disponible en varias versiones: <span style=\"color: #d12727;\"><a style=\"color: #d12727;\" href=\"https:\/\/www.csj-emballages.com\/es\/produit\/estuche-de-carton-burdeos-de-2-botellas-con-asa-integrada-180-x-90-x-385-mm-paquete-de-5\/\">2 botellas<\/a><\/span> \/ <span style=\"color: #d12727;\"><a style=\"color: #d12727;\" href=\"https:\/\/www.csj-emballages.com\/en\/produit\/3-bottle-burgundy-cardboard-case-with-integrated-handle-270-x-90-x-385-mm-pack-of-5\/\">3 botellas<\/a><\/span><\/p>\n<p>&nbsp;<\/p>\n<p><!--more--><\/p>\n<p>Encuentre aqu\u00ed todos los colores disponibles para este estuche de 1 botella: <span style=\"color: #d12727;\"><a style=\"color: #d12727;\" href=\"https:\/\/www.csj-emballages.com\/produit\/etui-a-bouteille-noir-carton-pour-1-bouteilles-avec-poignee-90-x-90-x-384-mm-par-5\/\">Negro<\/a><\/span><span style=\"color: #d12727;\"> <\/span>\/ <span style=\"color: #d12727;\"><a style=\"color: #d12727;\" href=\"https:\/\/www.csj-emballages.com\/produit\/etui-a-bouteille-blanc-carton-avec-poignee-integree-90-x-90-x-384-mm-par-5\/\">Blanco<\/a> <\/span>\/ <span style=\"color: #d12727;\"><a style=\"color: #d12727;\" href=\"https:\/\/www.csj-emballages.com\/produit\/etui-a-bouteille-vert-olive-carton-avec-poignee-integree-90-x-90-385-mm-par-5\/\">Verde oliva<\/a><\/span><\/p>\n<p>&nbsp;<\/p>\n<p><!--more--><\/p>\n<p><a href=\"https:\/\/www.csj-emballages.com\/es\/categorie-produit\/envasado-de-alimentos\/tienda-y-almacen\/bolsas-sobres\/bolsas-para-botellas\/\">Consulte el resto de nuestra gama de bolsas\/fundas para botellas<\/a><\/p>\n","protected":false},"excerpt":{"rendered":"<p>Estuche para botellas bordelesas Descripci\u00f3n de nuestro estuche para botellas de cart\u00f3n burdeos con asa integrada 90 x 90 x 385 mm, paquete de 10<\/p>\n","protected":false},"featured_media":249236,"template":"","meta":{"_acf_changed":false},"product_brand":[],"product_cat":[1150,1488,3873,3424],"product_tag":[],"class_list":{"0":"post-249239","1":"product","2":"type-product","3":"status-publish","4":"has-post-thumbnail","6":"product_cat-envasado-de-alimentos","7":"product_cat-tienda-y-almacen","8":"product_cat-bolsas-sobres","9":"product_cat-bolsas-para-botellas","11":"first","12":"instock","13":"taxable","14":"shipping-taxable","15":"purchasable","16":"product-type-simple"},"acf":[],"yoast_head":"<!-- This site is optimized with the Yoast SEO Premium plugin v26.6 (Yoast SEO v26.6) - https:\/\/yoast.com\/wordpress\/plugins\/seo\/ -->\n<title>Estuche para botellas de Burdeos con asa integrada 90 x 90 x 384 mm<\/title>\n<meta name=\"description\" content=\"Estuche de cart\u00f3n para botellas de Burdeos con asa integrada. Elegante, resistente y reciclable, perfecto para botellas de Burdeos o Borgo\u00f1a.\" \/>\n<meta name=\"robots\" content=\"index, follow, max-snippet:-1, max-image-preview:large, max-video-preview:-1\" \/>\n<link rel=\"canonical\" href=\"https:\/\/www.csj-emballages.com\/es\/produit\/estuche-de-carton-para-botellas-bordeaux-con-asa-integrada-90-x-90-x-384-mm-paquete-de-5\/\" \/>\n<meta property=\"og:locale\" content=\"es_ES\" \/>\n<meta property=\"og:type\" content=\"article\" \/>\n<meta property=\"og:title\" content=\"Estuche para botellas de cart\u00f3n burdeos con asa integrada 90 x 90 x 385 mm, paquete de 10\" \/>\n<meta property=\"og:description\" content=\"Estuche de cart\u00f3n para botellas de Burdeos con asa integrada. Elegante, resistente y reciclable, perfecto para botellas de Burdeos o Borgo\u00f1a.\" \/>\n<meta property=\"og:url\" content=\"https:\/\/www.csj-emballages.com\/es\/produit\/estuche-de-carton-para-botellas-bordeaux-con-asa-integrada-90-x-90-x-384-mm-paquete-de-5\/\" \/>\n<meta property=\"og:site_name\" content=\"CSJ Emballages\" \/>\n<meta property=\"article:publisher\" content=\"https:\/\/www.facebook.com\/csjemballages\" \/>\n<meta property=\"article:modified_time\" content=\"2026-04-18T00:11:28+00:00\" \/>\n<meta property=\"og:image\" content=\"https:\/\/www.csj-emballages.com\/wp-content\/uploads\/2025\/09\/136985.webp\" \/>\n\t<meta property=\"og:image:width\" content=\"800\" \/>\n\t<meta property=\"og:image:height\" content=\"800\" \/>\n\t<meta property=\"og:image:type\" content=\"image\/webp\" \/>\n<meta name=\"twitter:card\" content=\"summary_large_image\" \/>\n<meta name=\"twitter:label1\" content=\"Tiempo de lectura\" \/>\n\t<meta name=\"twitter:data1\" content=\"2 minutos\" \/>\n<script type=\"application\/ld+json\" class=\"yoast-schema-graph\">{\"@context\":\"https:\/\/schema.org\",\"@graph\":[{\"@type\":\"WebPage\",\"@id\":\"https:\/\/www.csj-emballages.com\/es\/produit\/estuche-de-carton-para-botellas-bordeaux-con-asa-integrada-90-x-90-x-384-mm-paquete-de-5\/\",\"url\":\"https:\/\/www.csj-emballages.com\/es\/produit\/estuche-de-carton-para-botellas-bordeaux-con-asa-integrada-90-x-90-x-384-mm-paquete-de-5\/\",\"name\":\"Estuche para botellas de Burdeos con asa integrada 90 x 90 x 384 mm\",\"isPartOf\":{\"@id\":\"https:\/\/www.csj-emballages.com\/es\/#website\"},\"primaryImageOfPage\":{\"@id\":\"https:\/\/www.csj-emballages.com\/es\/produit\/estuche-de-carton-para-botellas-bordeaux-con-asa-integrada-90-x-90-x-384-mm-paquete-de-5\/#primaryimage\"},\"image\":{\"@id\":\"https:\/\/www.csj-emballages.com\/es\/produit\/estuche-de-carton-para-botellas-bordeaux-con-asa-integrada-90-x-90-x-384-mm-paquete-de-5\/#primaryimage\"},\"thumbnailUrl\":\"https:\/\/www.csj-emballages.com\/wp-content\/uploads\/2025\/09\/136985.webp\",\"datePublished\":\"2025-09-19T15:18:44+00:00\",\"dateModified\":\"2026-04-18T00:11:28+00:00\",\"description\":\"Estuche de cart\u00f3n para botellas de Burdeos con asa integrada. Elegante, resistente y reciclable, perfecto para botellas de Burdeos o Borgo\u00f1a.\",\"breadcrumb\":{\"@id\":\"https:\/\/www.csj-emballages.com\/es\/produit\/estuche-de-carton-para-botellas-bordeaux-con-asa-integrada-90-x-90-x-384-mm-paquete-de-5\/#breadcrumb\"},\"inLanguage\":\"es\",\"potentialAction\":[{\"@type\":\"ReadAction\",\"target\":[\"https:\/\/www.csj-emballages.com\/es\/produit\/estuche-de-carton-para-botellas-bordeaux-con-asa-integrada-90-x-90-x-384-mm-paquete-de-5\/\"]}]},{\"@type\":\"ImageObject\",\"inLanguage\":\"es\",\"@id\":\"https:\/\/www.csj-emballages.com\/es\/produit\/estuche-de-carton-para-botellas-bordeaux-con-asa-integrada-90-x-90-x-384-mm-paquete-de-5\/#primaryimage\",\"url\":\"https:\/\/www.csj-emballages.com\/wp-content\/uploads\/2025\/09\/136985.webp\",\"contentUrl\":\"https:\/\/www.csj-emballages.com\/wp-content\/uploads\/2025\/09\/136985.webp\",\"width\":800,\"height\":800,\"caption\":\"\u00c9tui \u00e0 bouteille bordeaux\"},{\"@type\":\"BreadcrumbList\",\"@id\":\"https:\/\/www.csj-emballages.com\/es\/produit\/estuche-de-carton-para-botellas-bordeaux-con-asa-integrada-90-x-90-x-384-mm-paquete-de-5\/#breadcrumb\",\"itemListElement\":[{\"@type\":\"ListItem\",\"position\":1,\"name\":\"Accueil\",\"item\":\"https:\/\/www.csj-emballages.com\/es\/universo-del-envasado-alimentario\/\"},{\"@type\":\"ListItem\",\"position\":2,\"name\":\"Tienda\",\"item\":\"https:\/\/www.csj-emballages.com\/tienda\/\"},{\"@type\":\"ListItem\",\"position\":3,\"name\":\"Estuche para botellas de cart\u00f3n burdeos con asa integrada 90 x 90 x 385 mm, paquete de 10\"}]},{\"@type\":\"WebSite\",\"@id\":\"https:\/\/www.csj-emballages.com\/es\/#website\",\"url\":\"https:\/\/www.csj-emballages.com\/es\/\",\"name\":\"CSJ Emballages\",\"description\":\"\",\"publisher\":{\"@id\":\"https:\/\/www.csj-emballages.com\/es\/#organization\"},\"potentialAction\":[{\"@type\":\"SearchAction\",\"target\":{\"@type\":\"EntryPoint\",\"urlTemplate\":\"https:\/\/www.csj-emballages.com\/es\/?s={search_term_string}\"},\"query-input\":{\"@type\":\"PropertyValueSpecification\",\"valueRequired\":true,\"valueName\":\"search_term_string\"}}],\"inLanguage\":\"es\"},{\"@type\":\"Organization\",\"@id\":\"https:\/\/www.csj-emballages.com\/es\/#Organization\/\",\"name\":\"CSJ Emballages\",\"url\":\"https:\/\/www.csj-emballages.com\/es\/\",\"logo\":{\"@type\":\"ImageObject\",\"inLanguage\":\"es\",\"@id\":\"https:\/\/www.csj-emballages.com\/es\/#\/schema\/logo\/image\/\",\"url\":\"https:\/\/www.csj-emballages.com\/wp-content\/uploads\/2023\/10\/logo_csj.webp\",\"contentUrl\":\"https:\/\/www.csj-emballages.com\/wp-content\/uploads\/2023\/10\/logo_csj.webp\",\"width\":250,\"height\":95,\"caption\":\"CSJ Emballages\"},\"image\":{\"@id\":\"https:\/\/www.csj-emballages.com\/es\/#\/schema\/logo\/image\/\"},\"sameAs\":[\"https:\/\/www.facebook.com\/csjemballages\"],\"address\":{\"@type\":\"PostalAddress\",\"streetAddress\":\"ZI La Lechere\",\"addressLocality\":\"Patornay\",\"postalCode\":\"39130\",\"addressCountry\":\"FR\"},\"contactPoint\":[{\"@type\":\"ContactPoint\",\"contactType\":\"Service client\",\"telephone\":\"0384254272\",\"email\":\"contact@csj-emballages.com\"}]}]}<\/script>\n<!-- \/ Yoast SEO Premium plugin. -->","yoast_head_json":{"title":"Estuche para botellas de Burdeos con asa integrada 90 x 90 x 384 mm","description":"Estuche de cart\u00f3n para botellas de Burdeos con asa integrada. Elegante, resistente y reciclable, perfecto para botellas de Burdeos o Borgo\u00f1a.","robots":{"index":"index","follow":"follow","max-snippet":"max-snippet:-1","max-image-preview":"max-image-preview:large","max-video-preview":"max-video-preview:-1"},"canonical":"https:\/\/www.csj-emballages.com\/es\/produit\/estuche-de-carton-para-botellas-bordeaux-con-asa-integrada-90-x-90-x-384-mm-paquete-de-5\/","og_locale":"es_ES","og_type":"article","og_title":"Estuche para botellas de cart\u00f3n burdeos con asa integrada 90 x 90 x 385 mm, paquete de 10","og_description":"Estuche de cart\u00f3n para botellas de Burdeos con asa integrada. Elegante, resistente y reciclable, perfecto para botellas de Burdeos o Borgo\u00f1a.","og_url":"https:\/\/www.csj-emballages.com\/es\/produit\/estuche-de-carton-para-botellas-bordeaux-con-asa-integrada-90-x-90-x-384-mm-paquete-de-5\/","og_site_name":"CSJ Emballages","article_publisher":"https:\/\/www.facebook.com\/csjemballages","article_modified_time":"2026-04-18T00:11:28+00:00","og_image":[{"width":800,"height":800,"url":"https:\/\/www.csj-emballages.com\/wp-content\/uploads\/2025\/09\/136985.webp","type":"image\/webp"}],"twitter_card":"summary_large_image","twitter_misc":{"Tiempo de lectura":"2 minutos"},"schema":{"@context":"https:\/\/schema.org","@graph":[{"@type":"WebPage","@id":"https:\/\/www.csj-emballages.com\/es\/produit\/estuche-de-carton-para-botellas-bordeaux-con-asa-integrada-90-x-90-x-384-mm-paquete-de-5\/","url":"https:\/\/www.csj-emballages.com\/es\/produit\/estuche-de-carton-para-botellas-bordeaux-con-asa-integrada-90-x-90-x-384-mm-paquete-de-5\/","name":"Estuche para botellas de Burdeos con asa integrada 90 x 90 x 384 mm","isPartOf":{"@id":"https:\/\/www.csj-emballages.com\/es\/#website"},"primaryImageOfPage":{"@id":"https:\/\/www.csj-emballages.com\/es\/produit\/estuche-de-carton-para-botellas-bordeaux-con-asa-integrada-90-x-90-x-384-mm-paquete-de-5\/#primaryimage"},"image":{"@id":"https:\/\/www.csj-emballages.com\/es\/produit\/estuche-de-carton-para-botellas-bordeaux-con-asa-integrada-90-x-90-x-384-mm-paquete-de-5\/#primaryimage"},"thumbnailUrl":"https:\/\/www.csj-emballages.com\/wp-content\/uploads\/2025\/09\/136985.webp","datePublished":"2025-09-19T15:18:44+00:00","dateModified":"2026-04-18T00:11:28+00:00","description":"Estuche de cart\u00f3n para botellas de Burdeos con asa integrada. Elegante, resistente y reciclable, perfecto para botellas de Burdeos o Borgo\u00f1a.","breadcrumb":{"@id":"https:\/\/www.csj-emballages.com\/es\/produit\/estuche-de-carton-para-botellas-bordeaux-con-asa-integrada-90-x-90-x-384-mm-paquete-de-5\/#breadcrumb"},"inLanguage":"es","potentialAction":[{"@type":"ReadAction","target":["https:\/\/www.csj-emballages.com\/es\/produit\/estuche-de-carton-para-botellas-bordeaux-con-asa-integrada-90-x-90-x-384-mm-paquete-de-5\/"]}]},{"@type":"ImageObject","inLanguage":"es","@id":"https:\/\/www.csj-emballages.com\/es\/produit\/estuche-de-carton-para-botellas-bordeaux-con-asa-integrada-90-x-90-x-384-mm-paquete-de-5\/#primaryimage","url":"https:\/\/www.csj-emballages.com\/wp-content\/uploads\/2025\/09\/136985.webp","contentUrl":"https:\/\/www.csj-emballages.com\/wp-content\/uploads\/2025\/09\/136985.webp","width":800,"height":800,"caption":"\u00c9tui \u00e0 bouteille bordeaux"},{"@type":"BreadcrumbList","@id":"https:\/\/www.csj-emballages.com\/es\/produit\/estuche-de-carton-para-botellas-bordeaux-con-asa-integrada-90-x-90-x-384-mm-paquete-de-5\/#breadcrumb","itemListElement":[{"@type":"ListItem","position":1,"name":"Accueil","item":"https:\/\/www.csj-emballages.com\/es\/universo-del-envasado-alimentario\/"},{"@type":"ListItem","position":2,"name":"Tienda","item":"https:\/\/www.csj-emballages.com\/tienda\/"},{"@type":"ListItem","position":3,"name":"Estuche para botellas de cart\u00f3n burdeos con asa integrada 90 x 90 x 385 mm, paquete de 10"}]},{"@type":"WebSite","@id":"https:\/\/www.csj-emballages.com\/es\/#website","url":"https:\/\/www.csj-emballages.com\/es\/","name":"CSJ Emballages","description":"","publisher":{"@id":"https:\/\/www.csj-emballages.com\/es\/#organization"},"potentialAction":[{"@type":"SearchAction","target":{"@type":"EntryPoint","urlTemplate":"https:\/\/www.csj-emballages.com\/es\/?s={search_term_string}"},"query-input":{"@type":"PropertyValueSpecification","valueRequired":true,"valueName":"search_term_string"}}],"inLanguage":"es"},{"@type":"Organization","@id":"https:\/\/www.csj-emballages.com\/es\/#Organization\/","name":"CSJ Emballages","url":"https:\/\/www.csj-emballages.com\/es\/","logo":{"@type":"ImageObject","inLanguage":"es","@id":"https:\/\/www.csj-emballages.com\/es\/#\/schema\/logo\/image\/","url":"https:\/\/www.csj-emballages.com\/wp-content\/uploads\/2023\/10\/logo_csj.webp","contentUrl":"https:\/\/www.csj-emballages.com\/wp-content\/uploads\/2023\/10\/logo_csj.webp","width":250,"height":95,"caption":"CSJ Emballages"},"image":{"@id":"https:\/\/www.csj-emballages.com\/es\/#\/schema\/logo\/image\/"},"sameAs":["https:\/\/www.facebook.com\/csjemballages"],"address":{"@type":"PostalAddress","streetAddress":"ZI La Lechere","addressLocality":"Patornay","postalCode":"39130","addressCountry":"FR"},"contactPoint":[{"@type":"ContactPoint","contactType":"Service client","telephone":"0384254272","email":"contact@csj-emballages.com"}]}]}},"df_price":7.75,"df_sale_price":"","df_regular_price":7.75,"df_image_link":"https:\/\/www.csj-emballages.com\/wp-content\/uploads\/2025\/09\/136985-300x300.webp","tiered_pricing_type":"fixed","tiered_pricing_fixed_rules":[],"tiered_pricing_percentage_rules":[],"tiered_pricing_minimum":1,"tiered_pricing_roles_data":[],"_links":{"self":[{"href":"https:\/\/www.csj-emballages.com\/es\/wp-json\/wp\/v2\/product\/249239","targetHints":{"allow":["GET"]}}],"collection":[{"href":"https:\/\/www.csj-emballages.com\/es\/wp-json\/wp\/v2\/product"}],"about":[{"href":"https:\/\/www.csj-emballages.com\/es\/wp-json\/wp\/v2\/types\/product"}],"wp:featuredmedia":[{"embeddable":true,"href":"https:\/\/www.csj-emballages.com\/es\/wp-json\/wp\/v2\/media\/249236"}],"wp:attachment":[{"href":"https:\/\/www.csj-emballages.com\/es\/wp-json\/wp\/v2\/media?parent=249239"}],"wp:term":[{"taxonomy":"product_brand","embeddable":true,"href":"https:\/\/www.csj-emballages.com\/es\/wp-json\/wp\/v2\/product_brand?post=249239"},{"taxonomy":"product_cat","embeddable":true,"href":"https:\/\/www.csj-emballages.com\/es\/wp-json\/wp\/v2\/product_cat?post=249239"},{"taxonomy":"product_tag","embeddable":true,"href":"https:\/\/www.csj-emballages.com\/es\/wp-json\/wp\/v2\/product_tag?post=249239"}],"curies":[{"name":"wp","href":"https:\/\/api.w.org\/{rel}","templated":true}]}}