{"id":249230,"date":"2025-09-19T17:18:41","date_gmt":"2025-09-19T15:18:41","guid":{"rendered":"https:\/\/www.csj-emballages.com\/produit\/estuche-de-carton-verde-oliva-de-3-botellas-con-asa-integrada-270-x-90-x-385-mm-paquete-de-5\/"},"modified":"2026-04-18T02:11:26","modified_gmt":"2026-04-18T00:11:26","slug":"estuche-de-carton-verde-oliva-de-3-botellas-con-asa-integrada-270-x-90-x-385-mm-paquete-de-5","status":"publish","type":"product","link":"https:\/\/www.csj-emballages.com\/es\/produit\/estuche-de-carton-verde-oliva-de-3-botellas-con-asa-integrada-270-x-90-x-385-mm-paquete-de-5\/","title":{"rendered":"Estuche de cart\u00f3n verde oliva para 3 botellas con asa integrada 270 x 90 x 385 mm por"},"content":{"rendered":"<h2 class=\"p1\">Estuche verde para 3 botellas<\/h2>\n<hr>\n<h3>Descripci\u00f3n de nuestro estuche de cart\u00f3n verde oliva de 3 botellas con asa integrada 270 x 90 x 385 mm, paquete de 5<\/h3>\n<p><!--more--><\/p>\n<p data-start=\"183\" data-end=\"541\">Apueste por la elegancia y la practicidad con nuestro <strong data-start=\"232\" data-end=\"273\">estuche de cart\u00f3n verde oliva para 3 botellas<\/strong>. Dise\u00f1ado para contener <strong>3 botellas de Burdeos o Borgo\u00f1a<\/strong>, este envase es el aliado perfecto para los <strong data-start=\"384\" data-end=\"409\">profesionales del vino<\/strong>, los <strong data-start=\"415\" data-end=\"427\">comerciantes de vino<\/strong> y los <strong data-start=\"442\" data-end=\"457\">productores<\/strong> que buscan promocionar sus productos.<\/p>\n<p data-start=\"543\" data-end=\"891\">Gracias a su <strong data-start=\"555\" data-end=\"585\">resistente cart\u00f3n<\/strong>, este <strong>estuche para 3 botellas<\/strong> combina solidez y refinamiento. Sus <strong data-start=\"633\" data-end=\"655\">ventanas recortadas<\/strong> dejan entrever sutilmente las botellas, al tiempo que act\u00faan como <strong data-start=\"722\" data-end=\"746\">separadores integrados<\/strong> para evitar que las dos botellas choquen.<\/p>\n<p data-start=\"893\" data-end=\"1300\">Adem\u00e1s, su <strong data-start=\"905\" data-end=\"925\">asa integrada<\/strong> hace que <strong data-start=\"937\" data-end=\"979\">sea c\u00f3modo<\/strong> de <strong data-start=\"937\" data-end=\"979\">sujetar<\/strong>, por lo que resulta f\u00e1cil y elegante de transportar. As\u00ed podr\u00e1 devolver sus botellas con cuidado, sin necesidad de a\u00f1adir una bolsa u otro soporte. El <strong data-start=\"1133\" data-end=\"1155\">color verde oliva<\/strong>, a la vez natural y distinguido, evoca calidad, naturaleza y autenticidad, valores en perfecta armon\u00eda con el mundo del vino.<\/p>\n<p data-start=\"1302\" data-end=\"1654\">Este <strong data-start=\"1306\" data-end=\"1336\">estuche de cart\u00f3n verde para 3 botellas<\/strong> es tambi\u00e9n una soluci\u00f3n ecol\u00f3gica y econ\u00f3mica: fabricado con materiales reciclables, combina <strong data-start=\"1458\" data-end=\"1502\">est\u00e9tica y respeto por el medio ambiente<\/strong>. Ya sea para venta directa, cajas de regalo o env\u00edos, a\u00f1adir\u00e1 un toque pulcro y profesional a sus presentaciones.<\/p>\n<p data-start=\"1656\" data-end=\"1776\">En resumen, se trata de un envase pr\u00e1ctico, s\u00f3lido y elegante que realza el valor de sus botellas a la vez que facilita su transporte.<\/p>\n<p data-start=\"1378\" data-end=\"1605\"><!--more--><\/p>\n<h4 data-start=\"1378\" data-end=\"1605\">Ventajas :<\/h4>\n<ul>\n<li data-start=\"1814\" data-end=\"1860\">Cart\u00f3n plastificado <strong data-start=\"1831\" data-end=\"1858\">resistente y reciclable.<\/strong><\/li>\n<li data-start=\"1863\" data-end=\"1910\"><strong data-start=\"1863\" data-end=\"1885\">Ventanas recortadas<\/strong> utilizadas como separadores.<\/li>\n<li data-start=\"1913\" data-end=\"1955\">Pr\u00e1ctica y resistente <strong data-start=\"1913\" data-end=\"1933\">asa integrada<\/strong>.<\/li>\n<li data-start=\"1958\" data-end=\"2015\">Apto para <strong>3 botellas de Burdeos o Borgo\u00f1a.<\/strong><\/li>\n<li data-start=\"2018\" data-end=\"2061\">Elegante <strong data-start=\"2018\" data-end=\"2040\">verde oliva<\/strong> natural.<\/li>\n<\/ul>\n<p>&nbsp;<\/p>\n<p><!--more--><\/p>\n<h4>Informaci\u00f3n adicional :<\/h4>\n<ul>\n<li><strong>Envase<\/strong>: Paquete de 5<\/li>\n<li><strong>Dimensiones<\/strong>: 270 x 90 x 385 mm<\/li>\n<li><strong>Material<\/strong>: Cart\u00f3n<\/li>\n<li><strong>Capacidad<\/strong>: 3 botellas<\/li>\n<li><strong>Color<\/strong>: verde oliva<\/li>\n<\/ul>\n<p>&nbsp;<\/p>\n<p><!--more--><\/p>\n<p>Este estuche verde oliva para 3 botellas est\u00e1 disponible en varias versiones: <span style=\"color: #d12727\"><a style=\"color: #d12727\" href=\"https:\/\/www.csj-emballages.com\/produit\/etui-a-bouteille-vert-olive-carton-avec-poignee-integree-90-x-90-385-mm-par-5\/\">1 botella<\/a><\/span> \/ <span style=\"color: #d12727\"><a style=\"color: #d12727\" href=\"https:\/\/www.csj-emballages.com\/es\/produit\/estuche-de-carton-verde-oliva-de-2-botellas-con-asa-integrada-180-x-90-x-385-mm-paquete-de-5\/\">2 botellas<\/a><\/span><\/p>\n<p>&nbsp;<\/p>\n<p><!--more--><\/p>\n<p>Ver todos los colores disponibles para este estuche de 3 botellas: <span style=\"color: #d12727\"><a style=\"color: #d12727\" href=\"https:\/\/www.csj-emballages.com\/es\/produit\/estuche-de-carton-negro-de-3-botellas-con-asa-integrada-270-x-90-x-385-mm-paquete-de-5\/\">Negro<\/a><\/span><span style=\"color: #d12727\"> <\/span>\/ <span style=\"color: #d12727\"><a style=\"color: #d12727\" href=\"https:\/\/www.csj-emballages.com\/es\/produit\/estuche-blanco-para-3-botellas-con-asa-integrada-270-x-90-x-385-mm-paquete-de-5\/\">Blanco<\/a> <\/span>\/ <span style=\"color: #d12727\"><a style=\"color: #d12727\" href=\"https:\/\/www.csj-emballages.com\/es\/produit\/estuche-de-carton-para-3-botellas-con-asa\/\">Kraft<\/a> <span style=\"color: #000000\">\/<\/span> <a style=\"color: #d12727\" href=\"https:\/\/www.csj-emballages.com\/es\/produit\/estuche-de-carton-burdeos-de-3-botellas-con-asa-integrada-270-x-90-x-385-mm-paquete-de-5\/\">Burdeos<\/a><\/span><\/p>\n<p>&nbsp;<\/p>\n<p><!--more--><\/p>\n<p><a href=\"https:\/\/www.csj-emballages.com\/es\/categorie-produit\/envasado-de-alimentos\/tienda-y-almacen\/bolsas-sobres\/bolsas-para-botellas\/\">Consulte el resto de nuestra gama de bolsas\/fundas para botellas<\/a><\/p>\n","protected":false},"excerpt":{"rendered":"<p>Estuche verde para 3 botellas Descripci\u00f3n de nuestro estuche de cart\u00f3n verde oliva de 3 botellas con asa integrada 270 x 90 x 385 mm, paquete de 5<\/p>\n","protected":false},"featured_media":249226,"template":"","meta":{"_acf_changed":false},"product_brand":[],"product_cat":[1150,1488,3873,3424],"product_tag":[],"class_list":{"0":"post-249230","1":"product","2":"type-product","3":"status-publish","4":"has-post-thumbnail","6":"product_cat-envasado-de-alimentos","7":"product_cat-tienda-y-almacen","8":"product_cat-bolsas-sobres","9":"product_cat-bolsas-para-botellas","11":"first","12":"instock","13":"taxable","14":"shipping-taxable","15":"purchasable","16":"product-type-simple"},"acf":[],"yoast_head":"<!-- This site is optimized with the Yoast SEO Premium plugin v26.6 (Yoast SEO v26.6) - https:\/\/yoast.com\/wordpress\/plugins\/seo\/ -->\n<title>Malet\u00edn verde oliva para 3 botellas con asa 270 x 90 x 385 mm<\/title>\n<meta name=\"description\" content=\"Estuche de cart\u00f3n plastificado verde oliva para 3 botellas, con asa y ventana. Ideal para 3 botellas de Burdeos o Borgo\u00f1a.\" \/>\n<meta name=\"robots\" content=\"index, follow, max-snippet:-1, max-image-preview:large, max-video-preview:-1\" \/>\n<link rel=\"canonical\" href=\"https:\/\/www.csj-emballages.com\/es\/produit\/estuche-de-carton-verde-oliva-de-3-botellas-con-asa-integrada-270-x-90-x-385-mm-paquete-de-5\/\" \/>\n<meta property=\"og:locale\" content=\"es_ES\" \/>\n<meta property=\"og:type\" content=\"article\" \/>\n<meta property=\"og:title\" content=\"Estuche de cart\u00f3n verde oliva para 3 botellas con asa integrada 270 x 90 x 385 mm por\" \/>\n<meta property=\"og:description\" content=\"Estuche de cart\u00f3n plastificado verde oliva para 3 botellas, con asa y ventana. Ideal para 3 botellas de Burdeos o Borgo\u00f1a.\" \/>\n<meta property=\"og:url\" content=\"https:\/\/www.csj-emballages.com\/es\/produit\/estuche-de-carton-verde-oliva-de-3-botellas-con-asa-integrada-270-x-90-x-385-mm-paquete-de-5\/\" \/>\n<meta property=\"og:site_name\" content=\"CSJ Emballages\" \/>\n<meta property=\"article:publisher\" content=\"https:\/\/www.facebook.com\/csjemballages\" \/>\n<meta property=\"article:modified_time\" content=\"2026-04-18T00:11:26+00:00\" \/>\n<meta property=\"og:image\" content=\"https:\/\/www.csj-emballages.com\/wp-content\/uploads\/2025\/09\/136262.webp\" \/>\n\t<meta property=\"og:image:width\" content=\"800\" \/>\n\t<meta property=\"og:image:height\" content=\"800\" \/>\n\t<meta property=\"og:image:type\" content=\"image\/webp\" \/>\n<meta name=\"twitter:card\" content=\"summary_large_image\" \/>\n<meta name=\"twitter:label1\" content=\"Tiempo de lectura\" \/>\n\t<meta name=\"twitter:data1\" content=\"2 minutos\" \/>\n<script type=\"application\/ld+json\" class=\"yoast-schema-graph\">{\"@context\":\"https:\/\/schema.org\",\"@graph\":[{\"@type\":\"WebPage\",\"@id\":\"https:\/\/www.csj-emballages.com\/es\/produit\/estuche-de-carton-verde-oliva-de-3-botellas-con-asa-integrada-270-x-90-x-385-mm-paquete-de-5\/\",\"url\":\"https:\/\/www.csj-emballages.com\/es\/produit\/estuche-de-carton-verde-oliva-de-3-botellas-con-asa-integrada-270-x-90-x-385-mm-paquete-de-5\/\",\"name\":\"Malet\u00edn verde oliva para 3 botellas con asa 270 x 90 x 385 mm\",\"isPartOf\":{\"@id\":\"https:\/\/www.csj-emballages.com\/es\/#website\"},\"primaryImageOfPage\":{\"@id\":\"https:\/\/www.csj-emballages.com\/es\/produit\/estuche-de-carton-verde-oliva-de-3-botellas-con-asa-integrada-270-x-90-x-385-mm-paquete-de-5\/#primaryimage\"},\"image\":{\"@id\":\"https:\/\/www.csj-emballages.com\/es\/produit\/estuche-de-carton-verde-oliva-de-3-botellas-con-asa-integrada-270-x-90-x-385-mm-paquete-de-5\/#primaryimage\"},\"thumbnailUrl\":\"https:\/\/www.csj-emballages.com\/wp-content\/uploads\/2025\/09\/136262.webp\",\"datePublished\":\"2025-09-19T15:18:41+00:00\",\"dateModified\":\"2026-04-18T00:11:26+00:00\",\"description\":\"Estuche de cart\u00f3n plastificado verde oliva para 3 botellas, con asa y ventana. Ideal para 3 botellas de Burdeos o Borgo\u00f1a.\",\"breadcrumb\":{\"@id\":\"https:\/\/www.csj-emballages.com\/es\/produit\/estuche-de-carton-verde-oliva-de-3-botellas-con-asa-integrada-270-x-90-x-385-mm-paquete-de-5\/#breadcrumb\"},\"inLanguage\":\"es\",\"potentialAction\":[{\"@type\":\"ReadAction\",\"target\":[\"https:\/\/www.csj-emballages.com\/es\/produit\/estuche-de-carton-verde-oliva-de-3-botellas-con-asa-integrada-270-x-90-x-385-mm-paquete-de-5\/\"]}]},{\"@type\":\"ImageObject\",\"inLanguage\":\"es\",\"@id\":\"https:\/\/www.csj-emballages.com\/es\/produit\/estuche-de-carton-verde-oliva-de-3-botellas-con-asa-integrada-270-x-90-x-385-mm-paquete-de-5\/#primaryimage\",\"url\":\"https:\/\/www.csj-emballages.com\/wp-content\/uploads\/2025\/09\/136262.webp\",\"contentUrl\":\"https:\/\/www.csj-emballages.com\/wp-content\/uploads\/2025\/09\/136262.webp\",\"width\":800,\"height\":800,\"caption\":\"\u00c9tui 3 bouteilles vert\"},{\"@type\":\"BreadcrumbList\",\"@id\":\"https:\/\/www.csj-emballages.com\/es\/produit\/estuche-de-carton-verde-oliva-de-3-botellas-con-asa-integrada-270-x-90-x-385-mm-paquete-de-5\/#breadcrumb\",\"itemListElement\":[{\"@type\":\"ListItem\",\"position\":1,\"name\":\"Accueil\",\"item\":\"https:\/\/www.csj-emballages.com\/es\/universo-del-envasado-alimentario\/\"},{\"@type\":\"ListItem\",\"position\":2,\"name\":\"Tienda\",\"item\":\"https:\/\/www.csj-emballages.com\/tienda\/\"},{\"@type\":\"ListItem\",\"position\":3,\"name\":\"Estuche de cart\u00f3n verde oliva para 3 botellas con asa integrada 270 x 90 x 385 mm por\"}]},{\"@type\":\"WebSite\",\"@id\":\"https:\/\/www.csj-emballages.com\/es\/#website\",\"url\":\"https:\/\/www.csj-emballages.com\/es\/\",\"name\":\"CSJ Emballages\",\"description\":\"\",\"publisher\":{\"@id\":\"https:\/\/www.csj-emballages.com\/es\/#organization\"},\"potentialAction\":[{\"@type\":\"SearchAction\",\"target\":{\"@type\":\"EntryPoint\",\"urlTemplate\":\"https:\/\/www.csj-emballages.com\/es\/?s={search_term_string}\"},\"query-input\":{\"@type\":\"PropertyValueSpecification\",\"valueRequired\":true,\"valueName\":\"search_term_string\"}}],\"inLanguage\":\"es\"},{\"@type\":\"Organization\",\"@id\":\"https:\/\/www.csj-emballages.com\/es\/#Organization\/\",\"name\":\"CSJ Emballages\",\"url\":\"https:\/\/www.csj-emballages.com\/es\/\",\"logo\":{\"@type\":\"ImageObject\",\"inLanguage\":\"es\",\"@id\":\"https:\/\/www.csj-emballages.com\/es\/#\/schema\/logo\/image\/\",\"url\":\"https:\/\/www.csj-emballages.com\/wp-content\/uploads\/2023\/10\/logo_csj.webp\",\"contentUrl\":\"https:\/\/www.csj-emballages.com\/wp-content\/uploads\/2023\/10\/logo_csj.webp\",\"width\":250,\"height\":95,\"caption\":\"CSJ Emballages\"},\"image\":{\"@id\":\"https:\/\/www.csj-emballages.com\/es\/#\/schema\/logo\/image\/\"},\"sameAs\":[\"https:\/\/www.facebook.com\/csjemballages\"],\"address\":{\"@type\":\"PostalAddress\",\"streetAddress\":\"ZI La Lechere\",\"addressLocality\":\"Patornay\",\"postalCode\":\"39130\",\"addressCountry\":\"FR\"},\"contactPoint\":[{\"@type\":\"ContactPoint\",\"contactType\":\"Service client\",\"telephone\":\"0384254272\",\"email\":\"contact@csj-emballages.com\"}]}]}<\/script>\n<!-- \/ Yoast SEO Premium plugin. -->","yoast_head_json":{"title":"Malet\u00edn verde oliva para 3 botellas con asa 270 x 90 x 385 mm","description":"Estuche de cart\u00f3n plastificado verde oliva para 3 botellas, con asa y ventana. Ideal para 3 botellas de Burdeos o Borgo\u00f1a.","robots":{"index":"index","follow":"follow","max-snippet":"max-snippet:-1","max-image-preview":"max-image-preview:large","max-video-preview":"max-video-preview:-1"},"canonical":"https:\/\/www.csj-emballages.com\/es\/produit\/estuche-de-carton-verde-oliva-de-3-botellas-con-asa-integrada-270-x-90-x-385-mm-paquete-de-5\/","og_locale":"es_ES","og_type":"article","og_title":"Estuche de cart\u00f3n verde oliva para 3 botellas con asa integrada 270 x 90 x 385 mm por","og_description":"Estuche de cart\u00f3n plastificado verde oliva para 3 botellas, con asa y ventana. Ideal para 3 botellas de Burdeos o Borgo\u00f1a.","og_url":"https:\/\/www.csj-emballages.com\/es\/produit\/estuche-de-carton-verde-oliva-de-3-botellas-con-asa-integrada-270-x-90-x-385-mm-paquete-de-5\/","og_site_name":"CSJ Emballages","article_publisher":"https:\/\/www.facebook.com\/csjemballages","article_modified_time":"2026-04-18T00:11:26+00:00","og_image":[{"width":800,"height":800,"url":"https:\/\/www.csj-emballages.com\/wp-content\/uploads\/2025\/09\/136262.webp","type":"image\/webp"}],"twitter_card":"summary_large_image","twitter_misc":{"Tiempo de lectura":"2 minutos"},"schema":{"@context":"https:\/\/schema.org","@graph":[{"@type":"WebPage","@id":"https:\/\/www.csj-emballages.com\/es\/produit\/estuche-de-carton-verde-oliva-de-3-botellas-con-asa-integrada-270-x-90-x-385-mm-paquete-de-5\/","url":"https:\/\/www.csj-emballages.com\/es\/produit\/estuche-de-carton-verde-oliva-de-3-botellas-con-asa-integrada-270-x-90-x-385-mm-paquete-de-5\/","name":"Malet\u00edn verde oliva para 3 botellas con asa 270 x 90 x 385 mm","isPartOf":{"@id":"https:\/\/www.csj-emballages.com\/es\/#website"},"primaryImageOfPage":{"@id":"https:\/\/www.csj-emballages.com\/es\/produit\/estuche-de-carton-verde-oliva-de-3-botellas-con-asa-integrada-270-x-90-x-385-mm-paquete-de-5\/#primaryimage"},"image":{"@id":"https:\/\/www.csj-emballages.com\/es\/produit\/estuche-de-carton-verde-oliva-de-3-botellas-con-asa-integrada-270-x-90-x-385-mm-paquete-de-5\/#primaryimage"},"thumbnailUrl":"https:\/\/www.csj-emballages.com\/wp-content\/uploads\/2025\/09\/136262.webp","datePublished":"2025-09-19T15:18:41+00:00","dateModified":"2026-04-18T00:11:26+00:00","description":"Estuche de cart\u00f3n plastificado verde oliva para 3 botellas, con asa y ventana. Ideal para 3 botellas de Burdeos o Borgo\u00f1a.","breadcrumb":{"@id":"https:\/\/www.csj-emballages.com\/es\/produit\/estuche-de-carton-verde-oliva-de-3-botellas-con-asa-integrada-270-x-90-x-385-mm-paquete-de-5\/#breadcrumb"},"inLanguage":"es","potentialAction":[{"@type":"ReadAction","target":["https:\/\/www.csj-emballages.com\/es\/produit\/estuche-de-carton-verde-oliva-de-3-botellas-con-asa-integrada-270-x-90-x-385-mm-paquete-de-5\/"]}]},{"@type":"ImageObject","inLanguage":"es","@id":"https:\/\/www.csj-emballages.com\/es\/produit\/estuche-de-carton-verde-oliva-de-3-botellas-con-asa-integrada-270-x-90-x-385-mm-paquete-de-5\/#primaryimage","url":"https:\/\/www.csj-emballages.com\/wp-content\/uploads\/2025\/09\/136262.webp","contentUrl":"https:\/\/www.csj-emballages.com\/wp-content\/uploads\/2025\/09\/136262.webp","width":800,"height":800,"caption":"\u00c9tui 3 bouteilles vert"},{"@type":"BreadcrumbList","@id":"https:\/\/www.csj-emballages.com\/es\/produit\/estuche-de-carton-verde-oliva-de-3-botellas-con-asa-integrada-270-x-90-x-385-mm-paquete-de-5\/#breadcrumb","itemListElement":[{"@type":"ListItem","position":1,"name":"Accueil","item":"https:\/\/www.csj-emballages.com\/es\/universo-del-envasado-alimentario\/"},{"@type":"ListItem","position":2,"name":"Tienda","item":"https:\/\/www.csj-emballages.com\/tienda\/"},{"@type":"ListItem","position":3,"name":"Estuche de cart\u00f3n verde oliva para 3 botellas con asa integrada 270 x 90 x 385 mm por"}]},{"@type":"WebSite","@id":"https:\/\/www.csj-emballages.com\/es\/#website","url":"https:\/\/www.csj-emballages.com\/es\/","name":"CSJ Emballages","description":"","publisher":{"@id":"https:\/\/www.csj-emballages.com\/es\/#organization"},"potentialAction":[{"@type":"SearchAction","target":{"@type":"EntryPoint","urlTemplate":"https:\/\/www.csj-emballages.com\/es\/?s={search_term_string}"},"query-input":{"@type":"PropertyValueSpecification","valueRequired":true,"valueName":"search_term_string"}}],"inLanguage":"es"},{"@type":"Organization","@id":"https:\/\/www.csj-emballages.com\/es\/#Organization\/","name":"CSJ Emballages","url":"https:\/\/www.csj-emballages.com\/es\/","logo":{"@type":"ImageObject","inLanguage":"es","@id":"https:\/\/www.csj-emballages.com\/es\/#\/schema\/logo\/image\/","url":"https:\/\/www.csj-emballages.com\/wp-content\/uploads\/2023\/10\/logo_csj.webp","contentUrl":"https:\/\/www.csj-emballages.com\/wp-content\/uploads\/2023\/10\/logo_csj.webp","width":250,"height":95,"caption":"CSJ Emballages"},"image":{"@id":"https:\/\/www.csj-emballages.com\/es\/#\/schema\/logo\/image\/"},"sameAs":["https:\/\/www.facebook.com\/csjemballages"],"address":{"@type":"PostalAddress","streetAddress":"ZI La Lechere","addressLocality":"Patornay","postalCode":"39130","addressCountry":"FR"},"contactPoint":[{"@type":"ContactPoint","contactType":"Service client","telephone":"0384254272","email":"contact@csj-emballages.com"}]}]}},"df_price":8.82,"df_sale_price":"","df_regular_price":8.82,"df_image_link":"https:\/\/www.csj-emballages.com\/wp-content\/uploads\/2025\/09\/136262-300x300.webp","tiered_pricing_type":"fixed","tiered_pricing_fixed_rules":[],"tiered_pricing_percentage_rules":[],"tiered_pricing_minimum":1,"tiered_pricing_roles_data":[],"_links":{"self":[{"href":"https:\/\/www.csj-emballages.com\/es\/wp-json\/wp\/v2\/product\/249230","targetHints":{"allow":["GET"]}}],"collection":[{"href":"https:\/\/www.csj-emballages.com\/es\/wp-json\/wp\/v2\/product"}],"about":[{"href":"https:\/\/www.csj-emballages.com\/es\/wp-json\/wp\/v2\/types\/product"}],"wp:featuredmedia":[{"embeddable":true,"href":"https:\/\/www.csj-emballages.com\/es\/wp-json\/wp\/v2\/media\/249226"}],"wp:attachment":[{"href":"https:\/\/www.csj-emballages.com\/es\/wp-json\/wp\/v2\/media?parent=249230"}],"wp:term":[{"taxonomy":"product_brand","embeddable":true,"href":"https:\/\/www.csj-emballages.com\/es\/wp-json\/wp\/v2\/product_brand?post=249230"},{"taxonomy":"product_cat","embeddable":true,"href":"https:\/\/www.csj-emballages.com\/es\/wp-json\/wp\/v2\/product_cat?post=249230"},{"taxonomy":"product_tag","embeddable":true,"href":"https:\/\/www.csj-emballages.com\/es\/wp-json\/wp\/v2\/product_tag?post=249230"}],"curies":[{"name":"wp","href":"https:\/\/api.w.org\/{rel}","templated":true}]}}