{"id":249157,"date":"2025-09-19T17:18:22","date_gmt":"2025-09-19T15:18:22","guid":{"rendered":"https:\/\/www.csj-emballages.com\/produit\/estuche-de-carton-blanco-de-2-botellas-con-asa-integrada-180-x-90-x-385-mm-paquete-de-5\/"},"modified":"2026-04-18T02:11:10","modified_gmt":"2026-04-18T00:11:10","slug":"estuche-de-carton-blanco-de-2-botellas-con-asa-integrada-180-x-90-x-385-mm-paquete-de-5","status":"publish","type":"product","link":"https:\/\/www.csj-emballages.com\/es\/produit\/estuche-de-carton-blanco-de-2-botellas-con-asa-integrada-180-x-90-x-385-mm-paquete-de-5\/","title":{"rendered":"Estuche de cart\u00f3n blanco de 2 botellas con asa integrada 180 x 90 x 385 mm, paquete de 5"},"content":{"rendered":"<h2 class=\"p1\">Estuche blanco para 2 botellas<\/h2>\n<hr>\n<h3>Descripci\u00f3n de nuestro estuche de cart\u00f3n blanco para 2 botellas con asa integrada 180 x 90 x 385 mm, paquete de 5<\/h3>\n<p><!--more--><\/p>\n<p data-start=\"183\" data-end=\"730\">Ofrezca una <strong>bonita<\/strong> <strong data-start=\"194\" data-end=\"231\">presentaci\u00f3n<\/strong> a sus botellas gracias a este <strong data-start=\"261\" data-end=\"298\">estuche de cart\u00f3n blanco para 2 botellas<\/strong>. Fabricado en <strong data-start=\"455\" data-end=\"486\">cart\u00f3n plastificado de calidad<\/strong>, garantiza una excelente <strong data-start=\"515\" data-end=\"550\">protecci\u00f3n durante el transporte<\/strong> a la vez que realza sus productos. Gracias a su <strong data-start=\"602\" data-end=\"622\">asa integrada<\/strong>, se transporta f\u00e1cilmente, sin riesgo de deslizamiento o rotura, incluso cuando el contenido es pesado.<\/p>\n<p data-start=\"732\" data-end=\"1134\">Del mismo modo, sus <strong data-start=\"745\" data-end=\"767\">ventanas troqueladas<\/strong> no est\u00e1n ah\u00ed \u00fanicamente por dise\u00f1o: sirven de <strong data-start=\"832\" data-end=\"847\">separadores<\/strong>, evitando que las botellas choquen entre s\u00ed. Es un detalle ingenioso que a\u00fana <strong data-start=\"928\" data-end=\"972\">seguridad y presentaci\u00f3n profesional<\/strong>. Este <strong>estuche para 2 botellas<\/strong> es ideal para <strong data-start=\"1004\" data-end=\"1016\">vinater\u00edas<\/strong>, <strong data-start=\"1018\" data-end=\"1040\">productores de vino<\/strong>, <strong data-start=\"1042\" data-end=\"1061\">tiendas gourmet<\/strong> o incluso <strong data-start=\"1072\" data-end=\"1123\">empresas que deseen ofrecer un elegante estuche de regalo<\/strong>.<\/p>\n<p data-start=\"1136\" data-end=\"1464\">Otro punto a favor es su <strong data-start=\"1152\" data-end=\"1171\">color blanco<\/strong> sobrio y moderno, que aporta un toque de <strong data-start=\"1211\" data-end=\"1237\">refinamiento atemporal<\/strong>, dejando la posibilidad de colocar su <strong data-start=\"1281\" data-end=\"1322\">logotipo, etiqueta o cinta personalizada<\/strong>. Ya sea para un evento, una venta en tienda o un pedido especial, este embalaje realzar\u00e1 sus botellas con elegancia.<\/p>\n<p data-start=\"1466\" data-end=\"1599\">En definitiva, este <strong data-start=\"1480\" data-end=\"1501\">estuche para 2 botellas<\/strong> es la soluci\u00f3n perfecta para combinar <strong data-start=\"1539\" data-end=\"1553\">protecci\u00f3n<\/strong>, <strong data-start=\"1555\" data-end=\"1568\">practicidad<\/strong> y <strong data-start=\"1572\" data-end=\"1596\">una presentaci\u00f3n impecable<\/strong>.<\/p>\n<p data-start=\"1378\" data-end=\"1605\"><!--more--><\/p>\n<h4 data-start=\"1378\" data-end=\"1605\">Ventajas :<\/h4>\n<ul>\n<li data-start=\"1646\" data-end=\"1707\"><strong data-start=\"1648\" data-end=\"1668\">Asa integrada<\/strong> para un transporte f\u00e1cil y seguro<\/li>\n<li data-start=\"1710\" data-end=\"1779\"><strong data-start=\"1712\" data-end=\"1737\">Ventanas separadoras<\/strong> para evitar el contacto entre botellas<\/li>\n<li data-start=\"1782\" data-end=\"1840\"><strong data-start=\"1784\" data-end=\"1812\">Cart\u00f3n plastificado robusto<\/strong> y resistente a la humedad<\/li>\n<li data-start=\"1843\" data-end=\"1906\"><strong data-start=\"1845\" data-end=\"1869\">Elegante dise\u00f1o en blanco<\/strong>, personalizable seg\u00fan sus necesidades<\/li>\n<li data-start=\"1909\" data-end=\"1966\">Adecuado para <strong data-start=\"1922\" data-end=\"1964\">botellas de Burdeos y Borgo\u00f1a<\/strong>.<\/li>\n<\/ul>\n<p>&nbsp;<\/p>\n<p><!--more--><\/p>\n<h4>Informaci\u00f3n adicional :<\/h4>\n<ul>\n<li><strong>Envase<\/strong>: Paquete de 5<\/li>\n<li><strong>Dimensiones<\/strong>: 180 x 90 x 385 mm<\/li>\n<li><strong>Material<\/strong>: Cart\u00f3n<\/li>\n<li><strong>Capacidad<\/strong>: 2 botellas<\/li>\n<li><strong>Color<\/strong>: blanco<\/li>\n<\/ul>\n<p>&nbsp;<\/p>\n<p><!--more--><\/p>\n<p>Este estuche blanco para 2 botellas est\u00e1 disponible en varias versiones: <span style=\"color: #d12727;\"><a style=\"color: #d12727;\" href=\"https:\/\/www.csj-emballages.com\/produit\/etui-a-bouteille-blanc-carton-avec-poignee-integree-90-x-90-x-384-mm-par-5\/\">1 botella<\/a><\/span> \/ <span style=\"color: #d12727;\"><a style=\"color: #d12727;\" href=\"https:\/\/www.csj-emballages.com\/en\/produit\/3-bottle-case-white-with-integrated-handle-270-x-90-x-385-mm-pack-of-5\/\">3 botellas<\/a><\/span><\/p>\n<p>&nbsp;<\/p>\n<p><!--more--><\/p>\n<p>Encuentre aqu\u00ed todos los colores disponibles para este estuche de 2 botellas: <span style=\"color: #d12727;\"><a style=\"color: #d12727;\" href=\"https:\/\/www.csj-emballages.com\/es\/produit\/estuche-de-carton-para-2-botellas-con-asa\/\">Kraft<\/a> <\/span>\/ <span style=\"color: #d12727;\"><a style=\"color: #d12727;\" href=\"https:\/\/www.csj-emballages.com\/en\/produit\/2-bottle-case-black-cardboard-with-integrated-handle-180-x-90-x-385-mm-pack-of-5\/\">Negro<\/a> <span style=\"color: #000000;\">\/<\/span> <a style=\"color: #d12727;\" href=\"https:\/\/www.csj-emballages.com\/es\/produit\/estuche-de-carton-verde-oliva-de-2-botellas-con-asa-integrada-180-x-90-x-385-mm-paquete-de-5\/\">Verde oliva<\/a> <span style=\"color: #000000;\">\/<\/span> <a style=\"color: #d12727;\" href=\"https:\/\/www.csj-emballages.com\/es\/produit\/estuche-de-carton-burdeos-de-2-botellas-con-asa-integrada-180-x-90-x-385-mm-paquete-de-5\/\">Burdeos<\/a> <\/span> <\/p>\n<p>&nbsp;<\/p>\n<p><!--more--><\/p>\n<p><a href=\"https:\/\/www.csj-emballages.com\/es\/categorie-produit\/envasado-de-alimentos\/tienda-y-almacen\/bolsas-sobres\/bolsas-para-botellas\/\">Consulte el resto de nuestra gama de bolsas\/fundas para botellas<\/a><\/p>\n","protected":false},"excerpt":{"rendered":"<p>Estuche blanco para 2 botellas Descripci\u00f3n de nuestro estuche de cart\u00f3n blanco para 2 botellas con asa integrada 180 x 90 x 385 mm, paquete de 5<\/p>\n","protected":false},"featured_media":249155,"template":"","meta":{"_acf_changed":false},"product_brand":[],"product_cat":[1150,1488,3873,3424],"product_tag":[],"class_list":{"0":"post-249157","1":"product","2":"type-product","3":"status-publish","4":"has-post-thumbnail","6":"product_cat-envasado-de-alimentos","7":"product_cat-tienda-y-almacen","8":"product_cat-bolsas-sobres","9":"product_cat-bolsas-para-botellas","11":"first","12":"instock","13":"taxable","14":"shipping-taxable","15":"purchasable","16":"product-type-simple"},"acf":[],"yoast_head":"<!-- This site is optimized with the Yoast SEO Premium plugin v26.6 (Yoast SEO v26.6) - https:\/\/yoast.com\/wordpress\/plugins\/seo\/ -->\n<title>Caja blanca para 2 botellas con asa integrada 180 x 90 x 385 mm<\/title>\n<meta name=\"description\" content=\"Estuche de cart\u00f3n blanco para 2 botellas con asa integrada. Robusto, elegante y pr\u00e1ctico para Burdeos o Borgo\u00f1a. Ideal para regalo y transporte.\" \/>\n<meta name=\"robots\" content=\"index, follow, max-snippet:-1, max-image-preview:large, max-video-preview:-1\" \/>\n<link rel=\"canonical\" href=\"https:\/\/www.csj-emballages.com\/es\/produit\/estuche-de-carton-blanco-de-2-botellas-con-asa-integrada-180-x-90-x-385-mm-paquete-de-5\/\" \/>\n<meta property=\"og:locale\" content=\"es_ES\" \/>\n<meta property=\"og:type\" content=\"article\" \/>\n<meta property=\"og:title\" content=\"Estuche de cart\u00f3n blanco de 2 botellas con asa integrada 180 x 90 x 385 mm, paquete de 5\" \/>\n<meta property=\"og:description\" content=\"Estuche de cart\u00f3n blanco para 2 botellas con asa integrada. Robusto, elegante y pr\u00e1ctico para Burdeos o Borgo\u00f1a. Ideal para regalo y transporte.\" \/>\n<meta property=\"og:url\" content=\"https:\/\/www.csj-emballages.com\/es\/produit\/estuche-de-carton-blanco-de-2-botellas-con-asa-integrada-180-x-90-x-385-mm-paquete-de-5\/\" \/>\n<meta property=\"og:site_name\" content=\"CSJ Emballages\" \/>\n<meta property=\"article:publisher\" content=\"https:\/\/www.facebook.com\/csjemballages\" \/>\n<meta property=\"article:modified_time\" content=\"2026-04-18T00:11:10+00:00\" \/>\n<meta property=\"og:image\" content=\"https:\/\/www.csj-emballages.com\/wp-content\/uploads\/2025\/09\/119245.webp\" \/>\n\t<meta property=\"og:image:width\" content=\"800\" \/>\n\t<meta property=\"og:image:height\" content=\"800\" \/>\n\t<meta property=\"og:image:type\" content=\"image\/webp\" \/>\n<meta name=\"twitter:card\" content=\"summary_large_image\" \/>\n<meta name=\"twitter:label1\" content=\"Tiempo de lectura\" \/>\n\t<meta name=\"twitter:data1\" content=\"2 minutos\" \/>\n<script type=\"application\/ld+json\" class=\"yoast-schema-graph\">{\"@context\":\"https:\/\/schema.org\",\"@graph\":[{\"@type\":\"WebPage\",\"@id\":\"https:\/\/www.csj-emballages.com\/es\/produit\/estuche-de-carton-blanco-de-2-botellas-con-asa-integrada-180-x-90-x-385-mm-paquete-de-5\/\",\"url\":\"https:\/\/www.csj-emballages.com\/es\/produit\/estuche-de-carton-blanco-de-2-botellas-con-asa-integrada-180-x-90-x-385-mm-paquete-de-5\/\",\"name\":\"Caja blanca para 2 botellas con asa integrada 180 x 90 x 385 mm\",\"isPartOf\":{\"@id\":\"https:\/\/www.csj-emballages.com\/es\/#website\"},\"primaryImageOfPage\":{\"@id\":\"https:\/\/www.csj-emballages.com\/es\/produit\/estuche-de-carton-blanco-de-2-botellas-con-asa-integrada-180-x-90-x-385-mm-paquete-de-5\/#primaryimage\"},\"image\":{\"@id\":\"https:\/\/www.csj-emballages.com\/es\/produit\/estuche-de-carton-blanco-de-2-botellas-con-asa-integrada-180-x-90-x-385-mm-paquete-de-5\/#primaryimage\"},\"thumbnailUrl\":\"https:\/\/www.csj-emballages.com\/wp-content\/uploads\/2025\/09\/119245.webp\",\"datePublished\":\"2025-09-19T15:18:22+00:00\",\"dateModified\":\"2026-04-18T00:11:10+00:00\",\"description\":\"Estuche de cart\u00f3n blanco para 2 botellas con asa integrada. Robusto, elegante y pr\u00e1ctico para Burdeos o Borgo\u00f1a. Ideal para regalo y transporte.\",\"breadcrumb\":{\"@id\":\"https:\/\/www.csj-emballages.com\/es\/produit\/estuche-de-carton-blanco-de-2-botellas-con-asa-integrada-180-x-90-x-385-mm-paquete-de-5\/#breadcrumb\"},\"inLanguage\":\"es\",\"potentialAction\":[{\"@type\":\"ReadAction\",\"target\":[\"https:\/\/www.csj-emballages.com\/es\/produit\/estuche-de-carton-blanco-de-2-botellas-con-asa-integrada-180-x-90-x-385-mm-paquete-de-5\/\"]}]},{\"@type\":\"ImageObject\",\"inLanguage\":\"es\",\"@id\":\"https:\/\/www.csj-emballages.com\/es\/produit\/estuche-de-carton-blanco-de-2-botellas-con-asa-integrada-180-x-90-x-385-mm-paquete-de-5\/#primaryimage\",\"url\":\"https:\/\/www.csj-emballages.com\/wp-content\/uploads\/2025\/09\/119245.webp\",\"contentUrl\":\"https:\/\/www.csj-emballages.com\/wp-content\/uploads\/2025\/09\/119245.webp\",\"width\":800,\"height\":800,\"caption\":\"\u00c9tui 2 bouteilles blanc\"},{\"@type\":\"BreadcrumbList\",\"@id\":\"https:\/\/www.csj-emballages.com\/es\/produit\/estuche-de-carton-blanco-de-2-botellas-con-asa-integrada-180-x-90-x-385-mm-paquete-de-5\/#breadcrumb\",\"itemListElement\":[{\"@type\":\"ListItem\",\"position\":1,\"name\":\"Accueil\",\"item\":\"https:\/\/www.csj-emballages.com\/es\/universo-del-envasado-alimentario\/\"},{\"@type\":\"ListItem\",\"position\":2,\"name\":\"Tienda\",\"item\":\"https:\/\/www.csj-emballages.com\/tienda\/\"},{\"@type\":\"ListItem\",\"position\":3,\"name\":\"Estuche de cart\u00f3n blanco de 2 botellas con asa integrada 180 x 90 x 385 mm, paquete de 5\"}]},{\"@type\":\"WebSite\",\"@id\":\"https:\/\/www.csj-emballages.com\/es\/#website\",\"url\":\"https:\/\/www.csj-emballages.com\/es\/\",\"name\":\"CSJ Emballages\",\"description\":\"\",\"publisher\":{\"@id\":\"https:\/\/www.csj-emballages.com\/es\/#organization\"},\"potentialAction\":[{\"@type\":\"SearchAction\",\"target\":{\"@type\":\"EntryPoint\",\"urlTemplate\":\"https:\/\/www.csj-emballages.com\/es\/?s={search_term_string}\"},\"query-input\":{\"@type\":\"PropertyValueSpecification\",\"valueRequired\":true,\"valueName\":\"search_term_string\"}}],\"inLanguage\":\"es\"},{\"@type\":\"Organization\",\"@id\":\"https:\/\/www.csj-emballages.com\/es\/#Organization\/\",\"name\":\"CSJ Emballages\",\"url\":\"https:\/\/www.csj-emballages.com\/es\/\",\"logo\":{\"@type\":\"ImageObject\",\"inLanguage\":\"es\",\"@id\":\"https:\/\/www.csj-emballages.com\/es\/#\/schema\/logo\/image\/\",\"url\":\"https:\/\/www.csj-emballages.com\/wp-content\/uploads\/2023\/10\/logo_csj.webp\",\"contentUrl\":\"https:\/\/www.csj-emballages.com\/wp-content\/uploads\/2023\/10\/logo_csj.webp\",\"width\":250,\"height\":95,\"caption\":\"CSJ Emballages\"},\"image\":{\"@id\":\"https:\/\/www.csj-emballages.com\/es\/#\/schema\/logo\/image\/\"},\"sameAs\":[\"https:\/\/www.facebook.com\/csjemballages\"],\"address\":{\"@type\":\"PostalAddress\",\"streetAddress\":\"ZI La Lechere\",\"addressLocality\":\"Patornay\",\"postalCode\":\"39130\",\"addressCountry\":\"FR\"},\"contactPoint\":[{\"@type\":\"ContactPoint\",\"contactType\":\"Service client\",\"telephone\":\"0384254272\",\"email\":\"contact@csj-emballages.com\"}]}]}<\/script>\n<!-- \/ Yoast SEO Premium plugin. -->","yoast_head_json":{"title":"Caja blanca para 2 botellas con asa integrada 180 x 90 x 385 mm","description":"Estuche de cart\u00f3n blanco para 2 botellas con asa integrada. Robusto, elegante y pr\u00e1ctico para Burdeos o Borgo\u00f1a. Ideal para regalo y transporte.","robots":{"index":"index","follow":"follow","max-snippet":"max-snippet:-1","max-image-preview":"max-image-preview:large","max-video-preview":"max-video-preview:-1"},"canonical":"https:\/\/www.csj-emballages.com\/es\/produit\/estuche-de-carton-blanco-de-2-botellas-con-asa-integrada-180-x-90-x-385-mm-paquete-de-5\/","og_locale":"es_ES","og_type":"article","og_title":"Estuche de cart\u00f3n blanco de 2 botellas con asa integrada 180 x 90 x 385 mm, paquete de 5","og_description":"Estuche de cart\u00f3n blanco para 2 botellas con asa integrada. Robusto, elegante y pr\u00e1ctico para Burdeos o Borgo\u00f1a. Ideal para regalo y transporte.","og_url":"https:\/\/www.csj-emballages.com\/es\/produit\/estuche-de-carton-blanco-de-2-botellas-con-asa-integrada-180-x-90-x-385-mm-paquete-de-5\/","og_site_name":"CSJ Emballages","article_publisher":"https:\/\/www.facebook.com\/csjemballages","article_modified_time":"2026-04-18T00:11:10+00:00","og_image":[{"width":800,"height":800,"url":"https:\/\/www.csj-emballages.com\/wp-content\/uploads\/2025\/09\/119245.webp","type":"image\/webp"}],"twitter_card":"summary_large_image","twitter_misc":{"Tiempo de lectura":"2 minutos"},"schema":{"@context":"https:\/\/schema.org","@graph":[{"@type":"WebPage","@id":"https:\/\/www.csj-emballages.com\/es\/produit\/estuche-de-carton-blanco-de-2-botellas-con-asa-integrada-180-x-90-x-385-mm-paquete-de-5\/","url":"https:\/\/www.csj-emballages.com\/es\/produit\/estuche-de-carton-blanco-de-2-botellas-con-asa-integrada-180-x-90-x-385-mm-paquete-de-5\/","name":"Caja blanca para 2 botellas con asa integrada 180 x 90 x 385 mm","isPartOf":{"@id":"https:\/\/www.csj-emballages.com\/es\/#website"},"primaryImageOfPage":{"@id":"https:\/\/www.csj-emballages.com\/es\/produit\/estuche-de-carton-blanco-de-2-botellas-con-asa-integrada-180-x-90-x-385-mm-paquete-de-5\/#primaryimage"},"image":{"@id":"https:\/\/www.csj-emballages.com\/es\/produit\/estuche-de-carton-blanco-de-2-botellas-con-asa-integrada-180-x-90-x-385-mm-paquete-de-5\/#primaryimage"},"thumbnailUrl":"https:\/\/www.csj-emballages.com\/wp-content\/uploads\/2025\/09\/119245.webp","datePublished":"2025-09-19T15:18:22+00:00","dateModified":"2026-04-18T00:11:10+00:00","description":"Estuche de cart\u00f3n blanco para 2 botellas con asa integrada. Robusto, elegante y pr\u00e1ctico para Burdeos o Borgo\u00f1a. Ideal para regalo y transporte.","breadcrumb":{"@id":"https:\/\/www.csj-emballages.com\/es\/produit\/estuche-de-carton-blanco-de-2-botellas-con-asa-integrada-180-x-90-x-385-mm-paquete-de-5\/#breadcrumb"},"inLanguage":"es","potentialAction":[{"@type":"ReadAction","target":["https:\/\/www.csj-emballages.com\/es\/produit\/estuche-de-carton-blanco-de-2-botellas-con-asa-integrada-180-x-90-x-385-mm-paquete-de-5\/"]}]},{"@type":"ImageObject","inLanguage":"es","@id":"https:\/\/www.csj-emballages.com\/es\/produit\/estuche-de-carton-blanco-de-2-botellas-con-asa-integrada-180-x-90-x-385-mm-paquete-de-5\/#primaryimage","url":"https:\/\/www.csj-emballages.com\/wp-content\/uploads\/2025\/09\/119245.webp","contentUrl":"https:\/\/www.csj-emballages.com\/wp-content\/uploads\/2025\/09\/119245.webp","width":800,"height":800,"caption":"\u00c9tui 2 bouteilles blanc"},{"@type":"BreadcrumbList","@id":"https:\/\/www.csj-emballages.com\/es\/produit\/estuche-de-carton-blanco-de-2-botellas-con-asa-integrada-180-x-90-x-385-mm-paquete-de-5\/#breadcrumb","itemListElement":[{"@type":"ListItem","position":1,"name":"Accueil","item":"https:\/\/www.csj-emballages.com\/es\/universo-del-envasado-alimentario\/"},{"@type":"ListItem","position":2,"name":"Tienda","item":"https:\/\/www.csj-emballages.com\/tienda\/"},{"@type":"ListItem","position":3,"name":"Estuche de cart\u00f3n blanco de 2 botellas con asa integrada 180 x 90 x 385 mm, paquete de 5"}]},{"@type":"WebSite","@id":"https:\/\/www.csj-emballages.com\/es\/#website","url":"https:\/\/www.csj-emballages.com\/es\/","name":"CSJ Emballages","description":"","publisher":{"@id":"https:\/\/www.csj-emballages.com\/es\/#organization"},"potentialAction":[{"@type":"SearchAction","target":{"@type":"EntryPoint","urlTemplate":"https:\/\/www.csj-emballages.com\/es\/?s={search_term_string}"},"query-input":{"@type":"PropertyValueSpecification","valueRequired":true,"valueName":"search_term_string"}}],"inLanguage":"es"},{"@type":"Organization","@id":"https:\/\/www.csj-emballages.com\/es\/#Organization\/","name":"CSJ Emballages","url":"https:\/\/www.csj-emballages.com\/es\/","logo":{"@type":"ImageObject","inLanguage":"es","@id":"https:\/\/www.csj-emballages.com\/es\/#\/schema\/logo\/image\/","url":"https:\/\/www.csj-emballages.com\/wp-content\/uploads\/2023\/10\/logo_csj.webp","contentUrl":"https:\/\/www.csj-emballages.com\/wp-content\/uploads\/2023\/10\/logo_csj.webp","width":250,"height":95,"caption":"CSJ Emballages"},"image":{"@id":"https:\/\/www.csj-emballages.com\/es\/#\/schema\/logo\/image\/"},"sameAs":["https:\/\/www.facebook.com\/csjemballages"],"address":{"@type":"PostalAddress","streetAddress":"ZI La Lechere","addressLocality":"Patornay","postalCode":"39130","addressCountry":"FR"},"contactPoint":[{"@type":"ContactPoint","contactType":"Service client","telephone":"0384254272","email":"contact@csj-emballages.com"}]}]}},"df_price":6.82,"df_sale_price":"","df_regular_price":6.82,"df_image_link":"https:\/\/www.csj-emballages.com\/wp-content\/uploads\/2025\/09\/119245-300x300.webp","tiered_pricing_type":"fixed","tiered_pricing_fixed_rules":[],"tiered_pricing_percentage_rules":[],"tiered_pricing_minimum":1,"tiered_pricing_roles_data":[],"_links":{"self":[{"href":"https:\/\/www.csj-emballages.com\/es\/wp-json\/wp\/v2\/product\/249157","targetHints":{"allow":["GET"]}}],"collection":[{"href":"https:\/\/www.csj-emballages.com\/es\/wp-json\/wp\/v2\/product"}],"about":[{"href":"https:\/\/www.csj-emballages.com\/es\/wp-json\/wp\/v2\/types\/product"}],"wp:featuredmedia":[{"embeddable":true,"href":"https:\/\/www.csj-emballages.com\/es\/wp-json\/wp\/v2\/media\/249155"}],"wp:attachment":[{"href":"https:\/\/www.csj-emballages.com\/es\/wp-json\/wp\/v2\/media?parent=249157"}],"wp:term":[{"taxonomy":"product_brand","embeddable":true,"href":"https:\/\/www.csj-emballages.com\/es\/wp-json\/wp\/v2\/product_brand?post=249157"},{"taxonomy":"product_cat","embeddable":true,"href":"https:\/\/www.csj-emballages.com\/es\/wp-json\/wp\/v2\/product_cat?post=249157"},{"taxonomy":"product_tag","embeddable":true,"href":"https:\/\/www.csj-emballages.com\/es\/wp-json\/wp\/v2\/product_tag?post=249157"}],"curies":[{"name":"wp","href":"https:\/\/api.w.org\/{rel}","templated":true}]}}