{"id":249091,"date":"2025-09-18T16:19:08","date_gmt":"2025-09-18T14:19:08","guid":{"rendered":"https:\/\/www.csj-emballages.com\/produit\/caja-de-carton-para-llaves-210-x-210-x-220-mm\/"},"modified":"2026-04-03T02:11:55","modified_gmt":"2026-04-03T00:11:55","slug":"caja-de-carton-para-llaves-210-x-210-x-220-mm","status":"publish","type":"product","link":"https:\/\/www.csj-emballages.com\/es\/produit\/caja-de-carton-para-llaves-210-x-210-x-220-mm\/","title":{"rendered":"Caja de cart\u00f3n para panettone 210 x 210 x 220 mm"},"content":{"rendered":"<h2 class=\"p1\">Caja de panettone<\/h2>\n<hr>\n<h3>Descripci\u00f3n de nuestra caja de cart\u00f3n para panettone 210 x 210 x 220 mm<\/h3>\n<p><!--more--><\/p>\n<p data-start=\"159\" data-end=\"460\">Ofrezca a sus creaciones gastron\u00f3micas un estuche a la altura de su sabor con nuestra <strong data-start=\"241\" data-end=\"289\">caja para panettone de cart\u00f3n de 210 x 210 x 220 mm<\/strong>. Dise\u00f1ada especialmente para albergar un <strong>panettone de 750 g a 1 kg<\/strong>. Gracias a su <strong data-start=\"473\" data-end=\"493\">asa integrada<\/strong>, el transporte se convierte en un juego de ni\u00f1os: sus clientes podr\u00e1n llevarse su <strong>postre navide\u00f1o<\/strong> o <strong>su brioche casero<\/strong> con total seguridad. Su <strong data-start=\"630\" data-end=\"660\">estructura de cart\u00f3n r\u00edgido<\/strong> garantiza una excelente resistencia, a la vez que protege el producto contra golpes o humedad. Del mismo modo, su <strong data-start=\"770\" data-end=\"804\">dise\u00f1o cuidado y profesional<\/strong> realza inmediatamente su saber hacer artesanal.<\/p>\n<p data-start=\"866\" data-end=\"1181\">Tanto si es <strong data-start=\"881\" data-end=\"894\">panadero<\/strong>, <strong data-start=\"896\" data-end=\"909\">pastelero<\/strong>, <strong data-start=\"911\" data-end=\"923\">proveedor de catering<\/strong> o <strong data-start=\"927\" data-end=\"942\">chocolatero<\/strong>, esta <strong data-start=\"241\" data-end=\"289\">caja para panettone<\/strong> es la aliada perfecta para sus <strong data-start=\"987\" data-end=\"1008\">ventas para llevar<\/strong> durante las fiestas. Su <strong>generoso formato cuadrado<\/strong> de <strong data-start=\"1057\" data-end=\"1079\">210 x 210 x 220 mm<\/strong> permite una colocaci\u00f3n r\u00e1pida del producto y un resultado visual armonioso en sus estanter\u00edas o vitrinas.<\/p>\n<p data-start=\"1183\" data-end=\"1403\">Adem\u00e1s, esta caja se inscribe en un enfoque m\u00e1s <strong data-start=\"1252\" data-end=\"1266\">ecol\u00f3gico<\/strong>, ya que est\u00e1 <strong data-start=\"1281\" data-end=\"1315\">fabricada en cart\u00f3n reciclable<\/strong>. As\u00ed, ofrece a sus clientes un embalaje tan <strong data-start=\"1369\" data-end=\"1384\">responsable<\/strong> como <strong data-start=\"1389\" data-end=\"1400\">refinado<\/strong>.<\/p>\n<p data-start=\"1405\" data-end=\"1617\">Al elegir esta <strong data-start=\"241\" data-end=\"289\">caja para panettone<\/strong>, combina <strong data-start=\"1447\" data-end=\"1464\">ahorro de tiempo<\/strong>, <strong data-start=\"1466\" data-end=\"1489\">protecci\u00f3n \u00f3ptima<\/strong> y <strong data-start=\"1493\" data-end=\"1511\">valor a\u00f1adido<\/strong> a sus productos. Un peque\u00f1o detalle que marca la diferencia para realzar sus dulces de fin de a\u00f1o.<\/p>\n<p data-start=\"1378\" data-end=\"1605\"><!--more--><\/p>\n<h4 data-start=\"1378\" data-end=\"1605\">Ventajas :<\/h4>\n<ul>\n<li data-start=\"1845\" data-end=\"1900\"><strong data-start=\"1847\" data-end=\"1863\">Tama\u00f1o ideal<\/strong> para un panettone de 750 g a 1 kg.<\/li>\n<li data-start=\"1903\" data-end=\"1965\"><strong data-start=\"1905\" data-end=\"1925\">Asa integrada<\/strong> para un transporte f\u00e1cil y seguro.<\/li>\n<li data-start=\"1968\" data-end=\"2036\"><strong data-start=\"1970\" data-end=\"2001\">Cart\u00f3n r\u00edgido reciclable<\/strong> que combina resistencia y ecolog\u00eda.<\/li>\n<li data-start=\"2039\" data-end=\"2105\"><strong data-start=\"2041\" data-end=\"2065\">Dise\u00f1o profesional<\/strong> para mostrar sus productos.<\/li>\n<li data-start=\"2108\" data-end=\"2167\">El <strong data-start=\"2110\" data-end=\"2128\">montaje r\u00e1pido<\/strong> ahorra tiempo de producci\u00f3n.<\/li>\n<\/ul>\n<p>&nbsp;<\/p>\n<p><!--more--><\/p>\n<h4>Informaci\u00f3n adicional :<\/h4>\n<ul>\n<li><strong>Embalaje<\/strong>: Por unidad<\/li>\n<li><strong>Dimensiones<\/strong>: 210 x 210 x 220 mm<\/li>\n<li><strong>Material<\/strong>: Cart\u00f3n<\/li>\n<li><strong>Color<\/strong>: Blanco \/ Rojo<\/li>\n<\/ul>\n<p>&nbsp;<\/p>\n<p><!--more--><\/p>\n<p>Este molde para panettone est\u00e1 disponible en un tama\u00f1o m\u00e1s grande: <span style=\"color: #d12727;\"><a style=\"color: #d12727;\" href=\"https:\/\/www.csj-emballages.com\/es\/produit\/caja-de-carton-para-panettone-245-x-245-x-190-mm\/\">245 x 245 x 190 mm<\/a><\/span><\/p>\n<p>&nbsp;<\/p>\n<p><!--more--><\/p>\n<p><a href=\"https:\/\/www.csj-emballages.com\/es\/categorie-produit\/envasado-de-alimentos\/panaderia-y-pasteleria\/cajas-y-estuches\/latas-de-panettone\/\">Consulte el resto de nuestra gama de cajas para panettone<\/a><\/p>\n","protected":false},"excerpt":{"rendered":"<p>Caja de panettone Descripci\u00f3n de nuestra caja de cart\u00f3n para panettone 210 x 210 x 220 mm<\/p>\n","protected":false},"featured_media":249101,"template":"","meta":{"_acf_changed":false},"product_brand":[],"product_cat":[1150,1145,3868,9905],"product_tag":[],"class_list":{"0":"post-249091","1":"product","2":"type-product","3":"status-publish","4":"has-post-thumbnail","6":"product_cat-envasado-de-alimentos","7":"product_cat-panaderia-y-pasteleria","8":"product_cat-cajas-y-estuches","9":"product_cat-latas-de-panettone","11":"first","12":"instock","13":"taxable","14":"shipping-taxable","15":"purchasable","16":"product-type-simple"},"acf":[],"yoast_head":"<!-- This site is optimized with the Yoast SEO Premium plugin v26.6 (Yoast SEO v26.6) - https:\/\/yoast.com\/wordpress\/plugins\/seo\/ -->\n<title>Panettone Cart\u00f3n 210 x 210 x 220 mm<\/title>\n<meta name=\"description\" content=\"Lata de cart\u00f3n para panettone con asa. Capacidad de 750 g a 1 kg: resistente, pr\u00e1ctico y elegante para sus bonitos panettones.\" \/>\n<meta name=\"robots\" content=\"index, follow, max-snippet:-1, max-image-preview:large, max-video-preview:-1\" \/>\n<link rel=\"canonical\" href=\"https:\/\/www.csj-emballages.com\/es\/produit\/caja-de-carton-para-llaves-210-x-210-x-220-mm\/\" \/>\n<meta property=\"og:locale\" content=\"es_ES\" \/>\n<meta property=\"og:type\" content=\"article\" \/>\n<meta property=\"og:title\" content=\"Caja de cart\u00f3n para panettone 210 x 210 x 220 mm\" \/>\n<meta property=\"og:description\" content=\"Lata de cart\u00f3n para panettone con asa. Capacidad de 750 g a 1 kg: resistente, pr\u00e1ctico y elegante para sus bonitos panettones.\" \/>\n<meta property=\"og:url\" content=\"https:\/\/www.csj-emballages.com\/es\/produit\/caja-de-carton-para-llaves-210-x-210-x-220-mm\/\" \/>\n<meta property=\"og:site_name\" content=\"CSJ Emballages\" \/>\n<meta property=\"article:publisher\" content=\"https:\/\/www.facebook.com\/csjemballages\" \/>\n<meta property=\"article:modified_time\" content=\"2026-04-03T00:11:55+00:00\" \/>\n<meta property=\"og:image\" content=\"https:\/\/www.csj-emballages.com\/wp-content\/uploads\/2025\/09\/139466-1.webp\" \/>\n\t<meta property=\"og:image:width\" content=\"800\" \/>\n\t<meta property=\"og:image:height\" content=\"800\" \/>\n\t<meta property=\"og:image:type\" content=\"image\/webp\" \/>\n<meta name=\"twitter:card\" content=\"summary_large_image\" \/>\n<meta name=\"twitter:label1\" content=\"Tiempo de lectura\" \/>\n\t<meta name=\"twitter:data1\" content=\"2 minutos\" \/>\n<script type=\"application\/ld+json\" class=\"yoast-schema-graph\">{\"@context\":\"https:\/\/schema.org\",\"@graph\":[{\"@type\":\"WebPage\",\"@id\":\"https:\/\/www.csj-emballages.com\/es\/produit\/caja-de-carton-para-llaves-210-x-210-x-220-mm\/\",\"url\":\"https:\/\/www.csj-emballages.com\/es\/produit\/caja-de-carton-para-llaves-210-x-210-x-220-mm\/\",\"name\":\"Panettone Cart\u00f3n 210 x 210 x 220 mm\",\"isPartOf\":{\"@id\":\"https:\/\/www.csj-emballages.com\/es\/#website\"},\"primaryImageOfPage\":{\"@id\":\"https:\/\/www.csj-emballages.com\/es\/produit\/caja-de-carton-para-llaves-210-x-210-x-220-mm\/#primaryimage\"},\"image\":{\"@id\":\"https:\/\/www.csj-emballages.com\/es\/produit\/caja-de-carton-para-llaves-210-x-210-x-220-mm\/#primaryimage\"},\"thumbnailUrl\":\"https:\/\/www.csj-emballages.com\/wp-content\/uploads\/2025\/09\/139466-1.webp\",\"datePublished\":\"2025-09-18T14:19:08+00:00\",\"dateModified\":\"2026-04-03T00:11:55+00:00\",\"description\":\"Lata de cart\u00f3n para panettone con asa. Capacidad de 750 g a 1 kg: resistente, pr\u00e1ctico y elegante para sus bonitos panettones.\",\"breadcrumb\":{\"@id\":\"https:\/\/www.csj-emballages.com\/es\/produit\/caja-de-carton-para-llaves-210-x-210-x-220-mm\/#breadcrumb\"},\"inLanguage\":\"es\",\"potentialAction\":[{\"@type\":\"ReadAction\",\"target\":[\"https:\/\/www.csj-emballages.com\/es\/produit\/caja-de-carton-para-llaves-210-x-210-x-220-mm\/\"]}]},{\"@type\":\"ImageObject\",\"inLanguage\":\"es\",\"@id\":\"https:\/\/www.csj-emballages.com\/es\/produit\/caja-de-carton-para-llaves-210-x-210-x-220-mm\/#primaryimage\",\"url\":\"https:\/\/www.csj-emballages.com\/wp-content\/uploads\/2025\/09\/139466-1.webp\",\"contentUrl\":\"https:\/\/www.csj-emballages.com\/wp-content\/uploads\/2025\/09\/139466-1.webp\",\"width\":800,\"height\":800,\"caption\":\"Boite panneton\"},{\"@type\":\"BreadcrumbList\",\"@id\":\"https:\/\/www.csj-emballages.com\/es\/produit\/caja-de-carton-para-llaves-210-x-210-x-220-mm\/#breadcrumb\",\"itemListElement\":[{\"@type\":\"ListItem\",\"position\":1,\"name\":\"Accueil\",\"item\":\"https:\/\/www.csj-emballages.com\/es\/universo-del-envasado-alimentario\/\"},{\"@type\":\"ListItem\",\"position\":2,\"name\":\"Tienda\",\"item\":\"https:\/\/www.csj-emballages.com\/tienda\/\"},{\"@type\":\"ListItem\",\"position\":3,\"name\":\"Caja de cart\u00f3n para panettone 210 x 210 x 220 mm\"}]},{\"@type\":\"WebSite\",\"@id\":\"https:\/\/www.csj-emballages.com\/es\/#website\",\"url\":\"https:\/\/www.csj-emballages.com\/es\/\",\"name\":\"CSJ Emballages\",\"description\":\"\",\"publisher\":{\"@id\":\"https:\/\/www.csj-emballages.com\/es\/#organization\"},\"potentialAction\":[{\"@type\":\"SearchAction\",\"target\":{\"@type\":\"EntryPoint\",\"urlTemplate\":\"https:\/\/www.csj-emballages.com\/es\/?s={search_term_string}\"},\"query-input\":{\"@type\":\"PropertyValueSpecification\",\"valueRequired\":true,\"valueName\":\"search_term_string\"}}],\"inLanguage\":\"es\"},{\"@type\":\"Organization\",\"@id\":\"https:\/\/www.csj-emballages.com\/es\/#Organization\/\",\"name\":\"CSJ Emballages\",\"url\":\"https:\/\/www.csj-emballages.com\/es\/\",\"logo\":{\"@type\":\"ImageObject\",\"inLanguage\":\"es\",\"@id\":\"https:\/\/www.csj-emballages.com\/es\/#\/schema\/logo\/image\/\",\"url\":\"https:\/\/www.csj-emballages.com\/wp-content\/uploads\/2023\/10\/logo_csj.webp\",\"contentUrl\":\"https:\/\/www.csj-emballages.com\/wp-content\/uploads\/2023\/10\/logo_csj.webp\",\"width\":250,\"height\":95,\"caption\":\"CSJ Emballages\"},\"image\":{\"@id\":\"https:\/\/www.csj-emballages.com\/es\/#\/schema\/logo\/image\/\"},\"sameAs\":[\"https:\/\/www.facebook.com\/csjemballages\"],\"address\":{\"@type\":\"PostalAddress\",\"streetAddress\":\"ZI La Lechere\",\"addressLocality\":\"Patornay\",\"postalCode\":\"39130\",\"addressCountry\":\"FR\"},\"contactPoint\":[{\"@type\":\"ContactPoint\",\"contactType\":\"Service client\",\"telephone\":\"0384254272\",\"email\":\"contact@csj-emballages.com\"}]}]}<\/script>\n<!-- \/ Yoast SEO Premium plugin. -->","yoast_head_json":{"title":"Panettone Cart\u00f3n 210 x 210 x 220 mm","description":"Lata de cart\u00f3n para panettone con asa. Capacidad de 750 g a 1 kg: resistente, pr\u00e1ctico y elegante para sus bonitos panettones.","robots":{"index":"index","follow":"follow","max-snippet":"max-snippet:-1","max-image-preview":"max-image-preview:large","max-video-preview":"max-video-preview:-1"},"canonical":"https:\/\/www.csj-emballages.com\/es\/produit\/caja-de-carton-para-llaves-210-x-210-x-220-mm\/","og_locale":"es_ES","og_type":"article","og_title":"Caja de cart\u00f3n para panettone 210 x 210 x 220 mm","og_description":"Lata de cart\u00f3n para panettone con asa. Capacidad de 750 g a 1 kg: resistente, pr\u00e1ctico y elegante para sus bonitos panettones.","og_url":"https:\/\/www.csj-emballages.com\/es\/produit\/caja-de-carton-para-llaves-210-x-210-x-220-mm\/","og_site_name":"CSJ Emballages","article_publisher":"https:\/\/www.facebook.com\/csjemballages","article_modified_time":"2026-04-03T00:11:55+00:00","og_image":[{"width":800,"height":800,"url":"https:\/\/www.csj-emballages.com\/wp-content\/uploads\/2025\/09\/139466-1.webp","type":"image\/webp"}],"twitter_card":"summary_large_image","twitter_misc":{"Tiempo de lectura":"2 minutos"},"schema":{"@context":"https:\/\/schema.org","@graph":[{"@type":"WebPage","@id":"https:\/\/www.csj-emballages.com\/es\/produit\/caja-de-carton-para-llaves-210-x-210-x-220-mm\/","url":"https:\/\/www.csj-emballages.com\/es\/produit\/caja-de-carton-para-llaves-210-x-210-x-220-mm\/","name":"Panettone Cart\u00f3n 210 x 210 x 220 mm","isPartOf":{"@id":"https:\/\/www.csj-emballages.com\/es\/#website"},"primaryImageOfPage":{"@id":"https:\/\/www.csj-emballages.com\/es\/produit\/caja-de-carton-para-llaves-210-x-210-x-220-mm\/#primaryimage"},"image":{"@id":"https:\/\/www.csj-emballages.com\/es\/produit\/caja-de-carton-para-llaves-210-x-210-x-220-mm\/#primaryimage"},"thumbnailUrl":"https:\/\/www.csj-emballages.com\/wp-content\/uploads\/2025\/09\/139466-1.webp","datePublished":"2025-09-18T14:19:08+00:00","dateModified":"2026-04-03T00:11:55+00:00","description":"Lata de cart\u00f3n para panettone con asa. Capacidad de 750 g a 1 kg: resistente, pr\u00e1ctico y elegante para sus bonitos panettones.","breadcrumb":{"@id":"https:\/\/www.csj-emballages.com\/es\/produit\/caja-de-carton-para-llaves-210-x-210-x-220-mm\/#breadcrumb"},"inLanguage":"es","potentialAction":[{"@type":"ReadAction","target":["https:\/\/www.csj-emballages.com\/es\/produit\/caja-de-carton-para-llaves-210-x-210-x-220-mm\/"]}]},{"@type":"ImageObject","inLanguage":"es","@id":"https:\/\/www.csj-emballages.com\/es\/produit\/caja-de-carton-para-llaves-210-x-210-x-220-mm\/#primaryimage","url":"https:\/\/www.csj-emballages.com\/wp-content\/uploads\/2025\/09\/139466-1.webp","contentUrl":"https:\/\/www.csj-emballages.com\/wp-content\/uploads\/2025\/09\/139466-1.webp","width":800,"height":800,"caption":"Boite panneton"},{"@type":"BreadcrumbList","@id":"https:\/\/www.csj-emballages.com\/es\/produit\/caja-de-carton-para-llaves-210-x-210-x-220-mm\/#breadcrumb","itemListElement":[{"@type":"ListItem","position":1,"name":"Accueil","item":"https:\/\/www.csj-emballages.com\/es\/universo-del-envasado-alimentario\/"},{"@type":"ListItem","position":2,"name":"Tienda","item":"https:\/\/www.csj-emballages.com\/tienda\/"},{"@type":"ListItem","position":3,"name":"Caja de cart\u00f3n para panettone 210 x 210 x 220 mm"}]},{"@type":"WebSite","@id":"https:\/\/www.csj-emballages.com\/es\/#website","url":"https:\/\/www.csj-emballages.com\/es\/","name":"CSJ Emballages","description":"","publisher":{"@id":"https:\/\/www.csj-emballages.com\/es\/#organization"},"potentialAction":[{"@type":"SearchAction","target":{"@type":"EntryPoint","urlTemplate":"https:\/\/www.csj-emballages.com\/es\/?s={search_term_string}"},"query-input":{"@type":"PropertyValueSpecification","valueRequired":true,"valueName":"search_term_string"}}],"inLanguage":"es"},{"@type":"Organization","@id":"https:\/\/www.csj-emballages.com\/es\/#Organization\/","name":"CSJ Emballages","url":"https:\/\/www.csj-emballages.com\/es\/","logo":{"@type":"ImageObject","inLanguage":"es","@id":"https:\/\/www.csj-emballages.com\/es\/#\/schema\/logo\/image\/","url":"https:\/\/www.csj-emballages.com\/wp-content\/uploads\/2023\/10\/logo_csj.webp","contentUrl":"https:\/\/www.csj-emballages.com\/wp-content\/uploads\/2023\/10\/logo_csj.webp","width":250,"height":95,"caption":"CSJ Emballages"},"image":{"@id":"https:\/\/www.csj-emballages.com\/es\/#\/schema\/logo\/image\/"},"sameAs":["https:\/\/www.facebook.com\/csjemballages"],"address":{"@type":"PostalAddress","streetAddress":"ZI La Lechere","addressLocality":"Patornay","postalCode":"39130","addressCountry":"FR"},"contactPoint":[{"@type":"ContactPoint","contactType":"Service client","telephone":"0384254272","email":"contact@csj-emballages.com"}]}]}},"df_price":1.84,"df_sale_price":"","df_regular_price":1.84,"df_image_link":"https:\/\/www.csj-emballages.com\/wp-content\/uploads\/2025\/09\/139466-1-300x300.webp","tiered_pricing_type":"fixed","tiered_pricing_fixed_rules":[],"tiered_pricing_percentage_rules":[],"tiered_pricing_minimum":1,"tiered_pricing_roles_data":[],"_links":{"self":[{"href":"https:\/\/www.csj-emballages.com\/es\/wp-json\/wp\/v2\/product\/249091","targetHints":{"allow":["GET"]}}],"collection":[{"href":"https:\/\/www.csj-emballages.com\/es\/wp-json\/wp\/v2\/product"}],"about":[{"href":"https:\/\/www.csj-emballages.com\/es\/wp-json\/wp\/v2\/types\/product"}],"wp:featuredmedia":[{"embeddable":true,"href":"https:\/\/www.csj-emballages.com\/es\/wp-json\/wp\/v2\/media\/249101"}],"wp:attachment":[{"href":"https:\/\/www.csj-emballages.com\/es\/wp-json\/wp\/v2\/media?parent=249091"}],"wp:term":[{"taxonomy":"product_brand","embeddable":true,"href":"https:\/\/www.csj-emballages.com\/es\/wp-json\/wp\/v2\/product_brand?post=249091"},{"taxonomy":"product_cat","embeddable":true,"href":"https:\/\/www.csj-emballages.com\/es\/wp-json\/wp\/v2\/product_cat?post=249091"},{"taxonomy":"product_tag","embeddable":true,"href":"https:\/\/www.csj-emballages.com\/es\/wp-json\/wp\/v2\/product_tag?post=249091"}],"curies":[{"name":"wp","href":"https:\/\/api.w.org\/{rel}","templated":true}]}}