{"id":248216,"date":"2025-09-18T16:18:45","date_gmt":"2025-09-18T14:18:45","guid":{"rendered":"https:\/\/www.csj-emballages.com\/produit\/cesta-de-carton-roja-380-x-300-x-100-mm\/"},"modified":"2026-03-12T16:05:55","modified_gmt":"2026-03-12T15:05:55","slug":"cesta-de-carton-roja-380-x-300-x-100-mm","status":"publish","type":"product","link":"https:\/\/www.csj-emballages.com\/es\/produit\/cesta-de-carton-roja-380-x-300-x-100-mm\/","title":{"rendered":"Cesta de cart\u00f3n roja 380 x 300 x 100 mm"},"content":{"rendered":"<h2 class=\"p1\">Cesta de cart\u00f3n roja<\/h2>\n<hr>\n<h3>Descripci\u00f3n de nuestra cesta de cart\u00f3n rojo 380 x 300 x 100 mm<\/h3>\n<p><!--more--><\/p>\n<p data-start=\"150\" data-end=\"557\">A\u00f1ada un toque de elegancia a sus regalos o presentaciones con nuestra <strong>cesta de cart\u00f3n rojo de 380 x 300 x 100 mm<\/strong>. Este <strong>recipiente de forma hexagonal<\/strong> es perfecto para envolver, presentar o exponer sus productos alimentarios y vin\u00edcolas. Gracias a su refinado dise\u00f1o y a <strong>su vibrante color rojo<\/strong>, esta <strong>cesta de<\/strong> cart\u00f3n atraer\u00e1 todas las miradas y realzar\u00e1 sus creaciones.  <\/p>\n<p data-start=\"559\" data-end=\"959\">Fabricada en <strong>cart\u00f3n r\u00edgido<\/strong>, sujeta con seguridad incluso productos pesados o voluminosos. Ya sea artesano, hostelero, propietario de una tienda de delicatessen, pastelero o comerciante de vinos, esta <strong>cesta roja<\/strong> puede adaptarse a todas sus necesidades. Puede poner en ella <strong>botellas de vino<\/strong>, <strong>productos locales<\/strong>, <strong>dulces<\/strong> o <strong>peque\u00f1os regalos gourmet<\/strong>.  <\/p>\n<p data-start=\"961\" data-end=\"1261\">Su <strong>original forma hexagonal<\/strong> tambi\u00e9n permite una presentaci\u00f3n armoniosa, ideal para cajas de regalo, arreglos festivos o escaparates. Combina solidez, est\u00e9tica y funcionalidad, lo que la convierte en la elecci\u00f3n perfecta para los profesionales m\u00e1s exigentes. <\/p>\n<p data-start=\"1263\" data-end=\"1523\"><strong>F\u00e1cil de montar y manipular<\/strong>, esta <strong>cesta<\/strong> ahorra mucho tiempo a la hora de embalar. Por \u00faltimo, pero no por ello menos importante, su <strong>material reciclable<\/strong> la convierte en un envase respetuoso con el medio ambiente, en l\u00ednea con las expectativas actuales de los consumidores. <\/p>\n<p data-start=\"1525\" data-end=\"1670\">En definitiva, esta <strong>cesta de cart\u00f3n rojo<\/strong> combina dise\u00f1o, practicidad y responsabilidad ecol\u00f3gica, al tiempo que hace que sus productos destaquen entre la multitud.<\/p>\n<p data-start=\"1378\" data-end=\"1605\"><!--more--><\/p>\n<h4 data-start=\"1378\" data-end=\"1605\">Ventajas :<\/h4>\n<ul>\n<li data-start=\"1717\" data-end=\"1790\"><strong data-start=\"1719\" data-end=\"1753\">Dise\u00f1o elegante y colores vivos<\/strong> para presentaciones atractivas<\/li>\n<li data-start=\"1793\" data-end=\"1871\"><strong data-start=\"1795\" data-end=\"1815\">Forma hexagonal<\/strong> \u00fanica para una mejor presentaci\u00f3n del producto<\/li>\n<li data-start=\"1874\" data-end=\"1944\"><strong data-start=\"1876\" data-end=\"1910\">Cart\u00f3n resistente y reciclable<\/strong>, respetuoso con el medio ambiente<\/li>\n<li data-start=\"1947\" data-end=\"2034\"><strong data-start=\"1949\" data-end=\"1964\">Vers\u00e1til<\/strong>: ideal para productos alimenticios, vino u objetos decorativos<\/li>\n<li data-start=\"2037\" data-end=\"2080\"><strong data-start=\"2039\" data-end=\"2078\">F\u00e1cil de montar y transportar<\/strong>.<\/li>\n<\/ul>\n<p>&nbsp;<\/p>\n<p><!--more--><\/p>\n<h4>Informaci\u00f3n adicional :<\/h4>\n<ul>\n<li><strong>Embalaje<\/strong>: Por unidad<\/li>\n<li><strong>Dimensiones<\/strong>: 380 x 300 x 100 mm<\/li>\n<li><strong>Material<\/strong>: Cart\u00f3n<\/li>\n<li><strong>Color<\/strong>: Rojo<\/li>\n<li><strong>Forma<\/strong>: Hex\u00e1gono<\/li>\n<\/ul>\n<p>&nbsp;<\/p>\n<p><!--more--><\/p>\n<p>Esta cesta de cart\u00f3n rojo est\u00e1 disponible en un tama\u00f1o m\u00e1s peque\u00f1o: <span style=\"color: #d12727;\"><a style=\"color: #d12727;\" href=\"https:\/\/www.csj-emballages.com\/es\/produit\/cesta-de-carton-roja-290-x-230-x-85-mm\/\">290 x 230 x 85 mm<\/a><\/span><\/p>\n<p>&nbsp;<\/p>\n<p><!--more--><\/p>\n<p><a href=\"\/?product_cat=panier-corbeille\">Consulte el resto de nuestra gama de cestas<\/a><\/p>\n","protected":false},"excerpt":{"rendered":"<p>Cesta de cart\u00f3n roja Descripci\u00f3n de nuestra cesta de cart\u00f3n rojo 380 x 300 x 100 mm<\/p>\n","protected":false},"featured_media":248212,"template":"","meta":{"_acf_changed":false},"product_brand":[],"product_cat":[1150,1488,3874,3071],"product_tag":[],"class_list":{"0":"post-248216","1":"product","2":"type-product","3":"status-publish","4":"has-post-thumbnail","6":"product_cat-envasado-de-alimentos","7":"product_cat-tienda-y-almacen","8":"product_cat-accesorios-y-equipamiento-es","9":"product_cat-cesta-de-mimbre","11":"first","12":"outofstock","13":"taxable","14":"shipping-taxable","15":"purchasable","16":"product-type-simple"},"acf":[],"yoast_head":"<!-- This site is optimized with the Yoast SEO Premium plugin v26.6 (Yoast SEO v26.6) - https:\/\/yoast.com\/wordpress\/plugins\/seo\/ -->\n<title>Papelera de cart\u00f3n roja 380 x 300 x 100 mm<\/title>\n<meta name=\"description\" content=\"Cesta hexagonal de cart\u00f3n rojo 380 x 300 x 100 mm, elegante y resistente, ideal para envasar o exponer sus productos gourmet y regalos.\" \/>\n<meta name=\"robots\" content=\"index, follow, max-snippet:-1, max-image-preview:large, max-video-preview:-1\" \/>\n<link rel=\"canonical\" href=\"https:\/\/www.csj-emballages.com\/es\/produit\/cesta-de-carton-roja-380-x-300-x-100-mm\/\" \/>\n<meta property=\"og:locale\" content=\"es_ES\" \/>\n<meta property=\"og:type\" content=\"article\" \/>\n<meta property=\"og:title\" content=\"Cesta de cart\u00f3n roja 380 x 300 x 100 mm\" \/>\n<meta property=\"og:description\" content=\"Cesta hexagonal de cart\u00f3n rojo 380 x 300 x 100 mm, elegante y resistente, ideal para envasar o exponer sus productos gourmet y regalos.\" \/>\n<meta property=\"og:url\" content=\"https:\/\/www.csj-emballages.com\/es\/produit\/cesta-de-carton-roja-380-x-300-x-100-mm\/\" \/>\n<meta property=\"og:site_name\" content=\"CSJ Emballages\" \/>\n<meta property=\"article:publisher\" content=\"https:\/\/www.facebook.com\/csjemballages\" \/>\n<meta property=\"article:modified_time\" content=\"2026-03-12T15:05:55+00:00\" \/>\n<meta property=\"og:image\" content=\"https:\/\/www.csj-emballages.com\/wp-content\/uploads\/2025\/09\/130425.webp\" \/>\n\t<meta property=\"og:image:width\" content=\"800\" \/>\n\t<meta property=\"og:image:height\" content=\"799\" \/>\n\t<meta property=\"og:image:type\" content=\"image\/webp\" \/>\n<meta name=\"twitter:card\" content=\"summary_large_image\" \/>\n<meta name=\"twitter:label1\" content=\"Tiempo de lectura\" \/>\n\t<meta name=\"twitter:data1\" content=\"2 minutos\" \/>\n<script type=\"application\/ld+json\" class=\"yoast-schema-graph\">{\"@context\":\"https:\/\/schema.org\",\"@graph\":[{\"@type\":\"WebPage\",\"@id\":\"https:\/\/www.csj-emballages.com\/es\/produit\/cesta-de-carton-roja-380-x-300-x-100-mm\/\",\"url\":\"https:\/\/www.csj-emballages.com\/es\/produit\/cesta-de-carton-roja-380-x-300-x-100-mm\/\",\"name\":\"Papelera de cart\u00f3n roja 380 x 300 x 100 mm\",\"isPartOf\":{\"@id\":\"https:\/\/www.csj-emballages.com\/es\/#website\"},\"primaryImageOfPage\":{\"@id\":\"https:\/\/www.csj-emballages.com\/es\/produit\/cesta-de-carton-roja-380-x-300-x-100-mm\/#primaryimage\"},\"image\":{\"@id\":\"https:\/\/www.csj-emballages.com\/es\/produit\/cesta-de-carton-roja-380-x-300-x-100-mm\/#primaryimage\"},\"thumbnailUrl\":\"https:\/\/www.csj-emballages.com\/wp-content\/uploads\/2025\/09\/130425.webp\",\"datePublished\":\"2025-09-18T14:18:45+00:00\",\"dateModified\":\"2026-03-12T15:05:55+00:00\",\"description\":\"Cesta hexagonal de cart\u00f3n rojo 380 x 300 x 100 mm, elegante y resistente, ideal para envasar o exponer sus productos gourmet y regalos.\",\"breadcrumb\":{\"@id\":\"https:\/\/www.csj-emballages.com\/es\/produit\/cesta-de-carton-roja-380-x-300-x-100-mm\/#breadcrumb\"},\"inLanguage\":\"es\",\"potentialAction\":[{\"@type\":\"ReadAction\",\"target\":[\"https:\/\/www.csj-emballages.com\/es\/produit\/cesta-de-carton-roja-380-x-300-x-100-mm\/\"]}]},{\"@type\":\"ImageObject\",\"inLanguage\":\"es\",\"@id\":\"https:\/\/www.csj-emballages.com\/es\/produit\/cesta-de-carton-roja-380-x-300-x-100-mm\/#primaryimage\",\"url\":\"https:\/\/www.csj-emballages.com\/wp-content\/uploads\/2025\/09\/130425.webp\",\"contentUrl\":\"https:\/\/www.csj-emballages.com\/wp-content\/uploads\/2025\/09\/130425.webp\",\"width\":800,\"height\":799,\"caption\":\"Corbeille carton rouge\"},{\"@type\":\"BreadcrumbList\",\"@id\":\"https:\/\/www.csj-emballages.com\/es\/produit\/cesta-de-carton-roja-380-x-300-x-100-mm\/#breadcrumb\",\"itemListElement\":[{\"@type\":\"ListItem\",\"position\":1,\"name\":\"Accueil\",\"item\":\"https:\/\/www.csj-emballages.com\/es\/universo-del-envasado-alimentario\/\"},{\"@type\":\"ListItem\",\"position\":2,\"name\":\"Tienda\",\"item\":\"https:\/\/www.csj-emballages.com\/tienda\/\"},{\"@type\":\"ListItem\",\"position\":3,\"name\":\"Cesta de cart\u00f3n roja 380 x 300 x 100 mm\"}]},{\"@type\":\"WebSite\",\"@id\":\"https:\/\/www.csj-emballages.com\/es\/#website\",\"url\":\"https:\/\/www.csj-emballages.com\/es\/\",\"name\":\"CSJ Emballages\",\"description\":\"\",\"publisher\":{\"@id\":\"https:\/\/www.csj-emballages.com\/es\/#organization\"},\"potentialAction\":[{\"@type\":\"SearchAction\",\"target\":{\"@type\":\"EntryPoint\",\"urlTemplate\":\"https:\/\/www.csj-emballages.com\/es\/?s={search_term_string}\"},\"query-input\":{\"@type\":\"PropertyValueSpecification\",\"valueRequired\":true,\"valueName\":\"search_term_string\"}}],\"inLanguage\":\"es\"},{\"@type\":\"Organization\",\"@id\":\"https:\/\/www.csj-emballages.com\/es\/#Organization\/\",\"name\":\"CSJ Emballages\",\"url\":\"https:\/\/www.csj-emballages.com\/es\/\",\"logo\":{\"@type\":\"ImageObject\",\"inLanguage\":\"es\",\"@id\":\"https:\/\/www.csj-emballages.com\/es\/#\/schema\/logo\/image\/\",\"url\":\"https:\/\/www.csj-emballages.com\/wp-content\/uploads\/2023\/10\/logo_csj.webp\",\"contentUrl\":\"https:\/\/www.csj-emballages.com\/wp-content\/uploads\/2023\/10\/logo_csj.webp\",\"width\":250,\"height\":95,\"caption\":\"CSJ Emballages\"},\"image\":{\"@id\":\"https:\/\/www.csj-emballages.com\/es\/#\/schema\/logo\/image\/\"},\"sameAs\":[\"https:\/\/www.facebook.com\/csjemballages\"],\"address\":{\"@type\":\"PostalAddress\",\"streetAddress\":\"ZI La Lechere\",\"addressLocality\":\"Patornay\",\"postalCode\":\"39130\",\"addressCountry\":\"FR\"},\"contactPoint\":[{\"@type\":\"ContactPoint\",\"contactType\":\"Service client\",\"telephone\":\"0384254272\",\"email\":\"contact@csj-emballages.com\"}]}]}<\/script>\n<!-- \/ Yoast SEO Premium plugin. -->","yoast_head_json":{"title":"Papelera de cart\u00f3n roja 380 x 300 x 100 mm","description":"Cesta hexagonal de cart\u00f3n rojo 380 x 300 x 100 mm, elegante y resistente, ideal para envasar o exponer sus productos gourmet y regalos.","robots":{"index":"index","follow":"follow","max-snippet":"max-snippet:-1","max-image-preview":"max-image-preview:large","max-video-preview":"max-video-preview:-1"},"canonical":"https:\/\/www.csj-emballages.com\/es\/produit\/cesta-de-carton-roja-380-x-300-x-100-mm\/","og_locale":"es_ES","og_type":"article","og_title":"Cesta de cart\u00f3n roja 380 x 300 x 100 mm","og_description":"Cesta hexagonal de cart\u00f3n rojo 380 x 300 x 100 mm, elegante y resistente, ideal para envasar o exponer sus productos gourmet y regalos.","og_url":"https:\/\/www.csj-emballages.com\/es\/produit\/cesta-de-carton-roja-380-x-300-x-100-mm\/","og_site_name":"CSJ Emballages","article_publisher":"https:\/\/www.facebook.com\/csjemballages","article_modified_time":"2026-03-12T15:05:55+00:00","og_image":[{"width":800,"height":799,"url":"https:\/\/www.csj-emballages.com\/wp-content\/uploads\/2025\/09\/130425.webp","type":"image\/webp"}],"twitter_card":"summary_large_image","twitter_misc":{"Tiempo de lectura":"2 minutos"},"schema":{"@context":"https:\/\/schema.org","@graph":[{"@type":"WebPage","@id":"https:\/\/www.csj-emballages.com\/es\/produit\/cesta-de-carton-roja-380-x-300-x-100-mm\/","url":"https:\/\/www.csj-emballages.com\/es\/produit\/cesta-de-carton-roja-380-x-300-x-100-mm\/","name":"Papelera de cart\u00f3n roja 380 x 300 x 100 mm","isPartOf":{"@id":"https:\/\/www.csj-emballages.com\/es\/#website"},"primaryImageOfPage":{"@id":"https:\/\/www.csj-emballages.com\/es\/produit\/cesta-de-carton-roja-380-x-300-x-100-mm\/#primaryimage"},"image":{"@id":"https:\/\/www.csj-emballages.com\/es\/produit\/cesta-de-carton-roja-380-x-300-x-100-mm\/#primaryimage"},"thumbnailUrl":"https:\/\/www.csj-emballages.com\/wp-content\/uploads\/2025\/09\/130425.webp","datePublished":"2025-09-18T14:18:45+00:00","dateModified":"2026-03-12T15:05:55+00:00","description":"Cesta hexagonal de cart\u00f3n rojo 380 x 300 x 100 mm, elegante y resistente, ideal para envasar o exponer sus productos gourmet y regalos.","breadcrumb":{"@id":"https:\/\/www.csj-emballages.com\/es\/produit\/cesta-de-carton-roja-380-x-300-x-100-mm\/#breadcrumb"},"inLanguage":"es","potentialAction":[{"@type":"ReadAction","target":["https:\/\/www.csj-emballages.com\/es\/produit\/cesta-de-carton-roja-380-x-300-x-100-mm\/"]}]},{"@type":"ImageObject","inLanguage":"es","@id":"https:\/\/www.csj-emballages.com\/es\/produit\/cesta-de-carton-roja-380-x-300-x-100-mm\/#primaryimage","url":"https:\/\/www.csj-emballages.com\/wp-content\/uploads\/2025\/09\/130425.webp","contentUrl":"https:\/\/www.csj-emballages.com\/wp-content\/uploads\/2025\/09\/130425.webp","width":800,"height":799,"caption":"Corbeille carton rouge"},{"@type":"BreadcrumbList","@id":"https:\/\/www.csj-emballages.com\/es\/produit\/cesta-de-carton-roja-380-x-300-x-100-mm\/#breadcrumb","itemListElement":[{"@type":"ListItem","position":1,"name":"Accueil","item":"https:\/\/www.csj-emballages.com\/es\/universo-del-envasado-alimentario\/"},{"@type":"ListItem","position":2,"name":"Tienda","item":"https:\/\/www.csj-emballages.com\/tienda\/"},{"@type":"ListItem","position":3,"name":"Cesta de cart\u00f3n roja 380 x 300 x 100 mm"}]},{"@type":"WebSite","@id":"https:\/\/www.csj-emballages.com\/es\/#website","url":"https:\/\/www.csj-emballages.com\/es\/","name":"CSJ Emballages","description":"","publisher":{"@id":"https:\/\/www.csj-emballages.com\/es\/#organization"},"potentialAction":[{"@type":"SearchAction","target":{"@type":"EntryPoint","urlTemplate":"https:\/\/www.csj-emballages.com\/es\/?s={search_term_string}"},"query-input":{"@type":"PropertyValueSpecification","valueRequired":true,"valueName":"search_term_string"}}],"inLanguage":"es"},{"@type":"Organization","@id":"https:\/\/www.csj-emballages.com\/es\/#Organization\/","name":"CSJ Emballages","url":"https:\/\/www.csj-emballages.com\/es\/","logo":{"@type":"ImageObject","inLanguage":"es","@id":"https:\/\/www.csj-emballages.com\/es\/#\/schema\/logo\/image\/","url":"https:\/\/www.csj-emballages.com\/wp-content\/uploads\/2023\/10\/logo_csj.webp","contentUrl":"https:\/\/www.csj-emballages.com\/wp-content\/uploads\/2023\/10\/logo_csj.webp","width":250,"height":95,"caption":"CSJ Emballages"},"image":{"@id":"https:\/\/www.csj-emballages.com\/es\/#\/schema\/logo\/image\/"},"sameAs":["https:\/\/www.facebook.com\/csjemballages"],"address":{"@type":"PostalAddress","streetAddress":"ZI La Lechere","addressLocality":"Patornay","postalCode":"39130","addressCountry":"FR"},"contactPoint":[{"@type":"ContactPoint","contactType":"Service client","telephone":"0384254272","email":"contact@csj-emballages.com"}]}]}},"df_price":3.14,"df_sale_price":"","df_regular_price":3.14,"df_image_link":"https:\/\/www.csj-emballages.com\/wp-content\/uploads\/2025\/09\/130425-300x300.webp","tiered_pricing_type":"fixed","tiered_pricing_fixed_rules":[],"tiered_pricing_percentage_rules":[],"tiered_pricing_minimum":1,"tiered_pricing_roles_data":[],"_links":{"self":[{"href":"https:\/\/www.csj-emballages.com\/es\/wp-json\/wp\/v2\/product\/248216","targetHints":{"allow":["GET"]}}],"collection":[{"href":"https:\/\/www.csj-emballages.com\/es\/wp-json\/wp\/v2\/product"}],"about":[{"href":"https:\/\/www.csj-emballages.com\/es\/wp-json\/wp\/v2\/types\/product"}],"wp:featuredmedia":[{"embeddable":true,"href":"https:\/\/www.csj-emballages.com\/es\/wp-json\/wp\/v2\/media\/248212"}],"wp:attachment":[{"href":"https:\/\/www.csj-emballages.com\/es\/wp-json\/wp\/v2\/media?parent=248216"}],"wp:term":[{"taxonomy":"product_brand","embeddable":true,"href":"https:\/\/www.csj-emballages.com\/es\/wp-json\/wp\/v2\/product_brand?post=248216"},{"taxonomy":"product_cat","embeddable":true,"href":"https:\/\/www.csj-emballages.com\/es\/wp-json\/wp\/v2\/product_cat?post=248216"},{"taxonomy":"product_tag","embeddable":true,"href":"https:\/\/www.csj-emballages.com\/es\/wp-json\/wp\/v2\/product_tag?post=248216"}],"curies":[{"name":"wp","href":"https:\/\/api.w.org\/{rel}","templated":true}]}}