{"id":248187,"date":"2025-09-18T16:19:03","date_gmt":"2025-09-18T14:19:03","guid":{"rendered":"https:\/\/www.csj-emballages.com\/produit\/regla-para-macarrones-de-carton-kraft-160-x-100-x-50-mm-20-unid\/"},"modified":"2026-04-18T02:11:39","modified_gmt":"2026-04-18T00:11:39","slug":"regla-para-macarrones-de-carton-kraft-160-x-100-x-50-mm-20-unid","status":"publish","type":"product","link":"https:\/\/www.csj-emballages.com\/es\/produit\/regla-para-macarrones-de-carton-kraft-160-x-100-x-50-mm-20-unid\/","title":{"rendered":"Regla macarr\u00f3n de cart\u00f3n kraft 160 x 100 x 50 mm (10)"},"content":{"rendered":"<h2 class=\"p1\">Regla Macaroon<\/h2>\n<hr>\n<h3>Descripci\u00f3n de nuestra regla para macarrones de cart\u00f3n kraft 160 x 100 x 50 mm, paquete de 10<\/h3>\n<p><!--more--><\/p>\n<p data-start=\"100\" data-end=\"597\">Ofrezca a sus dulces creaciones un estuche a la altura de su refinamiento con nuestro <strong>estuche para macarons de cart\u00f3n kraft<\/strong> <strong>de 160 x 100 x 50 mm<\/strong>. Elegante y pr\u00e1ctica, esta caja est\u00e1 dise\u00f1ada para que sus <strong data-start=\"320\" data-end=\"370\">macarons, bombones o dulces caseros<\/strong> luzcan en todo su esplendor, al tiempo que los protege durante el transporte. Gracias a su <strong data-start=\"438\" data-end=\"462\">base de doble canto<\/strong> y a su <strong data-start=\"469\" data-end=\"494\">banda de cart\u00f3n estirado<\/strong>, ofrece <strong>una excelente<\/strong> <strong data-start=\"511\" data-end=\"532\">rigidez<\/strong> y <strong data-start=\"540\" data-end=\"560\">una sujeci\u00f3n impecable<\/strong>, incluso tras repetidas manipulaciones.  <\/p>\n<p data-start=\"599\" data-end=\"992\">Fabricada en <strong data-start=\"612\" data-end=\"645\">cart\u00f3n<\/strong>, esta caja combina solidez y est\u00e9tica. De hecho, su <strong data-start=\"699\" data-end=\"732\">color kraft suave y natural<\/strong> atrae inmediatamente la atenci\u00f3n y transmite una imagen de <strong data-start=\"789\" data-end=\"828\">delicadeza y profesionalidad<\/strong>. Tanto si es pastelero, chocolatero o proveedor de catering, esta <strong>regleta para macarons<\/strong> ser\u00e1 su aliada para <strong data-start=\"924\" data-end=\"954\">sublimar sus presentaciones<\/strong> y reforzar su imagen de marca.<\/p>\n<p data-start=\"994\" data-end=\"1290\">Asimismo, su <strong data-start=\"1007\" data-end=\"1025\">montaje r\u00e1pido<\/strong> y su <strong data-start=\"1032\" data-end=\"1055\">cierre seguro<\/strong> la convierten en una opci\u00f3n ideal para el <strong data-start=\"1087\" data-end=\"1115\">envasado en serie<\/strong> o los <strong data-start=\"1123\" data-end=\"1147\">pedidos para llevar<\/strong>. Se desliza f\u00e1cilmente en una bolsa o una caja de regalo y sigue siendo perfectamente <strong data-start=\"1229\" data-end=\"1242\">apilable<\/strong>.<\/p>\n<p data-start=\"1292\" data-end=\"1672\">En resumen, esta <strong>regleta para macarons de cart\u00f3n kraft<\/strong> a\u00fana <strong data-start=\"1348\" data-end=\"1383\">dise\u00f1o, practicidad y resistencia<\/strong>. Adem\u00e1s, es perfecta para presentar sus dulces con <strong data-start=\"1436\" data-end=\"1463\">elegancia y originalidad<\/strong>. Porque cada detalle cuenta, elija un embalaje que refleje la <strong data-start=\"1605\" data-end=\"1627\">calidad y el cuidado<\/strong> que dedica a sus creaciones dulces.<\/p>\n<p data-start=\"1378\" data-end=\"1605\"><!--more--><\/p>\n<h4 data-start=\"1378\" data-end=\"1605\">Ventajas :<\/h4>\n<ul>\n<li data-start=\"1711\" data-end=\"1772\"><strong data-start=\"1711\" data-end=\"1744\">Cart\u00f3n r\u00edgido con doble borde<\/strong> para una excelente sujeci\u00f3n.<\/li>\n<li data-start=\"1775\" data-end=\"1839\">Sobrio <strong data-start=\"1775\" data-end=\"1791\">color kraft<\/strong>, perfecto para exhibir tus creaciones.<\/li>\n<li data-start=\"1842\" data-end=\"1902\"><strong data-start=\"1842\" data-end=\"1900\">Ideal para macarrones, bombones o peque\u00f1os pasteles.<\/strong><\/li>\n<li data-start=\"1905\" data-end=\"1945\"><strong data-start=\"1905\" data-end=\"1923\">F\u00e1cil montaje<\/strong> y cierre s\u00f3lido.<\/li>\n<li data-start=\"1948\" data-end=\"2013\"><strong data-start=\"1948\" data-end=\"1966\">Tama\u00f1o compacto<\/strong> (160 x 100 x 50 mm) para facilitar su transporte.<\/li>\n<li data-start=\"2016\" data-end=\"2079\"><strong data-start=\"2016\" data-end=\"2036\">Paquete de 10 cajas<\/strong>, econ\u00f3mico y adecuado para profesionales.<\/li>\n<\/ul>\n<p>&nbsp;<\/p>\n<p><!--more--><\/p>\n<h4>Informaci\u00f3n adicional :<\/h4>\n<ul>\n<li><strong>Envase<\/strong>: Paquete de 10<\/li>\n<li><strong>Dimensiones<\/strong>: 160 x 100 x 50 mm<\/li>\n<li><strong>Material<\/strong>: Cart\u00f3n<\/li>\n<li><strong>Capacidad<\/strong>: 5-6 macarrones<\/li>\n<li><strong>Color<\/strong>: Kraft \/ Blanco<\/li>\n<\/ul>\n<p>&nbsp;<\/p>\n<p><!--more--><\/p>\n<p>Esta regla para macarrones est\u00e1 disponible en diferentes tama\u00f1os: <span style=\"color: #d12727\"><a style=\"color: #d12727\" href=\"https:\/\/www.csj-emballages.com\/produit\/reglette-macarons-carton-kraft-80-x-50-x-50-mm-par-20\/\">80 x 50 x 50 mm<\/a><\/span> \/ <span style=\"color: #d12727\"><a style=\"color: #d12727\" href=\"https:\/\/www.csj-emballages.com\/produit\/reglette-macarons-carton-kraft-160-x-50-x-50-mm-par-20\/\">160 x 50 x 50 mm<\/a><\/span><\/p>\n<p>&nbsp;<\/p>\n<p><!--more--><\/p>\n<p><a href=\"https:\/\/www.csj-emballages.com\/es\/categorie-produit\/envasado-de-alimentos\/panaderia-y-pasteleria\/cajas-y-estuches\/cajas-estuches-para-macarrones\/reglas-de-macarrones\/\">Consulte el resto de nuestra gama de regletas para macarons<\/a><\/p>\n","protected":false},"excerpt":{"rendered":"<p>Regla Macaroon Descripci\u00f3n de nuestra regla para macarrones de cart\u00f3n kraft 160 x 100 x 50 mm, paquete de 10<\/p>\n","protected":false},"featured_media":248180,"template":"","meta":{"_acf_changed":false},"product_brand":[],"product_cat":[1150,1145,3868,1710,9890],"product_tag":[],"class_list":{"0":"post-248187","1":"product","2":"type-product","3":"status-publish","4":"has-post-thumbnail","6":"product_cat-envasado-de-alimentos","7":"product_cat-panaderia-y-pasteleria","8":"product_cat-cajas-y-estuches","9":"product_cat-cajas-estuches-para-macarrones","10":"product_cat-reglas-de-macarrones","12":"first","13":"instock","14":"taxable","15":"shipping-taxable","16":"purchasable","17":"product-type-simple"},"acf":[],"yoast_head":"<!-- This site is optimized with the Yoast SEO Premium plugin v26.6 (Yoast SEO v26.6) - https:\/\/yoast.com\/wordpress\/plugins\/seo\/ -->\n<title>Regla de cart\u00f3n kraft para macarrones 160 x 100 x 50 mm (10)<\/title>\n<meta name=\"description\" content=\"Regla para macarrones rosa de cart\u00f3n r\u00edgido de 160 x 100 x 50 mm: elegante, resistente e ideal para exponer sus dulces. \u00a1Lote de 10 para profesionales gourmet!\" \/>\n<meta name=\"robots\" content=\"index, follow, max-snippet:-1, max-image-preview:large, max-video-preview:-1\" \/>\n<link rel=\"canonical\" href=\"https:\/\/www.csj-emballages.com\/es\/produit\/regla-para-macarrones-de-carton-kraft-160-x-100-x-50-mm-20-unid\/\" \/>\n<meta property=\"og:locale\" content=\"es_ES\" \/>\n<meta property=\"og:type\" content=\"article\" \/>\n<meta property=\"og:title\" content=\"Regla macarr\u00f3n de cart\u00f3n kraft 160 x 100 x 50 mm (10)\" \/>\n<meta property=\"og:description\" content=\"Regla para macarrones rosa de cart\u00f3n r\u00edgido de 160 x 100 x 50 mm: elegante, resistente e ideal para exponer sus dulces. \u00a1Lote de 10 para profesionales gourmet!\" \/>\n<meta property=\"og:url\" content=\"https:\/\/www.csj-emballages.com\/es\/produit\/regla-para-macarrones-de-carton-kraft-160-x-100-x-50-mm-20-unid\/\" \/>\n<meta property=\"og:site_name\" content=\"CSJ Emballages\" \/>\n<meta property=\"article:publisher\" content=\"https:\/\/www.facebook.com\/csjemballages\" \/>\n<meta property=\"article:modified_time\" content=\"2026-04-18T00:11:39+00:00\" \/>\n<meta property=\"og:image\" content=\"https:\/\/www.csj-emballages.com\/wp-content\/uploads\/2025\/09\/138999-1.webp\" \/>\n\t<meta property=\"og:image:width\" content=\"800\" \/>\n\t<meta property=\"og:image:height\" content=\"800\" \/>\n\t<meta property=\"og:image:type\" content=\"image\/webp\" \/>\n<meta name=\"twitter:card\" content=\"summary_large_image\" \/>\n<meta name=\"twitter:label1\" content=\"Tiempo de lectura\" \/>\n\t<meta name=\"twitter:data1\" content=\"2 minutos\" \/>\n<script type=\"application\/ld+json\" class=\"yoast-schema-graph\">{\"@context\":\"https:\/\/schema.org\",\"@graph\":[{\"@type\":\"WebPage\",\"@id\":\"https:\/\/www.csj-emballages.com\/es\/produit\/regla-para-macarrones-de-carton-kraft-160-x-100-x-50-mm-20-unid\/\",\"url\":\"https:\/\/www.csj-emballages.com\/es\/produit\/regla-para-macarrones-de-carton-kraft-160-x-100-x-50-mm-20-unid\/\",\"name\":\"Regla de cart\u00f3n kraft para macarrones 160 x 100 x 50 mm (10)\",\"isPartOf\":{\"@id\":\"https:\/\/www.csj-emballages.com\/es\/#website\"},\"primaryImageOfPage\":{\"@id\":\"https:\/\/www.csj-emballages.com\/es\/produit\/regla-para-macarrones-de-carton-kraft-160-x-100-x-50-mm-20-unid\/#primaryimage\"},\"image\":{\"@id\":\"https:\/\/www.csj-emballages.com\/es\/produit\/regla-para-macarrones-de-carton-kraft-160-x-100-x-50-mm-20-unid\/#primaryimage\"},\"thumbnailUrl\":\"https:\/\/www.csj-emballages.com\/wp-content\/uploads\/2025\/09\/138999-1.webp\",\"datePublished\":\"2025-09-18T14:19:03+00:00\",\"dateModified\":\"2026-04-18T00:11:39+00:00\",\"description\":\"Regla para macarrones rosa de cart\u00f3n r\u00edgido de 160 x 100 x 50 mm: elegante, resistente e ideal para exponer sus dulces. \u00a1Lote de 10 para profesionales gourmet!\",\"breadcrumb\":{\"@id\":\"https:\/\/www.csj-emballages.com\/es\/produit\/regla-para-macarrones-de-carton-kraft-160-x-100-x-50-mm-20-unid\/#breadcrumb\"},\"inLanguage\":\"es\",\"potentialAction\":[{\"@type\":\"ReadAction\",\"target\":[\"https:\/\/www.csj-emballages.com\/es\/produit\/regla-para-macarrones-de-carton-kraft-160-x-100-x-50-mm-20-unid\/\"]}]},{\"@type\":\"ImageObject\",\"inLanguage\":\"es\",\"@id\":\"https:\/\/www.csj-emballages.com\/es\/produit\/regla-para-macarrones-de-carton-kraft-160-x-100-x-50-mm-20-unid\/#primaryimage\",\"url\":\"https:\/\/www.csj-emballages.com\/wp-content\/uploads\/2025\/09\/138999-1.webp\",\"contentUrl\":\"https:\/\/www.csj-emballages.com\/wp-content\/uploads\/2025\/09\/138999-1.webp\",\"width\":800,\"height\":800,\"caption\":\"R\u00e9glette macarons\"},{\"@type\":\"BreadcrumbList\",\"@id\":\"https:\/\/www.csj-emballages.com\/es\/produit\/regla-para-macarrones-de-carton-kraft-160-x-100-x-50-mm-20-unid\/#breadcrumb\",\"itemListElement\":[{\"@type\":\"ListItem\",\"position\":1,\"name\":\"Accueil\",\"item\":\"https:\/\/www.csj-emballages.com\/es\/universo-del-envasado-alimentario\/\"},{\"@type\":\"ListItem\",\"position\":2,\"name\":\"Tienda\",\"item\":\"https:\/\/www.csj-emballages.com\/tienda\/\"},{\"@type\":\"ListItem\",\"position\":3,\"name\":\"Regla macarr\u00f3n de cart\u00f3n kraft 160 x 100 x 50 mm (10)\"}]},{\"@type\":\"WebSite\",\"@id\":\"https:\/\/www.csj-emballages.com\/es\/#website\",\"url\":\"https:\/\/www.csj-emballages.com\/es\/\",\"name\":\"CSJ Emballages\",\"description\":\"\",\"publisher\":{\"@id\":\"https:\/\/www.csj-emballages.com\/es\/#organization\"},\"potentialAction\":[{\"@type\":\"SearchAction\",\"target\":{\"@type\":\"EntryPoint\",\"urlTemplate\":\"https:\/\/www.csj-emballages.com\/es\/?s={search_term_string}\"},\"query-input\":{\"@type\":\"PropertyValueSpecification\",\"valueRequired\":true,\"valueName\":\"search_term_string\"}}],\"inLanguage\":\"es\"},{\"@type\":\"Organization\",\"@id\":\"https:\/\/www.csj-emballages.com\/es\/#Organization\/\",\"name\":\"CSJ Emballages\",\"url\":\"https:\/\/www.csj-emballages.com\/es\/\",\"logo\":{\"@type\":\"ImageObject\",\"inLanguage\":\"es\",\"@id\":\"https:\/\/www.csj-emballages.com\/es\/#\/schema\/logo\/image\/\",\"url\":\"https:\/\/www.csj-emballages.com\/wp-content\/uploads\/2023\/10\/logo_csj.webp\",\"contentUrl\":\"https:\/\/www.csj-emballages.com\/wp-content\/uploads\/2023\/10\/logo_csj.webp\",\"width\":250,\"height\":95,\"caption\":\"CSJ Emballages\"},\"image\":{\"@id\":\"https:\/\/www.csj-emballages.com\/es\/#\/schema\/logo\/image\/\"},\"sameAs\":[\"https:\/\/www.facebook.com\/csjemballages\"],\"address\":{\"@type\":\"PostalAddress\",\"streetAddress\":\"ZI La Lechere\",\"addressLocality\":\"Patornay\",\"postalCode\":\"39130\",\"addressCountry\":\"FR\"},\"contactPoint\":[{\"@type\":\"ContactPoint\",\"contactType\":\"Service client\",\"telephone\":\"0384254272\",\"email\":\"contact@csj-emballages.com\"}]}]}<\/script>\n<!-- \/ Yoast SEO Premium plugin. -->","yoast_head_json":{"title":"Regla de cart\u00f3n kraft para macarrones 160 x 100 x 50 mm (10)","description":"Regla para macarrones rosa de cart\u00f3n r\u00edgido de 160 x 100 x 50 mm: elegante, resistente e ideal para exponer sus dulces. \u00a1Lote de 10 para profesionales gourmet!","robots":{"index":"index","follow":"follow","max-snippet":"max-snippet:-1","max-image-preview":"max-image-preview:large","max-video-preview":"max-video-preview:-1"},"canonical":"https:\/\/www.csj-emballages.com\/es\/produit\/regla-para-macarrones-de-carton-kraft-160-x-100-x-50-mm-20-unid\/","og_locale":"es_ES","og_type":"article","og_title":"Regla macarr\u00f3n de cart\u00f3n kraft 160 x 100 x 50 mm (10)","og_description":"Regla para macarrones rosa de cart\u00f3n r\u00edgido de 160 x 100 x 50 mm: elegante, resistente e ideal para exponer sus dulces. \u00a1Lote de 10 para profesionales gourmet!","og_url":"https:\/\/www.csj-emballages.com\/es\/produit\/regla-para-macarrones-de-carton-kraft-160-x-100-x-50-mm-20-unid\/","og_site_name":"CSJ Emballages","article_publisher":"https:\/\/www.facebook.com\/csjemballages","article_modified_time":"2026-04-18T00:11:39+00:00","og_image":[{"width":800,"height":800,"url":"https:\/\/www.csj-emballages.com\/wp-content\/uploads\/2025\/09\/138999-1.webp","type":"image\/webp"}],"twitter_card":"summary_large_image","twitter_misc":{"Tiempo de lectura":"2 minutos"},"schema":{"@context":"https:\/\/schema.org","@graph":[{"@type":"WebPage","@id":"https:\/\/www.csj-emballages.com\/es\/produit\/regla-para-macarrones-de-carton-kraft-160-x-100-x-50-mm-20-unid\/","url":"https:\/\/www.csj-emballages.com\/es\/produit\/regla-para-macarrones-de-carton-kraft-160-x-100-x-50-mm-20-unid\/","name":"Regla de cart\u00f3n kraft para macarrones 160 x 100 x 50 mm (10)","isPartOf":{"@id":"https:\/\/www.csj-emballages.com\/es\/#website"},"primaryImageOfPage":{"@id":"https:\/\/www.csj-emballages.com\/es\/produit\/regla-para-macarrones-de-carton-kraft-160-x-100-x-50-mm-20-unid\/#primaryimage"},"image":{"@id":"https:\/\/www.csj-emballages.com\/es\/produit\/regla-para-macarrones-de-carton-kraft-160-x-100-x-50-mm-20-unid\/#primaryimage"},"thumbnailUrl":"https:\/\/www.csj-emballages.com\/wp-content\/uploads\/2025\/09\/138999-1.webp","datePublished":"2025-09-18T14:19:03+00:00","dateModified":"2026-04-18T00:11:39+00:00","description":"Regla para macarrones rosa de cart\u00f3n r\u00edgido de 160 x 100 x 50 mm: elegante, resistente e ideal para exponer sus dulces. \u00a1Lote de 10 para profesionales gourmet!","breadcrumb":{"@id":"https:\/\/www.csj-emballages.com\/es\/produit\/regla-para-macarrones-de-carton-kraft-160-x-100-x-50-mm-20-unid\/#breadcrumb"},"inLanguage":"es","potentialAction":[{"@type":"ReadAction","target":["https:\/\/www.csj-emballages.com\/es\/produit\/regla-para-macarrones-de-carton-kraft-160-x-100-x-50-mm-20-unid\/"]}]},{"@type":"ImageObject","inLanguage":"es","@id":"https:\/\/www.csj-emballages.com\/es\/produit\/regla-para-macarrones-de-carton-kraft-160-x-100-x-50-mm-20-unid\/#primaryimage","url":"https:\/\/www.csj-emballages.com\/wp-content\/uploads\/2025\/09\/138999-1.webp","contentUrl":"https:\/\/www.csj-emballages.com\/wp-content\/uploads\/2025\/09\/138999-1.webp","width":800,"height":800,"caption":"R\u00e9glette macarons"},{"@type":"BreadcrumbList","@id":"https:\/\/www.csj-emballages.com\/es\/produit\/regla-para-macarrones-de-carton-kraft-160-x-100-x-50-mm-20-unid\/#breadcrumb","itemListElement":[{"@type":"ListItem","position":1,"name":"Accueil","item":"https:\/\/www.csj-emballages.com\/es\/universo-del-envasado-alimentario\/"},{"@type":"ListItem","position":2,"name":"Tienda","item":"https:\/\/www.csj-emballages.com\/tienda\/"},{"@type":"ListItem","position":3,"name":"Regla macarr\u00f3n de cart\u00f3n kraft 160 x 100 x 50 mm (10)"}]},{"@type":"WebSite","@id":"https:\/\/www.csj-emballages.com\/es\/#website","url":"https:\/\/www.csj-emballages.com\/es\/","name":"CSJ Emballages","description":"","publisher":{"@id":"https:\/\/www.csj-emballages.com\/es\/#organization"},"potentialAction":[{"@type":"SearchAction","target":{"@type":"EntryPoint","urlTemplate":"https:\/\/www.csj-emballages.com\/es\/?s={search_term_string}"},"query-input":{"@type":"PropertyValueSpecification","valueRequired":true,"valueName":"search_term_string"}}],"inLanguage":"es"},{"@type":"Organization","@id":"https:\/\/www.csj-emballages.com\/es\/#Organization\/","name":"CSJ Emballages","url":"https:\/\/www.csj-emballages.com\/es\/","logo":{"@type":"ImageObject","inLanguage":"es","@id":"https:\/\/www.csj-emballages.com\/es\/#\/schema\/logo\/image\/","url":"https:\/\/www.csj-emballages.com\/wp-content\/uploads\/2023\/10\/logo_csj.webp","contentUrl":"https:\/\/www.csj-emballages.com\/wp-content\/uploads\/2023\/10\/logo_csj.webp","width":250,"height":95,"caption":"CSJ Emballages"},"image":{"@id":"https:\/\/www.csj-emballages.com\/es\/#\/schema\/logo\/image\/"},"sameAs":["https:\/\/www.facebook.com\/csjemballages"],"address":{"@type":"PostalAddress","streetAddress":"ZI La Lechere","addressLocality":"Patornay","postalCode":"39130","addressCountry":"FR"},"contactPoint":[{"@type":"ContactPoint","contactType":"Service client","telephone":"0384254272","email":"contact@csj-emballages.com"}]}]}},"df_price":7.55,"df_sale_price":"","df_regular_price":7.55,"df_image_link":"https:\/\/www.csj-emballages.com\/wp-content\/uploads\/2025\/09\/138999-1-300x300.webp","tiered_pricing_type":"fixed","tiered_pricing_fixed_rules":[],"tiered_pricing_percentage_rules":[],"tiered_pricing_minimum":1,"tiered_pricing_roles_data":[],"_links":{"self":[{"href":"https:\/\/www.csj-emballages.com\/es\/wp-json\/wp\/v2\/product\/248187","targetHints":{"allow":["GET"]}}],"collection":[{"href":"https:\/\/www.csj-emballages.com\/es\/wp-json\/wp\/v2\/product"}],"about":[{"href":"https:\/\/www.csj-emballages.com\/es\/wp-json\/wp\/v2\/types\/product"}],"wp:featuredmedia":[{"embeddable":true,"href":"https:\/\/www.csj-emballages.com\/es\/wp-json\/wp\/v2\/media\/248180"}],"wp:attachment":[{"href":"https:\/\/www.csj-emballages.com\/es\/wp-json\/wp\/v2\/media?parent=248187"}],"wp:term":[{"taxonomy":"product_brand","embeddable":true,"href":"https:\/\/www.csj-emballages.com\/es\/wp-json\/wp\/v2\/product_brand?post=248187"},{"taxonomy":"product_cat","embeddable":true,"href":"https:\/\/www.csj-emballages.com\/es\/wp-json\/wp\/v2\/product_cat?post=248187"},{"taxonomy":"product_tag","embeddable":true,"href":"https:\/\/www.csj-emballages.com\/es\/wp-json\/wp\/v2\/product_tag?post=248187"}],"curies":[{"name":"wp","href":"https:\/\/api.w.org\/{rel}","templated":true}]}}