{"id":247712,"date":"2025-09-18T15:18:18","date_gmt":"2025-09-18T13:18:18","guid":{"rendered":"https:\/\/www.csj-emballages.com\/produit\/caja-de-carton-marfil-120-x-90-x-40-mm-10-por-caja\/"},"modified":"2026-04-18T02:10:40","modified_gmt":"2026-04-18T00:10:40","slug":"caja-de-carton-marfil-120-x-90-x-40-mm-10-por-caja","status":"publish","type":"product","link":"https:\/\/www.csj-emballages.com\/es\/produit\/caja-de-carton-marfil-120-x-90-x-40-mm-10-por-caja\/","title":{"rendered":"Caja de cart\u00f3n marfil 120 x 90 x 40 mm, 10 por caja"},"content":{"rendered":"<h2 class=\"p1\">Caja<\/h2>\n<hr>\n<h3>Descripci\u00f3n de nuestra caja de cart\u00f3n marfil 120 x 90 x 40 mm, paquete de 10<\/h3>\n<p><!--more--><\/p>\n<p data-start=\"104\" data-end=\"582\">\u00a1D\u00e9jate seducir por la <strong data-start=\"130\" data-end=\"178\">caja estuche de cart\u00f3n marfil de 120 x 90 x 40 mm<\/strong>, un verdadero estuche para realzar tus creaciones gastron\u00f3micas! De hecho, elegante y pr\u00e1ctica, esta <strong>caja<\/strong> est\u00e1 dise\u00f1ada para ofrecer una <strong data-start=\"301\" data-end=\"326\">presentaci\u00f3n refinada<\/strong> de todo tipo de <strong data-start=\"347\" data-end=\"398\">pasteles, chocolates, galletas o confiter\u00eda<\/strong>. Gracias a su <strong data-start=\"412\" data-end=\"429\">dise\u00f1o cuidado<\/strong> y su <strong data-start=\"436\" data-end=\"473\">color marfil suave y luminoso<\/strong>, aporta un toque de <strong data-start=\"502\" data-end=\"517\">refinamiento<\/strong> y de <strong data-start=\"524\" data-end=\"545\">profesionalidad<\/strong> a cada producto que deposites en ella.<\/p>\n<p data-start=\"584\" data-end=\"1004\">Este <strong data-start=\"587\" data-end=\"633\">estuche transparente con aberturas laterales<\/strong> est\u00e1 pensado para regalar. Su <strong data-start=\"689\" data-end=\"722\">bandeja de cart\u00f3n<\/strong>, f\u00e1cil de montar uno mismo, garantiza una sujeci\u00f3n s\u00f3lida respetando las normas de higiene alimentaria.<\/p>\n<p data-start=\"1006\" data-end=\"1402\">Asimismo, este formato compacto de <strong data-start=\"1033\" data-end=\"1053\">120 x 90 x 40 mm<\/strong> es perfecto para los <strong data-start=\"1117\" data-end=\"1138\">mini surtidos<\/strong>. Se desliza f\u00e1cilmente en un bolso o un escaparate sin ocupar espacio. Las <strong data-start=\"1218\" data-end=\"1256\">aberturas laterales transparentes<\/strong> permiten a tus clientes admirar el contenido sin siquiera abrir la caja, un verdadero plus para <strong data-start=\"1348\" data-end=\"1369\">atraer la mirada<\/strong> y <strong data-start=\"1373\" data-end=\"1399\">dar ganas de comprar<\/strong>.<\/p>\n<p data-start=\"1404\" data-end=\"1748\">En resumen, esta <strong>caja estuche<\/strong> es un <strong data-start=\"1441\" data-end=\"1465\">aliado imprescindible<\/strong> para todos los profesionales de la <strong data-start=\"1501\" data-end=\"1554\">panader\u00eda, pasteler\u00eda, chocolater\u00eda o catering<\/strong> que deseen <strong data-start=\"1570\" data-end=\"1599\">valorizar sus bonitas creaciones<\/strong>. \u00a1Transforma cada producto en una peque\u00f1a obra de arte lista para ser degustada!<\/p>\n<p data-start=\"1378\" data-end=\"1605\"><!--more--><\/p>\n<h4 data-start=\"1378\" data-end=\"1605\">Ventajas :<\/h4>\n<ul>\n<li data-start=\"1793\" data-end=\"1884\"><strong data-start=\"1793\" data-end=\"1818\">Presentaci\u00f3n elegante<\/strong> y profesional gracias al color marfil.<\/li>\n<li data-start=\"1887\" data-end=\"1973\"><strong data-start=\"1887\" data-end=\"1925\">Aberturas laterales transparentes<\/strong> para una visualizaci\u00f3n inmediata del contenido.<\/li>\n<li data-start=\"1976\" data-end=\"2041\"><strong data-start=\"1976\" data-end=\"1994\">Montaje sencillo<\/strong> y s\u00f3lido, adecuado para productos alimentarios.<\/li>\n<li data-start=\"2044\" data-end=\"2106\"><strong data-start=\"2044\" data-end=\"2063\">Pr\u00e1ctico formato<\/strong> para peque\u00f1os pasteles o dulces.<\/li>\n<li data-start=\"2109\" data-end=\"2175\"><strong data-start=\"2109\" data-end=\"2175\">Ideal para escaparates, eventos o cajas de regalo gourmet<\/strong>.<\/li>\n<\/ul>\n<p>&nbsp;<\/p>\n<p><!--more--><\/p>\n<h4>Informaci\u00f3n adicional :<\/h4>\n<ul>\n<li><strong>Envase<\/strong>: Paquete de 10<\/li>\n<li><strong>Dimensiones<\/strong>: 120 x 90 x 40 mm<\/li>\n<li><strong>Material<\/strong>: Cart\u00f3n \/ PET<\/li>\n<li><strong>Color<\/strong>: Marfil \/ Transparente<\/li>\n<\/ul>\n<p>&nbsp;<\/p>\n<p><!--more--><\/p>\n<p>Esta caja de marfil est\u00e1 disponible en diferentes tama\u00f1os: <span style=\"color: #d12727;\"><a style=\"color: #d12727;\" href=\"https:\/\/www.csj-emballages.com\/produit\/boite-coffret-carton-ivoire-195-x-140-x-40-mm-par-5\/\">195 x 140 x 40 mm<\/a><\/span> \/ <span style=\"color: #d12727;\"><a style=\"color: #d12727;\" href=\"https:\/\/www.csj-emballages.com\/produit\/boite-coffret-carton-ivoire-255-x-205-x-40-mm-par-5\/\">255 x 205 x 40 mm<\/a><\/span> \/ <span style=\"color: #d12727;\"><a style=\"color: #d12727;\" href=\"https:\/\/www.csj-emballages.com\/produit\/boite-coffret-carton-ivoire-295-x-265-x-40-mm-par-5\/\">295 x 265 x 40 mm<\/a><\/span><\/p>\n<p>&nbsp;<\/p>\n<p><!--more--><\/p>\n<p><a href=\"https:\/\/www.csj-emballages.com\/es\/categorie-produit\/envasado-de-alimentos\/panaderia-y-pasteleria\/cajas-y-estuches\/cajas-estuches-para-macarrones\/cajas-es-5\/\">Consulte el resto de nuestra gama de cajas estuche<\/a><\/p>\n","protected":false},"excerpt":{"rendered":"<p>Caja Descripci\u00f3n de nuestra caja de cart\u00f3n marfil 120 x 90 x 40 mm, paquete de 10<\/p>\n","protected":false},"featured_media":247688,"template":"","meta":{"_acf_changed":false},"product_brand":[],"product_cat":[1150,1145,3868,1710,9897],"product_tag":[],"class_list":{"0":"post-247712","1":"product","2":"type-product","3":"status-publish","4":"has-post-thumbnail","6":"product_cat-envasado-de-alimentos","7":"product_cat-panaderia-y-pasteleria","8":"product_cat-cajas-y-estuches","9":"product_cat-cajas-estuches-para-macarrones","10":"product_cat-cajas-es-5","12":"first","13":"outofstock","14":"taxable","15":"shipping-taxable","16":"purchasable","17":"product-type-simple"},"acf":[],"yoast_head":"<!-- This site is optimized with the Yoast SEO Premium plugin v26.6 (Yoast SEO v26.6) - https:\/\/yoast.com\/wordpress\/plugins\/seo\/ -->\n<title>Caja de cart\u00f3n marfil 120 x 90 x 40 mm, 10 por caja<\/title>\n<meta name=\"description\" content=\"Caja de cart\u00f3n marfil de 120 x 90 x 40 mm: elegante, pr\u00e1ctica e ideal para exponer sus pasteles y creaciones gourmet.\" \/>\n<meta name=\"robots\" content=\"index, follow, max-snippet:-1, max-image-preview:large, max-video-preview:-1\" \/>\n<link rel=\"canonical\" href=\"https:\/\/www.csj-emballages.com\/es\/produit\/caja-de-carton-marfil-120-x-90-x-40-mm-10-por-caja\/\" \/>\n<meta property=\"og:locale\" content=\"es_ES\" \/>\n<meta property=\"og:type\" content=\"article\" \/>\n<meta property=\"og:title\" content=\"Caja de cart\u00f3n marfil 120 x 90 x 40 mm, 10 por caja\" \/>\n<meta property=\"og:description\" content=\"Caja de cart\u00f3n marfil de 120 x 90 x 40 mm: elegante, pr\u00e1ctica e ideal para exponer sus pasteles y creaciones gourmet.\" \/>\n<meta property=\"og:url\" content=\"https:\/\/www.csj-emballages.com\/es\/produit\/caja-de-carton-marfil-120-x-90-x-40-mm-10-por-caja\/\" \/>\n<meta property=\"og:site_name\" content=\"CSJ Emballages\" \/>\n<meta property=\"article:publisher\" content=\"https:\/\/www.facebook.com\/csjemballages\" \/>\n<meta property=\"article:modified_time\" content=\"2026-04-18T00:10:40+00:00\" \/>\n<meta property=\"og:image\" content=\"https:\/\/www.csj-emballages.com\/wp-content\/uploads\/2025\/09\/115195.webp\" \/>\n\t<meta property=\"og:image:width\" content=\"800\" \/>\n\t<meta property=\"og:image:height\" content=\"800\" \/>\n\t<meta property=\"og:image:type\" content=\"image\/webp\" \/>\n<meta name=\"twitter:card\" content=\"summary_large_image\" \/>\n<meta name=\"twitter:label1\" content=\"Tiempo de lectura\" \/>\n\t<meta name=\"twitter:data1\" content=\"2 minutos\" \/>\n<script type=\"application\/ld+json\" class=\"yoast-schema-graph\">{\"@context\":\"https:\/\/schema.org\",\"@graph\":[{\"@type\":\"WebPage\",\"@id\":\"https:\/\/www.csj-emballages.com\/es\/produit\/caja-de-carton-marfil-120-x-90-x-40-mm-10-por-caja\/\",\"url\":\"https:\/\/www.csj-emballages.com\/es\/produit\/caja-de-carton-marfil-120-x-90-x-40-mm-10-por-caja\/\",\"name\":\"Caja de cart\u00f3n marfil 120 x 90 x 40 mm, 10 por caja\",\"isPartOf\":{\"@id\":\"https:\/\/www.csj-emballages.com\/es\/#website\"},\"primaryImageOfPage\":{\"@id\":\"https:\/\/www.csj-emballages.com\/es\/produit\/caja-de-carton-marfil-120-x-90-x-40-mm-10-por-caja\/#primaryimage\"},\"image\":{\"@id\":\"https:\/\/www.csj-emballages.com\/es\/produit\/caja-de-carton-marfil-120-x-90-x-40-mm-10-por-caja\/#primaryimage\"},\"thumbnailUrl\":\"https:\/\/www.csj-emballages.com\/wp-content\/uploads\/2025\/09\/115195.webp\",\"datePublished\":\"2025-09-18T13:18:18+00:00\",\"dateModified\":\"2026-04-18T00:10:40+00:00\",\"description\":\"Caja de cart\u00f3n marfil de 120 x 90 x 40 mm: elegante, pr\u00e1ctica e ideal para exponer sus pasteles y creaciones gourmet.\",\"breadcrumb\":{\"@id\":\"https:\/\/www.csj-emballages.com\/es\/produit\/caja-de-carton-marfil-120-x-90-x-40-mm-10-por-caja\/#breadcrumb\"},\"inLanguage\":\"es\",\"potentialAction\":[{\"@type\":\"ReadAction\",\"target\":[\"https:\/\/www.csj-emballages.com\/es\/produit\/caja-de-carton-marfil-120-x-90-x-40-mm-10-por-caja\/\"]}]},{\"@type\":\"ImageObject\",\"inLanguage\":\"es\",\"@id\":\"https:\/\/www.csj-emballages.com\/es\/produit\/caja-de-carton-marfil-120-x-90-x-40-mm-10-por-caja\/#primaryimage\",\"url\":\"https:\/\/www.csj-emballages.com\/wp-content\/uploads\/2025\/09\/115195.webp\",\"contentUrl\":\"https:\/\/www.csj-emballages.com\/wp-content\/uploads\/2025\/09\/115195.webp\",\"width\":800,\"height\":800,\"caption\":\"Boite Astuccio\"},{\"@type\":\"BreadcrumbList\",\"@id\":\"https:\/\/www.csj-emballages.com\/es\/produit\/caja-de-carton-marfil-120-x-90-x-40-mm-10-por-caja\/#breadcrumb\",\"itemListElement\":[{\"@type\":\"ListItem\",\"position\":1,\"name\":\"Accueil\",\"item\":\"https:\/\/www.csj-emballages.com\/es\/universo-del-envasado-alimentario\/\"},{\"@type\":\"ListItem\",\"position\":2,\"name\":\"Tienda\",\"item\":\"https:\/\/www.csj-emballages.com\/tienda\/\"},{\"@type\":\"ListItem\",\"position\":3,\"name\":\"Caja de cart\u00f3n marfil 120 x 90 x 40 mm, 10 por caja\"}]},{\"@type\":\"WebSite\",\"@id\":\"https:\/\/www.csj-emballages.com\/es\/#website\",\"url\":\"https:\/\/www.csj-emballages.com\/es\/\",\"name\":\"CSJ Emballages\",\"description\":\"\",\"publisher\":{\"@id\":\"https:\/\/www.csj-emballages.com\/es\/#organization\"},\"potentialAction\":[{\"@type\":\"SearchAction\",\"target\":{\"@type\":\"EntryPoint\",\"urlTemplate\":\"https:\/\/www.csj-emballages.com\/es\/?s={search_term_string}\"},\"query-input\":{\"@type\":\"PropertyValueSpecification\",\"valueRequired\":true,\"valueName\":\"search_term_string\"}}],\"inLanguage\":\"es\"},{\"@type\":\"Organization\",\"@id\":\"https:\/\/www.csj-emballages.com\/es\/#Organization\/\",\"name\":\"CSJ Emballages\",\"url\":\"https:\/\/www.csj-emballages.com\/es\/\",\"logo\":{\"@type\":\"ImageObject\",\"inLanguage\":\"es\",\"@id\":\"https:\/\/www.csj-emballages.com\/es\/#\/schema\/logo\/image\/\",\"url\":\"https:\/\/www.csj-emballages.com\/wp-content\/uploads\/2023\/10\/logo_csj.webp\",\"contentUrl\":\"https:\/\/www.csj-emballages.com\/wp-content\/uploads\/2023\/10\/logo_csj.webp\",\"width\":250,\"height\":95,\"caption\":\"CSJ Emballages\"},\"image\":{\"@id\":\"https:\/\/www.csj-emballages.com\/es\/#\/schema\/logo\/image\/\"},\"sameAs\":[\"https:\/\/www.facebook.com\/csjemballages\"],\"address\":{\"@type\":\"PostalAddress\",\"streetAddress\":\"ZI La Lechere\",\"addressLocality\":\"Patornay\",\"postalCode\":\"39130\",\"addressCountry\":\"FR\"},\"contactPoint\":[{\"@type\":\"ContactPoint\",\"contactType\":\"Service client\",\"telephone\":\"0384254272\",\"email\":\"contact@csj-emballages.com\"}]}]}<\/script>\n<!-- \/ Yoast SEO Premium plugin. -->","yoast_head_json":{"title":"Caja de cart\u00f3n marfil 120 x 90 x 40 mm, 10 por caja","description":"Caja de cart\u00f3n marfil de 120 x 90 x 40 mm: elegante, pr\u00e1ctica e ideal para exponer sus pasteles y creaciones gourmet.","robots":{"index":"index","follow":"follow","max-snippet":"max-snippet:-1","max-image-preview":"max-image-preview:large","max-video-preview":"max-video-preview:-1"},"canonical":"https:\/\/www.csj-emballages.com\/es\/produit\/caja-de-carton-marfil-120-x-90-x-40-mm-10-por-caja\/","og_locale":"es_ES","og_type":"article","og_title":"Caja de cart\u00f3n marfil 120 x 90 x 40 mm, 10 por caja","og_description":"Caja de cart\u00f3n marfil de 120 x 90 x 40 mm: elegante, pr\u00e1ctica e ideal para exponer sus pasteles y creaciones gourmet.","og_url":"https:\/\/www.csj-emballages.com\/es\/produit\/caja-de-carton-marfil-120-x-90-x-40-mm-10-por-caja\/","og_site_name":"CSJ Emballages","article_publisher":"https:\/\/www.facebook.com\/csjemballages","article_modified_time":"2026-04-18T00:10:40+00:00","og_image":[{"width":800,"height":800,"url":"https:\/\/www.csj-emballages.com\/wp-content\/uploads\/2025\/09\/115195.webp","type":"image\/webp"}],"twitter_card":"summary_large_image","twitter_misc":{"Tiempo de lectura":"2 minutos"},"schema":{"@context":"https:\/\/schema.org","@graph":[{"@type":"WebPage","@id":"https:\/\/www.csj-emballages.com\/es\/produit\/caja-de-carton-marfil-120-x-90-x-40-mm-10-por-caja\/","url":"https:\/\/www.csj-emballages.com\/es\/produit\/caja-de-carton-marfil-120-x-90-x-40-mm-10-por-caja\/","name":"Caja de cart\u00f3n marfil 120 x 90 x 40 mm, 10 por caja","isPartOf":{"@id":"https:\/\/www.csj-emballages.com\/es\/#website"},"primaryImageOfPage":{"@id":"https:\/\/www.csj-emballages.com\/es\/produit\/caja-de-carton-marfil-120-x-90-x-40-mm-10-por-caja\/#primaryimage"},"image":{"@id":"https:\/\/www.csj-emballages.com\/es\/produit\/caja-de-carton-marfil-120-x-90-x-40-mm-10-por-caja\/#primaryimage"},"thumbnailUrl":"https:\/\/www.csj-emballages.com\/wp-content\/uploads\/2025\/09\/115195.webp","datePublished":"2025-09-18T13:18:18+00:00","dateModified":"2026-04-18T00:10:40+00:00","description":"Caja de cart\u00f3n marfil de 120 x 90 x 40 mm: elegante, pr\u00e1ctica e ideal para exponer sus pasteles y creaciones gourmet.","breadcrumb":{"@id":"https:\/\/www.csj-emballages.com\/es\/produit\/caja-de-carton-marfil-120-x-90-x-40-mm-10-por-caja\/#breadcrumb"},"inLanguage":"es","potentialAction":[{"@type":"ReadAction","target":["https:\/\/www.csj-emballages.com\/es\/produit\/caja-de-carton-marfil-120-x-90-x-40-mm-10-por-caja\/"]}]},{"@type":"ImageObject","inLanguage":"es","@id":"https:\/\/www.csj-emballages.com\/es\/produit\/caja-de-carton-marfil-120-x-90-x-40-mm-10-por-caja\/#primaryimage","url":"https:\/\/www.csj-emballages.com\/wp-content\/uploads\/2025\/09\/115195.webp","contentUrl":"https:\/\/www.csj-emballages.com\/wp-content\/uploads\/2025\/09\/115195.webp","width":800,"height":800,"caption":"Boite Astuccio"},{"@type":"BreadcrumbList","@id":"https:\/\/www.csj-emballages.com\/es\/produit\/caja-de-carton-marfil-120-x-90-x-40-mm-10-por-caja\/#breadcrumb","itemListElement":[{"@type":"ListItem","position":1,"name":"Accueil","item":"https:\/\/www.csj-emballages.com\/es\/universo-del-envasado-alimentario\/"},{"@type":"ListItem","position":2,"name":"Tienda","item":"https:\/\/www.csj-emballages.com\/tienda\/"},{"@type":"ListItem","position":3,"name":"Caja de cart\u00f3n marfil 120 x 90 x 40 mm, 10 por caja"}]},{"@type":"WebSite","@id":"https:\/\/www.csj-emballages.com\/es\/#website","url":"https:\/\/www.csj-emballages.com\/es\/","name":"CSJ Emballages","description":"","publisher":{"@id":"https:\/\/www.csj-emballages.com\/es\/#organization"},"potentialAction":[{"@type":"SearchAction","target":{"@type":"EntryPoint","urlTemplate":"https:\/\/www.csj-emballages.com\/es\/?s={search_term_string}"},"query-input":{"@type":"PropertyValueSpecification","valueRequired":true,"valueName":"search_term_string"}}],"inLanguage":"es"},{"@type":"Organization","@id":"https:\/\/www.csj-emballages.com\/es\/#Organization\/","name":"CSJ Emballages","url":"https:\/\/www.csj-emballages.com\/es\/","logo":{"@type":"ImageObject","inLanguage":"es","@id":"https:\/\/www.csj-emballages.com\/es\/#\/schema\/logo\/image\/","url":"https:\/\/www.csj-emballages.com\/wp-content\/uploads\/2023\/10\/logo_csj.webp","contentUrl":"https:\/\/www.csj-emballages.com\/wp-content\/uploads\/2023\/10\/logo_csj.webp","width":250,"height":95,"caption":"CSJ Emballages"},"image":{"@id":"https:\/\/www.csj-emballages.com\/es\/#\/schema\/logo\/image\/"},"sameAs":["https:\/\/www.facebook.com\/csjemballages"],"address":{"@type":"PostalAddress","streetAddress":"ZI La Lechere","addressLocality":"Patornay","postalCode":"39130","addressCountry":"FR"},"contactPoint":[{"@type":"ContactPoint","contactType":"Service client","telephone":"0384254272","email":"contact@csj-emballages.com"}]}]}},"df_price":7.55,"df_sale_price":"","df_regular_price":7.55,"df_image_link":"https:\/\/www.csj-emballages.com\/wp-content\/uploads\/2025\/09\/115195-300x300.webp","tiered_pricing_type":"fixed","tiered_pricing_fixed_rules":[],"tiered_pricing_percentage_rules":[],"tiered_pricing_minimum":1,"tiered_pricing_roles_data":[],"_links":{"self":[{"href":"https:\/\/www.csj-emballages.com\/es\/wp-json\/wp\/v2\/product\/247712","targetHints":{"allow":["GET"]}}],"collection":[{"href":"https:\/\/www.csj-emballages.com\/es\/wp-json\/wp\/v2\/product"}],"about":[{"href":"https:\/\/www.csj-emballages.com\/es\/wp-json\/wp\/v2\/types\/product"}],"wp:featuredmedia":[{"embeddable":true,"href":"https:\/\/www.csj-emballages.com\/es\/wp-json\/wp\/v2\/media\/247688"}],"wp:attachment":[{"href":"https:\/\/www.csj-emballages.com\/es\/wp-json\/wp\/v2\/media?parent=247712"}],"wp:term":[{"taxonomy":"product_brand","embeddable":true,"href":"https:\/\/www.csj-emballages.com\/es\/wp-json\/wp\/v2\/product_brand?post=247712"},{"taxonomy":"product_cat","embeddable":true,"href":"https:\/\/www.csj-emballages.com\/es\/wp-json\/wp\/v2\/product_cat?post=247712"},{"taxonomy":"product_tag","embeddable":true,"href":"https:\/\/www.csj-emballages.com\/es\/wp-json\/wp\/v2\/product_tag?post=247712"}],"curies":[{"name":"wp","href":"https:\/\/api.w.org\/{rel}","templated":true}]}}