{"id":247331,"date":"2025-09-17T16:18:36","date_gmt":"2025-09-17T14:18:36","guid":{"rendered":"https:\/\/www.csj-emballages.com\/produit\/ballotin-de-chocolate-de-365-gramos-con-base-de-carton-paquete-de-10\/"},"modified":"2026-04-03T02:11:41","modified_gmt":"2026-04-03T00:11:41","slug":"ballotin-de-chocolate-de-365-gramos-con-base-de-carton-paquete-de-10","status":"publish","type":"product","link":"https:\/\/www.csj-emballages.com\/es\/produit\/ballotin-de-chocolate-de-365-gramos-con-base-de-carton-paquete-de-10\/","title":{"rendered":"Ballotin de chocolate 375 gramos por 10"},"content":{"rendered":"<h2 class=\"p1\">Caja de bombones<\/h2>\n<hr>\n<h3>Descripci\u00f3n de nuestro ballotin de chocolate 375 gramos por 10<\/h3>\n<p><!--more--><\/p>\n<p data-start=\"125\" data-end=\"702\">D\u00e9jese seducir por la <strong>caja de bombones forrada de 375 gramos<\/strong>, un estuche elegante y pr\u00e1ctico dise\u00f1ado para realzar sus pralin\u00e9s, bombones finos y otros dulces artesanales. Fabricado en <strong>cart\u00f3n grueso<\/strong>, este <strong>ballotin marr\u00f3n<\/strong> ofrece una excelente sujeci\u00f3n y una protecci\u00f3n eficaz para sus dulces, incluso los m\u00e1s delicados. Su <strong>base con clip<\/strong> garantiza una estabilidad perfecta y un montaje r\u00e1pido, por lo que es ideal para chocolateros artesanos, pasteleros o tiendas que buscan combinar est\u00e9tica y practicidad.  <\/p>\n<p data-start=\"704\" data-end=\"1085\">Con su <strong>refinado borde dorado<\/strong>, esta <strong>caja de bombones<\/strong> a\u00f1ade un toque de sofisticaci\u00f3n a sus presentaciones. Cautiva tanto por su dise\u00f1o sobrio y elegante como por su solidez. Su capacidad de <strong>375 gramos<\/strong> es perfecta para crear surtidos equilibrados, ya sea para las fiestas de fin de a\u00f1o, San Valent\u00edn o cualquier otra ocasi\u00f3n especial.<\/p>\n<p data-start=\"1087\" data-end=\"1390\">Adem\u00e1s, la <strong>caja se presenta en paquetes de 10 unidades<\/strong>, un formato pr\u00e1ctico para los profesionales que deseen preparar varias cajas a la vez, manteniendo un stock f\u00e1cil de gestionar. Gracias a su <strong>base de cart\u00f3n reforzado<\/strong>, sus creaciones se mantienen en su sitio sin riesgo de aplastamiento. <\/p>\n<p data-start=\"1392\" data-end=\"1709\">Este <strong>ballotin de chocolate ribeteado<\/strong> es m\u00e1s que un simple envase: es un escaparate de su saber hacer, una garant\u00eda de calidad y profesionalidad para sus clientes. Al elegir este envase, ofrece una experiencia gourmet completa, en la que la presentaci\u00f3n cuenta tanto como el placer de la degustaci\u00f3n. <\/p>\n<p data-start=\"1378\" data-end=\"1605\"><!--more--><\/p>\n<h4 data-start=\"1378\" data-end=\"1605\">Ventajas :<\/h4>\n<ul>\n<li data-start=\"1813\" data-end=\"1863\"><strong data-start=\"1813\" data-end=\"1831\">Base con clip<\/strong>: montaje r\u00e1pido y seguro.<\/li>\n<li data-start=\"1866\" data-end=\"1930\"><strong data-start=\"1866\" data-end=\"1896\">Dise\u00f1o elegante con ribetes<\/strong> para una presentaci\u00f3n refinada.<\/li>\n<li data-start=\"1933\" data-end=\"1996\"><strong data-start=\"1933\" data-end=\"1954\">Capacidad de 375 g<\/strong>, perfecta para bombones y dulces.<\/li>\n<li data-start=\"1999\" data-end=\"2061\"><strong data-start=\"1999\" data-end=\"2019\">Paquete de 10<\/strong>: pr\u00e1ctico y econ\u00f3mico para profesionales.<\/li>\n<\/ul>\n<p>&nbsp;<\/p>\n<p><!--more--><\/p>\n<h4>Informaci\u00f3n adicional :<\/h4>\n<ul>\n<li><strong>Envase<\/strong>: Paquete de 10<\/li>\n<li><strong>Dimensiones<\/strong>: 125 x 80 x 55 mm<\/li>\n<li><strong>Material<\/strong>: Cart\u00f3n<\/li>\n<li><strong>Capacidad<\/strong>: 375 gramos<\/li>\n<li><strong>Color<\/strong>: Chocolate \/ Oro<\/li>\n<\/ul>\n<p>&nbsp;<\/p>\n<p><!--more--><\/p>\n<p>Este ballotin de chocolate est\u00e1 disponible en diferentes tama\u00f1os: <span style=\"color: #d12727;\"><a style=\"color: #d12727;\" href=\"https:\/\/www.csj-emballages.com\/produit\/ballotin-chocolat-lisere-280-grammes-avec-fond-carton-115-x-75-x-50-mm-par-10\/\">250 gramos<\/a><\/span> \/ <span style=\"color: #d12727;\"><a style=\"color: #d12727;\" href=\"https:\/\/www.csj-emballages.com\/produit\/ballotin-chocolat-lisere-500-grammes-avec-fond-carton-140-x-90-x-60-mm-par-10\/\">500 gramos<\/a><\/span> \/ <span style=\"color: #d12727;\"><a style=\"color: #d12727;\" href=\"https:\/\/www.csj-emballages.com\/produit\/ballotin-chocolat-lisere-550-grammes-avec-fond-carton-150-x-100-x-70-mm-par-10\/\">750 gramos<\/a><\/span><\/p>\n<p>&nbsp;<\/p>\n<p><!--more--><\/p>\n<p><a href=\"\/?product_cat=ballotins\">Ver el resto de nuestra gama de cajas<\/a><\/p>\n","protected":false},"excerpt":{"rendered":"<p>Caja de bombones Descripci\u00f3n de nuestro ballotin de chocolate 375 gramos por 10<\/p>\n","protected":false},"featured_media":247330,"template":"","meta":{"_acf_changed":false},"product_brand":[],"product_cat":[1150,1145,3868,2044,9880],"product_tag":[],"class_list":{"0":"post-247331","1":"product","2":"type-product","3":"status-publish","4":"has-post-thumbnail","6":"product_cat-envasado-de-alimentos","7":"product_cat-panaderia-y-pasteleria","8":"product_cat-cajas-y-estuches","9":"product_cat-cajas","10":"product_cat-ballotins-de-chocolate-con-ribete","12":"first","13":"instock","14":"taxable","15":"shipping-taxable","16":"purchasable","17":"product-type-simple"},"acf":[],"yoast_head":"<!-- This site is optimized with the Yoast SEO Premium plugin v26.6 (Yoast SEO v26.6) - https:\/\/yoast.com\/wordpress\/plugins\/seo\/ -->\n<title>Chocolat Ballotin Liser\u00e9 375 Grammes \u00e0 10<\/title>\n<meta name=\"description\" content=\"Ballotin de chocolate de 375 g con base de cart\u00f3n con clip: elegante, resistente y perfecto para pralin\u00e9s y confiter\u00eda. Paquete de 10 unidades, ideal para profesionales.\" \/>\n<meta name=\"robots\" content=\"index, follow, max-snippet:-1, max-image-preview:large, max-video-preview:-1\" \/>\n<link rel=\"canonical\" href=\"https:\/\/www.csj-emballages.com\/es\/produit\/ballotin-de-chocolate-de-365-gramos-con-base-de-carton-paquete-de-10\/\" \/>\n<meta property=\"og:locale\" content=\"es_ES\" \/>\n<meta property=\"og:type\" content=\"article\" \/>\n<meta property=\"og:title\" content=\"Ballotin de chocolate 375 gramos por 10\" \/>\n<meta property=\"og:description\" content=\"Ballotin de chocolate de 375 g con base de cart\u00f3n con clip: elegante, resistente y perfecto para pralin\u00e9s y confiter\u00eda. Paquete de 10 unidades, ideal para profesionales.\" \/>\n<meta property=\"og:url\" content=\"https:\/\/www.csj-emballages.com\/es\/produit\/ballotin-de-chocolate-de-365-gramos-con-base-de-carton-paquete-de-10\/\" \/>\n<meta property=\"og:site_name\" content=\"CSJ Emballages\" \/>\n<meta property=\"article:publisher\" content=\"https:\/\/www.facebook.com\/csjemballages\" \/>\n<meta property=\"article:modified_time\" content=\"2026-04-03T00:11:41+00:00\" \/>\n<meta property=\"og:image\" content=\"https:\/\/www.csj-emballages.com\/wp-content\/uploads\/2025\/09\/136913.webp\" \/>\n\t<meta property=\"og:image:width\" content=\"800\" \/>\n\t<meta property=\"og:image:height\" content=\"800\" \/>\n\t<meta property=\"og:image:type\" content=\"image\/webp\" \/>\n<meta name=\"twitter:card\" content=\"summary_large_image\" \/>\n<meta name=\"twitter:label1\" content=\"Tiempo de lectura\" \/>\n\t<meta name=\"twitter:data1\" content=\"2 minutos\" \/>\n<script type=\"application\/ld+json\" class=\"yoast-schema-graph\">{\"@context\":\"https:\/\/schema.org\",\"@graph\":[{\"@type\":\"WebPage\",\"@id\":\"https:\/\/www.csj-emballages.com\/es\/produit\/ballotin-de-chocolate-de-365-gramos-con-base-de-carton-paquete-de-10\/\",\"url\":\"https:\/\/www.csj-emballages.com\/es\/produit\/ballotin-de-chocolate-de-365-gramos-con-base-de-carton-paquete-de-10\/\",\"name\":\"Chocolat Ballotin Liser\u00e9 375 Grammes \u00e0 10\",\"isPartOf\":{\"@id\":\"https:\/\/www.csj-emballages.com\/es\/#website\"},\"primaryImageOfPage\":{\"@id\":\"https:\/\/www.csj-emballages.com\/es\/produit\/ballotin-de-chocolate-de-365-gramos-con-base-de-carton-paquete-de-10\/#primaryimage\"},\"image\":{\"@id\":\"https:\/\/www.csj-emballages.com\/es\/produit\/ballotin-de-chocolate-de-365-gramos-con-base-de-carton-paquete-de-10\/#primaryimage\"},\"thumbnailUrl\":\"https:\/\/www.csj-emballages.com\/wp-content\/uploads\/2025\/09\/136913.webp\",\"datePublished\":\"2025-09-17T14:18:36+00:00\",\"dateModified\":\"2026-04-03T00:11:41+00:00\",\"description\":\"Ballotin de chocolate de 375 g con base de cart\u00f3n con clip: elegante, resistente y perfecto para pralin\u00e9s y confiter\u00eda. Paquete de 10 unidades, ideal para profesionales.\",\"breadcrumb\":{\"@id\":\"https:\/\/www.csj-emballages.com\/es\/produit\/ballotin-de-chocolate-de-365-gramos-con-base-de-carton-paquete-de-10\/#breadcrumb\"},\"inLanguage\":\"es\",\"potentialAction\":[{\"@type\":\"ReadAction\",\"target\":[\"https:\/\/www.csj-emballages.com\/es\/produit\/ballotin-de-chocolate-de-365-gramos-con-base-de-carton-paquete-de-10\/\"]}]},{\"@type\":\"ImageObject\",\"inLanguage\":\"es\",\"@id\":\"https:\/\/www.csj-emballages.com\/es\/produit\/ballotin-de-chocolate-de-365-gramos-con-base-de-carton-paquete-de-10\/#primaryimage\",\"url\":\"https:\/\/www.csj-emballages.com\/wp-content\/uploads\/2025\/09\/136913.webp\",\"contentUrl\":\"https:\/\/www.csj-emballages.com\/wp-content\/uploads\/2025\/09\/136913.webp\",\"width\":800,\"height\":800,\"caption\":\"Ballotin chocolat\"},{\"@type\":\"BreadcrumbList\",\"@id\":\"https:\/\/www.csj-emballages.com\/es\/produit\/ballotin-de-chocolate-de-365-gramos-con-base-de-carton-paquete-de-10\/#breadcrumb\",\"itemListElement\":[{\"@type\":\"ListItem\",\"position\":1,\"name\":\"Accueil\",\"item\":\"https:\/\/www.csj-emballages.com\/es\/universo-del-envasado-alimentario\/\"},{\"@type\":\"ListItem\",\"position\":2,\"name\":\"Tienda\",\"item\":\"https:\/\/www.csj-emballages.com\/tienda\/\"},{\"@type\":\"ListItem\",\"position\":3,\"name\":\"Ballotin de chocolate 375 gramos por 10\"}]},{\"@type\":\"WebSite\",\"@id\":\"https:\/\/www.csj-emballages.com\/es\/#website\",\"url\":\"https:\/\/www.csj-emballages.com\/es\/\",\"name\":\"CSJ Emballages\",\"description\":\"\",\"publisher\":{\"@id\":\"https:\/\/www.csj-emballages.com\/es\/#organization\"},\"potentialAction\":[{\"@type\":\"SearchAction\",\"target\":{\"@type\":\"EntryPoint\",\"urlTemplate\":\"https:\/\/www.csj-emballages.com\/es\/?s={search_term_string}\"},\"query-input\":{\"@type\":\"PropertyValueSpecification\",\"valueRequired\":true,\"valueName\":\"search_term_string\"}}],\"inLanguage\":\"es\"},{\"@type\":\"Organization\",\"@id\":\"https:\/\/www.csj-emballages.com\/es\/#Organization\/\",\"name\":\"CSJ Emballages\",\"url\":\"https:\/\/www.csj-emballages.com\/es\/\",\"logo\":{\"@type\":\"ImageObject\",\"inLanguage\":\"es\",\"@id\":\"https:\/\/www.csj-emballages.com\/es\/#\/schema\/logo\/image\/\",\"url\":\"https:\/\/www.csj-emballages.com\/wp-content\/uploads\/2023\/10\/logo_csj.webp\",\"contentUrl\":\"https:\/\/www.csj-emballages.com\/wp-content\/uploads\/2023\/10\/logo_csj.webp\",\"width\":250,\"height\":95,\"caption\":\"CSJ Emballages\"},\"image\":{\"@id\":\"https:\/\/www.csj-emballages.com\/es\/#\/schema\/logo\/image\/\"},\"sameAs\":[\"https:\/\/www.facebook.com\/csjemballages\"],\"address\":{\"@type\":\"PostalAddress\",\"streetAddress\":\"ZI La Lechere\",\"addressLocality\":\"Patornay\",\"postalCode\":\"39130\",\"addressCountry\":\"FR\"},\"contactPoint\":[{\"@type\":\"ContactPoint\",\"contactType\":\"Service client\",\"telephone\":\"0384254272\",\"email\":\"contact@csj-emballages.com\"}]}]}<\/script>\n<!-- \/ Yoast SEO Premium plugin. -->","yoast_head_json":{"title":"Chocolat Ballotin Liser\u00e9 375 Grammes \u00e0 10","description":"Ballotin de chocolate de 375 g con base de cart\u00f3n con clip: elegante, resistente y perfecto para pralin\u00e9s y confiter\u00eda. Paquete de 10 unidades, ideal para profesionales.","robots":{"index":"index","follow":"follow","max-snippet":"max-snippet:-1","max-image-preview":"max-image-preview:large","max-video-preview":"max-video-preview:-1"},"canonical":"https:\/\/www.csj-emballages.com\/es\/produit\/ballotin-de-chocolate-de-365-gramos-con-base-de-carton-paquete-de-10\/","og_locale":"es_ES","og_type":"article","og_title":"Ballotin de chocolate 375 gramos por 10","og_description":"Ballotin de chocolate de 375 g con base de cart\u00f3n con clip: elegante, resistente y perfecto para pralin\u00e9s y confiter\u00eda. Paquete de 10 unidades, ideal para profesionales.","og_url":"https:\/\/www.csj-emballages.com\/es\/produit\/ballotin-de-chocolate-de-365-gramos-con-base-de-carton-paquete-de-10\/","og_site_name":"CSJ Emballages","article_publisher":"https:\/\/www.facebook.com\/csjemballages","article_modified_time":"2026-04-03T00:11:41+00:00","og_image":[{"width":800,"height":800,"url":"https:\/\/www.csj-emballages.com\/wp-content\/uploads\/2025\/09\/136913.webp","type":"image\/webp"}],"twitter_card":"summary_large_image","twitter_misc":{"Tiempo de lectura":"2 minutos"},"schema":{"@context":"https:\/\/schema.org","@graph":[{"@type":"WebPage","@id":"https:\/\/www.csj-emballages.com\/es\/produit\/ballotin-de-chocolate-de-365-gramos-con-base-de-carton-paquete-de-10\/","url":"https:\/\/www.csj-emballages.com\/es\/produit\/ballotin-de-chocolate-de-365-gramos-con-base-de-carton-paquete-de-10\/","name":"Chocolat Ballotin Liser\u00e9 375 Grammes \u00e0 10","isPartOf":{"@id":"https:\/\/www.csj-emballages.com\/es\/#website"},"primaryImageOfPage":{"@id":"https:\/\/www.csj-emballages.com\/es\/produit\/ballotin-de-chocolate-de-365-gramos-con-base-de-carton-paquete-de-10\/#primaryimage"},"image":{"@id":"https:\/\/www.csj-emballages.com\/es\/produit\/ballotin-de-chocolate-de-365-gramos-con-base-de-carton-paquete-de-10\/#primaryimage"},"thumbnailUrl":"https:\/\/www.csj-emballages.com\/wp-content\/uploads\/2025\/09\/136913.webp","datePublished":"2025-09-17T14:18:36+00:00","dateModified":"2026-04-03T00:11:41+00:00","description":"Ballotin de chocolate de 375 g con base de cart\u00f3n con clip: elegante, resistente y perfecto para pralin\u00e9s y confiter\u00eda. Paquete de 10 unidades, ideal para profesionales.","breadcrumb":{"@id":"https:\/\/www.csj-emballages.com\/es\/produit\/ballotin-de-chocolate-de-365-gramos-con-base-de-carton-paquete-de-10\/#breadcrumb"},"inLanguage":"es","potentialAction":[{"@type":"ReadAction","target":["https:\/\/www.csj-emballages.com\/es\/produit\/ballotin-de-chocolate-de-365-gramos-con-base-de-carton-paquete-de-10\/"]}]},{"@type":"ImageObject","inLanguage":"es","@id":"https:\/\/www.csj-emballages.com\/es\/produit\/ballotin-de-chocolate-de-365-gramos-con-base-de-carton-paquete-de-10\/#primaryimage","url":"https:\/\/www.csj-emballages.com\/wp-content\/uploads\/2025\/09\/136913.webp","contentUrl":"https:\/\/www.csj-emballages.com\/wp-content\/uploads\/2025\/09\/136913.webp","width":800,"height":800,"caption":"Ballotin chocolat"},{"@type":"BreadcrumbList","@id":"https:\/\/www.csj-emballages.com\/es\/produit\/ballotin-de-chocolate-de-365-gramos-con-base-de-carton-paquete-de-10\/#breadcrumb","itemListElement":[{"@type":"ListItem","position":1,"name":"Accueil","item":"https:\/\/www.csj-emballages.com\/es\/universo-del-envasado-alimentario\/"},{"@type":"ListItem","position":2,"name":"Tienda","item":"https:\/\/www.csj-emballages.com\/tienda\/"},{"@type":"ListItem","position":3,"name":"Ballotin de chocolate 375 gramos por 10"}]},{"@type":"WebSite","@id":"https:\/\/www.csj-emballages.com\/es\/#website","url":"https:\/\/www.csj-emballages.com\/es\/","name":"CSJ Emballages","description":"","publisher":{"@id":"https:\/\/www.csj-emballages.com\/es\/#organization"},"potentialAction":[{"@type":"SearchAction","target":{"@type":"EntryPoint","urlTemplate":"https:\/\/www.csj-emballages.com\/es\/?s={search_term_string}"},"query-input":{"@type":"PropertyValueSpecification","valueRequired":true,"valueName":"search_term_string"}}],"inLanguage":"es"},{"@type":"Organization","@id":"https:\/\/www.csj-emballages.com\/es\/#Organization\/","name":"CSJ Emballages","url":"https:\/\/www.csj-emballages.com\/es\/","logo":{"@type":"ImageObject","inLanguage":"es","@id":"https:\/\/www.csj-emballages.com\/es\/#\/schema\/logo\/image\/","url":"https:\/\/www.csj-emballages.com\/wp-content\/uploads\/2023\/10\/logo_csj.webp","contentUrl":"https:\/\/www.csj-emballages.com\/wp-content\/uploads\/2023\/10\/logo_csj.webp","width":250,"height":95,"caption":"CSJ Emballages"},"image":{"@id":"https:\/\/www.csj-emballages.com\/es\/#\/schema\/logo\/image\/"},"sameAs":["https:\/\/www.facebook.com\/csjemballages"],"address":{"@type":"PostalAddress","streetAddress":"ZI La Lechere","addressLocality":"Patornay","postalCode":"39130","addressCountry":"FR"},"contactPoint":[{"@type":"ContactPoint","contactType":"Service client","telephone":"0384254272","email":"contact@csj-emballages.com"}]}]}},"df_price":8.15,"df_sale_price":"","df_regular_price":8.15,"df_image_link":"https:\/\/www.csj-emballages.com\/wp-content\/uploads\/2025\/09\/136913-300x300.webp","tiered_pricing_type":"fixed","tiered_pricing_fixed_rules":[],"tiered_pricing_percentage_rules":[],"tiered_pricing_minimum":1,"tiered_pricing_roles_data":[],"_links":{"self":[{"href":"https:\/\/www.csj-emballages.com\/es\/wp-json\/wp\/v2\/product\/247331","targetHints":{"allow":["GET"]}}],"collection":[{"href":"https:\/\/www.csj-emballages.com\/es\/wp-json\/wp\/v2\/product"}],"about":[{"href":"https:\/\/www.csj-emballages.com\/es\/wp-json\/wp\/v2\/types\/product"}],"wp:featuredmedia":[{"embeddable":true,"href":"https:\/\/www.csj-emballages.com\/es\/wp-json\/wp\/v2\/media\/247330"}],"wp:attachment":[{"href":"https:\/\/www.csj-emballages.com\/es\/wp-json\/wp\/v2\/media?parent=247331"}],"wp:term":[{"taxonomy":"product_brand","embeddable":true,"href":"https:\/\/www.csj-emballages.com\/es\/wp-json\/wp\/v2\/product_brand?post=247331"},{"taxonomy":"product_cat","embeddable":true,"href":"https:\/\/www.csj-emballages.com\/es\/wp-json\/wp\/v2\/product_cat?post=247331"},{"taxonomy":"product_tag","embeddable":true,"href":"https:\/\/www.csj-emballages.com\/es\/wp-json\/wp\/v2\/product_tag?post=247331"}],"curies":[{"name":"wp","href":"https:\/\/api.w.org\/{rel}","templated":true}]}}