{"id":247013,"date":"2025-09-17T15:18:36","date_gmt":"2025-09-17T13:18:36","guid":{"rendered":"https:\/\/www.csj-emballages.com\/produit\/caja-rosa-ribeteada-de-280-gramos-con-base-de-carton-10-por-caja\/"},"modified":"2026-04-18T02:11:22","modified_gmt":"2026-04-18T00:11:22","slug":"caja-rosa-ribeteada-de-280-gramos-con-base-de-carton-10-por-caja","status":"publish","type":"product","link":"https:\/\/www.csj-emballages.com\/es\/produit\/caja-rosa-ribeteada-de-280-gramos-con-base-de-carton-10-por-caja\/","title":{"rendered":"Ballotin rosa 250 gramos por 10"},"content":{"rendered":"<h2 class=\"p1\">Caja rosa<\/h2>\n<hr>\n<h3>Descripci\u00f3n de nuestra caja con bordes rosas 250 gramos por 10<\/h3>\n<p><!--more--><\/p>\n<p data-start=\"65\" data-end=\"636\">A\u00f1ada un toque de elegancia y dulzura a sus creaciones culinarias con nuestro <strong data-start=\"176\" data-end=\"206\">bomb\u00f3n rosa con ribete de 250 g<\/strong>. Dise\u00f1ado especialmente para <strong data-start=\"236\" data-end=\"280\">bombones, chocolates y confiter\u00eda fina<\/strong>, este bomb\u00f3n es mucho m\u00e1s que un simple embalaje: es un verdadero estuche para sus dulces. Fabricado en <strong data-start=\"389\" data-end=\"418\">cart\u00f3n grueso y resistente<\/strong>, asegura una <strong data-start=\"434\" data-end=\"454\">sujeci\u00f3n impecable<\/strong>, incluso cuando el contenido es generoso. Gracias a su <strong data-start=\"506\" data-end=\"533\">fondo con clip<\/strong>, ofrece una estabilidad perfecta, evitando cualquier deformaci\u00f3n durante el transporte o la presentaci\u00f3n.<\/p>\n<p data-start=\"638\" data-end=\"1082\">Su <strong data-start=\"642\" data-end=\"666\">delicado color rosa<\/strong>, realzado con un <strong data-start=\"682\" data-end=\"700\">refinado ribete<\/strong>, aporta una nota de <strong data-start=\"722\" data-end=\"747\">encanto y feminidad<\/strong>, ideal para ocasiones especiales: <strong data-start=\"787\" data-end=\"849\">San Valent\u00edn, bautizos, bodas o fiestas de fin de a\u00f1o<\/strong>. F\u00e1cil de montar, pr\u00e1ctico de rellenar, esta <strong>caja de bombones<\/strong> se adapta tanto a <strong data-start=\"924\" data-end=\"940\">chocolateros<\/strong>, <strong data-start=\"942\" data-end=\"956\">pasteleros<\/strong>, como a <strong data-start=\"965\" data-end=\"988\">artesanos confiteros<\/strong> que deseen realzar sus productos manteniendo una <strong data-start=\"1047\" data-end=\"1079\">presentaci\u00f3n profesional<\/strong>.<\/p>\n<p data-start=\"1084\" data-end=\"1543\">Adem\u00e1s, vendido <strong data-start=\"1099\" data-end=\"1116\">en lotes de 10<\/strong>, permite gestionar f\u00e1cilmente sus necesidades seg\u00fan la temporada o la demanda, optimizando su <strong data-start=\"1216\" data-end=\"1228\">almacenamiento<\/strong> y su <strong data-start=\"1238\" data-end=\"1248\">presupuesto<\/strong>. Su dise\u00f1o cuidado seduce a sus clientes a primera vista y valoriza instant\u00e1neamente sus creaciones artesanales. Al elegir este bomb\u00f3n, opta por un <strong data-start=\"1409\" data-end=\"1463\">embalaje a la vez est\u00e9tico, s\u00f3lido y pr\u00e1ctico<\/strong>, que refleja la calidad y el cuidado que aporta a sus creaciones dulces.<\/p>\n<p data-start=\"1545\" data-end=\"1790\">En definitiva, la <strong data-start=\"1558\" data-end=\"1588\">caja de 250 g con bordes rosas<\/strong> es la combinaci\u00f3n perfecta de <strong data-start=\"1619\" data-end=\"1661\">elegancia, funcionalidad y durabilidad<\/strong>, un art\u00edculo imprescindible para todas las tiendas gourmet que deseen ofrecer una <strong data-start=\"1739\" data-end=\"1787\">experiencia visual y gustativa armoniosa<\/strong>.<\/p>\n<p data-start=\"1378\" data-end=\"1605\"><!--more--><\/p>\n<h4 data-start=\"1378\" data-end=\"1605\">Ventajas :<\/h4>\n<ul>\n<li data-start=\"2094\" data-end=\"2143\"><strong data-start=\"2097\" data-end=\"2120\">Elegante dise\u00f1o rosa<\/strong> con refinados ribetes.<\/li>\n<li data-start=\"2146\" data-end=\"2203\">Perfecto para <strong data-start=\"2162\" data-end=\"2200\">bombones, pralin\u00e9s y confiter\u00eda<\/strong>.<\/li>\n<li data-start=\"2206\" data-end=\"2254\"><strong data-start=\"2209\" data-end=\"2228\">F\u00e1cil de montar<\/strong> y pr\u00e1ctico de usar.<\/li>\n<li data-start=\"2257\" data-end=\"2317\"><strong data-start=\"2260\" data-end=\"2276\">Se venden en paquetes de 10 unidades<\/strong> para una gesti\u00f3n sencilla y econ\u00f3mica.<\/li>\n<\/ul>\n<p>&nbsp;<\/p>\n<p><!--more--><\/p>\n<h4>Informaci\u00f3n adicional :<\/h4>\n<ul>\n<li><strong>Envase<\/strong>: Paquete de 10<\/li>\n<li><strong>Dimensiones<\/strong>: 115 x 75 x 50 mm<\/li>\n<li><strong>Material<\/strong>: Cart\u00f3n<\/li>\n<li><strong>Capacidad<\/strong>: 250 gramos<\/li>\n<li><strong>Color<\/strong>: rosa \/ dorado<\/li>\n<\/ul>\n<p>&nbsp;<\/p>\n<p><!--more--><\/p>\n<p><a href=\"\/?product_cat=ballotins\">Ver el resto de nuestra gama de cajas<\/a><\/p>\n","protected":false},"excerpt":{"rendered":"<p>Caja rosa Descripci\u00f3n de nuestra caja con bordes rosas 250 gramos por 10<\/p>\n","protected":false},"featured_media":247005,"template":"","meta":{"_acf_changed":false},"product_brand":[],"product_cat":[1150,1145,3868,2044,9870,1270],"product_tag":[],"class_list":{"0":"post-247013","1":"product","2":"type-product","3":"status-publish","4":"has-post-thumbnail","6":"product_cat-envasado-de-alimentos","7":"product_cat-panaderia-y-pasteleria","8":"product_cat-cajas-y-estuches","9":"product_cat-cajas","10":"product_cat-cajas-con-bordes-rosas","11":"product_cat-descuentos","13":"first","14":"instock","15":"sale","16":"taxable","17":"shipping-taxable","18":"purchasable","19":"product-type-simple"},"acf":[],"yoast_head":"<!-- This site is optimized with the Yoast SEO Premium plugin v26.6 (Yoast SEO v26.6) - https:\/\/yoast.com\/wordpress\/plugins\/seo\/ -->\n<title>Ballotin Rose Liser\u00e9 250 Grammes \u00e0 10<\/title>\n<meta name=\"description\" content=\"Ballotin rosa con borde de 250 g, ideal para pralin\u00e9s y confiter\u00eda. Elegante, resistente y vendido en paquetes de 10 para una presentaci\u00f3n refinada.\" \/>\n<meta name=\"robots\" content=\"index, follow, max-snippet:-1, max-image-preview:large, max-video-preview:-1\" \/>\n<link rel=\"canonical\" href=\"https:\/\/www.csj-emballages.com\/es\/produit\/caja-rosa-ribeteada-de-280-gramos-con-base-de-carton-10-por-caja\/\" \/>\n<meta property=\"og:locale\" content=\"es_ES\" \/>\n<meta property=\"og:type\" content=\"article\" \/>\n<meta property=\"og:title\" content=\"Ballotin rosa 250 gramos por 10\" \/>\n<meta property=\"og:description\" content=\"Ballotin rosa con borde de 250 g, ideal para pralin\u00e9s y confiter\u00eda. Elegante, resistente y vendido en paquetes de 10 para una presentaci\u00f3n refinada.\" \/>\n<meta property=\"og:url\" content=\"https:\/\/www.csj-emballages.com\/es\/produit\/caja-rosa-ribeteada-de-280-gramos-con-base-de-carton-10-por-caja\/\" \/>\n<meta property=\"og:site_name\" content=\"CSJ Emballages\" \/>\n<meta property=\"article:publisher\" content=\"https:\/\/www.facebook.com\/csjemballages\" \/>\n<meta property=\"article:modified_time\" content=\"2026-04-18T00:11:22+00:00\" \/>\n<meta property=\"og:image\" content=\"https:\/\/www.csj-emballages.com\/wp-content\/uploads\/2025\/09\/136210.webp\" \/>\n\t<meta property=\"og:image:width\" content=\"800\" \/>\n\t<meta property=\"og:image:height\" content=\"800\" \/>\n\t<meta property=\"og:image:type\" content=\"image\/webp\" \/>\n<meta name=\"twitter:card\" content=\"summary_large_image\" \/>\n<meta name=\"twitter:label1\" content=\"Tiempo de lectura\" \/>\n\t<meta name=\"twitter:data1\" content=\"2 minutos\" \/>\n<script type=\"application\/ld+json\" class=\"yoast-schema-graph\">{\"@context\":\"https:\/\/schema.org\",\"@graph\":[{\"@type\":\"WebPage\",\"@id\":\"https:\/\/www.csj-emballages.com\/es\/produit\/caja-rosa-ribeteada-de-280-gramos-con-base-de-carton-10-por-caja\/\",\"url\":\"https:\/\/www.csj-emballages.com\/es\/produit\/caja-rosa-ribeteada-de-280-gramos-con-base-de-carton-10-por-caja\/\",\"name\":\"Ballotin Rose Liser\u00e9 250 Grammes \u00e0 10\",\"isPartOf\":{\"@id\":\"https:\/\/www.csj-emballages.com\/es\/#website\"},\"primaryImageOfPage\":{\"@id\":\"https:\/\/www.csj-emballages.com\/es\/produit\/caja-rosa-ribeteada-de-280-gramos-con-base-de-carton-10-por-caja\/#primaryimage\"},\"image\":{\"@id\":\"https:\/\/www.csj-emballages.com\/es\/produit\/caja-rosa-ribeteada-de-280-gramos-con-base-de-carton-10-por-caja\/#primaryimage\"},\"thumbnailUrl\":\"https:\/\/www.csj-emballages.com\/wp-content\/uploads\/2025\/09\/136210.webp\",\"datePublished\":\"2025-09-17T13:18:36+00:00\",\"dateModified\":\"2026-04-18T00:11:22+00:00\",\"description\":\"Ballotin rosa con borde de 250 g, ideal para pralin\u00e9s y confiter\u00eda. Elegante, resistente y vendido en paquetes de 10 para una presentaci\u00f3n refinada.\",\"breadcrumb\":{\"@id\":\"https:\/\/www.csj-emballages.com\/es\/produit\/caja-rosa-ribeteada-de-280-gramos-con-base-de-carton-10-por-caja\/#breadcrumb\"},\"inLanguage\":\"es\",\"potentialAction\":[{\"@type\":\"ReadAction\",\"target\":[\"https:\/\/www.csj-emballages.com\/es\/produit\/caja-rosa-ribeteada-de-280-gramos-con-base-de-carton-10-por-caja\/\"]}]},{\"@type\":\"ImageObject\",\"inLanguage\":\"es\",\"@id\":\"https:\/\/www.csj-emballages.com\/es\/produit\/caja-rosa-ribeteada-de-280-gramos-con-base-de-carton-10-por-caja\/#primaryimage\",\"url\":\"https:\/\/www.csj-emballages.com\/wp-content\/uploads\/2025\/09\/136210.webp\",\"contentUrl\":\"https:\/\/www.csj-emballages.com\/wp-content\/uploads\/2025\/09\/136210.webp\",\"width\":800,\"height\":800,\"caption\":\"Ballotin rose\"},{\"@type\":\"BreadcrumbList\",\"@id\":\"https:\/\/www.csj-emballages.com\/es\/produit\/caja-rosa-ribeteada-de-280-gramos-con-base-de-carton-10-por-caja\/#breadcrumb\",\"itemListElement\":[{\"@type\":\"ListItem\",\"position\":1,\"name\":\"Accueil\",\"item\":\"https:\/\/www.csj-emballages.com\/es\/universo-del-envasado-alimentario\/\"},{\"@type\":\"ListItem\",\"position\":2,\"name\":\"Tienda\",\"item\":\"https:\/\/www.csj-emballages.com\/tienda\/\"},{\"@type\":\"ListItem\",\"position\":3,\"name\":\"Ballotin rosa 250 gramos por 10\"}]},{\"@type\":\"WebSite\",\"@id\":\"https:\/\/www.csj-emballages.com\/es\/#website\",\"url\":\"https:\/\/www.csj-emballages.com\/es\/\",\"name\":\"CSJ Emballages\",\"description\":\"\",\"publisher\":{\"@id\":\"https:\/\/www.csj-emballages.com\/es\/#organization\"},\"potentialAction\":[{\"@type\":\"SearchAction\",\"target\":{\"@type\":\"EntryPoint\",\"urlTemplate\":\"https:\/\/www.csj-emballages.com\/es\/?s={search_term_string}\"},\"query-input\":{\"@type\":\"PropertyValueSpecification\",\"valueRequired\":true,\"valueName\":\"search_term_string\"}}],\"inLanguage\":\"es\"},{\"@type\":\"Organization\",\"@id\":\"https:\/\/www.csj-emballages.com\/es\/#Organization\/\",\"name\":\"CSJ Emballages\",\"url\":\"https:\/\/www.csj-emballages.com\/es\/\",\"logo\":{\"@type\":\"ImageObject\",\"inLanguage\":\"es\",\"@id\":\"https:\/\/www.csj-emballages.com\/es\/#\/schema\/logo\/image\/\",\"url\":\"https:\/\/www.csj-emballages.com\/wp-content\/uploads\/2023\/10\/logo_csj.webp\",\"contentUrl\":\"https:\/\/www.csj-emballages.com\/wp-content\/uploads\/2023\/10\/logo_csj.webp\",\"width\":250,\"height\":95,\"caption\":\"CSJ Emballages\"},\"image\":{\"@id\":\"https:\/\/www.csj-emballages.com\/es\/#\/schema\/logo\/image\/\"},\"sameAs\":[\"https:\/\/www.facebook.com\/csjemballages\"],\"address\":{\"@type\":\"PostalAddress\",\"streetAddress\":\"ZI La Lechere\",\"addressLocality\":\"Patornay\",\"postalCode\":\"39130\",\"addressCountry\":\"FR\"},\"contactPoint\":[{\"@type\":\"ContactPoint\",\"contactType\":\"Service client\",\"telephone\":\"0384254272\",\"email\":\"contact@csj-emballages.com\"}]}]}<\/script>\n<!-- \/ Yoast SEO Premium plugin. -->","yoast_head_json":{"title":"Ballotin Rose Liser\u00e9 250 Grammes \u00e0 10","description":"Ballotin rosa con borde de 250 g, ideal para pralin\u00e9s y confiter\u00eda. Elegante, resistente y vendido en paquetes de 10 para una presentaci\u00f3n refinada.","robots":{"index":"index","follow":"follow","max-snippet":"max-snippet:-1","max-image-preview":"max-image-preview:large","max-video-preview":"max-video-preview:-1"},"canonical":"https:\/\/www.csj-emballages.com\/es\/produit\/caja-rosa-ribeteada-de-280-gramos-con-base-de-carton-10-por-caja\/","og_locale":"es_ES","og_type":"article","og_title":"Ballotin rosa 250 gramos por 10","og_description":"Ballotin rosa con borde de 250 g, ideal para pralin\u00e9s y confiter\u00eda. Elegante, resistente y vendido en paquetes de 10 para una presentaci\u00f3n refinada.","og_url":"https:\/\/www.csj-emballages.com\/es\/produit\/caja-rosa-ribeteada-de-280-gramos-con-base-de-carton-10-por-caja\/","og_site_name":"CSJ Emballages","article_publisher":"https:\/\/www.facebook.com\/csjemballages","article_modified_time":"2026-04-18T00:11:22+00:00","og_image":[{"width":800,"height":800,"url":"https:\/\/www.csj-emballages.com\/wp-content\/uploads\/2025\/09\/136210.webp","type":"image\/webp"}],"twitter_card":"summary_large_image","twitter_misc":{"Tiempo de lectura":"2 minutos"},"schema":{"@context":"https:\/\/schema.org","@graph":[{"@type":"WebPage","@id":"https:\/\/www.csj-emballages.com\/es\/produit\/caja-rosa-ribeteada-de-280-gramos-con-base-de-carton-10-por-caja\/","url":"https:\/\/www.csj-emballages.com\/es\/produit\/caja-rosa-ribeteada-de-280-gramos-con-base-de-carton-10-por-caja\/","name":"Ballotin Rose Liser\u00e9 250 Grammes \u00e0 10","isPartOf":{"@id":"https:\/\/www.csj-emballages.com\/es\/#website"},"primaryImageOfPage":{"@id":"https:\/\/www.csj-emballages.com\/es\/produit\/caja-rosa-ribeteada-de-280-gramos-con-base-de-carton-10-por-caja\/#primaryimage"},"image":{"@id":"https:\/\/www.csj-emballages.com\/es\/produit\/caja-rosa-ribeteada-de-280-gramos-con-base-de-carton-10-por-caja\/#primaryimage"},"thumbnailUrl":"https:\/\/www.csj-emballages.com\/wp-content\/uploads\/2025\/09\/136210.webp","datePublished":"2025-09-17T13:18:36+00:00","dateModified":"2026-04-18T00:11:22+00:00","description":"Ballotin rosa con borde de 250 g, ideal para pralin\u00e9s y confiter\u00eda. Elegante, resistente y vendido en paquetes de 10 para una presentaci\u00f3n refinada.","breadcrumb":{"@id":"https:\/\/www.csj-emballages.com\/es\/produit\/caja-rosa-ribeteada-de-280-gramos-con-base-de-carton-10-por-caja\/#breadcrumb"},"inLanguage":"es","potentialAction":[{"@type":"ReadAction","target":["https:\/\/www.csj-emballages.com\/es\/produit\/caja-rosa-ribeteada-de-280-gramos-con-base-de-carton-10-por-caja\/"]}]},{"@type":"ImageObject","inLanguage":"es","@id":"https:\/\/www.csj-emballages.com\/es\/produit\/caja-rosa-ribeteada-de-280-gramos-con-base-de-carton-10-por-caja\/#primaryimage","url":"https:\/\/www.csj-emballages.com\/wp-content\/uploads\/2025\/09\/136210.webp","contentUrl":"https:\/\/www.csj-emballages.com\/wp-content\/uploads\/2025\/09\/136210.webp","width":800,"height":800,"caption":"Ballotin rose"},{"@type":"BreadcrumbList","@id":"https:\/\/www.csj-emballages.com\/es\/produit\/caja-rosa-ribeteada-de-280-gramos-con-base-de-carton-10-por-caja\/#breadcrumb","itemListElement":[{"@type":"ListItem","position":1,"name":"Accueil","item":"https:\/\/www.csj-emballages.com\/es\/universo-del-envasado-alimentario\/"},{"@type":"ListItem","position":2,"name":"Tienda","item":"https:\/\/www.csj-emballages.com\/tienda\/"},{"@type":"ListItem","position":3,"name":"Ballotin rosa 250 gramos por 10"}]},{"@type":"WebSite","@id":"https:\/\/www.csj-emballages.com\/es\/#website","url":"https:\/\/www.csj-emballages.com\/es\/","name":"CSJ Emballages","description":"","publisher":{"@id":"https:\/\/www.csj-emballages.com\/es\/#organization"},"potentialAction":[{"@type":"SearchAction","target":{"@type":"EntryPoint","urlTemplate":"https:\/\/www.csj-emballages.com\/es\/?s={search_term_string}"},"query-input":{"@type":"PropertyValueSpecification","valueRequired":true,"valueName":"search_term_string"}}],"inLanguage":"es"},{"@type":"Organization","@id":"https:\/\/www.csj-emballages.com\/es\/#Organization\/","name":"CSJ Emballages","url":"https:\/\/www.csj-emballages.com\/es\/","logo":{"@type":"ImageObject","inLanguage":"es","@id":"https:\/\/www.csj-emballages.com\/es\/#\/schema\/logo\/image\/","url":"https:\/\/www.csj-emballages.com\/wp-content\/uploads\/2023\/10\/logo_csj.webp","contentUrl":"https:\/\/www.csj-emballages.com\/wp-content\/uploads\/2023\/10\/logo_csj.webp","width":250,"height":95,"caption":"CSJ Emballages"},"image":{"@id":"https:\/\/www.csj-emballages.com\/es\/#\/schema\/logo\/image\/"},"sameAs":["https:\/\/www.facebook.com\/csjemballages"],"address":{"@type":"PostalAddress","streetAddress":"ZI La Lechere","addressLocality":"Patornay","postalCode":"39130","addressCountry":"FR"},"contactPoint":[{"@type":"ContactPoint","contactType":"Service client","telephone":"0384254272","email":"contact@csj-emballages.com"}]}]}},"df_price":6,"df_sale_price":6,"df_regular_price":6.67,"df_image_link":"https:\/\/www.csj-emballages.com\/wp-content\/uploads\/2025\/09\/136210-300x300.webp","tiered_pricing_type":"fixed","tiered_pricing_fixed_rules":[],"tiered_pricing_percentage_rules":[],"tiered_pricing_minimum":1,"tiered_pricing_roles_data":[],"_links":{"self":[{"href":"https:\/\/www.csj-emballages.com\/es\/wp-json\/wp\/v2\/product\/247013","targetHints":{"allow":["GET"]}}],"collection":[{"href":"https:\/\/www.csj-emballages.com\/es\/wp-json\/wp\/v2\/product"}],"about":[{"href":"https:\/\/www.csj-emballages.com\/es\/wp-json\/wp\/v2\/types\/product"}],"wp:featuredmedia":[{"embeddable":true,"href":"https:\/\/www.csj-emballages.com\/es\/wp-json\/wp\/v2\/media\/247005"}],"wp:attachment":[{"href":"https:\/\/www.csj-emballages.com\/es\/wp-json\/wp\/v2\/media?parent=247013"}],"wp:term":[{"taxonomy":"product_brand","embeddable":true,"href":"https:\/\/www.csj-emballages.com\/es\/wp-json\/wp\/v2\/product_brand?post=247013"},{"taxonomy":"product_cat","embeddable":true,"href":"https:\/\/www.csj-emballages.com\/es\/wp-json\/wp\/v2\/product_cat?post=247013"},{"taxonomy":"product_tag","embeddable":true,"href":"https:\/\/www.csj-emballages.com\/es\/wp-json\/wp\/v2\/product_tag?post=247013"}],"curies":[{"name":"wp","href":"https:\/\/api.w.org\/{rel}","templated":true}]}}