{"id":246986,"date":"2025-09-17T15:18:24","date_gmt":"2025-09-17T13:18:24","guid":{"rendered":"https:\/\/www.csj-emballages.com\/produit\/caja-marfil-365-gramos-con-base-de-carton-10-por-caja\/"},"modified":"2026-04-03T02:10:58","modified_gmt":"2026-04-03T00:10:58","slug":"caja-marfil-365-gramos-con-base-de-carton-10-por-caja","status":"publish","type":"product","link":"https:\/\/www.csj-emballages.com\/es\/produit\/caja-marfil-365-gramos-con-base-de-carton-10-por-caja\/","title":{"rendered":"Caja de marfil 375 gramos por 10"},"content":{"rendered":"<h2 class=\"p1\">Caja de marfil<\/h2>\n<hr>\n<h3>Descripci\u00f3n de nuestra caja de marfil 375 gramos por 10<\/h3>\n<p><!--more--><\/p>\n<p data-start=\"153\" data-end=\"538\">D\u00e9jese seducir por el <strong>ballotin marfil de 375 gramos<\/strong>, el envase perfecto para sus pralin\u00e9s, bombones y dulces artesanales. Dise\u00f1ada para profesionales exigentes, esta elegante <strong>caja<\/strong> combina solidez y refinamiento. Gracias a su <strong>base de cart\u00f3n con clip<\/strong>, se mantendr\u00e1 en su sitio incluso durante el transporte o el almacenamiento.  <\/p>\n<p data-start=\"540\" data-end=\"912\">Su <strong>suave<\/strong> y refinado tono <strong>marfil<\/strong> evoca la pureza y la indulgencia, ideal para chocolater\u00edas, pasteler\u00edas o confiter\u00edas artesanales que deseen exhibir sus creaciones. Su elegante dise\u00f1o tambi\u00e9n permite a\u00f1adir f\u00e1cilmente una cinta, una etiqueta o un logotipo personalizado, convirti\u00e9ndolo en un aut\u00e9ntico envase de autor para su marca. <\/p>\n<p data-start=\"914\" data-end=\"1331\">Fabricada con cart\u00f3n r\u00edgido de calidad, esta <strong>caja para bombones<\/strong> es resistente y ecol\u00f3gica, ya que es totalmente reciclable. Su ingenioso dise\u00f1o con fondo encajable facilita un montaje r\u00e1pido, lo que supone un ahorro de tiempo para sus preparaciones en serie.  Se entrega en <strong>lotes de<\/strong> <strong>10<\/strong> unidades, lo que le ofrece una excelente relaci\u00f3n calidad-precio, a la vez que garantiza una presentaci\u00f3n cuidada y profesional.<\/p>\n<p data-start=\"1333\" data-end=\"1528\">En resumen, el <strong>ballotin marfil de 375 g <\/strong>es mucho m\u00e1s que una simple caja: es un estuche pr\u00e1ctico, elegante y duradero para delicias que conquistar\u00e1 a sus clientes a primera vista.<\/p>\n<p data-start=\"1378\" data-end=\"1605\"><!--more--><\/p>\n<h4 data-start=\"1378\" data-end=\"1605\">Ventajas :<\/h4>\n<ul>\n<li><strong data-start=\"1568\" data-end=\"1586\">Dise\u00f1o elegante<\/strong> y refinado color marfil.<\/li>\n<li><strong data-start=\"1678\" data-end=\"1706\">Instalaci\u00f3n r\u00e1pida y sencilla<\/strong>, sin necesidad de herramientas.<\/li>\n<li>Ideal para <strong data-start=\"1738\" data-end=\"1776\">pralin\u00e9s, bombones y confiter\u00eda<\/strong>.<\/li>\n<li>Reciclable y respetuoso con el medio ambiente.<\/li>\n<li>Se <strong data-start=\"1834\" data-end=\"1853\">puede personalizar<\/strong> con cinta o etiqueta.<\/li>\n<\/ul>\n<p>&nbsp;<\/p>\n<p><!--more--><\/p>\n<h4>Informaci\u00f3n adicional :<\/h4>\n<ul>\n<li><strong>Envase<\/strong>: Paquete de 10<\/li>\n<li><strong>Dimensiones<\/strong>: 125 x 80 x 55 mm<\/li>\n<li><strong>Material<\/strong>: Cart\u00f3n<\/li>\n<li><strong>Capacidad<\/strong>: 375 gramos<\/li>\n<li><strong>Color<\/strong>: marfil<\/li>\n<\/ul>\n<p>&nbsp;<\/p>\n<p><!--more--><\/p>\n<p>Este ballotin de marfil est\u00e1 disponible en diferentes tama\u00f1os: <span style=\"color: #d12727;\"><a style=\"color: #d12727;\" href=\"https:\/\/www.csj-emballages.com\/produit\/ballotin-ivoire-280-grammes-avec-fond-carton-115-x-75-x-50-mm-par-10\/\">250 gramos<\/a><\/span> \/ <span style=\"color: #d12727;\"><a style=\"color: #d12727;\" href=\"https:\/\/www.csj-emballages.com\/produit\/ballotin-ivoire-500-grammes-avec-fond-carton-140-x-90-x-60-mm-par-10\/\">500 gramos<\/a><\/span><\/p>\n<p>&nbsp;<\/p>\n<p><!--more--><\/p>\n<p><a href=\"\/?product_cat=ballotins\">Ver el resto de nuestra gama de cajas<\/a><\/p>\n","protected":false},"excerpt":{"rendered":"<p>Caja de marfil Descripci\u00f3n de nuestra caja de marfil 375 gramos por 10<\/p>\n","protected":false},"featured_media":246984,"template":"","meta":{"_acf_changed":false},"product_brand":[],"product_cat":[1150,1145,3868,2044,9864],"product_tag":[],"class_list":{"0":"post-246986","1":"product","2":"type-product","3":"status-publish","4":"has-post-thumbnail","6":"product_cat-envasado-de-alimentos","7":"product_cat-panaderia-y-pasteleria","8":"product_cat-cajas-y-estuches","9":"product_cat-cajas","10":"product_cat-cajas-de-marfil","12":"first","13":"instock","14":"taxable","15":"shipping-taxable","16":"purchasable","17":"product-type-simple"},"acf":[],"yoast_head":"<!-- This site is optimized with the Yoast SEO Premium plugin v26.6 (Yoast SEO v26.6) - https:\/\/yoast.com\/wordpress\/plugins\/seo\/ -->\n<title>Caja de marfil 375 gramos por 10<\/title>\n<meta name=\"description\" content=\"Caja marfil de 375 g. Elegante, resistente y reciclable, ideal para bombones y dulces. Paquete de 10 cajas.\" \/>\n<meta name=\"robots\" content=\"index, follow, max-snippet:-1, max-image-preview:large, max-video-preview:-1\" \/>\n<link rel=\"canonical\" href=\"https:\/\/www.csj-emballages.com\/es\/produit\/caja-marfil-365-gramos-con-base-de-carton-10-por-caja\/\" \/>\n<meta property=\"og:locale\" content=\"es_ES\" \/>\n<meta property=\"og:type\" content=\"article\" \/>\n<meta property=\"og:title\" content=\"Caja de marfil 375 gramos por 10\" \/>\n<meta property=\"og:description\" content=\"Caja marfil de 375 g. Elegante, resistente y reciclable, ideal para bombones y dulces. Paquete de 10 cajas.\" \/>\n<meta property=\"og:url\" content=\"https:\/\/www.csj-emballages.com\/es\/produit\/caja-marfil-365-gramos-con-base-de-carton-10-por-caja\/\" \/>\n<meta property=\"og:site_name\" content=\"CSJ Emballages\" \/>\n<meta property=\"article:publisher\" content=\"https:\/\/www.facebook.com\/csjemballages\" \/>\n<meta property=\"article:modified_time\" content=\"2026-04-03T00:10:58+00:00\" \/>\n<meta property=\"og:image\" content=\"https:\/\/www.csj-emballages.com\/wp-content\/uploads\/2025\/09\/114551.webp\" \/>\n\t<meta property=\"og:image:width\" content=\"800\" \/>\n\t<meta property=\"og:image:height\" content=\"800\" \/>\n\t<meta property=\"og:image:type\" content=\"image\/webp\" \/>\n<meta name=\"twitter:card\" content=\"summary_large_image\" \/>\n<meta name=\"twitter:label1\" content=\"Tiempo de lectura\" \/>\n\t<meta name=\"twitter:data1\" content=\"2 minutos\" \/>\n<script type=\"application\/ld+json\" class=\"yoast-schema-graph\">{\"@context\":\"https:\/\/schema.org\",\"@graph\":[{\"@type\":\"WebPage\",\"@id\":\"https:\/\/www.csj-emballages.com\/es\/produit\/caja-marfil-365-gramos-con-base-de-carton-10-por-caja\/\",\"url\":\"https:\/\/www.csj-emballages.com\/es\/produit\/caja-marfil-365-gramos-con-base-de-carton-10-por-caja\/\",\"name\":\"Caja de marfil 375 gramos por 10\",\"isPartOf\":{\"@id\":\"https:\/\/www.csj-emballages.com\/es\/#website\"},\"primaryImageOfPage\":{\"@id\":\"https:\/\/www.csj-emballages.com\/es\/produit\/caja-marfil-365-gramos-con-base-de-carton-10-por-caja\/#primaryimage\"},\"image\":{\"@id\":\"https:\/\/www.csj-emballages.com\/es\/produit\/caja-marfil-365-gramos-con-base-de-carton-10-por-caja\/#primaryimage\"},\"thumbnailUrl\":\"https:\/\/www.csj-emballages.com\/wp-content\/uploads\/2025\/09\/114551.webp\",\"datePublished\":\"2025-09-17T13:18:24+00:00\",\"dateModified\":\"2026-04-03T00:10:58+00:00\",\"description\":\"Caja marfil de 375 g. Elegante, resistente y reciclable, ideal para bombones y dulces. Paquete de 10 cajas.\",\"breadcrumb\":{\"@id\":\"https:\/\/www.csj-emballages.com\/es\/produit\/caja-marfil-365-gramos-con-base-de-carton-10-por-caja\/#breadcrumb\"},\"inLanguage\":\"es\",\"potentialAction\":[{\"@type\":\"ReadAction\",\"target\":[\"https:\/\/www.csj-emballages.com\/es\/produit\/caja-marfil-365-gramos-con-base-de-carton-10-por-caja\/\"]}]},{\"@type\":\"ImageObject\",\"inLanguage\":\"es\",\"@id\":\"https:\/\/www.csj-emballages.com\/es\/produit\/caja-marfil-365-gramos-con-base-de-carton-10-por-caja\/#primaryimage\",\"url\":\"https:\/\/www.csj-emballages.com\/wp-content\/uploads\/2025\/09\/114551.webp\",\"contentUrl\":\"https:\/\/www.csj-emballages.com\/wp-content\/uploads\/2025\/09\/114551.webp\",\"width\":800,\"height\":800,\"caption\":\"Ballotin ivoire\"},{\"@type\":\"BreadcrumbList\",\"@id\":\"https:\/\/www.csj-emballages.com\/es\/produit\/caja-marfil-365-gramos-con-base-de-carton-10-por-caja\/#breadcrumb\",\"itemListElement\":[{\"@type\":\"ListItem\",\"position\":1,\"name\":\"Accueil\",\"item\":\"https:\/\/www.csj-emballages.com\/es\/universo-del-envasado-alimentario\/\"},{\"@type\":\"ListItem\",\"position\":2,\"name\":\"Tienda\",\"item\":\"https:\/\/www.csj-emballages.com\/tienda\/\"},{\"@type\":\"ListItem\",\"position\":3,\"name\":\"Caja de marfil 375 gramos por 10\"}]},{\"@type\":\"WebSite\",\"@id\":\"https:\/\/www.csj-emballages.com\/es\/#website\",\"url\":\"https:\/\/www.csj-emballages.com\/es\/\",\"name\":\"CSJ Emballages\",\"description\":\"\",\"publisher\":{\"@id\":\"https:\/\/www.csj-emballages.com\/es\/#organization\"},\"potentialAction\":[{\"@type\":\"SearchAction\",\"target\":{\"@type\":\"EntryPoint\",\"urlTemplate\":\"https:\/\/www.csj-emballages.com\/es\/?s={search_term_string}\"},\"query-input\":{\"@type\":\"PropertyValueSpecification\",\"valueRequired\":true,\"valueName\":\"search_term_string\"}}],\"inLanguage\":\"es\"},{\"@type\":\"Organization\",\"@id\":\"https:\/\/www.csj-emballages.com\/es\/#Organization\/\",\"name\":\"CSJ Emballages\",\"url\":\"https:\/\/www.csj-emballages.com\/es\/\",\"logo\":{\"@type\":\"ImageObject\",\"inLanguage\":\"es\",\"@id\":\"https:\/\/www.csj-emballages.com\/es\/#\/schema\/logo\/image\/\",\"url\":\"https:\/\/www.csj-emballages.com\/wp-content\/uploads\/2023\/10\/logo_csj.webp\",\"contentUrl\":\"https:\/\/www.csj-emballages.com\/wp-content\/uploads\/2023\/10\/logo_csj.webp\",\"width\":250,\"height\":95,\"caption\":\"CSJ Emballages\"},\"image\":{\"@id\":\"https:\/\/www.csj-emballages.com\/es\/#\/schema\/logo\/image\/\"},\"sameAs\":[\"https:\/\/www.facebook.com\/csjemballages\"],\"address\":{\"@type\":\"PostalAddress\",\"streetAddress\":\"ZI La Lechere\",\"addressLocality\":\"Patornay\",\"postalCode\":\"39130\",\"addressCountry\":\"FR\"},\"contactPoint\":[{\"@type\":\"ContactPoint\",\"contactType\":\"Service client\",\"telephone\":\"0384254272\",\"email\":\"contact@csj-emballages.com\"}]}]}<\/script>\n<!-- \/ Yoast SEO Premium plugin. -->","yoast_head_json":{"title":"Caja de marfil 375 gramos por 10","description":"Caja marfil de 375 g. Elegante, resistente y reciclable, ideal para bombones y dulces. Paquete de 10 cajas.","robots":{"index":"index","follow":"follow","max-snippet":"max-snippet:-1","max-image-preview":"max-image-preview:large","max-video-preview":"max-video-preview:-1"},"canonical":"https:\/\/www.csj-emballages.com\/es\/produit\/caja-marfil-365-gramos-con-base-de-carton-10-por-caja\/","og_locale":"es_ES","og_type":"article","og_title":"Caja de marfil 375 gramos por 10","og_description":"Caja marfil de 375 g. Elegante, resistente y reciclable, ideal para bombones y dulces. Paquete de 10 cajas.","og_url":"https:\/\/www.csj-emballages.com\/es\/produit\/caja-marfil-365-gramos-con-base-de-carton-10-por-caja\/","og_site_name":"CSJ Emballages","article_publisher":"https:\/\/www.facebook.com\/csjemballages","article_modified_time":"2026-04-03T00:10:58+00:00","og_image":[{"width":800,"height":800,"url":"https:\/\/www.csj-emballages.com\/wp-content\/uploads\/2025\/09\/114551.webp","type":"image\/webp"}],"twitter_card":"summary_large_image","twitter_misc":{"Tiempo de lectura":"2 minutos"},"schema":{"@context":"https:\/\/schema.org","@graph":[{"@type":"WebPage","@id":"https:\/\/www.csj-emballages.com\/es\/produit\/caja-marfil-365-gramos-con-base-de-carton-10-por-caja\/","url":"https:\/\/www.csj-emballages.com\/es\/produit\/caja-marfil-365-gramos-con-base-de-carton-10-por-caja\/","name":"Caja de marfil 375 gramos por 10","isPartOf":{"@id":"https:\/\/www.csj-emballages.com\/es\/#website"},"primaryImageOfPage":{"@id":"https:\/\/www.csj-emballages.com\/es\/produit\/caja-marfil-365-gramos-con-base-de-carton-10-por-caja\/#primaryimage"},"image":{"@id":"https:\/\/www.csj-emballages.com\/es\/produit\/caja-marfil-365-gramos-con-base-de-carton-10-por-caja\/#primaryimage"},"thumbnailUrl":"https:\/\/www.csj-emballages.com\/wp-content\/uploads\/2025\/09\/114551.webp","datePublished":"2025-09-17T13:18:24+00:00","dateModified":"2026-04-03T00:10:58+00:00","description":"Caja marfil de 375 g. Elegante, resistente y reciclable, ideal para bombones y dulces. Paquete de 10 cajas.","breadcrumb":{"@id":"https:\/\/www.csj-emballages.com\/es\/produit\/caja-marfil-365-gramos-con-base-de-carton-10-por-caja\/#breadcrumb"},"inLanguage":"es","potentialAction":[{"@type":"ReadAction","target":["https:\/\/www.csj-emballages.com\/es\/produit\/caja-marfil-365-gramos-con-base-de-carton-10-por-caja\/"]}]},{"@type":"ImageObject","inLanguage":"es","@id":"https:\/\/www.csj-emballages.com\/es\/produit\/caja-marfil-365-gramos-con-base-de-carton-10-por-caja\/#primaryimage","url":"https:\/\/www.csj-emballages.com\/wp-content\/uploads\/2025\/09\/114551.webp","contentUrl":"https:\/\/www.csj-emballages.com\/wp-content\/uploads\/2025\/09\/114551.webp","width":800,"height":800,"caption":"Ballotin ivoire"},{"@type":"BreadcrumbList","@id":"https:\/\/www.csj-emballages.com\/es\/produit\/caja-marfil-365-gramos-con-base-de-carton-10-por-caja\/#breadcrumb","itemListElement":[{"@type":"ListItem","position":1,"name":"Accueil","item":"https:\/\/www.csj-emballages.com\/es\/universo-del-envasado-alimentario\/"},{"@type":"ListItem","position":2,"name":"Tienda","item":"https:\/\/www.csj-emballages.com\/tienda\/"},{"@type":"ListItem","position":3,"name":"Caja de marfil 375 gramos por 10"}]},{"@type":"WebSite","@id":"https:\/\/www.csj-emballages.com\/es\/#website","url":"https:\/\/www.csj-emballages.com\/es\/","name":"CSJ Emballages","description":"","publisher":{"@id":"https:\/\/www.csj-emballages.com\/es\/#organization"},"potentialAction":[{"@type":"SearchAction","target":{"@type":"EntryPoint","urlTemplate":"https:\/\/www.csj-emballages.com\/es\/?s={search_term_string}"},"query-input":{"@type":"PropertyValueSpecification","valueRequired":true,"valueName":"search_term_string"}}],"inLanguage":"es"},{"@type":"Organization","@id":"https:\/\/www.csj-emballages.com\/es\/#Organization\/","name":"CSJ Emballages","url":"https:\/\/www.csj-emballages.com\/es\/","logo":{"@type":"ImageObject","inLanguage":"es","@id":"https:\/\/www.csj-emballages.com\/es\/#\/schema\/logo\/image\/","url":"https:\/\/www.csj-emballages.com\/wp-content\/uploads\/2023\/10\/logo_csj.webp","contentUrl":"https:\/\/www.csj-emballages.com\/wp-content\/uploads\/2023\/10\/logo_csj.webp","width":250,"height":95,"caption":"CSJ Emballages"},"image":{"@id":"https:\/\/www.csj-emballages.com\/es\/#\/schema\/logo\/image\/"},"sameAs":["https:\/\/www.facebook.com\/csjemballages"],"address":{"@type":"PostalAddress","streetAddress":"ZI La Lechere","addressLocality":"Patornay","postalCode":"39130","addressCountry":"FR"},"contactPoint":[{"@type":"ContactPoint","contactType":"Service client","telephone":"0384254272","email":"contact@csj-emballages.com"}]}]}},"df_price":6.23,"df_sale_price":"","df_regular_price":6.23,"df_image_link":"https:\/\/www.csj-emballages.com\/wp-content\/uploads\/2025\/09\/114551-300x300.webp","tiered_pricing_type":"fixed","tiered_pricing_fixed_rules":[],"tiered_pricing_percentage_rules":[],"tiered_pricing_minimum":1,"tiered_pricing_roles_data":[],"_links":{"self":[{"href":"https:\/\/www.csj-emballages.com\/es\/wp-json\/wp\/v2\/product\/246986","targetHints":{"allow":["GET"]}}],"collection":[{"href":"https:\/\/www.csj-emballages.com\/es\/wp-json\/wp\/v2\/product"}],"about":[{"href":"https:\/\/www.csj-emballages.com\/es\/wp-json\/wp\/v2\/types\/product"}],"wp:featuredmedia":[{"embeddable":true,"href":"https:\/\/www.csj-emballages.com\/es\/wp-json\/wp\/v2\/media\/246984"}],"wp:attachment":[{"href":"https:\/\/www.csj-emballages.com\/es\/wp-json\/wp\/v2\/media?parent=246986"}],"wp:term":[{"taxonomy":"product_brand","embeddable":true,"href":"https:\/\/www.csj-emballages.com\/es\/wp-json\/wp\/v2\/product_brand?post=246986"},{"taxonomy":"product_cat","embeddable":true,"href":"https:\/\/www.csj-emballages.com\/es\/wp-json\/wp\/v2\/product_cat?post=246986"},{"taxonomy":"product_tag","embeddable":true,"href":"https:\/\/www.csj-emballages.com\/es\/wp-json\/wp\/v2\/product_tag?post=246986"}],"curies":[{"name":"wp","href":"https:\/\/api.w.org\/{rel}","templated":true}]}}