{"id":246878,"date":"2025-09-15T10:18:19","date_gmt":"2025-09-15T08:18:19","guid":{"rendered":"https:\/\/www.csj-emballages.com\/produit\/bandeja-de-plastico-negro-precintable-de-1000-ml-paquete-de-100\/"},"modified":"2026-04-29T02:19:39","modified_gmt":"2026-04-29T00:19:39","slug":"bandeja-de-plastico-negro-precintable-de-1000-ml-paquete-de-100","status":"publish","type":"product","link":"https:\/\/www.csj-emballages.com\/es\/produit\/bandeja-de-plastico-negro-precintable-de-1000-ml-paquete-de-100\/","title":{"rendered":"Bandeja de pl\u00e1stico negro precintable de 1000 ml, paquete de 100"},"content":{"rendered":"<h2 class=\"p1\">Bandeja negra precintable<\/h2>\n<hr>\n<h3>Descripci\u00f3n de nuestra bandeja precintable de pl\u00e1stico negro de 1000 ml, paquete de 100<\/h3>\n<p><!--more--><\/p>\n<p data-start=\"0\" data-end=\"556\">Pr\u00e1ctica, robusta y elegante, la <strong data-start=\"64\" data-end=\"99\">bandeja termosellable negra<\/strong> <strong>de 1000 ml<\/strong> es el envase ideal para sus comidas calientes y para llevar. Fabricado en <strong data-start=\"199\" data-end=\"205\">PP<\/strong> (polipropileno), soporta temperaturas de <strong data-start=\"269\" data-end=\"289\">-20\u00b0C a +120\u00b0C<\/strong>, por lo que es igualmente adecuado para <strong data-start=\"328\" data-end=\"343\">congelar<\/strong> y <strong data-start=\"350\" data-end=\"365\">recalentar<\/strong>. Gracias a sus generosas dimensiones de <strong data-start=\"404\" data-end=\"420\" data-is-only-node=\"\">192 \u00d7 138 mm<\/strong> y a su <strong data-start=\"427\" data-end=\"447\">altura de 62 mm<\/strong>, esta <strong>bandeja precintable<\/strong> ofrece un volumen c\u00f3modo para porciones abundantes sin dejar de ser f\u00e1cil de manejar.<\/p>\n<p data-start=\"558\" data-end=\"1083\">Adem\u00e1s, su <strong data-start=\"570\" data-end=\"587\">color negro<\/strong> aporta un toque moderno y profesional a sus platos, ya sean platos preparados, ensaladas gourmet o postres refinados. La superficie lisa y brillante permite una presentaci\u00f3n cuidada y resalta la frescura de los ingredientes. Su s\u00f3lida estructura y su compatibilidad con <strong data-start=\"915\" data-end=\"933\">el termosellado<\/strong> garantizan <strong data-start=\"952\" data-end=\"976\">un cierre herm\u00e9tico<\/strong> para un transporte seguro.<\/p>\n<p data-start=\"1085\" data-end=\"1556\">Adem\u00e1s, esta <strong>bandeja negra precintable<\/strong> es una gran baza para los profesionales de la comida r\u00e1pida, la restauraci\u00f3n y el reparto. Su resistencia al calor la hace perfecta para comidas calientes, mientras que su capacidad de congelaci\u00f3n permite un uso flexible. En otras palabras, tanto si prepara especialidades del d\u00eda, comidas para conservar o productos listos para calentar, esta <strong data-start=\"1502\" data-end=\"1525\">bandeja<\/strong> precintable satisfar\u00e1 todas sus necesidades.  <\/p>\n<p data-start=\"1558\" data-end=\"1905\">Por \u00faltimo, se vende <strong data-start=\"1572\" data-end=\"1590\">en paquetes de 100<\/strong> unidades, lo que le ahorrar\u00e1 tiempo y dinero en suministros. Al elegir esta <strong>bandeja termosellable<\/strong> negra, estar\u00e1 apostando por la <strong data-start=\"1818\" data-end=\"1829\">calidad<\/strong>, la <strong data-start=\"1834\" data-end=\"1847\">practicidad<\/strong> y la<strong data-start=\"1853\" data-end=\"1865\">elegancia<\/strong>.<\/p>\n<p data-start=\"1378\" data-end=\"1605\"><!--more--><\/p>\n<h4 data-start=\"1378\" data-end=\"1605\">Ventajas :<\/h4>\n<ul>\n<li data-start=\"1558\" data-end=\"1905\"><strong data-start=\"2120\" data-end=\"2131\">Soporta<\/strong> temperaturas de -20\u00b0C a +120\u00b0C: congelaci\u00f3n y recalentamiento sin riesgo.<\/li>\n<li data-start=\"1558\" data-end=\"1905\"><strong data-start=\"2198\" data-end=\"2222\">Cierre herm\u00e9tico<\/strong> para un transporte seguro e higi\u00e9nico.<\/li>\n<li data-start=\"1558\" data-end=\"1905\"><strong data-start=\"2264\" data-end=\"2287\">Elegante dise\u00f1o negro<\/strong> que realza todas las preparaciones.<\/li>\n<li data-start=\"1558\" data-end=\"1905\"><strong data-start=\"2330\" data-end=\"2355\">Gran volumen de 1000 ml<\/strong>, ideal para porciones generosas.<\/li>\n<li data-start=\"1558\" data-end=\"1905\"><strong data-start=\"2393\" data-end=\"2418\">Paquete econ\u00f3mico de 100 unidades<\/strong>, perfecto para profesionales.<\/li>\n<\/ul>\n<p>&nbsp;<\/p>\n<p><!--more--><\/p>\n<h4>Informaci\u00f3n adicional :<\/h4>\n<ul>\n<li><strong>Embalaje<\/strong>: Paquete de 100<\/li>\n<li><strong>Dimensiones<\/strong>: 192 \u00d7 138 x 62 (L x A x A en mm)<\/li>\n<li><strong>Volumen<\/strong>: 1000 ml<\/li>\n<li><strong>Color<\/strong>: Negro<\/li>\n<li><strong>Material<\/strong>: PP (Polipropileno)<\/li>\n<li><strong>Temperatura de funcionamiento<\/strong>: -20 \u00b0C \/ +120 \u00b0C<\/li>\n<\/ul>\n<p>&nbsp;<\/p>\n<p><!--more--><\/p>\n<p>Esta bandeja negra precintable est\u00e1 disponible en diferentes vol\u00famenes: <span style=\"color: #d12727;\"><a style=\"color: #d12727;\" href=\"https:\/\/www.csj-emballages.com\/es\/produit\/bandeja-de-plastico-negra-precintable-250-ml-por-100\/\">250 ml<\/a><\/span> \/ <span style=\"color: #d12727;\"><a style=\"color: #d12727;\" href=\"https:\/\/www.csj-emballages.com\/es\/produit\/bandeja-de-plastico-negra-precintable-375-ml-por-100\/\">375 ml<\/a><\/span> \/ <span style=\"color: #d12727;\"><a style=\"color: #d12727;\" href=\"https:\/\/www.csj-emballages.com\/es\/produit\/bandeja-de-plastico-negro-precintable-de-500-ml-paquete-de-100\/\">500 ml<\/a><\/span> \/ <span style=\"color: #d12727;\"><a style=\"color: #d12727;\" href=\"https:\/\/www.csj-emballages.com\/es\/produit\/bandeja-de-plastico-negra-precintable-750-ml-por-100\/\">750 ml<\/a><\/span> \/ <span style=\"color: #d12727;\"><a style=\"color: #d12727;\" href=\"https:\/\/www.csj-emballages.com\/es\/produit\/bandeja-de-plastico-negro-precintable-de-1200-ml-por-100\/\">1200 ml<\/a><\/span> \/ <span style=\"color: #d12727;\"><a style=\"color: #d12727;\" href=\"https:\/\/www.csj-emballages.com\/es\/produit\/bandeja-de-plastico-negra-precintable-1500-ml-por-100\/\">1500 ml<\/a><\/span><\/p>\n<p>&nbsp;<\/p>\n<p><!--more--><\/p>\n<p><a href=\"https:\/\/www.csj-emballages.com\/es\/categorie-produit\/envasado-de-alimentos\/carniceria-y-charcuteria\/bandejas-latas-y-tarros\/bandejas-latas-tarros-de-comida\/alphacel-bandejas-precintables\/bandejas-negras-precintables\/\">Ver el resto de nuestra gama de bandejas negras precintables<\/a><\/p>\n<p>&nbsp;<\/p>\n","protected":false},"excerpt":{"rendered":"<p>Bandeja negra precintable Descripci\u00f3n de nuestra bandeja precintable de pl\u00e1stico negro de 1000 ml, paquete de 100<\/p>\n","protected":false},"featured_media":246876,"template":"","meta":{"_acf_changed":false},"product_brand":[],"product_cat":[1150,1143,2296,1491,2246,3617],"product_tag":[],"class_list":{"0":"post-246878","1":"product","2":"type-product","3":"status-publish","4":"has-post-thumbnail","6":"product_cat-envasado-de-alimentos","7":"product_cat-carniceria-y-charcuteria","8":"product_cat-bandejas-latas-y-tarros","9":"product_cat-bandejas-latas-tarros-de-comida","10":"product_cat-alphacel-bandejas-precintables","11":"product_cat-bandejas-negras-precintables","13":"first","14":"instock","15":"taxable","16":"shipping-taxable","17":"purchasable","18":"product-type-simple"},"acf":[],"yoast_head":"<!-- This site is optimized with the Yoast SEO Premium plugin v26.6 (Yoast SEO v26.6) - https:\/\/yoast.com\/wordpress\/plugins\/seo\/ -->\n<title>Bandeja de pl\u00e1stico negra precintable 1000 ml por 100<\/title>\n<meta name=\"description\" content=\"Bandeja precintable de PP negro de 1000 ml, de -20\u00b0C a +120\u00b0C, ideal para platos calientes y fr\u00edos, tama\u00f1o 192 \u00d7 138 \u00d7 62 mm. Paquete de 100 unidades.\" \/>\n<meta name=\"robots\" content=\"index, follow, max-snippet:-1, max-image-preview:large, max-video-preview:-1\" \/>\n<link rel=\"canonical\" href=\"https:\/\/www.csj-emballages.com\/es\/produit\/bandeja-de-plastico-negro-precintable-de-1000-ml-paquete-de-100\/\" \/>\n<meta property=\"og:locale\" content=\"es_ES\" \/>\n<meta property=\"og:type\" content=\"article\" \/>\n<meta property=\"og:title\" content=\"Bandeja de pl\u00e1stico negro precintable de 1000 ml, paquete de 100\" \/>\n<meta property=\"og:description\" content=\"Bandeja precintable de PP negro de 1000 ml, de -20\u00b0C a +120\u00b0C, ideal para platos calientes y fr\u00edos, tama\u00f1o 192 \u00d7 138 \u00d7 62 mm. Paquete de 100 unidades.\" \/>\n<meta property=\"og:url\" content=\"https:\/\/www.csj-emballages.com\/es\/produit\/bandeja-de-plastico-negro-precintable-de-1000-ml-paquete-de-100\/\" \/>\n<meta property=\"og:site_name\" content=\"CSJ Emballages\" \/>\n<meta property=\"article:publisher\" content=\"https:\/\/www.facebook.com\/csjemballages\" \/>\n<meta property=\"article:modified_time\" content=\"2026-04-29T00:19:39+00:00\" \/>\n<meta property=\"og:image\" content=\"https:\/\/www.csj-emballages.com\/wp-content\/uploads\/2025\/09\/TS1000NSAL.webp\" \/>\n\t<meta property=\"og:image:width\" content=\"800\" \/>\n\t<meta property=\"og:image:height\" content=\"800\" \/>\n\t<meta property=\"og:image:type\" content=\"image\/webp\" \/>\n<meta name=\"twitter:card\" content=\"summary_large_image\" \/>\n<meta name=\"twitter:label1\" content=\"Tiempo de lectura\" \/>\n\t<meta name=\"twitter:data1\" content=\"2 minutos\" \/>\n<script type=\"application\/ld+json\" class=\"yoast-schema-graph\">{\"@context\":\"https:\/\/schema.org\",\"@graph\":[{\"@type\":\"WebPage\",\"@id\":\"https:\/\/www.csj-emballages.com\/es\/produit\/bandeja-de-plastico-negro-precintable-de-1000-ml-paquete-de-100\/\",\"url\":\"https:\/\/www.csj-emballages.com\/es\/produit\/bandeja-de-plastico-negro-precintable-de-1000-ml-paquete-de-100\/\",\"name\":\"Bandeja de pl\u00e1stico negra precintable 1000 ml por 100\",\"isPartOf\":{\"@id\":\"https:\/\/www.csj-emballages.com\/es\/#website\"},\"primaryImageOfPage\":{\"@id\":\"https:\/\/www.csj-emballages.com\/es\/produit\/bandeja-de-plastico-negro-precintable-de-1000-ml-paquete-de-100\/#primaryimage\"},\"image\":{\"@id\":\"https:\/\/www.csj-emballages.com\/es\/produit\/bandeja-de-plastico-negro-precintable-de-1000-ml-paquete-de-100\/#primaryimage\"},\"thumbnailUrl\":\"https:\/\/www.csj-emballages.com\/wp-content\/uploads\/2025\/09\/TS1000NSAL.webp\",\"datePublished\":\"2025-09-15T08:18:19+00:00\",\"dateModified\":\"2026-04-29T00:19:39+00:00\",\"description\":\"Bandeja precintable de PP negro de 1000 ml, de -20\u00b0C a +120\u00b0C, ideal para platos calientes y fr\u00edos, tama\u00f1o 192 \u00d7 138 \u00d7 62 mm. Paquete de 100 unidades.\",\"breadcrumb\":{\"@id\":\"https:\/\/www.csj-emballages.com\/es\/produit\/bandeja-de-plastico-negro-precintable-de-1000-ml-paquete-de-100\/#breadcrumb\"},\"inLanguage\":\"es\",\"potentialAction\":[{\"@type\":\"ReadAction\",\"target\":[\"https:\/\/www.csj-emballages.com\/es\/produit\/bandeja-de-plastico-negro-precintable-de-1000-ml-paquete-de-100\/\"]}]},{\"@type\":\"ImageObject\",\"inLanguage\":\"es\",\"@id\":\"https:\/\/www.csj-emballages.com\/es\/produit\/bandeja-de-plastico-negro-precintable-de-1000-ml-paquete-de-100\/#primaryimage\",\"url\":\"https:\/\/www.csj-emballages.com\/wp-content\/uploads\/2025\/09\/TS1000NSAL.webp\",\"contentUrl\":\"https:\/\/www.csj-emballages.com\/wp-content\/uploads\/2025\/09\/TS1000NSAL.webp\",\"width\":800,\"height\":800,\"caption\":\"Barquette scellable noire\"},{\"@type\":\"BreadcrumbList\",\"@id\":\"https:\/\/www.csj-emballages.com\/es\/produit\/bandeja-de-plastico-negro-precintable-de-1000-ml-paquete-de-100\/#breadcrumb\",\"itemListElement\":[{\"@type\":\"ListItem\",\"position\":1,\"name\":\"Accueil\",\"item\":\"https:\/\/www.csj-emballages.com\/es\/universo-del-envasado-alimentario\/\"},{\"@type\":\"ListItem\",\"position\":2,\"name\":\"Tienda\",\"item\":\"https:\/\/www.csj-emballages.com\/tienda\/\"},{\"@type\":\"ListItem\",\"position\":3,\"name\":\"Bandeja de pl\u00e1stico negro precintable de 1000 ml, paquete de 100\"}]},{\"@type\":\"WebSite\",\"@id\":\"https:\/\/www.csj-emballages.com\/es\/#website\",\"url\":\"https:\/\/www.csj-emballages.com\/es\/\",\"name\":\"CSJ Emballages\",\"description\":\"\",\"publisher\":{\"@id\":\"https:\/\/www.csj-emballages.com\/es\/#organization\"},\"potentialAction\":[{\"@type\":\"SearchAction\",\"target\":{\"@type\":\"EntryPoint\",\"urlTemplate\":\"https:\/\/www.csj-emballages.com\/es\/?s={search_term_string}\"},\"query-input\":{\"@type\":\"PropertyValueSpecification\",\"valueRequired\":true,\"valueName\":\"search_term_string\"}}],\"inLanguage\":\"es\"},{\"@type\":\"Organization\",\"@id\":\"https:\/\/www.csj-emballages.com\/es\/#Organization\/\",\"name\":\"CSJ Emballages\",\"url\":\"https:\/\/www.csj-emballages.com\/es\/\",\"logo\":{\"@type\":\"ImageObject\",\"inLanguage\":\"es\",\"@id\":\"https:\/\/www.csj-emballages.com\/es\/#\/schema\/logo\/image\/\",\"url\":\"https:\/\/www.csj-emballages.com\/wp-content\/uploads\/2023\/10\/logo_csj.webp\",\"contentUrl\":\"https:\/\/www.csj-emballages.com\/wp-content\/uploads\/2023\/10\/logo_csj.webp\",\"width\":250,\"height\":95,\"caption\":\"CSJ Emballages\"},\"image\":{\"@id\":\"https:\/\/www.csj-emballages.com\/es\/#\/schema\/logo\/image\/\"},\"sameAs\":[\"https:\/\/www.facebook.com\/csjemballages\"],\"address\":{\"@type\":\"PostalAddress\",\"streetAddress\":\"ZI La Lechere\",\"addressLocality\":\"Patornay\",\"postalCode\":\"39130\",\"addressCountry\":\"FR\"},\"contactPoint\":[{\"@type\":\"ContactPoint\",\"contactType\":\"Service client\",\"telephone\":\"0384254272\",\"email\":\"contact@csj-emballages.com\"}]}]}<\/script>\n<!-- \/ Yoast SEO Premium plugin. -->","yoast_head_json":{"title":"Bandeja de pl\u00e1stico negra precintable 1000 ml por 100","description":"Bandeja precintable de PP negro de 1000 ml, de -20\u00b0C a +120\u00b0C, ideal para platos calientes y fr\u00edos, tama\u00f1o 192 \u00d7 138 \u00d7 62 mm. Paquete de 100 unidades.","robots":{"index":"index","follow":"follow","max-snippet":"max-snippet:-1","max-image-preview":"max-image-preview:large","max-video-preview":"max-video-preview:-1"},"canonical":"https:\/\/www.csj-emballages.com\/es\/produit\/bandeja-de-plastico-negro-precintable-de-1000-ml-paquete-de-100\/","og_locale":"es_ES","og_type":"article","og_title":"Bandeja de pl\u00e1stico negro precintable de 1000 ml, paquete de 100","og_description":"Bandeja precintable de PP negro de 1000 ml, de -20\u00b0C a +120\u00b0C, ideal para platos calientes y fr\u00edos, tama\u00f1o 192 \u00d7 138 \u00d7 62 mm. Paquete de 100 unidades.","og_url":"https:\/\/www.csj-emballages.com\/es\/produit\/bandeja-de-plastico-negro-precintable-de-1000-ml-paquete-de-100\/","og_site_name":"CSJ Emballages","article_publisher":"https:\/\/www.facebook.com\/csjemballages","article_modified_time":"2026-04-29T00:19:39+00:00","og_image":[{"width":800,"height":800,"url":"https:\/\/www.csj-emballages.com\/wp-content\/uploads\/2025\/09\/TS1000NSAL.webp","type":"image\/webp"}],"twitter_card":"summary_large_image","twitter_misc":{"Tiempo de lectura":"2 minutos"},"schema":{"@context":"https:\/\/schema.org","@graph":[{"@type":"WebPage","@id":"https:\/\/www.csj-emballages.com\/es\/produit\/bandeja-de-plastico-negro-precintable-de-1000-ml-paquete-de-100\/","url":"https:\/\/www.csj-emballages.com\/es\/produit\/bandeja-de-plastico-negro-precintable-de-1000-ml-paquete-de-100\/","name":"Bandeja de pl\u00e1stico negra precintable 1000 ml por 100","isPartOf":{"@id":"https:\/\/www.csj-emballages.com\/es\/#website"},"primaryImageOfPage":{"@id":"https:\/\/www.csj-emballages.com\/es\/produit\/bandeja-de-plastico-negro-precintable-de-1000-ml-paquete-de-100\/#primaryimage"},"image":{"@id":"https:\/\/www.csj-emballages.com\/es\/produit\/bandeja-de-plastico-negro-precintable-de-1000-ml-paquete-de-100\/#primaryimage"},"thumbnailUrl":"https:\/\/www.csj-emballages.com\/wp-content\/uploads\/2025\/09\/TS1000NSAL.webp","datePublished":"2025-09-15T08:18:19+00:00","dateModified":"2026-04-29T00:19:39+00:00","description":"Bandeja precintable de PP negro de 1000 ml, de -20\u00b0C a +120\u00b0C, ideal para platos calientes y fr\u00edos, tama\u00f1o 192 \u00d7 138 \u00d7 62 mm. Paquete de 100 unidades.","breadcrumb":{"@id":"https:\/\/www.csj-emballages.com\/es\/produit\/bandeja-de-plastico-negro-precintable-de-1000-ml-paquete-de-100\/#breadcrumb"},"inLanguage":"es","potentialAction":[{"@type":"ReadAction","target":["https:\/\/www.csj-emballages.com\/es\/produit\/bandeja-de-plastico-negro-precintable-de-1000-ml-paquete-de-100\/"]}]},{"@type":"ImageObject","inLanguage":"es","@id":"https:\/\/www.csj-emballages.com\/es\/produit\/bandeja-de-plastico-negro-precintable-de-1000-ml-paquete-de-100\/#primaryimage","url":"https:\/\/www.csj-emballages.com\/wp-content\/uploads\/2025\/09\/TS1000NSAL.webp","contentUrl":"https:\/\/www.csj-emballages.com\/wp-content\/uploads\/2025\/09\/TS1000NSAL.webp","width":800,"height":800,"caption":"Barquette scellable noire"},{"@type":"BreadcrumbList","@id":"https:\/\/www.csj-emballages.com\/es\/produit\/bandeja-de-plastico-negro-precintable-de-1000-ml-paquete-de-100\/#breadcrumb","itemListElement":[{"@type":"ListItem","position":1,"name":"Accueil","item":"https:\/\/www.csj-emballages.com\/es\/universo-del-envasado-alimentario\/"},{"@type":"ListItem","position":2,"name":"Tienda","item":"https:\/\/www.csj-emballages.com\/tienda\/"},{"@type":"ListItem","position":3,"name":"Bandeja de pl\u00e1stico negro precintable de 1000 ml, paquete de 100"}]},{"@type":"WebSite","@id":"https:\/\/www.csj-emballages.com\/es\/#website","url":"https:\/\/www.csj-emballages.com\/es\/","name":"CSJ Emballages","description":"","publisher":{"@id":"https:\/\/www.csj-emballages.com\/es\/#organization"},"potentialAction":[{"@type":"SearchAction","target":{"@type":"EntryPoint","urlTemplate":"https:\/\/www.csj-emballages.com\/es\/?s={search_term_string}"},"query-input":{"@type":"PropertyValueSpecification","valueRequired":true,"valueName":"search_term_string"}}],"inLanguage":"es"},{"@type":"Organization","@id":"https:\/\/www.csj-emballages.com\/es\/#Organization\/","name":"CSJ Emballages","url":"https:\/\/www.csj-emballages.com\/es\/","logo":{"@type":"ImageObject","inLanguage":"es","@id":"https:\/\/www.csj-emballages.com\/es\/#\/schema\/logo\/image\/","url":"https:\/\/www.csj-emballages.com\/wp-content\/uploads\/2023\/10\/logo_csj.webp","contentUrl":"https:\/\/www.csj-emballages.com\/wp-content\/uploads\/2023\/10\/logo_csj.webp","width":250,"height":95,"caption":"CSJ Emballages"},"image":{"@id":"https:\/\/www.csj-emballages.com\/es\/#\/schema\/logo\/image\/"},"sameAs":["https:\/\/www.facebook.com\/csjemballages"],"address":{"@type":"PostalAddress","streetAddress":"ZI La Lechere","addressLocality":"Patornay","postalCode":"39130","addressCountry":"FR"},"contactPoint":[{"@type":"ContactPoint","contactType":"Service client","telephone":"0384254272","email":"contact@csj-emballages.com"}]}]}},"df_price":8.7,"df_sale_price":"","df_regular_price":8.7,"df_image_link":"https:\/\/www.csj-emballages.com\/wp-content\/uploads\/2025\/09\/TS1000NSAL-300x300.webp","tiered_pricing_type":"fixed","tiered_pricing_fixed_rules":[],"tiered_pricing_percentage_rules":[],"tiered_pricing_minimum":1,"tiered_pricing_roles_data":[],"_links":{"self":[{"href":"https:\/\/www.csj-emballages.com\/es\/wp-json\/wp\/v2\/product\/246878","targetHints":{"allow":["GET"]}}],"collection":[{"href":"https:\/\/www.csj-emballages.com\/es\/wp-json\/wp\/v2\/product"}],"about":[{"href":"https:\/\/www.csj-emballages.com\/es\/wp-json\/wp\/v2\/types\/product"}],"wp:featuredmedia":[{"embeddable":true,"href":"https:\/\/www.csj-emballages.com\/es\/wp-json\/wp\/v2\/media\/246876"}],"wp:attachment":[{"href":"https:\/\/www.csj-emballages.com\/es\/wp-json\/wp\/v2\/media?parent=246878"}],"wp:term":[{"taxonomy":"product_brand","embeddable":true,"href":"https:\/\/www.csj-emballages.com\/es\/wp-json\/wp\/v2\/product_brand?post=246878"},{"taxonomy":"product_cat","embeddable":true,"href":"https:\/\/www.csj-emballages.com\/es\/wp-json\/wp\/v2\/product_cat?post=246878"},{"taxonomy":"product_tag","embeddable":true,"href":"https:\/\/www.csj-emballages.com\/es\/wp-json\/wp\/v2\/product_tag?post=246878"}],"curies":[{"name":"wp","href":"https:\/\/api.w.org\/{rel}","templated":true}]}}