{"id":246777,"date":"2025-09-17T14:18:43","date_gmt":"2025-09-17T12:18:43","guid":{"rendered":"https:\/\/www.csj-emballages.com\/produit\/caja-de-carton-kraft-para-golosinas-70-x-55-x-150-mm-paquete-de-20\/"},"modified":"2026-04-03T02:11:45","modified_gmt":"2026-04-03T00:11:45","slug":"caja-de-carton-kraft-para-golosinas-70-x-55-x-150-mm-paquete-de-20","status":"publish","type":"product","link":"https:\/\/www.csj-emballages.com\/es\/produit\/caja-de-carton-kraft-para-golosinas-70-x-55-x-150-mm-paquete-de-20\/","title":{"rendered":"Caja de cart\u00f3n kraft para golosinas 70 x 55 x 150 mm, paquete de 10"},"content":{"rendered":"<h2 class=\"p1\">Caja de cart\u00f3n para golosinas<\/h2>\n<hr>\n<h3>Descripci\u00f3n de nuestra caja de cart\u00f3n kraft bolsas de confiter\u00eda 70 x 55 x 150 mm, paquete de 20<\/h3>\n<p><!--more--><\/p>\n<p data-start=\"160\" data-end=\"618\">Presente sus golosinas con elegancia gracias a nuestra <strong data-start=\"211\" data-end=\"255\">caja de cart\u00f3n kraft para bolsitas de<\/strong> golosinas, \u00a1imprescindible para realzar sus creaciones dulces! Fabricada en <strong data-start=\"327\" data-end=\"361\">cart\u00f3n kraft natural r\u00edgido<\/strong>, esta <strong>caja<\/strong> es ideal para <strong data-start=\"391\" data-end=\"481\">contener sus bolsas de caramelos, bombones, galletas u otros productos de confiter\u00eda<\/strong>. Gracias a su <strong data-start=\"495\" data-end=\"523\">sistema de automontaje<\/strong>, se monta en un santiam\u00e9n, sin cola ni grapas, para un acabado limpio y profesional.  <\/p>\n<p data-start=\"620\" data-end=\"999\">Pr\u00e1ctica y atractiva, esta <strong data-start=\"650\" data-end=\"669\">tira de cart\u00f3n<\/strong> ofrece un excelente soporte a la vez que realza sus productos. Su dise\u00f1o <strong data-start=\"749\" data-end=\"768\">eco-responsable<\/strong> refleja a la perfecci\u00f3n las tendencias actuales en <strong data-start=\"817\" data-end=\"838\">envases sostenibles<\/strong>: sencillo, natural y respetuoso con el medio ambiente. Su color kraft aporta un toque c\u00e1lido y tradicional que conquistar\u00e1 a sus clientes a primera vista.  <\/p>\n<p data-start=\"1001\" data-end=\"1351\"><strong data-start=\"1010\" data-end=\"1044\">Con unas medidas de 70 x 55 x 150 mm<\/strong>, esta caja es perfecta para peque\u00f1as bolsas de golosinas. Ya sea para una tienda, un mercado o un evento, garantiza una <g id=\"gid_1\">presentaci\u00f3n ordenada y estable<\/g> de sus delicias. Adem\u00e1s, su tama\u00f1o compacto facilita su <strong data-start=\"1285\" data-end=\"1313\">transporte y almacenamiento<\/strong>, al tiempo que optimiza la exposici\u00f3n en los estantes.  <\/p>\n<p data-start=\"1353\" data-end=\"1656\">Al elegir este modelo, usted combina <strong data-start=\"1391\" data-end=\"1430\">est\u00e9tica, practicidad y durabilidad<\/strong>. Es un envase que realza sus productos y su imagen de marca, al tiempo que cumple los requisitos ecol\u00f3gicos actuales.<br data-start=\"1551\" data-end=\"1554\">En resumen, \u00a1una soluci\u00f3n <strong data-start=\"1573\" data-end=\"1608\">sencilla, eficaz y responsable<\/strong> para todos los profesionales de la confiter\u00eda! <\/p>\n<p data-start=\"1378\" data-end=\"1605\"><!--more--><\/p>\n<h4 data-start=\"1378\" data-end=\"1605\">Ventajas :<\/h4>\n<ul>\n<li><strong data-start=\"1697\" data-end=\"1717\">Automontaje<\/strong>: montaje r\u00e1pido y sin herramientas.<\/li>\n<li><strong data-start=\"1754\" data-end=\"1778\">Cart\u00f3n kraft natural<\/strong>: un material respetuoso con el medio ambiente que aporta valor a\u00f1adido.<\/li>\n<li><strong data-start=\"1820\" data-end=\"1840\">Contiene perfectamente<\/strong> bolsas de caramelos y galletas.<\/li>\n<li><strong data-start=\"1881\" data-end=\"1912\">Aspecto elegante y artesanal<\/strong> para una presentaci\u00f3n elegante.<\/li>\n<li>Se <strong data-start=\"1948\" data-end=\"1971\">venden en paquetes de 20<\/strong> unidades, ideales para uso profesional.<\/li>\n<\/ul>\n<p>&nbsp;<\/p>\n<p><!--more--><\/p>\n<h4>Informaci\u00f3n adicional :<\/h4>\n<ul>\n<li><strong>Envase<\/strong>: Paquete de 20<\/li>\n<li><strong>Dimensiones<\/strong>: 70 x 55 x 150 mm<\/li>\n<li><strong>Material<\/strong>: Cart\u00f3n<\/li>\n<li><strong>Color<\/strong>: Kraft<\/li>\n<\/ul>\n<p>&nbsp;<\/p>\n<p><!--more--><\/p>\n<p>Esta caja para bolsas de cart\u00f3n de confiter\u00eda est\u00e1 disponible en diferentes tama\u00f1os: <span style=\"color: #d12727\"><br \/>\n  <a style=\"color: #d12727\" href=\"https:\/\/www.csj-emballages.com\/de\/produit\/schachtel-mit-suesswarenbeuteln-aus-kraftkarton-110-x-65-x-200-mm-pro-20-stueck\/\">110 x 65 x 200 mm<\/a><br \/>\n<\/span> \/ <span style=\"color: #d12727\"><br \/>\n  <a style=\"color: #d12727\" href=\"https:\/\/www.csj-emballages.com\/es\/produit\/caja-de-carton-kraft-para-golosinas-130-x-75-x-230-mm-20-unidades\/\">130 x 75 x 230 mm<\/a><br \/>\n<\/span><\/p>\n<p>&nbsp;<\/p>\n<p><!--more--><\/p>\n<p><a href=\"https:\/\/www.csj-emballages.com\/es\/categorie-produit\/envasado-de-alimentos\/panaderia-y-pasteleria\/cajas-y-estuches\/cajas-para-bolsas-de-confiteria\/\">Ver el resto de nuestra gama de cajas bolsa para golosinas<\/a><\/p>\n","protected":false},"excerpt":{"rendered":"<p>Caja de cart\u00f3n para golosinas Descripci\u00f3n de nuestra caja de cart\u00f3n kraft bolsas de confiter\u00eda 70 x 55 x 150 mm, paquete de 20<\/p>\n","protected":false},"featured_media":246772,"template":"","meta":{"_acf_changed":false},"product_brand":[],"product_cat":[1150,1145,3868,9829],"product_tag":[],"class_list":{"0":"post-246777","1":"product","2":"type-product","3":"status-publish","4":"has-post-thumbnail","6":"product_cat-envasado-de-alimentos","7":"product_cat-panaderia-y-pasteleria","8":"product_cat-cajas-y-estuches","9":"product_cat-cajas-para-bolsas-de-confiteria","11":"first","12":"instock","13":"taxable","14":"shipping-taxable","15":"purchasable","16":"product-type-simple"},"acf":[],"yoast_head":"<!-- This site is optimized with the Yoast SEO Premium plugin v26.6 (Yoast SEO v26.6) - https:\/\/yoast.com\/wordpress\/plugins\/seo\/ -->\n<title>Cajas Bolsas para golosinas Cart\u00f3n Kraft 70 x 55 x 150 mm, 20 por caja<\/title>\n<meta name=\"description\" content=\"Caja de confiter\u00eda de cart\u00f3n kraft automontable, ideal para dulces, chocolates y galletas. Natural, pr\u00e1ctica y ecol\u00f3gica.\" \/>\n<meta name=\"robots\" content=\"index, follow, max-snippet:-1, max-image-preview:large, max-video-preview:-1\" \/>\n<link rel=\"canonical\" href=\"https:\/\/www.csj-emballages.com\/es\/produit\/caja-de-carton-kraft-para-golosinas-70-x-55-x-150-mm-paquete-de-20\/\" \/>\n<meta property=\"og:locale\" content=\"es_ES\" \/>\n<meta property=\"og:type\" content=\"article\" \/>\n<meta property=\"og:title\" content=\"Caja de cart\u00f3n kraft para golosinas 70 x 55 x 150 mm, paquete de 10\" \/>\n<meta property=\"og:description\" content=\"Caja de confiter\u00eda de cart\u00f3n kraft automontable, ideal para dulces, chocolates y galletas. Natural, pr\u00e1ctica y ecol\u00f3gica.\" \/>\n<meta property=\"og:url\" content=\"https:\/\/www.csj-emballages.com\/es\/produit\/caja-de-carton-kraft-para-golosinas-70-x-55-x-150-mm-paquete-de-20\/\" \/>\n<meta property=\"og:site_name\" content=\"CSJ Emballages\" \/>\n<meta property=\"article:publisher\" content=\"https:\/\/www.facebook.com\/csjemballages\" \/>\n<meta property=\"article:modified_time\" content=\"2026-04-03T00:11:45+00:00\" \/>\n<meta property=\"og:image\" content=\"https:\/\/www.csj-emballages.com\/wp-content\/uploads\/2025\/09\/137211.webp\" \/>\n\t<meta property=\"og:image:width\" content=\"800\" \/>\n\t<meta property=\"og:image:height\" content=\"800\" \/>\n\t<meta property=\"og:image:type\" content=\"image\/webp\" \/>\n<meta name=\"twitter:card\" content=\"summary_large_image\" \/>\n<meta name=\"twitter:label1\" content=\"Tiempo de lectura\" \/>\n\t<meta name=\"twitter:data1\" content=\"2 minutos\" \/>\n<script type=\"application\/ld+json\" class=\"yoast-schema-graph\">{\"@context\":\"https:\/\/schema.org\",\"@graph\":[{\"@type\":\"WebPage\",\"@id\":\"https:\/\/www.csj-emballages.com\/es\/produit\/caja-de-carton-kraft-para-golosinas-70-x-55-x-150-mm-paquete-de-20\/\",\"url\":\"https:\/\/www.csj-emballages.com\/es\/produit\/caja-de-carton-kraft-para-golosinas-70-x-55-x-150-mm-paquete-de-20\/\",\"name\":\"Cajas Bolsas para golosinas Cart\u00f3n Kraft 70 x 55 x 150 mm, 20 por caja\",\"isPartOf\":{\"@id\":\"https:\/\/www.csj-emballages.com\/es\/#website\"},\"primaryImageOfPage\":{\"@id\":\"https:\/\/www.csj-emballages.com\/es\/produit\/caja-de-carton-kraft-para-golosinas-70-x-55-x-150-mm-paquete-de-20\/#primaryimage\"},\"image\":{\"@id\":\"https:\/\/www.csj-emballages.com\/es\/produit\/caja-de-carton-kraft-para-golosinas-70-x-55-x-150-mm-paquete-de-20\/#primaryimage\"},\"thumbnailUrl\":\"https:\/\/www.csj-emballages.com\/wp-content\/uploads\/2025\/09\/137211.webp\",\"datePublished\":\"2025-09-17T12:18:43+00:00\",\"dateModified\":\"2026-04-03T00:11:45+00:00\",\"description\":\"Caja de confiter\u00eda de cart\u00f3n kraft automontable, ideal para dulces, chocolates y galletas. Natural, pr\u00e1ctica y ecol\u00f3gica.\",\"breadcrumb\":{\"@id\":\"https:\/\/www.csj-emballages.com\/es\/produit\/caja-de-carton-kraft-para-golosinas-70-x-55-x-150-mm-paquete-de-20\/#breadcrumb\"},\"inLanguage\":\"es\",\"potentialAction\":[{\"@type\":\"ReadAction\",\"target\":[\"https:\/\/www.csj-emballages.com\/es\/produit\/caja-de-carton-kraft-para-golosinas-70-x-55-x-150-mm-paquete-de-20\/\"]}]},{\"@type\":\"ImageObject\",\"inLanguage\":\"es\",\"@id\":\"https:\/\/www.csj-emballages.com\/es\/produit\/caja-de-carton-kraft-para-golosinas-70-x-55-x-150-mm-paquete-de-20\/#primaryimage\",\"url\":\"https:\/\/www.csj-emballages.com\/wp-content\/uploads\/2025\/09\/137211.webp\",\"contentUrl\":\"https:\/\/www.csj-emballages.com\/wp-content\/uploads\/2025\/09\/137211.webp\",\"width\":800,\"height\":800},{\"@type\":\"BreadcrumbList\",\"@id\":\"https:\/\/www.csj-emballages.com\/es\/produit\/caja-de-carton-kraft-para-golosinas-70-x-55-x-150-mm-paquete-de-20\/#breadcrumb\",\"itemListElement\":[{\"@type\":\"ListItem\",\"position\":1,\"name\":\"Accueil\",\"item\":\"https:\/\/www.csj-emballages.com\/es\/universo-del-envasado-alimentario\/\"},{\"@type\":\"ListItem\",\"position\":2,\"name\":\"Tienda\",\"item\":\"https:\/\/www.csj-emballages.com\/tienda\/\"},{\"@type\":\"ListItem\",\"position\":3,\"name\":\"Caja de cart\u00f3n kraft para golosinas 70 x 55 x 150 mm, paquete de 10\"}]},{\"@type\":\"WebSite\",\"@id\":\"https:\/\/www.csj-emballages.com\/es\/#website\",\"url\":\"https:\/\/www.csj-emballages.com\/es\/\",\"name\":\"CSJ Emballages\",\"description\":\"\",\"publisher\":{\"@id\":\"https:\/\/www.csj-emballages.com\/es\/#organization\"},\"potentialAction\":[{\"@type\":\"SearchAction\",\"target\":{\"@type\":\"EntryPoint\",\"urlTemplate\":\"https:\/\/www.csj-emballages.com\/es\/?s={search_term_string}\"},\"query-input\":{\"@type\":\"PropertyValueSpecification\",\"valueRequired\":true,\"valueName\":\"search_term_string\"}}],\"inLanguage\":\"es\"},{\"@type\":\"Organization\",\"@id\":\"https:\/\/www.csj-emballages.com\/es\/#Organization\/\",\"name\":\"CSJ Emballages\",\"url\":\"https:\/\/www.csj-emballages.com\/es\/\",\"logo\":{\"@type\":\"ImageObject\",\"inLanguage\":\"es\",\"@id\":\"https:\/\/www.csj-emballages.com\/es\/#\/schema\/logo\/image\/\",\"url\":\"https:\/\/www.csj-emballages.com\/wp-content\/uploads\/2023\/10\/logo_csj.webp\",\"contentUrl\":\"https:\/\/www.csj-emballages.com\/wp-content\/uploads\/2023\/10\/logo_csj.webp\",\"width\":250,\"height\":95,\"caption\":\"CSJ Emballages\"},\"image\":{\"@id\":\"https:\/\/www.csj-emballages.com\/es\/#\/schema\/logo\/image\/\"},\"sameAs\":[\"https:\/\/www.facebook.com\/csjemballages\"],\"address\":{\"@type\":\"PostalAddress\",\"streetAddress\":\"ZI La Lechere\",\"addressLocality\":\"Patornay\",\"postalCode\":\"39130\",\"addressCountry\":\"FR\"},\"contactPoint\":[{\"@type\":\"ContactPoint\",\"contactType\":\"Service client\",\"telephone\":\"0384254272\",\"email\":\"contact@csj-emballages.com\"}]}]}<\/script>\n<!-- \/ Yoast SEO Premium plugin. -->","yoast_head_json":{"title":"Cajas Bolsas para golosinas Cart\u00f3n Kraft 70 x 55 x 150 mm, 20 por caja","description":"Caja de confiter\u00eda de cart\u00f3n kraft automontable, ideal para dulces, chocolates y galletas. Natural, pr\u00e1ctica y ecol\u00f3gica.","robots":{"index":"index","follow":"follow","max-snippet":"max-snippet:-1","max-image-preview":"max-image-preview:large","max-video-preview":"max-video-preview:-1"},"canonical":"https:\/\/www.csj-emballages.com\/es\/produit\/caja-de-carton-kraft-para-golosinas-70-x-55-x-150-mm-paquete-de-20\/","og_locale":"es_ES","og_type":"article","og_title":"Caja de cart\u00f3n kraft para golosinas 70 x 55 x 150 mm, paquete de 10","og_description":"Caja de confiter\u00eda de cart\u00f3n kraft automontable, ideal para dulces, chocolates y galletas. Natural, pr\u00e1ctica y ecol\u00f3gica.","og_url":"https:\/\/www.csj-emballages.com\/es\/produit\/caja-de-carton-kraft-para-golosinas-70-x-55-x-150-mm-paquete-de-20\/","og_site_name":"CSJ Emballages","article_publisher":"https:\/\/www.facebook.com\/csjemballages","article_modified_time":"2026-04-03T00:11:45+00:00","og_image":[{"width":800,"height":800,"url":"https:\/\/www.csj-emballages.com\/wp-content\/uploads\/2025\/09\/137211.webp","type":"image\/webp"}],"twitter_card":"summary_large_image","twitter_misc":{"Tiempo de lectura":"2 minutos"},"schema":{"@context":"https:\/\/schema.org","@graph":[{"@type":"WebPage","@id":"https:\/\/www.csj-emballages.com\/es\/produit\/caja-de-carton-kraft-para-golosinas-70-x-55-x-150-mm-paquete-de-20\/","url":"https:\/\/www.csj-emballages.com\/es\/produit\/caja-de-carton-kraft-para-golosinas-70-x-55-x-150-mm-paquete-de-20\/","name":"Cajas Bolsas para golosinas Cart\u00f3n Kraft 70 x 55 x 150 mm, 20 por caja","isPartOf":{"@id":"https:\/\/www.csj-emballages.com\/es\/#website"},"primaryImageOfPage":{"@id":"https:\/\/www.csj-emballages.com\/es\/produit\/caja-de-carton-kraft-para-golosinas-70-x-55-x-150-mm-paquete-de-20\/#primaryimage"},"image":{"@id":"https:\/\/www.csj-emballages.com\/es\/produit\/caja-de-carton-kraft-para-golosinas-70-x-55-x-150-mm-paquete-de-20\/#primaryimage"},"thumbnailUrl":"https:\/\/www.csj-emballages.com\/wp-content\/uploads\/2025\/09\/137211.webp","datePublished":"2025-09-17T12:18:43+00:00","dateModified":"2026-04-03T00:11:45+00:00","description":"Caja de confiter\u00eda de cart\u00f3n kraft automontable, ideal para dulces, chocolates y galletas. Natural, pr\u00e1ctica y ecol\u00f3gica.","breadcrumb":{"@id":"https:\/\/www.csj-emballages.com\/es\/produit\/caja-de-carton-kraft-para-golosinas-70-x-55-x-150-mm-paquete-de-20\/#breadcrumb"},"inLanguage":"es","potentialAction":[{"@type":"ReadAction","target":["https:\/\/www.csj-emballages.com\/es\/produit\/caja-de-carton-kraft-para-golosinas-70-x-55-x-150-mm-paquete-de-20\/"]}]},{"@type":"ImageObject","inLanguage":"es","@id":"https:\/\/www.csj-emballages.com\/es\/produit\/caja-de-carton-kraft-para-golosinas-70-x-55-x-150-mm-paquete-de-20\/#primaryimage","url":"https:\/\/www.csj-emballages.com\/wp-content\/uploads\/2025\/09\/137211.webp","contentUrl":"https:\/\/www.csj-emballages.com\/wp-content\/uploads\/2025\/09\/137211.webp","width":800,"height":800},{"@type":"BreadcrumbList","@id":"https:\/\/www.csj-emballages.com\/es\/produit\/caja-de-carton-kraft-para-golosinas-70-x-55-x-150-mm-paquete-de-20\/#breadcrumb","itemListElement":[{"@type":"ListItem","position":1,"name":"Accueil","item":"https:\/\/www.csj-emballages.com\/es\/universo-del-envasado-alimentario\/"},{"@type":"ListItem","position":2,"name":"Tienda","item":"https:\/\/www.csj-emballages.com\/tienda\/"},{"@type":"ListItem","position":3,"name":"Caja de cart\u00f3n kraft para golosinas 70 x 55 x 150 mm, paquete de 10"}]},{"@type":"WebSite","@id":"https:\/\/www.csj-emballages.com\/es\/#website","url":"https:\/\/www.csj-emballages.com\/es\/","name":"CSJ Emballages","description":"","publisher":{"@id":"https:\/\/www.csj-emballages.com\/es\/#organization"},"potentialAction":[{"@type":"SearchAction","target":{"@type":"EntryPoint","urlTemplate":"https:\/\/www.csj-emballages.com\/es\/?s={search_term_string}"},"query-input":{"@type":"PropertyValueSpecification","valueRequired":true,"valueName":"search_term_string"}}],"inLanguage":"es"},{"@type":"Organization","@id":"https:\/\/www.csj-emballages.com\/es\/#Organization\/","name":"CSJ Emballages","url":"https:\/\/www.csj-emballages.com\/es\/","logo":{"@type":"ImageObject","inLanguage":"es","@id":"https:\/\/www.csj-emballages.com\/es\/#\/schema\/logo\/image\/","url":"https:\/\/www.csj-emballages.com\/wp-content\/uploads\/2023\/10\/logo_csj.webp","contentUrl":"https:\/\/www.csj-emballages.com\/wp-content\/uploads\/2023\/10\/logo_csj.webp","width":250,"height":95,"caption":"CSJ Emballages"},"image":{"@id":"https:\/\/www.csj-emballages.com\/es\/#\/schema\/logo\/image\/"},"sameAs":["https:\/\/www.facebook.com\/csjemballages"],"address":{"@type":"PostalAddress","streetAddress":"ZI La Lechere","addressLocality":"Patornay","postalCode":"39130","addressCountry":"FR"},"contactPoint":[{"@type":"ContactPoint","contactType":"Service client","telephone":"0384254272","email":"contact@csj-emballages.com"}]}]}},"df_price":3.26,"df_sale_price":"","df_regular_price":3.26,"df_image_link":"https:\/\/www.csj-emballages.com\/wp-content\/uploads\/2025\/09\/137211-300x300.webp","tiered_pricing_type":"fixed","tiered_pricing_fixed_rules":[],"tiered_pricing_percentage_rules":[],"tiered_pricing_minimum":1,"tiered_pricing_roles_data":[],"_links":{"self":[{"href":"https:\/\/www.csj-emballages.com\/es\/wp-json\/wp\/v2\/product\/246777","targetHints":{"allow":["GET"]}}],"collection":[{"href":"https:\/\/www.csj-emballages.com\/es\/wp-json\/wp\/v2\/product"}],"about":[{"href":"https:\/\/www.csj-emballages.com\/es\/wp-json\/wp\/v2\/types\/product"}],"wp:featuredmedia":[{"embeddable":true,"href":"https:\/\/www.csj-emballages.com\/es\/wp-json\/wp\/v2\/media\/246772"}],"wp:attachment":[{"href":"https:\/\/www.csj-emballages.com\/es\/wp-json\/wp\/v2\/media?parent=246777"}],"wp:term":[{"taxonomy":"product_brand","embeddable":true,"href":"https:\/\/www.csj-emballages.com\/es\/wp-json\/wp\/v2\/product_brand?post=246777"},{"taxonomy":"product_cat","embeddable":true,"href":"https:\/\/www.csj-emballages.com\/es\/wp-json\/wp\/v2\/product_cat?post=246777"},{"taxonomy":"product_tag","embeddable":true,"href":"https:\/\/www.csj-emballages.com\/es\/wp-json\/wp\/v2\/product_tag?post=246777"}],"curies":[{"name":"wp","href":"https:\/\/api.w.org\/{rel}","templated":true}]}}