{"id":246682,"date":"2025-09-17T14:18:33","date_gmt":"2025-09-17T12:18:33","guid":{"rendered":"https:\/\/www.csj-emballages.com\/produit\/caja-de-carton-marfil-para-golosinas-130-x-75-x-230-mm-20-unidades\/"},"modified":"2026-04-03T02:11:11","modified_gmt":"2026-04-03T00:11:11","slug":"caja-de-carton-marfil-para-golosinas-130-x-75-x-230-mm-20-unidades","status":"publish","type":"product","link":"https:\/\/www.csj-emballages.com\/es\/produit\/caja-de-carton-marfil-para-golosinas-130-x-75-x-230-mm-20-unidades\/","title":{"rendered":"Caja de cart\u00f3n marfil para golosinas 130 x 75 x 230 mm, 10 por caja"},"content":{"rendered":"<h2>Caja de dulces<\/h2>\n<hr>\n<h3>Descripci\u00f3n de nuestra caja de cart\u00f3n marfil para golosinas 130 x 75 x 230 mm, 20 unidades<\/h3>\n<p><!--more--><\/p>\n<p data-start=\"166\" data-end=\"681\">D\u00e9 a sus dulces el marco perfecto con nuestra <strong data-start=\"241\" data-end=\"279\">caja de cart\u00f3n marfil para bolsitas de gol<\/strong> osinas. Elegante, pr\u00e1ctica y resistente, esta <strong>caja<\/strong> ha sido especialmente dise\u00f1ada para realzar sus <strong>bolsas de<\/strong> <strong data-start=\"372\" data-end=\"383\">caramelos<\/strong>, <strong data-start=\"385\" data-end=\"398\">bombones<\/strong>, <strong data-start=\"400\" data-end=\"416\">galletas<\/strong> y otras golosinas. Gracias a su <strong data-start=\"455\" data-end=\"491\">tama\u00f1o ideal de 130 x 75 x 230 mm<\/strong>, se adapta perfectamente a las necesidades de <strong data-start=\"536\" data-end=\"550\">pasteleros<\/strong>, <strong data-start=\"552\" data-end=\"566\">confiteros<\/strong>, <strong data-start=\"568\" data-end=\"596\">galleteros tradicionales<\/strong> o incluso <strong data-start=\"609\" data-end=\"634\">minoristas<\/strong> que buscan una presentaci\u00f3n refinada. <\/p>\n<p data-start=\"683\" data-end=\"1007\">Fabricada a partir de una <strong data-start=\"708\" data-end=\"734\">sola tira de cart\u00f3n<\/strong>, garantiza <strong data-start=\"754\" data-end=\"777\">una excelente rigidez<\/strong> sin dejar de ser <strong data-start=\"794\" data-end=\"818\">ligera y respetuosa con el medio ambiente<\/strong>. Su <g id=\"gid_3\">montaje autom\u00e1tico<\/g> <g id=\"gid_4\">ahorra un tiempo considerable<\/g>: en un solo gesto, la <g id=\"gid_5\">caja de confiter\u00eda<\/g> toma forma y est\u00e1 lista para albergar sus creaciones. \u00a1Se acabaron los pliegues complicados!  <\/p>\n<p data-start=\"1009\" data-end=\"1376\">Su sobrio y elegante <strong data-start=\"1013\" data-end=\"1031\">color marfil<\/strong> aporta un <strong data-start=\"1060\" data-end=\"1097\">toque suave y moderno<\/strong> a sus presentaciones. Se adapta tanto a ambientes tradicionales como contempor\u00e1neos. Ya sea para fiestas, bodas, mercados gourmet o simplemente para la venta diaria, esta <strong data-start=\"1303\" data-end=\"1333\">caja de cart\u00f3n para dulces<\/strong> es una <strong data-start=\"1341\" data-end=\"1373\">elecci\u00f3n est\u00e9tica y pr\u00e1ctica<\/strong>.  <\/p>\n<p data-start=\"1378\" data-end=\"1605\">Adem\u00e1s, es <strong data-start=\"1397\" data-end=\"1411\">reciclable<\/strong>, respetuoso con el medio ambiente y forma parte de un enfoque ecorresponsable muy apreciado por los clientes de hoy en d\u00eda. En resumen, un envase que combina <strong data-start=\"1563\" data-end=\"1601\">eficacia, elegancia y durabilidad<\/strong>. <\/p>\n<p data-start=\"1378\" data-end=\"1605\"><!--more--><\/p>\n<h4 data-start=\"1378\" data-end=\"1605\">Ventajas :<\/h4>\n<ul>\n<li><strong data-start=\"1648\" data-end=\"1671\">Montaje autom\u00e1tico<\/strong> r\u00e1pido y sencillo.<\/li>\n<li><strong data-start=\"1693\" data-end=\"1710\">Cart\u00f3n r\u00edgido<\/strong> para una buena sujeci\u00f3n.<\/li>\n<li><strong data-start=\"1740\" data-end=\"1766\">Elegante color marfil<\/strong> para una presentaci\u00f3n impecable.<\/li>\n<li><strong data-start=\"1801\" data-end=\"1816\">Vers\u00e1til<\/strong>: dulces, chocolates, galletas, productos de confiter\u00eda diversos.<\/li>\n<li><strong data-start=\"1877\" data-end=\"1912\">Respetuosa con el medio ambiente<\/strong>: esta caja para golosinas es reciclable y duradera.<\/li>\n<\/ul>\n<p>&nbsp;<\/p>\n<p><!--more--><\/p>\n<h4>Informaci\u00f3n adicional :<\/h4>\n<ul>\n<li><strong>Envase<\/strong>: Paquete de 20<\/li>\n<li><strong>Dimensiones<\/strong>: 130 x 75 x 230 mm<\/li>\n<li><strong>Material<\/strong>: Cart\u00f3n<\/li>\n<li><strong>Color<\/strong>: marfil<\/li>\n<\/ul>\n<p>&nbsp;<\/p>\n<p><!--more--><\/p>\n<p>Esta caja de bombones est\u00e1 disponible en un tama\u00f1o m\u00e1s peque\u00f1o: <span style=\"color: #d12727\"><br \/>\n  <a style=\"color: #d12727\" href=\"https:\/\/www.csj-emballages.com\/es\/produit\/caja-de-carton-marfil-para-golosinas-110-x-65-x-200-mm-20-unidades\/\">115231<\/a><br \/>\n<\/span><\/p>\n<p>&nbsp;<\/p>\n<p><!--more--><\/p>\n<p><a href=\"https:\/\/www.csj-emballages.com\/es\/categorie-produit\/envasado-de-alimentos\/panaderia-y-pasteleria\/cajas-y-estuches\/cajas-para-bolsas-de-confiteria\/\">Ver el resto de nuestra gama de cajas bolsa para golosinas<\/a><\/p>\n","protected":false},"excerpt":{"rendered":"<p>Caja de dulces Descripci\u00f3n de nuestra caja de cart\u00f3n marfil para golosinas 130 x 75 x 230 mm, 20 unidades<\/p>\n","protected":false},"featured_media":246677,"template":"","meta":{"_acf_changed":false},"product_brand":[],"product_cat":[1150,1145,3868,9829],"product_tag":[],"class_list":{"0":"post-246682","1":"product","2":"type-product","3":"status-publish","4":"has-post-thumbnail","6":"product_cat-envasado-de-alimentos","7":"product_cat-panaderia-y-pasteleria","8":"product_cat-cajas-y-estuches","9":"product_cat-cajas-para-bolsas-de-confiteria","11":"first","12":"instock","13":"taxable","14":"shipping-taxable","15":"purchasable","16":"product-type-simple"},"acf":[],"yoast_head":"<!-- This site is optimized with the Yoast SEO Premium plugin v26.6 (Yoast SEO v26.6) - https:\/\/yoast.com\/wordpress\/plugins\/seo\/ -->\n<title>Caja para golosinas Marfil 130 x 75 x 230 mm por 20<\/title>\n<meta name=\"description\" content=\"Caja de confiter\u00eda de cart\u00f3n marfil de 130 x 75 x 230 mm, automontable, ideal para dulces, chocolates y pasteles secos. Elegante y reciclable.\" \/>\n<meta name=\"robots\" content=\"index, follow, max-snippet:-1, max-image-preview:large, max-video-preview:-1\" \/>\n<link rel=\"canonical\" href=\"https:\/\/www.csj-emballages.com\/es\/produit\/caja-de-carton-marfil-para-golosinas-130-x-75-x-230-mm-20-unidades\/\" \/>\n<meta property=\"og:locale\" content=\"es_ES\" \/>\n<meta property=\"og:type\" content=\"article\" \/>\n<meta property=\"og:title\" content=\"Caja de cart\u00f3n marfil para golosinas 130 x 75 x 230 mm, 10 por caja\" \/>\n<meta property=\"og:description\" content=\"Caja de confiter\u00eda de cart\u00f3n marfil de 130 x 75 x 230 mm, automontable, ideal para dulces, chocolates y pasteles secos. Elegante y reciclable.\" \/>\n<meta property=\"og:url\" content=\"https:\/\/www.csj-emballages.com\/es\/produit\/caja-de-carton-marfil-para-golosinas-130-x-75-x-230-mm-20-unidades\/\" \/>\n<meta property=\"og:site_name\" content=\"CSJ Emballages\" \/>\n<meta property=\"article:publisher\" content=\"https:\/\/www.facebook.com\/csjemballages\" \/>\n<meta property=\"article:modified_time\" content=\"2026-04-03T00:11:11+00:00\" \/>\n<meta property=\"og:image\" content=\"https:\/\/www.csj-emballages.com\/wp-content\/uploads\/2025\/09\/115232.webp\" \/>\n\t<meta property=\"og:image:width\" content=\"800\" \/>\n\t<meta property=\"og:image:height\" content=\"800\" \/>\n\t<meta property=\"og:image:type\" content=\"image\/webp\" \/>\n<meta name=\"twitter:card\" content=\"summary_large_image\" \/>\n<meta name=\"twitter:label1\" content=\"Tiempo de lectura\" \/>\n\t<meta name=\"twitter:data1\" content=\"2 minutos\" \/>\n<script type=\"application\/ld+json\" class=\"yoast-schema-graph\">{\"@context\":\"https:\/\/schema.org\",\"@graph\":[{\"@type\":\"WebPage\",\"@id\":\"https:\/\/www.csj-emballages.com\/es\/produit\/caja-de-carton-marfil-para-golosinas-130-x-75-x-230-mm-20-unidades\/\",\"url\":\"https:\/\/www.csj-emballages.com\/es\/produit\/caja-de-carton-marfil-para-golosinas-130-x-75-x-230-mm-20-unidades\/\",\"name\":\"Caja para golosinas Marfil 130 x 75 x 230 mm por 20\",\"isPartOf\":{\"@id\":\"https:\/\/www.csj-emballages.com\/es\/#website\"},\"primaryImageOfPage\":{\"@id\":\"https:\/\/www.csj-emballages.com\/es\/produit\/caja-de-carton-marfil-para-golosinas-130-x-75-x-230-mm-20-unidades\/#primaryimage\"},\"image\":{\"@id\":\"https:\/\/www.csj-emballages.com\/es\/produit\/caja-de-carton-marfil-para-golosinas-130-x-75-x-230-mm-20-unidades\/#primaryimage\"},\"thumbnailUrl\":\"https:\/\/www.csj-emballages.com\/wp-content\/uploads\/2025\/09\/115232.webp\",\"datePublished\":\"2025-09-17T12:18:33+00:00\",\"dateModified\":\"2026-04-03T00:11:11+00:00\",\"description\":\"Caja de confiter\u00eda de cart\u00f3n marfil de 130 x 75 x 230 mm, automontable, ideal para dulces, chocolates y pasteles secos. Elegante y reciclable.\",\"breadcrumb\":{\"@id\":\"https:\/\/www.csj-emballages.com\/es\/produit\/caja-de-carton-marfil-para-golosinas-130-x-75-x-230-mm-20-unidades\/#breadcrumb\"},\"inLanguage\":\"es\",\"potentialAction\":[{\"@type\":\"ReadAction\",\"target\":[\"https:\/\/www.csj-emballages.com\/es\/produit\/caja-de-carton-marfil-para-golosinas-130-x-75-x-230-mm-20-unidades\/\"]}]},{\"@type\":\"ImageObject\",\"inLanguage\":\"es\",\"@id\":\"https:\/\/www.csj-emballages.com\/es\/produit\/caja-de-carton-marfil-para-golosinas-130-x-75-x-230-mm-20-unidades\/#primaryimage\",\"url\":\"https:\/\/www.csj-emballages.com\/wp-content\/uploads\/2025\/09\/115232.webp\",\"contentUrl\":\"https:\/\/www.csj-emballages.com\/wp-content\/uploads\/2025\/09\/115232.webp\",\"width\":800,\"height\":800,\"caption\":\"Boite confiseries\"},{\"@type\":\"BreadcrumbList\",\"@id\":\"https:\/\/www.csj-emballages.com\/es\/produit\/caja-de-carton-marfil-para-golosinas-130-x-75-x-230-mm-20-unidades\/#breadcrumb\",\"itemListElement\":[{\"@type\":\"ListItem\",\"position\":1,\"name\":\"Accueil\",\"item\":\"https:\/\/www.csj-emballages.com\/es\/universo-del-envasado-alimentario\/\"},{\"@type\":\"ListItem\",\"position\":2,\"name\":\"Tienda\",\"item\":\"https:\/\/www.csj-emballages.com\/tienda\/\"},{\"@type\":\"ListItem\",\"position\":3,\"name\":\"Caja de cart\u00f3n marfil para golosinas 130 x 75 x 230 mm, 10 por caja\"}]},{\"@type\":\"WebSite\",\"@id\":\"https:\/\/www.csj-emballages.com\/es\/#website\",\"url\":\"https:\/\/www.csj-emballages.com\/es\/\",\"name\":\"CSJ Emballages\",\"description\":\"\",\"publisher\":{\"@id\":\"https:\/\/www.csj-emballages.com\/es\/#organization\"},\"potentialAction\":[{\"@type\":\"SearchAction\",\"target\":{\"@type\":\"EntryPoint\",\"urlTemplate\":\"https:\/\/www.csj-emballages.com\/es\/?s={search_term_string}\"},\"query-input\":{\"@type\":\"PropertyValueSpecification\",\"valueRequired\":true,\"valueName\":\"search_term_string\"}}],\"inLanguage\":\"es\"},{\"@type\":\"Organization\",\"@id\":\"https:\/\/www.csj-emballages.com\/es\/#Organization\/\",\"name\":\"CSJ Emballages\",\"url\":\"https:\/\/www.csj-emballages.com\/es\/\",\"logo\":{\"@type\":\"ImageObject\",\"inLanguage\":\"es\",\"@id\":\"https:\/\/www.csj-emballages.com\/es\/#\/schema\/logo\/image\/\",\"url\":\"https:\/\/www.csj-emballages.com\/wp-content\/uploads\/2023\/10\/logo_csj.webp\",\"contentUrl\":\"https:\/\/www.csj-emballages.com\/wp-content\/uploads\/2023\/10\/logo_csj.webp\",\"width\":250,\"height\":95,\"caption\":\"CSJ Emballages\"},\"image\":{\"@id\":\"https:\/\/www.csj-emballages.com\/es\/#\/schema\/logo\/image\/\"},\"sameAs\":[\"https:\/\/www.facebook.com\/csjemballages\"],\"address\":{\"@type\":\"PostalAddress\",\"streetAddress\":\"ZI La Lechere\",\"addressLocality\":\"Patornay\",\"postalCode\":\"39130\",\"addressCountry\":\"FR\"},\"contactPoint\":[{\"@type\":\"ContactPoint\",\"contactType\":\"Service client\",\"telephone\":\"0384254272\",\"email\":\"contact@csj-emballages.com\"}]}]}<\/script>\n<!-- \/ Yoast SEO Premium plugin. -->","yoast_head_json":{"title":"Caja para golosinas Marfil 130 x 75 x 230 mm por 20","description":"Caja de confiter\u00eda de cart\u00f3n marfil de 130 x 75 x 230 mm, automontable, ideal para dulces, chocolates y pasteles secos. Elegante y reciclable.","robots":{"index":"index","follow":"follow","max-snippet":"max-snippet:-1","max-image-preview":"max-image-preview:large","max-video-preview":"max-video-preview:-1"},"canonical":"https:\/\/www.csj-emballages.com\/es\/produit\/caja-de-carton-marfil-para-golosinas-130-x-75-x-230-mm-20-unidades\/","og_locale":"es_ES","og_type":"article","og_title":"Caja de cart\u00f3n marfil para golosinas 130 x 75 x 230 mm, 10 por caja","og_description":"Caja de confiter\u00eda de cart\u00f3n marfil de 130 x 75 x 230 mm, automontable, ideal para dulces, chocolates y pasteles secos. Elegante y reciclable.","og_url":"https:\/\/www.csj-emballages.com\/es\/produit\/caja-de-carton-marfil-para-golosinas-130-x-75-x-230-mm-20-unidades\/","og_site_name":"CSJ Emballages","article_publisher":"https:\/\/www.facebook.com\/csjemballages","article_modified_time":"2026-04-03T00:11:11+00:00","og_image":[{"width":800,"height":800,"url":"https:\/\/www.csj-emballages.com\/wp-content\/uploads\/2025\/09\/115232.webp","type":"image\/webp"}],"twitter_card":"summary_large_image","twitter_misc":{"Tiempo de lectura":"2 minutos"},"schema":{"@context":"https:\/\/schema.org","@graph":[{"@type":"WebPage","@id":"https:\/\/www.csj-emballages.com\/es\/produit\/caja-de-carton-marfil-para-golosinas-130-x-75-x-230-mm-20-unidades\/","url":"https:\/\/www.csj-emballages.com\/es\/produit\/caja-de-carton-marfil-para-golosinas-130-x-75-x-230-mm-20-unidades\/","name":"Caja para golosinas Marfil 130 x 75 x 230 mm por 20","isPartOf":{"@id":"https:\/\/www.csj-emballages.com\/es\/#website"},"primaryImageOfPage":{"@id":"https:\/\/www.csj-emballages.com\/es\/produit\/caja-de-carton-marfil-para-golosinas-130-x-75-x-230-mm-20-unidades\/#primaryimage"},"image":{"@id":"https:\/\/www.csj-emballages.com\/es\/produit\/caja-de-carton-marfil-para-golosinas-130-x-75-x-230-mm-20-unidades\/#primaryimage"},"thumbnailUrl":"https:\/\/www.csj-emballages.com\/wp-content\/uploads\/2025\/09\/115232.webp","datePublished":"2025-09-17T12:18:33+00:00","dateModified":"2026-04-03T00:11:11+00:00","description":"Caja de confiter\u00eda de cart\u00f3n marfil de 130 x 75 x 230 mm, automontable, ideal para dulces, chocolates y pasteles secos. Elegante y reciclable.","breadcrumb":{"@id":"https:\/\/www.csj-emballages.com\/es\/produit\/caja-de-carton-marfil-para-golosinas-130-x-75-x-230-mm-20-unidades\/#breadcrumb"},"inLanguage":"es","potentialAction":[{"@type":"ReadAction","target":["https:\/\/www.csj-emballages.com\/es\/produit\/caja-de-carton-marfil-para-golosinas-130-x-75-x-230-mm-20-unidades\/"]}]},{"@type":"ImageObject","inLanguage":"es","@id":"https:\/\/www.csj-emballages.com\/es\/produit\/caja-de-carton-marfil-para-golosinas-130-x-75-x-230-mm-20-unidades\/#primaryimage","url":"https:\/\/www.csj-emballages.com\/wp-content\/uploads\/2025\/09\/115232.webp","contentUrl":"https:\/\/www.csj-emballages.com\/wp-content\/uploads\/2025\/09\/115232.webp","width":800,"height":800,"caption":"Boite confiseries"},{"@type":"BreadcrumbList","@id":"https:\/\/www.csj-emballages.com\/es\/produit\/caja-de-carton-marfil-para-golosinas-130-x-75-x-230-mm-20-unidades\/#breadcrumb","itemListElement":[{"@type":"ListItem","position":1,"name":"Accueil","item":"https:\/\/www.csj-emballages.com\/es\/universo-del-envasado-alimentario\/"},{"@type":"ListItem","position":2,"name":"Tienda","item":"https:\/\/www.csj-emballages.com\/tienda\/"},{"@type":"ListItem","position":3,"name":"Caja de cart\u00f3n marfil para golosinas 130 x 75 x 230 mm, 10 por caja"}]},{"@type":"WebSite","@id":"https:\/\/www.csj-emballages.com\/es\/#website","url":"https:\/\/www.csj-emballages.com\/es\/","name":"CSJ Emballages","description":"","publisher":{"@id":"https:\/\/www.csj-emballages.com\/es\/#organization"},"potentialAction":[{"@type":"SearchAction","target":{"@type":"EntryPoint","urlTemplate":"https:\/\/www.csj-emballages.com\/es\/?s={search_term_string}"},"query-input":{"@type":"PropertyValueSpecification","valueRequired":true,"valueName":"search_term_string"}}],"inLanguage":"es"},{"@type":"Organization","@id":"https:\/\/www.csj-emballages.com\/es\/#Organization\/","name":"CSJ Emballages","url":"https:\/\/www.csj-emballages.com\/es\/","logo":{"@type":"ImageObject","inLanguage":"es","@id":"https:\/\/www.csj-emballages.com\/es\/#\/schema\/logo\/image\/","url":"https:\/\/www.csj-emballages.com\/wp-content\/uploads\/2023\/10\/logo_csj.webp","contentUrl":"https:\/\/www.csj-emballages.com\/wp-content\/uploads\/2023\/10\/logo_csj.webp","width":250,"height":95,"caption":"CSJ Emballages"},"image":{"@id":"https:\/\/www.csj-emballages.com\/es\/#\/schema\/logo\/image\/"},"sameAs":["https:\/\/www.facebook.com\/csjemballages"],"address":{"@type":"PostalAddress","streetAddress":"ZI La Lechere","addressLocality":"Patornay","postalCode":"39130","addressCountry":"FR"},"contactPoint":[{"@type":"ContactPoint","contactType":"Service client","telephone":"0384254272","email":"contact@csj-emballages.com"}]}]}},"df_price":5.48,"df_sale_price":"","df_regular_price":5.48,"df_image_link":"https:\/\/www.csj-emballages.com\/wp-content\/uploads\/2025\/09\/115232-300x300.webp","tiered_pricing_type":"fixed","tiered_pricing_fixed_rules":[],"tiered_pricing_percentage_rules":[],"tiered_pricing_minimum":1,"tiered_pricing_roles_data":[],"_links":{"self":[{"href":"https:\/\/www.csj-emballages.com\/es\/wp-json\/wp\/v2\/product\/246682","targetHints":{"allow":["GET"]}}],"collection":[{"href":"https:\/\/www.csj-emballages.com\/es\/wp-json\/wp\/v2\/product"}],"about":[{"href":"https:\/\/www.csj-emballages.com\/es\/wp-json\/wp\/v2\/types\/product"}],"wp:featuredmedia":[{"embeddable":true,"href":"https:\/\/www.csj-emballages.com\/es\/wp-json\/wp\/v2\/media\/246677"}],"wp:attachment":[{"href":"https:\/\/www.csj-emballages.com\/es\/wp-json\/wp\/v2\/media?parent=246682"}],"wp:term":[{"taxonomy":"product_brand","embeddable":true,"href":"https:\/\/www.csj-emballages.com\/es\/wp-json\/wp\/v2\/product_brand?post=246682"},{"taxonomy":"product_cat","embeddable":true,"href":"https:\/\/www.csj-emballages.com\/es\/wp-json\/wp\/v2\/product_cat?post=246682"},{"taxonomy":"product_tag","embeddable":true,"href":"https:\/\/www.csj-emballages.com\/es\/wp-json\/wp\/v2\/product_tag?post=246682"}],"curies":[{"name":"wp","href":"https:\/\/api.w.org\/{rel}","templated":true}]}}