{"id":24550,"date":"2024-06-06T14:59:45","date_gmt":"2024-06-06T12:59:45","guid":{"rendered":"https:\/\/u15jnbdpoq.preview.infomaniak.website\/?post_type=product&#038;p=24550"},"modified":"2026-03-12T16:27:43","modified_gmt":"2026-03-12T15:27:43","slug":"500-bolsas-kraft-blancas-sos-18-x-11-x-35-cm-2","status":"publish","type":"product","link":"https:\/\/www.csj-emballages.com\/es\/produit\/500-bolsas-kraft-blancas-sos-18-x-11-x-35-cm-2\/","title":{"rendered":"Bolsa de papel sos blanca 18 x 11 x 35 cm, paquete de 500"},"content":{"rendered":"<h2>Bolsa de papel blanca<\/h2>\n<hr>\n<h3>Descripci\u00f3n de nuestra bolsa de papel blanca sos de 18 x 11 x 35 cm por 500<\/h3>\n<p><!--more--><\/p>\n<p data-start=\"257\" data-end=\"607\">Simple, limpia y eficaz: esta <strong data-start=\"289\" data-end=\"316\">bolsa de papel blanca SOS<\/strong> va directa al grano. Con sus dimensiones de <strong data-start=\"361\" data-end=\"380\">18 x 11 x 35 cm<\/strong>, se adapta f\u00e1cilmente a muchos usos cotidianos. Ya sea para llevar platos, transportar productos alimenticios, art\u00edculos de panader\u00eda o pedidos para llevar, cumple su funci\u00f3n sin exagerar.  <\/p>\n<p data-start=\"609\" data-end=\"1007\">Su gran ventaja es su <strong data-start=\"635\" data-end=\"663\">forma SOS con fondo plano<\/strong>. Concretamente, esto significa que la bolsa se mantiene de pie por s\u00ed sola, lo que simplifica enormemente el llenado. Usted gana tiempo, trabaja de forma m\u00e1s limpia y sus productos permanecen bien colocados. Adem\u00e1s, el papel blanco aporta una imagen n\u00edtida y cuidada, ideal para los comercios que desean una presentaci\u00f3n sobria y profesional.   <\/p>\n<p data-start=\"1009\" data-end=\"1331\">Otro punto apreciable: esta <strong>bolsa de papel blanca<\/strong> sigue siendo ligera a la vez que suficientemente resistente para un uso diario. Soporta f\u00e1cilmente el peso de productos corrientes sin romperse al primer desplazamiento. Y como se vende <strong data-start=\"1232\" data-end=\"1250\">por lote de 500<\/strong>, asegura su stock a largo plazo, sin tener que volver a pedir con demasiada frecuencia.  <\/p>\n<p data-start=\"1333\" data-end=\"1577\">Esta <strong>bolsa blanca<\/strong> es adecuada tanto para restaurantes, snacks, panader\u00edas, empresas de catering como para comercios minoristas. Su dise\u00f1o neutro tambi\u00e9n permite a\u00f1adir f\u00e1cilmente un logotipo, un sello o una pegatina si desea personalizar sus embalajes. <\/p>\n<p data-start=\"1579\" data-end=\"1713\">En resumen, es una soluci\u00f3n pr\u00e1ctica, discreta y fiable, pensada para acompa\u00f1ar su actividad sin complicar su organizaci\u00f3n.<\/p>\n<p data-start=\"1579\" data-end=\"1713\">\n<p><!--more--><\/p>\n<p><strong>Ventajas :<\/strong><\/p>\n<ul>\n<li data-start=\"1741\" data-end=\"1786\">Fondo plano estable para un llenado f\u00e1cil.<\/li>\n<li data-start=\"1789\" data-end=\"1824\">Formato polivalente de <strong>18 x 11 x 35 cm<\/strong>.<\/li>\n<li data-start=\"1827\" data-end=\"1865\"><strong>Aspecto blanco<\/strong>, limpio y profesional.<\/li>\n<li data-start=\"1868\" data-end=\"1897\">Papel ligero pero resistente.<\/li>\n<li data-start=\"1900\" data-end=\"1928\">Lote econ\u00f3mico de <strong>500 bolsas<\/strong>.<\/li>\n<li data-start=\"1931\" data-end=\"1953\">F\u00e1cil de personalizar.<\/li>\n<\/ul>\n<p>&nbsp;<\/p>\n<p><!--more--><\/p>\n<div style=\"box-sizing: inherit; font-family: Roboto, sans-serif;\">\n<div style=\"box-sizing: inherit; font-family: Roboto, sans-serif;\">\n<h4>Informaci\u00f3n adicional :<\/h4>\n<div style=\"box-sizing: inherit; font-family: Roboto, sans-serif;\">\n<div style=\"box-sizing: inherit; font-family: Roboto, sans-serif;\">\n<ul style=\"box-sizing: inherit; font-family: Roboto, sans-serif;\">\n<li><strong>Embalaje<\/strong><span style=\"box-sizing: inherit;\">: Paquete de 500<\/span><\/li>\n<li style=\"box-sizing: inherit;\"><strong>Dimensiones<\/strong><span style=\"box-sizing: inherit;\">: 18 x 11 x 35 (L x A x A en cm)<\/span><\/li>\n<li style=\"box-sizing: inherit;\"><strong>Material<\/strong><span style=\"box-sizing: inherit;\"> Papel Kraft<\/span><\/li>\n<li style=\"box-sizing: inherit;\"><strong>Color<\/strong><span style=\"box-sizing: inherit;\"> Blanco<\/span><\/li>\n<\/ul>\n<\/div>\n<\/div>\n<\/div>\n<\/div>\n<div style=\"box-sizing: inherit; font-family: Roboto, sans-serif;\">\n<div style=\"box-sizing: inherit; font-family: Roboto, sans-serif;\">\n<p>&nbsp;<\/p>\n<\/div>\n<\/div>\n<p><!--more--><\/p>\n<p>Este producto est\u00e1 disponible en kraft <span style=\"color: #d12727;\"><a style=\"color: #d12727;\" href=\"https:\/\/www.csj-emballages.com\/produit\/500-sacs-sos-krafts-bruns-20-x-15-x-40-cm\/\">KF2040SOS<\/a><\/span><\/p>\n<p>&nbsp;<\/p>\n<p><!--more--><\/p>\n<p><a href=\"https:\/\/www.csj-emballages.com\/categorie-produit\/emballages\/boutique-et-magasin\/sacs-sachets\/sacs-bretelles-krafts\/sacs-cabas-krafts\/\">Ver el resto de nuestra gama de bolsas de la compra krafts<\/a><\/p>\n","protected":false},"excerpt":{"rendered":"<p>Bolsa de papel blanca Descripci\u00f3n de nuestra bolsa de papel blanca sos de 18 x 11 x 35 cm por 500<\/p>\n","protected":false},"featured_media":251366,"template":"","meta":{"_acf_changed":false},"product_brand":[],"product_cat":[1150,1179,3880,2804,9199,1488,3873,1881,2803],"product_tag":[],"class_list":{"0":"post-24550","1":"product","2":"type-product","3":"status-publish","4":"has-post-thumbnail","6":"product_cat-envasado-de-alimentos","7":"product_cat-catering-es","8":"product_cat-bolsas-y-papel","9":"product_cat-bolsos-bandolera-artesania-es","10":"product_cat-bolsas-kraft","11":"product_cat-tienda-y-almacen","12":"product_cat-bolsas-sobres","13":"product_cat-bolsos-bandolera-artesania","14":"product_cat-bolsas-de-la-compra-krafts","16":"first","17":"instock","18":"taxable","19":"shipping-taxable","20":"purchasable","21":"product-type-simple"},"acf":[],"yoast_head":"<!-- This site is optimized with the Yoast SEO Premium plugin v26.6 (Yoast SEO v26.6) - https:\/\/yoast.com\/wordpress\/plugins\/seo\/ -->\n<title>Bolsa de Papel Blanca Sos de 18 x 11 x 35 cm por 500<\/title>\n<meta name=\"description\" content=\"Bolsa de papel blanca SOS de 18x11x35 cm vendida por 500 unidades. Fondo plano estable, formato pr\u00e1ctico e ideal para la venta para llevar y los comercios.\" \/>\n<meta name=\"robots\" content=\"index, follow, max-snippet:-1, max-image-preview:large, max-video-preview:-1\" \/>\n<link rel=\"canonical\" href=\"https:\/\/www.csj-emballages.com\/es\/produit\/500-bolsas-kraft-blancas-sos-18-x-11-x-35-cm-2\/\" \/>\n<meta property=\"og:locale\" content=\"es_ES\" \/>\n<meta property=\"og:type\" content=\"article\" \/>\n<meta property=\"og:title\" content=\"Bolsa de papel sos blanca 18 x 11 x 35 cm, paquete de 500\" \/>\n<meta property=\"og:description\" content=\"Bolsa de papel blanca SOS de 18x11x35 cm vendida por 500 unidades. Fondo plano estable, formato pr\u00e1ctico e ideal para la venta para llevar y los comercios.\" \/>\n<meta property=\"og:url\" content=\"https:\/\/www.csj-emballages.com\/es\/produit\/500-bolsas-kraft-blancas-sos-18-x-11-x-35-cm-2\/\" \/>\n<meta property=\"og:site_name\" content=\"CSJ Emballages\" \/>\n<meta property=\"article:publisher\" content=\"https:\/\/www.facebook.com\/csjemballages\" \/>\n<meta property=\"article:modified_time\" content=\"2026-03-12T15:27:43+00:00\" \/>\n<meta property=\"og:image\" content=\"https:\/\/www.csj-emballages.com\/wp-content\/uploads\/2024\/06\/KF1835SOSBL.webp\" \/>\n\t<meta property=\"og:image:width\" content=\"800\" \/>\n\t<meta property=\"og:image:height\" content=\"800\" \/>\n\t<meta property=\"og:image:type\" content=\"image\/webp\" \/>\n<meta name=\"twitter:card\" content=\"summary_large_image\" \/>\n<meta name=\"twitter:label1\" content=\"Tiempo de lectura\" \/>\n\t<meta name=\"twitter:data1\" content=\"2 minutos\" \/>\n<script type=\"application\/ld+json\" class=\"yoast-schema-graph\">{\"@context\":\"https:\/\/schema.org\",\"@graph\":[{\"@type\":\"WebPage\",\"@id\":\"https:\/\/www.csj-emballages.com\/es\/produit\/500-bolsas-kraft-blancas-sos-18-x-11-x-35-cm-2\/\",\"url\":\"https:\/\/www.csj-emballages.com\/es\/produit\/500-bolsas-kraft-blancas-sos-18-x-11-x-35-cm-2\/\",\"name\":\"Bolsa de Papel Blanca Sos de 18 x 11 x 35 cm por 500\",\"isPartOf\":{\"@id\":\"https:\/\/www.csj-emballages.com\/es\/#website\"},\"primaryImageOfPage\":{\"@id\":\"https:\/\/www.csj-emballages.com\/es\/produit\/500-bolsas-kraft-blancas-sos-18-x-11-x-35-cm-2\/#primaryimage\"},\"image\":{\"@id\":\"https:\/\/www.csj-emballages.com\/es\/produit\/500-bolsas-kraft-blancas-sos-18-x-11-x-35-cm-2\/#primaryimage\"},\"thumbnailUrl\":\"https:\/\/www.csj-emballages.com\/wp-content\/uploads\/2024\/06\/KF1835SOSBL.webp\",\"datePublished\":\"2024-06-06T12:59:45+00:00\",\"dateModified\":\"2026-03-12T15:27:43+00:00\",\"description\":\"Bolsa de papel blanca SOS de 18x11x35 cm vendida por 500 unidades. Fondo plano estable, formato pr\u00e1ctico e ideal para la venta para llevar y los comercios.\",\"breadcrumb\":{\"@id\":\"https:\/\/www.csj-emballages.com\/es\/produit\/500-bolsas-kraft-blancas-sos-18-x-11-x-35-cm-2\/#breadcrumb\"},\"inLanguage\":\"es\",\"potentialAction\":[{\"@type\":\"ReadAction\",\"target\":[\"https:\/\/www.csj-emballages.com\/es\/produit\/500-bolsas-kraft-blancas-sos-18-x-11-x-35-cm-2\/\"]}]},{\"@type\":\"ImageObject\",\"inLanguage\":\"es\",\"@id\":\"https:\/\/www.csj-emballages.com\/es\/produit\/500-bolsas-kraft-blancas-sos-18-x-11-x-35-cm-2\/#primaryimage\",\"url\":\"https:\/\/www.csj-emballages.com\/wp-content\/uploads\/2024\/06\/KF1835SOSBL.webp\",\"contentUrl\":\"https:\/\/www.csj-emballages.com\/wp-content\/uploads\/2024\/06\/KF1835SOSBL.webp\",\"width\":800,\"height\":800,\"caption\":\"Sac en papier blanc\"},{\"@type\":\"BreadcrumbList\",\"@id\":\"https:\/\/www.csj-emballages.com\/es\/produit\/500-bolsas-kraft-blancas-sos-18-x-11-x-35-cm-2\/#breadcrumb\",\"itemListElement\":[{\"@type\":\"ListItem\",\"position\":1,\"name\":\"Accueil\",\"item\":\"https:\/\/www.csj-emballages.com\/es\/universo-del-envasado-alimentario\/\"},{\"@type\":\"ListItem\",\"position\":2,\"name\":\"Tienda\",\"item\":\"https:\/\/www.csj-emballages.com\/tienda\/\"},{\"@type\":\"ListItem\",\"position\":3,\"name\":\"Bolsa de papel sos blanca 18 x 11 x 35 cm, paquete de 500\"}]},{\"@type\":\"WebSite\",\"@id\":\"https:\/\/www.csj-emballages.com\/es\/#website\",\"url\":\"https:\/\/www.csj-emballages.com\/es\/\",\"name\":\"CSJ Emballages\",\"description\":\"\",\"publisher\":{\"@id\":\"https:\/\/www.csj-emballages.com\/es\/#organization\"},\"potentialAction\":[{\"@type\":\"SearchAction\",\"target\":{\"@type\":\"EntryPoint\",\"urlTemplate\":\"https:\/\/www.csj-emballages.com\/es\/?s={search_term_string}\"},\"query-input\":{\"@type\":\"PropertyValueSpecification\",\"valueRequired\":true,\"valueName\":\"search_term_string\"}}],\"inLanguage\":\"es\"},{\"@type\":\"Organization\",\"@id\":\"https:\/\/www.csj-emballages.com\/es\/#Organization\/\",\"name\":\"CSJ Emballages\",\"url\":\"https:\/\/www.csj-emballages.com\/es\/\",\"logo\":{\"@type\":\"ImageObject\",\"inLanguage\":\"es\",\"@id\":\"https:\/\/www.csj-emballages.com\/es\/#\/schema\/logo\/image\/\",\"url\":\"https:\/\/www.csj-emballages.com\/wp-content\/uploads\/2023\/10\/logo_csj.webp\",\"contentUrl\":\"https:\/\/www.csj-emballages.com\/wp-content\/uploads\/2023\/10\/logo_csj.webp\",\"width\":250,\"height\":95,\"caption\":\"CSJ Emballages\"},\"image\":{\"@id\":\"https:\/\/www.csj-emballages.com\/es\/#\/schema\/logo\/image\/\"},\"sameAs\":[\"https:\/\/www.facebook.com\/csjemballages\"],\"address\":{\"@type\":\"PostalAddress\",\"streetAddress\":\"ZI La Lechere\",\"addressLocality\":\"Patornay\",\"postalCode\":\"39130\",\"addressCountry\":\"FR\"},\"contactPoint\":[{\"@type\":\"ContactPoint\",\"contactType\":\"Service client\",\"telephone\":\"0384254272\",\"email\":\"contact@csj-emballages.com\"}]}]}<\/script>\n<!-- \/ Yoast SEO Premium plugin. -->","yoast_head_json":{"title":"Bolsa de Papel Blanca Sos de 18 x 11 x 35 cm por 500","description":"Bolsa de papel blanca SOS de 18x11x35 cm vendida por 500 unidades. Fondo plano estable, formato pr\u00e1ctico e ideal para la venta para llevar y los comercios.","robots":{"index":"index","follow":"follow","max-snippet":"max-snippet:-1","max-image-preview":"max-image-preview:large","max-video-preview":"max-video-preview:-1"},"canonical":"https:\/\/www.csj-emballages.com\/es\/produit\/500-bolsas-kraft-blancas-sos-18-x-11-x-35-cm-2\/","og_locale":"es_ES","og_type":"article","og_title":"Bolsa de papel sos blanca 18 x 11 x 35 cm, paquete de 500","og_description":"Bolsa de papel blanca SOS de 18x11x35 cm vendida por 500 unidades. Fondo plano estable, formato pr\u00e1ctico e ideal para la venta para llevar y los comercios.","og_url":"https:\/\/www.csj-emballages.com\/es\/produit\/500-bolsas-kraft-blancas-sos-18-x-11-x-35-cm-2\/","og_site_name":"CSJ Emballages","article_publisher":"https:\/\/www.facebook.com\/csjemballages","article_modified_time":"2026-03-12T15:27:43+00:00","og_image":[{"width":800,"height":800,"url":"https:\/\/www.csj-emballages.com\/wp-content\/uploads\/2024\/06\/KF1835SOSBL.webp","type":"image\/webp"}],"twitter_card":"summary_large_image","twitter_misc":{"Tiempo de lectura":"2 minutos"},"schema":{"@context":"https:\/\/schema.org","@graph":[{"@type":"WebPage","@id":"https:\/\/www.csj-emballages.com\/es\/produit\/500-bolsas-kraft-blancas-sos-18-x-11-x-35-cm-2\/","url":"https:\/\/www.csj-emballages.com\/es\/produit\/500-bolsas-kraft-blancas-sos-18-x-11-x-35-cm-2\/","name":"Bolsa de Papel Blanca Sos de 18 x 11 x 35 cm por 500","isPartOf":{"@id":"https:\/\/www.csj-emballages.com\/es\/#website"},"primaryImageOfPage":{"@id":"https:\/\/www.csj-emballages.com\/es\/produit\/500-bolsas-kraft-blancas-sos-18-x-11-x-35-cm-2\/#primaryimage"},"image":{"@id":"https:\/\/www.csj-emballages.com\/es\/produit\/500-bolsas-kraft-blancas-sos-18-x-11-x-35-cm-2\/#primaryimage"},"thumbnailUrl":"https:\/\/www.csj-emballages.com\/wp-content\/uploads\/2024\/06\/KF1835SOSBL.webp","datePublished":"2024-06-06T12:59:45+00:00","dateModified":"2026-03-12T15:27:43+00:00","description":"Bolsa de papel blanca SOS de 18x11x35 cm vendida por 500 unidades. Fondo plano estable, formato pr\u00e1ctico e ideal para la venta para llevar y los comercios.","breadcrumb":{"@id":"https:\/\/www.csj-emballages.com\/es\/produit\/500-bolsas-kraft-blancas-sos-18-x-11-x-35-cm-2\/#breadcrumb"},"inLanguage":"es","potentialAction":[{"@type":"ReadAction","target":["https:\/\/www.csj-emballages.com\/es\/produit\/500-bolsas-kraft-blancas-sos-18-x-11-x-35-cm-2\/"]}]},{"@type":"ImageObject","inLanguage":"es","@id":"https:\/\/www.csj-emballages.com\/es\/produit\/500-bolsas-kraft-blancas-sos-18-x-11-x-35-cm-2\/#primaryimage","url":"https:\/\/www.csj-emballages.com\/wp-content\/uploads\/2024\/06\/KF1835SOSBL.webp","contentUrl":"https:\/\/www.csj-emballages.com\/wp-content\/uploads\/2024\/06\/KF1835SOSBL.webp","width":800,"height":800,"caption":"Sac en papier blanc"},{"@type":"BreadcrumbList","@id":"https:\/\/www.csj-emballages.com\/es\/produit\/500-bolsas-kraft-blancas-sos-18-x-11-x-35-cm-2\/#breadcrumb","itemListElement":[{"@type":"ListItem","position":1,"name":"Accueil","item":"https:\/\/www.csj-emballages.com\/es\/universo-del-envasado-alimentario\/"},{"@type":"ListItem","position":2,"name":"Tienda","item":"https:\/\/www.csj-emballages.com\/tienda\/"},{"@type":"ListItem","position":3,"name":"Bolsa de papel sos blanca 18 x 11 x 35 cm, paquete de 500"}]},{"@type":"WebSite","@id":"https:\/\/www.csj-emballages.com\/es\/#website","url":"https:\/\/www.csj-emballages.com\/es\/","name":"CSJ Emballages","description":"","publisher":{"@id":"https:\/\/www.csj-emballages.com\/es\/#organization"},"potentialAction":[{"@type":"SearchAction","target":{"@type":"EntryPoint","urlTemplate":"https:\/\/www.csj-emballages.com\/es\/?s={search_term_string}"},"query-input":{"@type":"PropertyValueSpecification","valueRequired":true,"valueName":"search_term_string"}}],"inLanguage":"es"},{"@type":"Organization","@id":"https:\/\/www.csj-emballages.com\/es\/#Organization\/","name":"CSJ Emballages","url":"https:\/\/www.csj-emballages.com\/es\/","logo":{"@type":"ImageObject","inLanguage":"es","@id":"https:\/\/www.csj-emballages.com\/es\/#\/schema\/logo\/image\/","url":"https:\/\/www.csj-emballages.com\/wp-content\/uploads\/2023\/10\/logo_csj.webp","contentUrl":"https:\/\/www.csj-emballages.com\/wp-content\/uploads\/2023\/10\/logo_csj.webp","width":250,"height":95,"caption":"CSJ Emballages"},"image":{"@id":"https:\/\/www.csj-emballages.com\/es\/#\/schema\/logo\/image\/"},"sameAs":["https:\/\/www.facebook.com\/csjemballages"],"address":{"@type":"PostalAddress","streetAddress":"ZI La Lechere","addressLocality":"Patornay","postalCode":"39130","addressCountry":"FR"},"contactPoint":[{"@type":"ContactPoint","contactType":"Service client","telephone":"0384254272","email":"contact@csj-emballages.com"}]}]}},"df_price":40.39,"df_sale_price":"","df_regular_price":40.39,"df_image_link":"https:\/\/www.csj-emballages.com\/wp-content\/uploads\/2024\/06\/KF1835SOSBL-300x300.webp","tiered_pricing_type":"fixed","tiered_pricing_fixed_rules":[],"tiered_pricing_percentage_rules":[],"tiered_pricing_minimum":1,"tiered_pricing_roles_data":[],"_links":{"self":[{"href":"https:\/\/www.csj-emballages.com\/es\/wp-json\/wp\/v2\/product\/24550","targetHints":{"allow":["GET"]}}],"collection":[{"href":"https:\/\/www.csj-emballages.com\/es\/wp-json\/wp\/v2\/product"}],"about":[{"href":"https:\/\/www.csj-emballages.com\/es\/wp-json\/wp\/v2\/types\/product"}],"wp:featuredmedia":[{"embeddable":true,"href":"https:\/\/www.csj-emballages.com\/es\/wp-json\/wp\/v2\/media\/251366"}],"wp:attachment":[{"href":"https:\/\/www.csj-emballages.com\/es\/wp-json\/wp\/v2\/media?parent=24550"}],"wp:term":[{"taxonomy":"product_brand","embeddable":true,"href":"https:\/\/www.csj-emballages.com\/es\/wp-json\/wp\/v2\/product_brand?post=24550"},{"taxonomy":"product_cat","embeddable":true,"href":"https:\/\/www.csj-emballages.com\/es\/wp-json\/wp\/v2\/product_cat?post=24550"},{"taxonomy":"product_tag","embeddable":true,"href":"https:\/\/www.csj-emballages.com\/es\/wp-json\/wp\/v2\/product_tag?post=24550"}],"curies":[{"name":"wp","href":"https:\/\/api.w.org\/{rel}","templated":true}]}}