{"id":245131,"date":"2025-09-26T16:18:20","date_gmt":"2025-09-26T14:18:20","guid":{"rendered":"https:\/\/www.csj-emballages.com\/produit\/100-cake-stands-cuadrados-de-color-anis-fucsia-18-x-18-cm\/"},"modified":"2026-04-16T02:12:00","modified_gmt":"2026-04-16T00:12:00","slug":"100-cake-stands-cuadrados-de-color-anis-fucsia-18-x-18-cm","status":"publish","type":"product","link":"https:\/\/www.csj-emballages.com\/es\/produit\/100-cake-stands-cuadrados-de-color-anis-fucsia-18-x-18-cm\/","title":{"rendered":"Soporte cuadrado para tartas an\u00eds \/ fucsia 18 x 18 cm por 100"},"content":{"rendered":"<div class=\"elementor-element elementor-element-6621759 e-no-lazyload e-flex e-con-boxed e-con e-parent e-lazyloaded\" data-id=\"6621759\" data-element_type=\"container\">\n<div class=\"e-con-inner\">\n<div class=\"elementor-element elementor-element-4756e65 e-con-full e-flex e-con e-child\" data-id=\"4756e65\" data-element_type=\"container\">\n<div class=\"elementor-element elementor-element-a25940d elementor-widget elementor-widget-woocommerce-product-data-tabs\" data-id=\"a25940d\" data-element_type=\"widget\" data-widget_type=\"woocommerce-product-data-tabs.default\">\n<div class=\"elementor-widget-container\">\n<div class=\"woocommerce-tabs wc-tabs-wrapper\">\n<div id=\"tab-description\" class=\"woocommerce-Tabs-panel woocommerce-Tabs-panel--description panel entry-content wc-tab\" role=\"tabpanel\" aria-labelledby=\"tab-title-description\">\n<h2>Soporte para tartas<\/h2>\n<hr>\n<h3>Descubra nuestro cake stand cuadrado an\u00eds \/ fucsia 18 x 18 cm por 100<\/h3>\n<p><!--more--><\/p>\n<p data-start=\"233\" data-end=\"607\">Haga brillar sus postres con este <strong data-start=\"299\" data-end=\"352\">soporte cuadrado para tartas de an\u00eds\/fucsia de 18 x 18 cm<\/strong>. Perfecto para <strong data-start=\"372\" data-end=\"386\">pasteleros<\/strong>, <strong data-start=\"388\" data-end=\"401\">restauradores<\/strong> o <strong data-start=\"405\" data-end=\"419\">panaderos<\/strong>, este soporte a\u00f1ade un verdadero <strong data-start=\"450\" data-end=\"469\">toque de dinamismo<\/strong> a sus presentaciones. Con sus brillantes colores <g id=\"gid_5\">an\u00eds y fucsia<\/g>, atraer\u00e1 todas las miradas y realzar\u00e1 al instante sus tartas. Fabricado en <strong data-start=\"626\" data-end=\"656\">cart\u00f3n resistente y r\u00edgido<\/strong>, garantiza <strong data-start=\"674\" data-end=\"698\">una excelente estabilidad<\/strong>. Podr\u00e1 colocar f\u00e1cilmente entremeses, porciones de tarta o incluso mini postres. Gracias a su <g id=\"gid_8\">formato cuadrado de 18 x 18 cm<\/g>, es pr\u00e1ctico y vers\u00e1til: ni demasiado grande, ni demasiado peque\u00f1o. Adem\u00e1s, es <strong data-start=\"911\" data-end=\"920\">ligero<\/strong>, <strong data-start=\"922\" data-end=\"933\">desechable<\/strong> y, sobre todo, <strong data-start=\"946\" data-end=\"960\">higi\u00e9nico<\/strong>: perfecto para el uso profesional diario.     <\/p>\n<p data-start=\"1016\" data-end=\"1380\">Pero adem\u00e1s de pr\u00e1ctico, este <strong data-start=\"1054\" data-end=\"1074\">soporte para tartas<\/strong> a\u00f1ade <strong data-start=\"1084\" data-end=\"1093\">estilo<\/strong> a sus creaciones. A\u00f1ade <strong data-start=\"1125\" data-end=\"1152\">un toque colorido y festivo<\/strong> a sus buffets, vitrinas o mesas de eventos. En un abrir y cerrar de ojos, sus postres tendr\u00e1n un aspecto a\u00fan m\u00e1s apetitoso. Y como se vende <strong data-start=\"1294\" data-end=\"1305\">en paquetes de 100 unidades<\/strong>, ahorrar\u00e1 tiempo y tendr\u00e1 siempre existencias listas para usar.   <\/p>\n<p data-start=\"1382\" data-end=\"1608\">Ya sea para un <strong data-start=\"1402\" data-end=\"1418\">cumplea\u00f1os<\/strong>, <strong data-start=\"1423\" data-end=\"1434\">una boda<\/strong> o <strong data-start=\"1442\" data-end=\"1455\">una recepci\u00f3n<\/strong>, este soporte es el peque\u00f1o detalle que marca la diferencia. F\u00e1cil de usar, le ayuda a presentar sus dulces con gusto y profesionalidad. <\/p>\n<p data-start=\"1610\" data-end=\"1809\">En resumen, este <strong data-start=\"1624\" data-end=\"1677\">soporte para tartas cuadrado de an\u00eds\/fucsia de 18 x 18 cm<\/strong> es la combinaci\u00f3n perfecta de <strong data-start=\"1708\" data-end=\"1721\">practicidad<\/strong>, <strong data-start=\"1723\" data-end=\"1735\">robustez<\/strong> y <strong data-start=\"1739\" data-end=\"1753\">est\u00e9tica<\/strong>. Porque un postre bonito se merece un soporte bonito. <\/p>\n<p data-start=\"1610\" data-end=\"1809\"><!--more--><\/p>\n<h4 data-start=\"1610\" data-end=\"1809\">Ventajas :<\/h4>\n<ul>\n<li data-start=\"1849\" data-end=\"1902\">Colores <strong data-start=\"1858\" data-end=\"1877\">an\u00eds y fucsia<\/strong> brillantes y modernos.<\/li>\n<li data-start=\"1905\" data-end=\"1958\"><strong data-start=\"1905\" data-end=\"1922\">Cart\u00f3n r\u00edgido<\/strong> y resistente para una buena sujeci\u00f3n.<\/li>\n<li data-start=\"1961\" data-end=\"2023\">Pr\u00e1ctico <strong data-start=\"1961\" data-end=\"1982\">formato de 18 x 18 cm<\/strong> para postres individuales.<\/li>\n<li data-start=\"2026\" data-end=\"2069\">Se venden <strong data-start=\"2032\" data-end=\"2043\">en paquetes de 100<\/strong> unidades, pr\u00e1cticos y econ\u00f3micos.<\/li>\n<\/ul>\n<p>&nbsp;<\/p>\n<p><!--more--><\/p>\n<h4>Informaci\u00f3n adicional :<\/h4>\n<ul>\n<li><strong>Embalaje<\/strong>: Paquete de 100<\/li>\n<li><strong>Dimensiones<\/strong>: 18 x 18 cm<\/li>\n<li><strong>Material<\/strong>: Cart\u00f3n<\/li>\n<li><strong>Color<\/strong>: An\u00eds \/ Fucsia<\/li>\n<\/ul>\n<p>&nbsp;<\/p>\n<p><!--more--><\/p>\n<p>Este colorido soporte para tartas est\u00e1 disponible en diferentes tama\u00f1os: <span style=\"color: #d12727;\"><a style=\"color: #d12727;\" href=\"https:\/\/www.csj-emballages.com\/es\/produit\/100-soportes-de-tarta-cuadrados-de-color-anis-fucsia-16-x-16-cm\/\">16 cm<\/a><\/span> \/ <span style=\"color: #d12727;\"><a style=\"color: #d12727;\" href=\"https:\/\/www.csj-emballages.com\/es\/produit\/100-soportes-de-tarta-cuadrados-de-color-anis-fucsia-20-x-20-cm\/\">20 cm<\/a><\/span> \/ <span style=\"color: #d12727;\"><a style=\"color: #d12727;\" href=\"https:\/\/www.csj-emballages.com\/es\/produit\/100-cake-stands-cuadrados-de-color-anis-fucsia-de-22-x-22-cm\/\">22 cm<\/a><\/span> \/ <span style=\"color: #d12727;\"><a style=\"color: #d12727;\" href=\"https:\/\/www.csj-emballages.com\/es\/produit\/100-cake-stands-cuadrados-de-color-anis-fucsia-24-x-24-cm\/\">24 cm<\/a><\/span> \/ <span style=\"color: #d12727;\"><a style=\"color: #d12727;\" href=\"https:\/\/www.csj-emballages.com\/es\/produit\/100-soportes-de-tarta-cuadrados-de-color-anis-fucsia-26-x-26-cm\/\">26 cm<\/a><\/span><\/p>\n<p>&nbsp;<\/p>\n<p><!--more--><\/p>\n<p><a href=\"https:\/\/www.csj-emballages.com\/es\/categorie-produit\/envasado-de-alimentos\/panaderia-y-pasteleria\/soportes-de-base-para-tartas\/soportes-cuadrados-de-colores\/\">Ver el resto de nuestra gama de cake stands cuadrados en an\u00eds \/ fucsia<\/a><\/p>\n<\/div>\n<\/div>\n<\/div>\n<\/div>\n<\/div>\n<\/div>\n<\/div>\n","protected":false},"excerpt":{"rendered":"<p>Soporte para tartas Descubra nuestro cake stand cuadrado an\u00eds \/ fucsia 18 x 18 cm por 100<\/p>\n","protected":false},"featured_media":253291,"template":"","meta":{"_acf_changed":false},"product_brand":[],"product_cat":[1150,1145,1911,3841,1270],"product_tag":[],"class_list":{"0":"post-245131","1":"product","2":"type-product","3":"status-publish","4":"has-post-thumbnail","6":"product_cat-envasado-de-alimentos","7":"product_cat-panaderia-y-pasteleria","8":"product_cat-soportes-de-base-para-tartas","9":"product_cat-soportes-cuadrados-de-colores","10":"product_cat-descuentos","12":"first","13":"instock","14":"sale","15":"taxable","16":"shipping-taxable","17":"purchasable","18":"product-type-simple"},"acf":[],"yoast_head":"<!-- This site is optimized with the Yoast SEO Premium plugin v26.6 (Yoast SEO v26.6) - https:\/\/yoast.com\/wordpress\/plugins\/seo\/ -->\n<title>Soporte cuadrado para tartas An\u00eds \/ Fucsia 18 x 18 cm x 100<\/title>\n<meta name=\"description\" content=\"A\u00f1ada un toque de color a sus postres con el soporte para tartas An\u00eds \/ Fucsia 18 x 18 cm. Resistente, pr\u00e1ctico y perfecto para pasteleros profesionales.\" \/>\n<meta name=\"robots\" content=\"index, follow, max-snippet:-1, max-image-preview:large, max-video-preview:-1\" \/>\n<link rel=\"canonical\" href=\"https:\/\/www.csj-emballages.com\/es\/produit\/100-cake-stands-cuadrados-de-color-anis-fucsia-18-x-18-cm\/\" \/>\n<meta property=\"og:locale\" content=\"es_ES\" \/>\n<meta property=\"og:type\" content=\"article\" \/>\n<meta property=\"og:title\" content=\"Soporte cuadrado para tartas an\u00eds \/ fucsia 18 x 18 cm por 100\" \/>\n<meta property=\"og:description\" content=\"A\u00f1ada un toque de color a sus postres con el soporte para tartas An\u00eds \/ Fucsia 18 x 18 cm. Resistente, pr\u00e1ctico y perfecto para pasteleros profesionales.\" \/>\n<meta property=\"og:url\" content=\"https:\/\/www.csj-emballages.com\/es\/produit\/100-cake-stands-cuadrados-de-color-anis-fucsia-18-x-18-cm\/\" \/>\n<meta property=\"og:site_name\" content=\"CSJ Emballages\" \/>\n<meta property=\"article:publisher\" content=\"https:\/\/www.facebook.com\/csjemballages\" \/>\n<meta property=\"article:modified_time\" content=\"2026-04-16T00:12:00+00:00\" \/>\n<meta property=\"og:image\" content=\"https:\/\/www.csj-emballages.com\/wp-content\/uploads\/2024\/03\/Supports-carres-colores.webp\" \/>\n\t<meta property=\"og:image:width\" content=\"800\" \/>\n\t<meta property=\"og:image:height\" content=\"800\" \/>\n\t<meta property=\"og:image:type\" content=\"image\/webp\" \/>\n<meta name=\"twitter:card\" content=\"summary_large_image\" \/>\n<meta name=\"twitter:label1\" content=\"Tiempo de lectura\" \/>\n\t<meta name=\"twitter:data1\" content=\"2 minutos\" \/>\n<script type=\"application\/ld+json\" class=\"yoast-schema-graph\">{\"@context\":\"https:\/\/schema.org\",\"@graph\":[{\"@type\":\"WebPage\",\"@id\":\"https:\/\/www.csj-emballages.com\/es\/produit\/100-cake-stands-cuadrados-de-color-anis-fucsia-18-x-18-cm\/\",\"url\":\"https:\/\/www.csj-emballages.com\/es\/produit\/100-cake-stands-cuadrados-de-color-anis-fucsia-18-x-18-cm\/\",\"name\":\"Soporte cuadrado para tartas An\u00eds \/ Fucsia 18 x 18 cm x 100\",\"isPartOf\":{\"@id\":\"https:\/\/www.csj-emballages.com\/es\/#website\"},\"primaryImageOfPage\":{\"@id\":\"https:\/\/www.csj-emballages.com\/es\/produit\/100-cake-stands-cuadrados-de-color-anis-fucsia-18-x-18-cm\/#primaryimage\"},\"image\":{\"@id\":\"https:\/\/www.csj-emballages.com\/es\/produit\/100-cake-stands-cuadrados-de-color-anis-fucsia-18-x-18-cm\/#primaryimage\"},\"thumbnailUrl\":\"https:\/\/www.csj-emballages.com\/wp-content\/uploads\/2024\/03\/Supports-carres-colores.webp\",\"datePublished\":\"2025-09-26T14:18:20+00:00\",\"dateModified\":\"2026-04-16T00:12:00+00:00\",\"description\":\"A\u00f1ada un toque de color a sus postres con el soporte para tartas An\u00eds \/ Fucsia 18 x 18 cm. Resistente, pr\u00e1ctico y perfecto para pasteleros profesionales.\",\"breadcrumb\":{\"@id\":\"https:\/\/www.csj-emballages.com\/es\/produit\/100-cake-stands-cuadrados-de-color-anis-fucsia-18-x-18-cm\/#breadcrumb\"},\"inLanguage\":\"es\",\"potentialAction\":[{\"@type\":\"ReadAction\",\"target\":[\"https:\/\/www.csj-emballages.com\/es\/produit\/100-cake-stands-cuadrados-de-color-anis-fucsia-18-x-18-cm\/\"]}]},{\"@type\":\"ImageObject\",\"inLanguage\":\"es\",\"@id\":\"https:\/\/www.csj-emballages.com\/es\/produit\/100-cake-stands-cuadrados-de-color-anis-fucsia-18-x-18-cm\/#primaryimage\",\"url\":\"https:\/\/www.csj-emballages.com\/wp-content\/uploads\/2024\/03\/Supports-carres-colores.webp\",\"contentUrl\":\"https:\/\/www.csj-emballages.com\/wp-content\/uploads\/2024\/03\/Supports-carres-colores.webp\",\"width\":800,\"height\":800,\"caption\":\"Support \u00e0 g\u00e2teau\"},{\"@type\":\"BreadcrumbList\",\"@id\":\"https:\/\/www.csj-emballages.com\/es\/produit\/100-cake-stands-cuadrados-de-color-anis-fucsia-18-x-18-cm\/#breadcrumb\",\"itemListElement\":[{\"@type\":\"ListItem\",\"position\":1,\"name\":\"Accueil\",\"item\":\"https:\/\/www.csj-emballages.com\/es\/universo-del-envasado-alimentario\/\"},{\"@type\":\"ListItem\",\"position\":2,\"name\":\"Tienda\",\"item\":\"https:\/\/www.csj-emballages.com\/tienda\/\"},{\"@type\":\"ListItem\",\"position\":3,\"name\":\"Soporte cuadrado para tartas an\u00eds \/ fucsia 18 x 18 cm por 100\"}]},{\"@type\":\"WebSite\",\"@id\":\"https:\/\/www.csj-emballages.com\/es\/#website\",\"url\":\"https:\/\/www.csj-emballages.com\/es\/\",\"name\":\"CSJ Emballages\",\"description\":\"\",\"publisher\":{\"@id\":\"https:\/\/www.csj-emballages.com\/es\/#organization\"},\"potentialAction\":[{\"@type\":\"SearchAction\",\"target\":{\"@type\":\"EntryPoint\",\"urlTemplate\":\"https:\/\/www.csj-emballages.com\/es\/?s={search_term_string}\"},\"query-input\":{\"@type\":\"PropertyValueSpecification\",\"valueRequired\":true,\"valueName\":\"search_term_string\"}}],\"inLanguage\":\"es\"},{\"@type\":\"Organization\",\"@id\":\"https:\/\/www.csj-emballages.com\/es\/#Organization\/\",\"name\":\"CSJ Emballages\",\"url\":\"https:\/\/www.csj-emballages.com\/es\/\",\"logo\":{\"@type\":\"ImageObject\",\"inLanguage\":\"es\",\"@id\":\"https:\/\/www.csj-emballages.com\/es\/#\/schema\/logo\/image\/\",\"url\":\"https:\/\/www.csj-emballages.com\/wp-content\/uploads\/2023\/10\/logo_csj.webp\",\"contentUrl\":\"https:\/\/www.csj-emballages.com\/wp-content\/uploads\/2023\/10\/logo_csj.webp\",\"width\":250,\"height\":95,\"caption\":\"CSJ Emballages\"},\"image\":{\"@id\":\"https:\/\/www.csj-emballages.com\/es\/#\/schema\/logo\/image\/\"},\"sameAs\":[\"https:\/\/www.facebook.com\/csjemballages\"],\"address\":{\"@type\":\"PostalAddress\",\"streetAddress\":\"ZI La Lechere\",\"addressLocality\":\"Patornay\",\"postalCode\":\"39130\",\"addressCountry\":\"FR\"},\"contactPoint\":[{\"@type\":\"ContactPoint\",\"contactType\":\"Service client\",\"telephone\":\"0384254272\",\"email\":\"contact@csj-emballages.com\"}]}]}<\/script>\n<!-- \/ Yoast SEO Premium plugin. -->","yoast_head_json":{"title":"Soporte cuadrado para tartas An\u00eds \/ Fucsia 18 x 18 cm x 100","description":"A\u00f1ada un toque de color a sus postres con el soporte para tartas An\u00eds \/ Fucsia 18 x 18 cm. Resistente, pr\u00e1ctico y perfecto para pasteleros profesionales.","robots":{"index":"index","follow":"follow","max-snippet":"max-snippet:-1","max-image-preview":"max-image-preview:large","max-video-preview":"max-video-preview:-1"},"canonical":"https:\/\/www.csj-emballages.com\/es\/produit\/100-cake-stands-cuadrados-de-color-anis-fucsia-18-x-18-cm\/","og_locale":"es_ES","og_type":"article","og_title":"Soporte cuadrado para tartas an\u00eds \/ fucsia 18 x 18 cm por 100","og_description":"A\u00f1ada un toque de color a sus postres con el soporte para tartas An\u00eds \/ Fucsia 18 x 18 cm. Resistente, pr\u00e1ctico y perfecto para pasteleros profesionales.","og_url":"https:\/\/www.csj-emballages.com\/es\/produit\/100-cake-stands-cuadrados-de-color-anis-fucsia-18-x-18-cm\/","og_site_name":"CSJ Emballages","article_publisher":"https:\/\/www.facebook.com\/csjemballages","article_modified_time":"2026-04-16T00:12:00+00:00","og_image":[{"width":800,"height":800,"url":"https:\/\/www.csj-emballages.com\/wp-content\/uploads\/2024\/03\/Supports-carres-colores.webp","type":"image\/webp"}],"twitter_card":"summary_large_image","twitter_misc":{"Tiempo de lectura":"2 minutos"},"schema":{"@context":"https:\/\/schema.org","@graph":[{"@type":"WebPage","@id":"https:\/\/www.csj-emballages.com\/es\/produit\/100-cake-stands-cuadrados-de-color-anis-fucsia-18-x-18-cm\/","url":"https:\/\/www.csj-emballages.com\/es\/produit\/100-cake-stands-cuadrados-de-color-anis-fucsia-18-x-18-cm\/","name":"Soporte cuadrado para tartas An\u00eds \/ Fucsia 18 x 18 cm x 100","isPartOf":{"@id":"https:\/\/www.csj-emballages.com\/es\/#website"},"primaryImageOfPage":{"@id":"https:\/\/www.csj-emballages.com\/es\/produit\/100-cake-stands-cuadrados-de-color-anis-fucsia-18-x-18-cm\/#primaryimage"},"image":{"@id":"https:\/\/www.csj-emballages.com\/es\/produit\/100-cake-stands-cuadrados-de-color-anis-fucsia-18-x-18-cm\/#primaryimage"},"thumbnailUrl":"https:\/\/www.csj-emballages.com\/wp-content\/uploads\/2024\/03\/Supports-carres-colores.webp","datePublished":"2025-09-26T14:18:20+00:00","dateModified":"2026-04-16T00:12:00+00:00","description":"A\u00f1ada un toque de color a sus postres con el soporte para tartas An\u00eds \/ Fucsia 18 x 18 cm. Resistente, pr\u00e1ctico y perfecto para pasteleros profesionales.","breadcrumb":{"@id":"https:\/\/www.csj-emballages.com\/es\/produit\/100-cake-stands-cuadrados-de-color-anis-fucsia-18-x-18-cm\/#breadcrumb"},"inLanguage":"es","potentialAction":[{"@type":"ReadAction","target":["https:\/\/www.csj-emballages.com\/es\/produit\/100-cake-stands-cuadrados-de-color-anis-fucsia-18-x-18-cm\/"]}]},{"@type":"ImageObject","inLanguage":"es","@id":"https:\/\/www.csj-emballages.com\/es\/produit\/100-cake-stands-cuadrados-de-color-anis-fucsia-18-x-18-cm\/#primaryimage","url":"https:\/\/www.csj-emballages.com\/wp-content\/uploads\/2024\/03\/Supports-carres-colores.webp","contentUrl":"https:\/\/www.csj-emballages.com\/wp-content\/uploads\/2024\/03\/Supports-carres-colores.webp","width":800,"height":800,"caption":"Support \u00e0 g\u00e2teau"},{"@type":"BreadcrumbList","@id":"https:\/\/www.csj-emballages.com\/es\/produit\/100-cake-stands-cuadrados-de-color-anis-fucsia-18-x-18-cm\/#breadcrumb","itemListElement":[{"@type":"ListItem","position":1,"name":"Accueil","item":"https:\/\/www.csj-emballages.com\/es\/universo-del-envasado-alimentario\/"},{"@type":"ListItem","position":2,"name":"Tienda","item":"https:\/\/www.csj-emballages.com\/tienda\/"},{"@type":"ListItem","position":3,"name":"Soporte cuadrado para tartas an\u00eds \/ fucsia 18 x 18 cm por 100"}]},{"@type":"WebSite","@id":"https:\/\/www.csj-emballages.com\/es\/#website","url":"https:\/\/www.csj-emballages.com\/es\/","name":"CSJ Emballages","description":"","publisher":{"@id":"https:\/\/www.csj-emballages.com\/es\/#organization"},"potentialAction":[{"@type":"SearchAction","target":{"@type":"EntryPoint","urlTemplate":"https:\/\/www.csj-emballages.com\/es\/?s={search_term_string}"},"query-input":{"@type":"PropertyValueSpecification","valueRequired":true,"valueName":"search_term_string"}}],"inLanguage":"es"},{"@type":"Organization","@id":"https:\/\/www.csj-emballages.com\/es\/#Organization\/","name":"CSJ Emballages","url":"https:\/\/www.csj-emballages.com\/es\/","logo":{"@type":"ImageObject","inLanguage":"es","@id":"https:\/\/www.csj-emballages.com\/es\/#\/schema\/logo\/image\/","url":"https:\/\/www.csj-emballages.com\/wp-content\/uploads\/2023\/10\/logo_csj.webp","contentUrl":"https:\/\/www.csj-emballages.com\/wp-content\/uploads\/2023\/10\/logo_csj.webp","width":250,"height":95,"caption":"CSJ Emballages"},"image":{"@id":"https:\/\/www.csj-emballages.com\/es\/#\/schema\/logo\/image\/"},"sameAs":["https:\/\/www.facebook.com\/csjemballages"],"address":{"@type":"PostalAddress","streetAddress":"ZI La Lechere","addressLocality":"Patornay","postalCode":"39130","addressCountry":"FR"},"contactPoint":[{"@type":"ContactPoint","contactType":"Service client","telephone":"0384254272","email":"contact@csj-emballages.com"}]}]}},"df_price":7.31,"df_sale_price":7.31,"df_regular_price":18.28,"df_image_link":"https:\/\/www.csj-emballages.com\/wp-content\/uploads\/2024\/03\/Supports-carres-colores-300x300.webp","tiered_pricing_type":"fixed","tiered_pricing_fixed_rules":[],"tiered_pricing_percentage_rules":[],"tiered_pricing_minimum":1,"tiered_pricing_roles_data":[],"_links":{"self":[{"href":"https:\/\/www.csj-emballages.com\/es\/wp-json\/wp\/v2\/product\/245131","targetHints":{"allow":["GET"]}}],"collection":[{"href":"https:\/\/www.csj-emballages.com\/es\/wp-json\/wp\/v2\/product"}],"about":[{"href":"https:\/\/www.csj-emballages.com\/es\/wp-json\/wp\/v2\/types\/product"}],"wp:featuredmedia":[{"embeddable":true,"href":"https:\/\/www.csj-emballages.com\/es\/wp-json\/wp\/v2\/media\/253291"}],"wp:attachment":[{"href":"https:\/\/www.csj-emballages.com\/es\/wp-json\/wp\/v2\/media?parent=245131"}],"wp:term":[{"taxonomy":"product_brand","embeddable":true,"href":"https:\/\/www.csj-emballages.com\/es\/wp-json\/wp\/v2\/product_brand?post=245131"},{"taxonomy":"product_cat","embeddable":true,"href":"https:\/\/www.csj-emballages.com\/es\/wp-json\/wp\/v2\/product_cat?post=245131"},{"taxonomy":"product_tag","embeddable":true,"href":"https:\/\/www.csj-emballages.com\/es\/wp-json\/wp\/v2\/product_tag?post=245131"}],"curies":[{"name":"wp","href":"https:\/\/api.w.org\/{rel}","templated":true}]}}