{"id":245106,"date":"2025-09-18T14:18:35","date_gmt":"2025-09-18T12:18:35","guid":{"rendered":"https:\/\/www.csj-emballages.com\/produit\/ambientador-auney-vainilla-250ml\/"},"modified":"2026-04-03T02:11:35","modified_gmt":"2026-04-03T00:11:35","slug":"ambientador-auney-vainilla-250ml","status":"publish","type":"product","link":"https:\/\/www.csj-emballages.com\/es\/produit\/ambientador-auney-vainilla-250ml\/","title":{"rendered":"Ambientador Auney vainilla 250ml"},"content":{"rendered":"<h2>Ambientador con aroma de vainilla<\/h2>\n<hr>\n<h3>Descripci\u00f3n de nuestro ambientador de vainilla auney 250ml<\/h3>\n<p><!--more--><\/p>\n<p data-start=\"0\" data-end=\"464\">Aporta un toque de <strong data-start=\"53\" data-end=\"66\">frescor<\/strong> y <strong data-start=\"73\" data-end=\"84\">suavidad<\/strong> a tu hogar con <strong data-start=\"107\" data-end=\"151\">el ambientador Auney Vainilla 250 ml.<\/strong> Gracias a su f\u00f3rmula especialmente dise\u00f1ada para una difusi\u00f3n prolongada, envuelve cada estancia en una <strong data-start=\"253\" data-end=\"288\">deliciosa y reconfortante fragancia<\/strong>. Este <strong>ambientador<\/strong> de vainilla destaca por su eficacia y facilidad de uso.  <\/p>\n<p data-start=\"466\" data-end=\"843\">Estos <strong data-start=\"480\" data-end=\"505\">recambios, compatibles con<\/strong> su difusor, son perfectos para perfumar una habitaci\u00f3n de forma continua. Neutralizan los malos olores al tiempo que liberan un <strong data-start=\"666\" data-end=\"676\">sutil<\/strong> <strong data-start=\"680\" data-end=\"692\">y duradero<\/strong> aroma <strong data-start=\"644\" data-end=\"655\">a vainilla<\/strong>. Cada pulverizaci\u00f3n deja tras de s\u00ed un ambiente c\u00e1lido que atrae al instante a sus clientes, personal o invitados.  <\/p>\n<p data-start=\"845\" data-end=\"1272\">Adem\u00e1s, una sola recarga le proporciona hasta <strong data-start=\"892\" data-end=\"915\">3.000 pulverizaciones<\/strong>, lo que garantiza un uso duradero y econ\u00f3mico. Este formato <strong>de 250 ml<\/strong> es ideal para un uso regular en restaurantes, tiendas e incluso en casa. Con este <strong>ambientador de vainilla<\/strong>, ya no tendr\u00e1 que preocuparse por los olores persistentes: su acci\u00f3n <strong>desodorizante<\/strong> act\u00faa r\u00e1pidamente para garantizar un ambiente agradable durante todo el d\u00eda.  <\/p>\n<p data-start=\"1274\" data-end=\"1560\">Cuando eliges <strong>el ambientador de vainilla Auney<\/strong>, est\u00e1s eligiendo un producto <strong data-start=\"1363\" data-end=\"1375\">pr\u00e1ctico<\/strong>, <strong data-start=\"1377\" data-end=\"1389\">eficaz<\/strong> y respetuoso con tu sentido del olfato. Su suave y envolvente fragancia de vainilla crea un ambiente relajante que favorece la relajaci\u00f3n y el bienestar. <\/p>\n<p data-start=\"1562\" data-end=\"1814\">En resumen, si busca <strong data-start=\"1590\" data-end=\"1605\">desodorizar<\/strong>, <strong data-start=\"1607\" data-end=\"1619\">perfumar<\/strong> o simplemente mejorar el aire de su hogar, este <strong>ambientador<\/strong> es el aliado perfecto. Combina rendimiento, durabilidad y una fragancia irresistible para transformar tus espacios en un capullo arom\u00e1tico. <\/p>\n<p data-start=\"1562\" data-end=\"1814\"><!--more--><\/p>\n<h4 data-start=\"1562\" data-end=\"1814\">Ventajas :<\/h4>\n<ul>\n<li>Hasta <strong data-start=\"2048\" data-end=\"2071\">3.000 pulverizaciones<\/strong> por recambio para una larga duraci\u00f3n.<\/li>\n<li><strong data-start=\"2112\" data-end=\"2130\">Fragancia de vainilla<\/strong> dulce, c\u00e1lida y duradera.<\/li>\n<li>Neutraliza eficazmente los malos olores.<\/li>\n<li><strong data-start=\"2222\" data-end=\"2241\">Pr\u00e1ctico<\/strong> formato <strong data-start=\"2222\" data-end=\"2241\">de 250 ml<\/strong>, perfecto para profesionales y consumidores.<\/li>\n<li>Liberaci\u00f3n continua gracias a los <strong data-start=\"2325\" data-end=\"2350\">recambios compatibles.<\/strong><\/li>\n<\/ul>\n<p>&nbsp;<\/p>\n<p><!--more--><\/p>\n<h4>Informaci\u00f3n adicional :<\/h4>\n<ul>\n<li><strong>Embalaje<\/strong>: Por unidad<\/li>\n<li><strong>Volumen<\/strong>: 250 ml<\/li>\n<li><strong>Fragancia<\/strong>: Auney Vanille<\/li>\n<\/ul>\n<p>&nbsp;<\/p>\n<p><!--more--><\/p>\n<p>Descubra aqu\u00ed nuestro ambientador con aroma de lim\u00f3n de 750 ml: <span style=\"color: #d12727;\"><a style=\"color: #d12727;\" href=\"https:\/\/www.csj-emballages.com\/es\/produit\/ambientador-fragancia-limon-aerosol-750-ml\/\">2249750<\/a><\/span><\/p>\n<p>&nbsp;<\/p>\n<p><!--more--><\/p>\n<p><a href=\"https:\/\/www.csj-emballages.com\/es\/categorie-produit\/ambientadores-perfumes\/\">Ver el resto de nuestra gama de ambientadores \/ fragancias<\/a><\/p>\n","protected":false},"excerpt":{"rendered":"<p>Ambientador con aroma de vainilla Descripci\u00f3n de nuestro ambientador de vainilla auney 250ml<\/p>\n","protected":false},"featured_media":245101,"template":"","meta":{"_acf_changed":false},"product_brand":[],"product_cat":[1226,1227,9725],"product_tag":[],"class_list":{"0":"post-245106","1":"product","2":"type-product","3":"status-publish","4":"has-post-thumbnail","6":"product_cat-higiene-y-mantenimiento","7":"product_cat-productos-de-limpieza","8":"product_cat-ambientadores-perfumes-es-2","10":"first","11":"instock","12":"taxable","13":"shipping-taxable","14":"purchasable","15":"product-type-simple"},"acf":[],"yoast_head":"<!-- This site is optimized with the Yoast SEO Premium plugin v26.6 (Yoast SEO v26.6) - https:\/\/yoast.com\/wordpress\/plugins\/seo\/ -->\n<title>Ambientador Auney Vainilla 250ml<\/title>\n<meta name=\"description\" content=\"Ambientador con aroma a vainilla Auney 250 ml: hasta 3.000 pulverizaciones para una fragancia deliciosa y duradera. Ideal para neutralizar los malos olores.\" \/>\n<meta name=\"robots\" content=\"index, follow, max-snippet:-1, max-image-preview:large, max-video-preview:-1\" \/>\n<link rel=\"canonical\" href=\"https:\/\/www.csj-emballages.com\/es\/produit\/ambientador-auney-vainilla-250ml\/\" \/>\n<meta property=\"og:locale\" content=\"es_ES\" \/>\n<meta property=\"og:type\" content=\"article\" \/>\n<meta property=\"og:title\" content=\"Ambientador Auney vainilla 250ml\" \/>\n<meta property=\"og:description\" content=\"Ambientador con aroma a vainilla Auney 250 ml: hasta 3.000 pulverizaciones para una fragancia deliciosa y duradera. Ideal para neutralizar los malos olores.\" \/>\n<meta property=\"og:url\" content=\"https:\/\/www.csj-emballages.com\/es\/produit\/ambientador-auney-vainilla-250ml\/\" \/>\n<meta property=\"og:site_name\" content=\"CSJ Emballages\" \/>\n<meta property=\"article:publisher\" content=\"https:\/\/www.facebook.com\/csjemballages\" \/>\n<meta property=\"article:modified_time\" content=\"2026-04-03T00:11:35+00:00\" \/>\n<meta property=\"og:image\" content=\"https:\/\/www.csj-emballages.com\/wp-content\/uploads\/2025\/09\/135277.webp\" \/>\n\t<meta property=\"og:image:width\" content=\"800\" \/>\n\t<meta property=\"og:image:height\" content=\"800\" \/>\n\t<meta property=\"og:image:type\" content=\"image\/webp\" \/>\n<meta name=\"twitter:card\" content=\"summary_large_image\" \/>\n<meta name=\"twitter:label1\" content=\"Tiempo de lectura\" \/>\n\t<meta name=\"twitter:data1\" content=\"2 minutos\" \/>\n<script type=\"application\/ld+json\" class=\"yoast-schema-graph\">{\"@context\":\"https:\/\/schema.org\",\"@graph\":[{\"@type\":\"WebPage\",\"@id\":\"https:\/\/www.csj-emballages.com\/es\/produit\/ambientador-auney-vainilla-250ml\/\",\"url\":\"https:\/\/www.csj-emballages.com\/es\/produit\/ambientador-auney-vainilla-250ml\/\",\"name\":\"Ambientador Auney Vainilla 250ml\",\"isPartOf\":{\"@id\":\"https:\/\/www.csj-emballages.com\/es\/#website\"},\"primaryImageOfPage\":{\"@id\":\"https:\/\/www.csj-emballages.com\/es\/produit\/ambientador-auney-vainilla-250ml\/#primaryimage\"},\"image\":{\"@id\":\"https:\/\/www.csj-emballages.com\/es\/produit\/ambientador-auney-vainilla-250ml\/#primaryimage\"},\"thumbnailUrl\":\"https:\/\/www.csj-emballages.com\/wp-content\/uploads\/2025\/09\/135277.webp\",\"datePublished\":\"2025-09-18T12:18:35+00:00\",\"dateModified\":\"2026-04-03T00:11:35+00:00\",\"description\":\"Ambientador con aroma a vainilla Auney 250 ml: hasta 3.000 pulverizaciones para una fragancia deliciosa y duradera. Ideal para neutralizar los malos olores.\",\"breadcrumb\":{\"@id\":\"https:\/\/www.csj-emballages.com\/es\/produit\/ambientador-auney-vainilla-250ml\/#breadcrumb\"},\"inLanguage\":\"es\",\"potentialAction\":[{\"@type\":\"ReadAction\",\"target\":[\"https:\/\/www.csj-emballages.com\/es\/produit\/ambientador-auney-vainilla-250ml\/\"]}]},{\"@type\":\"ImageObject\",\"inLanguage\":\"es\",\"@id\":\"https:\/\/www.csj-emballages.com\/es\/produit\/ambientador-auney-vainilla-250ml\/#primaryimage\",\"url\":\"https:\/\/www.csj-emballages.com\/wp-content\/uploads\/2025\/09\/135277.webp\",\"contentUrl\":\"https:\/\/www.csj-emballages.com\/wp-content\/uploads\/2025\/09\/135277.webp\",\"width\":800,\"height\":800,\"caption\":\"D\u00e9sodorisant parfum vanille\"},{\"@type\":\"BreadcrumbList\",\"@id\":\"https:\/\/www.csj-emballages.com\/es\/produit\/ambientador-auney-vainilla-250ml\/#breadcrumb\",\"itemListElement\":[{\"@type\":\"ListItem\",\"position\":1,\"name\":\"Accueil\",\"item\":\"https:\/\/www.csj-emballages.com\/es\/universo-del-envasado-alimentario\/\"},{\"@type\":\"ListItem\",\"position\":2,\"name\":\"Tienda\",\"item\":\"https:\/\/www.csj-emballages.com\/tienda\/\"},{\"@type\":\"ListItem\",\"position\":3,\"name\":\"Ambientador Auney vainilla 250ml\"}]},{\"@type\":\"WebSite\",\"@id\":\"https:\/\/www.csj-emballages.com\/es\/#website\",\"url\":\"https:\/\/www.csj-emballages.com\/es\/\",\"name\":\"CSJ Emballages\",\"description\":\"\",\"publisher\":{\"@id\":\"https:\/\/www.csj-emballages.com\/es\/#organization\"},\"potentialAction\":[{\"@type\":\"SearchAction\",\"target\":{\"@type\":\"EntryPoint\",\"urlTemplate\":\"https:\/\/www.csj-emballages.com\/es\/?s={search_term_string}\"},\"query-input\":{\"@type\":\"PropertyValueSpecification\",\"valueRequired\":true,\"valueName\":\"search_term_string\"}}],\"inLanguage\":\"es\"},{\"@type\":\"Organization\",\"@id\":\"https:\/\/www.csj-emballages.com\/es\/#Organization\/\",\"name\":\"CSJ Emballages\",\"url\":\"https:\/\/www.csj-emballages.com\/es\/\",\"logo\":{\"@type\":\"ImageObject\",\"inLanguage\":\"es\",\"@id\":\"https:\/\/www.csj-emballages.com\/es\/#\/schema\/logo\/image\/\",\"url\":\"https:\/\/www.csj-emballages.com\/wp-content\/uploads\/2023\/10\/logo_csj.webp\",\"contentUrl\":\"https:\/\/www.csj-emballages.com\/wp-content\/uploads\/2023\/10\/logo_csj.webp\",\"width\":250,\"height\":95,\"caption\":\"CSJ Emballages\"},\"image\":{\"@id\":\"https:\/\/www.csj-emballages.com\/es\/#\/schema\/logo\/image\/\"},\"sameAs\":[\"https:\/\/www.facebook.com\/csjemballages\"],\"address\":{\"@type\":\"PostalAddress\",\"streetAddress\":\"ZI La Lechere\",\"addressLocality\":\"Patornay\",\"postalCode\":\"39130\",\"addressCountry\":\"FR\"},\"contactPoint\":[{\"@type\":\"ContactPoint\",\"contactType\":\"Service client\",\"telephone\":\"0384254272\",\"email\":\"contact@csj-emballages.com\"}]}]}<\/script>\n<!-- \/ Yoast SEO Premium plugin. -->","yoast_head_json":{"title":"Ambientador Auney Vainilla 250ml","description":"Ambientador con aroma a vainilla Auney 250 ml: hasta 3.000 pulverizaciones para una fragancia deliciosa y duradera. Ideal para neutralizar los malos olores.","robots":{"index":"index","follow":"follow","max-snippet":"max-snippet:-1","max-image-preview":"max-image-preview:large","max-video-preview":"max-video-preview:-1"},"canonical":"https:\/\/www.csj-emballages.com\/es\/produit\/ambientador-auney-vainilla-250ml\/","og_locale":"es_ES","og_type":"article","og_title":"Ambientador Auney vainilla 250ml","og_description":"Ambientador con aroma a vainilla Auney 250 ml: hasta 3.000 pulverizaciones para una fragancia deliciosa y duradera. Ideal para neutralizar los malos olores.","og_url":"https:\/\/www.csj-emballages.com\/es\/produit\/ambientador-auney-vainilla-250ml\/","og_site_name":"CSJ Emballages","article_publisher":"https:\/\/www.facebook.com\/csjemballages","article_modified_time":"2026-04-03T00:11:35+00:00","og_image":[{"width":800,"height":800,"url":"https:\/\/www.csj-emballages.com\/wp-content\/uploads\/2025\/09\/135277.webp","type":"image\/webp"}],"twitter_card":"summary_large_image","twitter_misc":{"Tiempo de lectura":"2 minutos"},"schema":{"@context":"https:\/\/schema.org","@graph":[{"@type":"WebPage","@id":"https:\/\/www.csj-emballages.com\/es\/produit\/ambientador-auney-vainilla-250ml\/","url":"https:\/\/www.csj-emballages.com\/es\/produit\/ambientador-auney-vainilla-250ml\/","name":"Ambientador Auney Vainilla 250ml","isPartOf":{"@id":"https:\/\/www.csj-emballages.com\/es\/#website"},"primaryImageOfPage":{"@id":"https:\/\/www.csj-emballages.com\/es\/produit\/ambientador-auney-vainilla-250ml\/#primaryimage"},"image":{"@id":"https:\/\/www.csj-emballages.com\/es\/produit\/ambientador-auney-vainilla-250ml\/#primaryimage"},"thumbnailUrl":"https:\/\/www.csj-emballages.com\/wp-content\/uploads\/2025\/09\/135277.webp","datePublished":"2025-09-18T12:18:35+00:00","dateModified":"2026-04-03T00:11:35+00:00","description":"Ambientador con aroma a vainilla Auney 250 ml: hasta 3.000 pulverizaciones para una fragancia deliciosa y duradera. Ideal para neutralizar los malos olores.","breadcrumb":{"@id":"https:\/\/www.csj-emballages.com\/es\/produit\/ambientador-auney-vainilla-250ml\/#breadcrumb"},"inLanguage":"es","potentialAction":[{"@type":"ReadAction","target":["https:\/\/www.csj-emballages.com\/es\/produit\/ambientador-auney-vainilla-250ml\/"]}]},{"@type":"ImageObject","inLanguage":"es","@id":"https:\/\/www.csj-emballages.com\/es\/produit\/ambientador-auney-vainilla-250ml\/#primaryimage","url":"https:\/\/www.csj-emballages.com\/wp-content\/uploads\/2025\/09\/135277.webp","contentUrl":"https:\/\/www.csj-emballages.com\/wp-content\/uploads\/2025\/09\/135277.webp","width":800,"height":800,"caption":"D\u00e9sodorisant parfum vanille"},{"@type":"BreadcrumbList","@id":"https:\/\/www.csj-emballages.com\/es\/produit\/ambientador-auney-vainilla-250ml\/#breadcrumb","itemListElement":[{"@type":"ListItem","position":1,"name":"Accueil","item":"https:\/\/www.csj-emballages.com\/es\/universo-del-envasado-alimentario\/"},{"@type":"ListItem","position":2,"name":"Tienda","item":"https:\/\/www.csj-emballages.com\/tienda\/"},{"@type":"ListItem","position":3,"name":"Ambientador Auney vainilla 250ml"}]},{"@type":"WebSite","@id":"https:\/\/www.csj-emballages.com\/es\/#website","url":"https:\/\/www.csj-emballages.com\/es\/","name":"CSJ Emballages","description":"","publisher":{"@id":"https:\/\/www.csj-emballages.com\/es\/#organization"},"potentialAction":[{"@type":"SearchAction","target":{"@type":"EntryPoint","urlTemplate":"https:\/\/www.csj-emballages.com\/es\/?s={search_term_string}"},"query-input":{"@type":"PropertyValueSpecification","valueRequired":true,"valueName":"search_term_string"}}],"inLanguage":"es"},{"@type":"Organization","@id":"https:\/\/www.csj-emballages.com\/es\/#Organization\/","name":"CSJ Emballages","url":"https:\/\/www.csj-emballages.com\/es\/","logo":{"@type":"ImageObject","inLanguage":"es","@id":"https:\/\/www.csj-emballages.com\/es\/#\/schema\/logo\/image\/","url":"https:\/\/www.csj-emballages.com\/wp-content\/uploads\/2023\/10\/logo_csj.webp","contentUrl":"https:\/\/www.csj-emballages.com\/wp-content\/uploads\/2023\/10\/logo_csj.webp","width":250,"height":95,"caption":"CSJ Emballages"},"image":{"@id":"https:\/\/www.csj-emballages.com\/es\/#\/schema\/logo\/image\/"},"sameAs":["https:\/\/www.facebook.com\/csjemballages"],"address":{"@type":"PostalAddress","streetAddress":"ZI La Lechere","addressLocality":"Patornay","postalCode":"39130","addressCountry":"FR"},"contactPoint":[{"@type":"ContactPoint","contactType":"Service client","telephone":"0384254272","email":"contact@csj-emballages.com"}]}]}},"df_price":9.18,"df_sale_price":"","df_regular_price":9.18,"df_image_link":"https:\/\/www.csj-emballages.com\/wp-content\/uploads\/2025\/09\/135277-300x300.webp","tiered_pricing_type":"fixed","tiered_pricing_fixed_rules":[],"tiered_pricing_percentage_rules":[],"tiered_pricing_minimum":1,"tiered_pricing_roles_data":[],"_links":{"self":[{"href":"https:\/\/www.csj-emballages.com\/es\/wp-json\/wp\/v2\/product\/245106","targetHints":{"allow":["GET"]}}],"collection":[{"href":"https:\/\/www.csj-emballages.com\/es\/wp-json\/wp\/v2\/product"}],"about":[{"href":"https:\/\/www.csj-emballages.com\/es\/wp-json\/wp\/v2\/types\/product"}],"wp:featuredmedia":[{"embeddable":true,"href":"https:\/\/www.csj-emballages.com\/es\/wp-json\/wp\/v2\/media\/245101"}],"wp:attachment":[{"href":"https:\/\/www.csj-emballages.com\/es\/wp-json\/wp\/v2\/media?parent=245106"}],"wp:term":[{"taxonomy":"product_brand","embeddable":true,"href":"https:\/\/www.csj-emballages.com\/es\/wp-json\/wp\/v2\/product_brand?post=245106"},{"taxonomy":"product_cat","embeddable":true,"href":"https:\/\/www.csj-emballages.com\/es\/wp-json\/wp\/v2\/product_cat?post=245106"},{"taxonomy":"product_tag","embeddable":true,"href":"https:\/\/www.csj-emballages.com\/es\/wp-json\/wp\/v2\/product_tag?post=245106"}],"curies":[{"name":"wp","href":"https:\/\/api.w.org\/{rel}","templated":true}]}}