{"id":244297,"date":"2025-09-15T10:18:17","date_gmt":"2025-09-15T08:18:17","guid":{"rendered":"https:\/\/www.csj-emballages.com\/produit\/bandeja-de-plastico-precintable-de-1000-ml-100\/"},"modified":"2026-04-18T09:00:20","modified_gmt":"2026-04-18T07:00:20","slug":"bandeja-de-plastico-precintable-de-1000-ml-100","status":"publish","type":"product","link":"https:\/\/www.csj-emballages.com\/es\/produit\/bandeja-de-plastico-precintable-de-1000-ml-100\/","title":{"rendered":"Bandeja de pl\u00e1stico precintable de 1000 ml, 100"},"content":{"rendered":"<h2>Bandeja precintable<\/h2>\n<hr>\n<h3>Descripci\u00f3n de nuestra bandeja de pl\u00e1stico precintable de 1000 ml, paquete de 100<\/h3>\n<p><!--more--><\/p>\n<p data-start=\"0\" data-end=\"513\">Descubra la <strong data-start=\"50\" data-end=\"91\">bandeja de pl\u00e1stico precintable de 1000 ml<\/strong> dise\u00f1ada para satisfacer las necesidades de los profesionales de la restauraci\u00f3n, el catering y la comida para llevar. Fabricada en <strong data-start=\"219\" data-end=\"241\">polipropileno (PP)<\/strong> de alta calidad, esta <strong data-start=\"260\" data-end=\"289\">bandeja termosellable<\/strong> garantiza una excelente resistencia a las variaciones de temperatura, de <strong data-start=\"359\" data-end=\"379\">-20\u00b0C a +120\u00b0C<\/strong>. Esto significa que puede utilizarla tanto para platos congelados como calientes, sin preocuparse de que se deforme.<\/p>\n<p data-start=\"515\" data-end=\"897\">Con <strong data-start=\"524\" data-end=\"564\">unas pr\u00e1cticas dimensiones de 192 \u00d7 138 mm<\/strong> y <strong data-start=\"571\" data-end=\"591\">una altura de 62 mm<\/strong>, ofrece <strong data-start=\"607\" data-end=\"637\">un generoso volumen de 1.200 ml<\/strong>, ideal para porciones abundantes de platos preparados, ensaladas o postres. Asimismo, su robusto dise\u00f1o permite cerrarlo <strong data-start=\"751\" data-end=\"774\">herm\u00e9ticamente<\/strong>, lo que garantiza una conservaci\u00f3n \u00f3ptima de los sabores y una protecci\u00f3n eficaz contra las fugas, incluso durante el transporte.<\/p>\n<p data-start=\"899\" data-end=\"1222\">Adem\u00e1s, la <strong>bandeja transparente sellable<\/strong> es compatible con una amplia gama de films y termoselladoras, lo que facilita el <strong data-start=\"1009\" data-end=\"1042\">envasado r\u00e1pido y seguro de<\/strong> sus productos. Gracias a su elegante transparencia, sus clientes podr\u00e1n apreciar la calidad de sus platos a primera vista, reforzando su imagen profesional.<\/p>\n<p data-start=\"1224\" data-end=\"1604\">Por \u00faltimo, esta <strong>bandeja precintable<\/strong> <strong data-start=\"1251\" data-end=\"1264\">puede apilarse<\/strong>, lo que ahorra un valioso espacio durante el almacenamiento y el transporte. Tanto si es usted restaurador, hostelero o repartidor, se adapta perfectamente a sus necesidades cotidianas. <strong data-start=\"1475\" data-end=\"1509\">Pr\u00e1ctico, robusto e higi\u00e9nico<\/strong>, se convertir\u00e1 r\u00e1pidamente en indispensable para una organizaci\u00f3n eficaz y una presentaci\u00f3n meticulosa.<\/p>\n<p data-start=\"1606\" data-end=\"1814\">En resumen, elegir esta <strong data-start=\"1620\" data-end=\"1643\">bandeja de<\/strong> <strong>100 precintos<\/strong> significa optar por una soluci\u00f3n de envasado fiable y econ\u00f3mica que satisface las necesidades de los profesionales que buscan tanto <strong data-start=\"1784\" data-end=\"1795\">calidad<\/strong> como <strong data-start=\"1799\" data-end=\"1813\">eficacia<\/strong>.<\/p>\n<p data-start=\"1558\" data-end=\"1905\"><!--more--><\/p>\n<h4 data-start=\"1558\" data-end=\"1905\">Ventajas :<\/h4>\n<ul>\n<li data-start=\"1558\" data-end=\"1905\"><strong data-start=\"2120\" data-end=\"2131\">Soporta<\/strong> temperaturas de -20\u00b0C a +120\u00b0C: congelaci\u00f3n y recalentamiento sin riesgo.<\/li>\n<li data-start=\"1558\" data-end=\"1905\"><strong data-start=\"2198\" data-end=\"2222\">Cierre herm\u00e9tico<\/strong> para un transporte seguro e higi\u00e9nico.<\/li>\n<li data-start=\"1558\" data-end=\"1905\"><strong data-start=\"2264\" data-end=\"2287\">El dise\u00f1o transparente<\/strong> realza todas las preparaciones.<\/li>\n<li data-start=\"1558\" data-end=\"1905\"><strong data-start=\"2330\" data-end=\"2355\">Gran volumen de 1.000 ml<\/strong>, ideal para porciones generosas.<\/li>\n<li data-start=\"1558\" data-end=\"1905\"><strong data-start=\"2393\" data-end=\"2418\">Paquete econ\u00f3mico de 100 unidades<\/strong>, perfecto para profesionales.<\/li>\n<\/ul>\n<p>&nbsp;<\/p>\n<p><!--more--><\/p>\n<h4>Informaci\u00f3n adicional :<\/h4>\n<ul>\n<li><strong>Embalaje<\/strong>: Paquete de 100<\/li>\n<li><strong>Dimensiones<\/strong>: 192 \u00d7 138 x 62 (L x A x A en mm)<\/li>\n<li><strong>Volumen<\/strong>: 1000 ml<\/li>\n<li><strong>Color<\/strong>: Transparente<\/li>\n<li><strong>Material<\/strong>: PP (Polipropileno)<\/li>\n<li><strong>Temperatura de funcionamiento<\/strong>: -20 \u00b0C \/ +120 \u00b0C<\/li>\n<\/ul>\n<p>&nbsp;<\/p>\n<p><!--more--><\/p>\n<p>Esta bandeja precintable est\u00e1 disponible en diferentes vol\u00famenes: <span style=\"color: #d12727;\"><a style=\"color: #d12727;\" href=\"https:\/\/www.csj-emballages.com\/es\/produit\/100-bandejas-desechables-de-plastico-precintable-250-ml\/\">250 ml<\/a><\/span> \/ <span style=\"color: #d12727;\"><a style=\"color: #d12727;\" href=\"https:\/\/www.csj-emballages.com\/es\/produit\/120-bandejas-de-plastico-desechables-con-cierre-375-ml\/\">375 ml<\/a><\/span> \/ <span style=\"color: #d12727;\"><a style=\"color: #d12727;\" href=\"https:\/\/www.csj-emballages.com\/es\/produit\/100-bandejas-desechables-de-plastico-precintable-500-ml\/\">500 ml<\/a><\/span> \/ <span style=\"color: #d12727;\"><a style=\"color: #d12727;\" href=\"https:\/\/www.csj-emballages.com\/es\/produit\/140-bandejas-de-plastico-desechables-con-cierre-750-ml\/\">750 ml<\/a><\/span> \/ <span style=\"color: #d12727;\"><a style=\"color: #d12727;\" href=\"https:\/\/www.csj-emballages.com\/es\/produit\/bandeja-de-plastico-precintable-de-1500-ml-por-100\/\">1500 ml<\/a> <\/span> <\/p>\n<p>&nbsp;<\/p>\n<p><!--more--><\/p>\n<p><a href=\"https:\/\/www.csj-emballages.com\/es\/categorie-produit\/envasado-de-alimentos\/carniceria-y-charcuteria\/bandejas-latas-y-tarros\/bandejas-latas-tarros-de-comida\/alphacel-bandejas-precintables\/bandejas-translucidas-precintables\/\">Ver el resto de nuestra gama de bandejas precintables<\/a><\/p>\n","protected":false},"excerpt":{"rendered":"<p>Bandeja precintable Descripci\u00f3n de nuestra bandeja de pl\u00e1stico precintable de 1000 ml, paquete de 100<\/p>\n","protected":false},"featured_media":244305,"template":"","meta":{"_acf_changed":false},"product_brand":[],"product_cat":[1150,1143,2296,1491,2246,3615],"product_tag":[],"class_list":{"0":"post-244297","1":"product","2":"type-product","3":"status-publish","4":"has-post-thumbnail","6":"product_cat-envasado-de-alimentos","7":"product_cat-carniceria-y-charcuteria","8":"product_cat-bandejas-latas-y-tarros","9":"product_cat-bandejas-latas-tarros-de-comida","10":"product_cat-alphacel-bandejas-precintables","11":"product_cat-bandejas-translucidas-precintables","13":"first","14":"instock","15":"taxable","16":"shipping-taxable","17":"purchasable","18":"product-type-simple"},"acf":[],"yoast_head":"<!-- This site is optimized with the Yoast SEO Premium plugin v26.6 (Yoast SEO v26.6) - https:\/\/yoast.com\/wordpress\/plugins\/seo\/ -->\n<title>Bandeja de pl\u00e1stico precintable 1000 ml por 100<\/title>\n<meta name=\"description\" content=\"Bandeja de pl\u00e1stico sellable de 1000 ml, de -20\u00b0C a +120\u00b0C, ideal para platos calientes\/fr\u00edos. Cierre herm\u00e9tico, paquete de 100.\" \/>\n<meta name=\"robots\" content=\"index, follow, max-snippet:-1, max-image-preview:large, max-video-preview:-1\" \/>\n<link rel=\"canonical\" href=\"https:\/\/www.csj-emballages.com\/es\/produit\/bandeja-de-plastico-precintable-de-1000-ml-100\/\" \/>\n<meta property=\"og:locale\" content=\"es_ES\" \/>\n<meta property=\"og:type\" content=\"article\" \/>\n<meta property=\"og:title\" content=\"Bandeja de pl\u00e1stico precintable de 1000 ml, 100\" \/>\n<meta property=\"og:description\" content=\"Bandeja de pl\u00e1stico sellable de 1000 ml, de -20\u00b0C a +120\u00b0C, ideal para platos calientes\/fr\u00edos. Cierre herm\u00e9tico, paquete de 100.\" \/>\n<meta property=\"og:url\" content=\"https:\/\/www.csj-emballages.com\/es\/produit\/bandeja-de-plastico-precintable-de-1000-ml-100\/\" \/>\n<meta property=\"og:site_name\" content=\"CSJ Emballages\" \/>\n<meta property=\"article:publisher\" content=\"https:\/\/www.facebook.com\/csjemballages\" \/>\n<meta property=\"article:modified_time\" content=\"2026-04-18T07:00:20+00:00\" \/>\n<meta property=\"og:image\" content=\"https:\/\/www.csj-emballages.com\/wp-content\/uploads\/2025\/09\/TS1000AL-1.webp\" \/>\n\t<meta property=\"og:image:width\" content=\"800\" \/>\n\t<meta property=\"og:image:height\" content=\"800\" \/>\n\t<meta property=\"og:image:type\" content=\"image\/webp\" \/>\n<meta name=\"twitter:card\" content=\"summary_large_image\" \/>\n<meta name=\"twitter:label1\" content=\"Tiempo de lectura\" \/>\n\t<meta name=\"twitter:data1\" content=\"2 minutos\" \/>\n<script type=\"application\/ld+json\" class=\"yoast-schema-graph\">{\"@context\":\"https:\/\/schema.org\",\"@graph\":[{\"@type\":\"WebPage\",\"@id\":\"https:\/\/www.csj-emballages.com\/es\/produit\/bandeja-de-plastico-precintable-de-1000-ml-100\/\",\"url\":\"https:\/\/www.csj-emballages.com\/es\/produit\/bandeja-de-plastico-precintable-de-1000-ml-100\/\",\"name\":\"Bandeja de pl\u00e1stico precintable 1000 ml por 100\",\"isPartOf\":{\"@id\":\"https:\/\/www.csj-emballages.com\/es\/#website\"},\"primaryImageOfPage\":{\"@id\":\"https:\/\/www.csj-emballages.com\/es\/produit\/bandeja-de-plastico-precintable-de-1000-ml-100\/#primaryimage\"},\"image\":{\"@id\":\"https:\/\/www.csj-emballages.com\/es\/produit\/bandeja-de-plastico-precintable-de-1000-ml-100\/#primaryimage\"},\"thumbnailUrl\":\"https:\/\/www.csj-emballages.com\/wp-content\/uploads\/2025\/09\/TS1000AL-1.webp\",\"datePublished\":\"2025-09-15T08:18:17+00:00\",\"dateModified\":\"2026-04-18T07:00:20+00:00\",\"description\":\"Bandeja de pl\u00e1stico sellable de 1000 ml, de -20\u00b0C a +120\u00b0C, ideal para platos calientes\/fr\u00edos. Cierre herm\u00e9tico, paquete de 100.\",\"breadcrumb\":{\"@id\":\"https:\/\/www.csj-emballages.com\/es\/produit\/bandeja-de-plastico-precintable-de-1000-ml-100\/#breadcrumb\"},\"inLanguage\":\"es\",\"potentialAction\":[{\"@type\":\"ReadAction\",\"target\":[\"https:\/\/www.csj-emballages.com\/es\/produit\/bandeja-de-plastico-precintable-de-1000-ml-100\/\"]}]},{\"@type\":\"ImageObject\",\"inLanguage\":\"es\",\"@id\":\"https:\/\/www.csj-emballages.com\/es\/produit\/bandeja-de-plastico-precintable-de-1000-ml-100\/#primaryimage\",\"url\":\"https:\/\/www.csj-emballages.com\/wp-content\/uploads\/2025\/09\/TS1000AL-1.webp\",\"contentUrl\":\"https:\/\/www.csj-emballages.com\/wp-content\/uploads\/2025\/09\/TS1000AL-1.webp\",\"width\":800,\"height\":800,\"caption\":\"Barquette scellable\"},{\"@type\":\"BreadcrumbList\",\"@id\":\"https:\/\/www.csj-emballages.com\/es\/produit\/bandeja-de-plastico-precintable-de-1000-ml-100\/#breadcrumb\",\"itemListElement\":[{\"@type\":\"ListItem\",\"position\":1,\"name\":\"Accueil\",\"item\":\"https:\/\/www.csj-emballages.com\/es\/universo-del-envasado-alimentario\/\"},{\"@type\":\"ListItem\",\"position\":2,\"name\":\"Tienda\",\"item\":\"https:\/\/www.csj-emballages.com\/tienda\/\"},{\"@type\":\"ListItem\",\"position\":3,\"name\":\"Bandeja de pl\u00e1stico precintable de 1000 ml, 100\"}]},{\"@type\":\"WebSite\",\"@id\":\"https:\/\/www.csj-emballages.com\/es\/#website\",\"url\":\"https:\/\/www.csj-emballages.com\/es\/\",\"name\":\"CSJ Emballages\",\"description\":\"\",\"publisher\":{\"@id\":\"https:\/\/www.csj-emballages.com\/es\/#organization\"},\"potentialAction\":[{\"@type\":\"SearchAction\",\"target\":{\"@type\":\"EntryPoint\",\"urlTemplate\":\"https:\/\/www.csj-emballages.com\/es\/?s={search_term_string}\"},\"query-input\":{\"@type\":\"PropertyValueSpecification\",\"valueRequired\":true,\"valueName\":\"search_term_string\"}}],\"inLanguage\":\"es\"},{\"@type\":\"Organization\",\"@id\":\"https:\/\/www.csj-emballages.com\/es\/#Organization\/\",\"name\":\"CSJ Emballages\",\"url\":\"https:\/\/www.csj-emballages.com\/es\/\",\"logo\":{\"@type\":\"ImageObject\",\"inLanguage\":\"es\",\"@id\":\"https:\/\/www.csj-emballages.com\/es\/#\/schema\/logo\/image\/\",\"url\":\"https:\/\/www.csj-emballages.com\/wp-content\/uploads\/2023\/10\/logo_csj.webp\",\"contentUrl\":\"https:\/\/www.csj-emballages.com\/wp-content\/uploads\/2023\/10\/logo_csj.webp\",\"width\":250,\"height\":95,\"caption\":\"CSJ Emballages\"},\"image\":{\"@id\":\"https:\/\/www.csj-emballages.com\/es\/#\/schema\/logo\/image\/\"},\"sameAs\":[\"https:\/\/www.facebook.com\/csjemballages\"],\"address\":{\"@type\":\"PostalAddress\",\"streetAddress\":\"ZI La Lechere\",\"addressLocality\":\"Patornay\",\"postalCode\":\"39130\",\"addressCountry\":\"FR\"},\"contactPoint\":[{\"@type\":\"ContactPoint\",\"contactType\":\"Service client\",\"telephone\":\"0384254272\",\"email\":\"contact@csj-emballages.com\"}]}]}<\/script>\n<!-- \/ Yoast SEO Premium plugin. -->","yoast_head_json":{"title":"Bandeja de pl\u00e1stico precintable 1000 ml por 100","description":"Bandeja de pl\u00e1stico sellable de 1000 ml, de -20\u00b0C a +120\u00b0C, ideal para platos calientes\/fr\u00edos. Cierre herm\u00e9tico, paquete de 100.","robots":{"index":"index","follow":"follow","max-snippet":"max-snippet:-1","max-image-preview":"max-image-preview:large","max-video-preview":"max-video-preview:-1"},"canonical":"https:\/\/www.csj-emballages.com\/es\/produit\/bandeja-de-plastico-precintable-de-1000-ml-100\/","og_locale":"es_ES","og_type":"article","og_title":"Bandeja de pl\u00e1stico precintable de 1000 ml, 100","og_description":"Bandeja de pl\u00e1stico sellable de 1000 ml, de -20\u00b0C a +120\u00b0C, ideal para platos calientes\/fr\u00edos. Cierre herm\u00e9tico, paquete de 100.","og_url":"https:\/\/www.csj-emballages.com\/es\/produit\/bandeja-de-plastico-precintable-de-1000-ml-100\/","og_site_name":"CSJ Emballages","article_publisher":"https:\/\/www.facebook.com\/csjemballages","article_modified_time":"2026-04-18T07:00:20+00:00","og_image":[{"width":800,"height":800,"url":"https:\/\/www.csj-emballages.com\/wp-content\/uploads\/2025\/09\/TS1000AL-1.webp","type":"image\/webp"}],"twitter_card":"summary_large_image","twitter_misc":{"Tiempo de lectura":"2 minutos"},"schema":{"@context":"https:\/\/schema.org","@graph":[{"@type":"WebPage","@id":"https:\/\/www.csj-emballages.com\/es\/produit\/bandeja-de-plastico-precintable-de-1000-ml-100\/","url":"https:\/\/www.csj-emballages.com\/es\/produit\/bandeja-de-plastico-precintable-de-1000-ml-100\/","name":"Bandeja de pl\u00e1stico precintable 1000 ml por 100","isPartOf":{"@id":"https:\/\/www.csj-emballages.com\/es\/#website"},"primaryImageOfPage":{"@id":"https:\/\/www.csj-emballages.com\/es\/produit\/bandeja-de-plastico-precintable-de-1000-ml-100\/#primaryimage"},"image":{"@id":"https:\/\/www.csj-emballages.com\/es\/produit\/bandeja-de-plastico-precintable-de-1000-ml-100\/#primaryimage"},"thumbnailUrl":"https:\/\/www.csj-emballages.com\/wp-content\/uploads\/2025\/09\/TS1000AL-1.webp","datePublished":"2025-09-15T08:18:17+00:00","dateModified":"2026-04-18T07:00:20+00:00","description":"Bandeja de pl\u00e1stico sellable de 1000 ml, de -20\u00b0C a +120\u00b0C, ideal para platos calientes\/fr\u00edos. Cierre herm\u00e9tico, paquete de 100.","breadcrumb":{"@id":"https:\/\/www.csj-emballages.com\/es\/produit\/bandeja-de-plastico-precintable-de-1000-ml-100\/#breadcrumb"},"inLanguage":"es","potentialAction":[{"@type":"ReadAction","target":["https:\/\/www.csj-emballages.com\/es\/produit\/bandeja-de-plastico-precintable-de-1000-ml-100\/"]}]},{"@type":"ImageObject","inLanguage":"es","@id":"https:\/\/www.csj-emballages.com\/es\/produit\/bandeja-de-plastico-precintable-de-1000-ml-100\/#primaryimage","url":"https:\/\/www.csj-emballages.com\/wp-content\/uploads\/2025\/09\/TS1000AL-1.webp","contentUrl":"https:\/\/www.csj-emballages.com\/wp-content\/uploads\/2025\/09\/TS1000AL-1.webp","width":800,"height":800,"caption":"Barquette scellable"},{"@type":"BreadcrumbList","@id":"https:\/\/www.csj-emballages.com\/es\/produit\/bandeja-de-plastico-precintable-de-1000-ml-100\/#breadcrumb","itemListElement":[{"@type":"ListItem","position":1,"name":"Accueil","item":"https:\/\/www.csj-emballages.com\/es\/universo-del-envasado-alimentario\/"},{"@type":"ListItem","position":2,"name":"Tienda","item":"https:\/\/www.csj-emballages.com\/tienda\/"},{"@type":"ListItem","position":3,"name":"Bandeja de pl\u00e1stico precintable de 1000 ml, 100"}]},{"@type":"WebSite","@id":"https:\/\/www.csj-emballages.com\/es\/#website","url":"https:\/\/www.csj-emballages.com\/es\/","name":"CSJ Emballages","description":"","publisher":{"@id":"https:\/\/www.csj-emballages.com\/es\/#organization"},"potentialAction":[{"@type":"SearchAction","target":{"@type":"EntryPoint","urlTemplate":"https:\/\/www.csj-emballages.com\/es\/?s={search_term_string}"},"query-input":{"@type":"PropertyValueSpecification","valueRequired":true,"valueName":"search_term_string"}}],"inLanguage":"es"},{"@type":"Organization","@id":"https:\/\/www.csj-emballages.com\/es\/#Organization\/","name":"CSJ Emballages","url":"https:\/\/www.csj-emballages.com\/es\/","logo":{"@type":"ImageObject","inLanguage":"es","@id":"https:\/\/www.csj-emballages.com\/es\/#\/schema\/logo\/image\/","url":"https:\/\/www.csj-emballages.com\/wp-content\/uploads\/2023\/10\/logo_csj.webp","contentUrl":"https:\/\/www.csj-emballages.com\/wp-content\/uploads\/2023\/10\/logo_csj.webp","width":250,"height":95,"caption":"CSJ Emballages"},"image":{"@id":"https:\/\/www.csj-emballages.com\/es\/#\/schema\/logo\/image\/"},"sameAs":["https:\/\/www.facebook.com\/csjemballages"],"address":{"@type":"PostalAddress","streetAddress":"ZI La Lechere","addressLocality":"Patornay","postalCode":"39130","addressCountry":"FR"},"contactPoint":[{"@type":"ContactPoint","contactType":"Service client","telephone":"0384254272","email":"contact@csj-emballages.com"}]}]}},"df_price":8.36,"df_sale_price":"","df_regular_price":8.36,"df_image_link":"https:\/\/www.csj-emballages.com\/wp-content\/uploads\/2025\/09\/TS1000AL-1-300x300.webp","tiered_pricing_type":"fixed","tiered_pricing_fixed_rules":[],"tiered_pricing_percentage_rules":[],"tiered_pricing_minimum":1,"tiered_pricing_roles_data":[],"_links":{"self":[{"href":"https:\/\/www.csj-emballages.com\/es\/wp-json\/wp\/v2\/product\/244297","targetHints":{"allow":["GET"]}}],"collection":[{"href":"https:\/\/www.csj-emballages.com\/es\/wp-json\/wp\/v2\/product"}],"about":[{"href":"https:\/\/www.csj-emballages.com\/es\/wp-json\/wp\/v2\/types\/product"}],"wp:featuredmedia":[{"embeddable":true,"href":"https:\/\/www.csj-emballages.com\/es\/wp-json\/wp\/v2\/media\/244305"}],"wp:attachment":[{"href":"https:\/\/www.csj-emballages.com\/es\/wp-json\/wp\/v2\/media?parent=244297"}],"wp:term":[{"taxonomy":"product_brand","embeddable":true,"href":"https:\/\/www.csj-emballages.com\/es\/wp-json\/wp\/v2\/product_brand?post=244297"},{"taxonomy":"product_cat","embeddable":true,"href":"https:\/\/www.csj-emballages.com\/es\/wp-json\/wp\/v2\/product_cat?post=244297"},{"taxonomy":"product_tag","embeddable":true,"href":"https:\/\/www.csj-emballages.com\/es\/wp-json\/wp\/v2\/product_tag?post=244297"}],"curies":[{"name":"wp","href":"https:\/\/api.w.org\/{rel}","templated":true}]}}