{"id":244216,"date":"2025-09-15T09:48:56","date_gmt":"2025-09-15T07:48:56","guid":{"rendered":"https:\/\/www.csj-emballages.com\/produit\/mezcla-de-boletus-y-ceps-secos-500-gr-en-tarro-pet\/"},"modified":"2026-04-01T02:10:52","modified_gmt":"2026-04-01T00:10:52","slug":"mezcla-de-boletus-y-ceps-secos-500-gr-en-tarro-pet","status":"publish","type":"product","link":"https:\/\/www.csj-emballages.com\/es\/produit\/mezcla-de-boletus-y-ceps-secos-500-gr-en-tarro-pet\/","title":{"rendered":"Mezcla de boletus y ceps secos 500 gr en tarro PET"},"content":{"rendered":"<h2 class=\"p1\">Mezcla de boletus y boletus secos<\/h2>\n<hr>\n<h3>Descripci\u00f3n de nuestra mezcla desecada de boletus y ceps 500g en tarro PET<\/h3>\n<p><!--more--><\/p>\n<p data-start=\"37\" data-end=\"385\">Descubra nuestra <strong data-start=\"53\" data-end=\"97\">mezcla de boletus y ceps de 500 g en tarro PET<\/strong>, perfecta para dar un toque gourmet y forestal a sus recetas. Elaborada a partir de <strong>setas<\/strong> cuidadosamente seleccionadas, esta <strong>mezcla<\/strong> combina el intenso sabor del <strong data-start=\"270\" data-end=\"279\">porcini<\/strong> con la delicada textura <strong data-start=\"306\" data-end=\"316\">del boletus<\/strong>, para un aroma aut\u00e9ntico que realzar\u00e1 sus platos en cualquier estaci\u00f3n.<\/p>\n<p data-start=\"387\" data-end=\"895\">Pr\u00e1ctico y f\u00e1cil de usar, este producto se prepara en pocos pasos. Basta con <strong data-start=\"473\" data-end=\"503\">rehidratar las setas<\/strong> en<strong data-start=\"514\" data-end=\"551\">agua hirviendo durante 20 minutos<\/strong>, <strong data-start=\"565\" data-end=\"587\">aclararlas bien<\/strong> y <strong data-start=\"598\" data-end=\"610\">escurrirlas<\/strong>. A continuaci\u00f3n, puede cocinarlas como si <strong data-start=\"655\" data-end=\"676\">fueran setas frescas<\/strong>, ya sea en un plato de verduras a la sart\u00e9n, en una salsa cremosa, en un risotto o como guarnici\u00f3n de carne o pescado. Gracias a este formato, podr\u00e1 disfrutar del sabor del bosque durante todo el a\u00f1o, sin depender de las estaciones.   <\/p>\n<p data-start=\"897\" data-end=\"1209\">Este <strong>tarro<\/strong> <strong data-start=\"916\" data-end=\"923\">de PET<\/strong> tambi\u00e9n garantiza una buena conservaci\u00f3n. Conserva la calidad de los <strong>champi\u00f1ones<\/strong> al tiempo que proporciona una excelente protecci\u00f3n contra la humedad y la luz. Para mantener su sabor, conserve el tarro en un lugar fresco, seco y protegido de la luz, <strong data-start=\"1174\" data-end=\"1206\">en su envase original<\/strong>.<\/p>\n<p data-start=\"1211\" data-end=\"1583\">Adem\u00e1s, esta <strong data-start=\"1214\" data-end=\"1241\">mezcla lista para usar<\/strong> es ideal para los profesionales de la restauraci\u00f3n, los restauradores o los aficionados a la cocina que desean ahorrar tiempo preservando la calidad de sus preparaciones. Con su <strong data-start=\"1427\" data-end=\"1459\">larga vida \u00fatil<\/strong>, siempre tendr\u00e1 a mano un ingrediente noble y refinado para transformar sus comidas en un aut\u00e9ntico viaje de sabor.<\/p>\n<p data-start=\"1585\" data-end=\"1738\">Saboree la diferencia: pruebe nuestra <strong data-start=\"1624\" data-end=\"1651\">mezcla de boletus y boletus porcini<\/strong> y ofrezca a sus invitados una experiencia culinaria tan aut\u00e9ntica como pr\u00e1ctica.<\/p>\n<p><!--more--><\/p>\n<h4><strong>Ventajas :<\/strong><\/h4>\n<ul>\n<li>El <strong data-start=\"1966\" data-end=\"1986\">aut\u00e9ntico sabor de<\/strong> las setas porcini y los boletus para platos de gran sabor.<\/li>\n<li><strong data-start=\"2045\" data-end=\"2064\">Listo para usar<\/strong>: rehidrataci\u00f3n r\u00e1pida en 20 minutos.<\/li>\n<li><strong data-start=\"2107\" data-end=\"2136\">Conservaci\u00f3n duradera<\/strong> en un tarro de PET resistente y protector.<\/li>\n<li>Ideal para <strong data-start=\"2197\" data-end=\"2215\">profesionales<\/strong> y cocineros apasionados.<\/li>\n<li>Disponible todo el a\u00f1o, independientemente de la estaci\u00f3n.<\/li>\n<\/ul>\n<p>&nbsp;<\/p>\n<p><!--more--><\/p>\n<h4>Informaci\u00f3n adicional :<\/h4>\n<ul>\n<li><strong>Envase<\/strong>: Tarro de 500 g<\/li>\n<\/ul>\n<p>&nbsp;<\/p>\n<p><!--more--><\/p>\n<p><a href=\"https:\/\/www.csj-emballages.com\/es\/categorie-produit\/alimentacion-es\/setas-secas\/\">Ver el resto de nuestra gama de setas deshidratadas<\/a><\/p>\n","protected":false},"excerpt":{"rendered":"<p>Mezcla de boletus y boletus secos Descripci\u00f3n de nuestra mezcla desecada de boletus y ceps 500g en tarro PET<\/p>\n","protected":false},"featured_media":244210,"template":"","meta":{"_acf_changed":false},"product_brand":[],"product_cat":[1150,1162,9709],"product_tag":[],"class_list":{"0":"post-244216","1":"product","2":"type-product","3":"status-publish","4":"has-post-thumbnail","6":"product_cat-envasado-de-alimentos","7":"product_cat-alimentacion-es","8":"product_cat-setas-secas","10":"first","11":"instock","12":"taxable","13":"shipping-taxable","14":"purchasable","15":"product-type-simple"},"acf":[],"yoast_head":"<!-- This site is optimized with the Yoast SEO Premium plugin v26.6 (Yoast SEO v26.6) - https:\/\/yoast.com\/wordpress\/plugins\/seo\/ -->\n<title>Mezcla de Boletus y Porcini 500 gr en tarro PET<\/title>\n<meta name=\"description\" content=\"Mezcla de boletus y ceps secos 500 g en tarro PET - Setas secas que se rehidratan durante 20 minutos y luego se cocinan como frescas.\" \/>\n<meta name=\"robots\" content=\"index, follow, max-snippet:-1, max-image-preview:large, max-video-preview:-1\" \/>\n<link rel=\"canonical\" href=\"https:\/\/www.csj-emballages.com\/es\/produit\/mezcla-de-boletus-y-ceps-secos-500-gr-en-tarro-pet\/\" \/>\n<meta property=\"og:locale\" content=\"es_ES\" \/>\n<meta property=\"og:type\" content=\"article\" \/>\n<meta property=\"og:title\" content=\"Mezcla de boletus y ceps secos 500 gr en tarro PET\" \/>\n<meta property=\"og:description\" content=\"Mezcla de boletus y ceps secos 500 g en tarro PET - Setas secas que se rehidratan durante 20 minutos y luego se cocinan como frescas.\" \/>\n<meta property=\"og:url\" content=\"https:\/\/www.csj-emballages.com\/es\/produit\/mezcla-de-boletus-y-ceps-secos-500-gr-en-tarro-pet\/\" \/>\n<meta property=\"og:site_name\" content=\"CSJ Emballages\" \/>\n<meta property=\"article:publisher\" content=\"https:\/\/www.facebook.com\/csjemballages\" \/>\n<meta property=\"article:modified_time\" content=\"2026-04-01T00:10:52+00:00\" \/>\n<meta property=\"og:image\" content=\"https:\/\/www.csj-emballages.com\/wp-content\/uploads\/2025\/09\/11503.webp\" \/>\n\t<meta property=\"og:image:width\" content=\"800\" \/>\n\t<meta property=\"og:image:height\" content=\"800\" \/>\n\t<meta property=\"og:image:type\" content=\"image\/webp\" \/>\n<meta name=\"twitter:card\" content=\"summary_large_image\" \/>\n<meta name=\"twitter:label1\" content=\"Tiempo de lectura\" \/>\n\t<meta name=\"twitter:data1\" content=\"2 minutos\" \/>\n<script type=\"application\/ld+json\" class=\"yoast-schema-graph\">{\"@context\":\"https:\/\/schema.org\",\"@graph\":[{\"@type\":\"WebPage\",\"@id\":\"https:\/\/www.csj-emballages.com\/es\/produit\/mezcla-de-boletus-y-ceps-secos-500-gr-en-tarro-pet\/\",\"url\":\"https:\/\/www.csj-emballages.com\/es\/produit\/mezcla-de-boletus-y-ceps-secos-500-gr-en-tarro-pet\/\",\"name\":\"Mezcla de Boletus y Porcini 500 gr en tarro PET\",\"isPartOf\":{\"@id\":\"https:\/\/www.csj-emballages.com\/es\/#website\"},\"primaryImageOfPage\":{\"@id\":\"https:\/\/www.csj-emballages.com\/es\/produit\/mezcla-de-boletus-y-ceps-secos-500-gr-en-tarro-pet\/#primaryimage\"},\"image\":{\"@id\":\"https:\/\/www.csj-emballages.com\/es\/produit\/mezcla-de-boletus-y-ceps-secos-500-gr-en-tarro-pet\/#primaryimage\"},\"thumbnailUrl\":\"https:\/\/www.csj-emballages.com\/wp-content\/uploads\/2025\/09\/11503.webp\",\"datePublished\":\"2025-09-15T07:48:56+00:00\",\"dateModified\":\"2026-04-01T00:10:52+00:00\",\"description\":\"Mezcla de boletus y ceps secos 500 g en tarro PET - Setas secas que se rehidratan durante 20 minutos y luego se cocinan como frescas.\",\"breadcrumb\":{\"@id\":\"https:\/\/www.csj-emballages.com\/es\/produit\/mezcla-de-boletus-y-ceps-secos-500-gr-en-tarro-pet\/#breadcrumb\"},\"inLanguage\":\"es\",\"potentialAction\":[{\"@type\":\"ReadAction\",\"target\":[\"https:\/\/www.csj-emballages.com\/es\/produit\/mezcla-de-boletus-y-ceps-secos-500-gr-en-tarro-pet\/\"]}]},{\"@type\":\"ImageObject\",\"inLanguage\":\"es\",\"@id\":\"https:\/\/www.csj-emballages.com\/es\/produit\/mezcla-de-boletus-y-ceps-secos-500-gr-en-tarro-pet\/#primaryimage\",\"url\":\"https:\/\/www.csj-emballages.com\/wp-content\/uploads\/2025\/09\/11503.webp\",\"contentUrl\":\"https:\/\/www.csj-emballages.com\/wp-content\/uploads\/2025\/09\/11503.webp\",\"width\":800,\"height\":800,\"caption\":\"M\u00e9lange bolets et c\u00e8pes s\u00e9ch\u00e9s\"},{\"@type\":\"BreadcrumbList\",\"@id\":\"https:\/\/www.csj-emballages.com\/es\/produit\/mezcla-de-boletus-y-ceps-secos-500-gr-en-tarro-pet\/#breadcrumb\",\"itemListElement\":[{\"@type\":\"ListItem\",\"position\":1,\"name\":\"Accueil\",\"item\":\"https:\/\/www.csj-emballages.com\/es\/universo-del-envasado-alimentario\/\"},{\"@type\":\"ListItem\",\"position\":2,\"name\":\"Tienda\",\"item\":\"https:\/\/www.csj-emballages.com\/tienda\/\"},{\"@type\":\"ListItem\",\"position\":3,\"name\":\"Mezcla de boletus y ceps secos 500 gr en tarro PET\"}]},{\"@type\":\"WebSite\",\"@id\":\"https:\/\/www.csj-emballages.com\/es\/#website\",\"url\":\"https:\/\/www.csj-emballages.com\/es\/\",\"name\":\"CSJ Emballages\",\"description\":\"\",\"publisher\":{\"@id\":\"https:\/\/www.csj-emballages.com\/es\/#organization\"},\"potentialAction\":[{\"@type\":\"SearchAction\",\"target\":{\"@type\":\"EntryPoint\",\"urlTemplate\":\"https:\/\/www.csj-emballages.com\/es\/?s={search_term_string}\"},\"query-input\":{\"@type\":\"PropertyValueSpecification\",\"valueRequired\":true,\"valueName\":\"search_term_string\"}}],\"inLanguage\":\"es\"},{\"@type\":\"Organization\",\"@id\":\"https:\/\/www.csj-emballages.com\/es\/#Organization\/\",\"name\":\"CSJ Emballages\",\"url\":\"https:\/\/www.csj-emballages.com\/es\/\",\"logo\":{\"@type\":\"ImageObject\",\"inLanguage\":\"es\",\"@id\":\"https:\/\/www.csj-emballages.com\/es\/#\/schema\/logo\/image\/\",\"url\":\"https:\/\/www.csj-emballages.com\/wp-content\/uploads\/2023\/10\/logo_csj.webp\",\"contentUrl\":\"https:\/\/www.csj-emballages.com\/wp-content\/uploads\/2023\/10\/logo_csj.webp\",\"width\":250,\"height\":95,\"caption\":\"CSJ Emballages\"},\"image\":{\"@id\":\"https:\/\/www.csj-emballages.com\/es\/#\/schema\/logo\/image\/\"},\"sameAs\":[\"https:\/\/www.facebook.com\/csjemballages\"],\"address\":{\"@type\":\"PostalAddress\",\"streetAddress\":\"ZI La Lechere\",\"addressLocality\":\"Patornay\",\"postalCode\":\"39130\",\"addressCountry\":\"FR\"},\"contactPoint\":[{\"@type\":\"ContactPoint\",\"contactType\":\"Service client\",\"telephone\":\"0384254272\",\"email\":\"contact@csj-emballages.com\"}]}]}<\/script>\n<!-- \/ Yoast SEO Premium plugin. -->","yoast_head_json":{"title":"Mezcla de Boletus y Porcini 500 gr en tarro PET","description":"Mezcla de boletus y ceps secos 500 g en tarro PET - Setas secas que se rehidratan durante 20 minutos y luego se cocinan como frescas.","robots":{"index":"index","follow":"follow","max-snippet":"max-snippet:-1","max-image-preview":"max-image-preview:large","max-video-preview":"max-video-preview:-1"},"canonical":"https:\/\/www.csj-emballages.com\/es\/produit\/mezcla-de-boletus-y-ceps-secos-500-gr-en-tarro-pet\/","og_locale":"es_ES","og_type":"article","og_title":"Mezcla de boletus y ceps secos 500 gr en tarro PET","og_description":"Mezcla de boletus y ceps secos 500 g en tarro PET - Setas secas que se rehidratan durante 20 minutos y luego se cocinan como frescas.","og_url":"https:\/\/www.csj-emballages.com\/es\/produit\/mezcla-de-boletus-y-ceps-secos-500-gr-en-tarro-pet\/","og_site_name":"CSJ Emballages","article_publisher":"https:\/\/www.facebook.com\/csjemballages","article_modified_time":"2026-04-01T00:10:52+00:00","og_image":[{"width":800,"height":800,"url":"https:\/\/www.csj-emballages.com\/wp-content\/uploads\/2025\/09\/11503.webp","type":"image\/webp"}],"twitter_card":"summary_large_image","twitter_misc":{"Tiempo de lectura":"2 minutos"},"schema":{"@context":"https:\/\/schema.org","@graph":[{"@type":"WebPage","@id":"https:\/\/www.csj-emballages.com\/es\/produit\/mezcla-de-boletus-y-ceps-secos-500-gr-en-tarro-pet\/","url":"https:\/\/www.csj-emballages.com\/es\/produit\/mezcla-de-boletus-y-ceps-secos-500-gr-en-tarro-pet\/","name":"Mezcla de Boletus y Porcini 500 gr en tarro PET","isPartOf":{"@id":"https:\/\/www.csj-emballages.com\/es\/#website"},"primaryImageOfPage":{"@id":"https:\/\/www.csj-emballages.com\/es\/produit\/mezcla-de-boletus-y-ceps-secos-500-gr-en-tarro-pet\/#primaryimage"},"image":{"@id":"https:\/\/www.csj-emballages.com\/es\/produit\/mezcla-de-boletus-y-ceps-secos-500-gr-en-tarro-pet\/#primaryimage"},"thumbnailUrl":"https:\/\/www.csj-emballages.com\/wp-content\/uploads\/2025\/09\/11503.webp","datePublished":"2025-09-15T07:48:56+00:00","dateModified":"2026-04-01T00:10:52+00:00","description":"Mezcla de boletus y ceps secos 500 g en tarro PET - Setas secas que se rehidratan durante 20 minutos y luego se cocinan como frescas.","breadcrumb":{"@id":"https:\/\/www.csj-emballages.com\/es\/produit\/mezcla-de-boletus-y-ceps-secos-500-gr-en-tarro-pet\/#breadcrumb"},"inLanguage":"es","potentialAction":[{"@type":"ReadAction","target":["https:\/\/www.csj-emballages.com\/es\/produit\/mezcla-de-boletus-y-ceps-secos-500-gr-en-tarro-pet\/"]}]},{"@type":"ImageObject","inLanguage":"es","@id":"https:\/\/www.csj-emballages.com\/es\/produit\/mezcla-de-boletus-y-ceps-secos-500-gr-en-tarro-pet\/#primaryimage","url":"https:\/\/www.csj-emballages.com\/wp-content\/uploads\/2025\/09\/11503.webp","contentUrl":"https:\/\/www.csj-emballages.com\/wp-content\/uploads\/2025\/09\/11503.webp","width":800,"height":800,"caption":"M\u00e9lange bolets et c\u00e8pes s\u00e9ch\u00e9s"},{"@type":"BreadcrumbList","@id":"https:\/\/www.csj-emballages.com\/es\/produit\/mezcla-de-boletus-y-ceps-secos-500-gr-en-tarro-pet\/#breadcrumb","itemListElement":[{"@type":"ListItem","position":1,"name":"Accueil","item":"https:\/\/www.csj-emballages.com\/es\/universo-del-envasado-alimentario\/"},{"@type":"ListItem","position":2,"name":"Tienda","item":"https:\/\/www.csj-emballages.com\/tienda\/"},{"@type":"ListItem","position":3,"name":"Mezcla de boletus y ceps secos 500 gr en tarro PET"}]},{"@type":"WebSite","@id":"https:\/\/www.csj-emballages.com\/es\/#website","url":"https:\/\/www.csj-emballages.com\/es\/","name":"CSJ Emballages","description":"","publisher":{"@id":"https:\/\/www.csj-emballages.com\/es\/#organization"},"potentialAction":[{"@type":"SearchAction","target":{"@type":"EntryPoint","urlTemplate":"https:\/\/www.csj-emballages.com\/es\/?s={search_term_string}"},"query-input":{"@type":"PropertyValueSpecification","valueRequired":true,"valueName":"search_term_string"}}],"inLanguage":"es"},{"@type":"Organization","@id":"https:\/\/www.csj-emballages.com\/es\/#Organization\/","name":"CSJ Emballages","url":"https:\/\/www.csj-emballages.com\/es\/","logo":{"@type":"ImageObject","inLanguage":"es","@id":"https:\/\/www.csj-emballages.com\/es\/#\/schema\/logo\/image\/","url":"https:\/\/www.csj-emballages.com\/wp-content\/uploads\/2023\/10\/logo_csj.webp","contentUrl":"https:\/\/www.csj-emballages.com\/wp-content\/uploads\/2023\/10\/logo_csj.webp","width":250,"height":95,"caption":"CSJ Emballages"},"image":{"@id":"https:\/\/www.csj-emballages.com\/es\/#\/schema\/logo\/image\/"},"sameAs":["https:\/\/www.facebook.com\/csjemballages"],"address":{"@type":"PostalAddress","streetAddress":"ZI La Lechere","addressLocality":"Patornay","postalCode":"39130","addressCountry":"FR"},"contactPoint":[{"@type":"ContactPoint","contactType":"Service client","telephone":"0384254272","email":"contact@csj-emballages.com"}]}]}},"df_price":21.56,"df_sale_price":"","df_regular_price":21.56,"df_image_link":"https:\/\/www.csj-emballages.com\/wp-content\/uploads\/2025\/09\/11503-300x300.webp","tiered_pricing_type":"fixed","tiered_pricing_fixed_rules":[],"tiered_pricing_percentage_rules":[],"tiered_pricing_minimum":1,"tiered_pricing_roles_data":[],"_links":{"self":[{"href":"https:\/\/www.csj-emballages.com\/es\/wp-json\/wp\/v2\/product\/244216","targetHints":{"allow":["GET"]}}],"collection":[{"href":"https:\/\/www.csj-emballages.com\/es\/wp-json\/wp\/v2\/product"}],"about":[{"href":"https:\/\/www.csj-emballages.com\/es\/wp-json\/wp\/v2\/types\/product"}],"wp:featuredmedia":[{"embeddable":true,"href":"https:\/\/www.csj-emballages.com\/es\/wp-json\/wp\/v2\/media\/244210"}],"wp:attachment":[{"href":"https:\/\/www.csj-emballages.com\/es\/wp-json\/wp\/v2\/media?parent=244216"}],"wp:term":[{"taxonomy":"product_brand","embeddable":true,"href":"https:\/\/www.csj-emballages.com\/es\/wp-json\/wp\/v2\/product_brand?post=244216"},{"taxonomy":"product_cat","embeddable":true,"href":"https:\/\/www.csj-emballages.com\/es\/wp-json\/wp\/v2\/product_cat?post=244216"},{"taxonomy":"product_tag","embeddable":true,"href":"https:\/\/www.csj-emballages.com\/es\/wp-json\/wp\/v2\/product_tag?post=244216"}],"curies":[{"name":"wp","href":"https:\/\/api.w.org\/{rel}","templated":true}]}}