{"id":244186,"date":"2025-09-15T09:48:49","date_gmt":"2025-09-15T07:48:49","guid":{"rendered":"https:\/\/www.csj-emballages.com\/produit\/ceps-secos-b-500-gr-en-tarro-pet\/"},"modified":"2026-03-28T02:10:31","modified_gmt":"2026-03-28T01:10:31","slug":"ceps-secos-b-500-gr-en-tarro-pet","status":"publish","type":"product","link":"https:\/\/www.csj-emballages.com\/es\/produit\/ceps-secos-b-500-gr-en-tarro-pet\/","title":{"rendered":"Ceps secos B 500 gr en tarro PET"},"content":{"rendered":"<h2 class=\"p1\">Setas porcini secas<\/h2>\n<hr>\n<h3>Descripci\u00f3n de nuestros ceps secos B 500 gr en tarro PET<\/h3>\n<p><!--more--><\/p>\n<p data-start=\"0\" data-end=\"441\">Descubra la autenticidad de las <strong data-start=\"59\" data-end=\"94\">setas porcini secas B 500 g en un tarro PET<\/strong>, un imprescindible para los amantes de la gastronom\u00eda. Estas <g id=\"gid_1\">setas excepcionales<\/g> se seleccionan cuidadosamente y se secan para conservar todo su <g id=\"gid_2\">sabor amaderado<\/g> y su delicado aroma. Gracias a este generoso formato, dispondr\u00e1 de la cantidad ideal para sus recetas familiares, salsas o guarniciones refinadas.  <\/p>\n<p data-start=\"443\" data-end=\"950\">Para revelar toda su riqueza arom\u00e1tica, nada m\u00e1s sencillo: basta con <strong data-start=\"523\" data-end=\"537\">rehidratar<\/strong> los ceps en<strong data-start=\"558\" data-end=\"576\">agua hirviendo<\/strong> durante unos <strong data-start=\"593\" data-end=\"607\">20 minutos<\/strong> y, a continuaci\u00f3n, enjuagarlos bien antes de <strong data-start=\"653\" data-end=\"665\">escurrirlos<\/strong>. Una vez finalizada esta etapa, est\u00e1n listos para ser cocinados <strong data-start=\"729\" data-end=\"760\">como setas frescas<\/strong>, a\u00f1adiendo un sabor intenso a sus risottos, carnes guisadas, tortillas o platos de pasta. Este m\u00e9todo conserva su textura carnosa y su sabor \u00fanico, una verdadera ventaja para realzar sus platos.  <\/p>\n<p data-start=\"952\" data-end=\"1438\">Envasadas en un <strong data-start=\"973\" data-end=\"1007\">pr\u00e1ctico tarro de PET herm\u00e9tico<\/strong>, estas <strong>setas porcini secas<\/strong> est\u00e1n protegidas de la humedad y la luz, lo que garantiza su \u00f3ptima conservaci\u00f3n. Para preservar su calidad, se recomienda conservarlas en un lugar <strong data-start=\"1183\" data-end=\"1192\">fresco<\/strong> y <strong data-start=\"1194\" data-end=\"1201\">seco<\/strong>, al<strong data-start=\"1209\" data-end=\"1231\">abrigo de la luz<\/strong> y en su envase original. As\u00ed podr\u00e1 disfrutar de un producto <strong data-start=\"1334\" data-end=\"1345\">natural<\/strong> y sabroso, listo para consumir.  <\/p>\n<p data-start=\"1440\" data-end=\"1840\"><strong data-start=\"1509\" data-end=\"1533\">Las setas porcini secas<\/strong> son el ingrediente perfecto para realzar sus creaciones culinarias. Su sabor refinado y su fragancia a bosque las convierten en un aut\u00e9ntico tesoro para todas sus preparaciones. Ofrezca a sus clientes o invitados una experiencia gustativa inolvidable incluyendo estos <strong>ceps<\/strong> secos en sus recetas.  <\/p>\n<p><!--more--><\/p>\n<h4><strong>Ventajas :<\/strong><\/h4>\n<ul>\n<li>Se conservan <strong data-start=\"2063\" data-end=\"2085\">el sabor aut\u00e9ntico<\/strong> y la fragancia del bosque.<\/li>\n<li>Formato de <strong data-start=\"2128\" data-end=\"2137\">500 g<\/strong> ideal para catering y cocina casera.<\/li>\n<li><strong data-start=\"2191\" data-end=\"2213\">Tarro de PET herm\u00e9tico<\/strong> para un almacenamiento duradero.<\/li>\n<li>F\u00e1cil de preparar: <strong data-start=\"2274\" data-end=\"2306\">rehidratar, enjuagar, escurrir<\/strong> y cocinar.<\/li>\n<li>Un producto <strong data-start=\"2334\" data-end=\"2345\">natural<\/strong>, pr\u00e1ctico y econ\u00f3mico para recetas refinadas.<\/li>\n<\/ul>\n<p>&nbsp;<\/p>\n<p><!--more--><\/p>\n<h4>Informaci\u00f3n adicional :<\/h4>\n<ul>\n<li><strong>Envase<\/strong>: Tarro de 500 g<\/li>\n<\/ul>\n<p>&nbsp;<\/p>\n<p><!--more--><\/p>\n<p><a href=\"https:\/\/www.csj-emballages.com\/es\/categorie-produit\/alimentacion-es\/setas-secas\/\">Ver el resto de nuestra gama de setas deshidratadas<\/a><\/p>\n","protected":false},"excerpt":{"rendered":"<p>Setas porcini secas Descripci\u00f3n de nuestros ceps secos B 500 gr en tarro PET<\/p>\n","protected":false},"featured_media":244177,"template":"","meta":{"_acf_changed":false},"product_brand":[],"product_cat":[1150,1162,9709],"product_tag":[],"class_list":{"0":"post-244186","1":"product","2":"type-product","3":"status-publish","4":"has-post-thumbnail","6":"product_cat-envasado-de-alimentos","7":"product_cat-alimentacion-es","8":"product_cat-setas-secas","10":"first","11":"instock","12":"taxable","13":"shipping-taxable","14":"purchasable","15":"product-type-simple"},"acf":[],"yoast_head":"<!-- This site is optimized with the Yoast SEO Premium plugin v26.6 (Yoast SEO v26.6) - https:\/\/yoast.com\/wordpress\/plugins\/seo\/ -->\n<title>Ceps secos B 500 gr en tarro PET<\/title>\n<meta name=\"description\" content=\"Saboree el intenso aroma de las setas porcini secas B 500 g en un tarro PET. Rehidr\u00e1talos, coc\u00ednalos y realza tus platos con su sabor le\u00f1oso \u00fanico.\" \/>\n<meta name=\"robots\" content=\"index, follow, max-snippet:-1, max-image-preview:large, max-video-preview:-1\" \/>\n<link rel=\"canonical\" href=\"https:\/\/www.csj-emballages.com\/es\/produit\/ceps-secos-b-500-gr-en-tarro-pet\/\" \/>\n<meta property=\"og:locale\" content=\"es_ES\" \/>\n<meta property=\"og:type\" content=\"article\" \/>\n<meta property=\"og:title\" content=\"Ceps secos B 500 gr en tarro PET\" \/>\n<meta property=\"og:description\" content=\"Saboree el intenso aroma de las setas porcini secas B 500 g en un tarro PET. Rehidr\u00e1talos, coc\u00ednalos y realza tus platos con su sabor le\u00f1oso \u00fanico.\" \/>\n<meta property=\"og:url\" content=\"https:\/\/www.csj-emballages.com\/es\/produit\/ceps-secos-b-500-gr-en-tarro-pet\/\" \/>\n<meta property=\"og:site_name\" content=\"CSJ Emballages\" \/>\n<meta property=\"article:publisher\" content=\"https:\/\/www.facebook.com\/csjemballages\" \/>\n<meta property=\"article:modified_time\" content=\"2026-03-28T01:10:31+00:00\" \/>\n<meta property=\"og:image\" content=\"https:\/\/www.csj-emballages.com\/wp-content\/uploads\/2025\/09\/11502.webp\" \/>\n\t<meta property=\"og:image:width\" content=\"800\" \/>\n\t<meta property=\"og:image:height\" content=\"800\" \/>\n\t<meta property=\"og:image:type\" content=\"image\/webp\" \/>\n<meta name=\"twitter:card\" content=\"summary_large_image\" \/>\n<meta name=\"twitter:label1\" content=\"Tiempo de lectura\" \/>\n\t<meta name=\"twitter:data1\" content=\"2 minutos\" \/>\n<script type=\"application\/ld+json\" class=\"yoast-schema-graph\">{\"@context\":\"https:\/\/schema.org\",\"@graph\":[{\"@type\":\"WebPage\",\"@id\":\"https:\/\/www.csj-emballages.com\/es\/produit\/ceps-secos-b-500-gr-en-tarro-pet\/\",\"url\":\"https:\/\/www.csj-emballages.com\/es\/produit\/ceps-secos-b-500-gr-en-tarro-pet\/\",\"name\":\"Ceps secos B 500 gr en tarro PET\",\"isPartOf\":{\"@id\":\"https:\/\/www.csj-emballages.com\/es\/#website\"},\"primaryImageOfPage\":{\"@id\":\"https:\/\/www.csj-emballages.com\/es\/produit\/ceps-secos-b-500-gr-en-tarro-pet\/#primaryimage\"},\"image\":{\"@id\":\"https:\/\/www.csj-emballages.com\/es\/produit\/ceps-secos-b-500-gr-en-tarro-pet\/#primaryimage\"},\"thumbnailUrl\":\"https:\/\/www.csj-emballages.com\/wp-content\/uploads\/2025\/09\/11502.webp\",\"datePublished\":\"2025-09-15T07:48:49+00:00\",\"dateModified\":\"2026-03-28T01:10:31+00:00\",\"description\":\"Saboree el intenso aroma de las setas porcini secas B 500 g en un tarro PET. Rehidr\u00e1talos, coc\u00ednalos y realza tus platos con su sabor le\u00f1oso \u00fanico.\",\"breadcrumb\":{\"@id\":\"https:\/\/www.csj-emballages.com\/es\/produit\/ceps-secos-b-500-gr-en-tarro-pet\/#breadcrumb\"},\"inLanguage\":\"es\",\"potentialAction\":[{\"@type\":\"ReadAction\",\"target\":[\"https:\/\/www.csj-emballages.com\/es\/produit\/ceps-secos-b-500-gr-en-tarro-pet\/\"]}]},{\"@type\":\"ImageObject\",\"inLanguage\":\"es\",\"@id\":\"https:\/\/www.csj-emballages.com\/es\/produit\/ceps-secos-b-500-gr-en-tarro-pet\/#primaryimage\",\"url\":\"https:\/\/www.csj-emballages.com\/wp-content\/uploads\/2025\/09\/11502.webp\",\"contentUrl\":\"https:\/\/www.csj-emballages.com\/wp-content\/uploads\/2025\/09\/11502.webp\",\"width\":800,\"height\":800,\"caption\":\"C\u00e8pes s\u00e9ch\u00e9s\"},{\"@type\":\"BreadcrumbList\",\"@id\":\"https:\/\/www.csj-emballages.com\/es\/produit\/ceps-secos-b-500-gr-en-tarro-pet\/#breadcrumb\",\"itemListElement\":[{\"@type\":\"ListItem\",\"position\":1,\"name\":\"Accueil\",\"item\":\"https:\/\/www.csj-emballages.com\/es\/universo-del-envasado-alimentario\/\"},{\"@type\":\"ListItem\",\"position\":2,\"name\":\"Tienda\",\"item\":\"https:\/\/www.csj-emballages.com\/tienda\/\"},{\"@type\":\"ListItem\",\"position\":3,\"name\":\"Ceps secos B 500 gr en tarro PET\"}]},{\"@type\":\"WebSite\",\"@id\":\"https:\/\/www.csj-emballages.com\/es\/#website\",\"url\":\"https:\/\/www.csj-emballages.com\/es\/\",\"name\":\"CSJ Emballages\",\"description\":\"\",\"publisher\":{\"@id\":\"https:\/\/www.csj-emballages.com\/es\/#organization\"},\"potentialAction\":[{\"@type\":\"SearchAction\",\"target\":{\"@type\":\"EntryPoint\",\"urlTemplate\":\"https:\/\/www.csj-emballages.com\/es\/?s={search_term_string}\"},\"query-input\":{\"@type\":\"PropertyValueSpecification\",\"valueRequired\":true,\"valueName\":\"search_term_string\"}}],\"inLanguage\":\"es\"},{\"@type\":\"Organization\",\"@id\":\"https:\/\/www.csj-emballages.com\/es\/#Organization\/\",\"name\":\"CSJ Emballages\",\"url\":\"https:\/\/www.csj-emballages.com\/es\/\",\"logo\":{\"@type\":\"ImageObject\",\"inLanguage\":\"es\",\"@id\":\"https:\/\/www.csj-emballages.com\/es\/#\/schema\/logo\/image\/\",\"url\":\"https:\/\/www.csj-emballages.com\/wp-content\/uploads\/2023\/10\/logo_csj.webp\",\"contentUrl\":\"https:\/\/www.csj-emballages.com\/wp-content\/uploads\/2023\/10\/logo_csj.webp\",\"width\":250,\"height\":95,\"caption\":\"CSJ Emballages\"},\"image\":{\"@id\":\"https:\/\/www.csj-emballages.com\/es\/#\/schema\/logo\/image\/\"},\"sameAs\":[\"https:\/\/www.facebook.com\/csjemballages\"],\"address\":{\"@type\":\"PostalAddress\",\"streetAddress\":\"ZI La Lechere\",\"addressLocality\":\"Patornay\",\"postalCode\":\"39130\",\"addressCountry\":\"FR\"},\"contactPoint\":[{\"@type\":\"ContactPoint\",\"contactType\":\"Service client\",\"telephone\":\"0384254272\",\"email\":\"contact@csj-emballages.com\"}]}]}<\/script>\n<!-- \/ Yoast SEO Premium plugin. -->","yoast_head_json":{"title":"Ceps secos B 500 gr en tarro PET","description":"Saboree el intenso aroma de las setas porcini secas B 500 g en un tarro PET. Rehidr\u00e1talos, coc\u00ednalos y realza tus platos con su sabor le\u00f1oso \u00fanico.","robots":{"index":"index","follow":"follow","max-snippet":"max-snippet:-1","max-image-preview":"max-image-preview:large","max-video-preview":"max-video-preview:-1"},"canonical":"https:\/\/www.csj-emballages.com\/es\/produit\/ceps-secos-b-500-gr-en-tarro-pet\/","og_locale":"es_ES","og_type":"article","og_title":"Ceps secos B 500 gr en tarro PET","og_description":"Saboree el intenso aroma de las setas porcini secas B 500 g en un tarro PET. Rehidr\u00e1talos, coc\u00ednalos y realza tus platos con su sabor le\u00f1oso \u00fanico.","og_url":"https:\/\/www.csj-emballages.com\/es\/produit\/ceps-secos-b-500-gr-en-tarro-pet\/","og_site_name":"CSJ Emballages","article_publisher":"https:\/\/www.facebook.com\/csjemballages","article_modified_time":"2026-03-28T01:10:31+00:00","og_image":[{"width":800,"height":800,"url":"https:\/\/www.csj-emballages.com\/wp-content\/uploads\/2025\/09\/11502.webp","type":"image\/webp"}],"twitter_card":"summary_large_image","twitter_misc":{"Tiempo de lectura":"2 minutos"},"schema":{"@context":"https:\/\/schema.org","@graph":[{"@type":"WebPage","@id":"https:\/\/www.csj-emballages.com\/es\/produit\/ceps-secos-b-500-gr-en-tarro-pet\/","url":"https:\/\/www.csj-emballages.com\/es\/produit\/ceps-secos-b-500-gr-en-tarro-pet\/","name":"Ceps secos B 500 gr en tarro PET","isPartOf":{"@id":"https:\/\/www.csj-emballages.com\/es\/#website"},"primaryImageOfPage":{"@id":"https:\/\/www.csj-emballages.com\/es\/produit\/ceps-secos-b-500-gr-en-tarro-pet\/#primaryimage"},"image":{"@id":"https:\/\/www.csj-emballages.com\/es\/produit\/ceps-secos-b-500-gr-en-tarro-pet\/#primaryimage"},"thumbnailUrl":"https:\/\/www.csj-emballages.com\/wp-content\/uploads\/2025\/09\/11502.webp","datePublished":"2025-09-15T07:48:49+00:00","dateModified":"2026-03-28T01:10:31+00:00","description":"Saboree el intenso aroma de las setas porcini secas B 500 g en un tarro PET. Rehidr\u00e1talos, coc\u00ednalos y realza tus platos con su sabor le\u00f1oso \u00fanico.","breadcrumb":{"@id":"https:\/\/www.csj-emballages.com\/es\/produit\/ceps-secos-b-500-gr-en-tarro-pet\/#breadcrumb"},"inLanguage":"es","potentialAction":[{"@type":"ReadAction","target":["https:\/\/www.csj-emballages.com\/es\/produit\/ceps-secos-b-500-gr-en-tarro-pet\/"]}]},{"@type":"ImageObject","inLanguage":"es","@id":"https:\/\/www.csj-emballages.com\/es\/produit\/ceps-secos-b-500-gr-en-tarro-pet\/#primaryimage","url":"https:\/\/www.csj-emballages.com\/wp-content\/uploads\/2025\/09\/11502.webp","contentUrl":"https:\/\/www.csj-emballages.com\/wp-content\/uploads\/2025\/09\/11502.webp","width":800,"height":800,"caption":"C\u00e8pes s\u00e9ch\u00e9s"},{"@type":"BreadcrumbList","@id":"https:\/\/www.csj-emballages.com\/es\/produit\/ceps-secos-b-500-gr-en-tarro-pet\/#breadcrumb","itemListElement":[{"@type":"ListItem","position":1,"name":"Accueil","item":"https:\/\/www.csj-emballages.com\/es\/universo-del-envasado-alimentario\/"},{"@type":"ListItem","position":2,"name":"Tienda","item":"https:\/\/www.csj-emballages.com\/tienda\/"},{"@type":"ListItem","position":3,"name":"Ceps secos B 500 gr en tarro PET"}]},{"@type":"WebSite","@id":"https:\/\/www.csj-emballages.com\/es\/#website","url":"https:\/\/www.csj-emballages.com\/es\/","name":"CSJ Emballages","description":"","publisher":{"@id":"https:\/\/www.csj-emballages.com\/es\/#organization"},"potentialAction":[{"@type":"SearchAction","target":{"@type":"EntryPoint","urlTemplate":"https:\/\/www.csj-emballages.com\/es\/?s={search_term_string}"},"query-input":{"@type":"PropertyValueSpecification","valueRequired":true,"valueName":"search_term_string"}}],"inLanguage":"es"},{"@type":"Organization","@id":"https:\/\/www.csj-emballages.com\/es\/#Organization\/","name":"CSJ Emballages","url":"https:\/\/www.csj-emballages.com\/es\/","logo":{"@type":"ImageObject","inLanguage":"es","@id":"https:\/\/www.csj-emballages.com\/es\/#\/schema\/logo\/image\/","url":"https:\/\/www.csj-emballages.com\/wp-content\/uploads\/2023\/10\/logo_csj.webp","contentUrl":"https:\/\/www.csj-emballages.com\/wp-content\/uploads\/2023\/10\/logo_csj.webp","width":250,"height":95,"caption":"CSJ Emballages"},"image":{"@id":"https:\/\/www.csj-emballages.com\/es\/#\/schema\/logo\/image\/"},"sameAs":["https:\/\/www.facebook.com\/csjemballages"],"address":{"@type":"PostalAddress","streetAddress":"ZI La Lechere","addressLocality":"Patornay","postalCode":"39130","addressCountry":"FR"},"contactPoint":[{"@type":"ContactPoint","contactType":"Service client","telephone":"0384254272","email":"contact@csj-emballages.com"}]}]}},"df_price":57.42,"df_sale_price":"","df_regular_price":57.42,"df_image_link":"https:\/\/www.csj-emballages.com\/wp-content\/uploads\/2025\/09\/11502-300x300.webp","tiered_pricing_type":"fixed","tiered_pricing_fixed_rules":[],"tiered_pricing_percentage_rules":[],"tiered_pricing_minimum":1,"tiered_pricing_roles_data":[],"_links":{"self":[{"href":"https:\/\/www.csj-emballages.com\/es\/wp-json\/wp\/v2\/product\/244186","targetHints":{"allow":["GET"]}}],"collection":[{"href":"https:\/\/www.csj-emballages.com\/es\/wp-json\/wp\/v2\/product"}],"about":[{"href":"https:\/\/www.csj-emballages.com\/es\/wp-json\/wp\/v2\/types\/product"}],"wp:featuredmedia":[{"embeddable":true,"href":"https:\/\/www.csj-emballages.com\/es\/wp-json\/wp\/v2\/media\/244177"}],"wp:attachment":[{"href":"https:\/\/www.csj-emballages.com\/es\/wp-json\/wp\/v2\/media?parent=244186"}],"wp:term":[{"taxonomy":"product_brand","embeddable":true,"href":"https:\/\/www.csj-emballages.com\/es\/wp-json\/wp\/v2\/product_brand?post=244186"},{"taxonomy":"product_cat","embeddable":true,"href":"https:\/\/www.csj-emballages.com\/es\/wp-json\/wp\/v2\/product_cat?post=244186"},{"taxonomy":"product_tag","embeddable":true,"href":"https:\/\/www.csj-emballages.com\/es\/wp-json\/wp\/v2\/product_tag?post=244186"}],"curies":[{"name":"wp","href":"https:\/\/api.w.org\/{rel}","templated":true}]}}