{"id":244162,"date":"2025-09-15T09:49:10","date_gmt":"2025-09-15T07:49:10","guid":{"rendered":"https:\/\/www.csj-emballages.com\/produit\/setas-negras-secas-500-gr-en-tarro-pet\/"},"modified":"2026-03-12T16:04:24","modified_gmt":"2026-03-12T15:04:24","slug":"setas-negras-secas-500-gr-en-tarro-pet","status":"publish","type":"product","link":"https:\/\/www.csj-emballages.com\/es\/produit\/setas-negras-secas-500-gr-en-tarro-pet\/","title":{"rendered":"Setas negras secas 500 gr en tarro PET"},"content":{"rendered":"<h2 class=\"p1\">Setas negras secas<\/h2>\n<hr>\n<h3>Descripci\u00f3n de nuestras setas negras deshidratadas 500 gr en tarro PET<\/h3>\n<p><!--more--><\/p>\n<p data-start=\"0\" data-end=\"432\">Descubra nuestras <strong data-start=\"44\" data-end=\"82\">setas negras deshidratadas de 500 g en tarros PET<\/strong>, un ingrediente esencial para dar un toque de originalidad a sus platos. Pr\u00e1cticas y sabrosas, seducir\u00e1n tanto a los restauradores como a los aficionados a la cocina casera. Gracias a su <strong data-start=\"279\" data-end=\"300\">textura crujiente<\/strong> y su sabor delicadamente amaderado, son perfectas para recetas asi\u00e1ticas, sopas, woks y ensaladas gourmet.  <\/p>\n<p data-start=\"434\" data-end=\"782\">Para obtener los mejores resultados, basta con <strong data-start=\"478\" data-end=\"492\">rehidratar<\/strong> estas setas <strong>negras secas<\/strong> en<strong data-start=\"524\" data-end=\"561\">agua hirviendo durante 20 minutos<\/strong>. A continuaci\u00f3n, <g id=\"gid_3\">enju\u00e1guelas bien<\/g> y <g id=\"gid_4\">esc\u00farralas<\/g> antes de cocinarlas como si fueran <g id=\"gid_5\">setas frescas<\/g>. Esta sencilla preparaci\u00f3n le proporciona toda la suavidad y riqueza arom\u00e1tica de la <strong>seta<\/strong> negra.  <\/p>\n<p data-start=\"784\" data-end=\"1202\">Adem\u00e1s de ser un placer para el paladar, este producto es <strong data-start=\"844\" data-end=\"863\">rico en fibra<\/strong> y naturalmente bajo en grasas, lo que lo convierte en un aliado ideal para una dieta equilibrada. Envasado en un <strong data-start=\"998\" data-end=\"1009\">tarro de PET<\/strong>, puede <strong data-start=\"1023\" data-end=\"1048\">conservarse<\/strong> en un lugar fresco y seco, al abrigo de la luz y <strong data-start=\"1132\" data-end=\"1164\">en su envase original<\/strong> para preservar todas sus cualidades. <\/p>\n<p data-start=\"1204\" data-end=\"1525\">Otra ventaja significativa es que <strong>los tarros de PET<\/strong> son ligeros y <strong data-start=\"1265\" data-end=\"1285\">100% reciclables<\/strong>, lo que los convierte en una opci\u00f3n respetuosa con el medio ambiente. Adem\u00e1s, tanto si es un profesional como un aficionado ilustrado, apreciar\u00e1 la <strong data-start=\"1442\" data-end=\"1455\">practicidad<\/strong> de este envase. <\/p>\n<p data-start=\"1527\" data-end=\"1785\">En resumen, estas <strong data-start=\"1542\" data-end=\"1575\">setas negras deshidratadas<\/strong> combinan <strong data-start=\"1586\" data-end=\"1608\">sabor aut\u00e9ntico<\/strong>, <strong data-start=\"1610\" data-end=\"1631\">facilidad de uso<\/strong> y <strong data-start=\"1635\" data-end=\"1649\">durabilidad<\/strong>. Le permiten dar rienda suelta a su creatividad culinaria mientras disfruta de un ingrediente de calidad profesional. <\/p>\n<p><!--more--><\/p>\n<h4><strong>Ventajas :<\/strong><\/h4>\n<ul>\n<li><strong data-start=\"1997\" data-end=\"2034\">Sabor delicado y textura crujiente<\/strong> para una gran variedad de recetas.<\/li>\n<li><strong data-start=\"2066\" data-end=\"2088\">F\u00e1cil de preparar<\/strong>: se rehidrata en s\u00f3lo 20 minutos.<\/li>\n<li><strong data-start=\"2134\" data-end=\"2156\">Bote de PET reciclable<\/strong>, pr\u00e1ctico y protector.<\/li>\n<li><strong data-start=\"2186\" data-end=\"2209\">Larga<\/strong> conservaci\u00f3n, protegido de la luz y la humedad.<\/li>\n<li><strong data-start=\"2255\" data-end=\"2274\">Rico en fibra<\/strong> y bajo en grasas.<\/li>\n<\/ul>\n<p>&nbsp;<\/p>\n<p><!--more--><\/p>\n<h4>Informaci\u00f3n adicional :<\/h4>\n<ul>\n<li><strong>Envase<\/strong>: Tarro de 500 g<\/li>\n<\/ul>\n<p>&nbsp;<\/p>\n<p><!--more--><\/p>\n<p><a href=\"https:\/\/www.csj-emballages.com\/es\/categorie-produit\/alimentacion-es\/setas-secas\/\">Ver el resto de nuestra gama de setas deshidratadas<\/a><\/p>\n","protected":false},"excerpt":{"rendered":"<p>Setas negras secas Descripci\u00f3n de nuestras setas negras deshidratadas 500 gr en tarro PET<\/p>\n","protected":false},"featured_media":244160,"template":"","meta":{"_acf_changed":false},"product_brand":[],"product_cat":[1150,1162,9709],"product_tag":[],"class_list":{"0":"post-244162","1":"product","2":"type-product","3":"status-publish","4":"has-post-thumbnail","6":"product_cat-envasado-de-alimentos","7":"product_cat-alimentacion-es","8":"product_cat-setas-secas","10":"first","11":"instock","12":"taxable","13":"shipping-taxable","14":"purchasable","15":"product-type-simple"},"acf":[],"yoast_head":"<!-- This site is optimized with the Yoast SEO Premium plugin v26.6 (Yoast SEO v26.6) - https:\/\/yoast.com\/wordpress\/plugins\/seo\/ -->\n<title>Setas negras secas 500 gr en tarro PET<\/title>\n<meta name=\"description\" content=\"Setas negras secas 500 g en tarro PET: rehidratar 20 minutos, enjuagar, escurrir y cocinar como frescas. Sabor \u00fanico, tarro reciclable.\" \/>\n<meta name=\"robots\" content=\"index, follow, max-snippet:-1, max-image-preview:large, max-video-preview:-1\" \/>\n<link rel=\"canonical\" href=\"https:\/\/www.csj-emballages.com\/es\/produit\/setas-negras-secas-500-gr-en-tarro-pet\/\" \/>\n<meta property=\"og:locale\" content=\"es_ES\" \/>\n<meta property=\"og:type\" content=\"article\" \/>\n<meta property=\"og:title\" content=\"Setas negras secas 500 gr en tarro PET\" \/>\n<meta property=\"og:description\" content=\"Setas negras secas 500 g en tarro PET: rehidratar 20 minutos, enjuagar, escurrir y cocinar como frescas. Sabor \u00fanico, tarro reciclable.\" \/>\n<meta property=\"og:url\" content=\"https:\/\/www.csj-emballages.com\/es\/produit\/setas-negras-secas-500-gr-en-tarro-pet\/\" \/>\n<meta property=\"og:site_name\" content=\"CSJ Emballages\" \/>\n<meta property=\"article:publisher\" content=\"https:\/\/www.facebook.com\/csjemballages\" \/>\n<meta property=\"article:modified_time\" content=\"2026-03-12T15:04:24+00:00\" \/>\n<meta property=\"og:image\" content=\"https:\/\/www.csj-emballages.com\/wp-content\/uploads\/2025\/09\/11506.webp\" \/>\n\t<meta property=\"og:image:width\" content=\"800\" \/>\n\t<meta property=\"og:image:height\" content=\"800\" \/>\n\t<meta property=\"og:image:type\" content=\"image\/webp\" \/>\n<meta name=\"twitter:card\" content=\"summary_large_image\" \/>\n<meta name=\"twitter:label1\" content=\"Tiempo de lectura\" \/>\n\t<meta name=\"twitter:data1\" content=\"2 minutos\" \/>\n<script type=\"application\/ld+json\" class=\"yoast-schema-graph\">{\"@context\":\"https:\/\/schema.org\",\"@graph\":[{\"@type\":\"WebPage\",\"@id\":\"https:\/\/www.csj-emballages.com\/es\/produit\/setas-negras-secas-500-gr-en-tarro-pet\/\",\"url\":\"https:\/\/www.csj-emballages.com\/es\/produit\/setas-negras-secas-500-gr-en-tarro-pet\/\",\"name\":\"Setas negras secas 500 gr en tarro PET\",\"isPartOf\":{\"@id\":\"https:\/\/www.csj-emballages.com\/es\/#website\"},\"primaryImageOfPage\":{\"@id\":\"https:\/\/www.csj-emballages.com\/es\/produit\/setas-negras-secas-500-gr-en-tarro-pet\/#primaryimage\"},\"image\":{\"@id\":\"https:\/\/www.csj-emballages.com\/es\/produit\/setas-negras-secas-500-gr-en-tarro-pet\/#primaryimage\"},\"thumbnailUrl\":\"https:\/\/www.csj-emballages.com\/wp-content\/uploads\/2025\/09\/11506.webp\",\"datePublished\":\"2025-09-15T07:49:10+00:00\",\"dateModified\":\"2026-03-12T15:04:24+00:00\",\"description\":\"Setas negras secas 500 g en tarro PET: rehidratar 20 minutos, enjuagar, escurrir y cocinar como frescas. Sabor \u00fanico, tarro reciclable.\",\"breadcrumb\":{\"@id\":\"https:\/\/www.csj-emballages.com\/es\/produit\/setas-negras-secas-500-gr-en-tarro-pet\/#breadcrumb\"},\"inLanguage\":\"es\",\"potentialAction\":[{\"@type\":\"ReadAction\",\"target\":[\"https:\/\/www.csj-emballages.com\/es\/produit\/setas-negras-secas-500-gr-en-tarro-pet\/\"]}]},{\"@type\":\"ImageObject\",\"inLanguage\":\"es\",\"@id\":\"https:\/\/www.csj-emballages.com\/es\/produit\/setas-negras-secas-500-gr-en-tarro-pet\/#primaryimage\",\"url\":\"https:\/\/www.csj-emballages.com\/wp-content\/uploads\/2025\/09\/11506.webp\",\"contentUrl\":\"https:\/\/www.csj-emballages.com\/wp-content\/uploads\/2025\/09\/11506.webp\",\"width\":800,\"height\":800,\"caption\":\"Champignons noirs\"},{\"@type\":\"BreadcrumbList\",\"@id\":\"https:\/\/www.csj-emballages.com\/es\/produit\/setas-negras-secas-500-gr-en-tarro-pet\/#breadcrumb\",\"itemListElement\":[{\"@type\":\"ListItem\",\"position\":1,\"name\":\"Accueil\",\"item\":\"https:\/\/www.csj-emballages.com\/es\/universo-del-envasado-alimentario\/\"},{\"@type\":\"ListItem\",\"position\":2,\"name\":\"Tienda\",\"item\":\"https:\/\/www.csj-emballages.com\/tienda\/\"},{\"@type\":\"ListItem\",\"position\":3,\"name\":\"Setas negras secas 500 gr en tarro PET\"}]},{\"@type\":\"WebSite\",\"@id\":\"https:\/\/www.csj-emballages.com\/es\/#website\",\"url\":\"https:\/\/www.csj-emballages.com\/es\/\",\"name\":\"CSJ Emballages\",\"description\":\"\",\"publisher\":{\"@id\":\"https:\/\/www.csj-emballages.com\/es\/#organization\"},\"potentialAction\":[{\"@type\":\"SearchAction\",\"target\":{\"@type\":\"EntryPoint\",\"urlTemplate\":\"https:\/\/www.csj-emballages.com\/es\/?s={search_term_string}\"},\"query-input\":{\"@type\":\"PropertyValueSpecification\",\"valueRequired\":true,\"valueName\":\"search_term_string\"}}],\"inLanguage\":\"es\"},{\"@type\":\"Organization\",\"@id\":\"https:\/\/www.csj-emballages.com\/es\/#Organization\/\",\"name\":\"CSJ Emballages\",\"url\":\"https:\/\/www.csj-emballages.com\/es\/\",\"logo\":{\"@type\":\"ImageObject\",\"inLanguage\":\"es\",\"@id\":\"https:\/\/www.csj-emballages.com\/es\/#\/schema\/logo\/image\/\",\"url\":\"https:\/\/www.csj-emballages.com\/wp-content\/uploads\/2023\/10\/logo_csj.webp\",\"contentUrl\":\"https:\/\/www.csj-emballages.com\/wp-content\/uploads\/2023\/10\/logo_csj.webp\",\"width\":250,\"height\":95,\"caption\":\"CSJ Emballages\"},\"image\":{\"@id\":\"https:\/\/www.csj-emballages.com\/es\/#\/schema\/logo\/image\/\"},\"sameAs\":[\"https:\/\/www.facebook.com\/csjemballages\"],\"address\":{\"@type\":\"PostalAddress\",\"streetAddress\":\"ZI La Lechere\",\"addressLocality\":\"Patornay\",\"postalCode\":\"39130\",\"addressCountry\":\"FR\"},\"contactPoint\":[{\"@type\":\"ContactPoint\",\"contactType\":\"Service client\",\"telephone\":\"0384254272\",\"email\":\"contact@csj-emballages.com\"}]}]}<\/script>\n<!-- \/ Yoast SEO Premium plugin. -->","yoast_head_json":{"title":"Setas negras secas 500 gr en tarro PET","description":"Setas negras secas 500 g en tarro PET: rehidratar 20 minutos, enjuagar, escurrir y cocinar como frescas. Sabor \u00fanico, tarro reciclable.","robots":{"index":"index","follow":"follow","max-snippet":"max-snippet:-1","max-image-preview":"max-image-preview:large","max-video-preview":"max-video-preview:-1"},"canonical":"https:\/\/www.csj-emballages.com\/es\/produit\/setas-negras-secas-500-gr-en-tarro-pet\/","og_locale":"es_ES","og_type":"article","og_title":"Setas negras secas 500 gr en tarro PET","og_description":"Setas negras secas 500 g en tarro PET: rehidratar 20 minutos, enjuagar, escurrir y cocinar como frescas. Sabor \u00fanico, tarro reciclable.","og_url":"https:\/\/www.csj-emballages.com\/es\/produit\/setas-negras-secas-500-gr-en-tarro-pet\/","og_site_name":"CSJ Emballages","article_publisher":"https:\/\/www.facebook.com\/csjemballages","article_modified_time":"2026-03-12T15:04:24+00:00","og_image":[{"width":800,"height":800,"url":"https:\/\/www.csj-emballages.com\/wp-content\/uploads\/2025\/09\/11506.webp","type":"image\/webp"}],"twitter_card":"summary_large_image","twitter_misc":{"Tiempo de lectura":"2 minutos"},"schema":{"@context":"https:\/\/schema.org","@graph":[{"@type":"WebPage","@id":"https:\/\/www.csj-emballages.com\/es\/produit\/setas-negras-secas-500-gr-en-tarro-pet\/","url":"https:\/\/www.csj-emballages.com\/es\/produit\/setas-negras-secas-500-gr-en-tarro-pet\/","name":"Setas negras secas 500 gr en tarro PET","isPartOf":{"@id":"https:\/\/www.csj-emballages.com\/es\/#website"},"primaryImageOfPage":{"@id":"https:\/\/www.csj-emballages.com\/es\/produit\/setas-negras-secas-500-gr-en-tarro-pet\/#primaryimage"},"image":{"@id":"https:\/\/www.csj-emballages.com\/es\/produit\/setas-negras-secas-500-gr-en-tarro-pet\/#primaryimage"},"thumbnailUrl":"https:\/\/www.csj-emballages.com\/wp-content\/uploads\/2025\/09\/11506.webp","datePublished":"2025-09-15T07:49:10+00:00","dateModified":"2026-03-12T15:04:24+00:00","description":"Setas negras secas 500 g en tarro PET: rehidratar 20 minutos, enjuagar, escurrir y cocinar como frescas. Sabor \u00fanico, tarro reciclable.","breadcrumb":{"@id":"https:\/\/www.csj-emballages.com\/es\/produit\/setas-negras-secas-500-gr-en-tarro-pet\/#breadcrumb"},"inLanguage":"es","potentialAction":[{"@type":"ReadAction","target":["https:\/\/www.csj-emballages.com\/es\/produit\/setas-negras-secas-500-gr-en-tarro-pet\/"]}]},{"@type":"ImageObject","inLanguage":"es","@id":"https:\/\/www.csj-emballages.com\/es\/produit\/setas-negras-secas-500-gr-en-tarro-pet\/#primaryimage","url":"https:\/\/www.csj-emballages.com\/wp-content\/uploads\/2025\/09\/11506.webp","contentUrl":"https:\/\/www.csj-emballages.com\/wp-content\/uploads\/2025\/09\/11506.webp","width":800,"height":800,"caption":"Champignons noirs"},{"@type":"BreadcrumbList","@id":"https:\/\/www.csj-emballages.com\/es\/produit\/setas-negras-secas-500-gr-en-tarro-pet\/#breadcrumb","itemListElement":[{"@type":"ListItem","position":1,"name":"Accueil","item":"https:\/\/www.csj-emballages.com\/es\/universo-del-envasado-alimentario\/"},{"@type":"ListItem","position":2,"name":"Tienda","item":"https:\/\/www.csj-emballages.com\/tienda\/"},{"@type":"ListItem","position":3,"name":"Setas negras secas 500 gr en tarro PET"}]},{"@type":"WebSite","@id":"https:\/\/www.csj-emballages.com\/es\/#website","url":"https:\/\/www.csj-emballages.com\/es\/","name":"CSJ Emballages","description":"","publisher":{"@id":"https:\/\/www.csj-emballages.com\/es\/#organization"},"potentialAction":[{"@type":"SearchAction","target":{"@type":"EntryPoint","urlTemplate":"https:\/\/www.csj-emballages.com\/es\/?s={search_term_string}"},"query-input":{"@type":"PropertyValueSpecification","valueRequired":true,"valueName":"search_term_string"}}],"inLanguage":"es"},{"@type":"Organization","@id":"https:\/\/www.csj-emballages.com\/es\/#Organization\/","name":"CSJ Emballages","url":"https:\/\/www.csj-emballages.com\/es\/","logo":{"@type":"ImageObject","inLanguage":"es","@id":"https:\/\/www.csj-emballages.com\/es\/#\/schema\/logo\/image\/","url":"https:\/\/www.csj-emballages.com\/wp-content\/uploads\/2023\/10\/logo_csj.webp","contentUrl":"https:\/\/www.csj-emballages.com\/wp-content\/uploads\/2023\/10\/logo_csj.webp","width":250,"height":95,"caption":"CSJ Emballages"},"image":{"@id":"https:\/\/www.csj-emballages.com\/es\/#\/schema\/logo\/image\/"},"sameAs":["https:\/\/www.facebook.com\/csjemballages"],"address":{"@type":"PostalAddress","streetAddress":"ZI La Lechere","addressLocality":"Patornay","postalCode":"39130","addressCountry":"FR"},"contactPoint":[{"@type":"ContactPoint","contactType":"Service client","telephone":"0384254272","email":"contact@csj-emballages.com"}]}]}},"df_price":18.1,"df_sale_price":"","df_regular_price":18.1,"df_image_link":"https:\/\/www.csj-emballages.com\/wp-content\/uploads\/2025\/09\/11506-300x300.webp","tiered_pricing_type":"fixed","tiered_pricing_fixed_rules":[],"tiered_pricing_percentage_rules":[],"tiered_pricing_minimum":1,"tiered_pricing_roles_data":[],"_links":{"self":[{"href":"https:\/\/www.csj-emballages.com\/es\/wp-json\/wp\/v2\/product\/244162","targetHints":{"allow":["GET"]}}],"collection":[{"href":"https:\/\/www.csj-emballages.com\/es\/wp-json\/wp\/v2\/product"}],"about":[{"href":"https:\/\/www.csj-emballages.com\/es\/wp-json\/wp\/v2\/types\/product"}],"wp:featuredmedia":[{"embeddable":true,"href":"https:\/\/www.csj-emballages.com\/es\/wp-json\/wp\/v2\/media\/244160"}],"wp:attachment":[{"href":"https:\/\/www.csj-emballages.com\/es\/wp-json\/wp\/v2\/media?parent=244162"}],"wp:term":[{"taxonomy":"product_brand","embeddable":true,"href":"https:\/\/www.csj-emballages.com\/es\/wp-json\/wp\/v2\/product_brand?post=244162"},{"taxonomy":"product_cat","embeddable":true,"href":"https:\/\/www.csj-emballages.com\/es\/wp-json\/wp\/v2\/product_cat?post=244162"},{"taxonomy":"product_tag","embeddable":true,"href":"https:\/\/www.csj-emballages.com\/es\/wp-json\/wp\/v2\/product_tag?post=244162"}],"curies":[{"name":"wp","href":"https:\/\/api.w.org\/{rel}","templated":true}]}}