{"id":244145,"date":"2025-09-15T09:49:03","date_gmt":"2025-09-15T07:49:03","guid":{"rendered":"https:\/\/www.csj-emballages.com\/produit\/rebozuelos-secos-extra-500-gr-en-tarro-pet\/"},"modified":"2026-03-28T02:10:32","modified_gmt":"2026-03-28T01:10:32","slug":"rebozuelos-secos-extra-500-gr-en-tarro-pet","status":"publish","type":"product","link":"https:\/\/www.csj-emballages.com\/es\/produit\/rebozuelos-secos-extra-500-gr-en-tarro-pet\/","title":{"rendered":"Rebozuelos secos extra 500 gr en tarro PET"},"content":{"rendered":"<h2 class=\"p1\">Rebozuelos secos<\/h2>\n<hr>\n<h3>Descripci\u00f3n de nuestros rebozuelos secos extra 500 gr en tarro PET<\/h3>\n<p><!--more--><\/p>\n<p data-start=\"0\" data-end=\"432\">Descubra la autenticidad del <strong data-start=\"61\" data-end=\"102\">rebozuelo deshidratado extra 500 g en tarro<\/strong> PET, un producto imprescindible para los amantes de la buena cocina. Estas <strong data-start=\"165\" data-end=\"189\">setas silvestres<\/strong> se seleccionan cuidadosamente y se secan con cuidado para conservar todo su <strong data-start=\"276\" data-end=\"293\">sabor amaderado<\/strong> y su delicado aroma. Gracias a este proceso, podr\u00e1 disfrutar de un producto pr\u00e1ctico y disponible todo el a\u00f1o, sin renunciar al sabor.  <\/p>\n<p data-start=\"434\" data-end=\"873\">Prepararlos no puede ser m\u00e1s f\u00e1cil: empiece por <strong data-start=\"489\" data-end=\"503\">rehidratar<\/strong> los <strong>rebozuelos secos<\/strong> en<strong data-start=\"527\" data-end=\"545\">agua hirviendo<\/strong> durante unos 20 minutos. A continuaci\u00f3n, enju\u00e1guelos bien, esc\u00farralos y cu\u00e9zalos como si <strong data-start=\"649\" data-end=\"670\">fueran setas frescas<\/strong>. Este paso realza su textura tierna y su aroma \u00fanico, perfecto para realzar multitud de recetas: risottos cremosos, salsas suaves, carnes en salsa o tortillas gourmet.  <\/p>\n<p data-start=\"875\" data-end=\"1212\">El envasado en <strong data-start=\"897\" data-end=\"908\">tarros de PET<\/strong> ofrece una excelente protecci\u00f3n contra la humedad y la luz, a la vez que es f\u00e1cil de almacenar y volver a cerrar. Basta con guardar el producto en un lugar <strong data-start=\"1072\" data-end=\"1081\">fresco<\/strong>, seco <strong data-start=\"1091\" data-end=\"1117\">y oscuro<\/strong>, todav\u00eda en su <strong data-start=\"1137\" data-end=\"1160\">envase original<\/strong>, para mantener toda la calidad de las setas. <\/p>\n<p data-start=\"1214\" data-end=\"1650\">Si elige estos <strong>rebozuelos<\/strong> secos, ahorrar\u00e1 tiempo y dar\u00e1 un <strong data-start=\"1294\" data-end=\"1318\">toque gourmet<\/strong> a sus platos. Su larga conservaci\u00f3n los convierte en un aliado ideal tanto para los profesionales de la restauraci\u00f3n como para los aficionados a la cocina casera. Adem\u00e1s, su generoso tama\u00f1o <strong>de 500 g<\/strong> permite tenerlos siempre listos para usar, perfectos para comidas de convivencia o creaciones culinarias a gran escala.  <\/p>\n<p data-start=\"1652\" data-end=\"1857\">Lleve la naturaleza a su plato con estos <strong data-start=\"1699\" data-end=\"1725\">rebozuelos secos extra<\/strong>: una explosi\u00f3n de sabor, f\u00e1cil preparaci\u00f3n y calidad conservada que conquistar\u00e1 a sus clientes o invitados a cada bocado.<\/p>\n<p><!--more--><\/p>\n<h4><strong>Ventajas :<\/strong><\/h4>\n<ul>\n<li><strong data-start=\"2066\" data-end=\"2106\">Sabor intenso y aroma aut\u00e9ntico<\/strong> para platos refinados.<\/li>\n<li><strong data-start=\"2136\" data-end=\"2159\">Larga conservaci\u00f3n<\/strong> gracias al tarro herm\u00e9tico de PET.<\/li>\n<li><strong data-start=\"2193\" data-end=\"2215\">F\u00e1ciles de preparar<\/strong>: se rehidratan en 20 minutos y se cocinan igual que las setas frescas.<\/li>\n<li><strong data-start=\"2288\" data-end=\"2304\">Formato de 500 g<\/strong> perfecto para profesionales o cocineros creativos.<\/li>\n<\/ul>\n<p>&nbsp;<\/p>\n<p><!--more--><\/p>\n<h4>Informaci\u00f3n adicional :<\/h4>\n<ul>\n<li><strong>Envase<\/strong>: Tarro de 500 g<\/li>\n<li><b>Tipo <\/b>: Extra<\/li>\n<\/ul>\n<p>&nbsp;<\/p>\n<p><!--more--><\/p>\n<p><a href=\"https:\/\/www.csj-emballages.com\/es\/categorie-produit\/alimentacion-es\/setas-secas\/\">Ver el resto de nuestra gama de setas deshidratadas<\/a><\/p>\n","protected":false},"excerpt":{"rendered":"<p>Rebozuelos secos Descripci\u00f3n de nuestros rebozuelos secos extra 500 gr en tarro PET<\/p>\n","protected":false},"featured_media":244139,"template":"","meta":{"_acf_changed":false},"product_brand":[],"product_cat":[1150,1162,9709],"product_tag":[],"class_list":{"0":"post-244145","1":"product","2":"type-product","3":"status-publish","4":"has-post-thumbnail","6":"product_cat-envasado-de-alimentos","7":"product_cat-alimentacion-es","8":"product_cat-setas-secas","10":"first","11":"instock","12":"taxable","13":"shipping-taxable","14":"purchasable","15":"product-type-simple"},"acf":[],"yoast_head":"<!-- This site is optimized with the Yoast SEO Premium plugin v26.6 (Yoast SEO v26.6) - https:\/\/yoast.com\/wordpress\/plugins\/seo\/ -->\n<title>Rebozuelos secos extra 500 gr en tarro PET<\/title>\n<meta name=\"description\" content=\"Rebozuelos secos extra 500 g en tarro PET: sabor amaderado, f\u00e1cil preparaci\u00f3n, ideal para recetas gourmet durante todo el a\u00f1o.\" \/>\n<meta name=\"robots\" content=\"index, follow, max-snippet:-1, max-image-preview:large, max-video-preview:-1\" \/>\n<link rel=\"canonical\" href=\"https:\/\/www.csj-emballages.com\/es\/produit\/rebozuelos-secos-extra-500-gr-en-tarro-pet\/\" \/>\n<meta property=\"og:locale\" content=\"es_ES\" \/>\n<meta property=\"og:type\" content=\"article\" \/>\n<meta property=\"og:title\" content=\"Rebozuelos secos extra 500 gr en tarro PET\" \/>\n<meta property=\"og:description\" content=\"Rebozuelos secos extra 500 g en tarro PET: sabor amaderado, f\u00e1cil preparaci\u00f3n, ideal para recetas gourmet durante todo el a\u00f1o.\" \/>\n<meta property=\"og:url\" content=\"https:\/\/www.csj-emballages.com\/es\/produit\/rebozuelos-secos-extra-500-gr-en-tarro-pet\/\" \/>\n<meta property=\"og:site_name\" content=\"CSJ Emballages\" \/>\n<meta property=\"article:publisher\" content=\"https:\/\/www.facebook.com\/csjemballages\" \/>\n<meta property=\"article:modified_time\" content=\"2026-03-28T01:10:32+00:00\" \/>\n<meta property=\"og:image\" content=\"https:\/\/www.csj-emballages.com\/wp-content\/uploads\/2025\/09\/11504.webp\" \/>\n\t<meta property=\"og:image:width\" content=\"800\" \/>\n\t<meta property=\"og:image:height\" content=\"800\" \/>\n\t<meta property=\"og:image:type\" content=\"image\/webp\" \/>\n<meta name=\"twitter:card\" content=\"summary_large_image\" \/>\n<meta name=\"twitter:label1\" content=\"Tiempo de lectura\" \/>\n\t<meta name=\"twitter:data1\" content=\"2 minutos\" \/>\n<script type=\"application\/ld+json\" class=\"yoast-schema-graph\">{\"@context\":\"https:\/\/schema.org\",\"@graph\":[{\"@type\":\"WebPage\",\"@id\":\"https:\/\/www.csj-emballages.com\/es\/produit\/rebozuelos-secos-extra-500-gr-en-tarro-pet\/\",\"url\":\"https:\/\/www.csj-emballages.com\/es\/produit\/rebozuelos-secos-extra-500-gr-en-tarro-pet\/\",\"name\":\"Rebozuelos secos extra 500 gr en tarro PET\",\"isPartOf\":{\"@id\":\"https:\/\/www.csj-emballages.com\/es\/#website\"},\"primaryImageOfPage\":{\"@id\":\"https:\/\/www.csj-emballages.com\/es\/produit\/rebozuelos-secos-extra-500-gr-en-tarro-pet\/#primaryimage\"},\"image\":{\"@id\":\"https:\/\/www.csj-emballages.com\/es\/produit\/rebozuelos-secos-extra-500-gr-en-tarro-pet\/#primaryimage\"},\"thumbnailUrl\":\"https:\/\/www.csj-emballages.com\/wp-content\/uploads\/2025\/09\/11504.webp\",\"datePublished\":\"2025-09-15T07:49:03+00:00\",\"dateModified\":\"2026-03-28T01:10:32+00:00\",\"description\":\"Rebozuelos secos extra 500 g en tarro PET: sabor amaderado, f\u00e1cil preparaci\u00f3n, ideal para recetas gourmet durante todo el a\u00f1o.\",\"breadcrumb\":{\"@id\":\"https:\/\/www.csj-emballages.com\/es\/produit\/rebozuelos-secos-extra-500-gr-en-tarro-pet\/#breadcrumb\"},\"inLanguage\":\"es\",\"potentialAction\":[{\"@type\":\"ReadAction\",\"target\":[\"https:\/\/www.csj-emballages.com\/es\/produit\/rebozuelos-secos-extra-500-gr-en-tarro-pet\/\"]}]},{\"@type\":\"ImageObject\",\"inLanguage\":\"es\",\"@id\":\"https:\/\/www.csj-emballages.com\/es\/produit\/rebozuelos-secos-extra-500-gr-en-tarro-pet\/#primaryimage\",\"url\":\"https:\/\/www.csj-emballages.com\/wp-content\/uploads\/2025\/09\/11504.webp\",\"contentUrl\":\"https:\/\/www.csj-emballages.com\/wp-content\/uploads\/2025\/09\/11504.webp\",\"width\":800,\"height\":800,\"caption\":\"Girolles s\u00e9ch\u00e9es\"},{\"@type\":\"BreadcrumbList\",\"@id\":\"https:\/\/www.csj-emballages.com\/es\/produit\/rebozuelos-secos-extra-500-gr-en-tarro-pet\/#breadcrumb\",\"itemListElement\":[{\"@type\":\"ListItem\",\"position\":1,\"name\":\"Accueil\",\"item\":\"https:\/\/www.csj-emballages.com\/es\/universo-del-envasado-alimentario\/\"},{\"@type\":\"ListItem\",\"position\":2,\"name\":\"Tienda\",\"item\":\"https:\/\/www.csj-emballages.com\/tienda\/\"},{\"@type\":\"ListItem\",\"position\":3,\"name\":\"Rebozuelos secos extra 500 gr en tarro PET\"}]},{\"@type\":\"WebSite\",\"@id\":\"https:\/\/www.csj-emballages.com\/es\/#website\",\"url\":\"https:\/\/www.csj-emballages.com\/es\/\",\"name\":\"CSJ Emballages\",\"description\":\"\",\"publisher\":{\"@id\":\"https:\/\/www.csj-emballages.com\/es\/#organization\"},\"potentialAction\":[{\"@type\":\"SearchAction\",\"target\":{\"@type\":\"EntryPoint\",\"urlTemplate\":\"https:\/\/www.csj-emballages.com\/es\/?s={search_term_string}\"},\"query-input\":{\"@type\":\"PropertyValueSpecification\",\"valueRequired\":true,\"valueName\":\"search_term_string\"}}],\"inLanguage\":\"es\"},{\"@type\":\"Organization\",\"@id\":\"https:\/\/www.csj-emballages.com\/es\/#Organization\/\",\"name\":\"CSJ Emballages\",\"url\":\"https:\/\/www.csj-emballages.com\/es\/\",\"logo\":{\"@type\":\"ImageObject\",\"inLanguage\":\"es\",\"@id\":\"https:\/\/www.csj-emballages.com\/es\/#\/schema\/logo\/image\/\",\"url\":\"https:\/\/www.csj-emballages.com\/wp-content\/uploads\/2023\/10\/logo_csj.webp\",\"contentUrl\":\"https:\/\/www.csj-emballages.com\/wp-content\/uploads\/2023\/10\/logo_csj.webp\",\"width\":250,\"height\":95,\"caption\":\"CSJ Emballages\"},\"image\":{\"@id\":\"https:\/\/www.csj-emballages.com\/es\/#\/schema\/logo\/image\/\"},\"sameAs\":[\"https:\/\/www.facebook.com\/csjemballages\"],\"address\":{\"@type\":\"PostalAddress\",\"streetAddress\":\"ZI La Lechere\",\"addressLocality\":\"Patornay\",\"postalCode\":\"39130\",\"addressCountry\":\"FR\"},\"contactPoint\":[{\"@type\":\"ContactPoint\",\"contactType\":\"Service client\",\"telephone\":\"0384254272\",\"email\":\"contact@csj-emballages.com\"}]}]}<\/script>\n<!-- \/ Yoast SEO Premium plugin. -->","yoast_head_json":{"title":"Rebozuelos secos extra 500 gr en tarro PET","description":"Rebozuelos secos extra 500 g en tarro PET: sabor amaderado, f\u00e1cil preparaci\u00f3n, ideal para recetas gourmet durante todo el a\u00f1o.","robots":{"index":"index","follow":"follow","max-snippet":"max-snippet:-1","max-image-preview":"max-image-preview:large","max-video-preview":"max-video-preview:-1"},"canonical":"https:\/\/www.csj-emballages.com\/es\/produit\/rebozuelos-secos-extra-500-gr-en-tarro-pet\/","og_locale":"es_ES","og_type":"article","og_title":"Rebozuelos secos extra 500 gr en tarro PET","og_description":"Rebozuelos secos extra 500 g en tarro PET: sabor amaderado, f\u00e1cil preparaci\u00f3n, ideal para recetas gourmet durante todo el a\u00f1o.","og_url":"https:\/\/www.csj-emballages.com\/es\/produit\/rebozuelos-secos-extra-500-gr-en-tarro-pet\/","og_site_name":"CSJ Emballages","article_publisher":"https:\/\/www.facebook.com\/csjemballages","article_modified_time":"2026-03-28T01:10:32+00:00","og_image":[{"width":800,"height":800,"url":"https:\/\/www.csj-emballages.com\/wp-content\/uploads\/2025\/09\/11504.webp","type":"image\/webp"}],"twitter_card":"summary_large_image","twitter_misc":{"Tiempo de lectura":"2 minutos"},"schema":{"@context":"https:\/\/schema.org","@graph":[{"@type":"WebPage","@id":"https:\/\/www.csj-emballages.com\/es\/produit\/rebozuelos-secos-extra-500-gr-en-tarro-pet\/","url":"https:\/\/www.csj-emballages.com\/es\/produit\/rebozuelos-secos-extra-500-gr-en-tarro-pet\/","name":"Rebozuelos secos extra 500 gr en tarro PET","isPartOf":{"@id":"https:\/\/www.csj-emballages.com\/es\/#website"},"primaryImageOfPage":{"@id":"https:\/\/www.csj-emballages.com\/es\/produit\/rebozuelos-secos-extra-500-gr-en-tarro-pet\/#primaryimage"},"image":{"@id":"https:\/\/www.csj-emballages.com\/es\/produit\/rebozuelos-secos-extra-500-gr-en-tarro-pet\/#primaryimage"},"thumbnailUrl":"https:\/\/www.csj-emballages.com\/wp-content\/uploads\/2025\/09\/11504.webp","datePublished":"2025-09-15T07:49:03+00:00","dateModified":"2026-03-28T01:10:32+00:00","description":"Rebozuelos secos extra 500 g en tarro PET: sabor amaderado, f\u00e1cil preparaci\u00f3n, ideal para recetas gourmet durante todo el a\u00f1o.","breadcrumb":{"@id":"https:\/\/www.csj-emballages.com\/es\/produit\/rebozuelos-secos-extra-500-gr-en-tarro-pet\/#breadcrumb"},"inLanguage":"es","potentialAction":[{"@type":"ReadAction","target":["https:\/\/www.csj-emballages.com\/es\/produit\/rebozuelos-secos-extra-500-gr-en-tarro-pet\/"]}]},{"@type":"ImageObject","inLanguage":"es","@id":"https:\/\/www.csj-emballages.com\/es\/produit\/rebozuelos-secos-extra-500-gr-en-tarro-pet\/#primaryimage","url":"https:\/\/www.csj-emballages.com\/wp-content\/uploads\/2025\/09\/11504.webp","contentUrl":"https:\/\/www.csj-emballages.com\/wp-content\/uploads\/2025\/09\/11504.webp","width":800,"height":800,"caption":"Girolles s\u00e9ch\u00e9es"},{"@type":"BreadcrumbList","@id":"https:\/\/www.csj-emballages.com\/es\/produit\/rebozuelos-secos-extra-500-gr-en-tarro-pet\/#breadcrumb","itemListElement":[{"@type":"ListItem","position":1,"name":"Accueil","item":"https:\/\/www.csj-emballages.com\/es\/universo-del-envasado-alimentario\/"},{"@type":"ListItem","position":2,"name":"Tienda","item":"https:\/\/www.csj-emballages.com\/tienda\/"},{"@type":"ListItem","position":3,"name":"Rebozuelos secos extra 500 gr en tarro PET"}]},{"@type":"WebSite","@id":"https:\/\/www.csj-emballages.com\/es\/#website","url":"https:\/\/www.csj-emballages.com\/es\/","name":"CSJ Emballages","description":"","publisher":{"@id":"https:\/\/www.csj-emballages.com\/es\/#organization"},"potentialAction":[{"@type":"SearchAction","target":{"@type":"EntryPoint","urlTemplate":"https:\/\/www.csj-emballages.com\/es\/?s={search_term_string}"},"query-input":{"@type":"PropertyValueSpecification","valueRequired":true,"valueName":"search_term_string"}}],"inLanguage":"es"},{"@type":"Organization","@id":"https:\/\/www.csj-emballages.com\/es\/#Organization\/","name":"CSJ Emballages","url":"https:\/\/www.csj-emballages.com\/es\/","logo":{"@type":"ImageObject","inLanguage":"es","@id":"https:\/\/www.csj-emballages.com\/es\/#\/schema\/logo\/image\/","url":"https:\/\/www.csj-emballages.com\/wp-content\/uploads\/2023\/10\/logo_csj.webp","contentUrl":"https:\/\/www.csj-emballages.com\/wp-content\/uploads\/2023\/10\/logo_csj.webp","width":250,"height":95,"caption":"CSJ Emballages"},"image":{"@id":"https:\/\/www.csj-emballages.com\/es\/#\/schema\/logo\/image\/"},"sameAs":["https:\/\/www.facebook.com\/csjemballages"],"address":{"@type":"PostalAddress","streetAddress":"ZI La Lechere","addressLocality":"Patornay","postalCode":"39130","addressCountry":"FR"},"contactPoint":[{"@type":"ContactPoint","contactType":"Service client","telephone":"0384254272","email":"contact@csj-emballages.com"}]}]}},"df_price":64.08,"df_sale_price":"","df_regular_price":64.08,"df_image_link":"https:\/\/www.csj-emballages.com\/wp-content\/uploads\/2025\/09\/11504-300x300.webp","tiered_pricing_type":"fixed","tiered_pricing_fixed_rules":[],"tiered_pricing_percentage_rules":[],"tiered_pricing_minimum":1,"tiered_pricing_roles_data":[],"_links":{"self":[{"href":"https:\/\/www.csj-emballages.com\/es\/wp-json\/wp\/v2\/product\/244145","targetHints":{"allow":["GET"]}}],"collection":[{"href":"https:\/\/www.csj-emballages.com\/es\/wp-json\/wp\/v2\/product"}],"about":[{"href":"https:\/\/www.csj-emballages.com\/es\/wp-json\/wp\/v2\/types\/product"}],"wp:featuredmedia":[{"embeddable":true,"href":"https:\/\/www.csj-emballages.com\/es\/wp-json\/wp\/v2\/media\/244139"}],"wp:attachment":[{"href":"https:\/\/www.csj-emballages.com\/es\/wp-json\/wp\/v2\/media?parent=244145"}],"wp:term":[{"taxonomy":"product_brand","embeddable":true,"href":"https:\/\/www.csj-emballages.com\/es\/wp-json\/wp\/v2\/product_brand?post=244145"},{"taxonomy":"product_cat","embeddable":true,"href":"https:\/\/www.csj-emballages.com\/es\/wp-json\/wp\/v2\/product_cat?post=244145"},{"taxonomy":"product_tag","embeddable":true,"href":"https:\/\/www.csj-emballages.com\/es\/wp-json\/wp\/v2\/product_tag?post=244145"}],"curies":[{"name":"wp","href":"https:\/\/api.w.org\/{rel}","templated":true}]}}