{"id":244127,"date":"2025-09-15T09:49:19","date_gmt":"2025-09-15T07:49:19","guid":{"rendered":"https:\/\/www.csj-emballages.com\/produit\/trompetas-secas-extra-500-gr-en-tarro-pet\/"},"modified":"2026-04-09T02:11:06","modified_gmt":"2026-04-09T00:11:06","slug":"trompetas-secas-extra-500-gr-en-tarro-pet","status":"publish","type":"product","link":"https:\/\/www.csj-emballages.com\/es\/produit\/trompetas-secas-extra-500-gr-en-tarro-pet\/","title":{"rendered":"Trompetas secas extra 500 gr en tarro PET"},"content":{"rendered":"<h2 class=\"p1\">Trompetas secas<\/h2>\n<hr>\n<h3>Descripci\u00f3n de nuestras trompetas secas extra 500 gr en tarro PET<\/h3>\n<p><!--more--><\/p>\n<p data-start=\"0\" data-end=\"415\">Descubra nuestras <strong data-start=\"44\" data-end=\"89\">trompetas deshidratadas extra 500 g en tarros PET<\/strong>, una aut\u00e9ntica invitaci\u00f3n a las delicias gourmet para chefs, <strong data-start=\"149\" data-end=\"162\">restauradores<\/strong> y aficionados a la gastronom\u00eda. Recolectadas con esmero y <strong>secadas a<\/strong> continuaci\u00f3n para preservar su fragancia amaderada, estas <strong data-start=\"260\" data-end=\"287\">setas excepcionales<\/strong> destacan por su calidad<strong data-start=\"320\" data-end=\"338\"> extra<\/strong>, que garantiza una textura perfecta y un sabor intenso. <\/p>\n<p data-start=\"417\" data-end=\"936\">Para realzar todo su sabor, basta con <strong data-start=\"466\" data-end=\"480\">rehidratarlas<\/strong>: sum\u00e9rjalas en<strong data-start=\"505\" data-end=\"523\">agua hirviendo<\/strong> durante 20 minutos. A continuaci\u00f3n, enju\u00e1guelas bien, esc\u00farralas y cu\u00e9zalas como si fueran <strong data-start=\"615\" data-end=\"636\">setas frescas<\/strong>. Gracias a este sencillo paso, podr\u00e1 disfrutar de un producto pr\u00e1ctico que conserva la autenticidad de la cosecha. Ya sea en una salsa cremosa, un risotto arom\u00e1tico, un plato de verduras a la sart\u00e9n o un relleno gourmet, estas <strong>trompetas de la<\/strong> muerte realzar\u00e1n sus recetas y aportar\u00e1n un toque de bosque inimitable.   <\/p>\n<p data-start=\"938\" data-end=\"1367\">El envasado en un <strong data-start=\"960\" data-end=\"971\">tarro de<\/strong> PET ofrece una serie de ventajas: protege las setas de la luz y la humedad y conserva su aroma \u00fanico. Tambi\u00e9n es f\u00e1cil de almacenar y volver a cerrar, por lo que es ideal para un uso gradual sin p\u00e9rdida de calidad. Basta con guardar el tarro en un lugar <strong data-start=\"1251\" data-end=\"1260\">fresco<\/strong>, seco y protegido de la luz, en su <strong data-start=\"1302\" data-end=\"1325\">envase original<\/strong>, para garantizar una larga conservaci\u00f3n.  <\/p>\n<p data-start=\"1369\" data-end=\"1717\">Al elegir nuestras <strong>trompetas deshidratadas extra<\/strong>, est\u00e1 optando por un ingrediente natural rico en sabor y tradici\u00f3n culinaria. Ahorran tiempo en la cocina y conservan el sabor aut\u00e9ntico del producto fresco. En resumen, estas <strong data-start=\"1605\" data-end=\"1633\">trompetas<\/strong> secas son el secreto de unos platos refinados y sabrosos, listos para sorprender a sus invitados.  <\/p>\n<p><!--more--><\/p>\n<h4><strong>Ventajas :<\/strong><\/h4>\n<ul>\n<li><strong data-start=\"2019\" data-end=\"2032\">Pr\u00e1ctico<\/strong>: tarro protector de PET resellable.<\/li>\n<li><strong data-start=\"2073\" data-end=\"2093\">Sabor preservado<\/strong>: aroma amaderado intacto tras la rehidrataci\u00f3n.<\/li>\n<li><strong data-start=\"2140\" data-end=\"2155\">Versatilidad<\/strong>: se puede utilizar en una amplia gama de recetas gourmet.<\/li>\n<\/ul>\n<p>&nbsp;<\/p>\n<p><!--more--><\/p>\n<h4>Informaci\u00f3n adicional :<\/h4>\n<ul>\n<li><strong>Envase<\/strong>: Tarro de 500 g<\/li>\n<li><b>Tipo <\/b>: Extra<\/li>\n<\/ul>\n<p>&nbsp;<\/p>\n<p><!--more--><\/p>\n<p><a href=\"https:\/\/www.csj-emballages.com\/es\/categorie-produit\/alimentacion-es\/setas-secas\/\">Ver el resto de nuestra gama de setas deshidratadas<\/a><\/p>\n","protected":false},"excerpt":{"rendered":"<p>Trompetas secas Descripci\u00f3n de nuestras trompetas secas extra 500 gr en tarro PET<\/p>\n","protected":false},"featured_media":244116,"template":"","meta":{"_acf_changed":false},"product_brand":[],"product_cat":[1150,1162,9709],"product_tag":[],"class_list":{"0":"post-244127","1":"product","2":"type-product","3":"status-publish","4":"has-post-thumbnail","6":"product_cat-envasado-de-alimentos","7":"product_cat-alimentacion-es","8":"product_cat-setas-secas","10":"first","11":"instock","12":"taxable","13":"shipping-taxable","14":"purchasable","15":"product-type-simple"},"acf":[],"yoast_head":"<!-- This site is optimized with the Yoast SEO Premium plugin v26.6 (Yoast SEO v26.6) - https:\/\/yoast.com\/wordpress\/plugins\/seo\/ -->\n<title>Trompetas secas extra 500 gr en tarro PET<\/title>\n<meta name=\"description\" content=\"Trompetas extra secas 500 g en tarro PET, calidad hosteler\u00eda, f\u00e1ciles de rehidratar para platos de aroma amaderado y sabor intenso.\" \/>\n<meta name=\"robots\" content=\"index, follow, max-snippet:-1, max-image-preview:large, max-video-preview:-1\" \/>\n<link rel=\"canonical\" href=\"https:\/\/www.csj-emballages.com\/es\/produit\/trompetas-secas-extra-500-gr-en-tarro-pet\/\" \/>\n<meta property=\"og:locale\" content=\"es_ES\" \/>\n<meta property=\"og:type\" content=\"article\" \/>\n<meta property=\"og:title\" content=\"Trompetas secas extra 500 gr en tarro PET\" \/>\n<meta property=\"og:description\" content=\"Trompetas extra secas 500 g en tarro PET, calidad hosteler\u00eda, f\u00e1ciles de rehidratar para platos de aroma amaderado y sabor intenso.\" \/>\n<meta property=\"og:url\" content=\"https:\/\/www.csj-emballages.com\/es\/produit\/trompetas-secas-extra-500-gr-en-tarro-pet\/\" \/>\n<meta property=\"og:site_name\" content=\"CSJ Emballages\" \/>\n<meta property=\"article:publisher\" content=\"https:\/\/www.facebook.com\/csjemballages\" \/>\n<meta property=\"article:modified_time\" content=\"2026-04-09T00:11:06+00:00\" \/>\n<meta property=\"og:image\" content=\"https:\/\/www.csj-emballages.com\/wp-content\/uploads\/2025\/09\/11508-.webp\" \/>\n\t<meta property=\"og:image:width\" content=\"800\" \/>\n\t<meta property=\"og:image:height\" content=\"800\" \/>\n\t<meta property=\"og:image:type\" content=\"image\/webp\" \/>\n<meta name=\"twitter:card\" content=\"summary_large_image\" \/>\n<meta name=\"twitter:label1\" content=\"Tiempo de lectura\" \/>\n\t<meta name=\"twitter:data1\" content=\"2 minutos\" \/>\n<script type=\"application\/ld+json\" class=\"yoast-schema-graph\">{\"@context\":\"https:\/\/schema.org\",\"@graph\":[{\"@type\":\"WebPage\",\"@id\":\"https:\/\/www.csj-emballages.com\/es\/produit\/trompetas-secas-extra-500-gr-en-tarro-pet\/\",\"url\":\"https:\/\/www.csj-emballages.com\/es\/produit\/trompetas-secas-extra-500-gr-en-tarro-pet\/\",\"name\":\"Trompetas secas extra 500 gr en tarro PET\",\"isPartOf\":{\"@id\":\"https:\/\/www.csj-emballages.com\/es\/#website\"},\"primaryImageOfPage\":{\"@id\":\"https:\/\/www.csj-emballages.com\/es\/produit\/trompetas-secas-extra-500-gr-en-tarro-pet\/#primaryimage\"},\"image\":{\"@id\":\"https:\/\/www.csj-emballages.com\/es\/produit\/trompetas-secas-extra-500-gr-en-tarro-pet\/#primaryimage\"},\"thumbnailUrl\":\"https:\/\/www.csj-emballages.com\/wp-content\/uploads\/2025\/09\/11508-.webp\",\"datePublished\":\"2025-09-15T07:49:19+00:00\",\"dateModified\":\"2026-04-09T00:11:06+00:00\",\"description\":\"Trompetas extra secas 500 g en tarro PET, calidad hosteler\u00eda, f\u00e1ciles de rehidratar para platos de aroma amaderado y sabor intenso.\",\"breadcrumb\":{\"@id\":\"https:\/\/www.csj-emballages.com\/es\/produit\/trompetas-secas-extra-500-gr-en-tarro-pet\/#breadcrumb\"},\"inLanguage\":\"es\",\"potentialAction\":[{\"@type\":\"ReadAction\",\"target\":[\"https:\/\/www.csj-emballages.com\/es\/produit\/trompetas-secas-extra-500-gr-en-tarro-pet\/\"]}]},{\"@type\":\"ImageObject\",\"inLanguage\":\"es\",\"@id\":\"https:\/\/www.csj-emballages.com\/es\/produit\/trompetas-secas-extra-500-gr-en-tarro-pet\/#primaryimage\",\"url\":\"https:\/\/www.csj-emballages.com\/wp-content\/uploads\/2025\/09\/11508-.webp\",\"contentUrl\":\"https:\/\/www.csj-emballages.com\/wp-content\/uploads\/2025\/09\/11508-.webp\",\"width\":800,\"height\":800,\"caption\":\"Trompettes extra\"},{\"@type\":\"BreadcrumbList\",\"@id\":\"https:\/\/www.csj-emballages.com\/es\/produit\/trompetas-secas-extra-500-gr-en-tarro-pet\/#breadcrumb\",\"itemListElement\":[{\"@type\":\"ListItem\",\"position\":1,\"name\":\"Accueil\",\"item\":\"https:\/\/www.csj-emballages.com\/es\/universo-del-envasado-alimentario\/\"},{\"@type\":\"ListItem\",\"position\":2,\"name\":\"Tienda\",\"item\":\"https:\/\/www.csj-emballages.com\/tienda\/\"},{\"@type\":\"ListItem\",\"position\":3,\"name\":\"Trompetas secas extra 500 gr en tarro PET\"}]},{\"@type\":\"WebSite\",\"@id\":\"https:\/\/www.csj-emballages.com\/es\/#website\",\"url\":\"https:\/\/www.csj-emballages.com\/es\/\",\"name\":\"CSJ Emballages\",\"description\":\"\",\"publisher\":{\"@id\":\"https:\/\/www.csj-emballages.com\/es\/#organization\"},\"potentialAction\":[{\"@type\":\"SearchAction\",\"target\":{\"@type\":\"EntryPoint\",\"urlTemplate\":\"https:\/\/www.csj-emballages.com\/es\/?s={search_term_string}\"},\"query-input\":{\"@type\":\"PropertyValueSpecification\",\"valueRequired\":true,\"valueName\":\"search_term_string\"}}],\"inLanguage\":\"es\"},{\"@type\":\"Organization\",\"@id\":\"https:\/\/www.csj-emballages.com\/es\/#Organization\/\",\"name\":\"CSJ Emballages\",\"url\":\"https:\/\/www.csj-emballages.com\/es\/\",\"logo\":{\"@type\":\"ImageObject\",\"inLanguage\":\"es\",\"@id\":\"https:\/\/www.csj-emballages.com\/es\/#\/schema\/logo\/image\/\",\"url\":\"https:\/\/www.csj-emballages.com\/wp-content\/uploads\/2023\/10\/logo_csj.webp\",\"contentUrl\":\"https:\/\/www.csj-emballages.com\/wp-content\/uploads\/2023\/10\/logo_csj.webp\",\"width\":250,\"height\":95,\"caption\":\"CSJ Emballages\"},\"image\":{\"@id\":\"https:\/\/www.csj-emballages.com\/es\/#\/schema\/logo\/image\/\"},\"sameAs\":[\"https:\/\/www.facebook.com\/csjemballages\"],\"address\":{\"@type\":\"PostalAddress\",\"streetAddress\":\"ZI La Lechere\",\"addressLocality\":\"Patornay\",\"postalCode\":\"39130\",\"addressCountry\":\"FR\"},\"contactPoint\":[{\"@type\":\"ContactPoint\",\"contactType\":\"Service client\",\"telephone\":\"0384254272\",\"email\":\"contact@csj-emballages.com\"}]}]}<\/script>\n<!-- \/ Yoast SEO Premium plugin. -->","yoast_head_json":{"title":"Trompetas secas extra 500 gr en tarro PET","description":"Trompetas extra secas 500 g en tarro PET, calidad hosteler\u00eda, f\u00e1ciles de rehidratar para platos de aroma amaderado y sabor intenso.","robots":{"index":"index","follow":"follow","max-snippet":"max-snippet:-1","max-image-preview":"max-image-preview:large","max-video-preview":"max-video-preview:-1"},"canonical":"https:\/\/www.csj-emballages.com\/es\/produit\/trompetas-secas-extra-500-gr-en-tarro-pet\/","og_locale":"es_ES","og_type":"article","og_title":"Trompetas secas extra 500 gr en tarro PET","og_description":"Trompetas extra secas 500 g en tarro PET, calidad hosteler\u00eda, f\u00e1ciles de rehidratar para platos de aroma amaderado y sabor intenso.","og_url":"https:\/\/www.csj-emballages.com\/es\/produit\/trompetas-secas-extra-500-gr-en-tarro-pet\/","og_site_name":"CSJ Emballages","article_publisher":"https:\/\/www.facebook.com\/csjemballages","article_modified_time":"2026-04-09T00:11:06+00:00","og_image":[{"width":800,"height":800,"url":"https:\/\/www.csj-emballages.com\/wp-content\/uploads\/2025\/09\/11508-.webp","type":"image\/webp"}],"twitter_card":"summary_large_image","twitter_misc":{"Tiempo de lectura":"2 minutos"},"schema":{"@context":"https:\/\/schema.org","@graph":[{"@type":"WebPage","@id":"https:\/\/www.csj-emballages.com\/es\/produit\/trompetas-secas-extra-500-gr-en-tarro-pet\/","url":"https:\/\/www.csj-emballages.com\/es\/produit\/trompetas-secas-extra-500-gr-en-tarro-pet\/","name":"Trompetas secas extra 500 gr en tarro PET","isPartOf":{"@id":"https:\/\/www.csj-emballages.com\/es\/#website"},"primaryImageOfPage":{"@id":"https:\/\/www.csj-emballages.com\/es\/produit\/trompetas-secas-extra-500-gr-en-tarro-pet\/#primaryimage"},"image":{"@id":"https:\/\/www.csj-emballages.com\/es\/produit\/trompetas-secas-extra-500-gr-en-tarro-pet\/#primaryimage"},"thumbnailUrl":"https:\/\/www.csj-emballages.com\/wp-content\/uploads\/2025\/09\/11508-.webp","datePublished":"2025-09-15T07:49:19+00:00","dateModified":"2026-04-09T00:11:06+00:00","description":"Trompetas extra secas 500 g en tarro PET, calidad hosteler\u00eda, f\u00e1ciles de rehidratar para platos de aroma amaderado y sabor intenso.","breadcrumb":{"@id":"https:\/\/www.csj-emballages.com\/es\/produit\/trompetas-secas-extra-500-gr-en-tarro-pet\/#breadcrumb"},"inLanguage":"es","potentialAction":[{"@type":"ReadAction","target":["https:\/\/www.csj-emballages.com\/es\/produit\/trompetas-secas-extra-500-gr-en-tarro-pet\/"]}]},{"@type":"ImageObject","inLanguage":"es","@id":"https:\/\/www.csj-emballages.com\/es\/produit\/trompetas-secas-extra-500-gr-en-tarro-pet\/#primaryimage","url":"https:\/\/www.csj-emballages.com\/wp-content\/uploads\/2025\/09\/11508-.webp","contentUrl":"https:\/\/www.csj-emballages.com\/wp-content\/uploads\/2025\/09\/11508-.webp","width":800,"height":800,"caption":"Trompettes extra"},{"@type":"BreadcrumbList","@id":"https:\/\/www.csj-emballages.com\/es\/produit\/trompetas-secas-extra-500-gr-en-tarro-pet\/#breadcrumb","itemListElement":[{"@type":"ListItem","position":1,"name":"Accueil","item":"https:\/\/www.csj-emballages.com\/es\/universo-del-envasado-alimentario\/"},{"@type":"ListItem","position":2,"name":"Tienda","item":"https:\/\/www.csj-emballages.com\/tienda\/"},{"@type":"ListItem","position":3,"name":"Trompetas secas extra 500 gr en tarro PET"}]},{"@type":"WebSite","@id":"https:\/\/www.csj-emballages.com\/es\/#website","url":"https:\/\/www.csj-emballages.com\/es\/","name":"CSJ Emballages","description":"","publisher":{"@id":"https:\/\/www.csj-emballages.com\/es\/#organization"},"potentialAction":[{"@type":"SearchAction","target":{"@type":"EntryPoint","urlTemplate":"https:\/\/www.csj-emballages.com\/es\/?s={search_term_string}"},"query-input":{"@type":"PropertyValueSpecification","valueRequired":true,"valueName":"search_term_string"}}],"inLanguage":"es"},{"@type":"Organization","@id":"https:\/\/www.csj-emballages.com\/es\/#Organization\/","name":"CSJ Emballages","url":"https:\/\/www.csj-emballages.com\/es\/","logo":{"@type":"ImageObject","inLanguage":"es","@id":"https:\/\/www.csj-emballages.com\/es\/#\/schema\/logo\/image\/","url":"https:\/\/www.csj-emballages.com\/wp-content\/uploads\/2023\/10\/logo_csj.webp","contentUrl":"https:\/\/www.csj-emballages.com\/wp-content\/uploads\/2023\/10\/logo_csj.webp","width":250,"height":95,"caption":"CSJ Emballages"},"image":{"@id":"https:\/\/www.csj-emballages.com\/es\/#\/schema\/logo\/image\/"},"sameAs":["https:\/\/www.facebook.com\/csjemballages"],"address":{"@type":"PostalAddress","streetAddress":"ZI La Lechere","addressLocality":"Patornay","postalCode":"39130","addressCountry":"FR"},"contactPoint":[{"@type":"ContactPoint","contactType":"Service client","telephone":"0384254272","email":"contact@csj-emballages.com"}]}]}},"df_price":57.17,"df_sale_price":"","df_regular_price":57.17,"df_image_link":"https:\/\/www.csj-emballages.com\/wp-content\/uploads\/2025\/09\/11508--300x300.webp","tiered_pricing_type":"fixed","tiered_pricing_fixed_rules":[],"tiered_pricing_percentage_rules":[],"tiered_pricing_minimum":1,"tiered_pricing_roles_data":[],"_links":{"self":[{"href":"https:\/\/www.csj-emballages.com\/es\/wp-json\/wp\/v2\/product\/244127","targetHints":{"allow":["GET"]}}],"collection":[{"href":"https:\/\/www.csj-emballages.com\/es\/wp-json\/wp\/v2\/product"}],"about":[{"href":"https:\/\/www.csj-emballages.com\/es\/wp-json\/wp\/v2\/types\/product"}],"wp:featuredmedia":[{"embeddable":true,"href":"https:\/\/www.csj-emballages.com\/es\/wp-json\/wp\/v2\/media\/244116"}],"wp:attachment":[{"href":"https:\/\/www.csj-emballages.com\/es\/wp-json\/wp\/v2\/media?parent=244127"}],"wp:term":[{"taxonomy":"product_brand","embeddable":true,"href":"https:\/\/www.csj-emballages.com\/es\/wp-json\/wp\/v2\/product_brand?post=244127"},{"taxonomy":"product_cat","embeddable":true,"href":"https:\/\/www.csj-emballages.com\/es\/wp-json\/wp\/v2\/product_cat?post=244127"},{"taxonomy":"product_tag","embeddable":true,"href":"https:\/\/www.csj-emballages.com\/es\/wp-json\/wp\/v2\/product_tag?post=244127"}],"curies":[{"name":"wp","href":"https:\/\/api.w.org\/{rel}","templated":true}]}}