{"id":244100,"date":"2025-09-15T09:48:38","date_gmt":"2025-09-15T07:48:38","guid":{"rendered":"https:\/\/www.csj-emballages.com\/produit\/colmenillas-silvestres-60-40-500-gr\/"},"modified":"2026-04-21T02:10:37","modified_gmt":"2026-04-21T00:10:37","slug":"colmenillas-silvestres-60-40-500-gr","status":"publish","type":"product","link":"https:\/\/www.csj-emballages.com\/es\/produit\/colmenillas-silvestres-60-40-500-gr\/","title":{"rendered":"Colmenillas silvestres 60\/40 500 gr"},"content":{"rendered":"<h2>Colmenillas silvestres<\/h2>\n<hr>\n<h3>Descripci\u00f3n de nuestras colmenillas silvestres 60\/40 500 gr<\/h3>\n<p><!--more--><\/p>\n<p data-start=\"0\" data-end=\"595\">Descubra la autenticidad de las <strong data-start=\"66\" data-end=\"110\">colmenillas silvestres 60\/40 &#8211; 500 g<\/strong>, un aut\u00e9ntico tesoro gastron\u00f3mico que realzar\u00e1 sus platos. Recolectadas con esmero, estas <strong data-start=\"200\" data-end=\"212\">colmenillas<\/strong> se distinguen por su calidad <strong data-start=\"245\" data-end=\"263\">Extra delicatessen<\/strong>, compuesta por <strong data-start=\"277\" data-end=\"294\">un 60% de cabezas<\/strong> carnosas y <strong data-start=\"307\" data-end=\"325\">un 40% de sabrosas colas<\/strong>, para una experiencia culinaria refinada y equilibrada. Gracias a su fragancia amaderada \u00fanica, aportan un toque de car\u00e1cter y elegancia a todas sus creaciones, ya sea un risotto gourmet, una salsa cremosa o un noble plato de carne.  <\/p>\n<p data-start=\"597\" data-end=\"1065\">Preparar estas <strong data-start=\"610\" data-end=\"637\">setas excepcionales<\/strong> es r\u00e1pido y sencillo. Basta con <strong data-start=\"677\" data-end=\"735\">rehidratarlas en agua hirviendo durante 20 minutos<\/strong>, <strong data-start=\"749\" data-end=\"771\">enjuagarlas bien<\/strong> y <strong data-start=\"782\" data-end=\"808\">escurrirlas con cuidado<\/strong>. A continuaci\u00f3n, coc\u00ednelas como si fueran <strong data-start=\"842\" data-end=\"863\">setas frescas<\/strong>, disfrutando de su textura fundente y su intenso sabor. Esta preparaci\u00f3n garantiza una calidad \u00f3ptima y un sabor preservado, ideal tanto para los chefs como para los aficionados a la cocina casera.   <\/p>\n<p data-start=\"1067\" data-end=\"1320\">Para conservar todo su sabor, conserve las colmenillas <strong data-start=\"1121\" data-end=\"1154\">en un lugar fresco y seco<\/strong>, al abrigo de la luz y, sobre todo, en su <strong data-start=\"1201\" data-end=\"1224\">envase original<\/strong>. As\u00ed tendr\u00e1 la seguridad de percibir el aut\u00e9ntico aroma del bosque cada vez que las abra. <\/p>\n<p data-start=\"1322\" data-end=\"1663\">Si es usted <strong data-start=\"1340\" data-end=\"1352\">hostelero<\/strong>, restaurador o simplemente un amante de la gastronom\u00eda, estas <strong>colmenillas silvestres 60\/40<\/strong> son perfectas para realzar sus men\u00fas o sorprender a sus invitados en una cena refinada. Con su pr\u00e1ctico formato <strong>de 500 g<\/strong>, son tan adecuadas para las preparaciones profesionales como para las comidas gourmet en casa. <\/p>\n<p data-start=\"1665\" data-end=\"1888\">D\u00e9 a sus platos un sabor incomparable y haga de cada bocado una invitaci\u00f3n al descubrimiento. <strong data-start=\"1768\" data-end=\"1804\">Las colmenillas silvestres 60\/40<\/strong> son el secreto de una cocina generosa, fragante y sencillamente irresistible. <\/p>\n<p><!--more--><\/p>\n<h4><strong>Ventajas :<\/strong><\/h4>\n<ul>\n<li><strong data-start=\"2103\" data-end=\"2129\">Calidad catering extra<\/strong>: 60% cabezas, 40% colas para un sabor equilibrado.<\/li>\n<li><strong data-start=\"2184\" data-end=\"2206\">R\u00e1pido de preparar<\/strong>: se rehidrata en s\u00f3lo 20 minutos.<\/li>\n<li><strong data-start=\"2252\" data-end=\"2275\">Intenso aroma amaderado<\/strong> para platos gourmet \u00fanicos.<\/li>\n<li><strong data-start=\"2319\" data-end=\"2342\">Conservaci\u00f3n prolongada<\/strong> en el embalaje original, protegido de la luz.<\/li>\n<li>Ideal para <strong data-start=\"2410\" data-end=\"2466\">hosteleros, restauradores y amantes de la buena cocina.<\/strong><\/li>\n<\/ul>\n<p>&nbsp;<\/p>\n<p><!--more--><\/p>\n<h4>Informaci\u00f3n adicional :<\/h4>\n<ul>\n<li><strong>Envase<\/strong>: Tarro de 500 g<\/li>\n<li><b>Tipo <\/b>: 60\/40 delicatessen (60% cabezas de colmenillas desecadas y 40% tallos de colmenillas desecados)<\/li>\n<li><strong>Origen<\/strong>: No UE<\/li>\n<\/ul>\n<p>&nbsp;<\/p>\n<p><!--more--><\/p>\n<p>Descubra aqu\u00ed todas nuestras variedades de colmenillas: <span style=\"color: #d12727;\"><br \/>\n  <a style=\"color: #d12727;\" href=\"https:\/\/www.csj-emballages.com\/es\/produit\/colmenillas-silvestres-especiales-b-500-gr-en-tarro-pet\/\">Especial B colmenillas silvestres<\/a><br \/>\n<\/span> \/ <span style=\"color: #d12727;\"><br \/>\n  <a style=\"color: #d12727;\" href=\"https:\/\/www.csj-emballages.com\/es\/produit\/colmenillas-silvestres-especiales-a-500-gr-en-tarro-pet\/\">Colmenillas silvestres especiales A<\/a><br \/>\n<\/span><\/p>\n<p>&nbsp;<\/p>\n<p><!--more--><\/p>\n<p><a href=\"https:\/\/www.csj-emballages.com\/es\/categorie-produit\/alimentacion-es\/setas-secas\/\">Ver el resto de nuestra gama de setas deshidratadas<\/a><\/p>\n","protected":false},"excerpt":{"rendered":"<p>Colmenillas silvestres Descripci\u00f3n de nuestras colmenillas silvestres 60\/40 500 gr<\/p>\n","protected":false},"featured_media":244109,"template":"","meta":{"_acf_changed":false},"product_brand":[],"product_cat":[1150,1162,9709],"product_tag":[],"class_list":{"0":"post-244100","1":"product","2":"type-product","3":"status-publish","4":"has-post-thumbnail","6":"product_cat-envasado-de-alimentos","7":"product_cat-alimentacion-es","8":"product_cat-setas-secas","10":"first","11":"instock","12":"taxable","13":"shipping-taxable","14":"purchasable","15":"product-type-simple"},"acf":[],"yoast_head":"<!-- This site is optimized with the Yoast SEO Premium plugin v26.6 (Yoast SEO v26.6) - https:\/\/yoast.com\/wordpress\/plugins\/seo\/ -->\n<title>Traiteur Colmenillas Silvestres 60\/40 500 gr<\/title>\n<meta name=\"description\" content=\"Colmenillas silvestres para catering 60\/40 - 500 g: aroma amaderado, cabezas y tallos de colmenillas, f\u00e1ciles de rehidratar y cocinar para platos refinados.\" \/>\n<meta name=\"robots\" content=\"index, follow, max-snippet:-1, max-image-preview:large, max-video-preview:-1\" \/>\n<link rel=\"canonical\" href=\"https:\/\/www.csj-emballages.com\/es\/produit\/colmenillas-silvestres-60-40-500-gr\/\" \/>\n<meta property=\"og:locale\" content=\"es_ES\" \/>\n<meta property=\"og:type\" content=\"article\" \/>\n<meta property=\"og:title\" content=\"Colmenillas silvestres 60\/40 500 gr\" \/>\n<meta property=\"og:description\" content=\"Colmenillas silvestres para catering 60\/40 - 500 g: aroma amaderado, cabezas y tallos de colmenillas, f\u00e1ciles de rehidratar y cocinar para platos refinados.\" \/>\n<meta property=\"og:url\" content=\"https:\/\/www.csj-emballages.com\/es\/produit\/colmenillas-silvestres-60-40-500-gr\/\" \/>\n<meta property=\"og:site_name\" content=\"CSJ Emballages\" \/>\n<meta property=\"article:publisher\" content=\"https:\/\/www.facebook.com\/csjemballages\" \/>\n<meta property=\"article:modified_time\" content=\"2026-04-21T00:10:37+00:00\" \/>\n<meta property=\"og:image\" content=\"https:\/\/www.csj-emballages.com\/wp-content\/uploads\/2025\/09\/11500-1-1.webp\" \/>\n\t<meta property=\"og:image:width\" content=\"800\" \/>\n\t<meta property=\"og:image:height\" content=\"800\" \/>\n\t<meta property=\"og:image:type\" content=\"image\/webp\" \/>\n<meta name=\"twitter:card\" content=\"summary_large_image\" \/>\n<meta name=\"twitter:label1\" content=\"Tiempo de lectura\" \/>\n\t<meta name=\"twitter:data1\" content=\"2 minutos\" \/>\n<script type=\"application\/ld+json\" class=\"yoast-schema-graph\">{\"@context\":\"https:\/\/schema.org\",\"@graph\":[{\"@type\":\"WebPage\",\"@id\":\"https:\/\/www.csj-emballages.com\/es\/produit\/colmenillas-silvestres-60-40-500-gr\/\",\"url\":\"https:\/\/www.csj-emballages.com\/es\/produit\/colmenillas-silvestres-60-40-500-gr\/\",\"name\":\"Traiteur Colmenillas Silvestres 60\/40 500 gr\",\"isPartOf\":{\"@id\":\"https:\/\/www.csj-emballages.com\/es\/#website\"},\"primaryImageOfPage\":{\"@id\":\"https:\/\/www.csj-emballages.com\/es\/produit\/colmenillas-silvestres-60-40-500-gr\/#primaryimage\"},\"image\":{\"@id\":\"https:\/\/www.csj-emballages.com\/es\/produit\/colmenillas-silvestres-60-40-500-gr\/#primaryimage\"},\"thumbnailUrl\":\"https:\/\/www.csj-emballages.com\/wp-content\/uploads\/2025\/09\/11500-1-1.webp\",\"datePublished\":\"2025-09-15T07:48:38+00:00\",\"dateModified\":\"2026-04-21T00:10:37+00:00\",\"description\":\"Colmenillas silvestres para catering 60\/40 - 500 g: aroma amaderado, cabezas y tallos de colmenillas, f\u00e1ciles de rehidratar y cocinar para platos refinados.\",\"breadcrumb\":{\"@id\":\"https:\/\/www.csj-emballages.com\/es\/produit\/colmenillas-silvestres-60-40-500-gr\/#breadcrumb\"},\"inLanguage\":\"es\",\"potentialAction\":[{\"@type\":\"ReadAction\",\"target\":[\"https:\/\/www.csj-emballages.com\/es\/produit\/colmenillas-silvestres-60-40-500-gr\/\"]}]},{\"@type\":\"ImageObject\",\"inLanguage\":\"es\",\"@id\":\"https:\/\/www.csj-emballages.com\/es\/produit\/colmenillas-silvestres-60-40-500-gr\/#primaryimage\",\"url\":\"https:\/\/www.csj-emballages.com\/wp-content\/uploads\/2025\/09\/11500-1-1.webp\",\"contentUrl\":\"https:\/\/www.csj-emballages.com\/wp-content\/uploads\/2025\/09\/11500-1-1.webp\",\"width\":800,\"height\":800,\"caption\":\"Morilles sauvages\"},{\"@type\":\"BreadcrumbList\",\"@id\":\"https:\/\/www.csj-emballages.com\/es\/produit\/colmenillas-silvestres-60-40-500-gr\/#breadcrumb\",\"itemListElement\":[{\"@type\":\"ListItem\",\"position\":1,\"name\":\"Accueil\",\"item\":\"https:\/\/www.csj-emballages.com\/es\/universo-del-envasado-alimentario\/\"},{\"@type\":\"ListItem\",\"position\":2,\"name\":\"Tienda\",\"item\":\"https:\/\/www.csj-emballages.com\/tienda\/\"},{\"@type\":\"ListItem\",\"position\":3,\"name\":\"Colmenillas silvestres 60\/40 500 gr\"}]},{\"@type\":\"WebSite\",\"@id\":\"https:\/\/www.csj-emballages.com\/es\/#website\",\"url\":\"https:\/\/www.csj-emballages.com\/es\/\",\"name\":\"CSJ Emballages\",\"description\":\"\",\"publisher\":{\"@id\":\"https:\/\/www.csj-emballages.com\/es\/#organization\"},\"potentialAction\":[{\"@type\":\"SearchAction\",\"target\":{\"@type\":\"EntryPoint\",\"urlTemplate\":\"https:\/\/www.csj-emballages.com\/es\/?s={search_term_string}\"},\"query-input\":{\"@type\":\"PropertyValueSpecification\",\"valueRequired\":true,\"valueName\":\"search_term_string\"}}],\"inLanguage\":\"es\"},{\"@type\":\"Organization\",\"@id\":\"https:\/\/www.csj-emballages.com\/es\/#Organization\/\",\"name\":\"CSJ Emballages\",\"url\":\"https:\/\/www.csj-emballages.com\/es\/\",\"logo\":{\"@type\":\"ImageObject\",\"inLanguage\":\"es\",\"@id\":\"https:\/\/www.csj-emballages.com\/es\/#\/schema\/logo\/image\/\",\"url\":\"https:\/\/www.csj-emballages.com\/wp-content\/uploads\/2023\/10\/logo_csj.webp\",\"contentUrl\":\"https:\/\/www.csj-emballages.com\/wp-content\/uploads\/2023\/10\/logo_csj.webp\",\"width\":250,\"height\":95,\"caption\":\"CSJ Emballages\"},\"image\":{\"@id\":\"https:\/\/www.csj-emballages.com\/es\/#\/schema\/logo\/image\/\"},\"sameAs\":[\"https:\/\/www.facebook.com\/csjemballages\"],\"address\":{\"@type\":\"PostalAddress\",\"streetAddress\":\"ZI La Lechere\",\"addressLocality\":\"Patornay\",\"postalCode\":\"39130\",\"addressCountry\":\"FR\"},\"contactPoint\":[{\"@type\":\"ContactPoint\",\"contactType\":\"Service client\",\"telephone\":\"0384254272\",\"email\":\"contact@csj-emballages.com\"}]}]}<\/script>\n<!-- \/ Yoast SEO Premium plugin. -->","yoast_head_json":{"title":"Traiteur Colmenillas Silvestres 60\/40 500 gr","description":"Colmenillas silvestres para catering 60\/40 - 500 g: aroma amaderado, cabezas y tallos de colmenillas, f\u00e1ciles de rehidratar y cocinar para platos refinados.","robots":{"index":"index","follow":"follow","max-snippet":"max-snippet:-1","max-image-preview":"max-image-preview:large","max-video-preview":"max-video-preview:-1"},"canonical":"https:\/\/www.csj-emballages.com\/es\/produit\/colmenillas-silvestres-60-40-500-gr\/","og_locale":"es_ES","og_type":"article","og_title":"Colmenillas silvestres 60\/40 500 gr","og_description":"Colmenillas silvestres para catering 60\/40 - 500 g: aroma amaderado, cabezas y tallos de colmenillas, f\u00e1ciles de rehidratar y cocinar para platos refinados.","og_url":"https:\/\/www.csj-emballages.com\/es\/produit\/colmenillas-silvestres-60-40-500-gr\/","og_site_name":"CSJ Emballages","article_publisher":"https:\/\/www.facebook.com\/csjemballages","article_modified_time":"2026-04-21T00:10:37+00:00","og_image":[{"width":800,"height":800,"url":"https:\/\/www.csj-emballages.com\/wp-content\/uploads\/2025\/09\/11500-1-1.webp","type":"image\/webp"}],"twitter_card":"summary_large_image","twitter_misc":{"Tiempo de lectura":"2 minutos"},"schema":{"@context":"https:\/\/schema.org","@graph":[{"@type":"WebPage","@id":"https:\/\/www.csj-emballages.com\/es\/produit\/colmenillas-silvestres-60-40-500-gr\/","url":"https:\/\/www.csj-emballages.com\/es\/produit\/colmenillas-silvestres-60-40-500-gr\/","name":"Traiteur Colmenillas Silvestres 60\/40 500 gr","isPartOf":{"@id":"https:\/\/www.csj-emballages.com\/es\/#website"},"primaryImageOfPage":{"@id":"https:\/\/www.csj-emballages.com\/es\/produit\/colmenillas-silvestres-60-40-500-gr\/#primaryimage"},"image":{"@id":"https:\/\/www.csj-emballages.com\/es\/produit\/colmenillas-silvestres-60-40-500-gr\/#primaryimage"},"thumbnailUrl":"https:\/\/www.csj-emballages.com\/wp-content\/uploads\/2025\/09\/11500-1-1.webp","datePublished":"2025-09-15T07:48:38+00:00","dateModified":"2026-04-21T00:10:37+00:00","description":"Colmenillas silvestres para catering 60\/40 - 500 g: aroma amaderado, cabezas y tallos de colmenillas, f\u00e1ciles de rehidratar y cocinar para platos refinados.","breadcrumb":{"@id":"https:\/\/www.csj-emballages.com\/es\/produit\/colmenillas-silvestres-60-40-500-gr\/#breadcrumb"},"inLanguage":"es","potentialAction":[{"@type":"ReadAction","target":["https:\/\/www.csj-emballages.com\/es\/produit\/colmenillas-silvestres-60-40-500-gr\/"]}]},{"@type":"ImageObject","inLanguage":"es","@id":"https:\/\/www.csj-emballages.com\/es\/produit\/colmenillas-silvestres-60-40-500-gr\/#primaryimage","url":"https:\/\/www.csj-emballages.com\/wp-content\/uploads\/2025\/09\/11500-1-1.webp","contentUrl":"https:\/\/www.csj-emballages.com\/wp-content\/uploads\/2025\/09\/11500-1-1.webp","width":800,"height":800,"caption":"Morilles sauvages"},{"@type":"BreadcrumbList","@id":"https:\/\/www.csj-emballages.com\/es\/produit\/colmenillas-silvestres-60-40-500-gr\/#breadcrumb","itemListElement":[{"@type":"ListItem","position":1,"name":"Accueil","item":"https:\/\/www.csj-emballages.com\/es\/universo-del-envasado-alimentario\/"},{"@type":"ListItem","position":2,"name":"Tienda","item":"https:\/\/www.csj-emballages.com\/tienda\/"},{"@type":"ListItem","position":3,"name":"Colmenillas silvestres 60\/40 500 gr"}]},{"@type":"WebSite","@id":"https:\/\/www.csj-emballages.com\/es\/#website","url":"https:\/\/www.csj-emballages.com\/es\/","name":"CSJ Emballages","description":"","publisher":{"@id":"https:\/\/www.csj-emballages.com\/es\/#organization"},"potentialAction":[{"@type":"SearchAction","target":{"@type":"EntryPoint","urlTemplate":"https:\/\/www.csj-emballages.com\/es\/?s={search_term_string}"},"query-input":{"@type":"PropertyValueSpecification","valueRequired":true,"valueName":"search_term_string"}}],"inLanguage":"es"},{"@type":"Organization","@id":"https:\/\/www.csj-emballages.com\/es\/#Organization\/","name":"CSJ Emballages","url":"https:\/\/www.csj-emballages.com\/es\/","logo":{"@type":"ImageObject","inLanguage":"es","@id":"https:\/\/www.csj-emballages.com\/es\/#\/schema\/logo\/image\/","url":"https:\/\/www.csj-emballages.com\/wp-content\/uploads\/2023\/10\/logo_csj.webp","contentUrl":"https:\/\/www.csj-emballages.com\/wp-content\/uploads\/2023\/10\/logo_csj.webp","width":250,"height":95,"caption":"CSJ Emballages"},"image":{"@id":"https:\/\/www.csj-emballages.com\/es\/#\/schema\/logo\/image\/"},"sameAs":["https:\/\/www.facebook.com\/csjemballages"],"address":{"@type":"PostalAddress","streetAddress":"ZI La Lechere","addressLocality":"Patornay","postalCode":"39130","addressCountry":"FR"},"contactPoint":[{"@type":"ContactPoint","contactType":"Service client","telephone":"0384254272","email":"contact@csj-emballages.com"}]}]}},"df_price":64.96,"df_sale_price":"","df_regular_price":64.96,"df_image_link":"https:\/\/www.csj-emballages.com\/wp-content\/uploads\/2025\/09\/11500-1-1-300x300.webp","tiered_pricing_type":"fixed","tiered_pricing_fixed_rules":[],"tiered_pricing_percentage_rules":[],"tiered_pricing_minimum":1,"tiered_pricing_roles_data":[],"_links":{"self":[{"href":"https:\/\/www.csj-emballages.com\/es\/wp-json\/wp\/v2\/product\/244100","targetHints":{"allow":["GET"]}}],"collection":[{"href":"https:\/\/www.csj-emballages.com\/es\/wp-json\/wp\/v2\/product"}],"about":[{"href":"https:\/\/www.csj-emballages.com\/es\/wp-json\/wp\/v2\/types\/product"}],"wp:featuredmedia":[{"embeddable":true,"href":"https:\/\/www.csj-emballages.com\/es\/wp-json\/wp\/v2\/media\/244109"}],"wp:attachment":[{"href":"https:\/\/www.csj-emballages.com\/es\/wp-json\/wp\/v2\/media?parent=244100"}],"wp:term":[{"taxonomy":"product_brand","embeddable":true,"href":"https:\/\/www.csj-emballages.com\/es\/wp-json\/wp\/v2\/product_brand?post=244100"},{"taxonomy":"product_cat","embeddable":true,"href":"https:\/\/www.csj-emballages.com\/es\/wp-json\/wp\/v2\/product_cat?post=244100"},{"taxonomy":"product_tag","embeddable":true,"href":"https:\/\/www.csj-emballages.com\/es\/wp-json\/wp\/v2\/product_tag?post=244100"}],"curies":[{"name":"wp","href":"https:\/\/api.w.org\/{rel}","templated":true}]}}