{"id":244065,"date":"2025-09-15T09:48:43","date_gmt":"2025-09-15T07:48:43","guid":{"rendered":"https:\/\/www.csj-emballages.com\/produit\/colmenillas-silvestres-especiales-b-500-gr-en-tarro-pet\/"},"modified":"2026-04-28T02:11:06","modified_gmt":"2026-04-28T00:11:06","slug":"colmenillas-silvestres-especiales-b-500-gr-en-tarro-pet","status":"publish","type":"product","link":"https:\/\/www.csj-emballages.com\/es\/produit\/colmenillas-silvestres-especiales-b-500-gr-en-tarro-pet\/","title":{"rendered":"Colmenillas silvestres especiales B 500 Gr en tarro PET"},"content":{"rendered":"<h2>Colmenillas silvestres<\/h2>\n<hr>\n<h3>Descripci\u00f3n de nuestras colmenillas silvestres especiales B 500 gr en tarro PET<\/h3>\n<p><!--more--><\/p>\n<p data-start=\"0\" data-end=\"417\">Descubra la autenticidad de las <strong data-start=\"59\" data-end=\"109\">colmenillas silvestres especiales B 500 g en tarro PET<\/strong>, un tesoro culinario ideal para realzar sus platos gastron\u00f3micos. Recolectadas con esmero, estas <strong>colmenillas<\/strong> <strong data-start=\"211\" data-end=\"237\">especiales (sin tallo)<\/strong> son famosas por su perfume amaderado y su textura delicada. Su calidad seducir\u00e1 tanto a los restauradores como a los amantes de la buena cocina.  <\/p>\n<p data-start=\"419\" data-end=\"882\">Para liberar todo su sabor, basta con <strong data-start=\"470\" data-end=\"500\">rehidratar las setas<\/strong> en<strong data-start=\"511\" data-end=\"548\">agua hirviendo durante 20 minutos<\/strong>, <strong data-start=\"562\" data-end=\"584\">aclararlas bien<\/strong> y <strong data-start=\"595\" data-end=\"607\">escurrirlas<\/strong>. A continuaci\u00f3n, puede cocinarlas como si <g id=\"gid_4\">fueran setas frescas<\/g>: en una salsa cremosa, un risotto gourmet o un plato de carne en salsa. Esta facilidad de preparaci\u00f3n permite disfrutar de un sabor intenso durante todo el a\u00f1o, sea cual sea la estaci\u00f3n.  <\/p>\n<p data-start=\"884\" data-end=\"1235\">Envasadas en un <strong data-start=\"906\" data-end=\"940\">pr\u00e1ctico tarro de PET reciclable<\/strong>, estas <strong>colmenillas silvestres<\/strong> pueden conservarse en un <strong data-start=\"991\" data-end=\"1006\">lugar<\/strong> <strong data-start=\"972\" data-end=\"981\">fresco<\/strong> y <strong data-start=\"991\" data-end=\"1006\">seco<\/strong>, al<strong data-start=\"1012\" data-end=\"1034\">abrigo de la luz<\/strong> y en su <strong data-start=\"1048\" data-end=\"1071\">envase original<\/strong>. El formato <strong>de 500 g<\/strong> es perfecto para uso profesional o para los aficionados a la cocina que siempre quieren tener a mano un ingrediente excepcional. <\/p>\n<p data-start=\"1237\" data-end=\"1529\">Al elegir estas <strong>colmenillas silvestres<\/strong>, a\u00f1adir\u00e1 un incomparable toque de <strong data-start=\"1316\" data-end=\"1331\">refinamiento<\/strong> a sus recetas, al tiempo que se beneficiar\u00e1 de un producto f\u00e1cil de conservar y utilizar. A\u00f1\u00e1dalas a sus creaciones culinarias para impresionar a sus invitados y dar una nueva dimensi\u00f3n a sus platos. <\/p>\n<p><!--more--><\/p>\n<h4><strong>Ventajas :<\/strong><\/h4>\n<ul>\n<li><strong data-start=\"1752\" data-end=\"1771\">Calidad superior<\/strong>: colmenillas silvestres especiales, sin tallos, con un aroma amaderado \u00fanico.<\/li>\n<li><strong data-start=\"1843\" data-end=\"1865\">F\u00e1ciles de preparar<\/strong>: se rehidratan r\u00e1pidamente y se cocinan igual que las setas frescas.<\/li>\n<li><strong data-start=\"1931\" data-end=\"1956\">Conservaci\u00f3n \u00f3ptima<\/strong>: tarro PET reciclable, larga conservaci\u00f3n en lugar fresco y oscuro.<\/li>\n<li><strong data-start=\"2039\" data-end=\"2058\">Formato generoso<\/strong>: 500 g adecuados para profesionales y aficionados a la gastronom\u00eda.<\/li>\n<\/ul>\n<p>&nbsp;<\/p>\n<p><!--more--><\/p>\n<h4>Informaci\u00f3n adicional :<\/h4>\n<ul>\n<li><strong>Envase<\/strong>: Tarro de 500 g<\/li>\n<li><b>Tipo <\/b>: Especial B (sin cola)<\/li>\n<li><strong>Origen<\/strong>: No UE<\/li>\n<\/ul>\n<p>&nbsp;<\/p>\n<p><!--more--><\/p>\n<p>Descubra aqu\u00ed todas nuestras variedades de colmenillas: <span style=\"color: #d12727;\"><br \/>\n  <a style=\"color: #d12727;\" href=\"https:\/\/www.csj-emballages.com\/es\/produit\/colmenillas-silvestres-especiales-a-500-gr-en-tarro-pet\/\">Colmenillas silvestres especiales A<\/a><br \/>\n<\/span> \/ <span style=\"color: #d12727;\"><br \/>\n  <a style=\"color: #d12727;\" href=\"https:\/\/www.csj-emballages.com\/es\/produit\/colmenillas-silvestres-60-40-500-gr\/\">60\/40 catering colmenillas silvestres<\/a><br \/>\n<\/span><\/p>\n<p>&nbsp;<\/p>\n<p><!--more--><\/p>\n<p><a href=\"https:\/\/www.csj-emballages.com\/es\/categorie-produit\/alimentacion-es\/setas-secas\/\">Ver el resto de nuestra gama de setas deshidratadas<\/a><\/p>\n","protected":false},"excerpt":{"rendered":"<p>Colmenillas silvestres Descripci\u00f3n de nuestras colmenillas silvestres especiales B 500 gr en tarro PET<\/p>\n","protected":false},"featured_media":244064,"template":"","meta":{"_acf_changed":false},"product_brand":[],"product_cat":[1150,1162,9709],"product_tag":[],"class_list":{"0":"post-244065","1":"product","2":"type-product","3":"status-publish","4":"has-post-thumbnail","6":"product_cat-envasado-de-alimentos","7":"product_cat-alimentacion-es","8":"product_cat-setas-secas","10":"first","11":"instock","12":"taxable","13":"shipping-taxable","14":"purchasable","15":"product-type-simple"},"acf":[],"yoast_head":"<!-- This site is optimized with the Yoast SEO Premium plugin v26.6 (Yoast SEO v26.6) - https:\/\/yoast.com\/wordpress\/plugins\/seo\/ -->\n<title>Colmenillas silvestres especiales B 500 gr en tarro PET<\/title>\n<meta name=\"description\" content=\"Especial B 500 g de colmenillas silvestres en un tarro PET: sin cola, f\u00e1ciles de rehidratar y cocinar, para recetas fragantes y gourmet.\" \/>\n<meta name=\"robots\" content=\"index, follow, max-snippet:-1, max-image-preview:large, max-video-preview:-1\" \/>\n<link rel=\"canonical\" href=\"https:\/\/www.csj-emballages.com\/es\/produit\/colmenillas-silvestres-especiales-b-500-gr-en-tarro-pet\/\" \/>\n<meta property=\"og:locale\" content=\"es_ES\" \/>\n<meta property=\"og:type\" content=\"article\" \/>\n<meta property=\"og:title\" content=\"Colmenillas silvestres especiales B 500 Gr en tarro PET\" \/>\n<meta property=\"og:description\" content=\"Especial B 500 g de colmenillas silvestres en un tarro PET: sin cola, f\u00e1ciles de rehidratar y cocinar, para recetas fragantes y gourmet.\" \/>\n<meta property=\"og:url\" content=\"https:\/\/www.csj-emballages.com\/es\/produit\/colmenillas-silvestres-especiales-b-500-gr-en-tarro-pet\/\" \/>\n<meta property=\"og:site_name\" content=\"CSJ Emballages\" \/>\n<meta property=\"article:publisher\" content=\"https:\/\/www.facebook.com\/csjemballages\" \/>\n<meta property=\"article:modified_time\" content=\"2026-04-28T00:11:06+00:00\" \/>\n<meta property=\"og:image\" content=\"https:\/\/www.csj-emballages.com\/wp-content\/uploads\/2025\/09\/11501.webp\" \/>\n\t<meta property=\"og:image:width\" content=\"800\" \/>\n\t<meta property=\"og:image:height\" content=\"800\" \/>\n\t<meta property=\"og:image:type\" content=\"image\/webp\" \/>\n<meta name=\"twitter:card\" content=\"summary_large_image\" \/>\n<meta name=\"twitter:label1\" content=\"Tiempo de lectura\" \/>\n\t<meta name=\"twitter:data1\" content=\"2 minutos\" \/>\n<script type=\"application\/ld+json\" class=\"yoast-schema-graph\">{\"@context\":\"https:\/\/schema.org\",\"@graph\":[{\"@type\":\"WebPage\",\"@id\":\"https:\/\/www.csj-emballages.com\/es\/produit\/colmenillas-silvestres-especiales-b-500-gr-en-tarro-pet\/\",\"url\":\"https:\/\/www.csj-emballages.com\/es\/produit\/colmenillas-silvestres-especiales-b-500-gr-en-tarro-pet\/\",\"name\":\"Colmenillas silvestres especiales B 500 gr en tarro PET\",\"isPartOf\":{\"@id\":\"https:\/\/www.csj-emballages.com\/es\/#website\"},\"primaryImageOfPage\":{\"@id\":\"https:\/\/www.csj-emballages.com\/es\/produit\/colmenillas-silvestres-especiales-b-500-gr-en-tarro-pet\/#primaryimage\"},\"image\":{\"@id\":\"https:\/\/www.csj-emballages.com\/es\/produit\/colmenillas-silvestres-especiales-b-500-gr-en-tarro-pet\/#primaryimage\"},\"thumbnailUrl\":\"https:\/\/www.csj-emballages.com\/wp-content\/uploads\/2025\/09\/11501.webp\",\"datePublished\":\"2025-09-15T07:48:43+00:00\",\"dateModified\":\"2026-04-28T00:11:06+00:00\",\"description\":\"Especial B 500 g de colmenillas silvestres en un tarro PET: sin cola, f\u00e1ciles de rehidratar y cocinar, para recetas fragantes y gourmet.\",\"breadcrumb\":{\"@id\":\"https:\/\/www.csj-emballages.com\/es\/produit\/colmenillas-silvestres-especiales-b-500-gr-en-tarro-pet\/#breadcrumb\"},\"inLanguage\":\"es\",\"potentialAction\":[{\"@type\":\"ReadAction\",\"target\":[\"https:\/\/www.csj-emballages.com\/es\/produit\/colmenillas-silvestres-especiales-b-500-gr-en-tarro-pet\/\"]}]},{\"@type\":\"ImageObject\",\"inLanguage\":\"es\",\"@id\":\"https:\/\/www.csj-emballages.com\/es\/produit\/colmenillas-silvestres-especiales-b-500-gr-en-tarro-pet\/#primaryimage\",\"url\":\"https:\/\/www.csj-emballages.com\/wp-content\/uploads\/2025\/09\/11501.webp\",\"contentUrl\":\"https:\/\/www.csj-emballages.com\/wp-content\/uploads\/2025\/09\/11501.webp\",\"width\":800,\"height\":800,\"caption\":\"Morilles sauvages\"},{\"@type\":\"BreadcrumbList\",\"@id\":\"https:\/\/www.csj-emballages.com\/es\/produit\/colmenillas-silvestres-especiales-b-500-gr-en-tarro-pet\/#breadcrumb\",\"itemListElement\":[{\"@type\":\"ListItem\",\"position\":1,\"name\":\"Accueil\",\"item\":\"https:\/\/www.csj-emballages.com\/es\/universo-del-envasado-alimentario\/\"},{\"@type\":\"ListItem\",\"position\":2,\"name\":\"Tienda\",\"item\":\"https:\/\/www.csj-emballages.com\/tienda\/\"},{\"@type\":\"ListItem\",\"position\":3,\"name\":\"Colmenillas silvestres especiales B 500 Gr en tarro PET\"}]},{\"@type\":\"WebSite\",\"@id\":\"https:\/\/www.csj-emballages.com\/es\/#website\",\"url\":\"https:\/\/www.csj-emballages.com\/es\/\",\"name\":\"CSJ Emballages\",\"description\":\"\",\"publisher\":{\"@id\":\"https:\/\/www.csj-emballages.com\/es\/#organization\"},\"potentialAction\":[{\"@type\":\"SearchAction\",\"target\":{\"@type\":\"EntryPoint\",\"urlTemplate\":\"https:\/\/www.csj-emballages.com\/es\/?s={search_term_string}\"},\"query-input\":{\"@type\":\"PropertyValueSpecification\",\"valueRequired\":true,\"valueName\":\"search_term_string\"}}],\"inLanguage\":\"es\"},{\"@type\":\"Organization\",\"@id\":\"https:\/\/www.csj-emballages.com\/es\/#Organization\/\",\"name\":\"CSJ Emballages\",\"url\":\"https:\/\/www.csj-emballages.com\/es\/\",\"logo\":{\"@type\":\"ImageObject\",\"inLanguage\":\"es\",\"@id\":\"https:\/\/www.csj-emballages.com\/es\/#\/schema\/logo\/image\/\",\"url\":\"https:\/\/www.csj-emballages.com\/wp-content\/uploads\/2023\/10\/logo_csj.webp\",\"contentUrl\":\"https:\/\/www.csj-emballages.com\/wp-content\/uploads\/2023\/10\/logo_csj.webp\",\"width\":250,\"height\":95,\"caption\":\"CSJ Emballages\"},\"image\":{\"@id\":\"https:\/\/www.csj-emballages.com\/es\/#\/schema\/logo\/image\/\"},\"sameAs\":[\"https:\/\/www.facebook.com\/csjemballages\"],\"address\":{\"@type\":\"PostalAddress\",\"streetAddress\":\"ZI La Lechere\",\"addressLocality\":\"Patornay\",\"postalCode\":\"39130\",\"addressCountry\":\"FR\"},\"contactPoint\":[{\"@type\":\"ContactPoint\",\"contactType\":\"Service client\",\"telephone\":\"0384254272\",\"email\":\"contact@csj-emballages.com\"}]}]}<\/script>\n<!-- \/ Yoast SEO Premium plugin. -->","yoast_head_json":{"title":"Colmenillas silvestres especiales B 500 gr en tarro PET","description":"Especial B 500 g de colmenillas silvestres en un tarro PET: sin cola, f\u00e1ciles de rehidratar y cocinar, para recetas fragantes y gourmet.","robots":{"index":"index","follow":"follow","max-snippet":"max-snippet:-1","max-image-preview":"max-image-preview:large","max-video-preview":"max-video-preview:-1"},"canonical":"https:\/\/www.csj-emballages.com\/es\/produit\/colmenillas-silvestres-especiales-b-500-gr-en-tarro-pet\/","og_locale":"es_ES","og_type":"article","og_title":"Colmenillas silvestres especiales B 500 Gr en tarro PET","og_description":"Especial B 500 g de colmenillas silvestres en un tarro PET: sin cola, f\u00e1ciles de rehidratar y cocinar, para recetas fragantes y gourmet.","og_url":"https:\/\/www.csj-emballages.com\/es\/produit\/colmenillas-silvestres-especiales-b-500-gr-en-tarro-pet\/","og_site_name":"CSJ Emballages","article_publisher":"https:\/\/www.facebook.com\/csjemballages","article_modified_time":"2026-04-28T00:11:06+00:00","og_image":[{"width":800,"height":800,"url":"https:\/\/www.csj-emballages.com\/wp-content\/uploads\/2025\/09\/11501.webp","type":"image\/webp"}],"twitter_card":"summary_large_image","twitter_misc":{"Tiempo de lectura":"2 minutos"},"schema":{"@context":"https:\/\/schema.org","@graph":[{"@type":"WebPage","@id":"https:\/\/www.csj-emballages.com\/es\/produit\/colmenillas-silvestres-especiales-b-500-gr-en-tarro-pet\/","url":"https:\/\/www.csj-emballages.com\/es\/produit\/colmenillas-silvestres-especiales-b-500-gr-en-tarro-pet\/","name":"Colmenillas silvestres especiales B 500 gr en tarro PET","isPartOf":{"@id":"https:\/\/www.csj-emballages.com\/es\/#website"},"primaryImageOfPage":{"@id":"https:\/\/www.csj-emballages.com\/es\/produit\/colmenillas-silvestres-especiales-b-500-gr-en-tarro-pet\/#primaryimage"},"image":{"@id":"https:\/\/www.csj-emballages.com\/es\/produit\/colmenillas-silvestres-especiales-b-500-gr-en-tarro-pet\/#primaryimage"},"thumbnailUrl":"https:\/\/www.csj-emballages.com\/wp-content\/uploads\/2025\/09\/11501.webp","datePublished":"2025-09-15T07:48:43+00:00","dateModified":"2026-04-28T00:11:06+00:00","description":"Especial B 500 g de colmenillas silvestres en un tarro PET: sin cola, f\u00e1ciles de rehidratar y cocinar, para recetas fragantes y gourmet.","breadcrumb":{"@id":"https:\/\/www.csj-emballages.com\/es\/produit\/colmenillas-silvestres-especiales-b-500-gr-en-tarro-pet\/#breadcrumb"},"inLanguage":"es","potentialAction":[{"@type":"ReadAction","target":["https:\/\/www.csj-emballages.com\/es\/produit\/colmenillas-silvestres-especiales-b-500-gr-en-tarro-pet\/"]}]},{"@type":"ImageObject","inLanguage":"es","@id":"https:\/\/www.csj-emballages.com\/es\/produit\/colmenillas-silvestres-especiales-b-500-gr-en-tarro-pet\/#primaryimage","url":"https:\/\/www.csj-emballages.com\/wp-content\/uploads\/2025\/09\/11501.webp","contentUrl":"https:\/\/www.csj-emballages.com\/wp-content\/uploads\/2025\/09\/11501.webp","width":800,"height":800,"caption":"Morilles sauvages"},{"@type":"BreadcrumbList","@id":"https:\/\/www.csj-emballages.com\/es\/produit\/colmenillas-silvestres-especiales-b-500-gr-en-tarro-pet\/#breadcrumb","itemListElement":[{"@type":"ListItem","position":1,"name":"Accueil","item":"https:\/\/www.csj-emballages.com\/es\/universo-del-envasado-alimentario\/"},{"@type":"ListItem","position":2,"name":"Tienda","item":"https:\/\/www.csj-emballages.com\/tienda\/"},{"@type":"ListItem","position":3,"name":"Colmenillas silvestres especiales B 500 Gr en tarro PET"}]},{"@type":"WebSite","@id":"https:\/\/www.csj-emballages.com\/es\/#website","url":"https:\/\/www.csj-emballages.com\/es\/","name":"CSJ Emballages","description":"","publisher":{"@id":"https:\/\/www.csj-emballages.com\/es\/#organization"},"potentialAction":[{"@type":"SearchAction","target":{"@type":"EntryPoint","urlTemplate":"https:\/\/www.csj-emballages.com\/es\/?s={search_term_string}"},"query-input":{"@type":"PropertyValueSpecification","valueRequired":true,"valueName":"search_term_string"}}],"inLanguage":"es"},{"@type":"Organization","@id":"https:\/\/www.csj-emballages.com\/es\/#Organization\/","name":"CSJ Emballages","url":"https:\/\/www.csj-emballages.com\/es\/","logo":{"@type":"ImageObject","inLanguage":"es","@id":"https:\/\/www.csj-emballages.com\/es\/#\/schema\/logo\/image\/","url":"https:\/\/www.csj-emballages.com\/wp-content\/uploads\/2023\/10\/logo_csj.webp","contentUrl":"https:\/\/www.csj-emballages.com\/wp-content\/uploads\/2023\/10\/logo_csj.webp","width":250,"height":95,"caption":"CSJ Emballages"},"image":{"@id":"https:\/\/www.csj-emballages.com\/es\/#\/schema\/logo\/image\/"},"sameAs":["https:\/\/www.facebook.com\/csjemballages"],"address":{"@type":"PostalAddress","streetAddress":"ZI La Lechere","addressLocality":"Patornay","postalCode":"39130","addressCountry":"FR"},"contactPoint":[{"@type":"ContactPoint","contactType":"Service client","telephone":"0384254272","email":"contact@csj-emballages.com"}]}]}},"df_price":86.6,"df_sale_price":"","df_regular_price":86.6,"df_image_link":"https:\/\/www.csj-emballages.com\/wp-content\/uploads\/2025\/09\/11501-300x300.webp","tiered_pricing_type":"fixed","tiered_pricing_fixed_rules":[],"tiered_pricing_percentage_rules":[],"tiered_pricing_minimum":1,"tiered_pricing_roles_data":[],"_links":{"self":[{"href":"https:\/\/www.csj-emballages.com\/es\/wp-json\/wp\/v2\/product\/244065","targetHints":{"allow":["GET"]}}],"collection":[{"href":"https:\/\/www.csj-emballages.com\/es\/wp-json\/wp\/v2\/product"}],"about":[{"href":"https:\/\/www.csj-emballages.com\/es\/wp-json\/wp\/v2\/types\/product"}],"wp:featuredmedia":[{"embeddable":true,"href":"https:\/\/www.csj-emballages.com\/es\/wp-json\/wp\/v2\/media\/244064"}],"wp:attachment":[{"href":"https:\/\/www.csj-emballages.com\/es\/wp-json\/wp\/v2\/media?parent=244065"}],"wp:term":[{"taxonomy":"product_brand","embeddable":true,"href":"https:\/\/www.csj-emballages.com\/es\/wp-json\/wp\/v2\/product_brand?post=244065"},{"taxonomy":"product_cat","embeddable":true,"href":"https:\/\/www.csj-emballages.com\/es\/wp-json\/wp\/v2\/product_cat?post=244065"},{"taxonomy":"product_tag","embeddable":true,"href":"https:\/\/www.csj-emballages.com\/es\/wp-json\/wp\/v2\/product_tag?post=244065"}],"curies":[{"name":"wp","href":"https:\/\/api.w.org\/{rel}","templated":true}]}}