{"id":244043,"date":"2025-09-15T09:49:25","date_gmt":"2025-09-15T07:49:25","guid":{"rendered":"https:\/\/www.csj-emballages.com\/produit\/colmenillas-silvestres-especiales-a-500-gr-en-tarro-pet\/"},"modified":"2026-04-24T02:10:41","modified_gmt":"2026-04-24T00:10:41","slug":"colmenillas-silvestres-especiales-a-500-gr-en-tarro-pet","status":"publish","type":"product","link":"https:\/\/www.csj-emballages.com\/es\/produit\/colmenillas-silvestres-especiales-a-500-gr-en-tarro-pet\/","title":{"rendered":"Colmenillas silvestres especiales A 500 gr en tarro PET"},"content":{"rendered":"<h2>Colmenillas silvestres<\/h2>\n<hr>\n<h3>Descripci\u00f3n de nuestras colmenillas silvestres especiales Un tarro PET de 500 gr<\/h3>\n<p><!--more--><\/p>\n<p data-start=\"0\" data-end=\"368\">Descubra el aut\u00e9ntico placer de <strong data-start=\"67\" data-end=\"100\">las Colmenillas Silvestres Especiales A<\/strong> en un <strong>tarro PET<\/strong> <strong data-start=\"115\" data-end=\"124\">de 500 g<\/strong>, un producto excepcional que har\u00e1 las delicias de los gourmets y los chefs apasionados. Estas <strong>colmenillas<\/strong> <strong data-start=\"229\" data-end=\"255\">especiales (sin tallo<\/strong> ) se distinguen por su fragancia amaderada y su textura \u00fanica, ideal para realzar sus platos m\u00e1s refinados. <\/p>\n<p data-start=\"370\" data-end=\"812\">Para aprovechar todo su sabor, basta con <strong data-start=\"424\" data-end=\"454\">rehidratar las setas<\/strong> en<strong data-start=\"465\" data-end=\"483\">agua hirviendo<\/strong> durante unos <strong data-start=\"500\" data-end=\"514\">20 minutos<\/strong>. A continuaci\u00f3n, enju\u00e1guelas <strong data-start=\"536\" data-end=\"551\">bien<\/strong>, esc\u00farralas con cuidado y cu\u00e9zalas como si fueran <strong data-start=\"605\" data-end=\"626\">setas frescas<\/strong>. Este sencillo proceso le proporciona todo el delicado aroma y la finura de <strong>las colmenillas<\/strong>, perfectas para una salsa cremosa, un risotto gourmet o un plato de carne blanca a la sart\u00e9n.  <\/p>\n<p data-start=\"814\" data-end=\"1216\">Adem\u00e1s de su extraordinario sabor, estas <strong>colmenillas silvestres<\/strong> se envasan en un <strong data-start=\"888\" data-end=\"899\">tarro de PET<\/strong> resistente y herm\u00e9tico para su \u00f3ptima conservaci\u00f3n. Para preservar su calidad, cons\u00e9rvelas en <strong data-start=\"1008\" data-end=\"1020\">un<\/strong> <strong data-start=\"1030\" data-end=\"1045\">lugar<\/strong> <strong data-start=\"1008\" data-end=\"1020\">fresco<\/strong> y <strong data-start=\"1030\" data-end=\"1045\">seco<\/strong>, al abrigo de <strong data-start=\"1062\" data-end=\"1073\">la luz<\/strong> y en su <strong data-start=\"1088\" data-end=\"1111\">envase original<\/strong>. Este pr\u00e1ctico envase le permitir\u00e1 conservar sus <strong>setas<\/strong> intactas y listas para consumir en cualquier momento.  <\/p>\n<p data-start=\"1218\" data-end=\"1533\">Tanto si es usted restaurador, hostelero o cocinero casero, este formato <strong data-start=\"1301\" data-end=\"1310\">de 500 g<\/strong> es perfecto para preparaciones generosas y recetas creativas. Adem\u00e1s, su origen <strong>silvestre<\/strong> le garantiza un producto de primera calidad que aportar\u00e1 un toque de autenticidad a cada plato. <\/p>\n<p data-start=\"1535\" data-end=\"1752\">D\u00e9jese seducir por la riqueza arom\u00e1tica de las colmenillas, parte esencial de la gastronom\u00eda francesa. Gracias a su <strong data-start=\"1657\" data-end=\"1676\">calidad superior<\/strong>, convierten cada comida en una experiencia culinaria inolvidable. <\/p>\n<p><!--more--><\/p>\n<h4><strong>Ventajas :<\/strong><\/h4>\n<ul>\n<li><strong data-start=\"1970\" data-end=\"1989\">Calidad superior<\/strong>: colmenillas silvestres sin cola para una textura y un sabor superiores.<\/li>\n<li><strong data-start=\"2065\" data-end=\"2087\">F\u00e1cil de preparar<\/strong>: se rehidrata r\u00e1pidamente en 20 minutos.<\/li>\n<li><strong data-start=\"2130\" data-end=\"2155\">Conservaci\u00f3n \u00f3ptima<\/strong>: tarro PET herm\u00e9tico de larga duraci\u00f3n.<\/li>\n<li><strong data-start=\"2196\" data-end=\"2221\">Versatilidad culinaria<\/strong>: salsas, risottos, carnes o platos gourmet.<\/li>\n<\/ul>\n<p>&nbsp;<\/p>\n<p><!--more--><\/p>\n<h4>Informaci\u00f3n adicional :<\/h4>\n<ul>\n<li><strong>Envase<\/strong>: Tarro de 500 g<\/li>\n<li><b>Tipo <\/b>: Especial A (sin cola)<\/li>\n<li><strong>Origen<\/strong>: No UE<\/li>\n<\/ul>\n<p>&nbsp;<\/p>\n<p><!--more--><\/p>\n<p>Descubra aqu\u00ed todas nuestras variedades de colmenillas: <span style=\"color: #d12727;\"><br \/>\n  <a style=\"color: #d12727;\" href=\"https:\/\/www.csj-emballages.com\/es\/produit\/colmenillas-silvestres-especiales-b-500-gr-en-tarro-pet\/\">Especial B colmenillas silvestres<\/a><br \/>\n<\/span> \/ <span style=\"color: #d12727;\"><br \/>\n  <a style=\"color: #d12727;\" href=\"https:\/\/www.csj-emballages.com\/es\/produit\/colmenillas-silvestres-60-40-500-gr\/\">60\/40 catering colmenillas silvestres<\/a><br \/>\n<\/span><\/p>\n<p>&nbsp;<\/p>\n<p><!--more--><\/p>\n<p><a href=\"https:\/\/www.csj-emballages.com\/es\/categorie-produit\/alimentacion-es\/setas-secas\/\">Ver el resto de nuestra gama de setas deshidratadas<\/a><\/p>\n","protected":false},"excerpt":{"rendered":"<p>Colmenillas silvestres Descripci\u00f3n de nuestras colmenillas silvestres especiales Un tarro PET de 500 gr<\/p>\n","protected":false},"featured_media":244052,"template":"","meta":{"_acf_changed":false},"product_brand":[],"product_cat":[1150,1162,9709],"product_tag":[],"class_list":{"0":"post-244043","1":"product","2":"type-product","3":"status-publish","4":"has-post-thumbnail","6":"product_cat-envasado-de-alimentos","7":"product_cat-alimentacion-es","8":"product_cat-setas-secas","10":"first","11":"instock","12":"taxable","13":"shipping-taxable","14":"purchasable","15":"product-type-simple"},"acf":[],"yoast_head":"<!-- This site is optimized with the Yoast SEO Premium plugin v26.6 (Yoast SEO v26.6) - https:\/\/yoast.com\/wordpress\/plugins\/seo\/ -->\n<title>Colmenillas silvestres especiales Un tarro PET de 500 g<\/title>\n<meta name=\"description\" content=\"Colmenillas silvestres especiales A 500 g sin cola. Rehidratar durante 20 minutos, enjuagar y cocinar como frescas. Pr\u00e1ctico tarro PET, aroma amaderado garantizado.\" \/>\n<meta name=\"robots\" content=\"index, follow, max-snippet:-1, max-image-preview:large, max-video-preview:-1\" \/>\n<link rel=\"canonical\" href=\"https:\/\/www.csj-emballages.com\/es\/produit\/colmenillas-silvestres-especiales-a-500-gr-en-tarro-pet\/\" \/>\n<meta property=\"og:locale\" content=\"es_ES\" \/>\n<meta property=\"og:type\" content=\"article\" \/>\n<meta property=\"og:title\" content=\"Colmenillas silvestres especiales A 500 gr en tarro PET\" \/>\n<meta property=\"og:description\" content=\"Colmenillas silvestres especiales A 500 g sin cola. Rehidratar durante 20 minutos, enjuagar y cocinar como frescas. Pr\u00e1ctico tarro PET, aroma amaderado garantizado.\" \/>\n<meta property=\"og:url\" content=\"https:\/\/www.csj-emballages.com\/es\/produit\/colmenillas-silvestres-especiales-a-500-gr-en-tarro-pet\/\" \/>\n<meta property=\"og:site_name\" content=\"CSJ Emballages\" \/>\n<meta property=\"article:publisher\" content=\"https:\/\/www.facebook.com\/csjemballages\" \/>\n<meta property=\"article:modified_time\" content=\"2026-04-24T00:10:41+00:00\" \/>\n<meta property=\"og:image\" content=\"https:\/\/www.csj-emballages.com\/wp-content\/uploads\/2025\/09\/11509-1.webp\" \/>\n\t<meta property=\"og:image:width\" content=\"800\" \/>\n\t<meta property=\"og:image:height\" content=\"800\" \/>\n\t<meta property=\"og:image:type\" content=\"image\/webp\" \/>\n<meta name=\"twitter:card\" content=\"summary_large_image\" \/>\n<meta name=\"twitter:label1\" content=\"Tiempo de lectura\" \/>\n\t<meta name=\"twitter:data1\" content=\"2 minutos\" \/>\n<script type=\"application\/ld+json\" class=\"yoast-schema-graph\">{\"@context\":\"https:\/\/schema.org\",\"@graph\":[{\"@type\":\"WebPage\",\"@id\":\"https:\/\/www.csj-emballages.com\/es\/produit\/colmenillas-silvestres-especiales-a-500-gr-en-tarro-pet\/\",\"url\":\"https:\/\/www.csj-emballages.com\/es\/produit\/colmenillas-silvestres-especiales-a-500-gr-en-tarro-pet\/\",\"name\":\"Colmenillas silvestres especiales Un tarro PET de 500 g\",\"isPartOf\":{\"@id\":\"https:\/\/www.csj-emballages.com\/es\/#website\"},\"primaryImageOfPage\":{\"@id\":\"https:\/\/www.csj-emballages.com\/es\/produit\/colmenillas-silvestres-especiales-a-500-gr-en-tarro-pet\/#primaryimage\"},\"image\":{\"@id\":\"https:\/\/www.csj-emballages.com\/es\/produit\/colmenillas-silvestres-especiales-a-500-gr-en-tarro-pet\/#primaryimage\"},\"thumbnailUrl\":\"https:\/\/www.csj-emballages.com\/wp-content\/uploads\/2025\/09\/11509-1.webp\",\"datePublished\":\"2025-09-15T07:49:25+00:00\",\"dateModified\":\"2026-04-24T00:10:41+00:00\",\"description\":\"Colmenillas silvestres especiales A 500 g sin cola. Rehidratar durante 20 minutos, enjuagar y cocinar como frescas. Pr\u00e1ctico tarro PET, aroma amaderado garantizado.\",\"breadcrumb\":{\"@id\":\"https:\/\/www.csj-emballages.com\/es\/produit\/colmenillas-silvestres-especiales-a-500-gr-en-tarro-pet\/#breadcrumb\"},\"inLanguage\":\"es\",\"potentialAction\":[{\"@type\":\"ReadAction\",\"target\":[\"https:\/\/www.csj-emballages.com\/es\/produit\/colmenillas-silvestres-especiales-a-500-gr-en-tarro-pet\/\"]}]},{\"@type\":\"ImageObject\",\"inLanguage\":\"es\",\"@id\":\"https:\/\/www.csj-emballages.com\/es\/produit\/colmenillas-silvestres-especiales-a-500-gr-en-tarro-pet\/#primaryimage\",\"url\":\"https:\/\/www.csj-emballages.com\/wp-content\/uploads\/2025\/09\/11509-1.webp\",\"contentUrl\":\"https:\/\/www.csj-emballages.com\/wp-content\/uploads\/2025\/09\/11509-1.webp\",\"width\":800,\"height\":800,\"caption\":\"Morilles sauvages\"},{\"@type\":\"BreadcrumbList\",\"@id\":\"https:\/\/www.csj-emballages.com\/es\/produit\/colmenillas-silvestres-especiales-a-500-gr-en-tarro-pet\/#breadcrumb\",\"itemListElement\":[{\"@type\":\"ListItem\",\"position\":1,\"name\":\"Accueil\",\"item\":\"https:\/\/www.csj-emballages.com\/es\/universo-del-envasado-alimentario\/\"},{\"@type\":\"ListItem\",\"position\":2,\"name\":\"Tienda\",\"item\":\"https:\/\/www.csj-emballages.com\/tienda\/\"},{\"@type\":\"ListItem\",\"position\":3,\"name\":\"Colmenillas silvestres especiales A 500 gr en tarro PET\"}]},{\"@type\":\"WebSite\",\"@id\":\"https:\/\/www.csj-emballages.com\/es\/#website\",\"url\":\"https:\/\/www.csj-emballages.com\/es\/\",\"name\":\"CSJ Emballages\",\"description\":\"\",\"publisher\":{\"@id\":\"https:\/\/www.csj-emballages.com\/es\/#organization\"},\"potentialAction\":[{\"@type\":\"SearchAction\",\"target\":{\"@type\":\"EntryPoint\",\"urlTemplate\":\"https:\/\/www.csj-emballages.com\/es\/?s={search_term_string}\"},\"query-input\":{\"@type\":\"PropertyValueSpecification\",\"valueRequired\":true,\"valueName\":\"search_term_string\"}}],\"inLanguage\":\"es\"},{\"@type\":\"Organization\",\"@id\":\"https:\/\/www.csj-emballages.com\/es\/#Organization\/\",\"name\":\"CSJ Emballages\",\"url\":\"https:\/\/www.csj-emballages.com\/es\/\",\"logo\":{\"@type\":\"ImageObject\",\"inLanguage\":\"es\",\"@id\":\"https:\/\/www.csj-emballages.com\/es\/#\/schema\/logo\/image\/\",\"url\":\"https:\/\/www.csj-emballages.com\/wp-content\/uploads\/2023\/10\/logo_csj.webp\",\"contentUrl\":\"https:\/\/www.csj-emballages.com\/wp-content\/uploads\/2023\/10\/logo_csj.webp\",\"width\":250,\"height\":95,\"caption\":\"CSJ Emballages\"},\"image\":{\"@id\":\"https:\/\/www.csj-emballages.com\/es\/#\/schema\/logo\/image\/\"},\"sameAs\":[\"https:\/\/www.facebook.com\/csjemballages\"],\"address\":{\"@type\":\"PostalAddress\",\"streetAddress\":\"ZI La Lechere\",\"addressLocality\":\"Patornay\",\"postalCode\":\"39130\",\"addressCountry\":\"FR\"},\"contactPoint\":[{\"@type\":\"ContactPoint\",\"contactType\":\"Service client\",\"telephone\":\"0384254272\",\"email\":\"contact@csj-emballages.com\"}]}]}<\/script>\n<!-- \/ Yoast SEO Premium plugin. -->","yoast_head_json":{"title":"Colmenillas silvestres especiales Un tarro PET de 500 g","description":"Colmenillas silvestres especiales A 500 g sin cola. Rehidratar durante 20 minutos, enjuagar y cocinar como frescas. Pr\u00e1ctico tarro PET, aroma amaderado garantizado.","robots":{"index":"index","follow":"follow","max-snippet":"max-snippet:-1","max-image-preview":"max-image-preview:large","max-video-preview":"max-video-preview:-1"},"canonical":"https:\/\/www.csj-emballages.com\/es\/produit\/colmenillas-silvestres-especiales-a-500-gr-en-tarro-pet\/","og_locale":"es_ES","og_type":"article","og_title":"Colmenillas silvestres especiales A 500 gr en tarro PET","og_description":"Colmenillas silvestres especiales A 500 g sin cola. Rehidratar durante 20 minutos, enjuagar y cocinar como frescas. Pr\u00e1ctico tarro PET, aroma amaderado garantizado.","og_url":"https:\/\/www.csj-emballages.com\/es\/produit\/colmenillas-silvestres-especiales-a-500-gr-en-tarro-pet\/","og_site_name":"CSJ Emballages","article_publisher":"https:\/\/www.facebook.com\/csjemballages","article_modified_time":"2026-04-24T00:10:41+00:00","og_image":[{"width":800,"height":800,"url":"https:\/\/www.csj-emballages.com\/wp-content\/uploads\/2025\/09\/11509-1.webp","type":"image\/webp"}],"twitter_card":"summary_large_image","twitter_misc":{"Tiempo de lectura":"2 minutos"},"schema":{"@context":"https:\/\/schema.org","@graph":[{"@type":"WebPage","@id":"https:\/\/www.csj-emballages.com\/es\/produit\/colmenillas-silvestres-especiales-a-500-gr-en-tarro-pet\/","url":"https:\/\/www.csj-emballages.com\/es\/produit\/colmenillas-silvestres-especiales-a-500-gr-en-tarro-pet\/","name":"Colmenillas silvestres especiales Un tarro PET de 500 g","isPartOf":{"@id":"https:\/\/www.csj-emballages.com\/es\/#website"},"primaryImageOfPage":{"@id":"https:\/\/www.csj-emballages.com\/es\/produit\/colmenillas-silvestres-especiales-a-500-gr-en-tarro-pet\/#primaryimage"},"image":{"@id":"https:\/\/www.csj-emballages.com\/es\/produit\/colmenillas-silvestres-especiales-a-500-gr-en-tarro-pet\/#primaryimage"},"thumbnailUrl":"https:\/\/www.csj-emballages.com\/wp-content\/uploads\/2025\/09\/11509-1.webp","datePublished":"2025-09-15T07:49:25+00:00","dateModified":"2026-04-24T00:10:41+00:00","description":"Colmenillas silvestres especiales A 500 g sin cola. Rehidratar durante 20 minutos, enjuagar y cocinar como frescas. Pr\u00e1ctico tarro PET, aroma amaderado garantizado.","breadcrumb":{"@id":"https:\/\/www.csj-emballages.com\/es\/produit\/colmenillas-silvestres-especiales-a-500-gr-en-tarro-pet\/#breadcrumb"},"inLanguage":"es","potentialAction":[{"@type":"ReadAction","target":["https:\/\/www.csj-emballages.com\/es\/produit\/colmenillas-silvestres-especiales-a-500-gr-en-tarro-pet\/"]}]},{"@type":"ImageObject","inLanguage":"es","@id":"https:\/\/www.csj-emballages.com\/es\/produit\/colmenillas-silvestres-especiales-a-500-gr-en-tarro-pet\/#primaryimage","url":"https:\/\/www.csj-emballages.com\/wp-content\/uploads\/2025\/09\/11509-1.webp","contentUrl":"https:\/\/www.csj-emballages.com\/wp-content\/uploads\/2025\/09\/11509-1.webp","width":800,"height":800,"caption":"Morilles sauvages"},{"@type":"BreadcrumbList","@id":"https:\/\/www.csj-emballages.com\/es\/produit\/colmenillas-silvestres-especiales-a-500-gr-en-tarro-pet\/#breadcrumb","itemListElement":[{"@type":"ListItem","position":1,"name":"Accueil","item":"https:\/\/www.csj-emballages.com\/es\/universo-del-envasado-alimentario\/"},{"@type":"ListItem","position":2,"name":"Tienda","item":"https:\/\/www.csj-emballages.com\/tienda\/"},{"@type":"ListItem","position":3,"name":"Colmenillas silvestres especiales A 500 gr en tarro PET"}]},{"@type":"WebSite","@id":"https:\/\/www.csj-emballages.com\/es\/#website","url":"https:\/\/www.csj-emballages.com\/es\/","name":"CSJ Emballages","description":"","publisher":{"@id":"https:\/\/www.csj-emballages.com\/es\/#organization"},"potentialAction":[{"@type":"SearchAction","target":{"@type":"EntryPoint","urlTemplate":"https:\/\/www.csj-emballages.com\/es\/?s={search_term_string}"},"query-input":{"@type":"PropertyValueSpecification","valueRequired":true,"valueName":"search_term_string"}}],"inLanguage":"es"},{"@type":"Organization","@id":"https:\/\/www.csj-emballages.com\/es\/#Organization\/","name":"CSJ Emballages","url":"https:\/\/www.csj-emballages.com\/es\/","logo":{"@type":"ImageObject","inLanguage":"es","@id":"https:\/\/www.csj-emballages.com\/es\/#\/schema\/logo\/image\/","url":"https:\/\/www.csj-emballages.com\/wp-content\/uploads\/2023\/10\/logo_csj.webp","contentUrl":"https:\/\/www.csj-emballages.com\/wp-content\/uploads\/2023\/10\/logo_csj.webp","width":250,"height":95,"caption":"CSJ Emballages"},"image":{"@id":"https:\/\/www.csj-emballages.com\/es\/#\/schema\/logo\/image\/"},"sameAs":["https:\/\/www.facebook.com\/csjemballages"],"address":{"@type":"PostalAddress","streetAddress":"ZI La Lechere","addressLocality":"Patornay","postalCode":"39130","addressCountry":"FR"},"contactPoint":[{"@type":"ContactPoint","contactType":"Service client","telephone":"0384254272","email":"contact@csj-emballages.com"}]}]}},"df_price":116.05,"df_sale_price":"","df_regular_price":116.05,"df_image_link":"https:\/\/www.csj-emballages.com\/wp-content\/uploads\/2025\/09\/11509-1-300x300.webp","tiered_pricing_type":"fixed","tiered_pricing_fixed_rules":[],"tiered_pricing_percentage_rules":[],"tiered_pricing_minimum":1,"tiered_pricing_roles_data":[],"_links":{"self":[{"href":"https:\/\/www.csj-emballages.com\/es\/wp-json\/wp\/v2\/product\/244043","targetHints":{"allow":["GET"]}}],"collection":[{"href":"https:\/\/www.csj-emballages.com\/es\/wp-json\/wp\/v2\/product"}],"about":[{"href":"https:\/\/www.csj-emballages.com\/es\/wp-json\/wp\/v2\/types\/product"}],"wp:featuredmedia":[{"embeddable":true,"href":"https:\/\/www.csj-emballages.com\/es\/wp-json\/wp\/v2\/media\/244052"}],"wp:attachment":[{"href":"https:\/\/www.csj-emballages.com\/es\/wp-json\/wp\/v2\/media?parent=244043"}],"wp:term":[{"taxonomy":"product_brand","embeddable":true,"href":"https:\/\/www.csj-emballages.com\/es\/wp-json\/wp\/v2\/product_brand?post=244043"},{"taxonomy":"product_cat","embeddable":true,"href":"https:\/\/www.csj-emballages.com\/es\/wp-json\/wp\/v2\/product_cat?post=244043"},{"taxonomy":"product_tag","embeddable":true,"href":"https:\/\/www.csj-emballages.com\/es\/wp-json\/wp\/v2\/product_tag?post=244043"}],"curies":[{"name":"wp","href":"https:\/\/api.w.org\/{rel}","templated":true}]}}