{"id":243878,"date":"2025-09-15T09:53:27","date_gmt":"2025-09-15T07:53:27","guid":{"rendered":"https:\/\/www.csj-emballages.com\/produit\/bolsa-de-papel-sulfurizado-news-de-2-caras-155-x-15-cm-paquete-de-1000\/"},"modified":"2026-05-07T08:01:55","modified_gmt":"2026-05-07T06:01:55","slug":"bolsa-de-papel-sulfurizado-news-de-2-caras-155-x-15-cm-paquete-de-1000","status":"publish","type":"product","link":"https:\/\/www.csj-emballages.com\/es\/produit\/bolsa-de-papel-sulfurizado-news-de-2-caras-155-x-15-cm-paquete-de-1000\/","title":{"rendered":"Bolsa de papel sulfurizado \u00abNews\u00bb de 2 caras 15,5 x 15 cm, paquete de 1000"},"content":{"rendered":"<div style=\"font-family: Roboto, sans-serif;\">\n<div style=\"font-family: Roboto, sans-serif;\">\n<div style=\"box-sizing: inherit; font-family: Roboto, sans-serif;\">\n<div style=\"box-sizing: inherit; font-family: Roboto, sans-serif;\">\n<div style=\"box-sizing: inherit; font-family: Roboto, sans-serif;\">\n<div style=\"box-sizing: inherit; font-family: Roboto, sans-serif;\">\n<div style=\"box-sizing: inherit; font-family: Roboto, sans-serif;\">\n<div style=\"box-sizing: inherit; font-family: Roboto, sans-serif;\">\n<div style=\"box-sizing: inherit; font-family: Roboto, sans-serif;\">\n<div style=\"box-sizing: inherit; font-family: Roboto, sans-serif;\">\n<div style=\"box-sizing: inherit; font-family: Roboto, sans-serif;\">\n<div style=\"box-sizing: inherit; font-family: Roboto, sans-serif;\">\n<div style=\"box-sizing: inherit; font-family: Roboto, sans-serif;\">\n<div style=\"box-sizing: inherit; font-family: Roboto, sans-serif;\">\n<div style=\"box-sizing: inherit; font-family: Roboto, sans-serif;\">\n<div class=\"flex flex-grow flex-col max-w-full\">\n<div class=\"min-h-[20px] text-message flex flex-col items-start whitespace-pre-wrap break-words [.text-message+&amp;]:mt-5 juice:w-full juice:items-end overflow-x-auto gap-2\" dir=\"auto\" data-message-author-role=\"assistant\" data-message-id=\"2034782e-88f9-44ef-b4dc-07dd7bf0115f\">\n<div class=\"flex w-full flex-col gap-1 juice:empty:hidden juice:first:pt-[3px]\">\n<div class=\"markdown prose w-full break-words dark:prose-invert light\">\n<div style=\"box-sizing: inherit; font-family: Roboto, sans-serif;\">\n<div style=\"box-sizing: inherit; font-family: Roboto, sans-serif;\">\n<div style=\"box-sizing: inherit; font-family: Roboto, sans-serif;\">\n<div style=\"box-sizing: inherit; font-family: Roboto, sans-serif;\">\n<div style=\"box-sizing: inherit; font-family: Roboto, sans-serif;\">\n<div style=\"box-sizing: inherit; font-family: Roboto, sans-serif;\">\n<h2 class=\"p1\">Bolsa antigrasa<\/h2>\n<div style=\"box-sizing: inherit; font-family: Roboto, sans-serif;\">\n<div style=\"box-sizing: inherit; font-family: Roboto, sans-serif;\">\n<div style=\"box-sizing: inherit; font-family: Roboto, sans-serif;\">\n<div style=\"text-align: center;\">\n<div style=\"box-sizing: inherit; font-family: Roboto, sans-serif;\">\n<div style=\"box-sizing: inherit; font-family: Roboto, sans-serif;\">\n<div style=\"box-sizing: inherit; font-family: Roboto, sans-serif;\">\n<div style=\"box-sizing: inherit; font-family: Roboto, sans-serif;\">\n<div style=\"box-sizing: inherit; font-family: Roboto, sans-serif;\">\n<div style=\"box-sizing: inherit; font-family: Roboto, sans-serif; text-align: left;\">\n<hr>\n<h3 style=\"text-align: left;\">Descripci\u00f3n de nuestra bolsa de papel antigrasa con apertura por las 2 caras \u00abNews\u00bb 15,5 x 15 cm por 1000<\/h3>\n<h3 style=\"text-align: left;\"><!--more--><\/h3>\n<\/div>\n<\/div>\n<\/div>\n<\/div>\n<\/div>\n<\/div>\n<\/div>\n<\/div>\n<\/div>\n<\/div>\n<\/div>\n<\/div>\n<\/div>\n<\/div>\n<\/div>\n<\/div>\n<\/div>\n<\/div>\n<\/div>\n<\/div>\n<\/div>\n<\/div>\n<\/div>\n<\/div>\n<\/div>\n<\/div>\n<\/div>\n<\/div>\n<\/div>\n<\/div>\n<\/div>\n<\/div>\n<\/div>\n<div style=\"box-sizing: inherit; font-family: Roboto, sans-serif;\">\n<div style=\"box-sizing: inherit; font-family: Roboto, sans-serif;\">\n<div style=\"box-sizing: inherit; font-family: Roboto, sans-serif;\">\n<div style=\"box-sizing: inherit; font-family: Roboto, sans-serif;\">\n<div style=\"box-sizing: inherit; font-family: Roboto, sans-serif;\">\n<div style=\"box-sizing: inherit; font-family: Roboto, sans-serif;\">\n<div style=\"box-sizing: inherit; font-family: Roboto, sans-serif;\">\n<div style=\"box-sizing: inherit; font-family: Roboto, sans-serif;\">\n<div style=\"box-sizing: inherit; font-family: Roboto, sans-serif;\">\n<div style=\"box-sizing: inherit; font-family: Roboto, sans-serif;\">\n<div style=\"box-sizing: inherit; font-family: Roboto, sans-serif;\">\n<div style=\"box-sizing: inherit; font-family: Roboto, sans-serif;\">\n<div style=\"box-sizing: inherit; font-family: Roboto, sans-serif;\">\n<div class=\"flex flex-grow flex-col max-w-full\">\n<div class=\"min-h-[20px] text-message flex flex-col items-start whitespace-pre-wrap break-words [.text-message+&amp;]:mt-5 juice:w-full juice:items-end overflow-x-auto gap-2\" dir=\"auto\" data-message-author-role=\"assistant\" data-message-id=\"2034782e-88f9-44ef-b4dc-07dd7bf0115f\">\n<div class=\"flex w-full flex-col gap-1 juice:empty:hidden juice:first:pt-[3px]\">\n<div class=\"markdown prose w-full break-words dark:prose-invert light\">\n<div style=\"box-sizing: inherit; font-family: Roboto, sans-serif;\">\n<div style=\"box-sizing: inherit; font-family: Roboto, sans-serif;\">\n<div style=\"box-sizing: inherit; font-family: Roboto, sans-serif;\">\n<div style=\"box-sizing: inherit; font-family: Roboto, sans-serif;\">\n<div style=\"box-sizing: inherit; font-family: Roboto, sans-serif;\">\n<div style=\"box-sizing: inherit; font-family: Roboto, sans-serif;\">\n<p data-start=\"317\" data-end=\"677\">Esta <strong>bolsa antigrasa \u00abNews\u00bb<\/strong> lo tiene todo para convertirse en un indispensable en el mostrador. A primera vista, su <strong>estampado tipo papel de peri\u00f3dico<\/strong> aporta un estilo original y moderno, sin dejar de ser sencillo y eficaz. Aporta car\u00e1cter a sus productos de inmediato, sin exagerar. Resultado: sus <strong>hamburguesas<\/strong>, <strong>s\u00e1ndwiches<\/strong> o <strong>aperitivos<\/strong> se realzan desde el servicio.   <\/p>\n<p data-start=\"679\" data-end=\"1007\">Gracias a su <strong data-start=\"691\" data-end=\"714\">papel antigrasa<\/strong>, los alimentos permanecen bien protegidos. Las <strong>salsas<\/strong>, el <strong>queso<\/strong> o las <strong>grasas<\/strong> no lo traspasan, lo que permite mantener las manos limpias y el producto bien presentado. Es mucho m\u00e1s agradable para el cliente, sobre todo cuando come de paso. Y eso lo cambia todo en la experiencia.   <\/p>\n<p data-start=\"1009\" data-end=\"1355\">Su <strong data-start=\"1013\" data-end=\"1041\">apertura en dos caras<\/strong> facilita el servicio. Puede deslizar r\u00e1pidamente el producto al interior, sin perder tiempo, incluso en plena hora punta. El formato <strong data-start=\"1165\" data-end=\"1181\">15,5 x 15 cm<\/strong> es perfecto para <strong>hamburguesas<\/strong>, <strong>wraps cortados<\/strong>, <strong>boller\u00eda salada<\/strong> o <strong>snacks calientes<\/strong>. Mantiene el producto sin aplastarlo, a la vez que permite un agarre c\u00f3modo.   <\/p>\n<p data-start=\"1357\" data-end=\"1583\">Se vende <strong data-start=\"1363\" data-end=\"1382\">en lotes de 1000 unidades<\/strong>, esta bolsa est\u00e1 pensada para los profesionales que tienen mucho volumen de trabajo: aperitivos, comida r\u00e1pida, food trucks, cervecer\u00edas o puestos de eventos. Asegure su stock y gane en tranquilidad en su d\u00eda a d\u00eda. <\/p>\n<p data-start=\"1585\" data-end=\"1754\">En resumen, esta <strong>bolsa antigrasa de papel de peri\u00f3dico \u00abNews\u00bb<\/strong> no es solo un simple embalaje. Combina estilo, practicidad e higiene, a la vez que aporta un verdadero valor a\u00f1adido a sus ventas para llevar. <\/p>\n<p>&nbsp;<\/p>\n<p><!--more--><\/p>\n<h4 style=\"text-align: left;\">Ventajas :<\/h4>\n<ul style=\"text-align: left;\">\n<li><strong data-start=\"1950\" data-end=\"1966\">Antigrasa<\/strong>: conserva sus alimentos sin que pierdan aceite.<\/li>\n<li><strong data-start=\"2015\" data-end=\"2035\">Doble apertura<\/strong>: servicio r\u00e1pido y c\u00f3modo.<\/li>\n<li><strong data-start=\"2070\" data-end=\"2088\">Dise\u00f1o vintage<\/strong>: efecto peri\u00f3dico para un estilo original.<\/li>\n<li><strong data-start=\"2133\" data-end=\"2147\">Ecol\u00f3gico<\/strong>: papel reciclable y respetuoso con el medio ambiente.<\/li>\n<li><strong data-start=\"2205\" data-end=\"2228\">Embalaje profesional<\/strong>: paquete econ\u00f3mico de 1000 sobres.<\/li>\n<\/ul>\n<\/div>\n<\/div>\n<\/div>\n<\/div>\n<\/div>\n<\/div>\n<\/div>\n<\/div>\n<\/div>\n<\/div>\n<\/div>\n<\/div>\n<p>&nbsp;<\/p>\n<\/div>\n<\/div>\n<\/div>\n<\/div>\n<\/div>\n<\/div>\n<\/div>\n<\/div>\n<\/div>\n<\/div>\n<\/div>\n<p><!--more--><\/p>\n<h4>Informaci\u00f3n adicional :<\/h4>\n<ul style=\"box-sizing: inherit; font-family: Roboto, sans-serif;\">\n<li><strong>Envase<\/strong>: Paquete de 1000<\/li>\n<li><span style=\"font-weight: bold;\">Dimensiones <\/span>: 15,5 x 15 cm<\/li>\n<li><strong>Color<\/strong>: blanco peri\u00f3dico<\/li>\n<li><strong>N\u00famero de aperturas<\/strong>: 2 lados<\/li>\n<\/ul>\n<p>&nbsp;<\/p>\n<\/div>\n<\/div>\n<p><!--more--><\/p>\n<div style=\"font-family: Roboto, sans-serif;\">\n<div style=\"font-family: Roboto, sans-serif;\">\n<div style=\"box-sizing: inherit; font-family: Roboto, sans-serif;\">\n<div style=\"box-sizing: inherit; font-family: Roboto, sans-serif;\">\n<div style=\"box-sizing: inherit; font-family: Roboto, sans-serif;\">\n<div style=\"box-sizing: inherit; font-family: Roboto, sans-serif;\">\n<div style=\"box-sizing: inherit; font-family: Roboto, sans-serif;\">\n<div style=\"box-sizing: inherit; font-family: Roboto, sans-serif;\">\n<p>Esta bolsa antigrasa est\u00e1 disponible en varios tama\u00f1os: <span style=\"color: #d12727;\"><a style=\"color: #d12727;\" href=\"https:\/\/www.csj-emballages.com\/es\/produit\/bolsa-de-papel-sulfurizado-news-de-2-caras-125-x-12-cm-paquete-de-1000\/\">12,5 x 12 cm<\/a><\/span> \/ <span style=\"color: #d12727;\"><a style=\"color: #d12727;\" href=\"https:\/\/www.csj-emballages.com\/es\/produit\/bolsa-de-papel-sulfurizado-news-de-2-caras-185-x-18-cm-paquete-de-1000\/\">18,5 x 18 cm<\/a><\/span><\/p>\n<p><!--more--><\/p>\n<p><a href=\"https:\/\/www.csj-emballages.com\/es\/categorie-produit\/envasado-de-alimentos\/catering-es\/bolsas-y-papel\/papel-sulfurizado\/\">Ver el resto de nuestra gama de papeles sulfurizados<\/a><\/p>\n<\/div>\n<\/div>\n<\/div>\n<\/div>\n<\/div>\n<\/div>\n<\/div>\n<\/div>\n","protected":false},"excerpt":{"rendered":"<p>Bolsa antigrasa Descripci\u00f3n de nuestra bolsa de papel antigrasa con apertura por las 2 caras \u00abNews\u00bb 15,5 x 15 cm por 1000<\/p>\n","protected":false},"featured_media":243877,"template":"","meta":{"_acf_changed":false},"product_brand":[],"product_cat":[1150,1179,3880,3032,3420,3439],"product_tag":[],"class_list":{"0":"post-243878","1":"product","2":"type-product","3":"status-publish","4":"has-post-thumbnail","6":"product_cat-envasado-de-alimentos","7":"product_cat-catering-es","8":"product_cat-bolsas-y-papel","9":"product_cat-papel-sulfurizado","10":"product_cat-bolsas-para-tortitas","11":"product_cat-bolsas-para-hamburguesas","13":"first","14":"outofstock","15":"taxable","16":"shipping-taxable","17":"purchasable","18":"product-type-simple"},"acf":[],"yoast_head":"<!-- This site is optimized with the Yoast SEO Premium plugin v26.6 (Yoast SEO v26.6) - https:\/\/yoast.com\/wordpress\/plugins\/seo\/ -->\n<title>News&quot; Bolsa de papel sulfurizado de 2 caras 15,5 x 15 cm<\/title>\n<meta name=\"description\" content=\"Bolsa de papel antigrasa &quot;News&quot;, 15,5 x 15 cm. Apertura por las dos caras, pr\u00e1ctica, reciclable y con un moderno dise\u00f1o de peri\u00f3dico. Paquete de 1000 unidades.\" \/>\n<meta name=\"robots\" content=\"index, follow, max-snippet:-1, max-image-preview:large, max-video-preview:-1\" \/>\n<link rel=\"canonical\" href=\"https:\/\/www.csj-emballages.com\/es\/produit\/bolsa-de-papel-sulfurizado-news-de-2-caras-155-x-15-cm-paquete-de-1000\/\" \/>\n<meta property=\"og:locale\" content=\"es_ES\" \/>\n<meta property=\"og:type\" content=\"article\" \/>\n<meta property=\"og:title\" content=\"Bolsa de papel sulfurizado &quot;News&quot; de 2 caras 15,5 x 15 cm, paquete de 1000\" \/>\n<meta property=\"og:description\" content=\"Bolsa de papel antigrasa &quot;News&quot;, 15,5 x 15 cm. Apertura por las dos caras, pr\u00e1ctica, reciclable y con un moderno dise\u00f1o de peri\u00f3dico. Paquete de 1000 unidades.\" \/>\n<meta property=\"og:url\" content=\"https:\/\/www.csj-emballages.com\/es\/produit\/bolsa-de-papel-sulfurizado-news-de-2-caras-155-x-15-cm-paquete-de-1000\/\" \/>\n<meta property=\"og:site_name\" content=\"CSJ Emballages\" \/>\n<meta property=\"article:publisher\" content=\"https:\/\/www.facebook.com\/csjemballages\" \/>\n<meta property=\"article:modified_time\" content=\"2026-05-07T06:01:55+00:00\" \/>\n<meta property=\"og:image\" content=\"https:\/\/www.csj-emballages.com\/wp-content\/uploads\/2025\/09\/SC15NEWS.webp\" \/>\n\t<meta property=\"og:image:width\" content=\"800\" \/>\n\t<meta property=\"og:image:height\" content=\"800\" \/>\n\t<meta property=\"og:image:type\" content=\"image\/webp\" \/>\n<meta name=\"twitter:card\" content=\"summary_large_image\" \/>\n<meta name=\"twitter:label1\" content=\"Tiempo de lectura\" \/>\n\t<meta name=\"twitter:data1\" content=\"2 minutos\" \/>\n<script type=\"application\/ld+json\" class=\"yoast-schema-graph\">{\"@context\":\"https:\/\/schema.org\",\"@graph\":[{\"@type\":\"WebPage\",\"@id\":\"https:\/\/www.csj-emballages.com\/es\/produit\/bolsa-de-papel-sulfurizado-news-de-2-caras-155-x-15-cm-paquete-de-1000\/\",\"url\":\"https:\/\/www.csj-emballages.com\/es\/produit\/bolsa-de-papel-sulfurizado-news-de-2-caras-155-x-15-cm-paquete-de-1000\/\",\"name\":\"News\\\" Bolsa de papel sulfurizado de 2 caras 15,5 x 15 cm\",\"isPartOf\":{\"@id\":\"https:\/\/www.csj-emballages.com\/es\/#website\"},\"primaryImageOfPage\":{\"@id\":\"https:\/\/www.csj-emballages.com\/es\/produit\/bolsa-de-papel-sulfurizado-news-de-2-caras-155-x-15-cm-paquete-de-1000\/#primaryimage\"},\"image\":{\"@id\":\"https:\/\/www.csj-emballages.com\/es\/produit\/bolsa-de-papel-sulfurizado-news-de-2-caras-155-x-15-cm-paquete-de-1000\/#primaryimage\"},\"thumbnailUrl\":\"https:\/\/www.csj-emballages.com\/wp-content\/uploads\/2025\/09\/SC15NEWS.webp\",\"datePublished\":\"2025-09-15T07:53:27+00:00\",\"dateModified\":\"2026-05-07T06:01:55+00:00\",\"description\":\"Bolsa de papel antigrasa \\\"News\\\", 15,5 x 15 cm. Apertura por las dos caras, pr\u00e1ctica, reciclable y con un moderno dise\u00f1o de peri\u00f3dico. Paquete de 1000 unidades.\",\"breadcrumb\":{\"@id\":\"https:\/\/www.csj-emballages.com\/es\/produit\/bolsa-de-papel-sulfurizado-news-de-2-caras-155-x-15-cm-paquete-de-1000\/#breadcrumb\"},\"inLanguage\":\"es\",\"potentialAction\":[{\"@type\":\"ReadAction\",\"target\":[\"https:\/\/www.csj-emballages.com\/es\/produit\/bolsa-de-papel-sulfurizado-news-de-2-caras-155-x-15-cm-paquete-de-1000\/\"]}]},{\"@type\":\"ImageObject\",\"inLanguage\":\"es\",\"@id\":\"https:\/\/www.csj-emballages.com\/es\/produit\/bolsa-de-papel-sulfurizado-news-de-2-caras-155-x-15-cm-paquete-de-1000\/#primaryimage\",\"url\":\"https:\/\/www.csj-emballages.com\/wp-content\/uploads\/2025\/09\/SC15NEWS.webp\",\"contentUrl\":\"https:\/\/www.csj-emballages.com\/wp-content\/uploads\/2025\/09\/SC15NEWS.webp\",\"width\":800,\"height\":800,\"caption\":\"Sachet ingraissable\"},{\"@type\":\"BreadcrumbList\",\"@id\":\"https:\/\/www.csj-emballages.com\/es\/produit\/bolsa-de-papel-sulfurizado-news-de-2-caras-155-x-15-cm-paquete-de-1000\/#breadcrumb\",\"itemListElement\":[{\"@type\":\"ListItem\",\"position\":1,\"name\":\"Accueil\",\"item\":\"https:\/\/www.csj-emballages.com\/es\/universo-del-envasado-alimentario\/\"},{\"@type\":\"ListItem\",\"position\":2,\"name\":\"Tienda\",\"item\":\"https:\/\/www.csj-emballages.com\/tienda\/\"},{\"@type\":\"ListItem\",\"position\":3,\"name\":\"Bolsa de papel sulfurizado \u00ab\u00a0News\u00a0\u00bb de 2 caras 15,5 x 15 cm, paquete de 1000\"}]},{\"@type\":\"WebSite\",\"@id\":\"https:\/\/www.csj-emballages.com\/es\/#website\",\"url\":\"https:\/\/www.csj-emballages.com\/es\/\",\"name\":\"CSJ Emballages\",\"description\":\"\",\"publisher\":{\"@id\":\"https:\/\/www.csj-emballages.com\/es\/#organization\"},\"potentialAction\":[{\"@type\":\"SearchAction\",\"target\":{\"@type\":\"EntryPoint\",\"urlTemplate\":\"https:\/\/www.csj-emballages.com\/es\/?s={search_term_string}\"},\"query-input\":{\"@type\":\"PropertyValueSpecification\",\"valueRequired\":true,\"valueName\":\"search_term_string\"}}],\"inLanguage\":\"es\"},{\"@type\":\"Organization\",\"@id\":\"https:\/\/www.csj-emballages.com\/es\/#Organization\/\",\"name\":\"CSJ Emballages\",\"url\":\"https:\/\/www.csj-emballages.com\/es\/\",\"logo\":{\"@type\":\"ImageObject\",\"inLanguage\":\"es\",\"@id\":\"https:\/\/www.csj-emballages.com\/es\/#\/schema\/logo\/image\/\",\"url\":\"https:\/\/www.csj-emballages.com\/wp-content\/uploads\/2023\/10\/logo_csj.webp\",\"contentUrl\":\"https:\/\/www.csj-emballages.com\/wp-content\/uploads\/2023\/10\/logo_csj.webp\",\"width\":250,\"height\":95,\"caption\":\"CSJ Emballages\"},\"image\":{\"@id\":\"https:\/\/www.csj-emballages.com\/es\/#\/schema\/logo\/image\/\"},\"sameAs\":[\"https:\/\/www.facebook.com\/csjemballages\"],\"address\":{\"@type\":\"PostalAddress\",\"streetAddress\":\"ZI La Lechere\",\"addressLocality\":\"Patornay\",\"postalCode\":\"39130\",\"addressCountry\":\"FR\"},\"contactPoint\":[{\"@type\":\"ContactPoint\",\"contactType\":\"Service client\",\"telephone\":\"0384254272\",\"email\":\"contact@csj-emballages.com\"}]}]}<\/script>\n<!-- \/ Yoast SEO Premium plugin. -->","yoast_head_json":{"title":"News\" Bolsa de papel sulfurizado de 2 caras 15,5 x 15 cm","description":"Bolsa de papel antigrasa \"News\", 15,5 x 15 cm. Apertura por las dos caras, pr\u00e1ctica, reciclable y con un moderno dise\u00f1o de peri\u00f3dico. Paquete de 1000 unidades.","robots":{"index":"index","follow":"follow","max-snippet":"max-snippet:-1","max-image-preview":"max-image-preview:large","max-video-preview":"max-video-preview:-1"},"canonical":"https:\/\/www.csj-emballages.com\/es\/produit\/bolsa-de-papel-sulfurizado-news-de-2-caras-155-x-15-cm-paquete-de-1000\/","og_locale":"es_ES","og_type":"article","og_title":"Bolsa de papel sulfurizado \"News\" de 2 caras 15,5 x 15 cm, paquete de 1000","og_description":"Bolsa de papel antigrasa \"News\", 15,5 x 15 cm. Apertura por las dos caras, pr\u00e1ctica, reciclable y con un moderno dise\u00f1o de peri\u00f3dico. Paquete de 1000 unidades.","og_url":"https:\/\/www.csj-emballages.com\/es\/produit\/bolsa-de-papel-sulfurizado-news-de-2-caras-155-x-15-cm-paquete-de-1000\/","og_site_name":"CSJ Emballages","article_publisher":"https:\/\/www.facebook.com\/csjemballages","article_modified_time":"2026-05-07T06:01:55+00:00","og_image":[{"width":800,"height":800,"url":"https:\/\/www.csj-emballages.com\/wp-content\/uploads\/2025\/09\/SC15NEWS.webp","type":"image\/webp"}],"twitter_card":"summary_large_image","twitter_misc":{"Tiempo de lectura":"2 minutos"},"schema":{"@context":"https:\/\/schema.org","@graph":[{"@type":"WebPage","@id":"https:\/\/www.csj-emballages.com\/es\/produit\/bolsa-de-papel-sulfurizado-news-de-2-caras-155-x-15-cm-paquete-de-1000\/","url":"https:\/\/www.csj-emballages.com\/es\/produit\/bolsa-de-papel-sulfurizado-news-de-2-caras-155-x-15-cm-paquete-de-1000\/","name":"News\" Bolsa de papel sulfurizado de 2 caras 15,5 x 15 cm","isPartOf":{"@id":"https:\/\/www.csj-emballages.com\/es\/#website"},"primaryImageOfPage":{"@id":"https:\/\/www.csj-emballages.com\/es\/produit\/bolsa-de-papel-sulfurizado-news-de-2-caras-155-x-15-cm-paquete-de-1000\/#primaryimage"},"image":{"@id":"https:\/\/www.csj-emballages.com\/es\/produit\/bolsa-de-papel-sulfurizado-news-de-2-caras-155-x-15-cm-paquete-de-1000\/#primaryimage"},"thumbnailUrl":"https:\/\/www.csj-emballages.com\/wp-content\/uploads\/2025\/09\/SC15NEWS.webp","datePublished":"2025-09-15T07:53:27+00:00","dateModified":"2026-05-07T06:01:55+00:00","description":"Bolsa de papel antigrasa \"News\", 15,5 x 15 cm. Apertura por las dos caras, pr\u00e1ctica, reciclable y con un moderno dise\u00f1o de peri\u00f3dico. Paquete de 1000 unidades.","breadcrumb":{"@id":"https:\/\/www.csj-emballages.com\/es\/produit\/bolsa-de-papel-sulfurizado-news-de-2-caras-155-x-15-cm-paquete-de-1000\/#breadcrumb"},"inLanguage":"es","potentialAction":[{"@type":"ReadAction","target":["https:\/\/www.csj-emballages.com\/es\/produit\/bolsa-de-papel-sulfurizado-news-de-2-caras-155-x-15-cm-paquete-de-1000\/"]}]},{"@type":"ImageObject","inLanguage":"es","@id":"https:\/\/www.csj-emballages.com\/es\/produit\/bolsa-de-papel-sulfurizado-news-de-2-caras-155-x-15-cm-paquete-de-1000\/#primaryimage","url":"https:\/\/www.csj-emballages.com\/wp-content\/uploads\/2025\/09\/SC15NEWS.webp","contentUrl":"https:\/\/www.csj-emballages.com\/wp-content\/uploads\/2025\/09\/SC15NEWS.webp","width":800,"height":800,"caption":"Sachet ingraissable"},{"@type":"BreadcrumbList","@id":"https:\/\/www.csj-emballages.com\/es\/produit\/bolsa-de-papel-sulfurizado-news-de-2-caras-155-x-15-cm-paquete-de-1000\/#breadcrumb","itemListElement":[{"@type":"ListItem","position":1,"name":"Accueil","item":"https:\/\/www.csj-emballages.com\/es\/universo-del-envasado-alimentario\/"},{"@type":"ListItem","position":2,"name":"Tienda","item":"https:\/\/www.csj-emballages.com\/tienda\/"},{"@type":"ListItem","position":3,"name":"Bolsa de papel sulfurizado \u00ab\u00a0News\u00a0\u00bb de 2 caras 15,5 x 15 cm, paquete de 1000"}]},{"@type":"WebSite","@id":"https:\/\/www.csj-emballages.com\/es\/#website","url":"https:\/\/www.csj-emballages.com\/es\/","name":"CSJ Emballages","description":"","publisher":{"@id":"https:\/\/www.csj-emballages.com\/es\/#organization"},"potentialAction":[{"@type":"SearchAction","target":{"@type":"EntryPoint","urlTemplate":"https:\/\/www.csj-emballages.com\/es\/?s={search_term_string}"},"query-input":{"@type":"PropertyValueSpecification","valueRequired":true,"valueName":"search_term_string"}}],"inLanguage":"es"},{"@type":"Organization","@id":"https:\/\/www.csj-emballages.com\/es\/#Organization\/","name":"CSJ Emballages","url":"https:\/\/www.csj-emballages.com\/es\/","logo":{"@type":"ImageObject","inLanguage":"es","@id":"https:\/\/www.csj-emballages.com\/es\/#\/schema\/logo\/image\/","url":"https:\/\/www.csj-emballages.com\/wp-content\/uploads\/2023\/10\/logo_csj.webp","contentUrl":"https:\/\/www.csj-emballages.com\/wp-content\/uploads\/2023\/10\/logo_csj.webp","width":250,"height":95,"caption":"CSJ Emballages"},"image":{"@id":"https:\/\/www.csj-emballages.com\/es\/#\/schema\/logo\/image\/"},"sameAs":["https:\/\/www.facebook.com\/csjemballages"],"address":{"@type":"PostalAddress","streetAddress":"ZI La Lechere","addressLocality":"Patornay","postalCode":"39130","addressCountry":"FR"},"contactPoint":[{"@type":"ContactPoint","contactType":"Service client","telephone":"0384254272","email":"contact@csj-emballages.com"}]}]}},"df_price":17.93,"df_sale_price":"","df_regular_price":17.93,"df_image_link":"https:\/\/www.csj-emballages.com\/wp-content\/uploads\/2025\/09\/SC15NEWS-300x300.webp","tiered_pricing_type":"fixed","tiered_pricing_fixed_rules":[],"tiered_pricing_percentage_rules":[],"tiered_pricing_minimum":1,"tiered_pricing_roles_data":[],"_links":{"self":[{"href":"https:\/\/www.csj-emballages.com\/es\/wp-json\/wp\/v2\/product\/243878","targetHints":{"allow":["GET"]}}],"collection":[{"href":"https:\/\/www.csj-emballages.com\/es\/wp-json\/wp\/v2\/product"}],"about":[{"href":"https:\/\/www.csj-emballages.com\/es\/wp-json\/wp\/v2\/types\/product"}],"wp:featuredmedia":[{"embeddable":true,"href":"https:\/\/www.csj-emballages.com\/es\/wp-json\/wp\/v2\/media\/243877"}],"wp:attachment":[{"href":"https:\/\/www.csj-emballages.com\/es\/wp-json\/wp\/v2\/media?parent=243878"}],"wp:term":[{"taxonomy":"product_brand","embeddable":true,"href":"https:\/\/www.csj-emballages.com\/es\/wp-json\/wp\/v2\/product_brand?post=243878"},{"taxonomy":"product_cat","embeddable":true,"href":"https:\/\/www.csj-emballages.com\/es\/wp-json\/wp\/v2\/product_cat?post=243878"},{"taxonomy":"product_tag","embeddable":true,"href":"https:\/\/www.csj-emballages.com\/es\/wp-json\/wp\/v2\/product_tag?post=243878"}],"curies":[{"name":"wp","href":"https:\/\/api.w.org\/{rel}","templated":true}]}}