{"id":243451,"date":"2025-09-15T09:56:15","date_gmt":"2025-09-15T07:56:15","guid":{"rendered":"https:\/\/www.csj-emballages.com\/produit\/bandeja-de-plastico-precintable-de-1500-ml-por-100\/"},"modified":"2026-04-18T02:17:30","modified_gmt":"2026-04-18T00:17:30","slug":"bandeja-de-plastico-precintable-de-1500-ml-por-100","status":"publish","type":"product","link":"https:\/\/www.csj-emballages.com\/es\/produit\/bandeja-de-plastico-precintable-de-1500-ml-por-100\/","title":{"rendered":"Bandeja de pl\u00e1stico precintable de 1500 ml por 100"},"content":{"rendered":"<h2 class=\"p1\">Bandeja precintable<\/h2>\n<hr>\n<h3>Descripci\u00f3n de nuestra bandeja de pl\u00e1stico precintable de 1500 ml por 100<\/h3>\n<p><!--more--><\/p>\n<p data-start=\"0\" data-end=\"545\">Descubra la <strong data-start=\"43\" data-end=\"84\">bandeja de pl\u00e1stico precintable de 1500 ml<\/strong>, el aliado ideal para sus preparaciones culinarias para llevar o guardar. Fabricada en <strong data-start=\"170\" data-end=\"192\">polipropileno (PP)<\/strong> de alta calidad, esta <strong data-start=\"217\" data-end=\"246\">bandeja termosellable<\/strong> <strong data-start=\"267\" data-end=\"311\">resiste temperaturas de -20\u00b0C a +120\u00b0C<\/strong>, por lo que puede utilizarse tanto en congeladores como en microondas. Gracias a su <strong data-start=\"398\" data-end=\"414\">transparencia<\/strong>, resalta sus platos, ya sean fr\u00edos o calientes, al tiempo que ofrece una presentaci\u00f3n cuidada que atraer\u00e1 a sus clientes.<\/p>\n<p data-start=\"547\" data-end=\"1116\">Con <strong data-start=\"556\" data-end=\"586\">unas dimensiones de 192 \u00d7 138 mm<\/strong> y <strong data-start=\"593\" data-end=\"613\">una altura de 90 mm<\/strong>, esta generosa bandeja de <strong data-start=\"653\" data-end=\"665\">1.500 ml<\/strong> puede utilizarse para envasar porciones abundantes, perfectas para comidas familiares, catering o men\u00fas para llevar. Su <strong data-start=\"804\" data-end=\"827\">tapa sellable<\/strong> (l\u00e1mina no incluida) garantiza un cierre herm\u00e9tico, para que sus salsas permanezcan en su sitio y no se filtren durante el transporte. Adem\u00e1s, su robustez y resistencia a los golpes la convierten en una soluci\u00f3n fiable para los profesionales.<\/p>\n<p data-start=\"1118\" data-end=\"1507\">Al elegir esta <strong>bandeja precintable<\/strong>, est\u00e1 optando por una log\u00edstica simplificada: es <strong data-start=\"1203\" data-end=\"1216\">apilable<\/strong>, lo que facilita su almacenamiento y optimiza el espacio en su cocina o almac\u00e9n. Su material reciclable tambi\u00e9n contribuye a un planteamiento m\u00e1s respetuoso con el medio ambiente, un argumento que cada vez convence a m\u00e1s consumidores sensibles a la necesidad de reducir los residuos pl\u00e1sticos.<\/p>\n<p data-start=\"1509\" data-end=\"1801\">En resumen, esta <strong data-start=\"1526\" data-end=\"1567\">bandeja transl\u00facida termosellable<\/strong> combina <strong data-start=\"1576\" data-end=\"1589\">practicidad<\/strong>, <strong data-start=\"1591\" data-end=\"1615\">seguridad alimentaria<\/strong> y <strong data-start=\"1619\" data-end=\"1633\">est\u00e9tica<\/strong>. En resumen, mantiene intactos los sabores al tiempo que mejora la calidad de sus preparaciones.<\/p>\n<p data-start=\"1367\" data-end=\"1669\"><!--more--><\/p>\n<h4 data-start=\"1367\" data-end=\"1669\">Ventajas :<\/h4>\n<ul>\n<li data-start=\"1367\" data-end=\"1669\"><strong data-start=\"2024\" data-end=\"2044\">Gran capacidad de<\/strong> 1.500 ml para platos generosos.<\/li>\n<li data-start=\"1367\" data-end=\"1669\"><strong data-start=\"2081\" data-end=\"2105\">Resistencia t\u00e9rmica<\/strong> de -20\u00b0C a +120\u00b0C.<\/li>\n<li data-start=\"1367\" data-end=\"1669\"><strong data-start=\"2130\" data-end=\"2144\">Herm\u00e9ticamente cerrado<\/strong>: transporte sin fugas.<\/li>\n<li data-start=\"1367\" data-end=\"1669\"><strong data-start=\"2172\" data-end=\"2187\">Transl\u00facido<\/strong> para mostrar mejor los alimentos.<\/li>\n<li data-start=\"1367\" data-end=\"1669\"><strong data-start=\"2229\" data-end=\"2256\">Apilables y reciclables<\/strong> para un almacenamiento pr\u00e1ctico y responsable.<\/li>\n<\/ul>\n<p>&nbsp;<\/p>\n<p><!--more--><\/p>\n<h4>Informaci\u00f3n adicional :<\/h4>\n<ul>\n<li><strong>Embalaje<\/strong>: Paquete de 100<\/li>\n<li><strong>Dimensiones<\/strong>: 192 \u00d7 138 x 90 (L x A x A en mm)<\/li>\n<li><strong>Color<\/strong>: Transparente<\/li>\n<li><strong>Material<\/strong>: PP (Polipropileno)<\/li>\n<li><strong>Temperatura de funcionamiento<\/strong>: de -20 \u00b0C a +120 \u00b0C<\/li>\n<\/ul>\n<p>&nbsp;<\/p>\n<p><!--more--><\/p>\n<p>Esta bandeja precintable est\u00e1 disponible en diferentes tama\u00f1os: <span style=\"color: #d12727;\"><a style=\"color: #d12727;\" href=\"https:\/\/www.csj-emballages.com\/es\/produit\/100-bandejas-desechables-de-plastico-precintable-250-ml\/\">250 ml<\/a><\/span> \/ <span style=\"color: #d12727;\"><a style=\"color: #d12727;\" href=\"https:\/\/www.csj-emballages.com\/es\/produit\/120-bandejas-de-plastico-desechables-con-cierre-375-ml\/\">375 ml<\/a><\/span> \/ <span style=\"color: #d12727;\"><span style=\"color: #d12727;\"><a style=\"color: #d12727;\" href=\"https:\/\/www.csj-emballages.com\/es\/produit\/100-bandejas-desechables-de-plastico-precintable-500-ml\/\">500 ml<\/a><\/span> <span style=\"color: #000000;\">\/<\/span> <span style=\"color: #d12727;\"><a style=\"color: #d12727;\" href=\"https:\/\/www.csj-emballages.com\/es\/produit\/140-bandejas-de-plastico-desechables-con-cierre-750-ml\/\">750 ml<\/a><\/span> <span style=\"color: #000000;\">\/<\/span> <span style=\"color: #d12727;\"><a style=\"color: #d12727;\" href=\"https:\/\/www.csj-emballages.com\/es\/produit\/160-bandejas-desechables-de-plastico-precintable-1000-ml\/\">1000 ml<\/a><\/span><\/span><\/p>\n<p>&nbsp;<\/p>\n<p><!--more--><\/p>\n<p><a href=\"https:\/\/www.csj-emballages.com\/es\/categorie-produit\/envasado-de-alimentos\/carniceria-y-charcuteria\/bandejas-latas-y-tarros\/bandejas-latas-tarros-de-comida\/alphacel-bandejas-precintables\/bandejas-translucidas-precintables\/\">Ver el resto de nuestra gama de bandejas precintables<\/a><\/p>\n","protected":false},"excerpt":{"rendered":"<p>Bandeja precintable Descripci\u00f3n de nuestra bandeja de pl\u00e1stico precintable de 1500 ml por 100<\/p>\n","protected":false},"featured_media":243444,"template":"","meta":{"_acf_changed":false},"product_brand":[],"product_cat":[1150,1143,2296,1491,2246,3615],"product_tag":[],"class_list":{"0":"post-243451","1":"product","2":"type-product","3":"status-publish","4":"has-post-thumbnail","6":"product_cat-envasado-de-alimentos","7":"product_cat-carniceria-y-charcuteria","8":"product_cat-bandejas-latas-y-tarros","9":"product_cat-bandejas-latas-tarros-de-comida","10":"product_cat-alphacel-bandejas-precintables","11":"product_cat-bandejas-translucidas-precintables","13":"first","14":"instock","15":"taxable","16":"shipping-taxable","17":"purchasable","18":"product-type-simple"},"acf":[],"yoast_head":"<!-- This site is optimized with the Yoast SEO Premium plugin v26.6 (Yoast SEO v26.6) - https:\/\/yoast.com\/wordpress\/plugins\/seo\/ -->\n<title>Bandeja de pl\u00e1stico precintable 1500 ml por 100<\/title>\n<meta name=\"description\" content=\"Bandeja de pl\u00e1stico precintable de 1500 ml, resistente de -20\u00b0C a +120\u00b0C, ideal para platos fr\u00edos y calientes. Presentaci\u00f3n ordenada y almacenamiento optimizado.\" \/>\n<meta name=\"robots\" content=\"index, follow, max-snippet:-1, max-image-preview:large, max-video-preview:-1\" \/>\n<link rel=\"canonical\" href=\"https:\/\/www.csj-emballages.com\/es\/produit\/bandeja-de-plastico-precintable-de-1500-ml-por-100\/\" \/>\n<meta property=\"og:locale\" content=\"es_ES\" \/>\n<meta property=\"og:type\" content=\"article\" \/>\n<meta property=\"og:title\" content=\"Bandeja de pl\u00e1stico precintable de 1500 ml por 100\" \/>\n<meta property=\"og:description\" content=\"Bandeja de pl\u00e1stico precintable de 1500 ml, resistente de -20\u00b0C a +120\u00b0C, ideal para platos fr\u00edos y calientes. Presentaci\u00f3n ordenada y almacenamiento optimizado.\" \/>\n<meta property=\"og:url\" content=\"https:\/\/www.csj-emballages.com\/es\/produit\/bandeja-de-plastico-precintable-de-1500-ml-por-100\/\" \/>\n<meta property=\"og:site_name\" content=\"CSJ Emballages\" \/>\n<meta property=\"article:publisher\" content=\"https:\/\/www.facebook.com\/csjemballages\" \/>\n<meta property=\"article:modified_time\" content=\"2026-04-18T00:17:30+00:00\" \/>\n<meta property=\"og:image\" content=\"https:\/\/www.csj-emballages.com\/wp-content\/uploads\/2025\/09\/SEL1500.jpg\" \/>\n\t<meta property=\"og:image:width\" content=\"800\" \/>\n\t<meta property=\"og:image:height\" content=\"800\" \/>\n\t<meta property=\"og:image:type\" content=\"image\/jpeg\" \/>\n<meta name=\"twitter:card\" content=\"summary_large_image\" \/>\n<meta name=\"twitter:label1\" content=\"Tiempo de lectura\" \/>\n\t<meta name=\"twitter:data1\" content=\"2 minutos\" \/>\n<script type=\"application\/ld+json\" class=\"yoast-schema-graph\">{\"@context\":\"https:\/\/schema.org\",\"@graph\":[{\"@type\":\"WebPage\",\"@id\":\"https:\/\/www.csj-emballages.com\/es\/produit\/bandeja-de-plastico-precintable-de-1500-ml-por-100\/\",\"url\":\"https:\/\/www.csj-emballages.com\/es\/produit\/bandeja-de-plastico-precintable-de-1500-ml-por-100\/\",\"name\":\"Bandeja de pl\u00e1stico precintable 1500 ml por 100\",\"isPartOf\":{\"@id\":\"https:\/\/www.csj-emballages.com\/es\/#website\"},\"primaryImageOfPage\":{\"@id\":\"https:\/\/www.csj-emballages.com\/es\/produit\/bandeja-de-plastico-precintable-de-1500-ml-por-100\/#primaryimage\"},\"image\":{\"@id\":\"https:\/\/www.csj-emballages.com\/es\/produit\/bandeja-de-plastico-precintable-de-1500-ml-por-100\/#primaryimage\"},\"thumbnailUrl\":\"https:\/\/www.csj-emballages.com\/wp-content\/uploads\/2025\/09\/SEL1500.jpg\",\"datePublished\":\"2025-09-15T07:56:15+00:00\",\"dateModified\":\"2026-04-18T00:17:30+00:00\",\"description\":\"Bandeja de pl\u00e1stico precintable de 1500 ml, resistente de -20\u00b0C a +120\u00b0C, ideal para platos fr\u00edos y calientes. Presentaci\u00f3n ordenada y almacenamiento optimizado.\",\"breadcrumb\":{\"@id\":\"https:\/\/www.csj-emballages.com\/es\/produit\/bandeja-de-plastico-precintable-de-1500-ml-por-100\/#breadcrumb\"},\"inLanguage\":\"es\",\"potentialAction\":[{\"@type\":\"ReadAction\",\"target\":[\"https:\/\/www.csj-emballages.com\/es\/produit\/bandeja-de-plastico-precintable-de-1500-ml-por-100\/\"]}]},{\"@type\":\"ImageObject\",\"inLanguage\":\"es\",\"@id\":\"https:\/\/www.csj-emballages.com\/es\/produit\/bandeja-de-plastico-precintable-de-1500-ml-por-100\/#primaryimage\",\"url\":\"https:\/\/www.csj-emballages.com\/wp-content\/uploads\/2025\/09\/SEL1500.jpg\",\"contentUrl\":\"https:\/\/www.csj-emballages.com\/wp-content\/uploads\/2025\/09\/SEL1500.jpg\",\"width\":800,\"height\":800,\"caption\":\"Barquette scellable\"},{\"@type\":\"BreadcrumbList\",\"@id\":\"https:\/\/www.csj-emballages.com\/es\/produit\/bandeja-de-plastico-precintable-de-1500-ml-por-100\/#breadcrumb\",\"itemListElement\":[{\"@type\":\"ListItem\",\"position\":1,\"name\":\"Accueil\",\"item\":\"https:\/\/www.csj-emballages.com\/es\/universo-del-envasado-alimentario\/\"},{\"@type\":\"ListItem\",\"position\":2,\"name\":\"Tienda\",\"item\":\"https:\/\/www.csj-emballages.com\/tienda\/\"},{\"@type\":\"ListItem\",\"position\":3,\"name\":\"Bandeja de pl\u00e1stico precintable de 1500 ml por 100\"}]},{\"@type\":\"WebSite\",\"@id\":\"https:\/\/www.csj-emballages.com\/es\/#website\",\"url\":\"https:\/\/www.csj-emballages.com\/es\/\",\"name\":\"CSJ Emballages\",\"description\":\"\",\"publisher\":{\"@id\":\"https:\/\/www.csj-emballages.com\/es\/#organization\"},\"potentialAction\":[{\"@type\":\"SearchAction\",\"target\":{\"@type\":\"EntryPoint\",\"urlTemplate\":\"https:\/\/www.csj-emballages.com\/es\/?s={search_term_string}\"},\"query-input\":{\"@type\":\"PropertyValueSpecification\",\"valueRequired\":true,\"valueName\":\"search_term_string\"}}],\"inLanguage\":\"es\"},{\"@type\":\"Organization\",\"@id\":\"https:\/\/www.csj-emballages.com\/es\/#Organization\/\",\"name\":\"CSJ Emballages\",\"url\":\"https:\/\/www.csj-emballages.com\/es\/\",\"logo\":{\"@type\":\"ImageObject\",\"inLanguage\":\"es\",\"@id\":\"https:\/\/www.csj-emballages.com\/es\/#\/schema\/logo\/image\/\",\"url\":\"https:\/\/www.csj-emballages.com\/wp-content\/uploads\/2023\/10\/logo_csj.webp\",\"contentUrl\":\"https:\/\/www.csj-emballages.com\/wp-content\/uploads\/2023\/10\/logo_csj.webp\",\"width\":250,\"height\":95,\"caption\":\"CSJ Emballages\"},\"image\":{\"@id\":\"https:\/\/www.csj-emballages.com\/es\/#\/schema\/logo\/image\/\"},\"sameAs\":[\"https:\/\/www.facebook.com\/csjemballages\"],\"address\":{\"@type\":\"PostalAddress\",\"streetAddress\":\"ZI La Lechere\",\"addressLocality\":\"Patornay\",\"postalCode\":\"39130\",\"addressCountry\":\"FR\"},\"contactPoint\":[{\"@type\":\"ContactPoint\",\"contactType\":\"Service client\",\"telephone\":\"0384254272\",\"email\":\"contact@csj-emballages.com\"}]}]}<\/script>\n<!-- \/ Yoast SEO Premium plugin. -->","yoast_head_json":{"title":"Bandeja de pl\u00e1stico precintable 1500 ml por 100","description":"Bandeja de pl\u00e1stico precintable de 1500 ml, resistente de -20\u00b0C a +120\u00b0C, ideal para platos fr\u00edos y calientes. Presentaci\u00f3n ordenada y almacenamiento optimizado.","robots":{"index":"index","follow":"follow","max-snippet":"max-snippet:-1","max-image-preview":"max-image-preview:large","max-video-preview":"max-video-preview:-1"},"canonical":"https:\/\/www.csj-emballages.com\/es\/produit\/bandeja-de-plastico-precintable-de-1500-ml-por-100\/","og_locale":"es_ES","og_type":"article","og_title":"Bandeja de pl\u00e1stico precintable de 1500 ml por 100","og_description":"Bandeja de pl\u00e1stico precintable de 1500 ml, resistente de -20\u00b0C a +120\u00b0C, ideal para platos fr\u00edos y calientes. Presentaci\u00f3n ordenada y almacenamiento optimizado.","og_url":"https:\/\/www.csj-emballages.com\/es\/produit\/bandeja-de-plastico-precintable-de-1500-ml-por-100\/","og_site_name":"CSJ Emballages","article_publisher":"https:\/\/www.facebook.com\/csjemballages","article_modified_time":"2026-04-18T00:17:30+00:00","og_image":[{"width":800,"height":800,"url":"https:\/\/www.csj-emballages.com\/wp-content\/uploads\/2025\/09\/SEL1500.jpg","type":"image\/jpeg"}],"twitter_card":"summary_large_image","twitter_misc":{"Tiempo de lectura":"2 minutos"},"schema":{"@context":"https:\/\/schema.org","@graph":[{"@type":"WebPage","@id":"https:\/\/www.csj-emballages.com\/es\/produit\/bandeja-de-plastico-precintable-de-1500-ml-por-100\/","url":"https:\/\/www.csj-emballages.com\/es\/produit\/bandeja-de-plastico-precintable-de-1500-ml-por-100\/","name":"Bandeja de pl\u00e1stico precintable 1500 ml por 100","isPartOf":{"@id":"https:\/\/www.csj-emballages.com\/es\/#website"},"primaryImageOfPage":{"@id":"https:\/\/www.csj-emballages.com\/es\/produit\/bandeja-de-plastico-precintable-de-1500-ml-por-100\/#primaryimage"},"image":{"@id":"https:\/\/www.csj-emballages.com\/es\/produit\/bandeja-de-plastico-precintable-de-1500-ml-por-100\/#primaryimage"},"thumbnailUrl":"https:\/\/www.csj-emballages.com\/wp-content\/uploads\/2025\/09\/SEL1500.jpg","datePublished":"2025-09-15T07:56:15+00:00","dateModified":"2026-04-18T00:17:30+00:00","description":"Bandeja de pl\u00e1stico precintable de 1500 ml, resistente de -20\u00b0C a +120\u00b0C, ideal para platos fr\u00edos y calientes. Presentaci\u00f3n ordenada y almacenamiento optimizado.","breadcrumb":{"@id":"https:\/\/www.csj-emballages.com\/es\/produit\/bandeja-de-plastico-precintable-de-1500-ml-por-100\/#breadcrumb"},"inLanguage":"es","potentialAction":[{"@type":"ReadAction","target":["https:\/\/www.csj-emballages.com\/es\/produit\/bandeja-de-plastico-precintable-de-1500-ml-por-100\/"]}]},{"@type":"ImageObject","inLanguage":"es","@id":"https:\/\/www.csj-emballages.com\/es\/produit\/bandeja-de-plastico-precintable-de-1500-ml-por-100\/#primaryimage","url":"https:\/\/www.csj-emballages.com\/wp-content\/uploads\/2025\/09\/SEL1500.jpg","contentUrl":"https:\/\/www.csj-emballages.com\/wp-content\/uploads\/2025\/09\/SEL1500.jpg","width":800,"height":800,"caption":"Barquette scellable"},{"@type":"BreadcrumbList","@id":"https:\/\/www.csj-emballages.com\/es\/produit\/bandeja-de-plastico-precintable-de-1500-ml-por-100\/#breadcrumb","itemListElement":[{"@type":"ListItem","position":1,"name":"Accueil","item":"https:\/\/www.csj-emballages.com\/es\/universo-del-envasado-alimentario\/"},{"@type":"ListItem","position":2,"name":"Tienda","item":"https:\/\/www.csj-emballages.com\/tienda\/"},{"@type":"ListItem","position":3,"name":"Bandeja de pl\u00e1stico precintable de 1500 ml por 100"}]},{"@type":"WebSite","@id":"https:\/\/www.csj-emballages.com\/es\/#website","url":"https:\/\/www.csj-emballages.com\/es\/","name":"CSJ Emballages","description":"","publisher":{"@id":"https:\/\/www.csj-emballages.com\/es\/#organization"},"potentialAction":[{"@type":"SearchAction","target":{"@type":"EntryPoint","urlTemplate":"https:\/\/www.csj-emballages.com\/es\/?s={search_term_string}"},"query-input":{"@type":"PropertyValueSpecification","valueRequired":true,"valueName":"search_term_string"}}],"inLanguage":"es"},{"@type":"Organization","@id":"https:\/\/www.csj-emballages.com\/es\/#Organization\/","name":"CSJ Emballages","url":"https:\/\/www.csj-emballages.com\/es\/","logo":{"@type":"ImageObject","inLanguage":"es","@id":"https:\/\/www.csj-emballages.com\/es\/#\/schema\/logo\/image\/","url":"https:\/\/www.csj-emballages.com\/wp-content\/uploads\/2023\/10\/logo_csj.webp","contentUrl":"https:\/\/www.csj-emballages.com\/wp-content\/uploads\/2023\/10\/logo_csj.webp","width":250,"height":95,"caption":"CSJ Emballages"},"image":{"@id":"https:\/\/www.csj-emballages.com\/es\/#\/schema\/logo\/image\/"},"sameAs":["https:\/\/www.facebook.com\/csjemballages"],"address":{"@type":"PostalAddress","streetAddress":"ZI La Lechere","addressLocality":"Patornay","postalCode":"39130","addressCountry":"FR"},"contactPoint":[{"@type":"ContactPoint","contactType":"Service client","telephone":"0384254272","email":"contact@csj-emballages.com"}]}]}},"df_price":12.94,"df_sale_price":"","df_regular_price":12.94,"df_image_link":"https:\/\/www.csj-emballages.com\/wp-content\/uploads\/2025\/09\/SEL1500-300x300.jpg","tiered_pricing_type":"fixed","tiered_pricing_fixed_rules":[],"tiered_pricing_percentage_rules":[],"tiered_pricing_minimum":1,"tiered_pricing_roles_data":[],"_links":{"self":[{"href":"https:\/\/www.csj-emballages.com\/es\/wp-json\/wp\/v2\/product\/243451","targetHints":{"allow":["GET"]}}],"collection":[{"href":"https:\/\/www.csj-emballages.com\/es\/wp-json\/wp\/v2\/product"}],"about":[{"href":"https:\/\/www.csj-emballages.com\/es\/wp-json\/wp\/v2\/types\/product"}],"wp:featuredmedia":[{"embeddable":true,"href":"https:\/\/www.csj-emballages.com\/es\/wp-json\/wp\/v2\/media\/243444"}],"wp:attachment":[{"href":"https:\/\/www.csj-emballages.com\/es\/wp-json\/wp\/v2\/media?parent=243451"}],"wp:term":[{"taxonomy":"product_brand","embeddable":true,"href":"https:\/\/www.csj-emballages.com\/es\/wp-json\/wp\/v2\/product_brand?post=243451"},{"taxonomy":"product_cat","embeddable":true,"href":"https:\/\/www.csj-emballages.com\/es\/wp-json\/wp\/v2\/product_cat?post=243451"},{"taxonomy":"product_tag","embeddable":true,"href":"https:\/\/www.csj-emballages.com\/es\/wp-json\/wp\/v2\/product_tag?post=243451"}],"curies":[{"name":"wp","href":"https:\/\/api.w.org\/{rel}","templated":true}]}}